{"id":3922,"date":"2024-03-18T06:10:14","date_gmt":"2024-03-18T06:10:14","guid":{"rendered":"https:\/\/3dp.45612300.xyz\/product\/t15-powder\/"},"modified":"2024-03-18T06:10:14","modified_gmt":"2024-03-18T06:10:14","slug":"t15-powder","status":"publish","type":"product","link":"https:\/\/3dpmetal.com\/pt\/product\/t15-powder\/","title":{"rendered":"T15 Powder"},"content":{"rendered":"<p><span style=\"vertical-align: inherit;\"><span style=\"vertical-align: inherit;\"><\/p>\n<h2>Vis\u00e3o geral do T15 Powder<\/h2>\n<p class=\"whitespace-pre-wrap\">O p\u00f3 T15 \u00e9 um p\u00f3 de carboneto cimentado de tungst\u00eanio-cobalto que proporciona uma combina\u00e7\u00e3o excepcional de dureza, resist\u00eancia e tenacidade. Ele cont\u00e9m uma alta porcentagem de carboneto de tungst\u00eanio juntamente com 15% de cobalto como fase de liga\u00e7\u00e3o.<\/p>\n<p class=\"whitespace-pre-wrap\">Principais propriedades e vantagens do p\u00f3 T15:<\/p>\n<p class=\"whitespace-pre-wrap\"><strong>T15 Propriedades e Caracter\u00edsticas do p\u00f3<\/strong><\/p>\n<table>\n<thead>\n<tr>\n<th>Propriedades<\/th>\n<th>Detalhes<\/th>\n<\/tr>\n<\/thead>\n<tbody>\n<tr>\n<td>Composi\u00e7\u00e3o<\/td>\n<td>85% WC com ligante de 15% Co<\/td>\n<\/tr>\n<tr>\n<td>Densidade<\/td>\n<td>13,0 - 14,5 g\/cc<\/td>\n<\/tr>\n<tr>\n<td>Forma da part\u00edcula<\/td>\n<td>Arredondado, multifacetado<\/td>\n<\/tr>\n<tr>\n<td>Intervalo de tamanho<\/td>\n<td>0,5 a 15 micra<\/td>\n<\/tr>\n<tr>\n<td>Dureza<\/td>\n<td>88-93 HRA durante a sinteriza\u00e7\u00e3o<\/td>\n<\/tr>\n<tr>\n<td>Resist\u00eancia transversal \u00e0 ruptura<\/td>\n<td>550-650 MPa<\/td>\n<\/tr>\n<\/tbody>\n<\/table>\n<p class=\"whitespace-pre-wrap\">As part\u00edculas de carboneto de tungst\u00eanio ultraduras mantidas juntas em uma matriz de cobalto tornam o T15 ideal para as condi\u00e7\u00f5es mais extremas de desgaste e abras\u00e3o nos setores industrial, de minera\u00e7\u00e3o e constru\u00e7\u00e3o.<\/p>\n<h2>Composi\u00e7\u00e3o do P\u00f3 T15<\/h2>\n<p class=\"whitespace-pre-wrap\">Composi\u00e7\u00e3o t\u00edpica do T15 em p\u00f3 de carboneto cimentado:<\/p>\n<p class=\"whitespace-pre-wrap\"><strong>Composi\u00e7\u00e3o do P\u00f3 T15<\/strong><\/p>\n<table>\n<thead>\n<tr>\n<th>Componente<\/th>\n<th>Peso %<\/th>\n<\/tr>\n<\/thead>\n<tbody>\n<tr>\n<td>Carboneto de tungst\u00eanio (WC)<\/td>\n<td>84-86%<\/td>\n<\/tr>\n<tr>\n<td>Cobalto (Co)<\/td>\n<td>14-16%<\/td>\n<\/tr>\n<tr>\n<td>Carbono (C)<\/td>\n<td>0.8% no m\u00e1ximo<\/td>\n<\/tr>\n<tr>\n<td>Oxig\u00eanio (O)<\/td>\n<td>M\u00e1x. 0,5 %<\/td>\n<\/tr>\n<tr>\n<td>Ferro (Fe)<\/td>\n<td>m\u00e1x. de 0,3 %<\/td>\n<\/tr>\n<tr>\n<td>N\u00edquel (Ni)<\/td>\n<td>m\u00e1x. de 0,3 %<\/td>\n<\/tr>\n<\/tbody>\n<\/table>\n<ul class=\"list-disc pl-8 space-y-2\">\n<li class=\"whitespace-normal\">Carbeto de tungst\u00eanio oferece extrema dureza e resist\u00eancia ao desgaste<\/li>\n<li class=\"whitespace-normal\">O cobalto age como aglutinante tenaz e d\u00factil que mant\u00e9m as part\u00edculas de WC unidas<\/li>\n<li class=\"whitespace-normal\">Carbono e oxig\u00eanio presentes como impurezas.<\/li>\n<li class=\"whitespace-normal\">Rastrear ferro e n\u00edquel em mat\u00e9rias-primas<\/li>\n<\/ul>\n<p class=\"whitespace-pre-wrap\">A rela\u00e7\u00e3o WC-Co otimizada oferece a melhor combina\u00e7\u00e3o de dureza, tenacidade \u00e0 fratura e resist\u00eancia a impactos necess\u00e1ria em aplica\u00e7\u00f5es de desgaste.<\/p>\n<h2>T15 Propiedades F\u00edsicas do P\u00f3<\/h2>\n<p class=\"whitespace-pre-wrap\"><strong>T15 Propiedades F\u00edsicas do P\u00f3<\/strong><\/p>\n<table>\n<thead>\n<tr>\n<th>Propriedade<\/th>\n<th>Valores<\/th>\n<\/tr>\n<\/thead>\n<tbody>\n<tr>\n<td>Densidade<\/td>\n<td>13,0 - 14,5 g\/cc<\/td>\n<\/tr>\n<tr>\n<td>Ponto de Fus\u00e3o<\/td>\n<td>2870\u00a1\u00abC (WC) e 1496\u00a1\u00abC (Co)<\/td>\n<\/tr>\n<tr>\n<td>Condutividade t\u00e9rmica<\/td>\n<td>60-100 W\/mK<\/td>\n<\/tr>\n<tr>\n<td>Resistividade el\u00e9trica<\/td>\n<td>25-35 x 45-55 cm<\/td>\n<\/tr>\n<tr>\n<td>Coeficiente de expans\u00e3o t\u00e9rmica<\/td>\n<td>4,5-6,0 x 10^-6 \/K<\/td>\n<\/tr>\n<tr>\n<td>Temperatura m\u00e1xima de servi\u00e7o<\/td>\n<td>500\u00b0C no ar<\/td>\n<\/tr>\n<\/tbody>\n<\/table>\n<ul class=\"list-disc pl-8 space-y-2\">\n<li class=\"whitespace-normal\">Densidade muito elevada permite uso em componentes compactos e miniaturizados<\/li>\n<li class=\"whitespace-normal\">CTE muito baixo reduz tens\u00f5es t\u00e9rmicas e distor\u00e7\u00e3o<\/li>\n<li class=\"whitespace-normal\">Pode suportar um servi\u00e7o cont\u00ednuo at\u00e9 500 \u00a1\u00abC<\/li>\n<li class=\"whitespace-normal\">Uma boa condutividade t\u00e9rmica reduz os gradientes de temperatura.<\/li>\n<\/ul>\n<p class=\"whitespace-pre-wrap\">Estas propriedades tornam o T15 adequado para condi\u00e7\u00f5es de abras\u00e3o severa e for\u00e7a de impacto repetida encontradas em ambientes de minera\u00e7\u00e3o, perfura\u00e7\u00e3o e constru\u00e7\u00e3o.<\/p>\n<h2>T15 Propriedades Mec\u00e2nicas do P\u00f3<\/h2>\n<p class=\"whitespace-pre-wrap\"><strong>T15 Propriedades Mec\u00e2nicas do P\u00f3<\/strong><\/p>\n<table>\n<thead>\n<tr>\n<th>Propriedade<\/th>\n<th>Valores<\/th>\n<\/tr>\n<\/thead>\n<tbody>\n<tr>\n<td>Dureza<\/td>\n<td>88-93 HRA<\/td>\n<\/tr>\n<tr>\n<td>Resist\u00eancia transversal \u00e0 ruptura<\/td>\n<td>550-650 MPa<\/td>\n<\/tr>\n<tr>\n<td>Resist\u00eancia \u00e0 Compress\u00e3o<\/td>\n<td>5500-6200 MPa<\/td>\n<\/tr>\n<tr>\n<td>Tenacidade \u00e0 fratura<\/td>\n<td>10-12 MPa.m 1\/2<\/td>\n<\/tr>\n<tr>\n<td>M\u00f3dulo de Young<\/td>\n<td>550-650 GPa<\/td>\n<\/tr>\n<tr>\n<td>Resist\u00eancia ao impacto<\/td>\n<td>350-900 kJ\/m2<\/td>\n<\/tr>\n<\/tbody>\n<\/table>\n<ul class=\"list-disc pl-8 space-y-2\">\n<li class=\"whitespace-normal\">Dureza extrema proporciona resist\u00eancia a desgaste e abras\u00e3o<\/li>\n<li class=\"whitespace-normal\">Resist\u00eancia \u00e0 compress\u00e3o muito alta que suporta for\u00e7as de esmagamento<\/li>\n<li class=\"whitespace-normal\">Tenacidade e resist\u00eancia ao impacto razo\u00e1veis \u00e0 fratura<\/li>\n<li class=\"whitespace-normal\">Dureza e resist\u00eancia determinadas pelo tamanho e distribui\u00e7\u00e3o de part\u00edculas de WC<\/li>\n<\/ul>\n<p class=\"whitespace-pre-wrap\">Esta excepcional combina\u00e7\u00e3o de dureza, for\u00e7a e tenacidade faz com que o T15 seja adequado para as mais severas condi\u00e7\u00f5es de desgaste por impacto, abras\u00e3o e eros\u00e3o.<\/p>\n<h2>Aplica\u00e7\u00f5es do p\u00f3 T15<\/h2>\n<p class=\"whitespace-pre-wrap\">Aplica\u00e7\u00f5es t\u00edpicas de p\u00f3 de carboneto de tungst\u00eanio-cobalto T15 incluem:<\/p>\n<p class=\"whitespace-pre-wrap\"><strong>Aplica\u00e7\u00f5es do p\u00f3 T15<\/strong><\/p>\n<table>\n<thead>\n<tr>\n<th>Ind\u00fastria<\/th>\n<th>Usos de Exemplo<\/th>\n<\/tr>\n<\/thead>\n<tbody>\n<tr>\n<td>Minera\u00e7\u00e3o<\/td>\n<td>Carret\u00e9is para perfuratrizes de rochas e bicos de jato de abrasivo<\/td>\n<\/tr>\n<tr>\n<td>Constru\u00e7\u00e3o<\/td>\n<td>Ferramentas de demoli\u00e7\u00e3o, trituradores de rocha.<\/td>\n<\/tr>\n<tr>\n<td>Fabrica\u00e7\u00e3o<\/td>\n<td>Matriz para conforma\u00e7\u00e3o, pe\u00e7as trefiladas<\/td>\n<\/tr>\n<tr>\n<td>Petr\u00f3leo e g\u00e1s<\/td>\n<td>Estabilizadores, motores de fundo de po\u00e7o<\/td>\n<\/tr>\n<tr>\n<td>Geral<\/td>\n<td>Ferramentas de corte e usinagem<\/td>\n<\/tr>\n<\/tbody>\n<\/table>\n<p class=\"whitespace-pre-wrap\">Alguns usos espec\u00edficos do produto:<\/p>\n<ul class=\"list-disc pl-8 space-y-2\">\n<li class=\"whitespace-normal\">Brocas de perfura\u00e7\u00e3o de rocha percussiva, ferramentas de perfura\u00e7\u00e3o de minas.<\/li>\n<li class=\"whitespace-normal\">Pe\u00e7as de bomba de polpa altamente abrasivas como eixos, impulsores<\/li>\n<li class=\"whitespace-normal\">Matrizes de extrus\u00e3o para fabrica\u00e7\u00e3o de tijolos e cer\u00e2mica.<\/li>\n<li class=\"whitespace-normal\">Componentes resistentes ao desgaste em equipamentos de jacto de areia<\/li>\n<li class=\"whitespace-normal\">L\u00e2minas de corte, facas, dentes de serra necessitando de extrema dureza.<\/li>\n<\/ul>\n<p class=\"whitespace-pre-wrap\">A dureza e o desempenho de desgaste inigual\u00e1veis do T15 tornam-no a melhor escolha para equipamentos utilizados nas condi\u00e7\u00f5es mais severas de abras\u00e3o por impacto em todos os setores industriais.<\/p>\n<h2>Especifica\u00e7\u00f5es de p\u00f3 T15<\/h2>\n<p class=\"whitespace-pre-wrap\">Especifica\u00e7\u00f5es principais do p\u00f3 de metal duro cimentado T15:<\/p>\n<p class=\"whitespace-pre-wrap\"><strong>Padr\u00f5es de p\u00f3 T15<\/strong><\/p>\n<table>\n<thead>\n<tr>\n<th>Padr\u00e3o<\/th>\n<th>Descri\u00e7\u00e3o<\/th>\n<\/tr>\n<\/thead>\n<tbody>\n<tr>\n<td>ISO 513<\/td>\n<td>Classifica\u00e7\u00e3o e aplica\u00e7\u00e3o de carbonetos cimentados<\/td>\n<\/tr>\n<tr>\n<td>ASTM B276<\/td>\n<td>P\u00f3s de carboneto de tungst\u00eanio de cobalto e metais duros<\/td>\n<\/tr>\n<tr>\n<td>JIS G 4053<\/td>\n<td>Metais duros sinterizados<\/td>\n<\/tr>\n<tr>\n<td>GB\/T 4661-2006<\/td>\n<td>Padr\u00e3o chin\u00eas para carbonetos cimentados<\/td>\n<\/tr>\n<\/tbody>\n<\/table>\n<p class=\"whitespace-pre-wrap\">Esses definem:<\/p>\n<ul class=\"list-disc pl-8 space-y-2\">\n<li class=\"whitespace-normal\">Composi\u00e7\u00e3o qu\u00edmica &#8211; teor de Co e WC<\/li>\n<li class=\"whitespace-normal\">Tamanho do gr\u00e3o de carboneto e distribui\u00e7\u00e3o do tamanho das part\u00edculas de p\u00f3<\/li>\n<li class=\"whitespace-normal\">Propriedades mec\u00e2nicas necess\u00e1rias<\/li>\n<li class=\"whitespace-normal\">Impurezas aceit\u00e1veis<\/li>\n<li class=\"whitespace-normal\">M\u00e9todos de produ\u00e7\u00e3o aprovados como carbura\u00e7\u00e3o e redu\u00e7\u00e3o-difus\u00e3o<\/li>\n<\/ul>\n<p class=\"whitespace-pre-wrap\">Conhecer essas especifica\u00e7\u00f5es garante a combina\u00e7\u00e3o ideal de dureza, resist\u00eancia e tenacidade para o m\u00e1ximo desempenho de desgaste.<\/p>\n<h2>Tamanhos das Part\u00edculas do P\u00f3 T15<\/h2>\n<p class=\"whitespace-pre-wrap\"><strong>Distribui\u00e7\u00e3o do Tamanho de Part\u00edculas em P\u00f3 T15<\/strong><\/p>\n<table>\n<thead>\n<tr>\n<th>Tamanho da part\u00edcula<\/th>\n<th>Caracter\u00edsticas<\/th>\n<\/tr>\n<\/thead>\n<tbody>\n<tr>\n<td>0,5-2 micra<\/td>\n<td>Grau ultrafino oferece superacabamento<\/td>\n<\/tr>\n<tr>\n<td>0,5-5 micron<\/td>\n<td>Intervalo submicrom\u00e9trico aumenta a tenacidade<\/td>\n<\/tr>\n<tr>\n<td>3\u201315 micra<\/td>\n<td>Tamanho mais comumente utilizado para propriedades \u00f3timas<\/td>\n<\/tr>\n<\/tbody>\n<\/table>\n<ul class=\"list-disc pl-8 space-y-2\">\n<li class=\"whitespace-normal\">P\u00f3s mais finos aumentam a dureza e o acabamento<\/li>\n<li class=\"whitespace-normal\">P\u00f3s mais \u00e1speros promovem a resist\u00eancia a fraturas e o impacto<\/li>\n<li class=\"whitespace-normal\">Distribui\u00e7\u00e3o do tamanho das part\u00edculas \u00e9 otimizada com base nas condi\u00e7\u00f5es de servi\u00e7o<\/li>\n<li class=\"whitespace-normal\">Ambos os p\u00f3s de carboneto esmagados e sinterizados usados<\/li>\n<\/ul>\n<p class=\"whitespace-pre-wrap\">Controlar a distribui\u00e7\u00e3o e a morfologia do tamanho das part\u00edculas otimiza propriedades e performance dos componentes finais.<\/p>\n<h2>M\u00e9todo de Produ\u00e7\u00e3o de P\u00f3 T15<\/h2>\n<p class=\"whitespace-pre-wrap\"><strong>Produ\u00e7\u00e3o de P\u00f3 T15<\/strong><\/p>\n<table>\n<thead>\n<tr>\n<th>M\u00e9todo<\/th>\n<th>Detalhes<\/th>\n<\/tr>\n<\/thead>\n<tbody>\n<tr>\n<td>Cementa\u00e7\u00e3o e redu\u00e7\u00e3o-difus\u00e3o<\/td>\n<td>Produz finos p\u00f3s esf\u00e9ricos<\/td>\n<\/tr>\n<tr>\n<td>Tritura\u00e7\u00e3o de material sinterizado<\/td>\n<td>Part\u00edculas angulares irregulares de baixo custo<\/td>\n<\/tr>\n<tr>\n<td>Fresagem<\/td>\n<td>Moagem de esferas usada para redu\u00e7\u00e3o do tamanho da part\u00edcula<\/td>\n<\/tr>\n<tr>\n<td>Secagem por atomiza\u00e7\u00e3o<\/td>\n<td>Processo de granula\u00e7\u00e3o e esferoidiza\u00e7\u00e3o<\/td>\n<\/tr>\n<tr>\n<td>Desgaseifica\u00e7\u00e3o<\/td>\n<td>Remove impurezas gasosas<\/td>\n<\/tr>\n<\/tbody>\n<\/table>\n<ul class=\"list-disc pl-8 space-y-2\">\n<li class=\"whitespace-normal\">A morfologia do p\u00f3 esf\u00e9rico proporciona alta densidade de acondicionamento<\/li>\n<li class=\"whitespace-normal\">P\u00f3s triturados t\u00eam menor custo de produ\u00e7\u00e3o<\/li>\n<li class=\"whitespace-normal\">Miling e spray drying usados para controle de tamanho de part\u00edculas<\/li>\n<li class=\"whitespace-normal\">A desgaseifica\u00e7\u00e3o otimiza a pureza do p\u00f3 e a microestrutura sinterizada<\/li>\n<\/ul>\n<p class=\"whitespace-pre-wrap\">Processos automatizados de produ\u00e7\u00e3o de alto volume resultam em mat\u00e9ria-prima consistente otimizada para o desempenho da pe\u00e7a.<\/p>\n<h2>Fixa\u00e7\u00e3o de Pre\u00e7os em P\u00f3 do T15<\/h2>\n<p class=\"whitespace-pre-wrap\"><strong>Fixa\u00e7\u00e3o de Pre\u00e7os em P\u00f3 do T15<\/strong><\/p>\n<table>\n<thead>\n<tr>\n<th>Fator<\/th>\n<th>Impacto no pre\u00e7o<\/th>\n<\/tr>\n<\/thead>\n<tbody>\n<tr>\n<td>\"Gradua\u00e7\u00e3o em p\u00f3\"<\/td>\n<td>Graus de pureza maiores custam mais<\/td>\n<\/tr>\n<tr>\n<td>Tamanho da part\u00edcula<\/td>\n<td>P\u00f3 ultrafino \u00e9 mais caro<\/td>\n<\/tr>\n<tr>\n<td>Quantidade do Pedido<\/td>\n<td>O pre\u00e7o diminui com volumes maiores<\/td>\n<\/tr>\n<tr>\n<td>M\u00e9todo de produ\u00e7\u00e3o<\/td>\n<td>M\u00e9todos complexos aumentam custo<\/td>\n<\/tr>\n<tr>\n<td>Embalagem<\/td>\n<td>Sacos ou latas especiais aumentam os custos<\/td>\n<\/tr>\n<\/tbody>\n<\/table>\n<p class=\"whitespace-pre-wrap\"><strong>Pre\u00e7o Indicativo<\/strong><\/p>\n<ul class=\"list-disc pl-8 space-y-2\">\n<li class=\"whitespace-normal\">P\u00f3 esf\u00e9rico T15: $45-60 por kg<\/li>\n<li class=\"whitespace-normal\">P\u00f3 T15 triturado: 35 a 45 d\u00f3lares por kg<\/li>\n<li class=\"whitespace-normal\">O pre\u00e7o a grande volume pode chegar a 20-30% abaixo do valor<\/li>\n<\/ul>\n<p class=\"whitespace-pre-wrap\">Os pre\u00e7os variam dependendo das caracter\u00edsticas do p\u00f3, m\u00e9todo de produ\u00e7\u00e3o, tamanho do pedido, embalagem e prazo de entrega.<\/p>\n<h2>Fornecedores de p\u00f3 T15<\/h2>\n<p class=\"whitespace-pre-wrap\"><strong>Fornecedores de p\u00f3 T15<\/strong><\/p>\n<table>\n<thead>\n<tr>\n<th>Empresa<\/th>\n<th>Local<\/th>\n<\/tr>\n<\/thead>\n<tbody>\n<tr>\n<td>Sandvik<\/td>\n<td>Su\u00e9cia<\/td>\n<\/tr>\n<tr>\n<td>Kennametal<\/td>\n<td>EUA<\/td>\n<\/tr>\n<tr>\n<td>H. C. Starck<\/td>\n<td>Alemanha<\/td>\n<\/tr>\n<tr>\n<td>Jingdong Novo Material<\/td>\n<td>China<\/td>\n<\/tr>\n<tr>\n<td>Zhuzhou Cemented Carbide Group<\/td>\n<td>China<\/td>\n<\/tr>\n<tr>\n<td>Materiais Toshiba<\/td>\n<td>Jap\u00e3o<\/td>\n<\/tr>\n<\/tbody>\n<\/table>\n<p class=\"whitespace-pre-wrap\">Fatores de sele\u00e7\u00e3o:<\/p>\n<ul class=\"list-disc pl-8 space-y-2\">\n<li class=\"whitespace-normal\">Graus de p\u00f3 e morfologias de part\u00edculas<\/li>\n<li class=\"whitespace-normal\">Capacidades de produ\u00e7\u00e3o e prazos de entrega<\/li>\n<li class=\"whitespace-normal\">Compet\u00eancia t\u00e9cnica e atendimento ao cliente<\/li>\n<li class=\"whitespace-normal\">Procedimentos de amostragem, teste e controle de qualidade<\/li>\n<li class=\"whitespace-normal\">N\u00edveis de Pre\u00e7os e Condi\u00e7\u00f5es de Pagamento<\/li>\n<li class=\"whitespace-normal\">Conformidade com padr\u00f5es internacionais de materiais<\/li>\n<\/ul>\n<h2>Manuseio e Armazenamento do P\u00f3 T15<\/h2>\n<p class=\"whitespace-pre-wrap\"><strong>Manuseio de p\u00f3 T15<\/strong><\/p>\n<table>\n<thead>\n<tr>\n<th>Recomenda\u00e7\u00e3o<\/th>\n<th>Raz\u00e3o<\/th>\n<\/tr>\n<\/thead>\n<tbody>\n<tr>\n<td>Use EPI e ventila\u00e7\u00e3o<\/td>\n<td>Prevenir a exposi\u00e7\u00e3o \u00e0s part\u00edculas finas<\/td>\n<\/tr>\n<tr>\n<td>Evite fontes de igni\u00e7\u00e3o<\/td>\n<td>O p\u00f3 pode inflamar-se se for superaquecido no ar<\/td>\n<\/tr>\n<tr>\n<td>Siga protocolos seguros<\/td>\n<td>Reduza riscos de sa\u00fade e inc\u00eandio<\/td>\n<\/tr>\n<tr>\n<td>Usar atmosfera inerte<\/td>\n<td>Previna a oxida\u00e7\u00e3o durante o processamento de p\u00f3<\/td>\n<\/tr>\n<tr>\n<td>Armazene os recipientes selados<\/td>\n<td>Impedir contamina\u00e7\u00e3o ou absor\u00e7\u00e3o<\/td>\n<\/tr>\n<\/tbody>\n<\/table>\n<p class=\"whitespace-pre-wrap\"><strong>Recomenda\u00e7\u00f5es de Armazenamento<\/strong><\/p>\n<ul class=\"list-disc pl-8 space-y-2\">\n<li class=\"whitespace-normal\">Armazene em recipientes est\u00e1veis e temperaturas ambientes<\/li>\n<li class=\"whitespace-normal\">Limite a exposi\u00e7\u00e3o \u00e0 umidade, \u00e1cidos, cloro<\/li>\n<li class=\"whitespace-normal\">Evite contamina\u00e7\u00e3o cruzada de outros p\u00f3s<\/li>\n<\/ul>\n<p class=\"whitespace-pre-wrap\">Precau\u00e7\u00f5es adequadas preservam a pureza do p\u00f3 e previnem quest\u00f5es de seguran\u00e7a durante o manuseio e o armazenamento.<\/p>\n<h2>T15 Inspe\u00e7\u00e3o e teste de p\u00f3lvora<\/h2>\n<p class=\"whitespace-pre-wrap\"><strong>Teste de P\u00f3 T15<\/strong><\/p>\n<table>\n<thead>\n<tr>\n<th>Teste<\/th>\n<th>Detalhes<\/th>\n<\/tr>\n<\/thead>\n<tbody>\n<tr>\n<td>An\u00e1lises qu\u00edmicas<\/td>\n<td>Verifica a composi\u00e7\u00e3o usando o ICP, o EDX ou o XRF<\/td>\n<\/tr>\n<tr>\n<td>Distribui\u00e7\u00e3o de Tamanho de Part\u00edculas<\/td>\n<td>An\u00e1lise por difra\u00e7\u00e3o a laser ou sedimenta\u00e7\u00e3o<\/td>\n<\/tr>\n<tr>\n<td>Morfologia de p\u00f3<\/td>\n<td>Imagem de MEV da forma de part\u00edcula<\/td>\n<\/tr>\n<tr>\n<td>Densidade Aparente<\/td>\n<td>Medido conforme a norma ASTM B212<\/td>\n<\/tr>\n<tr>\n<td>Densidade Batida<\/td>\n<td>Densidade medida ap\u00f3s batimento mec\u00e2nico<\/td>\n<\/tr>\n<tr>\n<td>Taxa de fluxo por corredor<\/td>\n<td>Determina a fluidez do p\u00f3<\/td>\n<\/tr>\n<\/tbody>\n<\/table>\n<p class=\"whitespace-pre-wrap\">O teste garante que o p\u00f3 atenda \u00e0 composi\u00e7\u00e3o qu\u00edmica, caracter\u00edsticas de part\u00edculas, morfologia, especifica\u00e7\u00f5es de densidade e fluidez exigidas conforme os padr\u00f5es relevantes.<\/p>\n<h2>Pr\u00f3s e Contras da T15 Powder<\/h2>\n<p class=\"whitespace-pre-wrap\"><strong>Vantagens do p\u00f3 T15<\/strong><\/p>\n<ul class=\"list-disc pl-8 space-y-2\">\n<li class=\"whitespace-normal\">Dureza, resist\u00eancia ao desgaste e for\u00e7a excepcionais<\/li>\n<li class=\"whitespace-normal\">Resiste alta compress\u00e3o sem fraturar<\/li>\n<li class=\"whitespace-normal\">Boa tenacidade de fratura e resist\u00eancia ao impacto<\/li>\n<li class=\"whitespace-normal\">Estabilidade dimensional sob cargas pesadas<\/li>\n<li class=\"whitespace-normal\">Resiste \u00e0 deforma\u00e7\u00e3o sob altas temperaturas<\/li>\n<li class=\"whitespace-normal\">Possibilita componentes menores e mais leves<\/li>\n<\/ul>\n<p class=\"whitespace-pre-wrap\"><strong>Limita\u00e7\u00f5es do P\u00f3 T15<\/strong><\/p>\n<ul class=\"list-disc pl-8 space-y-2\">\n<li class=\"whitespace-normal\">Dif\u00edcil de usinar ap\u00f3s a sinteriza\u00e7\u00e3o<\/li>\n<li class=\"whitespace-normal\">N\u00e3o indicado para aplica\u00e7\u00f5es de mancal din\u00e2mico<\/li>\n<li class=\"whitespace-normal\">Comportamento relativamente fr\u00e1gil<\/li>\n<li class=\"whitespace-normal\">Oxida\u00e7\u00e3o em altas temperaturas sem revestimentos de resist\u00eancia<\/li>\n<li class=\"whitespace-normal\">Custos de mat\u00e9ria-prima mais elevados do que p\u00f3s de a\u00e7o<\/li>\n<li class=\"whitespace-normal\">Requer experi\u00eancia especializada para um uso \u00f3timo<\/li>\n<\/ul>\n<h2>Compara\u00e7\u00e3o com Carboneto de Tungst\u00eanio-Carboneto de Tit\u00e2nio-Carboneto de T\u00e2ntalo<\/h2>\n<p class=\"whitespace-pre-wrap\"><strong>T15 vs WC-TiC-TaC<\/strong><\/p>\n<table>\n<thead>\n<tr>\n<th>Par\u00e2metros<\/th>\n<th>T15<\/th>\n<th>WC-TiC-TaC<\/th>\n<\/tr>\n<\/thead>\n<tbody>\n<tr>\n<td>Dureza<\/td>\n<td>88-93 HRA<\/td>\n<td>92-96 HRA<\/td>\n<\/tr>\n<tr>\n<td>Tenacidade \u00e0 fratura<\/td>\n<td>10-12 MPa.m 1\/2<\/td>\n<td>8-9 MPa.m^1 \/ 2<\/td>\n<\/tr>\n<tr>\n<td>For\u00e7a<\/td>\n<td>Muito alto<\/td>\n<td>Extremamente alto<\/td>\n<\/tr>\n<tr>\n<td>Custo<\/td>\n<td>Moderada<\/td>\n<td>Muito alto<\/td>\n<\/tr>\n<tr>\n<td>Resist\u00eancia \u00e0 corros\u00e3o<\/td>\n<td>Justo<\/td>\n<td>Excelente<\/td>\n<\/tr>\n<tr>\n<td>APLICA\u00c7\u00d5ES<\/td>\n<td>Pe\u00e7as de desgaste geral<\/td>\n<td>Abras\u00e3o e corros\u00e3o extremas<\/td>\n<\/tr>\n<\/tbody>\n<\/table>\n<ul class=\"list-disc pl-8 space-y-2\">\n<li class=\"whitespace-normal\">WC-TiC-TaC tem dureza e resist\u00eancia ligeiramente mais altas<\/li>\n<li class=\"whitespace-normal\">O T15 fornece uma dureza de fratura substancialmente melhor<\/li>\n<li class=\"whitespace-normal\">WC-TiC-TaC apresenta excelente resist\u00eancia \u00e0 corros\u00e3o<\/li>\n<li class=\"whitespace-normal\">O T15 \u00e9 mais econ\u00f4mico<\/li>\n<li class=\"whitespace-normal\">WC-TiC-TaC para aplica\u00e7\u00f5es mais cr\u00edticas e dispendiosas<\/li>\n<\/ul>\n<h2>Perguntas frequentes sobre o T15 Powder<\/h2>\n<p class=\"whitespace-pre-wrap\"><strong>P: Quais s\u00e3o as principais aplica\u00e7\u00f5es do p\u00f3 de cobalto do carboneto de tungst\u00eanio T15?<\/strong><\/p>\n<p class=\"whitespace-pre-wrap\">A: Principais aplica\u00e7\u00f5es incluem ferramentas de minera\u00e7\u00e3o, tais como brocas, britadoras de rocha e equipamentos de dragagem; ferramentas de constru\u00e7\u00e3o, tais como equipamentos de demoli\u00e7\u00e3o e pulveriza\u00e7\u00e3o; matrizes, pe\u00e7as de estampagem, ferramentas de extrus\u00e3o; componentes resistentes \u00e0 abras\u00e3o; e ferramentas gerais de corte e usinagem.<\/p>\n<p class=\"whitespace-pre-wrap\"><strong>Q: Por que o cobalto \u00e9 usado como ligante no grau de carboneto de tungst\u00eanio?<\/strong><\/p>\n<p class=\"whitespace-pre-wrap\">A: O cobalto proporciona boa resist\u00eancia \u00e0 corros\u00e3o, alta resist\u00eancia e dureza, e facilita a sinteriza\u00e7\u00e3o em fase l\u00edquida das part\u00edculas de carboneto de tungst\u00eanio durante a densifica\u00e7\u00e3o para atingir densidade total e propriedades ideais.<\/p>\n<p class=\"whitespace-pre-wrap\"><strong>P: Que tratamento t\u00e9rmico \u00e9 usado para as pe\u00e7as de cobalto de carboneto de tungst\u00eanio T15?<\/strong><\/p>\n<p class=\"whitespace-pre-wrap\">R: T15 n\u00e3o requer tratamento t\u00e9rmico p\u00f3s-sinteriza\u00e7\u00e3o. O processo de sinteriza\u00e7\u00e3o com fase l\u00edquida permite obter densidade total e as propriedades desejadas durante a pr\u00f3pria consolida\u00e7\u00e3o do p\u00f3.<\/p>\n<p class=\"whitespace-pre-wrap\"><strong>P: Como o p\u00f3 de cobalto de carboneto de tungst\u00e9nio T15 \u00e9 produzido?<\/strong><\/p>\n<p class=\"whitespace-pre-wrap\">R: Os principais m\u00e9todos de produ\u00e7\u00e3o incluem cementa\u00e7\u00e3o e redu\u00e7\u00e3o-difus\u00e3o para fazer p\u00f3s esf\u00e9ricos ou britamento e moagem de material de carboneto de tungst\u00eanio sinterizado em part\u00edculas irregulares. Esses p\u00f3s s\u00e3o ent\u00e3o misturados com p\u00f3 de cobalto na propor\u00e7\u00e3o desejada.<\/p>\n<div id=\"gtx-trans\" style=\"position: absolute; left: -76px; top: 49.8125px;\">\n<div class=\"gtx-trans-icon\"><\/div>\n<\/div>\n<p><\/span><\/span><\/p>","protected":false},"excerpt":{"rendered":"<p>Vis\u00e3o geral do p\u00f3 T15 O p\u00f3 T15 \u00e9 um p\u00f3 de carboneto de tungst\u00eanio-cobalto cimentado que fornece uma combina\u00e7\u00e3o excecional de dureza, resist\u00eancia e tenacidade. Ele cont\u00e9m uma elevada percentagem de carboneto de tungst\u00e9nio, juntamente com 15% cobalto como a fase aglutinante. Principais propriedades e vantagens do p\u00f3 T15: Propriedades e caracter\u00edsticas do p\u00f3 T15 Propriedades Detalhes das propriedades Composi\u00e7\u00e3o 85%...<\/p>","protected":false},"featured_media":1845,"parent":0,"template":"","meta":{"_acf_changed":false,"_kad_blocks_custom_css":"","_kad_blocks_head_custom_js":"","_kad_blocks_body_custom_js":"","_kad_blocks_footer_custom_js":"","_kad_post_transparent":"","_kad_post_title":"","_kad_post_layout":"","_kad_post_sidebar_id":"","_kad_post_content_style":"","_kad_post_vertical_padding":"","_kad_post_feature":"","_kad_post_feature_position":"","_kad_post_header":false,"_kad_post_footer":false,"_kad_post_classname":""},"product-category":[119,122],"class_list":["post-3922","product","type-product","status-publish","has-post-thumbnail","hentry","product-category-3d-printing-metal-powder","product-category-iron-based-alloy-powder"],"acf":[],"taxonomy_info":{"product-category":[{"value":119,"label":"3D Printing Metal Powder"},{"value":122,"label":"Iron Based Alloy Powder"}]},"featured_image_src_large":["https:\/\/3dpmetal.com\/wp-content\/uploads\/2024\/02\/T15-Powder.jpg",600,600,false],"author_info":[],"comment_info":"","_links":{"self":[{"href":"https:\/\/3dpmetal.com\/pt\/wp-json\/wp\/v2\/product\/3922","targetHints":{"allow":["GET"]}}],"collection":[{"href":"https:\/\/3dpmetal.com\/pt\/wp-json\/wp\/v2\/product"}],"about":[{"href":"https:\/\/3dpmetal.com\/pt\/wp-json\/wp\/v2\/types\/product"}],"wp:featuredmedia":[{"embeddable":true,"href":"https:\/\/3dpmetal.com\/pt\/wp-json\/wp\/v2\/media\/1845"}],"wp:attachment":[{"href":"https:\/\/3dpmetal.com\/pt\/wp-json\/wp\/v2\/media?parent=3922"}],"wp:term":[{"taxonomy":"product-category","embeddable":true,"href":"https:\/\/3dpmetal.com\/pt\/wp-json\/wp\/v2\/product-category?post=3922"}],"curies":[{"name":"wp","href":"https:\/\/api.w.org\/{rel}","templated":true}]}}