{"id":3929,"date":"2024-03-18T06:10:14","date_gmt":"2024-03-18T06:10:14","guid":{"rendered":"https:\/\/3dp.45612300.xyz\/product\/gh-3625-powder\/"},"modified":"2024-03-18T06:10:14","modified_gmt":"2024-03-18T06:10:14","slug":"gh-3625-powder","status":"publish","type":"product","link":"https:\/\/3dpmetal.com\/pt\/product\/gh-3625-powder\/","title":{"rendered":"GH 3625 em P\u00f3"},"content":{"rendered":"<p><span style=\"vertical-align: inherit;\"><span style=\"vertical-align: inherit;\"><\/p>\n<h2>Vis\u00e3o Geral do GH3625 em P\u00f3<\/h2>\n<p class=\"whitespace-pre-wrap\">O p\u00f3 do GH 3625 \u00e9 uma liga de base ferro-n\u00edquel que pode ser endurecido por envelhecimento, contendo 25% de cromo juntamente com adi\u00e7\u00f5es de molibd\u00eanio e alum\u00ednio. Ele proporciona uma combina\u00e7\u00e3o excepcional de alta resist\u00eancia, dureza, resist\u00eancia \u00e0 corros\u00e3o e resist\u00eancia \u00e0 oxida\u00e7\u00e3o a altas temperaturas.<\/p>\n<p class=\"whitespace-pre-wrap\">As principais propriedades e vantagens do p\u00f3 GH3625 incluem:<\/p>\n<p class=\"whitespace-pre-wrap\"><strong>Propriedades e caracter\u00edsticas do p\u00f3 GH3625<\/strong><\/p>\n<table>\n<thead>\n<tr>\n<th>Propriedades<\/th>\n<th>Detalhes<\/th>\n<\/tr>\n<\/thead>\n<tbody>\n<tr>\n<td>Composi\u00e7\u00e3o<\/td>\n<td>Liga Ni-25Cr-4,5Mo-3,5Al<\/td>\n<\/tr>\n<tr>\n<td>Densidade<\/td>\n<td>8,2 g\/cm\u00b3<\/td>\n<\/tr>\n<tr>\n<td>Forma da part\u00edcula<\/td>\n<td>Predominantemente esf\u00e9rico<\/td>\n<\/tr>\n<tr>\n<td>Intervalo de tamanho<\/td>\n<td>15-45 micr\u00f4metros<\/td>\n<\/tr>\n<tr>\n<td>Densidade Aparente<\/td>\n<td>At\u00e9 60% da densidade real<\/td>\n<\/tr>\n<tr>\n<td>Capacidade de escoamento<\/td>\n<td>Bom<\/td>\n<\/tr>\n<tr>\n<td>For\u00e7a<\/td>\n<td>Muito alta ap\u00f3s tratamento de envelhecimento<\/td>\n<\/tr>\n<tr>\n<td>Resist\u00eancia \u00e0 corros\u00e3o<\/td>\n<td>Excelente, incluindo corros\u00e3o por pites e fendas<\/td>\n<\/tr>\n<\/tbody>\n<\/table>\n<p class=\"whitespace-pre-wrap\">O GH3625 \u00e9 amplamente utilizado nos setores aeroespacial, de petr\u00f3leo e g\u00e1s, de processamento qu\u00edmico e de gera\u00e7\u00e3o de energia, que precisam de alta resist\u00eancia e resist\u00eancia \u00e0 corros\u00e3o em temperaturas elevadas.<\/p>\n<h2>Composi\u00e7\u00e3o da P\u00f3s GH3625<\/h2>\n<p class=\"whitespace-pre-wrap\">Typical composition of GH3625 nickel-chromium alloy powder:<\/p>\n<p class=\"whitespace-pre-wrap\"><strong>Composi\u00e7\u00e3o da P\u00f3s GH3625<\/strong><\/p>\n<table>\n<thead>\n<tr>\n<th>Elemento<\/th>\n<th>Peso %<\/th>\n<\/tr>\n<\/thead>\n<tbody>\n<tr>\n<td>N\u00edquel<\/td>\n<td>Equil\u00edbrio<\/td>\n<\/tr>\n<tr>\n<td>Cr\u00f3mio<\/td>\n<td>24-27%<\/td>\n<\/tr>\n<tr>\n<td>Molibd\u00eanio<\/td>\n<td>4-5%<\/td>\n<\/tr>\n<tr>\n<td>Alum\u00ednio<\/td>\n<td>3-4%<\/td>\n<\/tr>\n<tr>\n<td>Carbono<\/td>\n<td>0,1% m\u00e1x.<\/td>\n<\/tr>\n<tr>\n<td>Mangan\u00eas<\/td>\n<td>M\u00e1ximo 1%<\/td>\n<\/tr>\n<tr>\n<td>Sil\u00edcio<\/td>\n<td>M\u00e1x. 0,5 %<\/td>\n<\/tr>\n<tr>\n<td>Enxofre<\/td>\n<td>0,015% m\u00e1x<\/td>\n<\/tr>\n<\/tbody>\n<\/table>\n<ul class=\"list-disc pl-8 space-y-2\">\n<li class=\"whitespace-normal\">O n\u00edquel oferece resist\u00eancia \u00e0 corros\u00e3o e auxilia no endurecimento por precipita\u00e7\u00e3o<\/li>\n<li class=\"whitespace-normal\">O Chromium melhora significativamente a resist\u00eancia \u00e0 oxida\u00e7\u00e3o e \u00e0 corros\u00e3o<\/li>\n<li class=\"whitespace-normal\">O molibd\u00eanio e o alum\u00ednio facilitam o fortalecimento por precipita\u00e7\u00e3o<\/li>\n<li class=\"whitespace-normal\">Carbono e outros elementos limitados como impurezas<\/li>\n<\/ul>\n<p class=\"whitespace-pre-wrap\">A composi\u00e7\u00e3o \u00e9 otimizada para fornecer fortalecimento m\u00e1ximo pelo endurecimento por precipita\u00e7\u00e3o, assim como excelente resist\u00eancia \u00e0 corros\u00e3o e oxida\u00e7\u00e3o.<\/p>\n<p><img loading=\"lazy\" decoding=\"async\" class=\"size-medium wp-image-1409 aligncenter\" src=\"https:\/\/met3dp.com\/wp-content\/uploads\/2023\/09\/ed7a94ec-3c10-4b1b-87ed--300x300.jpg\" alt=\"GH 3625 powder\" width=\"300\" height=\"300\" title=\"\"><\/p>\n<h2>Propriedades F\u00edsicas do P\u00f3 GH3625<\/h2>\n<p class=\"whitespace-pre-wrap\"><strong>Propriedades F\u00edsicas do P\u00f3 GH3625<\/strong><\/p>\n<table>\n<thead>\n<tr>\n<th>Propriedade<\/th>\n<th>Valores<\/th>\n<\/tr>\n<\/thead>\n<tbody>\n<tr>\n<td>Densidade<\/td>\n<td>8,2 g\/cm\u00b3<\/td>\n<\/tr>\n<tr>\n<td>Ponto de Fus\u00e3o<\/td>\n<td>1390-1440,<\/td>\n<\/tr>\n<tr>\n<td>Condutividade t\u00e9rmica<\/td>\n<td>11 W\/mK<\/td>\n<\/tr>\n<tr>\n<td>Resistividade el\u00e9trica<\/td>\n<td>52 \u00c3\u2014\u00b4\u00ce-cm<\/td>\n<\/tr>\n<tr>\n<td>Coeficiente de expans\u00e3o t\u00e9rmica<\/td>\n<td>13,0 x 10^-6 \/K<\/td>\n<\/tr>\n<\/tbody>\n<\/table>\n<ul class=\"list-disc pl-8 space-y-2\">\n<li class=\"whitespace-normal\">Alta densidade em compara\u00e7\u00e3o com ligas de a\u00e7o e tit\u00e2nio<\/li>\n<li class=\"whitespace-normal\">Mant\u00e9m alta resist\u00eancia em temperaturas superiores a 1000\u00b0C<\/li>\n<li class=\"whitespace-normal\">A condutividade t\u00e9rmica relativamente baixa requer considera\u00e7\u00f5es de projeto<\/li>\n<li class=\"whitespace-normal\">CTE \u00e9 moderado e similar aos a\u00e7os inoxid\u00e1veis<\/li>\n<\/ul>\n<p class=\"whitespace-pre-wrap\">Estas propriedades tornam GH3625 apropriado para aplica\u00e7\u00f5es de alta resist\u00eancia em temperaturas elevadas que precisam resist\u00eancia \u00e0 corros\u00e3o.<\/p>\n<h2>Propriedades Mec\u00e2nicas do P\u00f3 GH3625<\/h2>\n<p class=\"whitespace-pre-wrap\"><strong>Propriedades Mec\u00e2nicas do P\u00f3 GH3625<\/strong><\/p>\n<table>\n<thead>\n<tr>\n<th>Propriedade<\/th>\n<th>Condi\u00e7\u00e3o<\/th>\n<th>Valores<\/th>\n<\/tr>\n<\/thead>\n<tbody>\n<tr>\n<td>Dureza<\/td>\n<td>Recozido de solu\u00e7\u00e3o<\/td>\n<td>35 HRC<\/td>\n<\/tr>\n<tr>\n<td>Dureza<\/td>\n<td>Pico envelhecido<\/td>\n<td>50-56 HRC<\/td>\n<\/tr>\n<tr>\n<td>Resist\u00eancia \u00e0 tra\u00e7\u00e3o<\/td>\n<td>Recozido<\/td>\n<td>1000 MPa<\/td>\n<\/tr>\n<tr>\n<td>Resist\u00eancia \u00e0 tra\u00e7\u00e3o<\/td>\n<td>Envelhecido<\/td>\n<td>1500-1800 MPa<\/td>\n<\/tr>\n<tr>\n<td>Resist\u00eancia ao escoamento<\/td>\n<td>Envelhecido<\/td>\n<td>1200-1600 MPa<\/td>\n<\/tr>\n<tr>\n<td>Elonga\u00e7\u00e3o<\/td>\n<td>Envelhecido<\/td>\n<td>10-15%<\/td>\n<\/tr>\n<\/tbody>\n<\/table>\n<ul class=\"list-disc pl-8 space-y-2\">\n<li class=\"whitespace-normal\">Idades para n\u00edveis de resist\u00eancia muito elevados, excedendo outras ligas endurecidas por precipita\u00e7\u00e3o<\/li>\n<li class=\"whitespace-normal\">Mant\u00e9m ductilidade razo\u00e1vel em condi\u00e7\u00e3o de envelhecimento de pico<\/li>\n<li class=\"whitespace-normal\">A dureza aumenta substancialmente ap\u00f3s o tratamento de envelhecimento<\/li>\n<li class=\"whitespace-normal\">A resist\u00eancia pode ser moldada por meio do tempo e temperatura de envelhecimento<\/li>\n<\/ul>\n<p class=\"whitespace-pre-wrap\">Essas propriedades tornam o GH3625 adequado para componentes que precisam de alta resist\u00eancia combinada com resist\u00eancia \u00e0 corros\u00e3o.<\/p>\n<h2>Aplica\u00e7\u00f5es do GH3625 em p\u00f3<\/h2>\n<p class=\"whitespace-pre-wrap\">As aplica\u00e7\u00f5es t\u00edpicas do p\u00f3 de liga de n\u00edquel-cromo GH3625 incluem:<\/p>\n<p class=\"whitespace-pre-wrap\"><strong>Aplica\u00e7\u00f5es do GH3625 em p\u00f3<\/strong><\/p>\n<table>\n<thead>\n<tr>\n<th>Ind\u00fastria<\/th>\n<th>Uso<\/th>\n<\/tr>\n<\/thead>\n<tbody>\n<tr>\n<td>Aeroespacial<\/td>\n<td>L\u00e2minas de turbina, parafusos, fixadores<\/td>\n<\/tr>\n<tr>\n<td>Petr\u00f3leo e g\u00e1s<\/td>\n<td>V\u00e1lvulas de cabe\u00e7a de po\u00e7o, ferramentas de fundo de po\u00e7o<\/td>\n<\/tr>\n<tr>\n<td>Processamento qu\u00edmico<\/td>\n<td>Parafusos para extrusoras, pe\u00e7as de v\u00e1lvulas<\/td>\n<\/tr>\n<tr>\n<td>Gera\u00e7\u00e3o de energia<\/td>\n<td>Componentes de caldeiras, turbinas a vapor e a g\u00e1s<\/td>\n<\/tr>\n<\/tbody>\n<\/table>\n<p class=\"whitespace-pre-wrap\">Algumas aplica\u00e7\u00f5es espec\u00edficas do produto incluem:<\/p>\n<ul class=\"list-disc pl-8 space-y-2\">\n<li class=\"whitespace-normal\">L\u00e2minas, discos e fixadores para motor de turbina aeroespacial<\/li>\n<li class=\"whitespace-normal\">Parafusagem para tubula\u00e7\u00e3o petroqu\u00edmica para altas temperaturas<\/li>\n<li class=\"whitespace-normal\">Componentes da v\u00e1lvula usados em ambientes qu\u00edmicos corrosivos<\/li>\n<li class=\"whitespace-normal\">Tubos e cabe\u00e7alhos de superaquecedor de caldeira<\/li>\n<li class=\"whitespace-normal\">P\u00e1s e fixadores da turbina a vapor<\/li>\n<\/ul>\n<p class=\"whitespace-pre-wrap\">GH3625 oferece for\u00e7a e resist\u00eancia \u00e0 corros\u00e3o excepcionais para componentes cr\u00edticos usados em temperaturas elevadas em ind\u00fastrias exigentes.<\/p>\n<h2>Especifica\u00e7\u00f5es do P\u00f3 GH3625<\/h2>\n<p class=\"whitespace-pre-wrap\">As principais especifica\u00e7\u00f5es para o p\u00f3 GH3625 incluem:<\/p>\n<p class=\"whitespace-pre-wrap\"><strong>Padr\u00f5es em P\u00f3 GH3625<\/strong><\/p>\n<table>\n<thead>\n<tr>\n<th>Padr\u00e3o<\/th>\n<th>Descri\u00e7\u00e3o<\/th>\n<\/tr>\n<\/thead>\n<tbody>\n<tr>\n<td>AMS 5815<\/td>\n<td>Composi\u00e7\u00f5es de p\u00f3 de liga de n\u00edquel<\/td>\n<\/tr>\n<tr>\n<td>AMS 5408<\/td>\n<td>Fio, hastes e barras de ligas de n\u00edquel com precipita\u00e7\u00e3o e endurecimento<\/td>\n<\/tr>\n<tr>\n<td>AMS 5698<\/td>\n<td>Fundidos de investimento de ligas de n\u00edquel PH<\/td>\n<\/tr>\n<tr>\n<td>AMS 5772<\/td>\n<td>Forjados de liga de n\u00edquel<\/td>\n<\/tr>\n<tr>\n<td>AMS 5634<\/td>\n<td>Formas extrudadas em liga de n\u00edquel<\/td>\n<\/tr>\n<\/tbody>\n<\/table>\n<p class=\"whitespace-pre-wrap\">Esses definem:<\/p>\n<ul class=\"list-disc pl-8 space-y-2\">\n<li class=\"whitespace-normal\">Limites da composi\u00e7\u00e3o qu\u00edmica do GH3625<\/li>\n<li class=\"whitespace-normal\">Propriedades mec\u00e2nicas de requisitos em diferentes condi\u00e7\u00f5es de tratamento t\u00e9rmico<\/li>\n<li class=\"whitespace-normal\">M\u00e9todo de produ\u00e7\u00e3o de p\u00f3 aprovado - atomiza\u00e7\u00e3o por g\u00e1s inerte.<\/li>\n<li class=\"whitespace-normal\">Limites de impureza para elementos cr\u00edticos<\/li>\n<li class=\"whitespace-normal\">Protocolos de testes de conformidade<\/li>\n<li class=\"whitespace-normal\">Instru\u00e7\u00f5es para utiliza\u00e7\u00e3o e armazenamento adequados<\/li>\n<\/ul>\n<p class=\"whitespace-pre-wrap\">Atender a estes requisitos de certifica\u00e7\u00e3o garante desempenho ideal.<\/p>\n<h2>Tamanhos das Part\u00edculas do P\u00f3 GH3625<\/h2>\n<p class=\"whitespace-pre-wrap\"><strong>GH3625 Distribui\u00e7\u00e3o do tamanho da part\u00edcula do p\u00f3<\/strong><\/p>\n<table>\n<thead>\n<tr>\n<th>Tamanho da part\u00edcula<\/th>\n<th>Caracter\u00edsticas<\/th>\n<\/tr>\n<\/thead>\n<tbody>\n<tr>\n<td>15-25 m\u00edcrons<\/td>\n<td>P\u00f3 ultrafino usado em processos de AM a laser<\/td>\n<\/tr>\n<tr>\n<td>25-45 micrometrose<\/td>\n<td>Faixa de tamanho para a maioria dos sistemas AM de leito de p\u00f3<\/td>\n<\/tr>\n<tr>\n<td>45-75 m\u00edcrons<\/td>\n<td>Tamanhos maiores usados em revestimento a laser<\/td>\n<\/tr>\n<\/tbody>\n<\/table>\n<ul class=\"list-disc pl-8 space-y-2\">\n<li class=\"whitespace-normal\">P\u00f3 mais fino proporciona mais resolu\u00e7\u00e3o e acabamento superficial<\/li>\n<li class=\"whitespace-normal\">P\u00f3 mais grosseiro adequado para processos de alta taxa de deposi\u00e7\u00e3o<\/li>\n<li class=\"whitespace-normal\">Distribui\u00e7\u00e3o do tamanho personalizada com base no m\u00e9todo AM usado<\/li>\n<li class=\"whitespace-normal\">Morfologia esf\u00e9rica mantida em quaisquer dimens\u00f5es<\/li>\n<\/ul>\n<p class=\"whitespace-pre-wrap\">O controle da distribui\u00e7\u00e3o do tamanho e da morfologia das part\u00edculas \u00e9 fundamental para o desempenho de FA, propriedades e qualidade da pe\u00e7a final.<\/p>\n<h2>Densidade aparente de p\u00f3 GH3625<\/h2>\n<p class=\"whitespace-pre-wrap\"><strong>Densidade aparente de p\u00f3 GH3625<\/strong><\/p>\n<table>\n<thead>\n<tr>\n<th>Densidade Aparente<\/th>\n<th>Detalhes<\/th>\n<\/tr>\n<\/thead>\n<tbody>\n<tr>\n<td>At\u00e9 60% da densidade real<\/td>\n<td>Para morfologia de p\u00f3 esf\u00e9rico<\/td>\n<\/tr>\n<tr>\n<td>4,5 - 5,2 g\/cc<\/td>\n<td>Melhora com maior densidade da embalagem<\/td>\n<\/tr>\n<\/tbody>\n<\/table>\n<ul class=\"list-disc pl-8 space-y-2\">\n<li class=\"whitespace-normal\">Forma esf\u00e9rica do p\u00f3 fornece alta densidade aparente<\/li>\n<li class=\"whitespace-normal\">Maior densidade melhora o fluxo de p\u00f3 e o empacotamento camada em impress\u00e3o 3D<\/li>\n<li class=\"whitespace-normal\">Reduz a porosidade de g\u00e1s retido na pe\u00e7a final<\/li>\n<li class=\"whitespace-normal\">Maximizar a densidade minimiza o tempo do ciclo de prensagem<\/li>\n<\/ul>\n<p class=\"whitespace-pre-wrap\">A densidade aparente mais alta resulta em melhor desempenho e produtividade de fabrica\u00e7\u00e3o.<\/p>\n<h2>M\u00e9todo de Produ\u00e7\u00e3o do P\u00f3 GH3625<\/h2>\n<p class=\"whitespace-pre-wrap\"><strong>Produ\u00e7\u00e3o de P\u00f3 GH3625<\/strong><\/p>\n<table>\n<thead>\n<tr>\n<th>M\u00e9todo<\/th>\n<th>Detalhes<\/th>\n<\/tr>\n<\/thead>\n<tbody>\n<tr>\n<td>Atomiza\u00e7\u00e3o de g\u00e1s<\/td>\n<td>G\u00e1s inerte de alta press\u00e3o quebra c\u00f3rrego de metal fundido em pequenas gotas<\/td>\n<\/tr>\n<tr>\n<td>Fus\u00e3o por indu\u00e7\u00e3o a v\u00e1cuo<\/td>\n<td>Materiais de entrada de alta pureza derretidos sob v\u00e1cuo.<\/td>\n<\/tr>\n<tr>\n<td>Remelting m\u00faltiple<\/td>\n<td>Melhora a homogeneidade qu\u00edmica<\/td>\n<\/tr>\n<tr>\n<td>Peneira\u00e7\u00e3o<\/td>\n<td>Classifica p\u00f3 em diferentes fra\u00e7\u00f5es de tamanho de part\u00edculas<\/td>\n<\/tr>\n<\/tbody>\n<\/table>\n<ul class=\"list-disc pl-8 space-y-2\">\n<li class=\"whitespace-normal\">A atomiza\u00e7\u00e3o de g\u00e1s com g\u00e1s inerte produz p\u00f3 esf\u00e9rico limpo.<\/li>\n<li class=\"whitespace-normal\">O processamento no v\u00e1cuo minimiza as impurezas gasosas<\/li>\n<li class=\"whitespace-normal\">M\u00faltiplos derretimentos melhoram a uniformidade da composi\u00e7\u00e3o<\/li>\n<li class=\"whitespace-normal\">O p\u00f3s-processamento fornece controle da distribui\u00e7\u00e3o do tamanho das part\u00edculas<\/li>\n<\/ul>\n<p class=\"whitespace-pre-wrap\">M\u00e9todos autom\u00e1ticos combinados ao controle r\u00edgido de qualidade resultam no p\u00f3 consistente GH3625, adequado a aplica\u00e7\u00f5es cr\u00edticas.<\/p>\n<h2>Pre\u00e7o do p\u00f3 GH3625<\/h2>\n<p class=\"whitespace-pre-wrap\"><strong>Pre\u00e7o do p\u00f3 GH3625<\/strong><\/p>\n<table>\n<thead>\n<tr>\n<th>Fator<\/th>\n<th>Impacto no pre\u00e7o<\/th>\n<\/tr>\n<\/thead>\n<tbody>\n<tr>\n<td>\"Gradua\u00e7\u00e3o em p\u00f3\"<\/td>\n<td>Maior pureza aumenta o custo<\/td>\n<\/tr>\n<tr>\n<td>Tamanho da part\u00edcula<\/td>\n<td>P\u00f3 ultrafino mais caro<\/td>\n<\/tr>\n<tr>\n<td>Quantidade do Pedido<\/td>\n<td>O pre\u00e7o diminui com volumes maiores<\/td>\n<\/tr>\n<tr>\n<td>M\u00e9todo de produ\u00e7\u00e3o<\/td>\n<td>Multiplas refus\u00f5es aumentam o custo<\/td>\n<\/tr>\n<tr>\n<td>Embalagem<\/td>\n<td>Embalagem especial eleva custo<\/td>\n<\/tr>\n<\/tbody>\n<\/table>\n<p class=\"whitespace-pre-wrap\"><strong>Pre\u00e7o Indicativo<\/strong><\/p>\n<ul class=\"list-disc pl-8 space-y-2\">\n<li class=\"whitespace-normal\">P\u00f3 GH3625: $100-150 por kg<\/li>\n<li class=\"whitespace-normal\">Os pre\u00e7os de volume grande podem ser 30% ou mais baixos<\/li>\n<\/ul>\n<p class=\"whitespace-pre-wrap\">O pre\u00e7o depende da pureza, tamanho de part\u00edcula, m\u00e9todo de produ\u00e7\u00e3o, volume do pedido, embalagem e requisitos de entrega.<\/p>\n<h2>Fornecedores de p\u00f3 GH3625<\/h2>\n<p class=\"whitespace-pre-wrap\"><strong>Fornecedores de p\u00f3 GH3625<\/strong><\/p>\n<table>\n<thead>\n<tr>\n<th>Empresa<\/th>\n<th>Local<\/th>\n<\/tr>\n<\/thead>\n<tbody>\n<tr>\n<td>Sandvik Osprey<\/td>\n<td>Reino Unido<\/td>\n<\/tr>\n<tr>\n<td>Carpenter Additive<\/td>\n<td>EUA<\/td>\n<\/tr>\n<tr>\n<td>Erasteel<\/td>\n<td>Su\u00e9cia<\/td>\n<\/tr>\n<tr>\n<td>Aubert &amp; Duval<\/td>\n<td>Fran\u00e7a<\/td>\n<\/tr>\n<tr>\n<td>cn.koowe.powder<\/td>\n<td>China<\/td>\n<\/tr>\n<tr>\n<td>Shanghai Stal Precision<\/td>\n<td>China<\/td>\n<\/tr>\n<\/tbody>\n<\/table>\n<p class=\"whitespace-pre-wrap\">Fatores de sele\u00e7\u00e3o para fornecedores:<\/p>\n<ul class=\"list-disc pl-8 space-y-2\">\n<li class=\"whitespace-normal\">Graus e tamanhos de part\u00edculas de p\u00f3 ofertados<\/li>\n<li class=\"whitespace-normal\">Capacidades de produ\u00e7\u00e3o e prazos de entrega<\/li>\n<li class=\"whitespace-normal\">Controlo de qualidade, consist\u00eancia e conformidade<\/li>\n<li class=\"whitespace-normal\">Especializa\u00e7\u00e3o t\u00e9cnica e suporte ao cliente<\/li>\n<li class=\"whitespace-normal\">N\u00edveis de pre\u00e7os com base nos volumes de pedidos<\/li>\n<li class=\"whitespace-normal\">Experi\u00eancia atendendo o setor alvo<\/li>\n<\/ul>\n<h2>GH3625 Manuseio e Armazenamento de P\u00f3<\/h2>\n<p class=\"whitespace-pre-wrap\"><strong>GH3625 Manuseio de P\u00f3<\/strong><\/p>\n<table>\n<thead>\n<tr>\n<th>Recomenda\u00e7\u00e3o<\/th>\n<th>Raz\u00e3o<\/th>\n<\/tr>\n<\/thead>\n<tbody>\n<tr>\n<td>Garantir ventila\u00e7\u00e3o adequada<\/td>\n<td>Evite a exposi\u00e7\u00e3o a part\u00edculas met\u00e1licas finas<\/td>\n<\/tr>\n<tr>\n<td>Use o EPI adequado<\/td>\n<td>Prevenir inala\u00e7\u00e3o ou ingest\u00e3o acidental<\/td>\n<\/tr>\n<tr>\n<td>Siga protocolos seguros<\/td>\n<td>Reduza riscos de sa\u00fade e inc\u00eandio<\/td>\n<\/tr>\n<tr>\n<td>Armazene os recipientes selados<\/td>\n<td>Evite contamina\u00e7\u00e3o ou oxida\u00e7\u00e3o<\/td>\n<\/tr>\n<\/tbody>\n<\/table>\n<p class=\"whitespace-pre-wrap\">O p\u00f3 GH3625 \u00e9 relativamente est\u00e1vel, mas recomenda-se precau\u00e7\u00f5es gerais para manuten\u00e7\u00e3o de pureza e procedimentos seguros.<\/p>\n<p class=\"whitespace-pre-wrap\"><strong>Recomenda\u00e7\u00f5es de Armazenamento<\/strong><\/p>\n<ul class=\"list-disc pl-8 space-y-2\">\n<li class=\"whitespace-normal\">Armazene em recipientes est\u00e1veis em \u00e1rea seca e fresca<\/li>\n<li class=\"whitespace-normal\">Limitar a exposi\u00e7\u00e3o \u00e0 umidade que pode degradar as propriedades<\/li>\n<li class=\"whitespace-normal\">Mantenha as temperaturas abaixo de 30\u00a1\u00abC<\/li>\n<\/ul>\n<p class=\"whitespace-pre-wrap\">Cuidados apropriados preservam as condi\u00e7\u00f5es do p\u00f3 e evitam problemas de seguran\u00e7a.<\/p>\n<h2>Inspe\u00e7\u00e3o e Teste de P\u00f3 GH3625<\/h2>\n<p class=\"whitespace-pre-wrap\"><strong>Teste de GH3625 em P\u00f3<\/strong><\/p>\n<table>\n<thead>\n<tr>\n<th>Teste<\/th>\n<th>Detalhes<\/th>\n<\/tr>\n<\/thead>\n<tbody>\n<tr>\n<td>An\u00e1lises qu\u00edmicas<\/td>\n<td>OES ou espectroscopia XRF usadas para verificar composi\u00e7\u00e3o<\/td>\n<\/tr>\n<tr>\n<td>Distribui\u00e7\u00e3o de Tamanho de Part\u00edculas<\/td>\n<td>An\u00e1lise por difra\u00e7\u00e3o a laser<\/td>\n<\/tr>\n<tr>\n<td>Densidade Aparente<\/td>\n<td>Medido conforme a norma ASTM B212<\/td>\n<\/tr>\n<tr>\n<td>Morfologia de p\u00f3<\/td>\n<td>Imagem de MEV da forma de part\u00edcula<\/td>\n<\/tr>\n<tr>\n<td>An\u00e1lise da taxa de fluxo<\/td>\n<td>Vaz\u00e3o de fluxo por gravidade pelo bocal especificado<\/td>\n<\/tr>\n<tr>\n<td>Medi\u00e7\u00e3o de humidade<\/td>\n<td>An\u00e1lise de perda na secagem<\/td>\n<\/tr>\n<\/tbody>\n<\/table>\n<p class=\"whitespace-pre-wrap\">O teste garante que o p\u00f3 tenha a pureza qu\u00edmica requerida, caracter\u00edsticas da part\u00edcula, especifica\u00e7\u00f5es de densidade, morfologia e fluidez por normas relevantes.<\/p>\n<h2>Pr\u00f3s e contras do p\u00f3 GH3625<\/h2>\n<p class=\"whitespace-pre-wrap\"><strong>Vantagens do P\u00f3 de GH3625<\/strong><\/p>\n<ul class=\"list-disc pl-8 space-y-2\">\n<li class=\"whitespace-normal\">Resist\u00eancia ao calor e \u00e0 flu\u00eancia excepcionalmente alta<\/li>\n<li class=\"whitespace-normal\">Mantendo resist\u00eancia e dureza at\u00e9 1100\u00a1\u00abC<\/li>\n<li class=\"whitespace-normal\">Excelente resist\u00eancia \u00e0 corros\u00e3o em todos os ambientes<\/li>\n<li class=\"whitespace-normal\">Boa resist\u00eancia \u00e0 fadiga e tenacidade \u00e0 fratura<\/li>\n<li class=\"whitespace-normal\">Alta dureza combinada com ductilidade razo\u00e1vel<\/li>\n<li class=\"whitespace-normal\">Menos densa que as superligas de n\u00edquel<\/li>\n<\/ul>\n<p class=\"whitespace-pre-wrap\"><strong>Limita\u00e7\u00f5es do p\u00f3 GH3625<\/strong><\/p>\n<ul class=\"list-disc pl-8 space-y-2\">\n<li class=\"whitespace-normal\">Mais caros que p\u00f3s de a\u00e7o inoxid\u00e1vel<\/li>\n<li class=\"whitespace-normal\">Requer tratamento t\u00e9rmico controlado para propriedades \u00f3timas<\/li>\n<li class=\"whitespace-normal\">Resist\u00eancia ao desgaste menor que ligas de cobalto<\/li>\n<li class=\"whitespace-normal\">Dif\u00edcil de usinar ap\u00f3s a sinteriza\u00e7\u00e3o<\/li>\n<li class=\"whitespace-normal\">Capacidade limitada de conforma\u00e7\u00e3o e cabe\u00e7oteamento a frio<\/li>\n<li class=\"whitespace-normal\">Sujeito a esboroamento em \u00e1cidos fortemente oxidantes<\/li>\n<\/ul>\n<h2>Compara\u00e7\u00e3o com Inconel 718 em P\u00f3<\/h2>\n<p class=\"whitespace-pre-wrap\"><strong>GH3625 vs P\u00f3 Inconel 718<\/strong><\/p>\n<table>\n<thead>\n<tr>\n<th>Par\u00e2metros<\/th>\n<th>GH3625<\/th>\n<th>Inconel 718<\/th>\n<\/tr>\n<\/thead>\n<tbody>\n<tr>\n<td>Densidade<\/td>\n<td>8,2 g\/cm\u00b3<\/td>\n<td>8,2 g\/cm\u00b3<\/td>\n<\/tr>\n<tr>\n<td>For\u00e7a<\/td>\n<td>Maior<\/td>\n<td>Baixo<\/td>\n<\/tr>\n<tr>\n<td>Resist\u00eancia \u00e0 corros\u00e3o<\/td>\n<td>Excelente<\/td>\n<td>Excelente<\/td>\n<\/tr>\n<tr>\n<td>Custo<\/td>\n<td>Moderada<\/td>\n<td>Muito alto<\/td>\n<\/tr>\n<tr>\n<td>Uso<\/td>\n<td>Petr\u00f3leo e g\u00e1s, processamento qu\u00edmico<\/td>\n<td>Aeroespacial, nuclear<\/td>\n<\/tr>\n<\/tbody>\n<\/table>\n<ul class=\"list-disc pl-8 space-y-2\">\n<li class=\"whitespace-normal\">GH3625 oferece maior resist\u00eancia \u00e0 tra\u00e7\u00e3o<\/li>\n<li class=\"whitespace-normal\">O Inconel 718 oferece melhor resist\u00eancia geral \u00e0 corros\u00e3o<\/li>\n<li class=\"whitespace-normal\">GH3625 \u00e9 mais econ\u00f4mico<\/li>\n<li class=\"whitespace-normal\">Inconel 718 \u00e9 preferido para ambientes extremos<\/li>\n<li class=\"whitespace-normal\">GH3625 oferece equil\u00edbrio ideal entre resist\u00eancia e custo<\/li>\n<\/ul>\n<h2>FAQs sobre p\u00f3 GH3625<\/h2>\n<p class=\"whitespace-pre-wrap\"><strong>P: Quais s\u00e3o as principais aplica\u00e7\u00f5es do p\u00f3 de liga de n\u00edquel GH3625?<\/strong><\/p>\n<p class=\"whitespace-pre-wrap\">A: As principais aplica\u00e7\u00f5es incluem componentes de turbinas aeroespaciais, v\u00e1lvulas de po\u00e7o e ferramentas de perfura\u00e7\u00e3o de petr\u00f3leo e g\u00e1s, pe\u00e7as de gera\u00e7\u00e3o de energia, equipamentos de processamento qu\u00edmico e outros componentes de alta temperatura que precisam de resist\u00eancia e resist\u00eancia \u00e0 corros\u00e3o.<\/p>\n<p class=\"whitespace-pre-wrap\"><strong>P: Por que o GH3625 \u00e9 preferido em aplica\u00e7\u00f5es de alta temperatura ao inv\u00e9s de p\u00f3s de a\u00e7o inoxid\u00e1vel?<\/strong><\/p>\n<p class=\"whitespace-pre-wrap\">A: GH3625 ret\u00e9m uma resist\u00eancia significativamente maior comparada com a\u00e7os inoxid\u00e1veis para temperaturas superiores a 650 \u00baC. Ele tamb\u00e9m oferece excelente resist\u00eancia \u00e0 corros\u00e3o em ambientes corrosivos e quentes.<\/p>\n<p class=\"whitespace-pre-wrap\"><strong>P: Quais precau\u00e7\u00f5es devem ser tomadas ao trabalhar com p\u00f3 GH3625?<\/strong><\/p>\n<p class=\"whitespace-pre-wrap\">**Tradu\u00e7\u00e3o:**\nA: As precau\u00e7\u00f5es recomendadas incluem ventila\u00e7\u00e3o, EPI apropriado, evitando fontes de igni\u00e7\u00e3o, seguindo protocolos de manuseio seguros e armazenando recipientes selados longe de umidade, ar e contamina\u00e7\u00e3o.<\/p>\n<p class=\"whitespace-pre-wrap\"><strong>P: Como o alum\u00ednio afeta as propriedades da liga GH3625?<\/strong><\/p>\n<p class=\"whitespace-pre-wrap\">A: O alum\u00ednio melhora o endurecimento por precipita\u00e7\u00e3o ao formar precipitados de n\u00edquel-alum\u00ednio durante o tratamento de envelhecimento. Isso proporciona um fortalecimento substancial, mantendo uma ductilidade razo\u00e1vel.<\/p>\n<p><\/span><\/span><\/p>","protected":false},"excerpt":{"rendered":"<p>Overview of GH3625 Powder GH 3625 powder is an age-hardenable nickel-iron base alloy containing 25% chromium along with additions of molybdenum and aluminum. It provides an exceptional combination of high strength, hardness, corrosion resistance, and oxidation resistance at elevated temperatures. Key properties and advantages of GH3625 powder include: GH3625 Powder Properties and Characteristics Properties Details&#8230;<\/p>","protected":false},"featured_media":1798,"parent":0,"template":"","meta":{"_acf_changed":false,"_kad_blocks_custom_css":"","_kad_blocks_head_custom_js":"","_kad_blocks_body_custom_js":"","_kad_blocks_footer_custom_js":"","_kad_post_transparent":"","_kad_post_title":"","_kad_post_layout":"","_kad_post_sidebar_id":"","_kad_post_content_style":"","_kad_post_vertical_padding":"","_kad_post_feature":"","_kad_post_feature_position":"","_kad_post_header":false,"_kad_post_footer":false,"_kad_post_classname":""},"product-category":[119,120],"class_list":["post-3929","product","type-product","status-publish","has-post-thumbnail","hentry","product-category-3d-printing-metal-powder","product-category-high-temperature-alloy-powder"],"acf":[],"taxonomy_info":{"product-category":[{"value":119,"label":"3D Printing Metal Powder"},{"value":120,"label":"High Temperature Alloy Powder"}]},"featured_image_src_large":["https:\/\/3dpmetal.com\/wp-content\/uploads\/2024\/02\/GH-3625-Powder.jpg",600,600,false],"author_info":[],"comment_info":"","_links":{"self":[{"href":"https:\/\/3dpmetal.com\/pt\/wp-json\/wp\/v2\/product\/3929","targetHints":{"allow":["GET"]}}],"collection":[{"href":"https:\/\/3dpmetal.com\/pt\/wp-json\/wp\/v2\/product"}],"about":[{"href":"https:\/\/3dpmetal.com\/pt\/wp-json\/wp\/v2\/types\/product"}],"wp:featuredmedia":[{"embeddable":true,"href":"https:\/\/3dpmetal.com\/pt\/wp-json\/wp\/v2\/media\/1798"}],"wp:attachment":[{"href":"https:\/\/3dpmetal.com\/pt\/wp-json\/wp\/v2\/media?parent=3929"}],"wp:term":[{"taxonomy":"product-category","embeddable":true,"href":"https:\/\/3dpmetal.com\/pt\/wp-json\/wp\/v2\/product-category?post=3929"}],"curies":[{"name":"wp","href":"https:\/\/api.w.org\/{rel}","templated":true}]}}