{"id":3930,"date":"2024-03-18T06:10:15","date_gmt":"2024-03-18T06:10:15","guid":{"rendered":"https:\/\/3dp.45612300.xyz\/product\/gh3230-powder\/"},"modified":"2024-03-18T06:10:16","modified_gmt":"2024-03-18T06:10:16","slug":"gh3230-powder","status":"publish","type":"product","link":"https:\/\/3dpmetal.com\/pt\/product\/gh3230-powder\/","title":{"rendered":"P\u00f3 GH3230"},"content":{"rendered":"<p><span style=\"vertical-align: inherit;\"><span style=\"vertical-align: inherit;\">O p\u00f3 GH3230 \u00e9 uma liga de alta temperatura \u00e0 base de n\u00edquel refor\u00e7ada com W-Mo, que geralmente \u00e9 usada em um ambiente de 700-1000\u00a1\u00abC. A liga GH3230 tem alta resist\u00eancia a altas temperaturas e boas propriedades de fadiga. E devido \u00e0 sua excelente estabilidade organizacional, possui boas propriedades antioxida\u00e7\u00e3o e anticorros\u00e3o a quente e \u00e9 amplamente utilizada em c\u00e2maras de combust\u00e3o de motores aeroespaciais, c\u00e2maras de combust\u00e3o de turbinas a g\u00e1s terrestres e alguns componentes resistentes \u00e0 corros\u00e3o e de alta temperatura na ind\u00fastria qu\u00edmica.<\/p>\n<h2>Propriedades f\u00edsicas<\/h2>\n<div>\n<table>\n<tbody>\n<tr>\n<td colspan=\"1\" rowspan=\"2\" data-sheets-value=\"{&quot;1&quot;:2,&quot;2&quot;:&quot;Size range&quot;}\">\n<div style=\"text-align: center\">Intervalo de tamanho<\/div>\n<\/td>\n<td style=\"text-align: center\" colspan=\"3\" rowspan=\"1\" data-sheets-value=\"{&quot;1&quot;:2,&quot;2&quot;:&quot;Size distribution&quot;}\">Distribui\u00e7\u00e3o por tamanho<\/td>\n<td style=\"text-align: center\" colspan=\"1\" rowspan=\"2\" data-sheets-value=\"{&quot;1&quot;:2,&quot;2&quot;:&quot;Hall flow rate&quot;}\">\n<div>Taxa de fluxo por corredor<\/div>\n<\/td>\n<td style=\"text-align: center\" colspan=\"1\" rowspan=\"2\" data-sheets-value=\"{&quot;1&quot;:2,&quot;2&quot;:&quot;Bulk density&quot;}\">\n<div>Densidade aparente<\/div>\n<\/td>\n<td colspan=\"1\" rowspan=\"2\" data-sheets-value=\"{&quot;1&quot;:2,&quot;2&quot;:&quot;Tap density&quot;}\">\n<div style=\"text-align: center\">Densidade Batida<\/div>\n<\/td>\n<\/tr>\n<tr>\n<td style=\"text-align: center\" data-sheets-value=\"{&quot;1&quot;:2,&quot;2&quot;:&quot;D10(\u00c3\u00d7m)&quot;}\">D10(\u00c2\u00b2m)<\/td>\n<td style=\"text-align: center\" data-sheets-value=\"{&quot;1&quot;:2,&quot;2&quot;:&quot;D50(\u00c3\u00d7m)&quot;}\">D50(\u00c5\u00d7M)<\/td>\n<td style=\"text-align: center\" data-sheets-value=\"{&quot;1&quot;:2,&quot;2&quot;:&quot;D90(\u00c3\u00d7m)&quot;}\">D90 (Axm)<\/td>\n<\/tr>\n<tr>\n<td style=\"text-align: center\" data-sheets-value=\"{&quot;1&quot;:2,&quot;2&quot;:&quot;15-53\u00c3\u00d7m&quot;}\">15-53\u00c3\u2014m<\/td>\n<td style=\"text-align: center\" data-sheets-value=\"{&quot;1&quot;:2,&quot;2&quot;:&quot;17-22&quot;}\">17-22<\/td>\n<td style=\"text-align: center\" data-sheets-value=\"{&quot;1&quot;:2,&quot;2&quot;:&quot;32-38&quot;}\">32-38<\/td>\n<td style=\"text-align: center\" data-sheets-value=\"{&quot;1&quot;:2,&quot;2&quot;:&quot;52-58&quot;}\">52-58<\/td>\n<td style=\"text-align: center\" data-sheets-value=\"{&quot;1&quot;:2,&quot;2&quot;:&quot;\u00a8P18s\/50g&quot;}\">\"P18s\/50g<\/td>\n<td style=\"text-align: center\" data-sheets-value=\"{&quot;1&quot;:2,&quot;2&quot;:&quot;\u00a1\u00d44.20g\/cm3&quot;}\">\u00a1\u00d44,60 g\/cm3<\/td>\n<td style=\"text-align: center\" data-sheets-value=\"{&quot;1&quot;:2,&quot;2&quot;:&quot;\u00a1\u00d44.80g\/cm3&quot;}\">\u00a1\u00d45,20g\/cm3<\/td>\n<\/tr>\n<\/tbody>\n<\/table>\n<h2>Recomenda\u00e7\u00f5es de tratamento t\u00e9rmico<\/h2>\n<\/div>\n<p>Prensagem isost\u00e1tica a quente: 1200\u00baC\/160Mpa\/3h<br \/>\nTratamento da solu\u00e7\u00e3o: 1200\u00a9I20\u00a1\u00abC\/1h\/CA<\/p>\n<h2>Comportamento mec\u00e2nico<\/h2>\n<div>\n<table>\n<tbody>\n<tr>\n<td style=\"text-align: center\" data-sheets-value=\"{&quot;1&quot;:2,&quot;2&quot;:&quot;Test temperature&quot;}\">Temperatura do teste<\/td>\n<td style=\"text-align: center\" data-sheets-value=\"{&quot;1&quot;:2,&quot;2&quot;:&quot;Tensile strength (\u00bf\u00bcb\/Mpa)&quot;}\">Resist\u00eancia \u00e0 tra\u00e7\u00e3o (\u00bf\u00bcb\/MPa)<\/td>\n<td style=\"text-align: center\" data-sheets-value=\"{&quot;1&quot;:2,&quot;2&quot;:&quot;Yield strength (\u00bf\u00bcp0.2\/Mpa)&quot;}\">Resist\u00eancia ao escoamento (\u00bf\u00bcp0.2\/Mpa)<\/td>\n<td style=\"text-align: center\" data-sheets-value=\"{&quot;1&quot;:2,&quot;2&quot;:&quot;Elongation (\u00d1\u00b45\/%)&quot;}\">\n<div>\n<div>Alongamento (\u00d1\u00b45\/%)<\/div>\n<\/div>\n<\/td>\n<\/tr>\n<tr>\n<td style=\"text-align: center\" data-sheets-value=\"{&quot;1&quot;:2,&quot;2&quot;:&quot;25\u00a1\u00cd&quot;}\">\"25\u00a1\u00cd\" could potentially be interpreted as \"25 degrees Celsius\" in English. Assuming this interpretation, the translation to Portuguese would be:\n\n\"25 graus Celsius\"<\/td>\n<td style=\"text-align: center\" data-sheets-value=\"{&quot;1&quot;:3,&quot;3&quot;:840}\">840<\/td>\n<td style=\"text-align: center\" data-sheets-value=\"{&quot;1&quot;:3,&quot;3&quot;:450}\">450<\/td>\n<td style=\"text-align: center\" data-sheets-value=\"{&quot;1&quot;:3,&quot;3&quot;:35}\">35<\/td>\n<\/tr>\n<tr>\n<td style=\"text-align: center\" data-sheets-value=\"{&quot;1&quot;:2,&quot;2&quot;:&quot;815\u00a1\u00cd&quot;}\">815 ve\u00edculos<\/td>\n<td style=\"text-align: center\" data-sheets-value=\"{&quot;1&quot;:3,&quot;3&quot;:250}\">250<\/td>\n<td style=\"text-align: center\" data-sheets-value=\"{&quot;1&quot;:3,&quot;3&quot;:200}\">200<\/td>\n<td style=\"text-align: center\" data-sheets-value=\"{&quot;1&quot;:3,&quot;3&quot;:35}\">35<\/td>\n<\/tr>\n<tr>\n<td style=\"text-align: center\" data-sheets-value=\"{&quot;1&quot;:2,&quot;2&quot;:&quot;1000\u00a1\u00cd&quot;}\">1000 vezes<\/td>\n<td style=\"text-align: center\" data-sheets-value=\"{&quot;1&quot;:3,&quot;3&quot;:160}\">160<\/td>\n<td style=\"text-align: center\" data-sheets-value=\"{&quot;1&quot;:3,&quot;3&quot;:130}\">130<\/td>\n<td style=\"text-align: center\" data-sheets-value=\"{&quot;1&quot;:3,&quot;3&quot;:30}\">30<\/td>\n<\/tr>\n<\/tbody>\n<\/table>\n<\/div>\n<h2>Faixa de composi\u00e7\u00e3o qu\u00edmica (wt,-%)<\/h2>\n<div>\n<table>\n<tbody>\n<tr>\n<td data-sheets-value=\"{&quot;1&quot;:2,&quot;2&quot;:&quot;Element&quot;}\"><strong>Elemento<\/strong><\/td>\n<td data-sheets-value=\"{&quot;1&quot;:2,&quot;2&quot;:&quot;C&quot;}\"><strong>Certainly! It seems like you've just entered \"C\" as the text to be translated. Could you please provide more context or clarify what you'd like to have translated into Portuguese?<\/strong><\/td>\n<td data-sheets-value=\"{&quot;1&quot;:2,&quot;2&quot;:&quot;Cr&quot;}\"><strong>Cr<\/strong><\/td>\n<td data-sheets-value=\"{&quot;1&quot;:2,&quot;2&quot;:&quot;Ni&quot;}\"><strong>Ni<\/strong><\/td>\n<td data-sheets-value=\"{&quot;1&quot;:2,&quot;2&quot;:&quot;Co&quot;}\"><strong>Co<\/strong><\/td>\n<td data-sheets-value=\"{&quot;1&quot;:2,&quot;2&quot;:&quot;Nb&quot;}\"><strong>W<\/strong><\/td>\n<td data-sheets-value=\"{&quot;1&quot;:2,&quot;2&quot;:&quot;Mo&quot;}\"><strong>Mo<\/strong><\/td>\n<\/tr>\n<tr>\n<td style=\"text-align: center\" data-sheets-value=\"{&quot;1&quot;:2,&quot;2&quot;:&quot;wt\u00a8\u00d4&quot;}\">N\u00e3o entendi o que \"wt\u00a8\u00d4\" significa. Tente reformular sua pergunta para que eu possa ajud\u00e1-lo melhor.<\/td>\n<td style=\"text-align: center\" data-sheets-value=\"{&quot;1&quot;:2,&quot;2&quot;:&quot;0.02-0.06&quot;}\">0.05-0.15<\/td>\n<td style=\"text-align: center\" data-sheets-value=\"{&quot;1&quot;:2,&quot;2&quot;:&quot;17.00-21.00&quot;}\">20.00-24.00<\/td>\n<td style=\"text-align: center\" data-sheets-value=\"{&quot;1&quot;:2,&quot;2&quot;:&quot; 50.00-55.00&quot;}\">Bola<\/td>\n<td style=\"text-align: center\" data-sheets-value=\"{&quot;1&quot;:2,&quot;2&quot;:&quot;\u00a8P1.00&quot;}\">P5.00<\/td>\n<td style=\"text-align: center\" data-sheets-value=\"{&quot;1&quot;:2,&quot;2&quot;:&quot;4.75-5.50&quot;}\">13.00-15.00<\/td>\n<td style=\"text-align: center\" data-sheets-value=\"{&quot;1&quot;:2,&quot;2&quot;:&quot;2.80-3.30&quot;}\">3.15-4.15<\/td>\n<\/tr>\n<tr>\n<td style=\"text-align: center\" data-sheets-value=\"{&quot;1&quot;:2,&quot;2&quot;:&quot;Element&quot;}\"><strong>Elemento<\/strong><\/td>\n<td style=\"text-align: center\" data-sheets-value=\"{&quot;1&quot;:2,&quot;2&quot;:&quot;Al&quot;}\"><strong>Al<\/strong><\/td>\n<td style=\"text-align: center\" data-sheets-value=\"{&quot;1&quot;:2,&quot;2&quot;:&quot;Ti&quot;}\"><strong>Voc\u00ea<\/strong><\/td>\n<td style=\"text-align: center\" data-sheets-value=\"{&quot;1&quot;:2,&quot;2&quot;:&quot;Fe&quot;}\"><strong>Fe<\/strong><\/td>\n<td style=\"text-align: center\" data-sheets-value=\"{&quot;1&quot;:2,&quot;2&quot;:&quot;B&quot;}\"><strong>\"La\" em portugu\u00eas \u00e9 \"a\" ou \"ela\", dependendo do contexto.<\/strong><\/td>\n<td style=\"text-align: center\" data-sheets-value=\"{&quot;1&quot;:2,&quot;2&quot;:&quot;Mg&quot;}\"><strong>It seems like the text you provided is just the letter \"B.\" If you meant to provide a longer text for translation, could you please provide it so I can help you better?<\/strong><\/td>\n<td style=\"text-align: center\" data-sheets-value=\"{&quot;1&quot;:2,&quot;2&quot;:&quot;Mn&quot;}\"><b>Mn<\/b><\/td>\n<\/tr>\n<tr>\n<td style=\"text-align: center\" data-sheets-value=\"{&quot;1&quot;:2,&quot;2&quot;:&quot;wt\u00a8\u00d4&quot;}\">N\u00e3o entendi o que \"wt\u00a8\u00d4\" significa. Tente reformular sua pergunta para que eu possa ajud\u00e1-lo melhor.<\/td>\n<td style=\"text-align: center\" data-sheets-value=\"{&quot;1&quot;:2,&quot;2&quot;:&quot;0.20-0.80&quot;}\">2.20-0.50<\/td>\n<td style=\"text-align: center\" data-sheets-value=\"{&quot;1&quot;:2,&quot;2&quot;:&quot;0.65-1.15&quot;}\">\u00a8P0,10<\/td>\n<td style=\"text-align: center\" data-sheets-value=\"{&quot;1&quot;:2,&quot;2&quot;:&quot;Bal&quot;}\">\u00a8P3,00<\/td>\n<td style=\"text-align: center\" data-sheets-value=\"{&quot;1&quot;:2,&quot;2&quot;:&quot;\u00a8P0.006&quot;}\">0.005-0.05<\/td>\n<td style=\"text-align: center\" data-sheets-value=\"{&quot;1&quot;:2,&quot;2&quot;:&quot;\u00a8P0.010&quot;}\">\u00a8P0.015<\/td>\n<td style=\"text-align: center\" data-sheets-value=\"{&quot;1&quot;:2,&quot;2&quot;:&quot;\u00a8P0.35&quot;}\">0.30-1.00<\/td>\n<\/tr>\n<tr>\n<td style=\"text-align: center\" data-sheets-value=\"{&quot;1&quot;:2,&quot;2&quot;:&quot;Element&quot;}\"><strong>Elemento<\/strong><\/td>\n<td style=\"text-align: center\" data-sheets-value=\"{&quot;1&quot;:2,&quot;2&quot;:&quot;Si&quot;}\"><strong>Sim<\/strong><\/td>\n<td style=\"text-align: center\" data-sheets-value=\"{&quot;1&quot;:2,&quot;2&quot;:&quot;P&quot;}\"><strong>Without context, it's not clear what the intended meaning of \"P\" is in English. If \"P\" refers to a letter or abbreviation, it remains the same in Portuguese. However, if \"P\" is a placeholder for a word or phrase, please provide more information so I can accurately translate it into Portuguese.<\/strong><\/td>\n<td style=\"text-align: center\" data-sheets-value=\"{&quot;1&quot;:2,&quot;2&quot;:&quot;S&quot;}\"><strong>It seems like there was a mistake in your request. Could you please provide the text you'd like me to translate into Portuguese?<\/strong><\/td>\n<td style=\"text-align: center\" data-sheets-value=\"{&quot;1&quot;:2,&quot;2&quot;:&quot;Cu&quot;}\"><strong>Cu<\/strong><\/td>\n<td style=\"text-align: center\" data-sheets-value=\"{&quot;1&quot;:2,&quot;2&quot;:&quot;O&quot;}\"><strong>Certainly! However, it seems like the text you provided is just the letter \"O.\" Could you please provide the complete text you'd like me to translate into Portuguese?<\/strong><\/td>\n<td style=\"text-align: center\" data-sheets-value=\"{&quot;1&quot;:2,&quot;2&quot;:&quot;N&quot;}\"><strong>It seems like you've entered only a single letter \"N\". Could you please provide more context or clarify what you would like translated into Portuguese?<\/strong><\/td>\n<\/tr>\n<tr>\n<td data-sheets-value=\"{&quot;1&quot;:2,&quot;2&quot;:&quot;wt\u00a8\u00d4&quot;}\">N\u00e3o entendi o que \"wt\u00a8\u00d4\" significa. Tente reformular sua pergunta para que eu possa ajud\u00e1-lo melhor.<\/td>\n<td data-sheets-value=\"{&quot;1&quot;:2,&quot;2&quot;:&quot;\u00a8P0.35&quot;}\">0.25-0.75<\/td>\n<td data-sheets-value=\"{&quot;1&quot;:2,&quot;2&quot;:&quot;\u00a8P0.015&quot;}\">\u00a8P0,01<\/td>\n<td data-sheets-value=\"{&quot;1&quot;:2,&quot;2&quot;:&quot;\u00a8P0.015&quot;}\">\u00a8P0,010<\/td>\n<td data-sheets-value=\"{&quot;1&quot;:2,&quot;2&quot;:&quot;\u00a8P0.30&quot;}\">\u00a8P0,50<\/td>\n<td data-sheets-value=\"{&quot;1&quot;:2,&quot;2&quot;:&quot;\u00a8P0.020&quot;}\">\u00a8P0,025<\/td>\n<td data-sheets-value=\"{&quot;1&quot;:2,&quot;2&quot;:&quot;\u00a8P0.015&quot;}\">\u00a8P0.015<\/td>\n<\/tr>\n<\/tbody>\n<\/table>\n<\/div>\n<p><\/span><\/span><\/p>","protected":false},"excerpt":{"rendered":"<p>O p\u00f3 GH3230 \u00e9 uma liga de alta temperatura \u00e0 base de n\u00edquel refor\u00e7ado com W-Mo, que \u00e9 normalmente utilizada num ambiente de 700-1000\u00a1\"C. A liga GH3230 tem uma elevada resist\u00eancia a altas temperaturas e boas propriedades de fadiga. E devido \u00e0 sua excelente estabilidade organizacional, tem boas propriedades anti-oxida\u00e7\u00e3o e anti-corros\u00e3o quente, e \u00e9 amplamente utilizada em c\u00e2maras de combust\u00e3o de motores aeroespaciais, turbinas a g\u00e1s terrestres...<\/p>","protected":false},"featured_media":1858,"parent":0,"template":"","meta":{"_acf_changed":false,"_kad_blocks_custom_css":"","_kad_blocks_head_custom_js":"","_kad_blocks_body_custom_js":"","_kad_blocks_footer_custom_js":"","_kad_post_transparent":"","_kad_post_title":"","_kad_post_layout":"","_kad_post_sidebar_id":"","_kad_post_content_style":"","_kad_post_vertical_padding":"","_kad_post_feature":"","_kad_post_feature_position":"","_kad_post_header":false,"_kad_post_footer":false,"_kad_post_classname":""},"product-category":[119,120],"class_list":["post-3930","product","type-product","status-publish","has-post-thumbnail","hentry","product-category-3d-printing-metal-powder","product-category-high-temperature-alloy-powder"],"acf":[],"taxonomy_info":{"product-category":[{"value":119,"label":"3D Printing Metal Powder"},{"value":120,"label":"High Temperature Alloy Powder"}]},"featured_image_src_large":["https:\/\/3dpmetal.com\/wp-content\/uploads\/2024\/02\/GH3230-Powder.jpg",600,600,false],"author_info":[],"comment_info":"","_links":{"self":[{"href":"https:\/\/3dpmetal.com\/pt\/wp-json\/wp\/v2\/product\/3930","targetHints":{"allow":["GET"]}}],"collection":[{"href":"https:\/\/3dpmetal.com\/pt\/wp-json\/wp\/v2\/product"}],"about":[{"href":"https:\/\/3dpmetal.com\/pt\/wp-json\/wp\/v2\/types\/product"}],"wp:featuredmedia":[{"embeddable":true,"href":"https:\/\/3dpmetal.com\/pt\/wp-json\/wp\/v2\/media\/1858"}],"wp:attachment":[{"href":"https:\/\/3dpmetal.com\/pt\/wp-json\/wp\/v2\/media?parent=3930"}],"wp:term":[{"taxonomy":"product-category","embeddable":true,"href":"https:\/\/3dpmetal.com\/pt\/wp-json\/wp\/v2\/product-category?post=3930"}],"curies":[{"name":"wp","href":"https:\/\/api.w.org\/{rel}","templated":true}]}}