{"id":3932,"date":"2024-03-18T06:10:14","date_gmt":"2024-03-18T06:10:14","guid":{"rendered":"https:\/\/3dp.45612300.xyz\/product\/cucrzr-powder\/"},"modified":"2024-03-18T06:10:14","modified_gmt":"2024-03-18T06:10:14","slug":"cucrzr-powder","status":"publish","type":"product","link":"https:\/\/3dpmetal.com\/pt\/product\/cucrzr-powder\/","title":{"rendered":"P\u00f3 de CuCrZr"},"content":{"rendered":"<p><span style=\"vertical-align: inherit;\"><span style=\"vertical-align: inherit;\"><\/p>\n<h2>Vis\u00e3o Geral do P\u00f3 CuCrZr<\/h2>\n<p class=\"whitespace-pre-wrap\">O p\u00f3 de CuCrZr \u00e9 um p\u00f3 de liga composto de cobre (Cu), cromo (Cr) e zirc\u00f4nio (Zr). Ele oferece uma combina\u00e7\u00e3o \u00fanica de propriedades que o tornam adequado para aplica\u00e7\u00f5es de alto desempenho que requerem alta resist\u00eancia, boa condutividade e resist\u00eancia ao amolecimento em temperaturas elevadas.<\/p>\n<h2>Composi\u00e7\u00e3o do p\u00f3 de CuCrZr<\/h2>\n<p class=\"whitespace-pre-wrap\">O CuCrZr \u00e9 uma liga endurecida pela precipita\u00e7\u00e3o, o que significa que sua alta resist\u00eancia vem de precipitados coerentes formados na matriz met\u00e1lica. A composi\u00e7\u00e3o desempenha um papel fundamental na obten\u00e7\u00e3o da resposta ideal ao endurecimento pela precipita\u00e7\u00e3o. Aqui est\u00e3o os intervalos de composi\u00e7\u00e3o t\u00edpicos:<\/p>\n<table>\n<thead>\n<tr>\n<th>Elemento<\/th>\n<th>Composicional varia\u00e7\u00f5es<\/th>\n<\/tr>\n<\/thead>\n<tbody>\n<tr>\n<td>Cobre (Cu)<\/td>\n<td>Sobras<\/td>\n<\/tr>\n<tr>\n<td>Cr\u00f3mio (Cr)<\/td>\n<td>0,5 a 1,2 % em peso<\/td>\n<\/tr>\n<tr>\n<td>Zirc\u00f4nio (Zr)<\/td>\n<td>0,03 - 0,3 %<\/td>\n<\/tr>\n<\/tbody>\n<\/table>\n<ul class=\"list-disc pl-8 space-y-2\">\n<li class=\"whitespace-normal\">O cobre forma a matriz e oferece condutividade t\u00e9rmica e el\u00e9trica.<\/li>\n<li class=\"whitespace-normal\">O cromo contribui para o fortalecimento da solu\u00e7\u00e3o s\u00f3lida e forma precipitados para impedir o movimento de deslocamento.<\/li>\n<li class=\"whitespace-normal\">O zirc\u00f4nio forma precipitados coerentes com o cobre, permitindo o endurecimento por precipita\u00e7\u00e3o.<\/li>\n<\/ul>\n<p class=\"whitespace-pre-wrap\">O conte\u00fado de cromo e zirc\u00f3nio \u00e9 optimizado para maximizar a resist\u00eancia atrav\u00e9s do endurecimento pela precipita\u00e7\u00e3o, mantendo, simultaneamente, uma condutividade aceit\u00e1vel.<\/p>\n<h2>Propriedades do p\u00f3 de CuCrZr<\/h2>\n<p class=\"whitespace-pre-wrap\">O p\u00f3 de CuCrZr oferece uma combina\u00e7\u00e3o excepcional de resist\u00eancia, condutividade e resist\u00eancia ao calor devido a sua natureza endurecida por precipita\u00e7\u00e3o. Aqui est\u00e3o algumas propriedades importantes:<\/p>\n<table>\n<thead>\n<tr>\n<th>Propriedade<\/th>\n<th>Valor<\/th>\n<\/tr>\n<\/thead>\n<tbody>\n<tr>\n<td>Densidade<\/td>\n<td>8,8 g\/cm3<\/td>\n<\/tr>\n<tr>\n<td>Condutividade El\u00e9trica<\/td>\n<td>22 - 48% IACS<\/td>\n<\/tr>\n<tr>\n<td>Condutividade t\u00e9rmica<\/td>\n<td>200 &#8211; 300 W\/m-K<\/td>\n<\/tr>\n<tr>\n<td>Ponto de Fus\u00e3o<\/td>\n<td>1065\u00abC<\/td>\n<\/tr>\n<tr>\n<td>Coeficiente de expans\u00e3o t\u00e9rmica<\/td>\n<td>16,5 x 10&lt;sup&gt;-6&lt;\/sup&gt;?\/\u00a1\u00abC<\/td>\n<\/tr>\n<tr>\n<td>M\u00f3dulo de Elasticidade<\/td>\n<td>124 GPa<\/td>\n<\/tr>\n<tr>\n<td>Resist\u00eancia ao escoamento<\/td>\n<td>350 \u2013 650 MPa<\/td>\n<\/tr>\n<tr>\n<td>Elonga\u00e7\u00e3o<\/td>\n<td>8-15%<\/td>\n<\/tr>\n<tr>\n<td>Resist\u00eancia \u00e0 oxida\u00e7\u00e3o<\/td>\n<td>Bom at\u00e9 900\u00a1\u00abC<\/td>\n<\/tr>\n<\/tbody>\n<\/table>\n<ul class=\"list-disc pl-8 space-y-2\">\n<li class=\"whitespace-normal\">Ele tem?<strong>alta resist\u00eancia<\/strong>?oriundo do endurecimento por precipita\u00e7\u00e3o enquanto ainda mant\u00e9m uma condutividade moderada. A resist\u00eancia pode ser adaptada por meio de tratamento t\u00e9rmico.<\/li>\n<li class=\"whitespace-normal\"><strong>Excelente condutividade<\/strong>comparadas com a\u00e7os inoxid\u00e1veis endurecidos por precipita\u00e7\u00e3o devido ao maior teor de cobre na matriz.<\/li>\n<li class=\"whitespace-normal\"><strong>Boa resist\u00eancia ao calor<\/strong>?com reten\u00e7\u00e3o de condutividade e resist\u00eancia de at\u00e9 400-500\u00b0C. Menos propenso a amolecimento comparado a outras ligas de Cu.<\/li>\n<li class=\"whitespace-normal\"><strong>Resistente \u00e0 oxida\u00e7\u00e3o e corros\u00e3o<\/strong>?devido \u00e0 forma\u00e7\u00e3o de \u00f3xido protetor de escala Cr2O3.<\/li>\n<\/ul>\n<p class=\"whitespace-pre-wrap\">Este perfil de propriedade exclusivo torna o CuCrZr adequado para aplica\u00e7\u00f5es como eletrodos de solda de resist\u00eancia, componentes de gerenciamento t\u00e9rmico e molas de alta temperatura.<\/p>\n<h2>Aplica\u00e7\u00f5es e usos do p\u00f3 de CuCrZr<\/h2>\n<p class=\"whitespace-pre-wrap\">As propriedades equilibradas do p\u00f3 de CuCrZr o tornam adequado para as seguintes aplica\u00e7\u00f5es:<\/p>\n<table>\n<thead>\n<tr>\n<th>Aplicativo<\/th>\n<th>Motivo de uso<\/th>\n<\/tr>\n<\/thead>\n<tbody>\n<tr>\n<td>Eletrodos de solda por resist\u00eancia<\/td>\n<td>Alta resist\u00eancia, boa condutividade, resist\u00eancia a deforma\u00e7\u00f5es em altas temperaturas<\/td>\n<\/tr>\n<tr>\n<td>Dissipadores de calor e tubos de calor<\/td>\n<td>Alta condutividade t\u00e9rmica combinada com alta resist\u00eancia a temperaturas<\/td>\n<\/tr>\n<tr>\n<td>Contatos e Conectores El\u00e9tricos<\/td>\n<td>Boa condutividade, alta resist\u00eancia permite miniaturiza\u00e7\u00e3o<\/td>\n<\/tr>\n<tr>\n<td>Fontes de alta temperatura<\/td>\n<td>Reten\u00e7\u00e3o de for\u00e7a a temperaturas elevadas<\/td>\n<\/tr>\n<tr>\n<td>Ligas para Veda\u00e7\u00e3o de Vidro<\/td>\n<td>Coincid\u00eancia pr\u00f3xima do CTE com o vidro de borosilicato<\/td>\n<\/tr>\n<\/tbody>\n<\/table>\n<ul class=\"list-disc pl-8 space-y-2\">\n<li class=\"whitespace-normal\"><strong>Eletrodos de solda por resist\u00eancia<\/strong>? - A sua excelente condutividade gera menos calor durante a soldagem, permitindo tempos de solda mais r\u00e1pidos. A alta resist\u00eancia impede o forma\u00e7\u00e3o de cogumelos nas pontas dos eletrodos.<\/li>\n<li class=\"whitespace-normal\"><strong>Gest\u00e3o t\u00e9rmica<\/strong>- Usado empermutadores de calor, dissipadores de calor, tubos de calor, etc., onde a alta condutividade t\u00e9rmica dissipa rapidamente o calor, mantendo a integridade mec\u00e2nica.<\/li>\n<li class=\"whitespace-normal\"><strong>Contatos el\u00e9tricos<\/strong>?- Pode substituir contatos de cobre-ber\u00edlio em muitas aplica\u00e7\u00f5es devido \u00e0 maior resist\u00eancia e condutividade similar.<\/li>\n<li class=\"whitespace-normal\"><strong>Fontes de alta temperatura<\/strong>?- Utilizadas para molas que operam em temperatura de at\u00e9 500\u00a1\u00abC sem perda de capacidade de carga, ao contr\u00e1rio das molas de a\u00e7o.<\/li>\n<li class=\"whitespace-normal\"><strong>Veda\u00e7\u00f5es de vidro com metal<\/strong>?- Seu CTE corresponde ao vidro de borosilicato, permitindo aplica\u00e7\u00f5es de veda\u00e7\u00e3o de vidro com baixo estresse.<\/li>\n<\/ul>\n<p class=\"whitespace-pre-wrap\">A capacidade de endurecimento por precipita\u00e7\u00e3o do CuCrZr permite ajustar a resist\u00eancia conforme os requisitos espec\u00edficos da aplica\u00e7\u00e3o, simplesmente modificando os par\u00e2metros do tratamento t\u00e9rmico.<\/p>\n<h2>Especifica\u00e7\u00f5es do P\u00f3 de CuCrZr<\/h2>\n<p class=\"whitespace-pre-wrap\">O p\u00f3 CuCrZr est\u00e1 dispon\u00edvel em v\u00e1rias faixas de tamanho, purezas e pode ser personalizado conforme as necessidades da aplica\u00e7\u00e3o. Aqui est\u00e3o algumas especifica\u00e7\u00f5es comuns:<\/p>\n<table>\n<thead>\n<tr>\n<th>Especifica\u00e7\u00e3o<\/th>\n<th>Detalhes<\/th>\n<\/tr>\n<\/thead>\n<tbody>\n<tr>\n<td>Intervalo de tamanho<\/td>\n<td>10 &#8211; 150 micras<\/td>\n<\/tr>\n<tr>\n<td>Pureza<\/td>\n<td>At\u00e9 99,9%<\/td>\n<\/tr>\n<tr>\n<td>Teor de carbono<\/td>\n<td>&lt;100 ppm<\/td>\n<\/tr>\n<tr>\n<td>Teor de Oxig\u00eanio<\/td>\n<td>&lt; 500 ppm<\/td>\n<\/tr>\n<tr>\n<td>Forma da part\u00edcula<\/td>\n<td>Esf\u00e9rica, irregular<\/td>\n<\/tr>\n<tr>\n<td>Densidade Aparente<\/td>\n<td>At\u00e9 80% da densidade te\u00f3rica<\/td>\n<\/tr>\n<tr>\n<td>Taxa de vaz\u00e3o<\/td>\n<td>At\u00e9 25 s\/50 g<\/td>\n<\/tr>\n<\/tbody>\n<\/table>\n<ul class=\"list-disc pl-8 space-y-2\">\n<li class=\"whitespace-normal\">O tamanho do p\u00f3 afeta diretamente a densidade e o acabamento superficial das pe\u00e7as finalizadas. O p\u00f3 mais fino produz maior densidade e melhor acabamento superficial.<\/li>\n<li class=\"whitespace-normal\">Alta pureza reduz problemas de contamina\u00e7\u00e3o durante a consolida\u00e7\u00e3o e melhora as propriedades finais.<\/li>\n<li class=\"whitespace-normal\">P\u00f3 atomizado por g\u00e1s tem morfologia esf\u00e9rica ideal para fabrica\u00e7\u00e3o de aditivos. O p\u00f3 atomizado por \u00e1gua tem forma irregular, \u00fatil para aplica\u00e7\u00f5es de prensagem e sinteriza\u00e7\u00e3o.<\/li>\n<li class=\"whitespace-normal\">A densidade aparente indica a capacidade de compacta\u00e7\u00e3o de um p\u00f3. Maiores densidades melhoram a sinteriza\u00e7\u00e3o.<\/li>\n<li class=\"whitespace-normal\">O caudal afeta a facilidade do manuseio do p\u00f3 e o enchimento uniforme da matriz no processo de prensagem e sinteriza\u00e7\u00e3o.<\/li>\n<\/ul>\n<p class=\"whitespace-pre-wrap\">Os atributos em p\u00f3 podem ser personalizados como distribui\u00e7\u00e3o de tamanho de part\u00edculas, forma, densidade aparente, etc., conforme os requisitos da aplica\u00e7\u00e3o.<\/p>\n<h2>M\u00e9todos de Consolida\u00e7\u00e3o para o P\u00f3 CuCrZr<\/h2>\n<p class=\"whitespace-pre-wrap\">O p\u00f3 de CuCrZr pode ser consolidado em componentes totalmente densos usando m\u00e9todos como:<\/p>\n<table>\n<thead>\n<tr>\n<th>M\u00e9todo de Consolida\u00e7\u00e3o<\/th>\n<th>Detalhes<\/th>\n<\/tr>\n<\/thead>\n<tbody>\n<tr>\n<td>fabrica\u00e7\u00e3o aditiva<\/td>\n<td>Fus\u00e3o seletiva a laser, Fus\u00e3o por feixe de el\u00e9trons<\/td>\n<\/tr>\n<tr>\n<td>Pressionar e Sinterizar<\/td>\n<td>Segue\u2013se de infiltra\u00e7\u00e3o ou outro tratamento de aquecimento adicional<\/td>\n<\/tr>\n<tr>\n<td>Prensagem Isost\u00e1tica a Quente<\/td>\n<td>Adensamento completo de p\u00f3 encapsulado<\/td>\n<\/tr>\n<tr>\n<td>Extrus\u00e3o<\/td>\n<td>Forjamento de p\u00f3s misturados com lubrificantes<\/td>\n<\/tr>\n<tr>\n<td>Sinteriza\u00e7\u00e3o por plasma de fa\u00edsca<\/td>\n<td>Densifica\u00e7\u00e3o r\u00e1pida usando corrente pulsada<\/td>\n<\/tr>\n<\/tbody>\n<\/table>\n<p class=\"whitespace-pre-wrap\">M\u00e9todos de fabrica\u00e7\u00e3o aditiva, como fus\u00e3o seletiva a laser e fus\u00e3o por feixe de el\u00e9trons, s\u00e3o comumente usados para produzir pe\u00e7as CuCrZr complexas e de formato l\u00edquido com microestrutura fina diretamente a partir do p\u00f3.<\/p>\n<p class=\"whitespace-pre-wrap\">O m\u00e9todo de prensagem e sinteriza\u00e7\u00e3o \u00e9 econ\u00f4mico para produ\u00e7\u00e3o de alto volume, mas envolve v\u00e1rias etapas. As propriedades finais dependem da temperatura de sinteriza\u00e7\u00e3o, tempo, atmosfera etc.<\/p>\n<p class=\"whitespace-pre-wrap\">A prensagem isost\u00e1tica a quente aplica alta press\u00e3o, permitindo a densifica\u00e7\u00e3o total em temperaturas mais baixas. Reduz a porosidade em pe\u00e7as fabricadas por adi\u00e7\u00e3o e melhora a vida \u00fatil contra fadiga.<\/p>\n<p class=\"whitespace-pre-wrap\">A extrus\u00e3o e a sinteriza\u00e7\u00e3o a plasma com fa\u00edscas s\u00e3o m\u00e9todos alternativos adequados para geometrias mais simples. O processo de consolida\u00e7\u00e3o influencia a microestrutura final, as propriedades e o desempenho.<\/p>\n<h2>Tratamento T\u00e9rmico da Liga CuCrZr<\/h2>\n<p class=\"whitespace-pre-wrap\">Um benef\u00edcio importante da liga CuCrZr \u00e9 sua resposta ao endurecimento por precipita\u00e7\u00e3o. Tratamentos t\u00e9rmicos de solu\u00e7\u00e3o e envelhecimento podem alterar significativamente sua resist\u00eancia conforme as exig\u00eancias:<\/p>\n<table>\n<thead>\n<tr>\n<th>Tratamento T\u00e9rmico<\/th>\n<th>Detalhes<\/th>\n<\/tr>\n<\/thead>\n<tbody>\n<tr>\n<td>Recozimento de Solu\u00e7\u00e3o<\/td>\n<td>850-980\u00a1\u00abC, t\u00eampera na \u00e1gua. Dissolve precipitados, torna a liga mais macia<\/td>\n<\/tr>\n<tr>\n<td>Envelhecimento<\/td>\n<td>350-500 \u00b0C durante 1 a 4 horas. Controla precipita\u00e7\u00e3o e endurecimento.<\/td>\n<\/tr>\n<tr>\n<td>Alivia o estresse<\/td>\n<td>350\u00a1\u00abC por 1 hora. Remove tens\u00f5es residuais.<\/td>\n<\/tr>\n<\/tbody>\n<\/table>\n<p class=\"whitespace-pre-wrap\">Recozimento em solu\u00e7\u00e3o dissolve o cromo e o zirc\u00f4nio em solu\u00e7\u00e3o s\u00f3lida, seguido de t\u00eampera r\u00e1pida para formar uma solu\u00e7\u00e3o s\u00f3lida supersaturada. O tratamento de envelhecimento subsequente nucleia precipitados coerentes finos que resultam em endurecimento por precipita\u00e7\u00e3o.<\/p>\n<p class=\"whitespace-pre-wrap\">O tempo e a temperatura de envelhecimento controlam diretamente a resposta de endurecimento. Temperaturas de envelhecimento mais baixas e tempos mais curtos preservam a condutividade. O endurecimento por precipita\u00e7\u00e3o pode triplicar a resist\u00eancia em compara\u00e7\u00e3o com a condi\u00e7\u00e3o de solu\u00e7\u00e3o.<\/p>\n<p class=\"whitespace-pre-wrap\">Redu\u00e7\u00e3o de estresse auxilia a reduzir tens\u00f5es residuais de trabalhos anteriores a frio ou quente para minimizar distor\u00e7\u00f5es durante a usinagem.<\/p>\n<h2>Compara\u00e7\u00e3o do p\u00f3 CuCrZr com alternativas<\/h2>\n<p class=\"whitespace-pre-wrap\">CuCrZr compete contra ligas como a\u00e7os inoxid\u00e1veis endurecidos por precipita\u00e7\u00e3o, cobre-ber\u00edlio e n\u00edquel-prata:<\/p>\n<table>\n<thead>\n<tr>\n<th>Liga<\/th>\n<th>CuCrZr<\/th>\n<th>17-4PH A\u00e7o inoxid\u00e1vel<\/th>\n<th>Be-Cu<\/th>\n<th>Ni-Ag<\/th>\n<\/tr>\n<\/thead>\n<tbody>\n<tr>\n<td>For\u00e7a<\/td>\n<td>Excelente<\/td>\n<td>Excelente<\/td>\n<td>Justo<\/td>\n<td>Bom<\/td>\n<\/tr>\n<tr>\n<td>Condutividade<\/td>\n<td>Bom<\/td>\n<td>Pobre<\/td>\n<td>Excelente<\/td>\n<td>Bom<\/td>\n<\/tr>\n<tr>\n<td>Trabalhabilidade<\/td>\n<td>Justo<\/td>\n<td>Bom<\/td>\n<td>Excelente<\/td>\n<td>Excelente<\/td>\n<\/tr>\n<tr>\n<td>Soldabilidade<\/td>\n<td>Justo<\/td>\n<td>Justo<\/td>\n<td>Excelente<\/td>\n<td>Bom<\/td>\n<\/tr>\n<tr>\n<td>Custo<\/td>\n<td>Moderada<\/td>\n<td>Alto<\/td>\n<td>Muito alto<\/td>\n<td>Moderada<\/td>\n<\/tr>\n<\/tbody>\n<\/table>\n<ul class=\"list-disc pl-8 space-y-2\">\n<li class=\"whitespace-normal\"><strong>Inoxid\u00e1vel 17-4PH<\/strong>?apresenta resist\u00eancia compar\u00e1vel, mas condutividade consideravelmente menor, devido ao maior teor de Cr e Ni.<\/li>\n<li class=\"whitespace-normal\"><strong>Cobre ber\u00edlio<\/strong>?tem \u00f3tima condutividade, mas n\u00edveis de for\u00e7a reduzidos. Quest\u00f5es caras e t\u00f3xicas.<\/li>\n<li class=\"whitespace-normal\"><strong>Alpaca<\/strong>?tem \u00f3tima resist\u00eancia, mas menor operabilidade em temperatura. Formabilidade excelente.<\/li>\n<li class=\"whitespace-normal\"><strong>CuCrZr<\/strong>?oferece o melhor equil\u00edbrio de resist\u00eancia, condutividade, trabalhabilidade e custo para muitas aplica\u00e7\u00f5es.<\/li>\n<\/ul>\n<p class=\"whitespace-pre-wrap\">Para combina\u00e7\u00f5es de resist\u00eancia e condutividade, CuCrZr oferece desempenho mais alto e menor custo em compara\u00e7\u00e3o a a\u00e7os inoxid\u00e1veis endurecidos por precipita\u00e7\u00e3o ou ligas de cobre com ber\u00edlio.<\/p>\n<h2>Fornecedores de P\u00f3 de CuCrZr<\/h2>\n<p class=\"whitespace-pre-wrap\">O p\u00f3 CuCrZr \u00e9 fornecido por produtores especializados em p\u00f3 met\u00e1lico. Aqui est\u00e3o alguns dos principais fornecedores:<\/p>\n<table>\n<thead>\n<tr>\n<th>Fornecedor<\/th>\n<th>Atributos de P\u00f3s<\/th>\n<\/tr>\n<\/thead>\n<tbody>\n<tr>\n<td>Sandvik<\/td>\n<td>Faixa de tamanho: 10-150 \u00c3xm, Densidade aparente at\u00e9 65%, P\u00f3 irregular e esf\u00e9rico<\/td>\n<\/tr>\n<tr>\n<td>Hoganas<\/td>\n<td>Tamanho entre 45\u2013150 \u00c3\u00d7m, Densidade aparente de at\u00e9 80%, P\u00f3 esf\u00e9rico, Alta pureza<\/td>\n<\/tr>\n<tr>\n<td>Pometon<\/td>\n<td>Faixa de tamanho de 10 a 63 \u00c5 \u00d7 m, Densidade aparente de at\u00e9 65%, P\u00f3 esf\u00e9rico e irregular<\/td>\n<\/tr>\n<tr>\n<td>CNP P\u00f3<\/td>\n<td>Intervalo de tamanhos 10-150 \u00c3\u00d7m, Densidade aparente at\u00e9 75%, Alta pureza<\/td>\n<\/tr>\n<\/tbody>\n<\/table>\n<p class=\"whitespace-pre-wrap\">V\u00e1rios graus de p\u00f3 est\u00e3o dispon\u00edveis otimizados para aplica\u00e7\u00f5es de fabrica\u00e7\u00e3o aditiva, prensagem e sinteriza\u00e7\u00e3o, ou adaptados para requisitos espec\u00edficos do cliente.<\/p>\n<p class=\"whitespace-pre-wrap\">Os fornecedores de renome fazem extensos controles de qualidade na produ\u00e7\u00e3o do p\u00f3 e disponibilizam os certificados de moagem com comprova\u00e7\u00e3o da composi\u00e7\u00e3o do lote.<\/p>\n<h2>Pre\u00e7os do p\u00f3 de CuCrZr<\/h2>\n<p class=\"whitespace-pre-wrap\">Como um p\u00f3 de liga met\u00e1lica especial, o CuCrZr \u00e9 mais caro que os p\u00f3s de materiais padr\u00e3o. Aqui est\u00e3o algumas faixas de pre\u00e7os t\u00edpicas:<\/p>\n<table>\n<thead>\n<tr>\n<th>\"Gradua\u00e7\u00e3o em p\u00f3\"<\/th>\n<th>Tamanho da part\u00edcula<\/th>\n<th>Intervalo de Pre\u00e7os<\/th>\n<\/tr>\n<\/thead>\n<tbody>\n<tr>\n<td>CuCrZr para fabrica\u00e7\u00e3o aditiva<\/td>\n<td>15-45 \u00c3\u2026m<\/td>\n<td>$ 100-150 por kg<\/td>\n<\/tr>\n<tr>\n<td>CuCrZr para Prensa e Sinteriza\u00e7\u00e3o<\/td>\n<td>45-150 \u03bcm<\/td>\n<td>$50-100 por kg<\/td>\n<\/tr>\n<tr>\n<td>Cobre-cr\u00f4mio-zirc\u00f4nio de alta pureza<\/td>\n<td>10-45 \u03bcm<\/td>\n<td>US$ 180-250 por kg<\/td>\n<\/tr>\n<\/tbody>\n<\/table>\n<ul class=\"list-disc pl-8 space-y-2\">\n<li class=\"whitespace-normal\">P\u00f3 fino abaixo de 45 microns normalmente s\u00e3o acima de US$100\/kg ideais para manufatura aditiva.<\/li>\n<li class=\"whitespace-normal\">P\u00f3 mais grosso de 45-150 m\u00edcrons custa US$ 50-100\/kg, adequado para a via de prensagem e sinteriza\u00e7\u00e3o.<\/li>\n<li class=\"whitespace-normal\">O p\u00f3 de alta pureza (&gt;99,9%) destinado a aplica\u00e7\u00f5es essenciais lidera o pre\u00e7o do pr\u00eamio em mais de $180\/kg.<\/li>\n<li class=\"whitespace-normal\">A redu\u00e7\u00e3o do conte\u00fado de oxig\u00eanio e carbono melhora a consolida\u00e7\u00e3o e propriedades finais.<\/li>\n<li class=\"whitespace-normal\">Os pre\u00e7os variam de acordo com a quantidade, a gama de tamanhos e o n\u00edvel de qualidade do p\u00f3.<\/li>\n<\/ul>\n<p class=\"whitespace-pre-wrap\">Descontos por volume de 1 kg a v\u00e1rias toneladas podem ser negociados com os fornecedores. P\u00f3 de alta pureza com distribui\u00e7\u00e3o controlada do tamanho de part\u00edcula atrai pre\u00e7o mais alto.<\/p>\n<h2>P\u00f3 CuCrZr: Sa\u00fade e Seguran\u00e7a<\/h2>\n<p class=\"whitespace-pre-wrap\">Como a maioria dos p\u00f3s de metais, o p\u00f3 de CuCrZr requer manuseio cuidadoso para minimizar os riscos \u00e0 sa\u00fade e \u00e0 seguran\u00e7a:<\/p>\n<table>\n<thead>\n<tr>\n<th>Perigo<\/th>\n<th>Precau\u00e7\u00f5es<\/th>\n<th>EPI<\/th>\n<\/tr>\n<\/thead>\n<tbody>\n<tr>\n<td>Contacto visual<\/td>\n<td>Evite contato direto. N\u00e3o esfregue os olhos ap\u00f3s a exposi\u00e7\u00e3o. Enxague com \u00e1gua em caso de contato.<\/td>\n<td>\u00d3culos de prote\u00e7\u00e3o<\/td>\n<\/tr>\n<tr>\n<td>Contato com a pele<\/td>\n<td>Evite o contato direto. Lave bem a \u00e1rea afetada com \u00e1gua e sab\u00e3o.<\/td>\n<td>Luvas<\/td>\n<\/tr>\n<tr>\n<td>Inala\u00e7\u00e3o<\/td>\n<td>Evite inspirar o p\u00f3 da levedura. Garanta ventila\u00e7\u00e3o adequada.<\/td>\n<td>Respiradores aprovados<\/td>\n<\/tr>\n<tr>\n<td>Ingest\u00e3o<\/td>\n<td>Evite contato boca-a-m\u00e3o. Lave as m\u00e3os ap\u00f3s manusear.<\/td>\n<td>&#8211;<\/td>\n<\/tr>\n<tr>\n<td>Fogo<\/td>\n<td>Use areia seca para extinguir inc\u00eandio de p\u00f3 met\u00e1lico. N\u00e3o use \u00e1gua.<\/td>\n<td>Equipamento de seguran\u00e7a contra inc\u00eandios<\/td>\n<\/tr>\n<\/tbody>\n<\/table>\n<ul class=\"list-disc pl-8 space-y-2\">\n<li class=\"whitespace-normal\">Use EPI&#8211; \u00f3culos, luvas, m\u00e1scara contra p\u00f3 ao manipular p\u00f3 para minimizar o contato.<\/li>\n<li class=\"whitespace-normal\">Pratique boa higiene ap\u00f3s trabalhar com p\u00f3.<\/li>\n<li class=\"whitespace-normal\">Evite o ac\u00famulo de p\u00f3 sobre as superf\u00edcies.<\/li>\n<li class=\"whitespace-normal\">Armazene recipientes lacrados em \u00e1reas frescas e secas, longe de fontes de igni\u00e7\u00e3o.<\/li>\n<\/ul>\n<p class=\"whitespace-pre-wrap\">Consulte a FISPQ para obter informa\u00e7\u00f5es completas de seguran\u00e7a. Obtenha assist\u00eancia m\u00e9dica se a exposi\u00e7\u00e3o causar irrita\u00e7\u00e3o. Protocolos de seguran\u00e7a adequados minimizam riscos no manuseio de p\u00f3 CuCrZr.<\/p>\n<h2>Inspe\u00e7\u00e3o e Teste do P\u00f3 CuCrZr<\/h2>\n<p class=\"whitespace-pre-wrap\">Para garantir alta qualidade e consist\u00eancia, o p\u00f3 de CuCrZr deve ser inspecionado e testado para:<\/p>\n<table>\n<thead>\n<tr>\n<th>Par\u00e2metros<\/th>\n<th>M\u00e9todo<\/th>\n<th>Especifica\u00e7\u00e3o<\/th>\n<\/tr>\n<\/thead>\n<tbody>\n<tr>\n<td>Composi\u00e7\u00e3o qu\u00edmica<\/td>\n<td>XRF, qu\u00edmica \u00famida<\/td>\n<td>Conformidade com o teor especificado de Cu, Cr e Zr<\/td>\n<\/tr>\n<tr>\n<td>Distribui\u00e7\u00e3o de Tamanho de Part\u00edculas<\/td>\n<td>Difra\u00e7\u00e3o a laser, peneira\u00e7\u00e3o<\/td>\n<td>Tamanho mediano, D10, D90 dentro da gama especificada<\/td>\n<\/tr>\n<tr>\n<td>Morfologia de p\u00f3<\/td>\n<td>Imagem SEM<\/td>\n<td>Forma esf\u00e9rica, sat\u00e9lites m\u00ednimos para p\u00f3 AM<\/td>\n<\/tr>\n<tr>\n<td>Densidade Aparente<\/td>\n<td>Fluxo de via respirat\u00f3ria<\/td>\n<td>Como especificado para aplica\u00e7\u00e3o<\/td>\n<\/tr>\n<tr>\n<td>Taxa de vaz\u00e3o<\/td>\n<td>Fluxo de via respirat\u00f3ria<\/td>\n<td>Como especificado para aplica\u00e7\u00e3o<\/td>\n<\/tr>\n<tr>\n<td>Impurezas<\/td>\n<td>ICP, an\u00e1lise LECO<\/td>\n<td>Baixo teor de oxig\u00eanio e nitrog\u00eanio<\/td>\n<\/tr>\n<\/tbody>\n<\/table>\n<p class=\"whitespace-pre-wrap\">Testes adequados de controle de qualidade no processo e inspe\u00e7\u00e3o final garantem que o p\u00f3 atenda aos atributos qu\u00edmicos, f\u00edsicos e morfol\u00f3gicos exigidos pela aplica\u00e7\u00e3o pretendida. Testes de rotina devem ser implementados tanto pelo produtor quanto pelo usu\u00e1rio de p\u00f3.<\/p>\n<h2>FAQs<\/h2>\n<p class=\"whitespace-pre-wrap\"><strong>P. Para que \u00e9 usada a liga CuCrZr?<\/strong><\/p>\n<p class=\"whitespace-pre-wrap\">A. CuCrZr \u00e9 usado em aplica\u00e7\u00f5es que requerem alta resist\u00eancia combinada com boa condutividade el\u00e9trica e t\u00e9rmica como: eletrodos de solda, dissipadores de calor e molas de alta temperatura.<\/p>\n<p class=\"whitespace-pre-wrap\"><strong>P. Como o p\u00f3 CuCrZr \u00e9 feito?<\/strong><\/p>\n<p class=\"whitespace-pre-wrap\">A. CuCrZr \u00e9 produzido por atomiza\u00e7\u00e3o de g\u00e1s ou atomiza\u00e7\u00e3o de \u00e1gua da liga fundida para criar part\u00edculas de p\u00f3 esf\u00e9ricas ou irregulares com tamanho \u00f3timo para uso de AM ou prensagem e sinteriza\u00e7\u00e3o.<\/p>\n<p class=\"whitespace-pre-wrap\"><strong>P. O que afeta as propriedades das pe\u00e7as de CuCrZr?<\/strong><\/p>\n<p class=\"whitespace-pre-wrap\">A. As propriedades dependem da composi\u00e7\u00e3o, qualidade do p\u00f3, m\u00e9todo de consolida\u00e7\u00e3o e par\u00e2metros, tratamento t\u00e9rmico e microestrutura. A capacidade de endurecimento por precipita\u00e7\u00e3o do CuCrZr tamb\u00e9m permite a customiza\u00e7\u00e3o da resist\u00eancia.<\/p>\n<p class=\"whitespace-pre-wrap\"><strong>P. Qual a diferen\u00e7a entre o p\u00f3 de CuCrZr atomizado a g\u00e1s e atomizado a \u00e1gua?<\/strong><\/p>\n<p class=\"whitespace-pre-wrap\">A.P\u00f3 atomizado a g\u00e1s tem uma morfologia esf\u00e9rica, ideal para processamento AM, enquanto que o p\u00f3 atomizado a \u00e1gua tem uma forma irregular, adequada para a aplica\u00e7\u00e3o de prensa e sinteriza\u00e7\u00e3o.<\/p>\n<p class=\"whitespace-pre-wrap\"><strong>P. A liga CuCrZr necessita de tratamento t\u00e9rmico?<\/strong><\/p>\n<p class=\"whitespace-pre-wrap\">A. Sim, os tratamentos t\u00e9rmicos de recozimento de solu\u00e7\u00e3o e envelhecimento permitem otimizar a resist\u00eancia e a condutividade controlando a precipita\u00e7\u00e3o na microestrutura da liga.<\/p>\n<p class=\"whitespace-pre-wrap\"><strong>P. Qual \u00e9 o pre\u00e7o t\u00edpico do p\u00f3 de CuCrZr?<\/strong><\/p>\n<p class=\"whitespace-pre-wrap\">A. Os p\u00f3s de CuCrZr possuem alcance de US$ 50\/kg para grau de prensa e sinteriza\u00e7\u00e3o at\u00e9 US$ 250\/kg para p\u00f3 de grau AM de alta pureza. Fra\u00e7\u00f5es de tamanho menores e pureza maior aumentam o custo.<\/p>\n<p><\/span><\/span><\/p>","protected":false},"excerpt":{"rendered":"<p>Vis\u00e3o geral do p\u00f3 de CuCrZr O p\u00f3 de CuCrZr \u00e9 uma liga em p\u00f3 composta por cobre (Cu), cr\u00f3mio (Cr) e zirc\u00f3nio (Zr). Ele oferece uma combina\u00e7\u00e3o \u00fanica de propriedades que o tornam adequado para aplica\u00e7\u00f5es de alto desempenho que exigem alta resist\u00eancia, boa condutividade e resist\u00eancia ao amolecimento a temperaturas elevadas. Composi\u00e7\u00e3o do p\u00f3 de CuCrZr O CuCrZr \u00e9 uma liga endurecida por precipita\u00e7\u00e3o...<\/p>","protected":false},"featured_media":1862,"parent":0,"template":"","meta":{"_acf_changed":false,"_kad_blocks_custom_css":"","_kad_blocks_head_custom_js":"","_kad_blocks_body_custom_js":"","_kad_blocks_footer_custom_js":"","_kad_post_transparent":"","_kad_post_title":"","_kad_post_layout":"","_kad_post_sidebar_id":"","_kad_post_content_style":"","_kad_post_vertical_padding":"","_kad_post_feature":"","_kad_post_feature_position":"","_kad_post_header":false,"_kad_post_footer":false,"_kad_post_classname":""},"product-category":[119,129],"class_list":["post-3932","product","type-product","status-publish","has-post-thumbnail","hentry","product-category-3d-printing-metal-powder","product-category-copper-alloy-powder"],"acf":[],"taxonomy_info":{"product-category":[{"value":119,"label":"3D Printing Metal Powder"},{"value":129,"label":"Copper Alloy Powder"}]},"featured_image_src_large":["https:\/\/3dpmetal.com\/wp-content\/uploads\/2024\/02\/CuCrZr-Powder.jpg",600,600,false],"author_info":[],"comment_info":"","_links":{"self":[{"href":"https:\/\/3dpmetal.com\/pt\/wp-json\/wp\/v2\/product\/3932","targetHints":{"allow":["GET"]}}],"collection":[{"href":"https:\/\/3dpmetal.com\/pt\/wp-json\/wp\/v2\/product"}],"about":[{"href":"https:\/\/3dpmetal.com\/pt\/wp-json\/wp\/v2\/types\/product"}],"wp:featuredmedia":[{"embeddable":true,"href":"https:\/\/3dpmetal.com\/pt\/wp-json\/wp\/v2\/media\/1862"}],"wp:attachment":[{"href":"https:\/\/3dpmetal.com\/pt\/wp-json\/wp\/v2\/media?parent=3932"}],"wp:term":[{"taxonomy":"product-category","embeddable":true,"href":"https:\/\/3dpmetal.com\/pt\/wp-json\/wp\/v2\/product-category?post=3932"}],"curies":[{"name":"wp","href":"https:\/\/api.w.org\/{rel}","templated":true}]}}