{"id":3933,"date":"2024-03-18T06:10:15","date_gmt":"2024-03-18T06:10:15","guid":{"rendered":"https:\/\/3dp.45612300.xyz\/product\/cuzn40-powder\/"},"modified":"2024-03-18T06:10:15","modified_gmt":"2024-03-18T06:10:15","slug":"cuzn40-powder","status":"publish","type":"product","link":"https:\/\/3dpmetal.com\/pt\/product\/cuzn40-powder\/","title":{"rendered":"P\u00f3 de CuZn40"},"content":{"rendered":"<p><span style=\"vertical-align: inherit;\"><span style=\"vertical-align: inherit;\"><\/p>\n<p class=\"whitespace-pre-wrap\">CuZn40, tamb\u00e9m conhecida como p\u00f3 de lat\u00e3o, \u00e9 uma liga de cobre-zinco composta por 40% de zinco e o restante de cobre. Ela oferece uma combina\u00e7\u00e3o excelente de resist\u00eancia, ductilidade, resist\u00eancia \u00e0 corros\u00e3o, usinabilidade e pre\u00e7os econ\u00f4micos, o que a torna um dos p\u00f3s met\u00e1licos mais amplamente usados.<\/p>\n<h2>Composi\u00e7\u00e3o do P\u00f3 CuZn40<\/h2>\n<p class=\"whitespace-pre-wrap\">A composi\u00e7\u00e3o do p\u00f3 de lat\u00e3o de CuZn40 \u00e9:<\/p>\n<table>\n<thead>\n<tr>\n<th>Elemento<\/th>\n<th>Composi\u00e7\u00e3o<\/th>\n<\/tr>\n<\/thead>\n<tbody>\n<tr>\n<td>Cobre (Cu)<\/td>\n<td>Equil\u00edbrio<\/td>\n<\/tr>\n<tr>\n<td>Zinco (Zn)<\/td>\n<td>39-41%<\/td>\n<\/tr>\n<\/tbody>\n<\/table>\n<ul class=\"list-disc pl-8 space-y-2\">\n<li class=\"whitespace-normal\">O cobre forma a matriz prim\u00e1ria transmitindo ductilidade e resist\u00eancia \u00e0 corros\u00e3o.<\/li>\n<li class=\"whitespace-normal\">O zinco fornece fortalecimento em solu\u00e7\u00e3o s\u00f3lida e melhora a usinabilidade.<\/li>\n<\/ul>\n<p class=\"whitespace-pre-wrap\">Esta composi\u00e7\u00e3o \u00e9 referida como &#8216;Lat\u00e3o de usinagem livre&#8217; ou &#8216;Lat\u00e3o de alta usinabilidade&#8217; devido aos aprimoramentos do teor de 40% de zinco.<\/p>\n<p class=\"whitespace-pre-wrap\">Pequenas adi\u00e7\u00f5es de chumbo de at\u00e9 0,5% podem estar presentes em algumas variedades para aumentar ainda mais a usinabilidade. O p\u00f3 CuZn40 sem chumbo \u00e9 o preferido para contato com alimentos e seguran\u00e7a ambiental.<\/p>\n<h2>Propriedades do P\u00f3 de CuZn40<\/h2>\n<p class=\"whitespace-pre-wrap\">O p\u00f3 CuZn40 fornece uma mistura vers\u00e1til de propriedades, tornando-o adequado para ampla utiliza\u00e7\u00e3o nas ind\u00fastrias:<\/p>\n<table>\n<thead>\n<tr>\n<th>Propriedade<\/th>\n<th>Valor<\/th>\n<\/tr>\n<\/thead>\n<tbody>\n<tr>\n<td>Densidade<\/td>\n<td>8.4-8.8 g\/cm3<\/td>\n<\/tr>\n<tr>\n<td>Ponto de Fus\u00e3o<\/td>\n<td>900-920\u00a1\u00abC<\/td>\n<\/tr>\n<tr>\n<td>Condutividade El\u00e9trica<\/td>\n<td>26% IACS<\/td>\n<\/tr>\n<tr>\n<td>Condutividade t\u00e9rmica<\/td>\n<td>120 W\/m-K<\/td>\n<\/tr>\n<tr>\n<td>Coeficiente de expans\u00e3o t\u00e9rmica<\/td>\n<td>20 x 10^-6 ?\/u\u00abC<\/td>\n<\/tr>\n<tr>\n<td>M\u00f3dulo de elasticidade<\/td>\n<td>97-110 GPa<\/td>\n<\/tr>\n<tr>\n<td>Resist\u00eancia \u00e0 tra\u00e7\u00e3o<\/td>\n<td>330-550 MPa<\/td>\n<\/tr>\n<tr>\n<td>Elonga\u00e7\u00e3o<\/td>\n<td>15-40%<\/td>\n<\/tr>\n<tr>\n<td>Dureza<\/td>\n<td>80 a 90 Brinell<\/td>\n<\/tr>\n<tr>\n<td>Estabilidade t\u00e9rmica<\/td>\n<td>Bom, at\u00e9 400\u00a1\u00abC<\/td>\n<\/tr>\n<\/tbody>\n<\/table>\n<ul class=\"list-disc pl-8 space-y-2\">\n<li class=\"whitespace-normal\"><strong>Excelente conformabilidade e ductilidade<\/strong>- Alto alongamento permite trabalhos a frio e conforma\u00e7\u00e3o extensos.<\/li>\n<li class=\"whitespace-normal\"><strong>Boa usinabilidade e acabamento<\/strong>? \u2013 Reduzidas for\u00e7as de usinagem em compara\u00e7\u00e3o a ligas de cobre com menos zinco ou nenhum.<\/li>\n<li class=\"whitespace-normal\"><strong>alta resist\u00eancia<\/strong>?- Resist\u00eancia at\u00e9 o dobro da do cobre devido ao zinco em solu\u00e7\u00e3o s\u00f3lida.<\/li>\n<li class=\"whitespace-normal\"><strong>Resistente \u00e0 corros\u00e3o<\/strong>?-Forma uma camada protetora de \u00f3xido na atmosfera. Melhor do que os simples a\u00e7os de carbono.<\/li>\n<li class=\"whitespace-normal\"><strong>N\u00e3o-magn\u00e9tico<\/strong>?- Adequado para aplica\u00e7\u00f5es que requeiram propriedades magn\u00e9ticas m\u00ednimas.<\/li>\n<li class=\"whitespace-normal\"><strong>Boa estabilidade t\u00e9rmica<\/strong>?- Dimens\u00f5es est\u00e1veis durante os ciclos t\u00e9rmicos at\u00e9 a faixa de 400\u00a1\u00abC.<\/li>\n<\/ul>\n<p class=\"whitespace-pre-wrap\">Esta combina\u00e7\u00e3o de for\u00e7a, ductilidade e propriedades t\u00e9rmicas e el\u00e9tricas tornam o CuZn40 adequado para uso amplo em aplica\u00e7\u00f5es el\u00e9tricas, automotivas, mar\u00edtimas e industriais.<\/p>\n<p><img loading=\"lazy\" decoding=\"async\" class=\"size-medium wp-image-1409 aligncenter\" src=\"https:\/\/met3dp.com\/wp-content\/uploads\/2023\/09\/ed7a94ec-3c10-4b1b-87ed--300x300.jpg\" alt=\"CuZn40\" width=\"300\" height=\"300\" title=\"\"><\/p>\n<h2>Aplica\u00e7\u00f5es do CuZn40 Powder<\/h2>\n<p class=\"whitespace-pre-wrap\">As propriedades vers\u00e1teis do p\u00f3 de CuZn40 s\u00e3o adequadas para as seguintes aplica\u00e7\u00f5es:<\/p>\n<table>\n<thead>\n<tr>\n<th>Aplicativo<\/th>\n<th>Benef\u00edcios<\/th>\n<\/tr>\n<\/thead>\n<tbody>\n<tr>\n<td>Conectores el\u00e9tricos<\/td>\n<td>Alta resist\u00eancia, boa condutividade, resist\u00eancia \u00e0 corros\u00e3o<\/td>\n<\/tr>\n<tr>\n<td>Fixa\u00e7\u00f5es, engrenagens<\/td>\n<td>Boa usinabilidade, resist\u00eancia ao desgaste<\/td>\n<\/tr>\n<tr>\n<td>Rolamentos, buchas<\/td>\n<td>Compat\u00edvel com eixos rotativos, boa lubrifica\u00e7\u00e3o<\/td>\n<\/tr>\n<tr>\n<td>Barras de solda<\/td>\n<td>Compatibilidade com a\u00e7o, boa capacidade de brasagem<\/td>\n<\/tr>\n<tr>\n<td>Pe\u00e7as decorativas<\/td>\n<td>Cor dourada atrativa, bom acabamento<\/td>\n<\/tr>\n<tr>\n<td>Gest\u00e3o t\u00e9rmica<\/td>\n<td>Condutividade t\u00e9rmica mais alta que a\u00e7os<\/td>\n<\/tr>\n<\/tbody>\n<\/table>\n<ul class=\"list-disc pl-8 space-y-2\">\n<li class=\"whitespace-normal\"><strong>Conectores e contactos eletricos<\/strong>- Muito usado em pinos, conectores devido \u00e0 for\u00e7a, condutividade e custo em vantagens sobre as alternativas.<\/li>\n<li class=\"whitespace-normal\"><strong>Pe\u00e7as usinadas<\/strong>- Indicado para porcas, parafusos, engrenagens, v\u00e1lvulas, etc., devido \u00e0 excelente usinabilidade.<\/li>\n<li class=\"whitespace-normal\"><strong>Mancais e buchas<\/strong>Compat\u00edvel com eixos de a\u00e7o, ao mesmo tempo que oferece uma boa resist\u00eancia ao desgaste e lubrifica\u00e7\u00e3o.<\/li>\n<li class=\"whitespace-normal\"><strong>Consum\u00edveis para Soldagem<\/strong>- Popular nas barras de enchimento de Cu-Zn e ligas de brasagem para unir componentes de a\u00e7o.<\/li>\n<li class=\"whitespace-normal\"><strong>Acess\u00f3rios decorativos<\/strong>?- Proporciona acabamento dourado est\u00e9tico para pe\u00e7as decorativas e joias.<\/li>\n<li class=\"whitespace-normal\"><strong>Componentes t\u00e9rmicos<\/strong>?- Usado em trocadores de calor e pe\u00e7as de gerenciamento t\u00e9rmico, aproveitando sua condutividade t\u00e9rmica superior.<\/li>\n<\/ul>\n<p class=\"whitespace-pre-wrap\">O p\u00f3 CuZn40 \u00e9 amplamente aceito em todos os setores industriais devido \u00e0s suas propriedades vers\u00e1teis, desempenho e pre\u00e7o econ\u00f4mico.<\/p>\n<h2>Especifica\u00e7\u00f5es do P\u00f3 CuZn40<\/h2>\n<p class=\"whitespace-pre-wrap\">O p\u00f3 CuZn40 est\u00e1 dispon\u00edvel em v\u00e1rias faixas de tamanho, formas e n\u00edveis de pureza:<\/p>\n<table>\n<thead>\n<tr>\n<th>Especifica\u00e7\u00e3o<\/th>\n<th>Op\u00e7\u00f5es<\/th>\n<\/tr>\n<\/thead>\n<tbody>\n<tr>\n<td>Distribui\u00e7\u00e3o de Tamanho de Part\u00edculas<\/td>\n<td>10 &#8211; 150 micras<\/td>\n<\/tr>\n<tr>\n<td>Tamanho m\u00e9dio de part\u00edcula<\/td>\n<td>20, 45, 60, 100 micra<\/td>\n<\/tr>\n<tr>\n<td>Formato de p\u00f3<\/td>\n<td>Irregular, Esf\u00e9rica<\/td>\n<\/tr>\n<tr>\n<td>Densidade Aparente<\/td>\n<td>At\u00e9 75% te\u00f3rico<\/td>\n<\/tr>\n<tr>\n<td>Taxa de vaz\u00e3o<\/td>\n<td>At\u00e9 25 s\/50g<\/td>\n<\/tr>\n<tr>\n<td>Pureza<\/td>\n<td>At\u00e9 99,9%<\/td>\n<\/tr>\n<tr>\n<td>Variantes da liga<\/td>\n<td>CuZn10, CuZn30, CuZn37<\/td>\n<\/tr>\n<\/tbody>\n<\/table>\n<ul class=\"list-disc pl-8 space-y-2\">\n<li class=\"whitespace-normal\">Tamanhos menores de part\u00edculas abaixo de 45 m\u00edcrons permitem maior densifica\u00e7\u00e3o mas reduzem a fluidez.<\/li>\n<li class=\"whitespace-normal\">P\u00f3 esf\u00e9rico proporciona um fluxo e densidade de empacotamento melhores, voltados para a manufatura aditiva.<\/li>\n<li class=\"whitespace-normal\">Maior densidade aparente e taxas de fluxo melhoram o manuseio e processamento de p\u00f3.<\/li>\n<li class=\"whitespace-normal\">Variantes de alta pureza dispon\u00edveis para aplica\u00e7\u00f5es mais exigentes.<\/li>\n<li class=\"whitespace-normal\">Faixa de n\u00edveis de zinco entre 10-40% dispon\u00edvel para diferentes resist\u00eancias e ductilidade.<\/li>\n<\/ul>\n<p class=\"whitespace-pre-wrap\">O p\u00f3 de CuZn40 pode ser personalizado em termos de tamanho de part\u00edcula, formato, densidade, caracter\u00edsticas de fluxo e composi\u00e7\u00e3o da liga com base nos requisitos da aplica\u00e7\u00e3o.<\/p>\n<h2>M\u00e9todos de consolida\u00e7\u00e3o para CuZn40 em p\u00f3<\/h2>\n<p class=\"whitespace-pre-wrap\">O p\u00f3 de CuZn40 pode ser processado em componentes de densidade total usando t\u00e9cnicas como:<\/p>\n<table>\n<thead>\n<tr>\n<th>M\u00e9todo<\/th>\n<th>Detalhes<\/th>\n<\/tr>\n<\/thead>\n<tbody>\n<tr>\n<td>Compacta\u00e7\u00e3o + Sinteriza\u00e7\u00e3o<\/td>\n<td>M\u00e9todo econ\u00f4mico mais antigo com limites de forma.<\/td>\n<\/tr>\n<tr>\n<td>Moldagem por Inje\u00e7\u00e3o de Metal (MIM)<\/td>\n<td>Pe\u00e7as com formato de rede com precis\u00e3o e acabamento de superf\u00edcie excelentes.<\/td>\n<\/tr>\n<tr>\n<td>fabrica\u00e7\u00e3o aditiva<\/td>\n<td>Impress\u00e3o direta a partir de modelos CAD de pe\u00e7as complexas e densas.<\/td>\n<\/tr>\n<tr>\n<td>**Extrus\u00e3o a Quente**<\/td>\n<td>Para formas simples e axissim\u00e9tricas, como barras e tubos.<\/td>\n<\/tr>\n<tr>\n<td>Compacta\u00e7\u00e3o de rolo<\/td>\n<td>Para chapas e frisos que requerem boa ductilidade.<\/td>\n<\/tr>\n<\/tbody>\n<\/table>\n<ul class=\"list-disc pl-8 space-y-2\">\n<li class=\"whitespace-normal\">Compress\u00e3o seguida de sinteriza\u00e7\u00e3o \u00e9 amplamente utilizada, mas requer processamento secund\u00e1rio para densifica\u00e7\u00e3o completa.<\/li>\n<li class=\"whitespace-normal\">MIM oferece precis\u00e3o e acabamento de superf\u00edcie mais altos, mas precisa de altos volumes para justificar os custos de ferramentas.<\/li>\n<li class=\"whitespace-normal\">M\u00e9todos aditivos de fabrica\u00e7\u00e3o como a inje\u00e7\u00e3o ligantes e modelagem de deposi\u00e7\u00e3o fundida est\u00e3o ganhando popularidade para a flexibilidade do projeto.<\/li>\n<li class=\"whitespace-normal\">Extrus\u00e3o e lamina\u00e7\u00e3o s\u00e3o bem adequadas para geometrias simples, como barras, chapas etc., aproveitando a ductilidade.<\/li>\n<\/ul>\n<p class=\"whitespace-pre-wrap\">O m\u00e9todo de consolida\u00e7\u00e3o controla as propriedades finais como densidade, precis\u00e3o, acabamento superficial e microestrutura.<\/p>\n<h2>Tratamento T\u00e9rmico de Pe\u00e7as CuZn40<\/h2>\n<p class=\"whitespace-pre-wrap\">O tratamento t\u00e9rmico das pe\u00e7as de CuZn40 ajuda a adequar uma variedade de propriedades mec\u00e2nicas:<\/p>\n<table>\n<thead>\n<tr>\n<th>Tratamento T\u00e9rmico<\/th>\n<th>Prop\u00f3sito<\/th>\n<\/tr>\n<\/thead>\n<tbody>\n<tr>\n<td>Recozimento de Solu\u00e7\u00e3o<\/td>\n<td>Restaura a ductilidade ap\u00f3s trabalho a frio<\/td>\n<\/tr>\n<tr>\n<td>Alivia o estresse<\/td>\n<td>Remove tens\u00f5es residuais<\/td>\n<\/tr>\n<tr>\n<td>Enrijecimento por precipita\u00e7\u00e3o<\/td>\n<td>Refor\u00e7ado por envelhecimento ap\u00f3s solu\u00e7\u00e3o<\/td>\n<\/tr>\n<\/tbody>\n<\/table>\n<ul class=\"list-disc pl-8 space-y-2\">\n<li class=\"whitespace-normal\">Recozimento entre 700-900\u00a1\u00abC seguido por resfriamento lento amacia a liga, ao remover os efeitos do trabalho a frio, permitindo mais forma\u00e7\u00e3o.<\/li>\n<li class=\"whitespace-normal\">O endurecimento de envelhecimento a baixa temperatura na faixa de 150-350\u00a1\u00abC causa precipita\u00e7\u00e3o de fase rica em cobre aumentando a resist\u00eancia em at\u00e9 50%, mas com perda de ductilidade.<\/li>\n<li class=\"whitespace-normal\">O al\u00edvio de tens\u00f5es em torno de 300-500\u00b0C ajuda a reduzir as tens\u00f5es residuais da moldagem anterior.<\/li>\n<\/ul>\n<p class=\"whitespace-pre-wrap\">O tratamento t\u00e9rmico expande a versatilidade da liga CuZn40, permitindo aprimoramentos de propriedades de acordo com as necessidades de aplica\u00e7\u00e3o.<\/p>\n<h2>Compara\u00e7\u00e3o de CuZn40 com Alternativas<\/h2>\n<p class=\"whitespace-pre-wrap\">Aqui est\u00e1 como o CuZn40 se compara com outros p\u00f3s de ligas de cobre populares:<\/p>\n<table>\n<thead>\n<tr>\n<th>Liga<\/th>\n<th>CuZn40<\/th>\n<th>CuSn6<\/th>\n<th>CuNi18Zn20<\/th>\n<th>Bronze<\/th>\n<\/tr>\n<\/thead>\n<tbody>\n<tr>\n<td>For\u00e7a<\/td>\n<td>Alto<\/td>\n<td>M\u00e9dio<\/td>\n<td>Mais alto<\/td>\n<td>M\u00e9dio<\/td>\n<\/tr>\n<tr>\n<td>Ductilidade<\/td>\n<td>Alto<\/td>\n<td>M\u00e9dio<\/td>\n<td>Baixo<\/td>\n<td>M\u00e9dio<\/td>\n<\/tr>\n<tr>\n<td>Resist\u00eancia \u00e0 corros\u00e3o<\/td>\n<td>Bom<\/td>\n<td>Excelente<\/td>\n<td>Excelente<\/td>\n<td>Excelente<\/td>\n<\/tr>\n<tr>\n<td>Condutividade t\u00e9rmica<\/td>\n<td>120 W\/m-K<\/td>\n<td>50 W\/m-K<\/td>\n<td>20 W\/m-K<\/td>\n<td>60 W\/m-K<\/td>\n<\/tr>\n<tr>\n<td>Custo<\/td>\n<td>Baixo<\/td>\n<td>Alto<\/td>\n<td>Alto<\/td>\n<td>M\u00e9dio<\/td>\n<\/tr>\n<\/tbody>\n<\/table>\n<ul class=\"list-disc pl-8 space-y-2\">\n<li class=\"whitespace-normal\">CuSn6 tem uma resist\u00eancia \u00e0 corros\u00e3o superior, mas menor resist\u00eancia e condutividade t\u00e9rmica. Mais caro.<\/li>\n<li class=\"whitespace-normal\">CuNi18Zn20 tem a resist\u00eancia mais alta, por\u00e9m a ductilidade e a condutividade t\u00e9rmica mais baixas.<\/li>\n<li class=\"whitespace-normal\">Bronzes como o CuSn10 oferecem excelente resist\u00eancia \u00e0 corros\u00e3o, mas apenas for\u00e7a moderada.<\/li>\n<li class=\"whitespace-normal\">O CuZn40 oferece as propriedades gerais mais equilibradas e tem o menor custo.<\/li>\n<\/ul>\n<p class=\"whitespace-pre-wrap\">Devido \u00e0s suas propriedades bem equilibradas, excelente conformabilidade, usinabilidade e baixo custo, o CuZn40 \u00e9 o p\u00f3 de liga de cobre mais popular para uso em v\u00e1rios segmentos industriais.<\/p>\n<h2>Fabricantes de p\u00f3 CuZn40<\/h2>\n<p class=\"whitespace-pre-wrap\">O p\u00f3 CuZn40 \u00e9 produzido em grandes volumes globalmente por grandes produtores de p\u00f3 de metal:<\/p>\n<table>\n<thead>\n<tr>\n<th>Fabricante<\/th>\n<th>Pa\u00eds<\/th>\n<\/tr>\n<\/thead>\n<tbody>\n<tr>\n<td>Hoganas<\/td>\n<td>Su\u00e9cia<\/td>\n<\/tr>\n<tr>\n<td>CNPC<\/td>\n<td>China<\/td>\n<\/tr>\n<tr>\n<td>Grupo Miyou<\/td>\n<td>China<\/td>\n<\/tr>\n<tr>\n<td>GKN Hoeganaes<\/td>\n<td>EUA<\/td>\n<\/tr>\n<tr>\n<td>Eu sou Nickel<\/td>\n<td>Taiwan<\/td>\n<\/tr>\n<tr>\n<td>Produtos Met\u00e1licos SCM<\/td>\n<td>Jap\u00e3o<\/td>\n<\/tr>\n<\/tbody>\n<\/table>\n<p class=\"whitespace-pre-wrap\">Os fabricantes de boa reputa\u00e7\u00e3o t\u00eam um rigoroso controle de qualidade e est\u00e3o de acordo com as normas internacionais de composi\u00e7\u00e3o, distribui\u00e7\u00e3o de tamanho de part\u00edculas, densidade aparente e n\u00edveis de impureza.<\/p>\n<p class=\"whitespace-pre-wrap\">Eles podem personalizar composi\u00e7\u00f5es de p\u00f3 de CuZn40 e atributos como formato de part\u00edcula, densidade, taxas de fluxo etc. com base nos requisitos do cliente para sua aplica\u00e7\u00e3o espec\u00edfica.<\/p>\n<h2>Pre\u00e7os para P\u00f3 CuZn40<\/h2>\n<p class=\"whitespace-pre-wrap\">Como um p\u00f3 de liga comercial amplamente produzido, o CuZn40 \u00e9 bastante econ\u00f4mico. O pre\u00e7o indicativo \u00e9:<\/p>\n<table>\n<thead>\n<tr>\n<th>Tipo de p\u00f3<\/th>\n<th>Tamanho da part\u00edcula<\/th>\n<th>Pre\u00e7o ($\/kg)<\/th>\n<\/tr>\n<\/thead>\n<tbody>\n<tr>\n<td>Para impress\u00e3o<\/td>\n<td>Abaixo de 150 micra<\/td>\n<td>$5-15<\/td>\n<\/tr>\n<tr>\n<td>Para sinteriza\u00e7\u00e3o<\/td>\n<td>45 - 150 microns<\/td>\n<td>$8-20<\/td>\n<\/tr>\n<tr>\n<td>Para MIM<\/td>\n<td>10\u201320 m\u00edcrons<\/td>\n<td>$12-25<\/td>\n<\/tr>\n<tr>\n<td>Para AM<\/td>\n<td>15-45 micr\u00f4metros<\/td>\n<td>$15-30<\/td>\n<\/tr>\n<tr>\n<td>Alta pureza<\/td>\n<td>At\u00e9 5 m\u00edcrons<\/td>\n<td>$25-40<\/td>\n<\/tr>\n<\/tbody>\n<\/table>\n<ul class=\"list-disc pl-8 space-y-2\">\n<li class=\"whitespace-normal\">P\u00f3 de forma irregular para prensagem e sinteriza\u00e7\u00e3o \u00e9 a op\u00e7\u00e3o mais econ\u00f4mica.<\/li>\n<li class=\"whitespace-normal\">O p\u00f3 esf\u00e9rico para MIM e AM \u00e9 mais caro devido ao processo de atomiza\u00e7\u00e3o por g\u00e1s.<\/li>\n<li class=\"whitespace-normal\">Tamanhos de part\u00edcula menores e altos graus de pureza atraem pr\u00eamios de pre\u00e7o.<\/li>\n<li class=\"whitespace-normal\">Pedidos de grande volume em toneladas podem reduzir ainda mais o pre\u00e7o por quilo.<\/li>\n<\/ul>\n<p class=\"whitespace-pre-wrap\">O p\u00f3 de CuZn40 tem pre\u00e7o competitivo devido ao seu amplo uso comercial, permitindo produ\u00e7\u00e3o econ\u00f4mica em grandes volumes.<\/p>\n<h2>Precau\u00e7\u00f5es de Sa\u00fade e Seguran\u00e7a para P\u00f3 CuZn40<\/h2>\n<p class=\"whitespace-pre-wrap\">Como qualquer p\u00f3 met\u00e1lico fino, o p\u00f3 de CuZn40 requer manuseio seguro:<\/p>\n<table>\n<thead>\n<tr>\n<th>Perigo<\/th>\n<th>Precau\u00e7\u00f5es<\/th>\n<th>EPI<\/th>\n<\/tr>\n<\/thead>\n<tbody>\n<tr>\n<td>Inala\u00e7\u00e3o<\/td>\n<td>Evite respirar o p\u00f3 fino. Assegure a ventila\u00e7\u00e3o<\/td>\n<td>M\u00e1scara respirat\u00f3ria<\/td>\n<\/tr>\n<tr>\n<td>Contato com a pele<\/td>\n<td>Use luvas. Lave ap\u00f3s o contato.<\/td>\n<td>Luvas<\/td>\n<\/tr>\n<tr>\n<td>Contacto visual<\/td>\n<td>Utilize \u00f3culos de prote\u00e7\u00e3o. Enxague em caso de contato.<\/td>\n<td>\u00d3culos de prote\u00e7\u00e3o<\/td>\n<\/tr>\n<tr>\n<td>Ingest\u00e3o<\/td>\n<td>Evite contato direto com a boca. Lave as m\u00e3os.<\/td>\n<td>&#8211;<\/td>\n<\/tr>\n<tr>\n<td>Explos\u00e3o de poeira<\/td>\n<td>Evite nuvens de p\u00f3. Equipamento de solo.<\/td>\n<td>&#8211;<\/td>\n<\/tr>\n<\/tbody>\n<\/table>\n<ul class=\"list-disc pl-8 space-y-2\">\n<li class=\"whitespace-normal\">Use EPI \u2013 m\u00e1scara, luvas, \u00f3culos ao manusear p\u00f3.<\/li>\n<li class=\"whitespace-normal\">Evite o contato com a pele. Lave-se ap\u00f3s exposi\u00e7\u00e3o.<\/li>\n<li class=\"whitespace-normal\">Guarde os recipientes lacrados longe de fa\u00edscas e chamas.<\/li>\n<li class=\"whitespace-normal\">Garantir ventila\u00e7\u00e3o e coleta de p\u00f3 adequados.<\/li>\n<li class=\"whitespace-normal\">Consulte a SDS e os regulamentos locais para diretrizes de seguran\u00e7a completas.<\/li>\n<\/ul>\n<p class=\"whitespace-pre-wrap\">Precau\u00e7\u00f5es e EPIs adequados durante o armazenamento, manuseio e processamento minimizam riscos \u00e0 sa\u00fade e seguran\u00e7a.<\/p>\n<h2>Inspe\u00e7\u00e3o e Teste do P\u00f3 CuZn40<\/h2>\n<p class=\"whitespace-pre-wrap\">Para garantir a qualidade, o p\u00f3 CuZn40 deve ser testado:<\/p>\n<table>\n<thead>\n<tr>\n<th>Par\u00e2metros<\/th>\n<th>M\u00e9todo<\/th>\n<th>Especifica\u00e7\u00e3o<\/th>\n<\/tr>\n<\/thead>\n<tbody>\n<tr>\n<td>Composi\u00e7\u00e3o qu\u00edmica<\/td>\n<td>An\u00e1lise da combust\u00e3o ou DRX<\/td>\n<td>Zn 40% \u00a9I 1%, Pb &lt; 1000 ppm<\/td>\n<\/tr>\n<tr>\n<td>Distribui\u00e7\u00e3o de Tamanho de Part\u00edculas<\/td>\n<td>Peneiramento, difra\u00e7\u00e3o a laser<\/td>\n<td>D10, D50, D90 dentro do intervalo<\/td>\n<\/tr>\n<tr>\n<td>Densidade Aparente<\/td>\n<td>Fluxo de via respirat\u00f3ria<\/td>\n<td>M\u00ednimo especificado<\/td>\n<\/tr>\n<tr>\n<td>Taxa de vaz\u00e3o<\/td>\n<td>Fluxo de via respirat\u00f3ria<\/td>\n<td>M\u00e1ximo especificado<\/td>\n<\/tr>\n<tr>\n<td>Impurezas<\/td>\n<td>An\u00e1lise por ICP ou LECO<\/td>\n<td>Oxig\u00eanio e nitrog\u00eanio baixos<\/td>\n<\/tr>\n<\/tbody>\n<\/table>\n<p class=\"whitespace-pre-wrap\">Testes de rotina seguindo padr\u00f5es da ASTM garantem consist\u00eancia na produ\u00e7\u00e3o e p\u00f3 de alta qualidade apropriado para aplica\u00e7\u00f5es finais.<\/p>\n<p class=\"whitespace-pre-wrap\">Os compradores devem insistir em certificados de qualidade de fabricantes de boa reputa\u00e7\u00e3o. Testes internos s\u00e3o recomendados periodicamente.<\/p>\n<h2>FAQs<\/h2>\n<p class=\"whitespace-pre-wrap\"><strong>P. Qual \u00e9 a utiliza\u00e7\u00e3o do CuZn40?<\/strong><\/p>\n<p class=\"whitespace-pre-wrap\">A. CuZn40 \u00e9 amplamente utilizado em conectores el\u00e9tricos, conex\u00f5es de encanamento, engrenagens, pe\u00e7as decorativas etc., aproveitando sua for\u00e7a, ductilidade, resist\u00eancia \u00e0 corros\u00e3o e usinabilidade.<\/p>\n<p class=\"whitespace-pre-wrap\"><strong>P. Qual a diferen\u00e7a entre liga de lat\u00e3o regular e com chumbo?<\/strong><\/p>\n<p class=\"whitespace-pre-wrap\">A. O lat\u00e3o com chumbo cont\u00e9m uma pequena quantidade de chumbo de at\u00e9 3% para melhor usinagem, enquanto o lat\u00e3o comum n\u00e3o tem chumbo. O lat\u00e3o sem chumbo \u00e9 preferido por raz\u00f5es de contato com alimentos e seguran\u00e7a ambiental.<\/p>\n<p class=\"whitespace-pre-wrap\"><strong>Q. O CuZn40 precisa de tratamento t\u00e9rmico?<\/strong><\/p>\n<p class=\"whitespace-pre-wrap\">A. Tratamento t\u00e9rmico opcional pode ser feito para amolecer e restaurar ductilidade por meio de recozimento ou para fortalecer por precipita\u00e7\u00e3o por endurecimento.<\/p>\n<p class=\"whitespace-pre-wrap\"><strong>P. Quais m\u00e9todos s\u00e3o usados para fabricar pe\u00e7as a partir do p\u00f3 CuZn40?<\/strong><\/p>\n<p class=\"whitespace-pre-wrap\">A. Compacta\u00e7\u00e3o seguida por sinteriza\u00e7\u00e3o, moldagem por inje\u00e7\u00e3o de metal e processos de fabrica\u00e7\u00e3o aditiva como jateamento de aglutinante e fabrica\u00e7\u00e3o por deposi\u00e7\u00e3o fundida s\u00e3o t\u00e9cnicas populares para consolidar p\u00f3 de CuZn40 em componentes densos.<\/p>\n<p class=\"whitespace-pre-wrap\"><strong>P. \u00c9 seguro manusear p\u00f3 de CuZn40?<\/strong><\/p>\n<p class=\"whitespace-pre-wrap\">A. Como com qualquer p\u00f3 met\u00e1lico fino, devem ser tomadas precau\u00e7\u00f5es para evitar inala\u00e7\u00e3o e contato com a pele. Ventila\u00e7\u00e3o adequada, EPI e procedimentos operacionais de manuseio seguro minimizam os riscos.<\/p>\n<p><\/span><\/span><\/p>","protected":false},"excerpt":{"rendered":"<p>O CuZn40, tamb\u00e9m conhecido como p\u00f3 de lat\u00e3o, \u00e9 uma liga de cobre-zinco composta por 40% de zinco e o restante de cobre. Oferece uma excelente combina\u00e7\u00e3o de for\u00e7a, ductilidade, resist\u00eancia \u00e0 corros\u00e3o, maquinabilidade e pre\u00e7o econ\u00f3mico, tornando-a uma das ligas em p\u00f3 mais utilizadas. Composi\u00e7\u00e3o do p\u00f3 CuZn40 A composi\u00e7\u00e3o do p\u00f3 de lat\u00e3o CuZn40 \u00e9: Elemento Composi\u00e7\u00e3o Cobre (Cu)...<\/p>","protected":false},"featured_media":1864,"parent":0,"template":"","meta":{"_acf_changed":false,"_kad_blocks_custom_css":"","_kad_blocks_head_custom_js":"","_kad_blocks_body_custom_js":"","_kad_blocks_footer_custom_js":"","_kad_post_transparent":"","_kad_post_title":"","_kad_post_layout":"","_kad_post_sidebar_id":"","_kad_post_content_style":"","_kad_post_vertical_padding":"","_kad_post_feature":"","_kad_post_feature_position":"","_kad_post_header":false,"_kad_post_footer":false,"_kad_post_classname":""},"product-category":[119,129],"class_list":["post-3933","product","type-product","status-publish","has-post-thumbnail","hentry","product-category-3d-printing-metal-powder","product-category-copper-alloy-powder"],"acf":[],"taxonomy_info":{"product-category":[{"value":119,"label":"3D Printing Metal Powder"},{"value":129,"label":"Copper Alloy Powder"}]},"featured_image_src_large":["https:\/\/3dpmetal.com\/wp-content\/uploads\/2024\/02\/CuZn40-Powder.jpg",600,600,false],"author_info":[],"comment_info":"","_links":{"self":[{"href":"https:\/\/3dpmetal.com\/pt\/wp-json\/wp\/v2\/product\/3933","targetHints":{"allow":["GET"]}}],"collection":[{"href":"https:\/\/3dpmetal.com\/pt\/wp-json\/wp\/v2\/product"}],"about":[{"href":"https:\/\/3dpmetal.com\/pt\/wp-json\/wp\/v2\/types\/product"}],"wp:featuredmedia":[{"embeddable":true,"href":"https:\/\/3dpmetal.com\/pt\/wp-json\/wp\/v2\/media\/1864"}],"wp:attachment":[{"href":"https:\/\/3dpmetal.com\/pt\/wp-json\/wp\/v2\/media?parent=3933"}],"wp:term":[{"taxonomy":"product-category","embeddable":true,"href":"https:\/\/3dpmetal.com\/pt\/wp-json\/wp\/v2\/product-category?post=3933"}],"curies":[{"name":"wp","href":"https:\/\/api.w.org\/{rel}","templated":true}]}}