{"id":3936,"date":"2024-03-18T06:10:15","date_gmt":"2024-03-18T06:10:15","guid":{"rendered":"https:\/\/3dp.45612300.xyz\/product\/alsi50-powder\/"},"modified":"2024-03-18T06:10:15","modified_gmt":"2024-03-18T06:10:15","slug":"alsi50-powder","status":"publish","type":"product","link":"https:\/\/3dpmetal.com\/pt\/product\/alsi50-powder\/","title":{"rendered":"P\u00f3 de AlSi50"},"content":{"rendered":"<p><span style=\"vertical-align: inherit;\"><span style=\"vertical-align: inherit;\"><\/p>\n<p class=\"whitespace-pre-wrap\">O AlSi50 \u00e9 um p\u00f3 de liga de alum\u00ednio-sil\u00edcio que cont\u00e9m 50% de sil\u00edcio e restante de alum\u00ednio. Ele oferece uma combina\u00e7\u00e3o excepcional de propriedades como baixa densidade, alta fluidez, baixa expans\u00e3o t\u00e9rmica, alta resist\u00eancia espec\u00edfica e resist\u00eancia \u00e0 corros\u00e3o.<\/p>\n<h2>Composi\u00e7\u00e3o do P\u00f3 AlSi50<\/h2>\n<p class=\"whitespace-pre-wrap\">A composi\u00e7\u00e3o t\u00edpica do p\u00f3 de liga de AlSi50 \u00e9:<\/p>\n<table>\n<thead>\n<tr>\n<th>Elemento<\/th>\n<th>Composi\u00e7\u00e3o<\/th>\n<\/tr>\n<\/thead>\n<tbody>\n<tr>\n<td>Alum\u00ednio (Al)<\/td>\n<td>Equil\u00edbrio<\/td>\n<\/tr>\n<tr>\n<td>Sil\u00edcio (Si)<\/td>\n<td>48-52%<\/td>\n<\/tr>\n<\/tbody>\n<\/table>\n<ul class=\"list-disc pl-8 space-y-2\">\n<li class=\"whitespace-normal\">Alum\u00ednio forma a matriz que proporciona ductilidade, tenacidade e resist\u00eancia \u00e0 corros\u00e3o.<\/li>\n<li class=\"whitespace-normal\">O sil\u00edcio aumenta a dureza, fluidez e reduz o coeficiente de expans\u00e3o t\u00e9rmica.<\/li>\n<\/ul>\n<p class=\"whitespace-pre-wrap\">O alto conte\u00fado de sil\u00edcio de 50% resulta em uma composi\u00e7\u00e3o eut\u00e9tica com o ponto de fus\u00e3o mais baixo poss\u00edvel e excelente fundibilidade. O controle estrito da raz\u00e3o Al para Si \u00e9 cr\u00edtico.<\/p>\n<h2>Propriedades do AlSi50 em P\u00f3<\/h2>\n<p class=\"whitespace-pre-wrap\">O p\u00f3 AlSi50 possui uma combina\u00e7\u00e3o \u00fanica de propriedades, o que o torna adequado para aplica\u00e7\u00f5es de alto desempenho.<\/p>\n<table>\n<thead>\n<tr>\n<th>Propriedade<\/th>\n<th>Valor<\/th>\n<\/tr>\n<\/thead>\n<tbody>\n<tr>\n<td>Densidade<\/td>\n<td>2,55 g\/cm\u00b3<\/td>\n<\/tr>\n<tr>\n<td>Ponto de Fus\u00e3o<\/td>\n<td>577\u00a1\u00abC<\/td>\n<\/tr>\n<tr>\n<td>Resist\u00eancia \u00e0 tra\u00e7\u00e3o final<\/td>\n<td>200-300 MPa<\/td>\n<\/tr>\n<tr>\n<td>Elonga\u00e7\u00e3o<\/td>\n<td>&lt;1%<\/td>\n<\/tr>\n<tr>\n<td>Dureza<\/td>\n<td>100-120 HB<\/td>\n<\/tr>\n<tr>\n<td>Condutividade t\u00e9rmica<\/td>\n<td>50-90 W\/m-K<\/td>\n<\/tr>\n<tr>\n<td>CTE<\/td>\n<td>12-15 x 10^-6\/\u00b5C<\/td>\n<\/tr>\n<tr>\n<td>M\u00f3dulo de Young<\/td>\n<td>80-90 GPa<\/td>\n<\/tr>\n<tr>\n<td>Resist\u00eancia \u00e0 corros\u00e3o<\/td>\n<td>Excelente<\/td>\n<\/tr>\n<\/tbody>\n<\/table>\n<ul class=\"list-disc pl-8 space-y-2\">\n<li class=\"whitespace-normal\"><strong>Baixa Densidade<\/strong>?- At\u00e9 40% menor que ligas de tit\u00e2nio e a\u00e7os.<\/li>\n<li class=\"whitespace-normal\"><strong>Alta fluidez quando fundida<\/strong>?- Permite excelente moldagem e enchimento.<\/li>\n<li class=\"whitespace-normal\"><strong>Alta rela\u00e7\u00e3o resist\u00eancia-peso<\/strong>- Resist\u00eancia espec\u00edfica compar\u00e1vel a de ligas de tit\u00e2nio.<\/li>\n<li class=\"whitespace-normal\"><strong>Baixo coeficiente de expans\u00e3o t\u00e9rmica<\/strong>?- As dimens\u00f5es permanecem est\u00e1veis em uma ampla faixa de temperatura.<\/li>\n<li class=\"whitespace-normal\"><strong>Excelente resist\u00eancia \u00e0 corros\u00e3o<\/strong>?- Camada protetora de \u00f3xido previne a corros\u00e3o na maioria dos ambientes.<\/li>\n<li class=\"whitespace-normal\"><strong>boa condutividade t\u00e9rmica<\/strong>?- Duas vezes o das ligas de tit\u00e2nio, permitindo uma dissipa\u00e7\u00e3o eficiente do calor.<\/li>\n<\/ul>\n<p class=\"whitespace-pre-wrap\">Este perfil de propriedade \u00fanico torna o AlSi50 adequado para aplica\u00e7\u00f5es nas quais massa reduzida, precis\u00e3o, estabilidade e resist\u00eancia s\u00e3o essenciais.<\/p>\n<h2>Aplica\u00e7\u00f5es do p\u00f3 de AlSi50<\/h2>\n<p class=\"whitespace-pre-wrap\">As principais propriedades do p\u00f3 de AlSi50 o tornam um material ideal para:<\/p>\n<table>\n<thead>\n<tr>\n<th>APLICA\u00c7\u00d5ES<\/th>\n<th>Benef\u00edcios<\/th>\n<\/tr>\n<\/thead>\n<tbody>\n<tr>\n<td>Componentes automotivos<\/td>\n<td>Baixa densidade e excelente fundibilidade.<\/td>\n<\/tr>\n<tr>\n<td>Pe\u00e7as aeroespaciais<\/td>\n<td>Alta resist\u00eancia espec\u00edfica, dimens\u00f5es est\u00e1veis.<\/td>\n<\/tr>\n<tr>\n<td>Suportes eletr\u00f4nicos<\/td>\n<td>Gerenciamento t\u00e9rmico, correspond\u00eancia CTE com cer\u00e2micas.<\/td>\n<\/tr>\n<tr>\n<td>Blanks para espelhos<\/td>\n<td>Baixa densidade, usinabilidade, estabilidade.<\/td>\n<\/tr>\n<tr>\n<td>Implantes m\u00e9dicos<\/td>\n<td>Biocompat\u00edvel, at\u00f3xico, anticorrosivo.<\/td>\n<\/tr>\n<\/tbody>\n<\/table>\n<ul class=\"list-disc pl-8 space-y-2\">\n<li class=\"whitespace-normal\"><strong>Automotivo<\/strong>?- Usados em pist\u00f5es, blocos de motor, pe\u00e7as de transmiss\u00e3o para reduzir peso e melhorar a economia de combust\u00edvel.<\/li>\n<li class=\"whitespace-normal\"><strong>Aeroespacial<\/strong>?- Ideal para componentes aeroespaciais de precis\u00e3o, como atuadores e rodas de turbocompressor, que exigem maior resist\u00eancia em rela\u00e7\u00e3o ao peso.<\/li>\n<li class=\"whitespace-normal\"><strong>Eletr\u00f4nica<\/strong>?- Substratos para PCBs, pacotes de CI para gerenciar cargas t\u00e9rmicas e combinar o comportamento de expans\u00e3o da cer\u00e2mica.<\/li>\n<li class=\"whitespace-normal\"><strong>\u00d3ptica<\/strong>?- Blankos para espelhos e telesc\u00f3pios se beneficiam da alta estabilidade dimensional e maquinabilidade.<\/li>\n<li class=\"whitespace-normal\"><strong>M\u00e9dico<\/strong>?- Excelente biocompatibilidade e resist\u00eancia \u00e0 corros\u00e3o para implantes como dispositivos ortop\u00e9dicos.<\/li>\n<\/ul>\n<p class=\"whitespace-pre-wrap\">AlSi50 oferece o m\u00e1ximo desempenho onde baixa densidade, precis\u00e3o e resist\u00eancia s\u00e3o cr\u00edticos.<\/p>\n<p><img loading=\"lazy\" decoding=\"async\" class=\"size-medium wp-image-1409 aligncenter\" src=\"https:\/\/met3dp.com\/wp-content\/uploads\/2023\/09\/ed7a94ec-3c10-4b1b-87ed--300x300.jpg\" alt=\"P\u00f3 de AlSi50\" width=\"300\" height=\"300\" title=\"\"><\/p>\n<h2>Especifica\u00e7\u00f5es do P\u00f3 AlSi50<\/h2>\n<p class=\"whitespace-pre-wrap\">O p\u00f3 de AlSi50 est\u00e1 dispon\u00edvel em v\u00e1rias fra\u00e7\u00f5es de tamanho, formas e n\u00edveis de pureza:<\/p>\n<table>\n<thead>\n<tr>\n<th>Par\u00e2metros<\/th>\n<th>Op\u00e7\u00f5es<\/th>\n<\/tr>\n<\/thead>\n<tbody>\n<tr>\n<td>Tamanho da part\u00edcula<\/td>\n<td>10 &#8211; 150 micras<\/td>\n<\/tr>\n<tr>\n<td>Forma da part\u00edcula<\/td>\n<td>Irregular, Esf\u00e9rica<\/td>\n<\/tr>\n<tr>\n<td>Densidade Aparente<\/td>\n<td>At\u00e9 2,7 g\/cm3<\/td>\n<\/tr>\n<tr>\n<td>Taxa de vaz\u00e3o<\/td>\n<td>At\u00e9 25 s\/50g<\/td>\n<\/tr>\n<tr>\n<td>Pureza<\/td>\n<td>At\u00e9 99,7%<\/td>\n<\/tr>\n<tr>\n<td>Variantes da liga<\/td>\n<td>AlSi40, AlSi30<\/td>\n<\/tr>\n<\/tbody>\n<\/table>\n<ul class=\"list-disc pl-8 space-y-2\">\n<li class=\"whitespace-normal\">Part\u00edculas menores promovem uma densidade de sinteriza\u00e7\u00e3o maior, enquanto part\u00edculas grandes melhoram a fluidez.<\/li>\n<li class=\"whitespace-normal\">A morfologia esf\u00e9rica melhora o fluxo de p\u00f3 em compara\u00e7\u00e3o com part\u00edculas irregulares.<\/li>\n<li class=\"whitespace-normal\">A maior densidade aparente aumenta a carga efetiva na fabrica\u00e7\u00e3o de comp\u00f3sitos.<\/li>\n<li class=\"whitespace-normal\">Taxas de fluxo mais r\u00e1pidas melhoram a facilidade de manuseio e processamento do p\u00f3.<\/li>\n<li class=\"whitespace-normal\">Graus de alta pureza minimizam problemas de contamina\u00e7\u00e3o.<\/li>\n<li class=\"whitespace-normal\">Existem tamb\u00e9m ligas de alum\u00ednio e sil\u00edcio com 30-40% de sil\u00edcio.<\/li>\n<\/ul>\n<p class=\"whitespace-pre-wrap\">Os atributos do p\u00f3 podem ser personalizados com base nos requisitos de aplica\u00e7\u00e3o espec\u00edficos e nos m\u00e9todos de processamento.<\/p>\n<h2>M\u00e9todos de consolida\u00e7\u00e3o para p\u00f3 AlSi50<\/h2>\n<p class=\"whitespace-pre-wrap\">O p\u00f3 AlSi50 pode ser transformado em componentes de densidade total usando t\u00e9cnicas como:<\/p>\n<table>\n<thead>\n<tr>\n<th>M\u00e9todo<\/th>\n<th>Detalhes<\/th>\n<\/tr>\n<\/thead>\n<tbody>\n<tr>\n<td>fabrica\u00e7\u00e3o aditiva<\/td>\n<td>Excelente liberdade geom\u00e9trica para formas complexas.<\/td>\n<\/tr>\n<tr>\n<td>Moldagem por Inje\u00e7\u00e3o de Metal<\/td>\n<td>Capacidade de forma l\u00edquida de alta precis\u00e3o.<\/td>\n<\/tr>\n<tr>\n<td>Pressionar e Sinterizar<\/td>\n<td>Econ\u00f4mico para produzir formas mais simples em maior volume.<\/td>\n<\/tr>\n<tr>\n<td>Elenco<\/td>\n<td>Aproveitando excelente fluidez e comportamento de preenchimento de moldes.<\/td>\n<\/tr>\n<tr>\n<td>Extrus\u00e3o<\/td>\n<td>Para perfis, vergalh\u00f5es e tubos.<\/td>\n<\/tr>\n<\/tbody>\n<\/table>\n<ul class=\"list-disc pl-8 space-y-2\">\n<li class=\"whitespace-normal\">As t\u00e9cnicas de FA com fus\u00e3o de leito de p\u00f3 como a fus\u00e3o seletiva a laser s\u00e3o ideais para pe\u00e7as complexas de baixo volume.<\/li>\n<li class=\"whitespace-normal\">A moldagem por inje\u00e7\u00e3o de metal oferece toler\u00e2ncias e acabamento de superf\u00edcie mais pr\u00f3ximos.<\/li>\n<li class=\"whitespace-normal\">Prensagem seguida por sinteriza\u00e7\u00e3o em fase l\u00edquida \u00e9 comumente utilizada, mas o processamento secund\u00e1rio \u00e9 necess\u00e1rio.<\/li>\n<li class=\"whitespace-normal\">A fundi\u00e7\u00e3o de investimento fornece maior produtividade para geometrias mais simples.<\/li>\n<li class=\"whitespace-normal\">A extrus\u00e3o \u00e9 adequada para a produ\u00e7\u00e3o cont\u00ednua de barras, varas e tubos.<\/li>\n<\/ul>\n<p class=\"whitespace-pre-wrap\">O m\u00e9todo de consolida\u00e7\u00e3o influencia fortemente as propriedades finais, a microestrutura e a economia de custos.<\/p>\n<h2>**Tratamento t\u00e9rmico de pe\u00e7as de AlSi50**<\/h2>\n<p class=\"whitespace-pre-wrap\">Os seguintes tratamentos t\u00e9rmicos podem ser usados para modificar as propriedades do AlSi50 :<\/p>\n<table>\n<thead>\n<tr>\n<th>Tratamento T\u00e9rmico<\/th>\n<th>Detalhes<\/th>\n<th>Prop\u00f3sito<\/th>\n<\/tr>\n<\/thead>\n<tbody>\n<tr>\n<td>Tratamento t\u00e9rmico de solu\u00e7\u00e3o<\/td>\n<td>500-550\u00a1\u00abC, t\u00eampera<\/td>\n<td>Dissolver fases sol\u00faveis<\/td>\n<\/tr>\n<tr>\n<td>Envelhecimento artificial<\/td>\n<td>150-180 \u00a1\u00ab C, 5-10 horas<\/td>\n<td>Enrijecimento por precipita\u00e7\u00e3o<\/td>\n<\/tr>\n<tr>\n<td>Alivia o estresse<\/td>\n<td>250\u00b0C, 2 horas<\/td>\n<td>Retire tens\u00f5es residuais<\/td>\n<\/tr>\n<\/tbody>\n<\/table>\n<ul class=\"list-disc pl-8 space-y-2\">\n<li class=\"whitespace-normal\">Tratamento solubiliza\u00e7\u00e3o dissolve part\u00edculas de sil\u00edcio na matriz de alum\u00ednio seguido de resfriamento r\u00e1pido.<\/li>\n<li class=\"whitespace-normal\">O envelhecimento subsequente faz com que o silicone volte a precipitar como dispers\u00f3ides finos, conferindo resist\u00eancia.<\/li>\n<li class=\"whitespace-normal\">O al\u00edvio de tens\u00f5es de baixa temperatura ajuda a reduzir as tens\u00f5es residuais das etapas de conforma\u00e7\u00e3o anteriores.<\/li>\n<\/ul>\n<p class=\"whitespace-pre-wrap\">O tratamento t\u00e9rmico adequado permite personalizar a resist\u00eancia, a dureza e a ductilidade de acordo com os requisitos da aplica\u00e7\u00e3o.<\/p>\n<h2>Compara\u00e7\u00e3o do P\u00f3 de AlSi50 com Alternativas<\/h2>\n<p class=\"whitespace-pre-wrap\">Veja aqui como AlSi50 compara com outras ligas eut\u00e9ticas de alum\u00ednio-sil\u00edcio:<\/p>\n<table>\n<thead>\n<tr>\n<th>Liga<\/th>\n<th>AlSi 50<\/th>\n<th>AlSi40<\/th>\n<th>AlSi30<\/th>\n<\/tr>\n<\/thead>\n<tbody>\n<tr>\n<td>Fluidez<\/td>\n<td>Mais alto<\/td>\n<td>Alto<\/td>\n<td>M\u00e9dio<\/td>\n<\/tr>\n<tr>\n<td>Fundibilidade<\/td>\n<td>Excelente<\/td>\n<td>Muito bom<\/td>\n<td>Bom<\/td>\n<\/tr>\n<tr>\n<td>Dureza<\/td>\n<td>Alto<\/td>\n<td>M\u00e9dio<\/td>\n<td>Baixo<\/td>\n<\/tr>\n<tr>\n<td>For\u00e7a<\/td>\n<td>Alto<\/td>\n<td>M\u00e9dio<\/td>\n<td>Baixo<\/td>\n<\/tr>\n<tr>\n<td>Condutividade t\u00e9rmica<\/td>\n<td>M\u00e9dio<\/td>\n<td>Alto<\/td>\n<td>Mais alto<\/td>\n<\/tr>\n<tr>\n<td>CTE<\/td>\n<td>Baixo<\/td>\n<td>M\u00e9dio<\/td>\n<td>Alto<\/td>\n<\/tr>\n<tr>\n<td>Custo<\/td>\n<td>Alto<\/td>\n<td>M\u00e9dio<\/td>\n<td>Baixo<\/td>\n<\/tr>\n<\/tbody>\n<\/table>\n<ul class=\"list-disc pl-8 space-y-2\">\n<li class=\"whitespace-normal\">AlSi40 oferece a melhor combina\u00e7\u00e3o de fluidez, resist\u00eancia e condutividade t\u00e9rmica em todas as \u00e1reas.<\/li>\n<li class=\"whitespace-normal\">AlSi30 proporciona maior condutividade t\u00e9rmica, mas menor resist\u00eancia e fluidez.<\/li>\n<li class=\"whitespace-normal\">O AlSi50 tem a maior fluidez, dureza e resist\u00eancia, mas menor condutividade t\u00e9rmica.<\/li>\n<\/ul>\n<p class=\"whitespace-pre-wrap\">AlSi50 \u00e9 a escolha preferencial quando maleabilidade m\u00e1xima, estabilidade dimensional e alta resist\u00eancia espec\u00edfica s\u00e3o cruciais.<\/p>\n<h2>Fabricantes de P\u00f3 AlSi50<\/h2>\n<p class=\"whitespace-pre-wrap\">Como p\u00f3 de liga especial, o AlSi50 \u00e9 produzido por uma gama de fornecedores globalmente:<\/p>\n<table>\n<thead>\n<tr>\n<th>Fabricante<\/th>\n<th>Pa\u00eds<\/th>\n<\/tr>\n<\/thead>\n<tbody>\n<tr>\n<td>Metais de aglutin\u00e1rio<\/td>\n<td>Alemanha<\/td>\n<\/tr>\n<tr>\n<td>CNP P\u00f3<\/td>\n<td>China<\/td>\n<\/tr>\n<tr>\n<td>Sandvik Osprey<\/td>\n<td>Reino Unido<\/td>\n<\/tr>\n<tr>\n<td>P\u00f3s met\u00e1licos Rio Tinto<\/td>\n<td>Canad\u00e1<\/td>\n<\/tr>\n<tr>\n<td>Valimet Inc<\/td>\n<td>EUA<\/td>\n<\/tr>\n<tr>\n<td>ASK Chemicals<\/td>\n<td>EUA<\/td>\n<\/tr>\n<\/tbody>\n<\/table>\n<p class=\"whitespace-pre-wrap\">Os fabricantes de boa reputa\u00e7\u00e3o t\u00eam um rigoroso controle de qualidade e est\u00e3o de acordo com as normas internacionais de composi\u00e7\u00e3o, distribui\u00e7\u00e3o de tamanho de part\u00edculas, densidade aparente e n\u00edveis de impureza.<\/p>\n<h2>Pre\u00e7o do P\u00f3 AlSi50<\/h2>\n<p class=\"whitespace-pre-wrap\">Como um p\u00f3 de liga especial avan\u00e7ada, o AlSi 50 garante um pre\u00e7o premium em rela\u00e7\u00e3o \u00e0s categorias de alum\u00ednio puro:<\/p>\n<table>\n<thead>\n<tr>\n<th>\"Gradua\u00e7\u00e3o em p\u00f3\"<\/th>\n<th>Tamanho da part\u00edcula<\/th>\n<th>Pre\u00e7o ($\/kg)<\/th>\n<\/tr>\n<\/thead>\n<tbody>\n<tr>\n<td>Para impress\u00e3o<\/td>\n<td>Menos de 150 \u03bcm<\/td>\n<td>$15-25<\/td>\n<\/tr>\n<tr>\n<td>Para sinteriza\u00e7\u00e3o<\/td>\n<td>45-150 \u03bcm<\/td>\n<td>$18-30<\/td>\n<\/tr>\n<tr>\n<td>Para AM<\/td>\n<td>15-45 \u00c3\u2026m<\/td>\n<td>$30-50<\/td>\n<\/tr>\n<tr>\n<td>Alta pureza<\/td>\n<td>At\u00e9 10 \u00c3\u00d7m<\/td>\n<td>$40-75<\/td>\n<\/tr>\n<\/tbody>\n<\/table>\n<ul class=\"list-disc pl-8 space-y-2\">\n<li class=\"whitespace-normal\">As fra\u00e7\u00f5es mais finas para AM e sinteriza\u00e7\u00e3o s\u00e3o mais caras do que o p\u00f3 mais grosso para compress\u00e3o.<\/li>\n<li class=\"whitespace-normal\">Pequenos lotes com menos de 100 kg t\u00eam pre\u00e7os mais altos.<\/li>\n<li class=\"whitespace-normal\">Graus de alta pureza com menor teor de oxig\u00eanio e nitrog\u00eanio s\u00e3o 50-100% mais caros.<\/li>\n<li class=\"whitespace-normal\">Reduzir o conte\u00fado de sil\u00edcio a AlSi40 reduz os custos em cerca de 20%.<\/li>\n<\/ul>\n<p class=\"whitespace-pre-wrap\">Descontos por volume, contratos de longo prazo e especifica\u00e7\u00f5es de part\u00edculas mais simples ajudam a reduzir custos.<\/p>\n<h2>Considera\u00e7\u00f5es de sa\u00fade e seguran\u00e7a para o p\u00f3 de AlSi50<\/h2>\n<p class=\"whitespace-pre-wrap\">Como qualquer p\u00f3 met\u00e1lico, o p\u00f3 de AlSi50 requer manuseio seguro:<\/p>\n<table>\n<thead>\n<tr>\n<th>Perigo<\/th>\n<th>Precau\u00e7\u00f5es<\/th>\n<th>EPI<\/th>\n<\/tr>\n<\/thead>\n<tbody>\n<tr>\n<td>Contacto com a pele\/olhos<\/td>\n<td>Evite contacto direto. Enx\u00e1gue se exposto.<\/td>\n<td>Luvas, \u00f3culos<\/td>\n<\/tr>\n<tr>\n<td>Inala\u00e7\u00e3o<\/td>\n<td>Evite respirar o p\u00f3. Garanta ventila\u00e7\u00e3o.<\/td>\n<td>Respirador<\/td>\n<\/tr>\n<tr>\n<td>Ingest\u00e3o<\/td>\n<td>Evite levar a m\u00e3o \u00e0 boca. Lave as m\u00e3os.<\/td>\n<td>&#8211;<\/td>\n<\/tr>\n<tr>\n<td>Fogo<\/td>\n<td>Use areia. N\u00e3o use agua.<\/td>\n<td>Equipamento de prote\u00e7\u00e3o<\/td>\n<\/tr>\n<\/tbody>\n<\/table>\n<ul class=\"list-disc pl-8 space-y-2\">\n<li class=\"whitespace-normal\">Use luvas, \u00f3culos de prote\u00e7\u00e3o e m\u00e1scara ao usar o p\u00f3.<\/li>\n<li class=\"whitespace-normal\">Evite o contato com a pele. Lave-se ap\u00f3s exposi\u00e7\u00e3o.<\/li>\n<li class=\"whitespace-normal\">Guarde em local fresco, seco e longe de fa\u00edscas, chamas.<\/li>\n<li class=\"whitespace-normal\">Garantir ventila\u00e7\u00e3o e coleta de p\u00f3 adequados.<\/li>\n<li class=\"whitespace-normal\">Consulte a SDS e os regulamentos locais para obter orienta\u00e7\u00f5es completas.<\/li>\n<\/ul>\n<p class=\"whitespace-pre-wrap\">Com precau\u00e7\u00f5es adequadas e EPIs, o p\u00f3 da AlSi50 pode ser manuseado com seguran\u00e7a.<\/p>\n<h2>Inspe\u00e7\u00e3o e Teste de P\u00f3 de AlSi50<\/h2>\n<p class=\"whitespace-pre-wrap\">Para garantir as especifica\u00e7\u00f5es de qualidade sejam atendidas, o p\u00f3 AlSi50 deve passar por:<\/p>\n<table>\n<thead>\n<tr>\n<th>Par\u00e2metros<\/th>\n<th>M\u00e9todo<\/th>\n<th>Especifica\u00e7\u00e3o<\/th>\n<\/tr>\n<\/thead>\n<tbody>\n<tr>\n<td>Composi\u00e7\u00e3o qu\u00edmica<\/td>\n<td>OES, XRF, qu\u00edmica \u00famida<\/td>\n<td>Conformidade com o conte\u00fado de Al e Si<\/td>\n<\/tr>\n<tr>\n<td>Distribui\u00e7\u00e3o de Tamanho de Part\u00edculas<\/td>\n<td>Difra\u00e7\u00e3o a laser, peneira\u00e7\u00e3o<\/td>\n<td>D10, D50, D90 dentro do intervalo<\/td>\n<\/tr>\n<tr>\n<td>Morfologia de p\u00f3<\/td>\n<td>Imagem SEM<\/td>\n<td>Caracter\u00edsticas de forma e fluxo<\/td>\n<\/tr>\n<tr>\n<td>Densidade Aparente<\/td>\n<td>Teste de flux\u00f4metro de efeito Hall<\/td>\n<td>Densidade m\u00ednima especificada<\/td>\n<\/tr>\n<tr>\n<td>Taxa de vaz\u00e3o<\/td>\n<td>Teste de flux\u00f4metro de efeito Hall<\/td>\n<td>M\u00e1ximo de segundos para fluxo de 50g<\/td>\n<\/tr>\n<tr>\n<td>N\u00edveis de impureza<\/td>\n<td>An\u00e1lise por ICP ou LECO<\/td>\n<td>Baixo teor de oxig\u00e9nio, teor de humidade<\/td>\n<\/tr>\n<\/tbody>\n<\/table>\n<p class=\"whitespace-pre-wrap\">Os ensaios devem ser realizados periodicamente de acordo com as normas ASTM para garantir a consist\u00eancia na qualidade da produ\u00e7\u00e3o e no desempenho em aplica\u00e7\u00f5es para uso final.<\/p>\n<h2>FAQs<\/h2>\n<p class=\"whitespace-pre-wrap\"><strong>P. O que \u00e9 o AlSi50 usado para?<\/strong><\/p>\n<p class=\"whitespace-pre-wrap\">A. AlSi50 \u00e9 ideal para aplica\u00e7\u00f5es como componentes automotivos, pe\u00e7as aeroespaciais e substratos eletr\u00f4nicos onde baixa massa, estabilidade de dimens\u00e3o e alta fluidez s\u00e3o essenciais.<\/p>\n<p class=\"whitespace-pre-wrap\"><strong>P. O AlSi50 requer tratamento t\u00e9rmico?<\/strong><\/p>\n<p class=\"whitespace-pre-wrap\">A. Pode-se fazer um tratamento t\u00e9rmico opcional, incluindo solubilizar e envelhecer para aumentar a resist\u00eancia por part\u00edculas de precipita\u00e7\u00e3o de sil\u00edcio na microestrutura.<\/p>\n<p class=\"whitespace-pre-wrap\"><strong>P. Quais m\u00e9todos podem consolidar o p\u00f3 AlSi50?<\/strong><\/p>\n<p class=\"whitespace-pre-wrap\">A. O p\u00f3 AlSi50 pode ser consolidado at\u00e9 a densidade total usando metal injection molding, fundi\u00e7\u00e3o, fabrica\u00e7\u00e3o aditiva via SLM\/EBM, extrus\u00e3o e sinteriza\u00e7\u00e3o.<\/p>\n<p class=\"whitespace-pre-wrap\"><strong>Q. O AlSi50 \u00e9 facilmente sold\u00e1vel?<\/strong><\/p>\n<p class=\"whitespace-pre-wrap\">A. O AlSi50 tem soldabilidade relativamente pobre devido ao alto teor de sil\u00edcio. Material de preenchimento e t\u00e9cnicas especiais s\u00e3o necess\u00e1rios para soldar esta liga.<\/p>\n<p class=\"whitespace-pre-wrap\"><strong>R. O p\u00f3 de AlSi50 \u00e9 seguro para manusear?<\/strong><\/p>\n<p class=\"whitespace-pre-wrap\">A. Como qualquer p\u00f3 de metal fino, devem ser tomadas precau\u00e7\u00f5es de seguran\u00e7a padr\u00e3o ao manusear o p\u00f3 AlSi50 para minimizar os riscos de sa\u00fade e seguran\u00e7a.<\/p>\n<div id=\"gtx-trans\" style=\"position: absolute;left: 95px;top: -10px\">\n<div class=\"gtx-trans-icon\"><\/div>\n<\/div>\n<p><\/span><\/span><\/p>","protected":false},"excerpt":{"rendered":"<p>O AlSi50 \u00e9 um p\u00f3 de liga de alum\u00ednio-sil\u00edcio que cont\u00e9m 50% de sil\u00edcio e o restante alum\u00ednio. Oferece uma combina\u00e7\u00e3o excecional de propriedades como baixa densidade, alta fluidez, baixa expans\u00e3o t\u00e9rmica, alta resist\u00eancia espec\u00edfica e resist\u00eancia \u00e0 corros\u00e3o. Composi\u00e7\u00e3o do p\u00f3 AlSi50 A composi\u00e7\u00e3o t\u00edpica do p\u00f3 da liga AlSi50 \u00e9: Elemento Composi\u00e7\u00e3o Alum\u00ednio (Al) Equil\u00edbrio Sil\u00edcio (Si) 48-52% O alum\u00ednio forma a...<\/p>","protected":false},"featured_media":1869,"parent":0,"template":"","meta":{"_acf_changed":false,"_kad_blocks_custom_css":"","_kad_blocks_head_custom_js":"","_kad_blocks_body_custom_js":"","_kad_blocks_footer_custom_js":"","_kad_post_transparent":"","_kad_post_title":"","_kad_post_layout":"","_kad_post_sidebar_id":"","_kad_post_content_style":"","_kad_post_vertical_padding":"","_kad_post_feature":"","_kad_post_feature_position":"","_kad_post_header":false,"_kad_post_footer":false,"_kad_post_classname":""},"product-category":[119,124],"class_list":["post-3936","product","type-product","status-publish","has-post-thumbnail","hentry","product-category-3d-printing-metal-powder","product-category-aluminum-based-alloy-powder"],"acf":[],"taxonomy_info":{"product-category":[{"value":119,"label":"3D Printing Metal Powder"},{"value":124,"label":"Aluminum Based Alloy Powder"}]},"featured_image_src_large":["https:\/\/3dpmetal.com\/wp-content\/uploads\/2024\/02\/AlSi50.jpg",600,600,false],"author_info":[],"comment_info":"","_links":{"self":[{"href":"https:\/\/3dpmetal.com\/pt\/wp-json\/wp\/v2\/product\/3936","targetHints":{"allow":["GET"]}}],"collection":[{"href":"https:\/\/3dpmetal.com\/pt\/wp-json\/wp\/v2\/product"}],"about":[{"href":"https:\/\/3dpmetal.com\/pt\/wp-json\/wp\/v2\/types\/product"}],"wp:featuredmedia":[{"embeddable":true,"href":"https:\/\/3dpmetal.com\/pt\/wp-json\/wp\/v2\/media\/1869"}],"wp:attachment":[{"href":"https:\/\/3dpmetal.com\/pt\/wp-json\/wp\/v2\/media?parent=3936"}],"wp:term":[{"taxonomy":"product-category","embeddable":true,"href":"https:\/\/3dpmetal.com\/pt\/wp-json\/wp\/v2\/product-category?post=3936"}],"curies":[{"name":"wp","href":"https:\/\/api.w.org\/{rel}","templated":true}]}}