{"id":3937,"date":"2024-03-18T06:10:15","date_gmt":"2024-03-18T06:10:15","guid":{"rendered":"https:\/\/3dp.45612300.xyz\/product\/420-powder\/"},"modified":"2024-03-18T06:10:15","modified_gmt":"2024-03-18T06:10:15","slug":"420-powder","status":"publish","type":"product","link":"https:\/\/3dpmetal.com\/pt\/product\/420-powder\/","title":{"rendered":"\"420 p\u00f3\""},"content":{"rendered":"<p><span style=\"vertical-align: inherit;\"><span style=\"vertical-align: inherit;\">316L \u00e9 um a\u00e7o inoxid\u00e1vel austen\u00edtico. O teor de Mo em 316L proporciona uma excelente resist\u00eancia \u00e0 corros\u00e3o.<br \/>\n17-4PH \u00e9 um a\u00e7o inoxid\u00e1vel martens\u00edtico de endurecimento por precipita\u00e7\u00e3o com alta resist\u00eancia, dureza e resist\u00eancia \u00e0 corros\u00e3o.<br \/>\n420 \u00e9 um a\u00e7o inoxid\u00e1vel martens\u00edtico com boas propriedades mec\u00e2nicas, condutividade t\u00e9rmica e propriedades de polimento similares ao a\u00e7o para moldes, ao mesmo tempo que mant\u00e9m uma boa resist\u00eancia \u00e0 corros\u00e3o.<\/p>\n<h2>Propriedades f\u00edsicas<\/h2>\n<div>\n<table>\n<tbody>\n<tr>\n<td colspan=\"1\" rowspan=\"2\" data-sheets-value=\"{&quot;1&quot;:2,&quot;2&quot;:&quot;Trademark&quot;}\">\n<div>Marca Registrada<\/div>\n<\/td>\n<td colspan=\"1\" rowspan=\"2\" data-sheets-value=\"{&quot;1&quot;:2,&quot;2&quot;:&quot;Size range&quot;}\">\n<div>Intervalo de tamanho<\/div>\n<\/td>\n<td colspan=\"3\" rowspan=\"1\" data-sheets-value=\"{&quot;1&quot;:2,&quot;2&quot;:&quot;Size distribution&quot;}\">Distribui\u00e7\u00e3o por tamanho<\/td>\n<td colspan=\"1\" rowspan=\"2\" data-sheets-value=\"{&quot;1&quot;:2,&quot;2&quot;:&quot;Hall flow rate&quot;}\">\n<div>Taxa de fluxo por corredor<\/div>\n<\/td>\n<td colspan=\"1\" rowspan=\"2\" data-sheets-value=\"{&quot;1&quot;:2,&quot;2&quot;:&quot;Bulk density&quot;}\">\n<div>Densidade aparente<\/div>\n<\/td>\n<td colspan=\"1\" rowspan=\"2\" data-sheets-value=\"{&quot;1&quot;:2,&quot;2&quot;:&quot;Tap density&quot;}\">\n<div>Densidade Batida<\/div>\n<\/td>\n<\/tr>\n<tr>\n<td data-sheets-value=\"{&quot;1&quot;:2,&quot;2&quot;:&quot;D10(\u00c3\u00d7m)&quot;}\">D10(\u00c2\u00b2m)<\/td>\n<td data-sheets-value=\"{&quot;1&quot;:2,&quot;2&quot;:&quot;D50(\u00c3\u00d7m)&quot;}\">D50(\u00c5\u00d7M)<\/td>\n<td data-sheets-value=\"{&quot;1&quot;:2,&quot;2&quot;:&quot;D90(\u00c3\u00d7m)&quot;}\">D90 (Axm)<\/td>\n<\/tr>\n<tr>\n<td data-sheets-value=\"{&quot;1&quot;:2,&quot;2&quot;:&quot;316L&quot;}\">316L<\/td>\n<td data-sheets-value=\"{&quot;1&quot;:2,&quot;2&quot;:&quot;15-53\u00c3\u00d7m&quot;}\">15-53\u00c3\u2014m<\/td>\n<td colspan=\"1\" rowspan=\"3\" data-sheets-value=\"{&quot;1&quot;:2,&quot;2&quot;:&quot;17-23&quot;}\">\n<div>17-23<\/div>\n<\/td>\n<td colspan=\"1\" rowspan=\"3\" data-sheets-value=\"{&quot;1&quot;:2,&quot;2&quot;:&quot;30-38&quot;}\">\n<div>30-38<\/div>\n<\/td>\n<td colspan=\"1\" rowspan=\"3\" data-sheets-value=\"{&quot;1&quot;:2,&quot;2&quot;:&quot;50-58&quot;}\">\n<div>50-58<\/div>\n<\/td>\n<td colspan=\"1\" rowspan=\"3\" data-sheets-value=\"{&quot;1&quot;:2,&quot;2&quot;:&quot;25s\/50g&quot;}\">\n<div>25s\/50g<\/div>\n<\/td>\n<td data-sheets-value=\"{&quot;1&quot;:2,&quot;2&quot;:&quot;4.0g\/cm3&quot;}\">4,0g\/cm3<\/td>\n<td data-sheets-value=\"{&quot;1&quot;:2,&quot;2&quot;:&quot;4.5g\/cm3&quot;}\">4,5g\/cm3<\/td>\n<\/tr>\n<tr>\n<td data-sheets-value=\"{&quot;1&quot;:2,&quot;2&quot;:&quot;17-4PH&quot;}\">17-4PH<\/td>\n<td data-sheets-value=\"{&quot;1&quot;:2,&quot;2&quot;:&quot;15-53\u00c3\u00d7m&quot;}\">15-53\u00c3\u2014m<\/td>\n<td data-sheets-value=\"{&quot;1&quot;:2,&quot;2&quot;:&quot;4.0g\/cm3&quot;}\">4,0g\/cm3<\/td>\n<td data-sheets-value=\"{&quot;1&quot;:2,&quot;2&quot;:&quot;4.5g\/cm3&quot;}\">4,5g\/cm3<\/td>\n<\/tr>\n<tr>\n<td data-sheets-value=\"{&quot;1&quot;:3,&quot;3&quot;:420}\">420<\/td>\n<td data-sheets-value=\"{&quot;1&quot;:2,&quot;2&quot;:&quot;15-53\u00c3\u00d7m&quot;}\">15-53\u00c3\u2014m<\/td>\n<td data-sheets-value=\"{&quot;1&quot;:2,&quot;2&quot;:&quot;4.0g\/cm3&quot;}\">4,0g\/cm3<\/td>\n<td data-sheets-value=\"{&quot;1&quot;:2,&quot;2&quot;:&quot;4.5g\/cm3&quot;}\">4,5g\/cm3<\/td>\n<\/tr>\n<\/tbody>\n<\/table>\n<\/div>\n<h2><img loading=\"lazy\" decoding=\"async\" class=\"size-medium wp-image-1409 aligncenter\" src=\"https:\/\/met3dp.com\/wp-content\/uploads\/2023\/09\/ed7a94ec-3c10-4b1b-87ed--300x300.jpg\" alt=\"&quot;420 p\u00f3&quot;\" width=\"300\" height=\"300\" title=\"\"><\/h2>\n<h2>Recomenda\u00e7\u00f5es de tratamento t\u00e9rmico<\/h2>\n<div>\n<table>\n<tbody>\n<tr>\n<td style=\"text-align: center\" data-sheets-value=\"{&quot;1&quot;:2,&quot;2&quot;:&quot;Trademark&quot;}\">Marca Registrada<\/td>\n<td style=\"text-align: center\" data-sheets-value=\"{&quot;1&quot;:2,&quot;2&quot;:&quot;Heat treatment recommendations&quot;}\">\n<div>\n<div>Recomenda\u00e7\u00f5es de tratamento t\u00e9rmico<\/div>\n<\/div>\n<\/td>\n<\/tr>\n<tr>\n<td style=\"text-align: center\" data-sheets-value=\"{&quot;1&quot;:2,&quot;2&quot;:&quot;316L&quot;}\">316L<\/td>\n<td style=\"text-align: center\" data-sheets-value=\"{&quot;1&quot;:2,&quot;2&quot;:&quot;1050\u00a1\u00cd\/2h\/WQ&quot;}\">1050W\/2h\/WQ<\/td>\n<\/tr>\n<tr>\n<td style=\"text-align: center\" data-sheets-value=\"{&quot;1&quot;:2,&quot;2&quot;:&quot;17-4PH&quot;}\">17-4PH<\/td>\n<td style=\"text-align: center\" data-sheets-value=\"{&quot;1&quot;:2,&quot;2&quot;:&quot;1040\u00a1\u00abC\/2h +480\u00a1\u00abC\/4h&quot;}\">\n<div>\n<div>1040 x 2 h + 480 x 4 h<\/div>\n<\/div>\n<\/td>\n<\/tr>\n<tr>\n<td style=\"text-align: center\" data-sheets-value=\"{&quot;1&quot;:3,&quot;3&quot;:420}\">420<\/td>\n<td data-sheets-value=\"{&quot;1&quot;:2,&quot;2&quot;:&quot;1050\u00a1\u00abC\/0.5h\/WQ&quot;}\">\n<div>\n<div style=\"text-align: center\">1050\u00a1\u00abC\/0.5h\/WQ<\/div>\n<\/div>\n<\/td>\n<\/tr>\n<\/tbody>\n<\/table>\n<\/div>\n<h2>Comportamento mec\u00e2nico<\/h2>\n<div>\n<table>\n<tbody>\n<tr>\n<td style=\"text-align: center\" data-sheets-value=\"{&quot;1&quot;:2,&quot;2&quot;:&quot;Trademark&quot;}\">Marca Registrada<\/td>\n<td style=\"text-align: center\" data-sheets-value=\"{&quot;1&quot;:2,&quot;2&quot;:&quot;Hardness(HRC)&quot;}\">Dureza (HRC)<\/td>\n<td style=\"text-align: center\" data-sheets-value=\"{&quot;1&quot;:2,&quot;2&quot;:&quot;Tensile strength (\u00bf\u00bcb\/Mpa)&quot;}\">Resist\u00eancia \u00e0 tra\u00e7\u00e3o (\u00bf\u00bcb\/MPa)<\/td>\n<td style=\"text-align: center\" data-sheets-value=\"{&quot;1&quot;:2,&quot;2&quot;:&quot;Yield strength (\u00bf\u00bcp0.2\/Mpa)&quot;}\">Resist\u00eancia ao escoamento (\u00bf\u00bcp0.2\/Mpa)<\/td>\n<td style=\"text-align: center\" data-sheets-value=\"{&quot;1&quot;:2,&quot;2&quot;:&quot;Elongation (\u00d1\u00b45\/%)&quot;}\">\n<div>\n<div style=\"text-align: center\">Alongamento (\u00d1\u00b45\/%)<\/div>\n<\/div>\n<\/td>\n<\/tr>\n<tr>\n<td style=\"text-align: center\" data-sheets-value=\"{&quot;1&quot;:2,&quot;2&quot;:&quot;316L&quot;}\">316L<\/td>\n<td style=\"text-align: center\" data-sheets-value=\"{&quot;1&quot;:2,&quot;2&quot;:&quot;13-15&quot;}\">13-15<\/td>\n<td style=\"text-align: center\" data-sheets-value=\"{&quot;1&quot;:3,&quot;3&quot;:650}\">650<\/td>\n<td style=\"text-align: center\" data-sheets-value=\"{&quot;1&quot;:3,&quot;3&quot;:550}\">550<\/td>\n<td style=\"text-align: center\" data-sheets-value=\"{&quot;1&quot;:3,&quot;3&quot;:45}\">45<\/td>\n<\/tr>\n<tr>\n<td style=\"text-align: center\" data-sheets-value=\"{&quot;1&quot;:2,&quot;2&quot;:&quot;17-4PH&quot;}\">17-4PH<\/td>\n<td style=\"text-align: center\" data-sheets-value=\"{&quot;1&quot;:2,&quot;2&quot;:&quot;32-42&quot;}\">32-42<\/td>\n<td style=\"text-align: center\" data-sheets-value=\"{&quot;1&quot;:3,&quot;3&quot;:1310}\">1310<\/td>\n<td style=\"text-align: center\" data-sheets-value=\"{&quot;1&quot;:3,&quot;3&quot;:1175}\">1175<\/td>\n<td style=\"text-align: center\" data-sheets-value=\"{&quot;1&quot;:3,&quot;3&quot;:13}\">13<\/td>\n<\/tr>\n<tr>\n<td style=\"text-align: center\" data-sheets-value=\"{&quot;1&quot;:3,&quot;3&quot;:420}\">420<\/td>\n<td style=\"text-align: center\" data-sheets-value=\"{&quot;1&quot;:2,&quot;2&quot;:&quot;48-52&quot;}\">48-52<\/td>\n<td style=\"text-align: center\" data-sheets-value=\"{&quot;1&quot;:3,&quot;3&quot;:1950}\">1950<\/td>\n<td style=\"text-align: center\" data-sheets-value=\"{&quot;1&quot;:3,&quot;3&quot;:1530}\">1530<\/td>\n<td style=\"text-align: center\" data-sheets-value=\"{&quot;1&quot;:3,&quot;3&quot;:7}\">7<\/td>\n<\/tr>\n<\/tbody>\n<\/table>\n<\/div>\n<h2>Faixa de composi\u00e7\u00e3o qu\u00edmica (wt,-%)<\/h2>\n<div>\n<table>\n<tbody>\n<tr>\n<td style=\"text-align: center\" data-sheets-value=\"{&quot;1&quot;:2,&quot;2&quot;:&quot;Trademark&quot;}\"><strong>Marca Registrada<\/strong><\/td>\n<td style=\"text-align: center\" data-sheets-value=\"{&quot;1&quot;:2,&quot;2&quot;:&quot;C&quot;}\"><strong>Certainly! It seems like you've just entered \"C\" as the text to be translated. Could you please provide more context or clarify what you'd like to have translated into Portuguese?<\/strong><\/td>\n<td style=\"text-align: center\" data-sheets-value=\"{&quot;1&quot;:2,&quot;2&quot;:&quot;Cr&quot;}\"><strong>Cr<\/strong><\/td>\n<td style=\"text-align: center\" data-sheets-value=\"{&quot;1&quot;:2,&quot;2&quot;:&quot;Ni&quot;}\"><strong>Ni<\/strong><\/td>\n<td style=\"text-align: center\" data-sheets-value=\"{&quot;1&quot;:2,&quot;2&quot;:&quot;Cu&quot;}\"><strong>Cu<\/strong><\/td>\n<td style=\"text-align: center\" data-sheets-value=\"{&quot;1&quot;:2,&quot;2&quot;:&quot;Nb&quot;}\"><strong>Nb<\/strong><\/td>\n<td style=\"text-align: center\" data-sheets-value=\"{&quot;1&quot;:2,&quot;2&quot;:&quot;Mo&quot;}\"><strong>Mo<\/strong><\/td>\n<\/tr>\n<tr>\n<td style=\"text-align: center\" data-sheets-value=\"{&quot;1&quot;:2,&quot;2&quot;:&quot;316L&quot;}\">316L<\/td>\n<td style=\"text-align: center\" data-sheets-value=\"{&quot;1&quot;:2,&quot;2&quot;:&quot;\u00a8P0.03&quot;}\">``P0.03<\/td>\n<td style=\"text-align: center\" data-sheets-value=\"{&quot;1&quot;:2,&quot;2&quot;:&quot;16.00-18.00&quot;}\">16.00-18.00<\/td>\n<td style=\"text-align: center\" data-sheets-value=\"{&quot;1&quot;:2,&quot;2&quot;:&quot;10.00-14.00&quot;}\">10.00-14.00<\/td>\n<td style=\"text-align: center\" data-sheets-value=\"{&quot;1&quot;:2,&quot;2&quot;:&quot;-&quot;}\">&#8211;<\/td>\n<td style=\"text-align: center\" data-sheets-value=\"{&quot;1&quot;:2,&quot;2&quot;:&quot;-&quot;}\">&#8211;<\/td>\n<td style=\"text-align: center\" data-sheets-value=\"{&quot;1&quot;:2,&quot;2&quot;:&quot;2.00-3.00&quot;}\">2.00-3.00<\/td>\n<\/tr>\n<tr>\n<td style=\"text-align: center\" data-sheets-value=\"{&quot;1&quot;:2,&quot;2&quot;:&quot;17-4PH&quot;}\">17-4PH<\/td>\n<td style=\"text-align: center\" data-sheets-value=\"{&quot;1&quot;:2,&quot;2&quot;:&quot;\u00a8P0.03&quot;}\">``P0.03<\/td>\n<td style=\"text-align: center\" data-sheets-value=\"{&quot;1&quot;:2,&quot;2&quot;:&quot;15.5-17.5&quot;}\">15.5-17.5<\/td>\n<td style=\"text-align: center\" data-sheets-value=\"{&quot;1&quot;:2,&quot;2&quot;:&quot;3.00-5.00&quot;}\">3.00-5.00<\/td>\n<td style=\"text-align: center\" data-sheets-value=\"{&quot;1&quot;:2,&quot;2&quot;:&quot;3.00-5.00&quot;}\">3.00-5.00<\/td>\n<td style=\"text-align: center\" data-sheets-value=\"{&quot;1&quot;:2,&quot;2&quot;:&quot;0.15-0.45&quot;}\">0.15-0.45<\/td>\n<td style=\"text-align: center\" data-sheets-value=\"{&quot;1&quot;:2,&quot;2&quot;:&quot;-&quot;}\">&#8211;<\/td>\n<\/tr>\n<tr>\n<td style=\"text-align: center\" data-sheets-value=\"{&quot;1&quot;:3,&quot;3&quot;:420}\">420<\/td>\n<td style=\"text-align: center\" data-sheets-value=\"{&quot;1&quot;:2,&quot;2&quot;:&quot;0.35-0.45&quot;}\">0.35-0.45<\/td>\n<td style=\"text-align: center\" data-sheets-value=\"{&quot;1&quot;:2,&quot;2&quot;:&quot;12.00-14.00&quot;}\">12.00-14.00<\/td>\n<td style=\"text-align: center\" data-sheets-value=\"{&quot;1&quot;:2,&quot;2&quot;:&quot;\u00a8P0.6&quot;}\">\u00a8P0,6<\/td>\n<td style=\"text-align: center\" data-sheets-value=\"{&quot;1&quot;:2,&quot;2&quot;:&quot;-&quot;}\">&#8211;<\/td>\n<td style=\"text-align: center\" data-sheets-value=\"{&quot;1&quot;:2,&quot;2&quot;:&quot;\u00a8P0.20&quot;}\">\u00a8P0,20<\/td>\n<td style=\"text-align: center\" data-sheets-value=\"{&quot;1&quot;:2,&quot;2&quot;:&quot;\u00a8P0.20&quot;}\">\u00a8P0,20<\/td>\n<\/tr>\n<tr>\n<td style=\"text-align: center\" data-sheets-value=\"{&quot;1&quot;:2,&quot;2&quot;:&quot;Trademark&quot;}\"><strong>Marca Registrada<\/strong><\/td>\n<td style=\"text-align: center\" data-sheets-value=\"{&quot;1&quot;:2,&quot;2&quot;:&quot;Si&quot;}\"><strong>Sim<\/strong><\/td>\n<td style=\"text-align: center\" data-sheets-value=\"{&quot;1&quot;:2,&quot;2&quot;:&quot;Mn&quot;}\"><strong>Mn<\/strong><\/td>\n<td style=\"text-align: center\" data-sheets-value=\"{&quot;1&quot;:2,&quot;2&quot;:&quot;S&quot;}\"><strong>It seems like there was a mistake in your request. Could you please provide the text you'd like me to translate into Portuguese?<\/strong><\/td>\n<td style=\"text-align: center\" data-sheets-value=\"{&quot;1&quot;:2,&quot;2&quot;:&quot;P&quot;}\"><strong>Without context, it's not clear what the intended meaning of \"P\" is in English. If \"P\" refers to a letter or abbreviation, it remains the same in Portuguese. However, if \"P\" is a placeholder for a word or phrase, please provide more information so I can accurately translate it into Portuguese.<\/strong><\/td>\n<td style=\"text-align: center\" data-sheets-value=\"{&quot;1&quot;:2,&quot;2&quot;:&quot;O&quot;}\"><strong>Certainly! However, it seems like the text you provided is just the letter \"O.\" Could you please provide the complete text you'd like me to translate into Portuguese?<\/strong><\/td>\n<td style=\"text-align: center\" data-sheets-value=\"{&quot;1&quot;:2,&quot;2&quot;:&quot;Fe&quot;}\"><strong>Certainly! It seems like you accidentally entered \"F\". Could you please provide the text you'd like me to translate to Portuguese?<\/strong>Desculpe, parece que voc\u00ea enviou apenas a letra \"e\". Voc\u00ea poderia fornecer mais contexto ou a frase completa para que eu possa traduzir para o portugu\u00eas?<\/td>\n<\/tr>\n<tr>\n<td style=\"text-align: center\" data-sheets-value=\"{&quot;1&quot;:2,&quot;2&quot;:&quot;316L&quot;}\">316L<\/td>\n<td style=\"text-align: center\" data-sheets-value=\"{&quot;1&quot;:2,&quot;2&quot;:&quot;\u00a8P1.00&quot;}\">\u00a8P1,00<\/td>\n<td style=\"text-align: center\" data-sheets-value=\"{&quot;1&quot;:2,&quot;2&quot;:&quot;\u00a8P2.00&quot;}\">\u00a8P2,00<\/td>\n<td style=\"text-align: center\" data-sheets-value=\"{&quot;1&quot;:2,&quot;2&quot;:&quot;\u00a8P0.03&quot;}\">``P0.03<\/td>\n<td style=\"text-align: center\" data-sheets-value=\"{&quot;1&quot;:2,&quot;2&quot;:&quot;\u00a8P0.045&quot;}\">\u00a8P0.045<\/td>\n<td style=\"text-align: center\" data-sheets-value=\"{&quot;1&quot;:2,&quot;2&quot;:&quot;\u00a8P0.08&quot;}\">\u00a8P0.08<\/td>\n<td style=\"text-align: center\" data-sheets-value=\"{&quot;1&quot;:2,&quot;2&quot;:&quot;Bal&quot;}\">Bola<\/td>\n<\/tr>\n<tr>\n<td style=\"text-align: center\" data-sheets-value=\"{&quot;1&quot;:2,&quot;2&quot;:&quot;17-4PH&quot;}\">17-4PH<\/td>\n<td style=\"text-align: center\" data-sheets-value=\"{&quot;1&quot;:2,&quot;2&quot;:&quot;\u00a8P1.00&quot;}\">\u00a8P1,00<\/td>\n<td style=\"text-align: center\" data-sheets-value=\"{&quot;1&quot;:2,&quot;2&quot;:&quot;\u00a8P1.00&quot;}\">\u00a8P1,00<\/td>\n<td style=\"text-align: center\" data-sheets-value=\"{&quot;1&quot;:2,&quot;2&quot;:&quot;\u00a8P0.03&quot;}\">``P0.03<\/td>\n<td style=\"text-align: center\" data-sheets-value=\"{&quot;1&quot;:2,&quot;2&quot;:&quot;\u00a8P0.03&quot;}\">``P0.03<\/td>\n<td style=\"text-align: center\" data-sheets-value=\"{&quot;1&quot;:2,&quot;2&quot;:&quot;\u00a8P0.03&quot;}\">``P0.03<\/td>\n<td style=\"text-align: center\" data-sheets-value=\"{&quot;1&quot;:2,&quot;2&quot;:&quot;Bal&quot;}\">Bola<\/td>\n<\/tr>\n<tr>\n<td style=\"text-align: center\" data-sheets-value=\"{&quot;1&quot;:3,&quot;3&quot;:420}\">420<\/td>\n<td style=\"text-align: center\" data-sheets-value=\"{&quot;1&quot;:2,&quot;2&quot;:&quot;\u00a8P1.00&quot;}\">\u00a8P1,00<\/td>\n<td style=\"text-align: center\" data-sheets-value=\"{&quot;1&quot;:2,&quot;2&quot;:&quot;\u00a8P1.00&quot;}\">\u00a8P1,00<\/td>\n<td style=\"text-align: center\" data-sheets-value=\"{&quot;1&quot;:2,&quot;2&quot;:&quot;\u00a8P0.03&quot;}\">``P0.03<\/td>\n<td style=\"text-align: center\" data-sheets-value=\"{&quot;1&quot;:2,&quot;2&quot;:&quot;\u00a8P0.045&quot;}\">\u00a8P0.045<\/td>\n<td style=\"text-align: center\" data-sheets-value=\"{&quot;1&quot;:2,&quot;2&quot;:&quot;\u00a8P0.03&quot;}\">``P0.03<\/td>\n<td style=\"text-align: center\" data-sheets-value=\"{&quot;1&quot;:2,&quot;2&quot;:&quot;Bal&quot;}\">Bola<\/td>\n<\/tr>\n<\/tbody>\n<\/table>\n<\/div>\n<p>&nbsp;<\/span><\/span><\/p>","protected":false},"excerpt":{"rendered":"<p>O 316L \u00e9 um a\u00e7o inoxid\u00e1vel austen\u00edtico. O teor de Mo do 316L confere-lhe uma excelente resist\u00eancia \u00e0 corros\u00e3o. O 17-4PH \u00e9 um a\u00e7o inoxid\u00e1vel martens\u00edtico de endurecimento por precipita\u00e7\u00e3o com elevada for\u00e7a, dureza e resist\u00eancia \u00e0 corros\u00e3o. O 420 \u00e9 um a\u00e7o inoxid\u00e1vel martens\u00edtico com boas propriedades mec\u00e2nicas, condutividade t\u00e9rmica e propriedades de polimento semelhantes \u00e0s do a\u00e7o para moldes, mantendo uma boa resist\u00eancia \u00e0 corros\u00e3o....<\/p>","protected":false},"featured_media":1871,"parent":0,"template":"","meta":{"_acf_changed":false,"_kad_blocks_custom_css":"","_kad_blocks_head_custom_js":"","_kad_blocks_body_custom_js":"","_kad_blocks_footer_custom_js":"","_kad_post_transparent":"","_kad_post_title":"","_kad_post_layout":"","_kad_post_sidebar_id":"","_kad_post_content_style":"","_kad_post_vertical_padding":"","_kad_post_feature":"","_kad_post_feature_position":"","_kad_post_header":false,"_kad_post_footer":false,"_kad_post_classname":""},"product-category":[119,122],"class_list":["post-3937","product","type-product","status-publish","has-post-thumbnail","hentry","product-category-3d-printing-metal-powder","product-category-iron-based-alloy-powder"],"acf":[],"taxonomy_info":{"product-category":[{"value":119,"label":"3D Printing Metal Powder"},{"value":122,"label":"Iron Based Alloy Powder"}]},"featured_image_src_large":["https:\/\/3dpmetal.com\/wp-content\/uploads\/2024\/02\/420-powder.jpg",600,600,false],"author_info":[],"comment_info":"","_links":{"self":[{"href":"https:\/\/3dpmetal.com\/pt\/wp-json\/wp\/v2\/product\/3937","targetHints":{"allow":["GET"]}}],"collection":[{"href":"https:\/\/3dpmetal.com\/pt\/wp-json\/wp\/v2\/product"}],"about":[{"href":"https:\/\/3dpmetal.com\/pt\/wp-json\/wp\/v2\/types\/product"}],"wp:featuredmedia":[{"embeddable":true,"href":"https:\/\/3dpmetal.com\/pt\/wp-json\/wp\/v2\/media\/1871"}],"wp:attachment":[{"href":"https:\/\/3dpmetal.com\/pt\/wp-json\/wp\/v2\/media?parent=3937"}],"wp:term":[{"taxonomy":"product-category","embeddable":true,"href":"https:\/\/3dpmetal.com\/pt\/wp-json\/wp\/v2\/product-category?post=3937"}],"curies":[{"name":"wp","href":"https:\/\/api.w.org\/{rel}","templated":true}]}}