{"id":3939,"date":"2024-03-18T06:10:15","date_gmt":"2024-03-18T06:10:15","guid":{"rendered":"https:\/\/3dp.45612300.xyz\/product\/gh3625-powderinconel-625-powder\/"},"modified":"2024-03-18T06:10:15","modified_gmt":"2024-03-18T06:10:15","slug":"gh3625-powderinconel-625-powder","status":"publish","type":"product","link":"https:\/\/3dpmetal.com\/pt\/product\/gh3625-powderinconel-625-powder\/","title":{"rendered":"P\u00f3 GH3625 (p\u00f3 Inconel 625)"},"content":{"rendered":"<p><span style=\"vertical-align: inherit;\"><span style=\"vertical-align: inherit;\"><\/p>\n<h2>Vis\u00e3o geral<\/h2>\n<p><img loading=\"lazy\" decoding=\"async\" class=\"wp-image-2160 size-full aligncenter\" src=\"https:\/\/met3dp.com\/wp-content\/uploads\/2023\/09\/in718-powder.jpg\" alt=\"P\u00f3 de Inconel\" width=\"600\" height=\"600\" title=\"\"><\/p>\n<p class=\"whitespace-pre-wrap\">O p\u00f3 GH3625 \u00e9 um p\u00f3 de liga usado para metal <a href=\"https:\/\/en.wikipedia.org\/wiki\/3D_printing\" target=\"_blank\" rel=\"noopener\">fabrica\u00e7\u00e3o aditiva<\/a> processos como a sinteriza\u00e7\u00e3o a laser seletiva (SLS) e a sinteriza\u00e7\u00e3o direta a laser de metal (DMLS). \u00c9 uma superliga \u00e0 base de n\u00edquel que oferece alta resist\u00eancia, resist\u00eancia \u00e0 corros\u00e3o e excelentes propriedades em altas temperaturas.<\/p>\n<p class=\"whitespace-pre-wrap\">GH3625 foi projetado especificamente para manufaturas de aditivos para produzir pe\u00e7as densas e complexas com propriedades mec\u00e2nicas excepcionais, compar\u00e1veis aos materiais trabalhados. Ele permite a produ\u00e7\u00e3o de componentes leves com geometrias complexas para aplica\u00e7\u00f5es aeroespaciais, automotivas, m\u00e9dicas e industriais.<\/p>\n<p class=\"whitespace-pre-wrap\">Este guia fornece uma vis\u00e3o geral detalhada do p\u00f3 GH3625 que abrange sua composi\u00e7\u00e3o, propriedades, aplica\u00e7\u00f5es, especifica\u00e7\u00f5es, pre\u00e7o, vantagens e limita\u00e7\u00f5es. S\u00e3o feitas compara\u00e7\u00f5es com outras ligas comuns como Inconel 718 e Stellite 21 para destacar o desempenho e a adequa\u00e7\u00e3o de GH3625 para diferentes usos. Uma se\u00e7\u00e3o de perguntas frequentes aborda quest\u00f5es principais sobre esse material.<\/p>\n<h2>Composi\u00e7\u00e3o da P\u00f3s GH3625<\/h2>\n<p class=\"whitespace-pre-wrap\">O GH3625 possui uma composi\u00e7\u00e3o qu\u00edmica complexa, projetada para oferecer uma combina\u00e7\u00e3o de alta resist\u00eancia, resili\u00eancia \u00e0 fadiga t\u00e9rmica, oxida\u00e7\u00e3o e corros\u00e3o. Aqui est\u00e1 uma vis\u00e3o geral da sua composi\u00e7\u00e3o:<\/p>\n<table>\n<thead>\n<tr>\n<th><strong>Elemento<\/strong><\/th>\n<th><strong>Peso %<\/strong><\/th>\n<\/tr>\n<\/thead>\n<tbody>\n<tr>\n<td>N\u00edquel<\/td>\n<td>Equil\u00edbrio<\/td>\n<\/tr>\n<tr>\n<td>Cr\u00f3mio<\/td>\n<td>15-17%<\/td>\n<\/tr>\n<tr>\n<td>Cobalto<\/td>\n<td>10%<\/td>\n<\/tr>\n<tr>\n<td>Molibd\u00eanio<\/td>\n<td>8-10%<\/td>\n<\/tr>\n<tr>\n<td>T\u00e2ntalo<\/td>\n<td>5-6%<\/td>\n<\/tr>\n<tr>\n<td>Alum\u00ednio<\/td>\n<td>1.2-1.7%<\/td>\n<\/tr>\n<tr>\n<td>Tit\u00e2nio<\/td>\n<td>0.5-1.2%<\/td>\n<\/tr>\n<tr>\n<td>Boro<\/td>\n<td>0.01%<\/td>\n<\/tr>\n<\/tbody>\n<\/table>\n<p class=\"whitespace-pre-wrap\">O n\u00edquel forma a base desta superliga, oferecendo ductilidade e resist\u00eancia. Elementos como cromo, cobalto e molibd\u00eanio contribuem para a resist\u00eancia a altas temperaturas por meio do fortalecimento da solu\u00e7\u00e3o s\u00f3lida.<\/p>\n<p class=\"whitespace-pre-wrap\">O t\u00e2ntalo fornece endurecimento por solu\u00e7\u00e3o s\u00f3lida e forma part\u00edculas de carboneto para endurecimento por precipita\u00e7\u00e3o. O alum\u00ednio e o tit\u00e2nio formam a fase gama prime Ni3(Al,Ti) para dar excelentes propriedades mec\u00e2nicas em alta temperatura. O boro aumenta a resist\u00eancia dos limites de gr\u00e3o.<\/p>\n<p class=\"whitespace-pre-wrap\">A composi\u00e7\u00e3o balanceada proporciona ao p\u00f3 GH3625 \u00f3tima soldabilidade em compara\u00e7\u00e3o aos a\u00e7os inoxid\u00e1veis de endurecimento por precipita\u00e7\u00e3o. Pode ser facilmente p\u00f3s-processado por meio de prensagem isost\u00e1tica a quente (HIP), tratamento t\u00e9rmico e usinagem.<\/p>\n<h2>Propriedades do p\u00f3 GH3625<\/h2>\n<p class=\"whitespace-pre-wrap\">O p\u00f3 GH3625 tem as seguintes propriedades f\u00edsicas e mec\u00e2nicas que o tornam adequado para aplica\u00e7\u00f5es exigentes:<\/p>\n<p class=\"whitespace-pre-wrap\"><strong>Propriedades do p\u00f3 GH3625<\/strong><\/p>\n<table>\n<thead>\n<tr>\n<th><strong>Propriedade<\/strong><\/th>\n<th><strong>Valor<\/strong><\/th>\n<\/tr>\n<\/thead>\n<tbody>\n<tr>\n<td>Densidade<\/td>\n<td>8,1-8,5 g\/cc<\/td>\n<\/tr>\n<tr>\n<td>Ponto de Fus\u00e3o<\/td>\n<td>1260-1335\u00a1\u00abC<\/td>\n<\/tr>\n<tr>\n<td>Condutividade t\u00e9rmica<\/td>\n<td>11,12,5 W\/mK<\/td>\n<\/tr>\n<tr>\n<td>Coeficiente de expans\u00e3o t\u00e9rmica<\/td>\n<td>12,5-13,5 x 10^-6\/K<\/td>\n<\/tr>\n<tr>\n<td>M\u00f3dulo de elasticidade<\/td>\n<td>156-186 GPa<\/td>\n<\/tr>\n<tr>\n<td>Coeficiente de Poisson<\/td>\n<td>0.29-0.33<\/td>\n<\/tr>\n<tr>\n<td>Resist\u00eancia \u00e0 tra\u00e7\u00e3o<\/td>\n<td>1050-1280 MPa<\/td>\n<\/tr>\n<tr>\n<td>Limite de Resist\u00eancia \u00e0 Tra\u00e7\u00e3o (Desvio de 0,2%)<\/td>\n<td>860-1050 Miz<\/td>\n<\/tr>\n<tr>\n<td>Elonga\u00e7\u00e3o<\/td>\n<td>8-15%<\/td>\n<\/tr>\n<tr>\n<td>Dureza<\/td>\n<td>32-38 HRC<\/td>\n<\/tr>\n<\/tbody>\n<\/table>\n<p class=\"whitespace-pre-wrap\">Seu ponto de fus\u00e3o alto, condutividade t\u00e9rmica e baixo coeficiente de expans\u00e3o t\u00e9rmica permitem uma boa estabilidade dimensional em ambientes de servi\u00e7o de alta temperatura at\u00e9 1000 \u00b0C por per\u00edodos limitados.<\/p>\n<p class=\"whitespace-pre-wrap\">A liga tem excelente resist\u00eancia \u00e0 tra\u00e7\u00e3o e ao escoamento compar\u00e1vel a materiais forjados, juntamente com boa ductilidade e tenacidade \u00e0 fratura. Ela apresenta alta dureza, resist\u00eancia ao desgaste, emba\u00e7amento e abras\u00e3o.<\/p>\n<p class=\"whitespace-pre-wrap\">As propriedades permitem que o GH3625 supere o desempenho de a\u00e7os inoxid\u00e1veis, ligas de cobalto e at\u00e9 mesmo superligas de n\u00edquel com endurecimento por precipita\u00e7\u00e3o rivais em resist\u00eancia \u00e0 temperatura elevada. Ele tamb\u00e9m oferece melhor soldabilidade do que o Inconel 718.<\/p>\n<h2>Aplica\u00e7\u00f5es do GH3625 em p\u00f3<\/h2>\n<p class=\"whitespace-pre-wrap\">A combina\u00e7\u00e3o de alta resist\u00eancia, dureza, tenacidade e estabilidade t\u00e9rmica torna o GH3625 adequado para:<\/p>\n<p class=\"whitespace-pre-wrap\"><strong>Aplica\u00e7\u00e3o GH3625<\/strong><\/p>\n<table>\n<thead>\n<tr>\n<th><strong>Ind\u00fastria<\/strong><\/th>\n<th><strong>Componentes<\/strong><\/th>\n<\/tr>\n<\/thead>\n<tbody>\n<tr>\n<td>Aeroespacial<\/td>\n<td>P\u00e1s de turbina, pe\u00e7as de c\u00e2mara de combust\u00e3o, p\u00e1s guia do bico<\/td>\n<\/tr>\n<tr>\n<td>Automotivo<\/td>\n<td>Rodas de turbocompressor, coletores, v\u00e1lvulas<\/td>\n<\/tr>\n<tr>\n<td>Petr\u00f3leo e g\u00e1s<\/td>\n<td>Pe\u00e7as do Cabe\u00e7ote, Ferramentas de Fundo de Po\u00e7o, V\u00e1lvulas<\/td>\n<\/tr>\n<tr>\n<td>Gera\u00e7\u00e3o de energia<\/td>\n<td>Trocadores de calor, componentes do queimador<\/td>\n<\/tr>\n<tr>\n<td>Processamento qu\u00edmico<\/td>\n<td>Impulsores de bomba, v\u00e1lvulas, vasos de rea\u00e7\u00e3o<\/td>\n<\/tr>\n<tr>\n<td>M\u00e9dico<\/td>\n<td>Implantes dent\u00e1rios, pr\u00f3teses, instrumentos cir\u00fargicos<\/td>\n<\/tr>\n<\/tbody>\n<\/table>\n<p class=\"whitespace-pre-wrap\">A capacidade de impress\u00e3o 3D de geometrias complexas permite consolidar v\u00e1rias partes em componentes individuais e estruturas de treli\u00e7a leves. Isso permite uma impress\u00e3o mais r\u00e1pida de componentes de pe\u00e7a \u00fanica em compara\u00e7\u00e3o com a montagem de v\u00e1rias se\u00e7\u00f5es.<\/p>\n<p class=\"whitespace-pre-wrap\">O GH3625 \u00e9 usado para imprimir l\u00e2minas, impeladores, placas, discos, tubos com canais de refrigera\u00e7\u00e3o em conformidade e outros componentes de miss\u00e3o cr\u00edtica que trabalhem sob alta press\u00e3o e temperatura.<\/p>\n<h2>Especifica\u00e7\u00f5es do P\u00f3 GH3625<\/h2>\n<p class=\"whitespace-pre-wrap\">O p\u00f3 GH3625 para processos AM est\u00e1 dispon\u00edvel em diferentes distribui\u00e7\u00f5es de tamanho, formatos e formula\u00e7\u00f5es de v\u00e1rios fabricantes de p\u00f3.<\/p>\n<p class=\"whitespace-pre-wrap\"><strong>Tipos de p\u00f3 GH3625<\/strong><\/p>\n<table>\n<thead>\n<tr>\n<th><strong>Especifica\u00e7\u00e3o<\/strong><\/th>\n<th><strong>Detalhes<\/strong><\/th>\n<\/tr>\n<\/thead>\n<tbody>\n<tr>\n<td>Distribui\u00e7\u00e3o de Tamanho de Part\u00edculas<\/td>\n<td>15-45 \u00b5m, 15-53 \u00b5m, 53-150 \u00b5m<\/td>\n<\/tr>\n<tr>\n<td>Forma da part\u00edcula<\/td>\n<td>Esf\u00e9rico, sat\u00e9lite, poli\u00e9drico<\/td>\n<\/tr>\n<tr>\n<td>Modifica\u00e7\u00f5es de ligas<\/td>\n<td>Com B, C, Zr, Nb, Ta<\/td>\n<\/tr>\n<tr>\n<td>M\u00e9todo de Fabrica\u00e7\u00e3o<\/td>\n<td>Atomiza\u00e7\u00e3o de g\u00e1s, atomiza\u00e7\u00e3o de plasma<\/td>\n<\/tr>\n<\/tbody>\n<\/table>\n<p class=\"whitespace-pre-wrap\">Atomiza\u00e7\u00e3o por g\u00e1s e atomiza\u00e7\u00e3o por plasma produzem p\u00f3s esf\u00e9ricos ideais para os processos SLS\/DMLS. P\u00f3s de sat\u00e9lite t\u00eam maior densidade de batida e melhoram a fluidez do p\u00f3.<\/p>\n<p class=\"whitespace-pre-wrap\">Os p\u00f3s menores de 15-45 \u00c3\u00d7m fornecem alta resolu\u00e7\u00e3o e acabamento superficial, enquanto os maiores de 53-150 \u00c3\u00d7m permitem velocidades de fabrica\u00e7\u00e3o mais r\u00e1pidas. Diferentes adi\u00e7\u00f5es de ligas como boro, carbono, zirc\u00f4nio, ni\u00f3bio e t\u00e2ntalo s\u00e3o usados para adaptar as propriedades do material.<\/p>\n<p class=\"whitespace-pre-wrap\"><strong>Padr\u00f5es em P\u00f3 GH3625<\/strong><\/p>\n<table>\n<thead>\n<tr>\n<th><strong>Padr\u00e3o<\/strong><\/th>\n<th><strong>Descri\u00e7\u00e3o<\/strong><\/th>\n<\/tr>\n<\/thead>\n<tbody>\n<tr>\n<td>ASTM F3056<\/td>\n<td>Especifica\u00e7\u00e3o padr\u00e3o para liga de n\u00edquel para fabrica\u00e7\u00e3o aditiva<\/td>\n<\/tr>\n<tr>\n<td>AMS7016<\/td>\n<td>P\u00f3 de liga de n\u00edquel para servi\u00e7o em alta temperatura<\/td>\n<\/tr>\n<tr>\n<td>ASME B46.1<\/td>\n<td>Requisitos de textura superficial<\/td>\n<\/tr>\n<\/tbody>\n<\/table>\n<p class=\"whitespace-pre-wrap\">O p\u00f3 GH3625 \u00e9 qualificado com base em limites de composi\u00e7\u00e3o, distribui\u00e7\u00e3o de tamanho de part\u00edcula, morfologia, fluidez, densidade aparente e microestrutura segundo ASTM F3056. Testes adicionais conforme padr\u00f5es de aplica\u00e7\u00e3o s\u00e3o necess\u00e1rios.<\/p>\n<h2>Pre\u00e7o do p\u00f3 GH3625<\/h2>\n<p class=\"whitespace-pre-wrap\">O p\u00f3 GH3625 \u00e9 mais caro do que p\u00f3s de a\u00e7o inoxid\u00e1vel devido \u00e0 composi\u00e7\u00e3o complexa e natureza propriet\u00e1ria. Aqui encontram-se as faixas de pre\u00e7o t\u00edpicas:<\/p>\n<p class=\"whitespace-pre-wrap\"><strong>Custo do p\u00f3 GH3625<\/strong><\/p>\n<table>\n<thead>\n<tr>\n<th><strong>\"Gradua\u00e7\u00e3o em p\u00f3\"<\/strong><\/th>\n<th><strong>Intervalo de Pre\u00e7os<\/strong><\/th>\n<\/tr>\n<\/thead>\n<tbody>\n<tr>\n<td>GH3625<\/td>\n<td>$90-200 por quilo<\/td>\n<\/tr>\n<tr>\n<td>GH3625 + Boro<\/td>\n<td>$110-250 por kg<\/td>\n<\/tr>\n<tr>\n<td>GH3625 + Carbono<\/td>\n<td>$100-220 por quilo<\/td>\n<\/tr>\n<\/tbody>\n<\/table>\n<p class=\"whitespace-pre-wrap\">Os pre\u00e7os variam de acordo com a quantidade do pedido, distribui\u00e7\u00e3o de tamanho de part\u00edcula, formato, m\u00e9todo de fabrica\u00e7\u00e3o, fornecedor e requisitos adicionais de qualifica\u00e7\u00e3o ou caracteriza\u00e7\u00e3o do p\u00f3.<\/p>\n<h2>Pr\u00f3s e contras do p\u00f3 GH3625<\/h2>\n<p class=\"whitespace-pre-wrap\">O GH3625 tem as seguintes vantagens que o tornam uma escolha popular:<\/p>\n<p class=\"whitespace-pre-wrap\"><strong>GH3625 Pr\u00f3s<\/strong><\/p>\n<ul class=\"list-disc pl-8 space-y-2\">\n<li class=\"whitespace-normal\">Excelente resist\u00eancia e dureza at\u00e9 1000\u00a1\u00abC<\/li>\n<li class=\"whitespace-normal\">Boa resist\u00eancia a corros\u00e3o e oxida\u00e7\u00e3o<\/li>\n<li class=\"whitespace-normal\">Sold\u00e1vel para p\u00f3s-processamento<\/li>\n<li class=\"whitespace-normal\">Maior ductilidade que Inconel 718<\/li>\n<li class=\"whitespace-normal\">Pode ser endurecido por tratamento t\u00e9rmico<\/li>\n<li class=\"whitespace-normal\">Geometrias complexas possibilitadas por AM<\/li>\n<li class=\"whitespace-normal\">Mais r\u00e1pido e barato que fundi\u00e7\u00f5es<\/li>\n<li class=\"whitespace-normal\">Reduz a contagem de pe\u00e7as por meio de consolida\u00e7\u00e3o<\/li>\n<\/ul>\n<p class=\"whitespace-pre-wrap\"><strong>Pontos negativos do GH3625<\/strong><\/p>\n<ul class=\"list-disc pl-8 space-y-2\">\n<li class=\"whitespace-normal\">Mais caro que a\u00e7os inoxid\u00e1veis<\/li>\n<li class=\"whitespace-normal\">Meno resistente do que o Inconel 718 para temperaturas superiores a 550\u00ba C.<\/li>\n<li class=\"whitespace-normal\">Suscet\u00edvel ao craqueamento  em fun\u00e7\u00e3o do tempo<\/li>\n<li class=\"whitespace-normal\">Requer hot isostatic pressing (HIP)<\/li>\n<li class=\"whitespace-normal\">Dif\u00edcil de usinar - requer ferramentas especializadas<\/li>\n<li class=\"whitespace-normal\">Dados limitados de fornecedor em desempenho a longo prazo<\/li>\n<\/ul>\n<p class=\"whitespace-pre-wrap\">A sele\u00e7\u00e3o adequada dos par\u00e2metros do processo de AM e o p\u00f3s-processamento atenuam algumas das limita\u00e7\u00f5es do p\u00f3 GH3625.<\/p>\n<h2>Compara\u00e7\u00e3o da GH3625 com <a href=\"https:\/\/met3dp.com\/inconel-718-alloy-powder\/\" target=\"_blank\" rel=\"noopener\">Inconel 718<\/a> e Stellite 21<\/h2>\n<p class=\"whitespace-pre-wrap\">O GH 3625 ocupa um nicho entre o Inconel 718 e o Stellite 21 em termos de propriedades e custo:<\/p>\n<p class=\"whitespace-pre-wrap\"><strong>Compara\u00e7\u00e3o de ligas<\/strong><\/p>\n<table>\n<thead>\n<tr>\n<th><strong>Propriedade<\/strong><\/th>\n<th><strong>GH3625<\/strong><\/th>\n<th><strong>Inconel 718<\/strong><\/th>\n<th><strong>Stellite 21<\/strong><\/th>\n<\/tr>\n<\/thead>\n<tbody>\n<tr>\n<td>Custo<\/td>\n<td>M\u00e9dio<\/td>\n<td>Alto<\/td>\n<td>Baixo<\/td>\n<\/tr>\n<tr>\n<td>Densidade<\/td>\n<td>Alto<\/td>\n<td>M\u00e9dio<\/td>\n<td>Alto<\/td>\n<\/tr>\n<tr>\n<td>For\u00e7a<\/td>\n<td>M\u00e9dio<\/td>\n<td>Muito alto<\/td>\n<td>M\u00e9dio<\/td>\n<\/tr>\n<tr>\n<td>Dureza<\/td>\n<td>Alto<\/td>\n<td>M\u00e9dio<\/td>\n<td>Muito alto<\/td>\n<\/tr>\n<tr>\n<td>Resist\u00eancia ao desgaste<\/td>\n<td>M\u00e9dio<\/td>\n<td>Baixo<\/td>\n<td>Muito alto<\/td>\n<\/tr>\n<tr>\n<td>Resist\u00eancia \u00e0 corros\u00e3o<\/td>\n<td>M\u00e9dio<\/td>\n<td>Alto<\/td>\n<td>M\u00e9dio<\/td>\n<\/tr>\n<tr>\n<td>Resist\u00eancia \u00e0 oxida\u00e7\u00e3o<\/td>\n<td>M\u00e9dio<\/td>\n<td>Alto<\/td>\n<td>M\u00e9dio<\/td>\n<\/tr>\n<tr>\n<td>Estabilidade t\u00e9rmica<\/td>\n<td>At\u00e9 1000\u00a1\u00abC<\/td>\n<td>At\u00e9 700\u00a1\u00abC<\/td>\n<td>At\u00e9 900\u00a1\u00abC<\/td>\n<\/tr>\n<tr>\n<td>Soldabilidade<\/td>\n<td>Bom<\/td>\n<td>Pobre<\/td>\n<td>M\u00e9dio<\/td>\n<\/tr>\n<tr>\n<td>Viabilidade de fabrica\u00e7\u00e3o<\/td>\n<td>M\u00e9dio<\/td>\n<td>Dif\u00edcil<\/td>\n<td>F\u00e1cil<\/td>\n<\/tr>\n<\/tbody>\n<\/table>\n<p class=\"whitespace-pre-wrap\">GH3625 iguala ou excede o desempenho das ligas de cobalto Stellite 21 em resist\u00eancia ao desgaste e corros\u00e3o, mas a um custo mais baixo. Aproxima-se da resist\u00eancia da Inconel 718 at\u00e9 550 \u00b0C e oferece melhor soldabilidade e capacidade de fabrica\u00e7\u00e3o.<\/p>\n<p class=\"whitespace-pre-wrap\">Isto o torna uma alternativa econ\u00f4mica para muitas aplica\u00e7\u00f5es que requerem desempenho entre essas ligas padr\u00e3o. Sua capacidade de imprimir em 3D geometrias complexas tamb\u00e9m lhe d\u00e1 uma vantagem.<\/p>\n<h2>Perguntas Frequentes sobre P\u00f3 GH3625<\/h2>\n<p class=\"whitespace-pre-wrap\"><strong>P: O que \u00e9 o GH3625 em p\u00f3?<\/strong><\/p>\n<p class=\"whitespace-pre-wrap\">A: GH3625 \u00e9 um p\u00f3 de superliga \u00e0 base de n\u00edquel especialmente desenvolvido para processos de fabrica\u00e7\u00e3o aditiva como sinteriza\u00e7\u00e3o seletiva a laser (SLS) e sinteriza\u00e7\u00e3o direta a laser de metal (DMLS). Ele fornece uma excelente combina\u00e7\u00e3o de resist\u00eancia a altas temperaturas, dureza, desgaste e resist\u00eancia \u00e0 corros\u00e3o.<\/p>\n<p class=\"whitespace-pre-wrap\"><strong>P: Para que serve o p\u00f3 GH3625?<\/strong><\/p>\n<p class=\"whitespace-pre-wrap\">R: O p\u00f3 GH3625 \u00e9 usado em impress\u00f5es 3D de componentes cr\u00edticos como p\u00e1s de turbinas, coletores, impelidores, trocadores de calor que necessitem de propriedades mec\u00e2nicas altas, estabilidade dimensional e resist\u00eancia t\u00e9rmica de at\u00e9 1000 \u00a1\u00abC. Ele encontra aplica\u00e7\u00f5es em aeroespacial, automotivo, energia, processamento qu\u00edmico e industrias m\u00e9dicas.<\/p>\n<p class=\"whitespace-pre-wrap\"><strong>P: Quais processos de impress\u00e3o 3D de metal usam p\u00f3 GH3625?<\/strong><\/p>\n<p class=\"whitespace-pre-wrap\">A: A sinteriza\u00e7\u00e3o seletiva a laser (SLS) e a sinteriza\u00e7\u00e3o direta a laser de metal (DMLS) s\u00e3o processos de impress\u00e3o 3D de fus\u00e3o de leito de p\u00f3 comumente usados com o p\u00f3 GH3625. A jateamento de fich\u00e1rio tamb\u00e9m \u00e9 adequada para GH3625.<\/p>\n<p class=\"whitespace-pre-wrap\"><strong>P: Quais s\u00e3o as propriedades dos materiais do GH3625?<\/strong><\/p>\n<p class=\"whitespace-pre-wrap\">R: GH3625 possui excelente resist\u00eancia \u00e0 tra\u00e7\u00e3o de 1050-1280 MPa, resist\u00eancia \u00e0 produ\u00e7\u00e3o de 860-1050 MPa e dureza 32-38 HRC similar a materiais forjados. Tem boa ductibilidade de alongamento de 8-15% e alta resist\u00eancia a desgaste, corros\u00e3o, abras\u00e3o e corros\u00e3o. As propriedades t\u00e9rmicas permitem o uso de at\u00e9 1000\u00a1\u00abC.<\/p>\n<p class=\"whitespace-pre-wrap\"><strong>P: O p\u00f3 GH3625 requer tratamento t\u00e9rmico?<\/strong><\/p>\n<p class=\"whitespace-pre-wrap\">R: Sim, as pe\u00e7as GH3625 impressas usando SLS\/DMLS requerem prensagem isost\u00e1tica a quente (HIP) seguida de tratamento t\u00e9rmico para atingir as propriedades mec\u00e2nicas ideias, consolida\u00e7\u00e3o do material e microestrutura. O HIP ajuda a fechar poros e vazios internos.<\/p>\n<p class=\"whitespace-pre-wrap\"><strong>P: O GH3625 \u00e9 sold\u00e1vel?<\/strong><\/p>\n<p class=\"whitespace-pre-wrap\">A GH3625 foi projetada para ter excelente soldabilidade em compara\u00e7\u00e3o aos a\u00e7os inoxid\u00e1veis endurecidos por precipita\u00e7\u00e3o e Inconel 718. Isso permite consertar e unir pe\u00e7as AM GH3625 por meio de soldagem. Pode ser necess\u00e1rio al\u00edvio de tens\u00e3o ap\u00f3s a soldagem para evitar rachaduras.<\/p>\n<p class=\"whitespace-pre-wrap\"><strong>P: A GH3625 \u00e9 usin\u00e1vel?<\/strong><\/p>\n<p class=\"whitespace-pre-wrap\">R: GH3625 \u00e9 de dif\u00edcil usinagem, comparado ao a\u00e7o inoxid\u00e1vel, e requer usinagem de alta velocidade com ferramentas de carboneto especiais. O desgaste da ferramenta \u00e9 maior, por isso, s\u00e3o necess\u00e1rias velocidades, alimenta\u00e7\u00e3o e caminhos de ferramenta ideais.<\/p>\n<p class=\"whitespace-pre-wrap\"><strong>P: Qual \u00e9 o custo do p\u00f3 GH3625?<\/strong><\/p>\n<p class=\"whitespace-pre-wrap\">R: GH3625 normalmente custa de US$ 90 a US$ 250 por kg de acordo com o tamanho do pedido, distribui\u00e7\u00e3o do tamanho de part\u00edcula, m\u00e9todo de fabrica\u00e7\u00e3o e requisitos adicionais de teste\/qualifica\u00e7\u00e3o. \u00c9 mais caro que p\u00f3s de a\u00e7o inoxid\u00e1vel, mas mais barato que Inconel 718.<\/p>\n<h2>Conclus\u00e3o<\/h2>\n<p class=\"whitespace-pre-wrap\">GH3625 \u00e9 uma superliga avan\u00e7ada \u00e0 base de n\u00edquel projetada especificamente para fabrica\u00e7\u00e3o aditiva de componentes de alto desempenho. Ele oferece as vantagens de ambas as ligas convencionais e flexibilidade de design habilitada para AM.<\/p>\n<p class=\"whitespace-pre-wrap\">Caracter\u00edsticas de p\u00f3 cuidadosamente controladas e otimiza\u00e7\u00e3o de par\u00e2metros especializados permitem explorar o potencial total do GH3625. Com suas propriedades e economia, o GH3625 est\u00e1 surgindo como uma alternativa vi\u00e1vel para as ligas tradicionais em aplica\u00e7\u00f5es cr\u00edticas aeroespaciais, automotivas, de energia e industriais.<\/p>\n<p><\/span><\/span><\/p>","protected":false},"excerpt":{"rendered":"<p>Descri\u00e7\u00e3o geral O p\u00f3 GH3625 \u00e9 um p\u00f3 de liga utilizado para processos de fabrico de aditivos met\u00e1licos, como a sinteriza\u00e7\u00e3o selectiva a laser (SLS) e a sinteriza\u00e7\u00e3o direta a laser de metal (DMLS). Trata-se de uma superliga \u00e0 base de n\u00edquel que oferece elevada resist\u00eancia, resist\u00eancia \u00e0 corros\u00e3o e excelentes propriedades a altas temperaturas. O GH3625 foi concebido especificamente para o fabrico aditivo para produzir pe\u00e7as complexas e densas com propriedades mec\u00e2nicas excepcionais...<\/p>","protected":false},"featured_media":1875,"parent":0,"template":"","meta":{"_acf_changed":false,"_kad_blocks_custom_css":"","_kad_blocks_head_custom_js":"","_kad_blocks_body_custom_js":"","_kad_blocks_footer_custom_js":"","_kad_post_transparent":"","_kad_post_title":"","_kad_post_layout":"","_kad_post_sidebar_id":"","_kad_post_content_style":"","_kad_post_vertical_padding":"","_kad_post_feature":"","_kad_post_feature_position":"","_kad_post_header":false,"_kad_post_footer":false,"_kad_post_classname":""},"product-category":[119,120],"class_list":["post-3939","product","type-product","status-publish","has-post-thumbnail","hentry","product-category-3d-printing-metal-powder","product-category-high-temperature-alloy-powder"],"acf":[],"taxonomy_info":{"product-category":[{"value":119,"label":"3D Printing Metal Powder"},{"value":120,"label":"High Temperature Alloy Powder"}]},"featured_image_src_large":["https:\/\/3dpmetal.com\/wp-content\/uploads\/2024\/02\/GH3625.jpg",600,600,false],"author_info":[],"comment_info":"","_links":{"self":[{"href":"https:\/\/3dpmetal.com\/pt\/wp-json\/wp\/v2\/product\/3939","targetHints":{"allow":["GET"]}}],"collection":[{"href":"https:\/\/3dpmetal.com\/pt\/wp-json\/wp\/v2\/product"}],"about":[{"href":"https:\/\/3dpmetal.com\/pt\/wp-json\/wp\/v2\/types\/product"}],"wp:featuredmedia":[{"embeddable":true,"href":"https:\/\/3dpmetal.com\/pt\/wp-json\/wp\/v2\/media\/1875"}],"wp:attachment":[{"href":"https:\/\/3dpmetal.com\/pt\/wp-json\/wp\/v2\/media?parent=3939"}],"wp:term":[{"taxonomy":"product-category","embeddable":true,"href":"https:\/\/3dpmetal.com\/pt\/wp-json\/wp\/v2\/product-category?post=3939"}],"curies":[{"name":"wp","href":"https:\/\/api.w.org\/{rel}","templated":true}]}}