{"id":3941,"date":"2024-03-18T06:10:15","date_gmt":"2024-03-18T06:10:15","guid":{"rendered":"https:\/\/3dp.45612300.xyz\/product\/tinbzrsn-alloy-powder\/"},"modified":"2024-03-18T06:10:15","modified_gmt":"2024-03-18T06:10:15","slug":"tinbzrsn-alloy-powder","status":"publish","type":"product","link":"https:\/\/3dpmetal.com\/pt\/product\/tinbzrsn-alloy-powder\/","title":{"rendered":"P\u00f3 de Liga TiNbZrSn"},"content":{"rendered":"<p><span style=\"vertical-align: inherit;\"><span style=\"vertical-align: inherit;\"><\/p>\n<h2><strong>Composi\u00e7\u00e3o do P\u00f3 de Liga de TiNbZrSn<\/strong><\/h2>\n<p class=\"whitespace-pre-wrap\">Liga de P\u00f3 de TiNbZrSn \u00e9 constitu\u00edda dos seguintes elementos:<\/p>\n<table>\n<thead>\n<tr>\n<th>Elemento<\/th>\n<th>Peso %<\/th>\n<\/tr>\n<\/thead>\n<tbody>\n<tr>\n<td>Tit\u00e2nio (Ti)<\/td>\n<td>35-40%<\/td>\n<\/tr>\n<tr>\n<td>Ni\u00f3bio (Nb)<\/td>\n<td>35-40%<\/td>\n<\/tr>\n<tr>\n<td>Zirc\u00f4nio (Zr)<\/td>\n<td>5-10%<\/td>\n<\/tr>\n<tr>\n<td>Estanho (Sn)<\/td>\n<td>5-10%<\/td>\n<\/tr>\n<\/tbody>\n<\/table>\n<p class=\"whitespace-pre-wrap\">Esta combina\u00e7\u00e3o precisa de tit\u00e2nio, ni\u00f3bio, zirc\u00f4nio e estanho resulta em uma liga com resist\u00eancia, dureza e elasticidade excepcionais em compara\u00e7\u00e3o a ligas convencionais. O conte\u00fado de ni\u00f3bio em particular melhora significativamente o desempenho mec\u00e2nico.<\/p>\n<p class=\"whitespace-pre-wrap\">Controlando cuidadosamente as propor\u00e7\u00f5es dos metais componentes, as propriedades do p\u00f3 da liga podem ser otimizadas para diferentes aplica\u00e7\u00f5es que exigem caracter\u00edsticas de alta rela\u00e7\u00e3o resist\u00eancia-peso, resist\u00eancia \u00e0 corros\u00e3o, biocompatibilidade ou durabilidade a altas temperaturas.<\/p>\n<h2><strong>Propriedades do P\u00f3 da Liga TiNbZrSn<\/strong><\/h2>\n<p class=\"whitespace-pre-wrap\">O p\u00f3 da liga TiNbZrSn apresenta as seguintes propriedades excepcionais::<\/p>\n<table>\n<thead>\n<tr>\n<th>Propriedade<\/th>\n<th>Descri\u00e7\u00e3o<\/th>\n<\/tr>\n<\/thead>\n<tbody>\n<tr>\n<td>alta resist\u00eancia<\/td>\n<td>Fornece resist\u00eancia superior a 1400 MPa, em par com ligas aeroespaciais avan\u00e7adas<\/td>\n<\/tr>\n<tr>\n<td>Baixa Densidade<\/td>\n<td>Densidade em torno de 6,5 g\/cm\u00b3, muito inferior ao a\u00e7o<\/td>\n<\/tr>\n<tr>\n<td>Excelente elasticidade<\/td>\n<td>M\u00f3dulo de Young em torno de 100 GPa, permitindo flexibilidade<\/td>\n<\/tr>\n<tr>\n<td>Elevada dureza.<\/td>\n<td>Dureza Vickers maior que 450 HV, melhor resist\u00eancia \u00e0 abras\u00e3o que o a\u00e7o inoxid\u00e1vel<\/td>\n<\/tr>\n<tr>\n<td>Boa resist\u00eancia \u00e0 corros\u00e3o<\/td>\n<td>Resiste \u00e0 corros\u00e3o em ambientes adversos<\/td>\n<\/tr>\n<tr>\n<td>biocompatibilidade<\/td>\n<td>At\u00f3xico e adequado para implantes m\u00e9dicos<\/td>\n<\/tr>\n<tr>\n<td>Ponto de fus\u00e3o elevado<\/td>\n<td>Fus\u00edvel acima de 2500\u00a1\u00abC, tornando-o vi\u00e1vel para aplica\u00e7\u00f5es de alta temperatura<\/td>\n<\/tr>\n<\/tbody>\n<\/table>\n<p class=\"whitespace-pre-wrap\">A combina\u00e7\u00e3o de alta resist\u00eancia, baixo peso, dureza e elasticidade \u00e9 rara e torna o TiNbZrSn um material extremamente vers\u00e1til. Ele supera ligas convencionais como a\u00e7o inoxid\u00e1vel em v\u00e1rias propriedades.<\/p>\n<h2><strong>Produ\u00e7\u00e3o de P\u00f3 de Liga TiNbZrSn<\/strong><\/h2>\n<p class=\"whitespace-pre-wrap\">O p\u00f3 da liga TiNbZrSn pode ser produzido usando os seguintes m\u00e9todos avan\u00e7ados:<\/p>\n<table>\n<thead>\n<tr>\n<th>M\u00e9todo<\/th>\n<th>Descri\u00e7\u00e3o<\/th>\n<\/tr>\n<\/thead>\n<tbody>\n<tr>\n<td>Atomiza\u00e7\u00e3o de g\u00e1s<\/td>\n<td>Liga fundida pulverizada em got\u00edculas finas que se solidificam em p\u00f3<\/td>\n<\/tr>\n<tr>\n<td>Processo de Eletrodo Rotativo de Plasma (PREP)<\/td>\n<td>Eletrodos giram rapidamente no arco de plasma para desintegrar-se em p\u00f3<\/td>\n<\/tr>\n<tr>\n<td>Hidreto-desidreto (HDH)<\/td>\n<td>A liga \u00e9 hidrogenada, mecanicamente esmagada em p\u00f3 e depois desidrogenada<\/td>\n<\/tr>\n<\/tbody>\n<\/table>\n<p class=\"whitespace-pre-wrap\">A atomiza\u00e7\u00e3o a g\u00e1s permite o controlo sobre a distribui\u00e7\u00e3o do tamanho das part\u00edculas e resulta num p\u00f3 esf\u00e9rico suave, ideal para produ\u00e7\u00e3o aditiva. Os m\u00e9todos PREP e HDH permitem a produ\u00e7\u00e3o econ\u00f3mica de p\u00f3 irregular adequada para prensagem e sinteriza\u00e7\u00e3o.<\/p>\n<p class=\"whitespace-pre-wrap\">A composi\u00e7\u00e3o da liga pode ser mantida precisamente nesses processos de produ\u00e7\u00e3o de p\u00f3, garantindo propriedades consistentes. As atmosferas de g\u00e1s inerte de alta pureza evitam contamina\u00e7\u00e3o.<\/p>\n<h2><strong>Aplica\u00e7\u00f5es de P\u00f3 de Liga de TiNbZrSn<\/strong><\/h2>\n<p class=\"whitespace-pre-wrap\">Gra\u00e7as as suas propriedades de material bem equilibradas, o p\u00f3 de liga de TiNbZrSn \u00e9 usado nas seguintes aplica\u00e7\u00f5es:<\/p>\n<table>\n<thead>\n<tr>\n<th>Ind\u00fastria<\/th>\n<th>Aplicativo<\/th>\n<\/tr>\n<\/thead>\n<tbody>\n<tr>\n<td>Aeroespacial<\/td>\n<td>Componentes de aeronaves e motores de foguetes, sistemas espaciais<\/td>\n<\/tr>\n<tr>\n<td>Automotivo<\/td>\n<td>Molas de v\u00e1lvulas, fixadores, atuadores<\/td>\n<\/tr>\n<tr>\n<td>M\u00e9dico<\/td>\n<td>Implantes, pr\u00f3teses, dispositivos<\/td>\n<\/tr>\n<tr>\n<td>Defesa<\/td>\n<td>Armadura, muni\u00e7\u00f5es, bal\u00edstica.<\/td>\n<\/tr>\n<tr>\n<td>fabrica\u00e7\u00e3o aditiva<\/td>\n<td>Pe\u00e7as impressas em 3D com alta resist\u00eancia<\/td>\n<\/tr>\n<tr>\n<td>Processamento qu\u00edmico<\/td>\n<td>Vasos, tubula\u00e7\u00f5es resistentes a corros\u00e3o<\/td>\n<\/tr>\n<\/tbody>\n<\/table>\n<p class=\"whitespace-pre-wrap\">A combina\u00e7\u00e3o de resist\u00eancia, dureza e biocompatibilidade tornam o TiNbZrSn adequado para dispositivos implantados com carga, como juntas de quadril e joelho. Sua resist\u00eancia \u00e0 corros\u00e3o \u00e9 adequada para aplica\u00e7\u00f5es navais expostas a \u00e1gua do mar. E sua durabilidade em altas temperaturas \u00e9 uma vantagem em turbinas e motores a jato.<\/p>\n<p class=\"whitespace-pre-wrap\">Em compara\u00e7\u00e3o com as ligas convencionais, TiNbZrSn possibilita componentes mais leves, mais fortes e mais dur\u00e1veis, oferecendo vantagem em ind\u00fastrias exigentes.<\/p>\n<h2><strong>Especifica\u00e7\u00f5es do P\u00f3 de Liga TiNbZrSn<\/strong><\/h2>\n<p class=\"whitespace-pre-wrap\">O p\u00f3 de liga TiNbZrSn est\u00e1 dispon\u00edvel comercialmente nas seguintes especifica\u00e7\u00f5es:<\/p>\n<table>\n<thead>\n<tr>\n<th>Atributo<\/th>\n<th>Detalhes<\/th>\n<\/tr>\n<\/thead>\n<tbody>\n<tr>\n<td>Tamanhos de Part\u00edculas<\/td>\n<td>15-45 \u00b5m (microns), 45-106 \u00b5m, 106-250 \u00b5m<\/td>\n<\/tr>\n<tr>\n<td>Forma da part\u00edcula<\/td>\n<td>Esf\u00e9rica, irregular<\/td>\n<\/tr>\n<tr>\n<td>Pureza<\/td>\n<td>At\u00e9 99,9%<\/td>\n<\/tr>\n<tr>\n<td>Teor de Oxig\u00eanio<\/td>\n<td>Meno de 2000 ppm<\/td>\n<\/tr>\n<tr>\n<td>Tipos de p\u00f3<\/td>\n<td>Ano 5, 23, 23 ELI<\/td>\n<\/tr>\n<tr>\n<td>Formul\u00e1rio de fornecimento<\/td>\n<td>P\u00f3 solto, pr\u00e9-formas sinterizadas<\/td>\n<\/tr>\n<\/tbody>\n<\/table>\n<p class=\"whitespace-pre-wrap\">Tanto o p\u00f3 esf\u00e9rico atomizado por g\u00e1s como o p\u00f3 irregular de HDH ou PREP est\u00e3o dispon\u00edveis. O p\u00f3 menor de 15 a 45 m\u00edcrons \u00e9 adequado para a manufatura aditiva que necessita de bom fluxo e embalagem. O p\u00f3 maior de 106 a 250 m\u00edcrons \u00e9 normalmente prensado e sinterizado.<\/p>\n<p class=\"whitespace-pre-wrap\">Normas como ASTM F1805 e ISO 5832 fornecem limites de composi\u00e7\u00e3o e propriedades necess\u00e1rias para p\u00f3 de grau biom\u00e9dico 23 ELI. Composi\u00e7\u00f5es de ligas personalizadas e tamanhos de part\u00edcula tamb\u00e9m podem ser produzidos para atender aos requisitos da aplica\u00e7\u00e3o.<\/p>\n<h2><strong>Fornecedores de P\u00f3 de Liga de TiNbZrSn<\/strong><\/h2>\n<p class=\"whitespace-pre-wrap\">Alguns dos principais fornecedores mundiais de p\u00f3 de liga TiNbZrSn incluem:<\/p>\n<table>\n<thead>\n<tr>\n<th>Fornecedor<\/th>\n<th>Local<\/th>\n<\/tr>\n<\/thead>\n<tbody>\n<tr>\n<td>AMETEK<\/td>\n<td>EUA<\/td>\n<\/tr>\n<tr>\n<td>CNP P\u00f3<\/td>\n<td>China<\/td>\n<\/tr>\n<tr>\n<td>GKN Hoeganaes<\/td>\n<td>Europa<\/td>\n<\/tr>\n<tr>\n<td>Tecnologia LPW<\/td>\n<td>Reino Unido<\/td>\n<\/tr>\n<tr>\n<td>Sandvik Osprey<\/td>\n<td>Reino Unido<\/td>\n<\/tr>\n<\/tbody>\n<\/table>\n<p class=\"whitespace-pre-wrap\">Fornecedores respeit\u00e1veis como esses t\u00eam avan\u00e7ado instala\u00e7\u00f5es internas de produ\u00e7\u00e3o de p\u00f3 usando atomiza\u00e7\u00e3o a g\u00e1s ou processos hidreto-desidreto. Eles podem fornecer v\u00e1rias distribui\u00e7\u00f5es de tamanho de part\u00edcula e personalizar a composi\u00e7\u00e3o da liga conforme necess\u00e1rio.<\/p>\n<p class=\"whitespace-pre-wrap\">Quantidades de prototipagem de pequenos lotes a grandes volumes comerciais est\u00e3o dispon\u00edveis. R\u00edgidos controle de qualidade e testes s\u00e3o implementados pelos fornecedores para garantir que o p\u00f3 atenda \u00e0s especifica\u00e7\u00f5es.<\/p>\n<h2><strong>Pre\u00e7o do P\u00f3 da Liga TiNbZrSn<\/strong><\/h2>\n<p class=\"whitespace-pre-wrap\">Como uma liga avan\u00e7ada de especialidade, o p\u00f3 de TiNbZrSn alcan\u00e7a um pre\u00e7o superior:<\/p>\n<table>\n<thead>\n<tr>\n<th>\"Gradua\u00e7\u00e3o em p\u00f3\"<\/th>\n<th>Intervalo de Pre\u00e7os<\/th>\n<\/tr>\n<\/thead>\n<tbody>\n<tr>\n<td>5\u00aa S\u00e9rie<\/td>\n<td>$ 350-$ 500 por quilo<\/td>\n<\/tr>\n<tr>\n<td>Turma 23<\/td>\n<td>$ 450 a $ 650 o quilo<\/td>\n<\/tr>\n<tr>\n<td>Grau 23 ELI<\/td>\n<td>$550-$750 por quilo.<\/td>\n<\/tr>\n<\/tbody>\n<\/table>\n<p class=\"whitespace-pre-wrap\">O pre\u00e7o depende da quantidade do pedido, distribui\u00e7\u00e3o do tamanho da part\u00edcula, forma e composi\u00e7\u00e3o. Menores quantidades de finos em p\u00f3 esf\u00e9rico s\u00e3o mais caras. P\u00f3 irregular e tamanhos de lote maiores oferecem economia de custos.<\/p>\n<p class=\"whitespace-pre-wrap\">O pre\u00e7o \u00e9 diversas vezes maior que o das ligas comuns, como o p\u00f3 de a\u00e7o inoxid\u00e1vel 316L. No entanto, as propriedades superiores justificam o custo maior para aplica\u00e7\u00f5es cr\u00edticas que precisam de um desempenho m\u00e1ximo.<\/p>\n<h2><strong>Manuseio de P\u00f3 de Liga TiNbZrSn<\/strong><\/h2>\n<p class=\"whitespace-pre-wrap\">Para manusear com seguran\u00e7a o p\u00f3 de liga TiNbZrSn:<\/p>\n<ul class=\"list-disc pl-8 space-y-2\">\n<li class=\"whitespace-normal\">Armazene recipientes lacrados em local fresco e seco para evitar oxida\u00e7\u00e3o e hidrata\u00e7\u00e3o<\/li>\n<li class=\"whitespace-normal\">Evite derramamento para evitar o ac\u00famulo de p\u00f3 como risco de explos\u00e3o<\/li>\n<li class=\"whitespace-normal\">Aterrar para manuseio todos equipamentos de p\u00f3 e recipientes de transporte<\/li>\n<li class=\"whitespace-normal\">Use luvas e prote\u00e7\u00e3o respirat\u00f3ria no manuseio de p\u00f3s<\/li>\n<li class=\"whitespace-normal\">Use ferramentas antifa\u00edscas e sistemas de v\u00e1cuo com purga a g\u00e1s inerte<\/li>\n<li class=\"whitespace-normal\">Empregue ventila\u00e7\u00e3o e extra\u00e7\u00e3o de fuma no local quando necess\u00e1rio<\/li>\n<\/ul>\n<p class=\"whitespace-pre-wrap\">O tamanho de part\u00edculas finas torna o p\u00f3 de TiNbZrSn inflam\u00e1vel quando disperso. Um manuseio cuidadoso seguindo protocolos de seguran\u00e7a \u00e9 essencial. Sistemas de conten\u00e7\u00e3o e manuseio de caixas de luvas automatizados s\u00e3o recomendados.<\/p>\n<h2><strong>Inspe\u00e7\u00e3o de p\u00f3 de liga de TiNbZrSn<\/strong><\/h2>\n<p class=\"whitespace-pre-wrap\">A liga TiNbZrSn em p\u00f3 deve ser inspecionada para:<\/p>\n<table>\n<thead>\n<tr>\n<th>Par\u00e2metros<\/th>\n<th>M\u00e9todo<\/th>\n<th>Crit\u00e9rios de aceite<\/th>\n<\/tr>\n<\/thead>\n<tbody>\n<tr>\n<td>Distribui\u00e7\u00e3o de Tamanho de Part\u00edculas<\/td>\n<td>Difra\u00e7\u00e3o a laser, peneira\u00e7\u00e3o<\/td>\n<td>Atinge intervalo especificado<\/td>\n<\/tr>\n<tr>\n<td>Forma da part\u00edcula<\/td>\n<td>Imagem SEM<\/td>\n<td>Superf\u00edcies esf\u00e9ricas e lisas<\/td>\n<\/tr>\n<tr>\n<td>Qu\u00edmica das part\u00edculas<\/td>\n<td>EDX\/EDS, ICP-OES<\/td>\n<td>Conforme \u00e0 composi\u00e7\u00e3o especificada<\/td>\n<\/tr>\n<tr>\n<td>Oxig\u00eanio\/Nitrog\u00eanio<\/td>\n<td>Fus\u00e3o a g\u00e1s inerte<\/td>\n<td>Sob 2000 ppm de oxig\u00eanio<\/td>\n<\/tr>\n<tr>\n<td>Densidade Aparente<\/td>\n<td>Fluxo de via respirat\u00f3ria<\/td>\n<td>Melhor fluxo para maior densidade<\/td>\n<\/tr>\n<tr>\n<td>Taxa de vaz\u00e3o<\/td>\n<td>Fluxo de via respirat\u00f3ria<\/td>\n<td>Flui livremente pela abertura<\/td>\n<\/tr>\n<\/tbody>\n<\/table>\n<p class=\"whitespace-pre-wrap\">Esses testes garantem que o p\u00f3 atenda \u00e0s especifica\u00e7\u00f5es de tamanho, forma, qu\u00edmica, limpeza e fluidez requeridas para uso de AM ou prensagem e sinteriza\u00e7\u00e3o.<\/p>\n<h2><strong>Teste de P\u00f3 de Liga de TiNbZrSn<\/strong><\/h2>\n<p class=\"whitespace-pre-wrap\">Os seguintes ensaios adicionais podem ser realizados para qualificar o p\u00f3 da liga TiNbZrSn:<\/p>\n<table>\n<thead>\n<tr>\n<th>Teste<\/th>\n<th>M\u00e9todo<\/th>\n<th>Prop\u00f3sito<\/th>\n<\/tr>\n<\/thead>\n<tbody>\n<tr>\n<td>Compressibilidade<\/td>\n<td>Prensagem uniaxial<\/td>\n<td>Avaliar resposta de compacta\u00e7\u00e3o<\/td>\n<\/tr>\n<tr>\n<td>Resist\u00eancia verde<\/td>\n<td>Resist\u00eancia transversal \u00e0 ruptura<\/td>\n<td>Avalia\u00e7\u00e3o da resist\u00eancia antes da sinteriza\u00e7\u00e3o<\/td>\n<\/tr>\n<tr>\n<td>Densidade ap\u00f3s a sinteriza\u00e7\u00e3o<\/td>\n<td>Medi\u00e7\u00e3o dimensional<\/td>\n<td>Garantir la consolida\u00e7\u00e3o total<\/td>\n<\/tr>\n<tr>\n<td>Microestrutura<\/td>\n<td>Microscopia \u00f3ptica, MEV<\/td>\n<td>Avaliar fundi\u00e7\u00e3o, porosidade, gr\u00e3os<\/td>\n<\/tr>\n<tr>\n<td>Dureza<\/td>\n<td>Ensaios Vickers\/Rockwell<\/td>\n<td>Verificar as propriedades mec\u00e2nicas<\/td>\n<\/tr>\n<tr>\n<td>Resist\u00eancia \u00e0 tra\u00e7\u00e3o<\/td>\n<td>ASTM E8<\/td>\n<td>Me\u00e7a UTS, rendimento e alongamento<\/td>\n<\/tr>\n<\/tbody>\n<\/table>\n<p class=\"whitespace-pre-wrap\">O teste de amostras comprimidas e sinterizadas \u00e9 prudente para confirmar a processabilidade do p\u00f3 e as propriedades mec\u00e2nicas finais versus os requisitos de projeto.<\/p>\n<h2><strong>Pr\u00f3s e contras do p\u00f3 da liga de TiNbZrSn<\/strong><\/h2>\n<table>\n<thead>\n<tr>\n<th>Vantagens<\/th>\n<th>Desvantagens<\/th>\n<\/tr>\n<\/thead>\n<tbody>\n<tr>\n<td>Raz\u00e3o for\u00e7a-peso excepcional<\/td>\n<td>Caro em compara\u00e7\u00e3o a ligas comuns<\/td>\n<\/tr>\n<tr>\n<td>Maior elasticidade do que outras ligas de alta resist\u00eancia<\/td>\n<td>Ductilidade inferior \u00e0 ligas de tit\u00e2nio<\/td>\n<\/tr>\n<tr>\n<td>Excelente dureza e resist\u00eancia ao desgaste<\/td>\n<td>Requer manuseio cuidadoso devido \u00e0 reatividade<\/td>\n<\/tr>\n<tr>\n<td>Resiste \u00e0 corros\u00e3o em ambientes adversos<\/td>\n<td>Dif\u00edcil de usinar e moer<\/td>\n<\/tr>\n<tr>\n<td>Biocompat\u00edvel para usos m\u00e9dicos<\/td>\n<td>Fornecedores e disponibilidade limitados<\/td>\n<\/tr>\n<tr>\n<td>Resiste a temperaturas extremamente altas<\/td>\n<td>Necessita de compress\u00e3o isost\u00e1tica a quente para consolida\u00e7\u00e3o total<\/td>\n<\/tr>\n<\/tbody>\n<\/table>\n<p class=\"whitespace-pre-wrap\">Para aplica\u00e7\u00f5es cruciais, onde o desempenho supera o custo, o p\u00f3 de liga TiNbZrSn fornece propriedades incompar\u00e1veis por outras ligas. As principais limita\u00e7\u00f5es s\u00e3o o custo e a disponibilidade.<\/p>\n<h2><strong>Comparando a TiNbZrSn com outras ligas<\/strong><\/h2>\n<p class=\"whitespace-pre-wrap\">Como o TiNbZrSn se compara a outros p\u00f3s de liga de alto desempenho?<\/p>\n<p class=\"whitespace-pre-wrap\"><strong>Versus a\u00e7o inoxid\u00e1vel<\/strong>:<\/p>\n<ul class=\"list-disc pl-8 space-y-2\">\n<li class=\"whitespace-normal\">Resist\u00eancia 2x mais alta<\/li>\n<li class=\"whitespace-normal\">Densidade 70% menor<\/li>\n<li class=\"whitespace-normal\">5x maior dureza<\/li>\n<li class=\"whitespace-normal\">Melhor Resist\u00eancia \u00e0 Corros\u00e3o<\/li>\n<\/ul>\n<p class=\"whitespace-pre-wrap\"><strong>Versus ligas de tit\u00e2nio<\/strong>:<\/p>\n<ul class=\"list-disc pl-8 space-y-2\">\n<li class=\"whitespace-normal\">50% mais elasticidade<\/li>\n<li class=\"whitespace-normal\">Dureza 20% maior<\/li>\n<li class=\"whitespace-normal\">Melhor resist\u00eancia \u00e0 flu\u00eancia<\/li>\n<li class=\"whitespace-normal\">Menos ductilidade<\/li>\n<\/ul>\n<p class=\"whitespace-pre-wrap\"><strong>Versus ligas de cromo cobalto<\/strong>:<\/p>\n<ul class=\"list-disc pl-8 space-y-2\">\n<li class=\"whitespace-normal\">Densidade mais baixa<\/li>\n<li class=\"whitespace-normal\">Sem efeitos t\u00f3xicos<\/li>\n<li class=\"whitespace-normal\">Temperatura de servi\u00e7o mais alta<\/li>\n<li class=\"whitespace-normal\">Menor Resist\u00eancia<\/li>\n<\/ul>\n<p class=\"whitespace-pre-wrap\"><strong>Versus superligas \u00e0 base de Ni<\/strong>:<\/p>\n<ul class=\"list-disc pl-8 space-y-2\">\n<li class=\"whitespace-normal\">Processamento mais f\u00e1cil<\/li>\n<li class=\"whitespace-normal\">Menor custo<\/li>\n<li class=\"whitespace-normal\">Capacidade de temperatura mais baixa<\/li>\n<li class=\"whitespace-normal\">Resist\u00eancia ao rastejamento inferior<\/li>\n<\/ul>\n<p class=\"whitespace-pre-wrap\">Ent\u00e3o o TiNbZrSn apresenta um equil\u00edbrio \u00f3timo de propriedades n\u00e3o encontradas em outras ligas, tornando-o adequado para as aplica\u00e7\u00f5es mais exigentes.<\/p>\n<h2><strong>Id\u00e9ias sobre o uso do p\u00f3 da liga TiNbZrSn<\/strong><\/h2>\n<p class=\"whitespace-pre-wrap\">Aqui est\u00e3o alguns insights importantes sobre o uso eficaz do TiNbZrSn:<\/p>\n<ul class=\"list-disc pl-8 space-y-2\">\n<li class=\"whitespace-normal\">O p\u00f3 atomizado por g\u00e1s com distribui\u00e7\u00e3o controlada de tamanho de part\u00edcula flui e se compacta melhor para AM<\/li>\n<li class=\"whitespace-normal\">P\u00f3s irregulares requerem maiores press\u00f5es para compacta\u00e7\u00e3o e sinteriza\u00e7\u00e3o<\/li>\n<li class=\"whitespace-normal\">Prensagem isost\u00e1tica a quente ajuda a atingir densidade e propriedades m\u00e1ximas<\/li>\n<li class=\"whitespace-normal\">Recozimento pode ser usado para adaptar ductilidade e dureza conforme necess\u00e1rio<\/li>\n<li class=\"whitespace-normal\">Pe\u00e7as pr\u00f3ximas da forma l\u00edquida minimizam usinagem cara de componentes sinterizados<\/li>\n<li class=\"whitespace-normal\">Tratamentos superficiais melhoram a resist\u00eancia ao desgaste para aplica\u00e7\u00f5es de contato deslizante<\/li>\n<li class=\"whitespace-normal\">Juntar materiais diferentes para TiNbZrSn requer a sele\u00e7\u00e3o de um processo adequado<\/li>\n<li class=\"whitespace-normal\">Rigorosos ensaios e qualifica\u00e7\u00f5es de fornecedores ajudam a garantir a qualidade e o desempenho do p\u00f3<\/li>\n<\/ul>\n<p class=\"whitespace-pre-wrap\">Compreender a rela\u00e7\u00e3o processamento-microestrutura e propriedade \u00e9 importante para explorar o potencial total desta excepcional liga.<\/p>\n<h2><strong>Perguntas frequentes<\/strong><\/h2>\n<p class=\"whitespace-pre-wrap\">Aqui est\u00e3o algumas perguntas frequentes sobre o p\u00f3 de liga TiNbZrSn:<\/p>\n<p class=\"whitespace-pre-wrap\"><strong>P: O p\u00f3 de TiNbZrSn pode ser usado na impress\u00e3o 3D?<\/strong><\/p>\n<p class=\"whitespace-pre-wrap\">R: Sim, o TiNbZrSn atomizado por g\u00e1s com tamanho de part\u00edcula controlado e alta esfericidade pode ser usado para fus\u00e3o de leito de p\u00f3 e processos de AM de deposi\u00e7\u00e3o de energia direcionada. Os par\u00e2metros precisam ser otimizados para alcan\u00e7ar alta densidade.<\/p>\n<p class=\"whitespace-pre-wrap\"><strong>Q: Qual o tamanho de part\u00edcula \u00e9 o melhor para a manufactura aditiva?<\/strong><\/p>\n<p class=\"whitespace-pre-wrap\">R: Recomenda-se 15-45 m\u00edcrons, garantindo bom fluxo de p\u00f3 e embalagem. Tamanhos maiores de at\u00e9 106 m\u00edcrons tamb\u00e9m foram impressos com sucesso para algumas aplica\u00e7\u00f5es que requerem camadas mais espessas.<\/p>\n<p class=\"whitespace-pre-wrap\"><strong>P: O TiNbZrSn requer prensagem isost\u00e1tica a quente ap\u00f3s a FA?<\/strong><\/p>\n<p class=\"whitespace-pre-wrap\">R: HIP ajuda a maximizar a densidade, eliminar poros internos e melhorar as propriedades mec\u00e2nicas. Mas para algumas aplica\u00e7\u00f5es menos exigentes, as pe\u00e7as TiNbZrSn impressas podem atender aos requisitos sem HIP.<\/p>\n<p class=\"whitespace-pre-wrap\"><strong>P: Voc\u00ea consegue usinar e retificar a liga TiNbZrSn?<\/strong><\/p>\n<p class=\"whitespace-pre-wrap\">R: Sim, mas exige configura\u00e7\u00f5es r\u00edgidas, refrigerante de alta press\u00e3o, ferramentas de metal duro afiadas e abrasivos finos. As taxas de avan\u00e7o e velocidades precisam ser menores do que as das ligas convencionais devido \u00e0 sua dureza.<\/p>\n<p class=\"whitespace-pre-wrap\"><strong>P: O TiNbZrSn \u00e9 adequado para implantes biom\u00e9dicos?<\/strong><\/p>\n<p class=\"whitespace-pre-wrap\">R: Sim, tem sido usado para placas \u00f3sseas, implantes de quadril e joelho, gra\u00e7as \u00e0 sua biocompatibilidade, baixo m\u00f3dulo e alta resist\u00eancia, ideal para dispositivos de rolamento de carga. O p\u00f3 do grau 23 ELI proporciona a pureza necess\u00e1ria.<\/p>\n<p class=\"whitespace-pre-wrap\"><strong>P: Quais s\u00e3o as aplica\u00e7\u00f5es t\u00edpicas para a liga TiNbZrSn?<\/strong><\/p>\n<p class=\"whitespace-pre-wrap\">A: Componentes aeroespaciais como trens de pouso, molas e fixadores automotivos, implantes biom\u00e9dicos, placas de blindagem, turbinas geradoras de energia e ferramentas para moldagem e estampagem de chapas met\u00e1licas.<\/p>\n<h1>Conclus\u00e3o<\/h1>\n<p class=\"whitespace-pre-wrap\">Em resumo, o p\u00f3 de liga TiNbZrSn oferece resist\u00eancia extraordin\u00e1ria aliada a baixa densidade, elasticidade e dureza diferente de quaisquer outras ligas convencionais ou avan\u00e7adas. Apesar dos custos serem mais altos, muitas aplica\u00e7\u00f5es de desempenho cr\u00edtico justificam a despesa onde as propriedades otimizadas do material s\u00e3o primordiais. Com disponibilidade expandida e inova\u00e7\u00f5es cont\u00ednuas, as capacidades exclusivas do TiNbZrSn ser\u00e3o aproveitadas em mais ind\u00fastrias nos pr\u00f3ximos anos.<\/p>\n<p><\/span><\/span><\/p>","protected":false},"excerpt":{"rendered":"<p>P\u00f3 da liga TiNbZrSn Composi\u00e7\u00e3o O p\u00f3 da liga TiNbZrSn \u00e9 constitu\u00eddo pelos seguintes elementos: Elemento Peso % Tit\u00e2nio (Ti) 35-40% Ni\u00f3bio (Nb) 35-40% Zirc\u00f3nio (Zr) 5-10% Estanho (Sn) 5-10% Esta combina\u00e7\u00e3o precisa de tit\u00e2nio, ni\u00f3bio, zirc\u00f3nio e estanho resulta numa liga com uma resist\u00eancia, dureza e elasticidade extraordin\u00e1rias em compara\u00e7\u00e3o com as ligas convencionais. O teor de ni\u00f3bio, em particular,...<\/p>","protected":false},"featured_media":1879,"parent":0,"template":"","meta":{"_acf_changed":false,"_kad_blocks_custom_css":"","_kad_blocks_head_custom_js":"","_kad_blocks_body_custom_js":"","_kad_blocks_footer_custom_js":"","_kad_post_transparent":"","_kad_post_title":"","_kad_post_layout":"","_kad_post_sidebar_id":"","_kad_post_content_style":"","_kad_post_vertical_padding":"","_kad_post_feature":"","_kad_post_feature_position":"","_kad_post_header":false,"_kad_post_footer":false,"_kad_post_classname":""},"product-category":[119,123],"class_list":["post-3941","product","type-product","status-publish","has-post-thumbnail","hentry","product-category-3d-printing-metal-powder","product-category-titanium-based-alloy-powder"],"acf":[],"taxonomy_info":{"product-category":[{"value":119,"label":"3D Printing Metal Powder"},{"value":123,"label":"Titanium Based Alloy Powder"}]},"featured_image_src_large":["https:\/\/3dpmetal.com\/wp-content\/uploads\/2024\/02\/Titanium-alloy-powder.jpg",600,600,false],"author_info":[],"comment_info":"","_links":{"self":[{"href":"https:\/\/3dpmetal.com\/pt\/wp-json\/wp\/v2\/product\/3941","targetHints":{"allow":["GET"]}}],"collection":[{"href":"https:\/\/3dpmetal.com\/pt\/wp-json\/wp\/v2\/product"}],"about":[{"href":"https:\/\/3dpmetal.com\/pt\/wp-json\/wp\/v2\/types\/product"}],"wp:featuredmedia":[{"embeddable":true,"href":"https:\/\/3dpmetal.com\/pt\/wp-json\/wp\/v2\/media\/1879"}],"wp:attachment":[{"href":"https:\/\/3dpmetal.com\/pt\/wp-json\/wp\/v2\/media?parent=3941"}],"wp:term":[{"taxonomy":"product-category","embeddable":true,"href":"https:\/\/3dpmetal.com\/pt\/wp-json\/wp\/v2\/product-category?post=3941"}],"curies":[{"name":"wp","href":"https:\/\/api.w.org\/{rel}","templated":true}]}}