{"id":3944,"date":"2024-03-18T06:10:15","date_gmt":"2024-03-18T06:10:15","guid":{"rendered":"https:\/\/3dp.45612300.xyz\/product\/aermet100-stainless-steel-powder\/"},"modified":"2024-03-18T06:10:15","modified_gmt":"2024-03-18T06:10:15","slug":"aermet100-stainless-steel-powder","status":"publish","type":"product","link":"https:\/\/3dpmetal.com\/pt\/product\/aermet100-stainless-steel-powder\/","title":{"rendered":"P\u00f3 de A\u00e7o Inoxid\u00e1vel AerMet100"},"content":{"rendered":"<p><span style=\"vertical-align: inherit;\"><span style=\"vertical-align: inherit;\"><\/p>\n<p class=\"whitespace-pre-wrap\">O p\u00f3 de a\u00e7o inoxid\u00e1vel AerMet100 \u00e9 um p\u00f3 de liga de alto desempenho projetado para aplica\u00e7\u00f5es de fabrica\u00e7\u00e3o aditiva que requerem alta resist\u00eancia e resist\u00eancia \u00e0 fadiga. Algumas das principais caracter\u00edsticas deste material incluem:<\/p>\n<ul class=\"list-disc pl-8 space-y-2\">\n<li class=\"whitespace-normal\">Alta resist\u00eancia e dureza &#8211; AerMet100 apresenta excelente resist\u00eancia com resist\u00eancia \u00e0 ruptura de mais de 200 ksi e dureza variando de 30-36 HRC.<\/li>\n<li class=\"whitespace-normal\">Boa ductilidade &#8211; Apesar da alta resist\u00eancia, AerMet100 ainda ret\u00e9m ductilidade e resist\u00eancia a impactos decentes. Os valores de alongamento s\u00e3o mais de 10%.<\/li>\n<li class=\"whitespace-normal\">Excelente resist\u00eancia \u00e0 fadiga &#8211; O limite de fadiga do AerMet100 \u00e9 muito alto em torno de 50% da resist\u00eancia \u00e0 tra\u00e7\u00e3o. Isto permite componentes dur\u00e1veis expostos a tens\u00f5es c\u00edclicas.<\/li>\n<li class=\"whitespace-normal\">Resist\u00eancia \u00e0 flu\u00eancia &#8211; AerMet100 resiste \u00e0 deforma\u00e7\u00e3o sob carga a temperaturas elevadas de at\u00e9 700\u00a1\u00abC, ideal para servi\u00e7o com temperaturas elevadas.<\/li>\n<li class=\"whitespace-normal\">Resist\u00eancia \u00e0 corros\u00e3o \u2013 A composi\u00e7\u00e3o de a\u00e7o inoxid\u00e1vel proporciona resist\u00eancia \u00e0 corros\u00e3o e oxida\u00e7\u00e3o para uso em ambientes rigorosos.<\/li>\n<li class=\"whitespace-normal\">Soldabilidade \u2014 o baixo teor de carbono permite boa soldabilidade usando m\u00e9todos padr\u00e3o de soldagem por fus\u00e3o.<\/li>\n<li class=\"whitespace-normal\">Custo-benef\u00edcio &#8211; AerMet100 \u00e9 mais acess\u00edvel que outras ligas ex\u00f3ticas com propriedades semelhantes.<\/li>\n<\/ul>\n<p class=\"whitespace-pre-wrap\">Este excepcional equil\u00edbrio de propriedades torna AerMet100 adequado para aplica\u00e7\u00f5es exigentes em setores aeroespacial, petr\u00f3leo e g\u00e1s, automotivo e industrial. Pe\u00e7as feitas de p\u00f3 AerMet100 demonstram alta rela\u00e7\u00e3o resist\u00eancia-peso, durabilidade e confiabilidade sob cargas operacionais.<\/p>\n<h2>Composi\u00e7\u00e3o do P\u00f3 de A\u00e7o Inoxid\u00e1vel AerMet100<\/h2>\n<p class=\"whitespace-pre-wrap\">AerMet100 \u00e9 uma composi\u00e7\u00e3o de a\u00e7o inoxid\u00e1vel martens\u00edtico com adi\u00e7\u00f5es de cobalto, n\u00edquel e molibd\u00eanio para resist\u00eancia e dureza. A composi\u00e7\u00e3o nominal \u00e9 fornecida abaixo:<\/p>\n<table>\n<thead>\n<tr>\n<th>Elemento<\/th>\n<th>Peso %<\/th>\n<\/tr>\n<\/thead>\n<tbody>\n<tr>\n<td>Ferro (Fe)<\/td>\n<td>Equil\u00edbrio<\/td>\n<\/tr>\n<tr>\n<td>Cr\u00f3mio (Cr)<\/td>\n<td>15.0 &#8211; 17.0<\/td>\n<\/tr>\n<tr>\n<td>N\u00edquel (Ni)<\/td>\n<td>7.0 &#8211; 10.0<\/td>\n<\/tr>\n<tr>\n<td>Cobalto (Co)<\/td>\n<td>8.0 &#8211; 10.0<\/td>\n<\/tr>\n<tr>\n<td>Molibd\u00eanio (Mo)<\/td>\n<td>4.0 &#8211; 5.0<\/td>\n<\/tr>\n<tr>\n<td>Mangan\u00eas (Mn)<\/td>\n<td>&lt; 1.0<\/td>\n<\/tr>\n<tr>\n<td>Sil\u00edcio (Si)<\/td>\n<td>&lt; 1.0<\/td>\n<\/tr>\n<tr>\n<td>Carbono (C)<\/td>\n<td>&lt; 0,03<\/td>\n<\/tr>\n<\/tbody>\n<\/table>\n<p class=\"whitespace-pre-wrap\">Os principais elementos de liga e seus efeitos s\u00e3o:<\/p>\n<ul class=\"list-disc pl-8 space-y-2\">\n<li class=\"whitespace-normal\"><strong>Cr\u00f3mio<\/strong>- Fornece resist\u00eancia \u00e0 corros\u00e3o e oxida\u00e7\u00e3o<\/li>\n<li class=\"whitespace-normal\"><strong>N\u00edquel<\/strong>- Aumenta a tenacidade e a ductilidade<\/li>\n<li class=\"whitespace-normal\"><strong>Cobalto<\/strong>?- Refor\u00e7ador de solu\u00e7\u00e3o s\u00f3lida, aumenta a resist\u00eancia<\/li>\n<li class=\"whitespace-normal\"><strong>Molibd\u00eanio<\/strong>?- Fortalecedor de solu\u00e7\u00e3o s\u00f3lida, aumenta a resist\u00eancia e a resist\u00eancia \u00e0 flu\u00eancia<\/li>\n<li class=\"whitespace-normal\"><strong>Mangan\u00eas e Sil\u00edcio<\/strong>?- Desoxidantes para melhorar a fabrica\u00e7\u00e3o de p\u00f3s<\/li>\n<li class=\"whitespace-normal\"><strong>Carbono<\/strong>?- Mantido baixo para melhor soldabilidade<\/li>\n<\/ul>\n<p class=\"whitespace-pre-wrap\">A combina\u00e7\u00e3o desses elementos confere ao a\u00e7o inoxid\u00e1vel AerMet100 seu conjunto exclusivo de propriedades.<\/p>\n<h2>Propriedades do p\u00f3 de a\u00e7o inoxid\u00e1vel AerMet100<\/h2>\n<p class=\"whitespace-pre-wrap\">AerMet100 apresenta as seguintes propriedades f\u00edsicas e mec\u00e2nicas no AM constru\u00eddo conforme projetado e condi\u00e7\u00f5es tratadas termicamente:<\/p>\n<table>\n<thead>\n<tr>\n<th>Propriedade<\/th>\n<th>Como constru\u00eddo<\/th>\n<th>Tratado termicamente<\/th>\n<\/tr>\n<\/thead>\n<tbody>\n<tr>\n<td><strong>Densidade<\/strong><\/td>\n<td>7,9 g\/cc<\/td>\n<td>7,9 g\/cc<\/td>\n<\/tr>\n<tr>\n<td><strong>Porosidade<\/strong><\/td>\n<td>&lt; 1%<\/td>\n<td>&lt; 1%<\/td>\n<\/tr>\n<tr>\n<td><strong>Rugosidade da Superf\u00edcie (Ra)<\/strong><\/td>\n<td>15-25 \u00c3\ufffdm<\/td>\n<td>15-25 \u00c3\ufffdm<\/td>\n<\/tr>\n<tr>\n<td><strong>Dureza<\/strong><\/td>\n<td>30-35 HRC<\/td>\n<td>34-38 HRC<\/td>\n<\/tr>\n<tr>\n<td><strong>Resist\u00eancia \u00e0 tra\u00e7\u00e3o<\/strong><\/td>\n<td>170-190 ksi<\/td>\n<td>190-220 ksi<\/td>\n<\/tr>\n<tr>\n<td><strong>Limite de Resist\u00eancia \u00e0 Tra\u00e7\u00e3o (Desvio de 0,2%)<\/strong><\/td>\n<td>160-180 ksi<\/td>\n<td>180-210 ksi<\/td>\n<\/tr>\n<tr>\n<td><strong>Elonga\u00e7\u00e3o<\/strong><\/td>\n<td>8-13%<\/td>\n<td>10-15%<\/td>\n<\/tr>\n<tr>\n<td><strong>Redu\u00e7\u00e3o de \u00c1rea<\/strong><\/td>\n<td>15-25%<\/td>\n<td>15-25%<\/td>\n<\/tr>\n<tr>\n<td><strong>M\u00f3dulo de elasticidade<\/strong><\/td>\n<td>27-30 Msi<\/td>\n<td>29-32 Msi<\/td>\n<\/tr>\n<tr>\n<td><strong>CTE (70-400\u00a1\u00c0C)<\/strong><\/td>\n<td>11-12 \u00c3\u00b5m\/m\u00a1\u00abC<\/td>\n<td>11-12 \u00c3\u00b5m\/m\u00a1\u00abC<\/td>\n<\/tr>\n<tr>\n<td><strong>Condutividade<\/strong><\/td>\n<td>25-30% IACS<\/td>\n<td>25-30% IACS<\/td>\n<\/tr>\n<\/tbody>\n<\/table>\n<p class=\"whitespace-pre-wrap\">As propriedades tornam AerMet100 adequado para componentes estruturais de alta resist\u00eancia, fixadores aeroespaciais, ferramentas de fundo de po\u00e7o, v\u00e1lvulas e bombas e outras pe\u00e7as cr\u00edticas onde a resist\u00eancia \u00e0 fadiga \u00e9 primordial.<\/p>\n<h2>Aplica\u00e7\u00f5es para p\u00f3 de a\u00e7o inoxid\u00e1vel AerMet100<\/h2>\n<p class=\"whitespace-pre-wrap\">As propriedades \u00fanicas do AerMet100 fazem dele uma excelente escolha para as seguintes aplica\u00e7\u00f5es:<\/p>\n<h3>Aeroespacial<\/h3>\n<ul class=\"list-disc pl-8 space-y-2\">\n<li class=\"whitespace-normal\">Suportes estruturais, cintas, componentes da fuselagem<\/li>\n<li class=\"whitespace-normal\">Pe\u00e7as do trem de pouso, componentes da asa, empenagem<\/li>\n<li class=\"whitespace-normal\">Suportes do motor, componentes de exaust\u00e3o<\/li>\n<li class=\"whitespace-normal\">P\u00e1s de turbina, impulsores, pe\u00e7as de compress\u00e3o<\/li>\n<li class=\"whitespace-normal\">Fixadores de alta resist\u00eancia, parafusos, porcas, rebites<\/li>\n<\/ul>\n<h3>\u00d3leo e g\u00e1s<\/h3>\n<ul class=\"list-disc pl-8 space-y-2\">\n<li class=\"whitespace-normal\">Ferramentas de perfura\u00e7\u00e3o e componentes para furos profundos<\/li>\n<li class=\"whitespace-normal\">Pe\u00e7as de cabe\u00e7a de po\u00e7o, v\u00e1lvulas, bombas<\/li>\n<li class=\"whitespace-normal\">Vasos de press\u00e3o, conex\u00f5es de tubos<\/li>\n<li class=\"whitespace-normal\">Pe\u00e7as estruturais submarinas\/offshore<\/li>\n<\/ul>\n<h3>Automotivo<\/h3>\n<ul class=\"list-disc pl-8 space-y-2\">\n<li class=\"whitespace-normal\">Componentes de gera\u00e7\u00e3o de energia<\/li>\n<li class=\"whitespace-normal\">Pe\u00e7as de sistemas de transmiss\u00f5es como engrenagens, eixos<\/li>\n<li class=\"whitespace-normal\">Refor\u00e7os estruturais, componentes do chassis<\/li>\n<li class=\"whitespace-normal\">Componentes de corrida de alta performance<\/li>\n<\/ul>\n<h3>Industrial<\/h3>\n<ul class=\"list-disc pl-8 space-y-2\">\n<li class=\"whitespace-normal\">Pe\u00e7as de rob\u00f3tica sujeitas a desgaste e impacto<\/li>\n<li class=\"whitespace-normal\">Matrizes, moldes, ferramentas<\/li>\n<li class=\"whitespace-normal\">Componentes de manipula\u00e7\u00e3o de fluidos como v\u00e1lvulas e bombas<\/li>\n<li class=\"whitespace-normal\">Outros componentes submetidos a alta carga c\u00edclica<\/li>\n<\/ul>\n<p class=\"whitespace-pre-wrap\">A excelente resist\u00eancia \u00e0 fadiga do AerMet100 o torna um substituto ideal para componentes tradicionalmente feitos de tit\u00e2nio ou ligas de n\u00edquel. A alta dureza tamb\u00e9m fornece boa resist\u00eancia ao desgaste.<\/p>\n<h2>Especifica\u00e7\u00f5es do P\u00f3 de A\u00e7o Inoxid\u00e1vel AerMet100<\/h2>\n<p class=\"whitespace-pre-wrap\">Os produtos em p\u00f3 AerMet100 atendem \u00e0s seguintes especifica\u00e7\u00f5es:<\/p>\n<table>\n<thead>\n<tr>\n<th><strong>Especifica\u00e7\u00e3o<\/strong><\/th>\n<th><strong>Grau\/Liga<\/strong><\/th>\n<\/tr>\n<\/thead>\n<tbody>\n<tr>\n<td>AMS 7245<\/td>\n<td>AerMet100<\/td>\n<\/tr>\n<tr>\n<td>ASTM F3056<\/td>\n<td>AlloySpec 23A<\/td>\n<\/tr>\n<tr>\n<td>DIN 17224<\/td>\n<td>X3NiCoMoAl 15-7-3<\/td>\n<\/tr>\n<\/tbody>\n<\/table>\n<p class=\"whitespace-pre-wrap\">As distribui\u00e7\u00f5es t\u00edpicas de tamanho para processamento de FA s\u00e3o:<\/p>\n<table>\n<thead>\n<tr>\n<th><strong>Tamanho da part\u00edcula<\/strong><\/th>\n<th><strong>Distribui\u00e7\u00e3o<\/strong><\/th>\n<\/tr>\n<\/thead>\n<tbody>\n<tr>\n<td>15\u201353 \u00c3\u017em<\/td>\n<td>98%<\/td>\n<\/tr>\n<tr>\n<td>&lt;106 x 10^{-9} m<\/td>\n<td>99%<\/td>\n<\/tr>\n<\/tbody>\n<\/table>\n<p class=\"whitespace-pre-wrap\">A composi\u00e7\u00e3o qu\u00edmica deve estar em conformidade com as faixas permitidas para elementos como Cr, Ni, Co, Mo, C, etc. conforme descrito na especifica\u00e7\u00e3o AMS 7245 para liga AerMet100.<\/p>\n<p class=\"whitespace-pre-wrap\">Propriedades mec\u00e2nicas devem atingir ou exceder os valores m\u00ednimos para dureza, for\u00e7a de tra\u00e7\u00e3o, for\u00e7a de escoamento, alongamento e redu\u00e7\u00e3o de \u00e1rea especificados na AMS 7245.<\/p>\n<p class=\"whitespace-pre-wrap\">Testes n\u00e3o destrutivos, como inspe\u00e7\u00e3o por penetrante ou por part\u00edculas magn\u00e9ticas, devem mostrar aus\u00eancia de falhas ou defeitos cr\u00edticos. O p\u00f3 deve ter boa fluidez e n\u00e3o apresentar aglomera\u00e7\u00e3o.<\/p>\n<h2>Fornecedores de P\u00f3 de A\u00e7o Inoxid\u00e1vel AerMet100 e Pre\u00e7os<\/h2>\n<p class=\"whitespace-pre-wrap\">O p\u00f3 AerMet100 est\u00e1 dispon\u00edvel nos seguintes fornecedores principais:<\/p>\n<table>\n<thead>\n<tr>\n<th><strong>Fornecedor<\/strong><\/th>\n<th><strong>Designa\u00e7\u00e3o do Produto<\/strong><\/th>\n<th><strong>Faixa de Pre\u00e7o por kg<\/strong><\/th>\n<\/tr>\n<\/thead>\n<tbody>\n<tr>\n<td>Carpenter Additive<\/td>\n<td>AerMet100 da CarTech<\/td>\n<td>$85-110<\/td>\n<\/tr>\n<tr>\n<td>H?gan?s<\/td>\n<td>Digital Metal DM100<\/td>\n<td>$90-120<\/td>\n<\/tr>\n<tr>\n<td>Praxair<\/td>\n<td>TRU100<\/td>\n<td>$80-100<\/td>\n<\/tr>\n<tr>\n<td>Sandvik Osprey<\/td>\n<td>Osprey Met 100<\/td>\n<td>$75-95<\/td>\n<\/tr>\n<\/tbody>\n<\/table>\n<p class=\"whitespace-pre-wrap\">Os pre\u00e7os variam com base no volume do pedido, tamanho do lote, distribuidor regional e outros descontos. Quantidades menores para pesquisa podem custar mais do que volumes de produ\u00e7\u00e3o em massa.<\/p>\n<h2>Armazenamento e Manuseio<\/h2>\n<p class=\"whitespace-pre-wrap\">Para manter a qualidade do p\u00f3 AerMet100 para uso de AM, as seguintes diretrizes de armazenamento e manuseio s\u00e3o aplic\u00e1veis:<\/p>\n<ul class=\"list-disc pl-8 space-y-2\">\n<li class=\"whitespace-normal\">Armazene os contentores selados num local fresco e seco, longe de humidade e fontes de contamina\u00e7\u00e3o<\/li>\n<li class=\"whitespace-normal\">Evite expor o p\u00f3 \u00e0 alta umidade (&gt;60% RH) por tempo prolongado<\/li>\n<li class=\"whitespace-normal\">Permita que o p\u00f3 se equilibre com a temperatura ambiente antes de abrir o recipiente para evitar condensa\u00e7\u00e3o<\/li>\n<li class=\"whitespace-normal\">Coloque e transfira o p\u00f3 em ambientes inertes com baixo teor de oxig\u00eanio, se poss\u00edvel<\/li>\n<li class=\"whitespace-normal\">Use equipamento e acess\u00f3rios de manuseio de p\u00f3 feitos de materiais compat\u00edveis para evitar contamina\u00e7\u00e3o<\/li>\n<li class=\"whitespace-normal\">Limite a reutiliza\u00e7\u00e3o do p\u00f3 a 2-3 ciclos no m\u00e1ximo para evitar a degrada\u00e7\u00e3o das suas propriedades<\/li>\n<li class=\"whitespace-normal\">Realizar testes com p\u00f3 usado para garantir que ainda atende a todas as especifica\u00e7\u00f5es para reutiliza\u00e7\u00e3o<\/li>\n<\/ul>\n<p class=\"whitespace-pre-wrap\">Armazenamento apropriado e manuseio cuidadoso s\u00e3o essenciais para a preven\u00e7\u00e3o de p\u00f3 de oxida\u00e7\u00e3o, contamina\u00e7\u00e3o, ou mudan\u00e7as na capacidade de escoamento.<\/p>\n<h2>Informa\u00e7\u00f5es de Seguran\u00e7a<\/h2>\n<ul class=\"list-disc pl-8 space-y-2\">\n<li class=\"whitespace-normal\">Use EPI ao manusear p\u00f3 - luvas, m\u00e1scara respirat\u00f3ria, \u00f3culos<\/li>\n<li class=\"whitespace-normal\">Evite o contato com a pele para prevenir poss\u00edveis rea\u00e7\u00f5es al\u00e9rgicas<\/li>\n<li class=\"whitespace-normal\">Evite a inala\u00e7\u00e3o de p\u00f3s finos por longos per\u00edodos<\/li>\n<li class=\"whitespace-normal\">Assegure-se de ventila\u00e7\u00e3o e de coleta de p\u00f3 adequadas durante o processamento<\/li>\n<li class=\"whitespace-normal\">Use ferramentas n\u00e3o fa\u00edscantes para dispensar e manusear p\u00f3<\/li>\n<li class=\"whitespace-normal\">Recomenda-se o uso de g\u00e1s inerte para o manuseio de p\u00f3<\/li>\n<li class=\"whitespace-normal\">Siga todas as diretrizes da SDS (Ficha de Dados de Seguran\u00e7a) aplic\u00e1vel<\/li>\n<li class=\"whitespace-normal\">Elimine de acordo com as regulamenta\u00e7\u00f5es locais e garanta a conten\u00e7\u00e3o<\/li>\n<\/ul>\n<p class=\"whitespace-pre-wrap\">Os p\u00f3s de liga AerMet100 geralmente n\u00e3o s\u00e3o materiais perigosos, mas \u00e9 aconselh\u00e1vel seguir as pr\u00e1ticas b\u00e1sicas de seguran\u00e7a durante o armazenamento, manuseio e processamento.<\/p>\n<h2>Inspe\u00e7\u00e3o e Testes<\/h2>\n<p class=\"whitespace-pre-wrap\">Para garantir que o p\u00f3 AerMet100 atenda \u00e0s especifica\u00e7\u00f5es, os seguintes procedimentos de teste e inspe\u00e7\u00e3o podem ser usados:<\/p>\n<table>\n<thead>\n<tr>\n<th><strong>M\u00e9todo de Teste<\/strong><\/th>\n<th><strong>Im\u00f3vel Validado<\/strong><\/th>\n<\/tr>\n<\/thead>\n<tbody>\n<tr>\n<td>Inspe\u00e7\u00e3o visual<\/td>\n<td>Fluidez e contamina\u00e7\u00e3o do p\u00f3<\/td>\n<\/tr>\n<tr>\n<td>Microscopia eletr\u00f4nica de varredura<\/td>\n<td>Distribui\u00e7\u00e3o do tamanho das part\u00edculas e morfologia<\/td>\n<\/tr>\n<tr>\n<td>Espectroscopia de raios-X com dispers\u00e3o de energia<\/td>\n<td>Qu\u00edmica de liga, contamina\u00e7\u00e3o<\/td>\n<\/tr>\n<tr>\n<td>Difra\u00e7\u00e3o de raios X<\/td>\n<td>Fases presentes, contamina\u00e7\u00e3o<\/td>\n<\/tr>\n<tr>\n<td>Fluxo de via respirat\u00f3ria<\/td>\n<td>Taxa de fluxo de p\u00f3<\/td>\n<\/tr>\n<tr>\n<td>Densidade Aparente<\/td>\n<td>Densidade de embalagem do p\u00f3<\/td>\n<\/tr>\n<tr>\n<td>Teste de Densidade de Batida<\/td>\n<td>Fluidez do p\u00f3<\/td>\n<\/tr>\n<tr>\n<td>An\u00e1lise granulom\u00e9trica<\/td>\n<td>Distribui\u00e7\u00e3o por tamanho de part\u00edcula por ASTM B214<\/td>\n<\/tr>\n<tr>\n<td>An\u00e1lises qu\u00edmicas<\/td>\n<td>Composi\u00e7\u00e3o por AMS 7245, \u00f3xidos<\/td>\n<\/tr>\n<tr>\n<td>Medi\u00e7\u00f5es de densidade<\/td>\n<td>Densidade do p\u00f3 vs AMS 7245<\/td>\n<\/tr>\n<\/tbody>\n<\/table>\n<p class=\"whitespace-pre-wrap\">Testes mec\u00e2nicos de esp\u00e9cimes impressos per AMS 7245 validam as propriedades finais da pe\u00e7a cumprem os requisitos. Os m\u00e9todos de teste incluem dureza, resist\u00eancia \u00e0 tra\u00e7\u00e3o, impacto Charpy, fadiga de alto ciclo, fadiga de baixo ciclo, ruptura por flu\u00eancia, tenacidade \u00e0 fratura, corros\u00e3o, etc.<\/p>\n<h2>Compara\u00e7\u00e3o do p\u00f3 de a\u00e7o inoxid\u00e1vel AerMet100 a materiais semelhantes<\/h2>\n<p class=\"whitespace-pre-wrap\">O AerMet100 se compara com outros a\u00e7os inoxid\u00e1veis martens\u00edticos de alta resist\u00eancia da seguinte forma:<\/p>\n<table>\n<thead>\n<tr>\n<th><strong>Liga<\/strong><\/th>\n<th><strong>For\u00e7a<\/strong><\/th>\n<th><strong>Ductilidade<\/strong><\/th>\n<th><strong>Soldabilidade<\/strong><\/th>\n<th><strong>Custo<\/strong><\/th>\n<\/tr>\n<\/thead>\n<tbody>\n<tr>\n<td>AerMet100<\/td>\n<td>Muito alto<\/td>\n<td>Moderada<\/td>\n<td>Justo<\/td>\n<td>Moderada<\/td>\n<\/tr>\n<tr>\n<td>17-4PH<\/td>\n<td>Alto<\/td>\n<td>Baixo<\/td>\n<td>Pobre<\/td>\n<td>Baixo<\/td>\n<\/tr>\n<tr>\n<td>Custom 465<\/td>\n<td>Muito alto<\/td>\n<td>Baixo<\/td>\n<td>Pobre<\/td>\n<td>Alto<\/td>\n<\/tr>\n<tr>\n<td>316L<\/td>\n<td>Moderada<\/td>\n<td>Alto<\/td>\n<td>Excelente<\/td>\n<td>Baixo<\/td>\n<\/tr>\n<tr>\n<td>Inconel 718<\/td>\n<td>Alto<\/td>\n<td>Alto<\/td>\n<td>Moderada<\/td>\n<td>Muito alto<\/td>\n<\/tr>\n<\/tbody>\n<\/table>\n<p class=\"whitespace-pre-wrap\"><strong>Vantagens do AerMet100:<\/strong><\/p>\n<ul class=\"list-disc pl-8 space-y-2\">\n<li class=\"whitespace-normal\">Maior solidez do que 17-4PH e 316L<\/li>\n<li class=\"whitespace-normal\">Melhor ductilidade do que a Custom 465 para maior resist\u00eancia a impacto<\/li>\n<li class=\"whitespace-normal\">Mais sold\u00e1vel que as ligas de encruamento por precipita\u00e7\u00e3o<\/li>\n<li class=\"whitespace-normal\">Menor custo do que Inconel 718<\/li>\n<\/ul>\n<p class=\"whitespace-pre-wrap\"><strong>Limita\u00e7\u00f5es da AerMet100:<\/strong><\/p>\n<ul class=\"list-disc pl-8 space-y-2\">\n<li class=\"whitespace-normal\">Menor ductilidade\/resist\u00eancia \u00e0 fratura do que o austen\u00edtico 316L<\/li>\n<li class=\"whitespace-normal\">Soldabilidade inferior em compara\u00e7\u00e3o com 316L<\/li>\n<li class=\"whitespace-normal\">Custo mais alto do que 17-4PH ou 316L<\/li>\n<li class=\"whitespace-normal\">Menor resist\u00eancia do que a Custom 465 na condi\u00e7\u00e3o envelhecida de pico<\/li>\n<\/ul>\n<p class=\"whitespace-pre-wrap\">Em geral, o AerMet100 oferece uma combina\u00e7\u00e3o otimizada de resist\u00eancia, ductilidade, soldabilidade e custo para pe\u00e7as de alto desempenho fabricadas por processos de AM.<\/p>\n<h2>Perguntas Frequentes<\/h2>\n<p class=\"whitespace-pre-wrap\"><strong>P: Quais s\u00e3o os principais benef\u00edcios da liga AerMet100?<\/strong><\/p>\n<p class=\"whitespace-pre-wrap\">R: Os principais benef\u00edcios da AerMet100 s\u00e3o sua alta resist\u00eancia e dureza associadas a uma boa ductilidade, excelente resist\u00eancia \u00e0 fadiga, resist\u00eancia \u00e0 flu\u00eancia, resist\u00eancia \u00e0 corros\u00e3o e custo moderado. Isso a torna muito adequada para aplica\u00e7\u00f5es cr\u00edticas de fabrica\u00e7\u00e3o aditiva.<\/p>\n<p class=\"whitespace-pre-wrap\"><strong>P: Qual tratamento t\u00e9rmico \u00e9 usado para AerMet100?<\/strong><\/p>\n<p class=\"whitespace-pre-wrap\">A: Um tratamento t\u00e9rmico t\u00edpico \u00e9 uma solu\u00e7\u00e3o de 1 a 2 horas a 1040-1080 \u00b0C seguido de resfriamento a ar ou forno \u00e0 temperatura ambiente, depois envelhecimento a 480 \u00b0C por 4 horas para obter resist\u00eancia e dureza ideais.<\/p>\n<p class=\"whitespace-pre-wrap\"><strong>P: Quais m\u00e9todos de soldagem podem ser usados para unir pe\u00e7as de AerMet100?<\/strong><\/p>\n<p class=\"whitespace-pre-wrap\">A: Os m\u00e9todos de soldagem por fus\u00e3o como GTAW, GMAW e PAW s\u00e3o recomendados para AerMet100 para evitar rachaduras e minimizar a distor\u00e7\u00e3o. Recomenda-se ainda o baixo aporte de calor e martelamento das soldas. A brasagem tamb\u00e9m pode produzir boas juntas.<\/p>\n<p class=\"whitespace-pre-wrap\"><strong>P: Como a AerMet100 se compara com os a\u00e7os de maraging para AM?<\/strong><\/p>\n<p class=\"whitespace-pre-wrap\">R: AerMet100 tem maior ductilidade, mas um pouco menos de resist\u00eancia que a\u00e7os maraging como 18Ni300 ou 18Ni350. A\u00e7os maraging possuem baixa capacidade de soldagem. AerMet100 \u00e9 uma boa op\u00e7\u00e3o de baixo custo alternativa ao maraging.<\/p>\n<p class=\"whitespace-pre-wrap\"><strong>P: O AerMet100 pode ser usinado ap\u00f3s o processamento de AM?<\/strong><\/p>\n<p class=\"whitespace-pre-wrap\">R: Sim, AerMet100 pode ser maquinada depois de AM, mas deve-se ter cuidado para levar em conta os efeitos de endurecimento do trabalho. For\u00e7as de corte baixas, ferramentas de corte de carboneto e refrigerante adequado s\u00e3o recomendados. O recozimento pode ser necess\u00e1rio ap\u00f3s usinagem extensa.<\/p>\n<p class=\"whitespace-pre-wrap\"><strong>P: Qual \u00e9 a faixa de tamanho de part\u00edcula do p\u00f3 AerMet100 ideal para AM?<\/strong><\/p>\n<p class=\"whitespace-pre-wrap\">A: O intervalo de tamanho de part\u00edcula recomendado para AM \u00e9 de 15 a 45 \u03bcm. P\u00f3s mais finos melhoram a resolu\u00e7\u00e3o, mas podem impactar negativamente a fluidez. P\u00f3s mais grossos acima de 53 \u03bcm podem causar defeitos de impress\u00e3o. O ponto ideal \u00e9 tipicamente de 25 a 35 \u03bcm.<\/p>\n<p><\/span><\/span><\/p>","protected":false},"excerpt":{"rendered":"<p>O p\u00f3 de a\u00e7o inoxid\u00e1vel AerMet100 \u00e9 um p\u00f3 de liga de elevado desempenho concebido para aplica\u00e7\u00f5es de fabrico de aditivos que requerem elevada resist\u00eancia e resist\u00eancia \u00e0 fadiga. Algumas das principais caracter\u00edsticas deste material incluem: Elevada resist\u00eancia e dureza - O AerMet100 tem uma excelente resist\u00eancia com uma resist\u00eancia \u00e0 tra\u00e7\u00e3o superior a 200 ksi e uma dureza que varia entre 30-36 HRC. Boa ductilidade - Apesar da elevada resist\u00eancia,...<\/p>","protected":false},"featured_media":1950,"parent":0,"template":"","meta":{"_acf_changed":false,"_kad_blocks_custom_css":"","_kad_blocks_head_custom_js":"","_kad_blocks_body_custom_js":"","_kad_blocks_footer_custom_js":"","_kad_post_transparent":"","_kad_post_title":"","_kad_post_layout":"","_kad_post_sidebar_id":"","_kad_post_content_style":"","_kad_post_vertical_padding":"","_kad_post_feature":"","_kad_post_feature_position":"","_kad_post_header":false,"_kad_post_footer":false,"_kad_post_classname":""},"product-category":[119,122],"class_list":["post-3944","product","type-product","status-publish","has-post-thumbnail","hentry","product-category-3d-printing-metal-powder","product-category-iron-based-alloy-powder"],"acf":[],"taxonomy_info":{"product-category":[{"value":119,"label":"3D Printing Metal Powder"},{"value":122,"label":"Iron Based Alloy Powder"}]},"featured_image_src_large":["https:\/\/3dpmetal.com\/wp-content\/uploads\/2024\/02\/300M-Stainless-Steel-Powder.jpg",545,408,false],"author_info":[],"comment_info":"","_links":{"self":[{"href":"https:\/\/3dpmetal.com\/pt\/wp-json\/wp\/v2\/product\/3944","targetHints":{"allow":["GET"]}}],"collection":[{"href":"https:\/\/3dpmetal.com\/pt\/wp-json\/wp\/v2\/product"}],"about":[{"href":"https:\/\/3dpmetal.com\/pt\/wp-json\/wp\/v2\/types\/product"}],"wp:featuredmedia":[{"embeddable":true,"href":"https:\/\/3dpmetal.com\/pt\/wp-json\/wp\/v2\/media\/1950"}],"wp:attachment":[{"href":"https:\/\/3dpmetal.com\/pt\/wp-json\/wp\/v2\/media?parent=3944"}],"wp:term":[{"taxonomy":"product-category","embeddable":true,"href":"https:\/\/3dpmetal.com\/pt\/wp-json\/wp\/v2\/product-category?post=3944"}],"curies":[{"name":"wp","href":"https:\/\/api.w.org\/{rel}","templated":true}]}}