{"id":3946,"date":"2024-03-18T06:10:15","date_gmt":"2024-03-18T06:10:15","guid":{"rendered":"https:\/\/3dp.45612300.xyz\/product\/gh3536-alloy-powder\/"},"modified":"2024-03-18T06:10:15","modified_gmt":"2024-03-18T06:10:15","slug":"gh3536-alloy-powder","status":"publish","type":"product","link":"https:\/\/3dpmetal.com\/pt\/product\/gh3536-alloy-powder\/","title":{"rendered":"Liga de P\u00f3 GH3536"},"content":{"rendered":"<p><span style=\"vertical-align: inherit;\"><span style=\"vertical-align: inherit;\"><\/p>\n<p class=\"whitespace-pre-wrap\">O p\u00f3 da liga GH3536 foi projetado especificamente para fabrica\u00e7\u00e3o aditiva, usando otimiza\u00e7\u00e3o da composi\u00e7\u00e3o e t\u00e9cnicas de atomiza\u00e7\u00e3o de p\u00f3 para atingir propriedades superiores em compara\u00e7\u00e3o com superligas de n\u00edquel convencionais. As principais caracter\u00edsticas do p\u00f3 da liga GH3536 incluem:<\/p>\n<ul class=\"list-disc pl-8 space-y-2\">\n<li class=\"whitespace-normal\">Alta resist\u00eancia a temperaturas de at\u00e9 760\u00a1\u00abC (1400\u00a1\u00abF)<\/li>\n<li class=\"whitespace-normal\">Resist\u00eancia \u00e0 oxida\u00e7\u00e3o e corros\u00e3o em ambientes agressivos<\/li>\n<li class=\"whitespace-normal\">Excelente vida em fadiga t\u00e9rmica e resist\u00eancia \u00e0 propaga\u00e7\u00e3o de trincas<\/li>\n<li class=\"whitespace-normal\">Boa imprimibilidade e baixa porosidade nas pe\u00e7as impressas<\/li>\n<li class=\"whitespace-normal\">Pode ser submetido a encruamento para otimizar a resist\u00eancia e ductilidade<\/li>\n<\/ul>\n<p class=\"whitespace-pre-wrap\">A combina\u00e7\u00e3o de propriedades torna o GH3536 adequado para componentes aeroespaciais, gera\u00e7\u00e3o de energia, petr\u00f3leo, g\u00e1s e processamento qu\u00edmico expostos a temperaturas e tens\u00f5es extremas. Tanto a fabrica\u00e7\u00e3o de novas pe\u00e7as quanto o reparo de componentes desgastados podem se beneficiar com o uso desse p\u00f3 avan\u00e7ado.<\/p>\n<p>&nbsp;<\/p>\n<p><img loading=\"lazy\" decoding=\"async\" class=\"size-medium wp-image-2078 aligncenter\" src=\"https:\/\/met3dp.com\/wp-content\/uploads\/2023\/10\/GH3536-1-300x300.jpg\" alt=\"GH3536 alloy powder\" width=\"300\" height=\"300\" title=\"\"><\/p>\n<p>&nbsp;<\/p>\n<h2>Composi\u00e7\u00e3o de P\u00f3 da Liga GH3536<\/h2>\n<p class=\"whitespace-pre-wrap\">GH3536 possui composi\u00e7\u00e3o complexa, projetada para fornecer um equil\u00edbrio otimizado de propriedades. A composi\u00e7\u00e3o nominal \u00e9 mostrada abaixo:<\/p>\n<table>\n<thead>\n<tr>\n<th>Elemento<\/th>\n<th>Peso %<\/th>\n<\/tr>\n<\/thead>\n<tbody>\n<tr>\n<td>N\u00edquel (Ni)<\/td>\n<td>Equil\u00edbrio<\/td>\n<\/tr>\n<tr>\n<td>Cr\u00f3mio (Cr)<\/td>\n<td>13.5 &#8211; 16.0<\/td>\n<\/tr>\n<tr>\n<td>Cobalto (Co)<\/td>\n<td>12.0 &#8211; 15.0<\/td>\n<\/tr>\n<tr>\n<td>Tungst\u00eanio (W)<\/td>\n<td>5.0 &#8211; 7.0<\/td>\n<\/tr>\n<tr>\n<td>T\u00e2ntalo (Ta)<\/td>\n<td>3.0 &#8211; 5.0<\/td>\n<\/tr>\n<tr>\n<td>Alum\u00ednio (Al)<\/td>\n<td>2.8 &#8211; 3.8<\/td>\n<\/tr>\n<tr>\n<td>Tit\u00e2nio (Ti)<\/td>\n<td>0.5 &#8211; 1.5<\/td>\n<\/tr>\n<tr>\n<td>Ni\u00f3bio (Nb)<\/td>\n<td>0.5 &#8211; 1.5<\/td>\n<\/tr>\n<tr>\n<td>H\u00e1fnio (Hf)<\/td>\n<td>0.2 &#8211; 0.8<\/td>\n<\/tr>\n<tr>\n<td>Carbono (C)<\/td>\n<td>0.05 &#8211; 0.15<\/td>\n<\/tr>\n<tr>\n<td>Boro (B)<\/td>\n<td>0.01 &#8211; 0.03<\/td>\n<\/tr>\n<tr>\n<td>Zirc\u00f4nio (Zr)<\/td>\n<td>0.01 &#8211; 0.05<\/td>\n<\/tr>\n<\/tbody>\n<\/table>\n<p class=\"whitespace-pre-wrap\">O n\u00edquel forma a matriz, enquanto elementos como cromo, cobalto e alum\u00ednio melhoram a resist\u00eancia \u00e0 oxida\u00e7\u00e3o. Elementos refrat\u00e1rios de t\u00e2ntalo, tungst\u00eanio, ni\u00f3bio e h\u00e1fnio contribuem para a resist\u00eancia a temperaturas elevadas. O tit\u00e2nio e o ni\u00f3bio fortalecem a liga atrav\u00e9s da forma\u00e7\u00e3o de carboneto. Quantidades m\u00ednimas de carbono, boro e zirc\u00f4nio melhoram o endurecimento por precipita\u00e7\u00e3o.<\/p>\n<p class=\"whitespace-pre-wrap\">A composi\u00e7\u00e3o do p\u00f3 \u00e9 concebida para limitar a segrega\u00e7\u00e3o e manter a uniformidade da composi\u00e7\u00e3o durante a impress\u00e3o, garantindo propriedades consistentes na pe\u00e7a final. A morfologia esf\u00e9rica do p\u00f3 tamb\u00e9m melhora a fluidez e a densidade de embalagem para uma boa impress\u00e3o.<\/p>\n<h2>Propriedades do P\u00f3 da Liga GH3536<\/h2>\n<p class=\"whitespace-pre-wrap\">GH3536 exibe uma excelente combina\u00e7\u00e3o de resist\u00eancia, ductilidade e resist\u00eancia ambiental devido \u00e0 sua composi\u00e7\u00e3o personalizada e processo de produ\u00e7\u00e3o otimizado. As principais propriedades s\u00e3o sumarizadas abaixo:<\/p>\n<p class=\"whitespace-pre-wrap\"><strong>Propriedades Mec\u00e2nicas<\/strong><\/p>\n<table>\n<thead>\n<tr>\n<th>Propriedade<\/th>\n<th>Conforme impresso<\/th>\n<th>Envelhecido<\/th>\n<\/tr>\n<\/thead>\n<tbody>\n<tr>\n<td>Resist\u00eancia \u00e0 tra\u00e7\u00e3o<\/td>\n<td>1050 \u2013 1250 MPa (152 \u2013 181 ksi)<\/td>\n<td>1275 \u2013 1400 MPa (185 \u2013 203 ksi)<\/td>\n<\/tr>\n<tr>\n<td>Limite de Resist\u00eancia \u00e0 Tra\u00e7\u00e3o (Desvio de 0,2%)<\/td>\n<td>900 &#8211; 1100 MPa (131 &#8211; 160 ksi)<\/td>\n<td>1150 \u2013 1300 MPa (167 \u2013 189 ksi)<\/td>\n<\/tr>\n<tr>\n<td>Elonga\u00e7\u00e3o<\/td>\n<td>25 &#8211; 35%<\/td>\n<td>16 &#8211; 22%<\/td>\n<\/tr>\n<tr>\n<td>Dureza<\/td>\n<td>32 &#8211; 38 HRC<\/td>\n<td>36 &#8211; 43 HRC<\/td>\n<\/tr>\n<\/tbody>\n<\/table>\n<p class=\"whitespace-pre-wrap\"><strong>Propriedades f\u00edsicas<\/strong><\/p>\n<table>\n<thead>\n<tr>\n<th>Propriedade<\/th>\n<th>Valor T\u00edpico<\/th>\n<\/tr>\n<\/thead>\n<tbody>\n<tr>\n<td>Densidade<\/td>\n<td>8,3 g\/cm\u00b3<\/td>\n<\/tr>\n<tr>\n<td>Ponto de Fus\u00e3o<\/td>\n<td>1310\u00a1\u00abC (2390\u00a1\u00abF)<\/td>\n<\/tr>\n<\/tbody>\n<\/table>\n<p class=\"whitespace-pre-wrap\"><strong>Propriedades t\u00e9rmicas<\/strong><\/p>\n<table>\n<thead>\n<tr>\n<th>Propriedade<\/th>\n<th>Temperatura<\/th>\n<\/tr>\n<\/thead>\n<tbody>\n<tr>\n<td>Coeficiente de expans\u00e3o t\u00e9rmica<\/td>\n<td>12.8 x 10-6 \/ \u00a1\u00abC a 20-100\u00a1\u00abC<\/td>\n<\/tr>\n<tr>\n<td>Condutividade t\u00e9rmica<\/td>\n<td>11,4 W\/m-K a 20\u00a1\u00abC<\/td>\n<\/tr>\n<tr>\n<td>Calor Espec\u00edfico<\/td>\n<td>0,43 J\/g-\u00b9C a 20 \u00b0C<\/td>\n<\/tr>\n<\/tbody>\n<\/table>\n<p class=\"whitespace-pre-wrap\"><strong>Resist\u00eancia \u00e0 oxida\u00e7\u00e3o<\/strong><\/p>\n<ul class=\"list-disc pl-8 space-y-2\">\n<li class=\"whitespace-normal\">Resiste \u00e0 oxida\u00e7\u00e3o no ar at\u00e9 aproximadamente 980 \u00b0C. Forma uma camada de \u00f3xido protetora de Cr2O3.<\/li>\n<li class=\"whitespace-normal\">Melhor resist\u00eancia \u00e0 oxida\u00e7\u00e3o do que a Inconel 718 e muitas outras ligas de Ni.<\/li>\n<\/ul>\n<p class=\"whitespace-pre-wrap\"><strong>Resist\u00eancia \u00e0 corros\u00e3o<\/strong><\/p>\n<ul class=\"list-disc pl-8 space-y-2\">\n<li class=\"whitespace-normal\">Excelente resist\u00eancia \u00e0 corros\u00e3o \u00e1cida e \u00e0 sulfida\u00e7\u00e3o.<\/li>\n<li class=\"whitespace-normal\">Resiste a muitos \u00e1cidos org\u00e2nicos, cloretos e c\u00e1usticos.<\/li>\n<\/ul>\n<p class=\"whitespace-pre-wrap\"><strong>Outras Propriedades<\/strong><\/p>\n<ul class=\"list-disc pl-8 space-y-2\">\n<li class=\"whitespace-normal\">Mant\u00e9m a for\u00e7a e a ductilidade ap\u00f3s exposi\u00e7\u00f5es prolongadas at\u00e9 760 \u00b0C.<\/li>\n<li class=\"whitespace-normal\">Excelente vida \u00fatil de fadiga t\u00e9rmica. Resiste ao crescimento de trincas.<\/li>\n<li class=\"whitespace-normal\">Baixo coeficiente de atrito e resist\u00eancia a escoria\u00e7\u00f5es.<\/li>\n<\/ul>\n<p class=\"whitespace-pre-wrap\">A resist\u00eancia do GH3536 no estado envelhecido supera a das superligas de n\u00edquel convencionais, como o Inconel 718, mantendo uma ductilidade robusta. A liga \u00e9 mais forte que muitos a\u00e7os inoxid\u00e1veis em altas temperaturas. A resist\u00eancia \u00e0 oxida\u00e7\u00e3o se aproxima da das ligas de n\u00edquel-cromo, como o Inconel 601. No geral, o GH3536 fornece um equil\u00edbrio excepcional de propriedades para aplica\u00e7\u00f5es cr\u00edticas.<\/p>\n<h2>Aplica\u00e7\u00f5es do P\u00f3 de Liga GH3536<\/h2>\n<p class=\"whitespace-pre-wrap\">A combina\u00e7\u00e3o de for\u00e7a, resist\u00eancia ambiental, capacidade de impress\u00e3o, e facilidade do p\u00f3s-processamento tornam o GH3536 apropriado para:<\/p>\n<p class=\"whitespace-pre-wrap\"><strong>Componentes Aeroespaciais<\/strong><\/p>\n<ul class=\"list-disc pl-8 space-y-2\">\n<li class=\"whitespace-normal\">P\u00e1s de turbina, palhetas, c\u00e2maras de combust\u00e3o<\/li>\n<li class=\"whitespace-normal\">Pe\u00e7as estruturais, trem de pouso<\/li>\n<li class=\"whitespace-normal\">Bicos de motor foguete, propulsores<\/li>\n<li class=\"whitespace-normal\">Estruturas quentes de ve\u00edculos hipers\u00f4nicos<\/li>\n<\/ul>\n<p class=\"whitespace-pre-wrap\"><strong>Gera\u00e7\u00e3o de energia<\/strong><\/p>\n<ul class=\"list-disc pl-8 space-y-2\">\n<li class=\"whitespace-normal\">Componentes de se\u00e7\u00e3o quente da turbina a g\u00e1s<\/li>\n<li class=\"whitespace-normal\">Trocadores de calor, recuperadores<\/li>\n<li class=\"whitespace-normal\">Escudos t\u00e9rmicos, termorresistentes<\/li>\n<\/ul>\n<p class=\"whitespace-pre-wrap\"><strong>\u00d3leo e g\u00e1s<\/strong><\/p>\n<ul class=\"list-disc pl-8 space-y-2\">\n<li class=\"whitespace-normal\">Ferramentas de fundo de po\u00e7o, pe\u00e7as da cabe\u00e7a de po\u00e7o<\/li>\n<li class=\"whitespace-normal\">V\u00e1lvulas, bombas para tarefas corrosivas<\/li>\n<\/ul>\n<p class=\"whitespace-pre-wrap\"><strong>Automotivo<\/strong><\/p>\n<ul class=\"list-disc pl-8 space-y-2\">\n<li class=\"whitespace-normal\">Coletores e rodas do turbocompressor<\/li>\n<li class=\"whitespace-normal\">Componentes de escape<\/li>\n<\/ul>\n<p class=\"whitespace-pre-wrap\"><strong>Processamento qu\u00edmico<\/strong><\/p>\n<ul class=\"list-disc pl-8 space-y-2\">\n<li class=\"whitespace-normal\">V\u00e1lvulas, bombas, vasos de rea\u00e7\u00e3o<\/li>\n<li class=\"whitespace-normal\">Tubo trocador de calor<\/li>\n<\/ul>\n<p class=\"whitespace-pre-wrap\"><strong>Ferramentas<\/strong><\/p>\n<ul class=\"list-disc pl-8 space-y-2\">\n<li class=\"whitespace-normal\">Moldes de injec\u00e7\u00e3o com arrefecimento conforme<\/li>\n<li class=\"whitespace-normal\">Moldes de fundi\u00e7\u00e3o sob press\u00e3o, ferramentas de estampagem a quente<\/li>\n<\/ul>\n<p class=\"whitespace-pre-wrap\"><strong>Outros<\/strong><\/p>\n<ul class=\"list-disc pl-8 space-y-2\">\n<li class=\"whitespace-normal\">Elementos de aquecimento<\/li>\n<li class=\"whitespace-normal\">Recipientes de res\u00edduos radioativos<\/li>\n<li class=\"whitespace-normal\">Fechos e molas especiais<\/li>\n<\/ul>\n<p class=\"whitespace-pre-wrap\">O GH3536 pode substituir as pe\u00e7as existentes feitas de materiais de menor desempenho para melhorar a durabilidade e a efici\u00eancia. O p\u00f3 tamb\u00e9m \u00e9 ideal para fabricar novos designs n\u00e3o poss\u00edveis com a fabrica\u00e7\u00e3o convencional. Tanto a produ\u00e7\u00e3o de novas pe\u00e7as quanto o reparo\/reforma de componentes desgastados s\u00e3o poss\u00edveis.<\/p>\n<h2>Impress\u00e3o em p\u00f3 de ligas GH3536<\/h2>\n<p class=\"whitespace-pre-wrap\">O p\u00f3 GH3536 pode ser impresso com sucesso usando os processos de fus\u00e3o de leito de p\u00f3 a laser (L-PBF) e fus\u00e3o de leito de p\u00f3 do feixe de el\u00e9tron (E-PBF). A morfologia esf\u00e9rica do p\u00f3 fornece bom fluxo e compacta\u00e7\u00e3o. As principais considera\u00e7\u00f5es incluem:<\/p>\n<p class=\"whitespace-pre-wrap\"><strong>Processo de Impress\u00e3o<\/strong><\/p>\n<ul class=\"list-disc pl-8 space-y-2\">\n<li class=\"whitespace-normal\">Tecnologias de leito de p\u00f3 aplic\u00e1veis a laser e feixe de el\u00e9trons.<\/li>\n<li class=\"whitespace-normal\">Par\u00e2metros do processo requerem desenvolvimento para novas m\u00e1quinas.<\/li>\n<li class=\"whitespace-normal\">Atmosfera da c\u00e2mara de g\u00e1s inerte (arg\u00f4nio ou nitrog\u00eanio).<\/li>\n<\/ul>\n<p class=\"whitespace-pre-wrap\"><strong>Especifica\u00e7\u00e3o de p\u00f3<\/strong><\/p>\n<ul class=\"list-disc pl-8 space-y-2\">\n<li class=\"whitespace-normal\">Intervalo de tamanho de part\u00edculas de 10-45 \u00c3\u00d7m, D50 ~ 25 \u00c3\u00d7m t\u00edpico.<\/li>\n<li class=\"whitespace-normal\">Densidade aparente 2.5-3.5 g\/cm3.<\/li>\n<li class=\"whitespace-normal\">Fluxo 25-35 s (flux\u00f4metro Hall).<\/li>\n<\/ul>\n<p class=\"whitespace-pre-wrap\"><strong>Recomenda\u00e7\u00f5es para impress\u00e3o<\/strong><\/p>\n<ul class=\"list-disc pl-8 space-y-2\">\n<li class=\"whitespace-normal\">Pr\u00e9-aquecer a placa de base a ~150\u00a1\u00abC reduz esfor\u00e7os t\u00e9rmicos.<\/li>\n<li class=\"whitespace-normal\">Velocidades de digitaliza\u00e7\u00e3o de 400-1000 mm\/s s\u00e3o t\u00edpicas.<\/li>\n<li class=\"whitespace-normal\">Espa\u00e7amento entre pontos de 0,08-0,12 mm para boa densifica\u00e7\u00e3o.<\/li>\n<li class=\"whitespace-normal\">100% p\u00f3 fresco para reutiliza\u00e7\u00e3o.<\/li>\n<\/ul>\n<p class=\"whitespace-pre-wrap\"><strong>P\u00f3s-processamento<\/strong><\/p>\n<ul class=\"list-disc pl-8 space-y-2\">\n<li class=\"whitespace-normal\">Al\u00edvio do estresse: 1080\u00a1\u00abC\/2hr, resfriado a ar.<\/li>\n<li class=\"whitespace-normal\">Envelhecimento: 760\u00a1\u00abC\/8-16 h, arrefecimento de ar.<\/li>\n<li class=\"whitespace-normal\">A compresss\u00e3o isost\u00e1tica a quente pode reduzir ainda mais a porosidade.<\/li>\n<\/ul>\n<p class=\"whitespace-pre-wrap\">Com optimiza\u00e7\u00e3o de par\u00e2metros, densidades superiores a 99,8% s\u00e3o poss\u00edveis. A microestrutura consiste em gr\u00e3os finos e uniformes adequados para aplica\u00e7\u00f5es cr\u00edticas.<\/p>\n<h2>Especifica\u00e7\u00f5es do P\u00f3 GH3536<\/h2>\n<p class=\"whitespace-pre-wrap\">O p\u00f3 de liga GH3536 est\u00e1 dispon\u00edvel comercialmente na distribui\u00e7\u00e3o de tamanho padr\u00e3o e nas classes resumidas abaixo. Varia\u00e7\u00f5es personalizadas tamb\u00e9m podem ser produzidas.<\/p>\n<table>\n<thead>\n<tr>\n<th>Distribui\u00e7\u00e3o de tamanho de part\u00edculas<\/th>\n<th><\/th>\n<\/tr>\n<\/thead>\n<tbody>\n<tr>\n<td>D10<\/td>\n<td>10 \u00b5m<\/td>\n<\/tr>\n<tr>\n<td>D50<\/td>\n<td>25 \u00b5m<\/td>\n<\/tr>\n<tr>\n<td>D90<\/td>\n<td>45 mm<\/td>\n<\/tr>\n<\/tbody>\n<\/table>\n<table>\n<thead>\n<tr>\n<th>Tipo de P\u00f3s<\/th>\n<th>Voluta Nominal de Fluxo<\/th>\n<th>Densidade Aparente<\/th>\n<\/tr>\n<\/thead>\n<tbody>\n<tr>\n<td>Classe I<\/td>\n<td>25 s<\/td>\n<td>2,5 g\/cm3<\/td>\n<\/tr>\n<tr>\n<td>Classe II<\/td>\n<td>28 s<\/td>\n<td>2,8 g\/cm3<\/td>\n<\/tr>\n<tr>\n<td>Classe III<\/td>\n<td>32 s<\/td>\n<td>3,2 g\/cm3<\/td>\n<\/tr>\n<\/tbody>\n<\/table>\n<p class=\"whitespace-pre-wrap\">Outras especifica\u00e7\u00f5es:<\/p>\n<ul class=\"list-disc pl-8 space-y-2\">\n<li class=\"whitespace-normal\">Morfologia esferoidal com fra\u00e7\u00e3o de sat\u00e9lite inferior a 1%.<\/li>\n<li class=\"whitespace-normal\">Teor de oxig\u00eanio abaixo de 100 ppm.<\/li>\n<li class=\"whitespace-normal\">Sem aditivos de aglutinantes ou lubrificantes.<\/li>\n<\/ul>\n<p class=\"whitespace-pre-wrap\">Cada lote de p\u00f3 \u00e9 fornecido com um certificado de an\u00e1lise detalhando a composi\u00e7\u00e3o, caracter\u00edsticas de part\u00edcula, taxa de fluidez e outros par\u00e2metros.<\/p>\n<h2>Manuseio e Armazenamento de GH3536<\/h2>\n<p class=\"whitespace-pre-wrap\">Para manter a qualidade do p\u00f3 durante o manuseio e armazenamento:<\/p>\n<ul class=\"list-disc pl-8 space-y-2\">\n<li class=\"whitespace-normal\">Armazene recipientes de p\u00f3lvora selados em um ambiente seco e fresco. Recomenda-se utilizar um dessecante.<\/li>\n<li class=\"whitespace-normal\">Evite expor a polvere a umidade que poder\u00e1 causar aglomera\u00e7\u00e3o e problemas de fluxo.<\/li>\n<li class=\"whitespace-normal\">Limite a amplitude da temperatura durante o transporte e o armazenamento.<\/li>\n<li class=\"whitespace-normal\">Abra recipientes somente em uma caixa de luva de atmosfera inerte ou uma c\u00e2mara de arg\u00f4nio.<\/li>\n<li class=\"whitespace-normal\">Processar imediatamente os recipientes abertos para limitar a oxida\u00e7\u00e3o. N\u00e3o reutilizar p\u00f3 exposto.<\/li>\n<li class=\"whitespace-normal\">Utilize EPI apropriado e evite inala\u00e7\u00e3o ou contato com a pele e os olhos.<\/li>\n<\/ul>\n<p class=\"whitespace-pre-wrap\">Com manuseio adequado, o p\u00f3 GH3536 tem uma vida \u00fatil que excede um ano da data de fabrica\u00e7\u00e3o. O gerenciamento de invent\u00e1rio FIFO \u00e9 recomendado.<\/p>\n<h2>Dados de Seguran\u00e7a para GH3536<\/h2>\n<p class=\"whitespace-pre-wrap\">Como um p\u00f3 de liga contendo n\u00edquel e outros elementos, precau\u00e7\u00f5es de seguran\u00e7a devem ser tomadas durante o manuseio:<\/p>\n<ul class=\"list-disc pl-8 space-y-2\">\n<li class=\"whitespace-normal\">Utilize EPI: M\u00e1scara tipo PFF2, luvas, \u00f3culos de prote\u00e7\u00e3o, roupa de prote\u00e7\u00e3o.<\/li>\n<li class=\"whitespace-normal\">Evite o contato da pele ou a inala\u00e7\u00e3o de poeira ao manusear.<\/li>\n<li class=\"whitespace-normal\">Aterre adequadamente todo o equipamento de manuseio de p\u00f3. S\u00e3o recomendadas caixas de luva de g\u00e1s inerte.<\/li>\n<li class=\"whitespace-normal\">Use coleta de p\u00f3 durante a limpeza. Evite gerar poeira no ar.<\/li>\n<li class=\"whitespace-normal\">Descarte o excesso de p\u00f3 e limpe os detritos de forma adequada.<\/li>\n<li class=\"whitespace-normal\">Consulte a FDS (Ficha de Dados de Seguran\u00e7a) para obter informa\u00e7\u00f5es adicionais de seguran\u00e7a.<\/li>\n<\/ul>\n<p class=\"whitespace-pre-wrap\">O p\u00f3 de n\u00edquel \u00e9 classificado como cancer\u00edgeno suspeito. Siga todas as leis e regulamentos para manuseio seguro de p\u00f3 met\u00e1lico.<\/p>\n<h2>Inspe\u00e7\u00e3o do p\u00f3 GH3536<\/h2>\n<p class=\"whitespace-pre-wrap\">Para garantir que o p\u00f3 GH3536 atenda aos requisitos do aplicativo, os seguintes procedimentos de inspe\u00e7\u00e3o podem ser usados:<\/p>\n<p class=\"whitespace-pre-wrap\"><strong>Distribui\u00e7\u00e3o de Tamanho de Part\u00edculas<\/strong><\/p>\n<ul class=\"list-disc pl-8 space-y-2\">\n<li class=\"whitespace-normal\">An\u00e1lise por difra\u00e7\u00e3o a laser (ISO 13320)<\/li>\n<li class=\"whitespace-normal\">An\u00e1lise granulom\u00e9trica (ASTM B 214)<\/li>\n<\/ul>\n<p class=\"whitespace-pre-wrap\"><strong>Morphologia e Microestrutura<\/strong><\/p>\n<ul class=\"list-disc pl-8 space-y-2\">\n<li class=\"whitespace-normal\">Microscopia eletr\u00f4nica de varredura<\/li>\n<li class=\"whitespace-normal\">Microscopia \u00f3ptica de preparados montados e polidos<\/li>\n<\/ul>\n<p class=\"whitespace-pre-wrap\"><strong>Composi\u00e7\u00e3o em p\u00f3<\/strong><\/p>\n<ul class=\"list-disc pl-8 space-y-2\">\n<li class=\"whitespace-normal\">Espectrometria de massas com plasma indutivamente acoplado (ASTM E1097)<\/li>\n<li class=\"whitespace-normal\">Fusao de g\u00e1s inerte para O e N (ASTM E1019)<\/li>\n<\/ul>\n<p class=\"whitespace-pre-wrap\"><strong>Densidade do P\u00f3<\/strong><\/p>\n<ul class=\"list-disc pl-8 space-y-2\">\n<li class=\"whitespace-normal\">densidade aparente (flux\u00f4metro de Hall)<\/li>\n<li class=\"whitespace-normal\">Densidade compactada (ASTM B527)<\/li>\n<\/ul>\n<p class=\"whitespace-pre-wrap\"><strong>Fluidez do p\u00f3<\/strong><\/p>\n<ul class=\"list-disc pl-8 space-y-2\">\n<li class=\"whitespace-normal\">Vaz\u00e3o de Hall (ASTM B213)<\/li>\n<li class=\"whitespace-normal\">Analisador de p\u00f3 revolucion\u00e1rio<\/li>\n<\/ul>\n<p class=\"whitespace-pre-wrap\"><strong>Aceita\u00e7\u00e3o de Lote<\/strong><\/p>\n<ul class=\"list-disc pl-8 space-y-2\">\n<li class=\"whitespace-normal\">Amostragem de acordo com ASTM B215<\/li>\n<li class=\"whitespace-normal\">Verificar se o p\u00f3 atende as especifica\u00e7\u00f5es de tamanho, composi\u00e7\u00e3o e morfologia<\/li>\n<\/ul>\n<p class=\"whitespace-pre-wrap\">Testes devem ser conduzidos para cada lote de p\u00f3 para verificar a conformidade com os padr\u00f5es ASTM aplic\u00e1veis. Isto garante uma alimenta\u00e7\u00e3o em p\u00f3 consistente e de alta qualidade para impress\u00e3o.<\/p>\n<h2>FAQs<\/h2>\n<p class=\"whitespace-pre-wrap\"><strong>P: O que torna a GH3536 melhor do que outras superligas de Ni para AM?<\/strong><\/p>\n<p class=\"whitespace-pre-wrap\">R: GH3536 possui mais resist\u00eancia que ligas de for\u00e7a como Inconel 718, ao mesmo tempo mantendo a ductilidade. A composi\u00e7\u00e3o do p\u00f3 e o processo de atomiza\u00e7\u00e3o minimizam a segrega\u00e7\u00e3o e a porosidade.<\/p>\n<p class=\"whitespace-pre-wrap\"><strong>P: O GH3536 requer prensagem isost\u00e1tica a quente (HIP) ap\u00f3s a impress\u00e3o?<\/strong><\/p>\n<p class=\"whitespace-pre-wrap\">R: HIP pode reduzir ainda mais a porosidade interna, mas n\u00e3o \u00e9 necess\u00e1rio alcan\u00e7ar altas densidades (&gt;99,5%) com par\u00e2metros de AM otimizados. HIP pode permitir temperaturas de servi\u00e7o mais elevadas.<\/p>\n<p class=\"whitespace-pre-wrap\"><strong>P: Qual p\u00f3s-processamento \u00e9 necess\u00e1rio depois de imprimir o GH3536?<\/strong><\/p>\n<p class=\"whitespace-pre-wrap\">R: Um simples tratamento t\u00e9rmico de al\u00edvio de tens\u00e3o pode ser usado ap\u00f3s a impress\u00e3o. Para uma resist\u00eancia \u00f3tima, um tratamento t\u00e9rmico de envelhecimento \u00e9 recomendado.<\/p>\n<p class=\"whitespace-pre-wrap\"><strong>P: Quais s\u00e3o os prazos de entrega para compra do p\u00f3 GH3536?<\/strong><\/p>\n<p class=\"whitespace-pre-wrap\">R: Lotes pequenos podem ser enviados em 2 a 4 semanas. Considere de 3 a 5 meses para grandes volumes de produ\u00e7\u00e3o, dependendo da disponibilidade.<\/p>\n<p class=\"whitespace-pre-wrap\"><strong>P: GH3536 cont\u00e9m alum\u00ednio ou tit\u00e2nio que podem causar problemas durante a impress\u00e3o?<\/strong><\/p>\n<p class=\"whitespace-pre-wrap\">A: As concentra\u00e7\u00f5es de Al e Ti s\u00e3o equilibradas para evitar a oxida\u00e7\u00e3o do p\u00f3 ou rea\u00e7\u00f5es excessivas com a camada fundida durante a impress\u00e3o.<\/p>\n<p class=\"whitespace-pre-wrap\"><strong>P: Qual distribui\u00e7\u00e3o de tamanho das part\u00edculas \u00e9 recomendada para impress\u00e3o de GH3536?<\/strong><\/p>\n<p class=\"whitespace-pre-wrap\">R: Uma distribui\u00e7\u00e3o com D10 de 10 \u00c3\u2014m, D50 de 25 \u00c3\u2014m e D90 de 45 \u00c3\u2014m fornece um bom equil\u00edbrio de fluidez e impress\u00e3o.<\/p>\n<p class=\"whitespace-pre-wrap\"><strong>Q: O GH3536 pode ser usado para impress\u00e3o de pe\u00e7as com sali\u00eancias e geometrias complexas?<\/strong><\/p>\n<p class=\"whitespace-pre-wrap\">R: Sim, GH3536 demonstrou excelente maquinabilidade para pe\u00e7as com sali\u00eancias que excedem o \u00e2ngulo de proje\u00e7\u00e3o de 45 \u00b0.<\/p>\n<h1>Conclus\u00e3o<\/h1>\n<p class=\"whitespace-pre-wrap\">O p\u00f3 da superliga de n\u00edquel GH3536 oferece uma combina\u00e7\u00e3o excepcional de alta resist\u00eancia, capacidade de temperatura, resist\u00eancia \u00e0 oxida\u00e7\u00e3o, capacidade de impress\u00e3o e resposta p\u00f3s-processamento para aplica\u00e7\u00f5es exigentes de fabrica\u00e7\u00e3o aditiva nas ind\u00fastrias aeroespacial, gera\u00e7\u00e3o de energia, petr\u00f3leo e g\u00e1s, automotiva e processamento qu\u00edmico. A composi\u00e7\u00e3o personalizada, as caracter\u00edsticas otimizadas do p\u00f3 e o potencial para tratamento t\u00e9rmico permitem propriedades ajust\u00e1veis para novos designs n\u00e3o poss\u00edveis com a fabrica\u00e7\u00e3o convencional. Com manuseio e procedimentos de impress\u00e3o adequados, o GH3536 permite pe\u00e7as met\u00e1licas complexas de alto desempenho combinando baixo peso e durabilidade como nunca antes.<\/p>\n<div class=\"flex gap-0.5 -mx-1 -mt-2 text-stone-500 justify-between items-stretch\">\n<div class=\"flex gap-0.5\">\n<div class=\"contents\"><\/div>\n<\/div>\n<\/div>\n<p><\/span><\/span><\/p>","protected":false},"excerpt":{"rendered":"<p>GH3536 alloy powder was designed specifically for additive manufacturing, using composition optimization and powder atomization techniques to achieve superior properties compared to conventional nickel superalloys. The key features of GH3536 alloy powder include: High strength at temperatures up to 760\u00a1\u00abC (1400\u00a1\u00abF) Oxidation and corrosion resistance in harsh environments Excellent thermal fatigue life and crack growth&#8230;<\/p>","protected":false},"featured_media":1954,"parent":0,"template":"","meta":{"_acf_changed":false,"_kad_blocks_custom_css":"","_kad_blocks_head_custom_js":"","_kad_blocks_body_custom_js":"","_kad_blocks_footer_custom_js":"","_kad_post_transparent":"","_kad_post_title":"","_kad_post_layout":"","_kad_post_sidebar_id":"","_kad_post_content_style":"","_kad_post_vertical_padding":"","_kad_post_feature":"","_kad_post_feature_position":"","_kad_post_header":false,"_kad_post_footer":false,"_kad_post_classname":""},"product-category":[119,120],"class_list":["post-3946","product","type-product","status-publish","has-post-thumbnail","hentry","product-category-3d-printing-metal-powder","product-category-high-temperature-alloy-powder"],"acf":[],"taxonomy_info":{"product-category":[{"value":119,"label":"3D Printing Metal Powder"},{"value":120,"label":"High Temperature Alloy Powder"}]},"featured_image_src_large":["https:\/\/3dpmetal.com\/wp-content\/uploads\/2024\/02\/GH3536-Alloy-Powder.jpg",333,339,false],"author_info":[],"comment_info":"","_links":{"self":[{"href":"https:\/\/3dpmetal.com\/pt\/wp-json\/wp\/v2\/product\/3946","targetHints":{"allow":["GET"]}}],"collection":[{"href":"https:\/\/3dpmetal.com\/pt\/wp-json\/wp\/v2\/product"}],"about":[{"href":"https:\/\/3dpmetal.com\/pt\/wp-json\/wp\/v2\/types\/product"}],"wp:featuredmedia":[{"embeddable":true,"href":"https:\/\/3dpmetal.com\/pt\/wp-json\/wp\/v2\/media\/1954"}],"wp:attachment":[{"href":"https:\/\/3dpmetal.com\/pt\/wp-json\/wp\/v2\/media?parent=3946"}],"wp:term":[{"taxonomy":"product-category","embeddable":true,"href":"https:\/\/3dpmetal.com\/pt\/wp-json\/wp\/v2\/product-category?post=3946"}],"curies":[{"name":"wp","href":"https:\/\/api.w.org\/{rel}","templated":true}]}}