{"id":3947,"date":"2024-03-18T06:10:15","date_gmt":"2024-03-18T06:10:15","guid":{"rendered":"https:\/\/3dp.45612300.xyz\/product\/ti3al-powder\/"},"modified":"2024-03-18T06:10:15","modified_gmt":"2024-03-18T06:10:15","slug":"ti3al-powder","status":"publish","type":"product","link":"https:\/\/3dpmetal.com\/pt\/product\/ti3al-powder\/","title":{"rendered":"P\u00f3 Ti3Al"},"content":{"rendered":"<p><span style=\"vertical-align: inherit;\"><span style=\"vertical-align: inherit;\"><\/p>\n<h1><strong>P\u00f3 Ti3Al: Composi\u00e7\u00e3o, Propriedades, Aplica\u00e7\u00f5es e Mais<\/strong><\/h1>\n<p class=\"whitespace-pre-wrap\">Algumas das principais propriedades e caracter\u00edsticas do p\u00f3 Ti3Al incluem:<\/p>\n<ul class=\"list-disc pl-8 space-y-2\">\n<li class=\"whitespace-normal\">Alta resist\u00eancia a temperaturas elevadas de at\u00e9 750\u00a1\u00abC<\/li>\n<li class=\"whitespace-normal\">Densidade com cerca da metade do que as superligas de n\u00edquel<\/li>\n<li class=\"whitespace-normal\">Resist\u00eancia excepcional \u00e0 corros\u00e3o<\/li>\n<li class=\"whitespace-normal\">Baixa densidade em compara\u00e7\u00e3o com outras ligas de tit\u00e2nio<\/li>\n<li class=\"whitespace-normal\">Resist\u00eancia \u00e0 oxida\u00e7\u00e3o at\u00e9 cerca de 700\u00b0C<\/li>\n<li class=\"whitespace-normal\">Resist\u00eancia ao desgaste<\/li>\n<li class=\"whitespace-normal\">biocompatibilidade<\/li>\n<\/ul>\n<p class=\"whitespace-pre-wrap\">No entanto, o Ti3Al tamb\u00e9m tem algumas limita\u00e7\u00f5es como m\u00e1 ductilidade em temperatura ambiente, baixa tenacidade \u00e0 fratura e m\u00e1 soldabilidade. Otimiza\u00e7\u00f5es adequadas de processamento e adi\u00e7\u00f5es de liga s\u00e3o necess\u00e1rias para otimizar o equil\u00edbrio de propriedades para diferentes aplica\u00e7\u00f5es.<\/p>\n<p class=\"whitespace-pre-wrap\">Este artigo fornece uma vis\u00e3o geral detalhada da composi\u00e7\u00e3o, propriedades, aplica\u00e7\u00f5es, fornecedores, custos, m\u00e9todos de teste e outros detalhes t\u00e9cnicos relacionados ao p\u00f3 de Ti3Al.<\/p>\n<h2><strong>Composi\u00e7\u00e3o do p\u00f3 de Ti3Al<\/strong><\/h2>\n<p class=\"whitespace-pre-wrap\">O p\u00f3 Ti3Al tem uma composi\u00e7\u00e3o nominal de 75% de tit\u00e2nio e 25% de alum\u00ednio em peso. O composto intermet\u00e1lico alumineto de tit\u00e2nio se forma entre 50-75% de alum\u00ednio, sendo Ti3Al a vers\u00e3o mais comum.<\/p>\n<p class=\"whitespace-pre-wrap\">A composi\u00e7\u00e3o exata pode variar dependendo do m\u00e9todo de produ\u00e7\u00e3o. Outros elementos como Nb, Mo, Si, B, Ta, W, C e O geralmente s\u00e3o adicionados em pequenas quantidades para aprimorar determinadas propriedades. A tabela abaixo mostra a faixa de composi\u00e7\u00e3o t\u00edpica:<\/p>\n<table>\n<thead>\n<tr>\n<th><strong>Elemento<\/strong><\/th>\n<th><strong>Peso %<\/strong><\/th>\n<\/tr>\n<\/thead>\n<tbody>\n<tr>\n<td>Tit\u00e2nio (Ti)<\/td>\n<td>69 &#8211; 76%<\/td>\n<\/tr>\n<tr>\n<td>Alum\u00ednio (Al)<\/td>\n<td>24 &#8211; 31%<\/td>\n<\/tr>\n<tr>\n<td>Ni\u00f3bio (Nb)<\/td>\n<td>0 &#8211; 6%<\/td>\n<\/tr>\n<tr>\n<td>Molibd\u00eanio (Mo)<\/td>\n<td>0 &#8211; 4%<\/td>\n<\/tr>\n<tr>\n<td>Sil\u00edcio (Si)<\/td>\n<td>0 &#8211; 2%<\/td>\n<\/tr>\n<tr>\n<td>Boro (B)<\/td>\n<td>0 &#8211; 0.5%<\/td>\n<\/tr>\n<tr>\n<td>T\u00e2ntalo (Ta)<\/td>\n<td>0 &#8211; 5%<\/td>\n<\/tr>\n<tr>\n<td>Tungst\u00eanio (W)<\/td>\n<td>0 &#8211; 5%<\/td>\n<\/tr>\n<tr>\n<td>Carbono (C)<\/td>\n<td>0 &#8211; 0.1%<\/td>\n<\/tr>\n<tr>\n<td>Oxig\u00eanio (O)<\/td>\n<td>0 &#8211; 0.2%<\/td>\n<\/tr>\n<\/tbody>\n<\/table>\n<p class=\"whitespace-pre-wrap\">Controlar o teor de oxig\u00eanio e carbono \u00e9 fundamental para evitar fragiliza\u00e7\u00e3o e manter a ductilidade. Outros elementos de tra\u00e7o tamb\u00e9m podem estar presentes dependendo das mat\u00e9rias-primas e do processo.<\/p>\n<h2><strong>Propriedades do p\u00f3 de Ti3Al<\/strong><\/h2>\n<p class=\"whitespace-pre-wrap\">As propriedades \u00fanicas do p\u00f3 Ti3Al surgem da sua estrutura de cristal intermet\u00e1lico ordenado consistindo em \u00e1tomos de tit\u00e2nio e alum\u00ednio. Algumas das propriedades not\u00e1veis incluem:<\/p>\n<h3>Alta resist\u00eancia \u00e0 temperatura<\/h3>\n<p class=\"whitespace-pre-wrap\">O Ti3Al mant\u00e9m resist\u00eancia relativamente alta at\u00e9 750 \u00b0C, significativamente melhor do que o tit\u00e2nio ou o alum\u00ednio sozinhos. Isso o torna adequado para aplica\u00e7\u00f5es em temperatura elevada em motores, turbinas, v\u00e1lvulas, etc. A tabela abaixo compara a resist\u00eancia do Ti3Al com a de outras ligas de tit\u00e2nio em diferentes temperaturas:<\/p>\n<table>\n<thead>\n<tr>\n<th><strong>Liga<\/strong><\/th>\n<th><strong>Resist\u00eancia (MPa) \u00e0 temperatura ambiente<\/strong><\/th>\n<th><strong>Resistencia mec\u00e2nica a 500\u00b0C (MPa)<\/strong><\/th>\n<th><strong>Densidade (g\/cm3)<\/strong><\/th>\n<\/tr>\n<\/thead>\n<tbody>\n<tr>\n<td>Ti3Al<\/td>\n<td>400<\/td>\n<td>260<\/td>\n<td>3.9<\/td>\n<\/tr>\n<tr>\n<td>Ti6Al4V<\/td>\n<td>900<\/td>\n<td>500<\/td>\n<td>4.5<\/td>\n<\/tr>\n<tr>\n<td>Ti64<\/td>\n<td>900<\/td>\n<td>400<\/td>\n<td>4.5<\/td>\n<\/tr>\n<\/tbody>\n<\/table>\n<h3>Baixa Densidade<\/h3>\n<p class=\"whitespace-pre-wrap\">Com densidade em torno de 3,7 a 4,1 g\/cm\u00b3, o Ti3Al \u00e9 muito mais leve do que as superligas de n\u00edquel e a maioria das outras ligas de tit\u00e2nio. Isso ajuda a reduzir o peso do componente, cr\u00edtico em aplica\u00e7\u00f5es aeroespaciais.<\/p>\n<h3>Resist\u00eancia \u00e0 oxida\u00e7\u00e3o<\/h3>\n<p class=\"whitespace-pre-wrap\">Ti3Al oferece boa resist\u00eancia \u00e0 oxida\u00e7\u00e3o at\u00e9 700 \u00b0C no ar, melhor do que o tit\u00e2nio n\u00e3o ligado. Isso permite operar em altas temperaturas sem perda excessiva de material.<\/p>\n<h3>Resist\u00eancia \u00e0 corros\u00e3o<\/h3>\n<p class=\"whitespace-pre-wrap\">O teor de tit\u00e2nio confere ao Ti3Al excelente resist\u00eancia \u00e0 corros\u00e3o a uma ampla gama de \u00e1cidos, \u00e1lcalis e em ambientes salinos. Isto o torna \u00fatil em equipamentos de processamento qu\u00edmico.<\/p>\n<h3>Resist\u00eancia ao desgaste<\/h3>\n<p class=\"whitespace-pre-wrap\">A liga Ti3Al tem boa resist\u00eancia \u00e0 abras\u00e3o e eros\u00e3o, compar\u00e1vel ao a\u00e7o, o que a torna adequada para aplica\u00e7\u00f5es de alto desgaste como v\u00e1lvulas, bombas e matrizes de extrus\u00e3o.<\/p>\n<p class=\"whitespace-pre-wrap\">Contudo, o Ti3Al tamb\u00e9m sofre de desvantagens como:<\/p>\n<ul class=\"list-disc pl-8 space-y-2\">\n<li class=\"whitespace-normal\">M\u00e1 ductilidade e tenacidade \u00e0 fratura em temperatura ambiente<\/li>\n<li class=\"whitespace-normal\">Dif\u00edcil de fabricar e de usinar<\/li>\n<li class=\"whitespace-normal\">Soldabilidade reduzida devido \u00e0 suscetibilidade a trincas<\/li>\n<\/ul>\n<p class=\"whitespace-pre-wrap\">Processamento adequado e acr\u00e9scimos de ligas s\u00e3o necess\u00e1rios para otimizar o equil\u00edbrio das propriedades para a aplica\u00e7\u00e3o pretendida.<\/p>\n<h2><strong>Aplica\u00e7\u00f5es do P\u00f3 Ti3Al<\/strong><\/h2>\n<p class=\"whitespace-pre-wrap\">As propriedades \u00fanicas do p\u00f3 Ti3Al tornam-no apropriado para as seguintes aplica\u00e7\u00f5es:<\/p>\n<h3>Aeroespacial<\/h3>\n<p class=\"whitespace-pre-wrap\">A ind\u00fastria aeroespacial \u00e9 o maior consumidor de produtos Ti3Al devido \u00e0 necessidade de redu\u00e7\u00e3o de peso, resist\u00eancia a altas temperaturas e resist\u00eancia \u00e0 oxida\u00e7\u00e3o. As aplica\u00e7\u00f5es t\u00edpicas incluem:<\/p>\n<ul class=\"list-disc pl-8 space-y-2\">\n<li class=\"whitespace-normal\">P\u00e1s de turbina, \u00e1labes, discos<\/li>\n<li class=\"whitespace-normal\">C\u00e2maras de combust\u00e3o, p\u00f3s-queimadores<\/li>\n<li class=\"whitespace-normal\">Arma\u00e7\u00f5es de aeronaves, componentes estruturais<\/li>\n<li class=\"whitespace-normal\">Tubos hidr\u00e1ulicos e v\u00e1lvulas<\/li>\n<\/ul>\n<h3>Automotivo<\/h3>\n<p class=\"whitespace-pre-wrap\">A ind\u00fastria automotiva utiliza o Ti3Al para componentes de turbocompressor, v\u00e1lvulas, molas, fixadores e pe\u00e7as do sistema de escapamento que requerem resist\u00eancia a altas temperaturas e peso menor.<\/p>\n<h3>Processamento qu\u00edmico<\/h3>\n<p class=\"whitespace-pre-wrap\">Ti3Al \u00e9 usado em componentes como v\u00e1lvulas, bombas, conex\u00f5es de tubos, vasos de rea\u00e7\u00e3o que requerem resist\u00eancia \u00e0 corros\u00e3o combinada com propriedades mec\u00e2nicas de alta temperatura.<\/p>\n<h3>Biom\u00e9dico<\/h3>\n<p class=\"whitespace-pre-wrap\">A biocompatibilidade, resist\u00eancia \u00e0 corros\u00e3o e for\u00e7a do Ti3Al o tornam adequado para implantes ortop\u00e9dicos como juntas artificiais do quadril.<\/p>\n<p class=\"whitespace-pre-wrap\">Outras aplica\u00e7\u00f5es incluem v\u00e1lvulas de alto desempenho, matrizes de extrus\u00e3o, elementos de aquecimento e artigos esportivos. Ti3Al tamb\u00e9m \u00e9 usado como p\u00f3 de manufatura de aditivos.<\/p>\n<h2><strong>Especifica\u00e7\u00f5es do P\u00f3 Ti3Al<\/strong><\/h2>\n<p class=\"whitespace-pre-wrap\">O p\u00f3 de Ti3Al est\u00e1 dispon\u00edvel em diversas faixas de tamanho, morfologias e n\u00edveis de pureza dependendo do processo de produ\u00e7\u00e3o. As principais especifica\u00e7\u00f5es s\u00e3o apresentadas abaixo:<\/p>\n<table>\n<thead>\n<tr>\n<th><strong>Especifica\u00e7\u00e3o<\/strong><\/th>\n<th><strong>Detalhes<\/strong><\/th>\n<\/tr>\n<\/thead>\n<tbody>\n<tr>\n<td>Tamanhos de Part\u00edculas<\/td>\n<td>15 &#8211; 150 micras<\/td>\n<\/tr>\n<tr>\n<td>Morfologia<\/td>\n<td>Esf\u00e9rico, angular, misto<\/td>\n<\/tr>\n<tr>\n<td>Densidade Aparente<\/td>\n<td>2 - 3,5 g\/cm3<\/td>\n<\/tr>\n<tr>\n<td>Densidade Batida<\/td>\n<td>3 &#8211; 4,5 g\/cm3<\/td>\n<\/tr>\n<tr>\n<td>Pureza<\/td>\n<td>99%, 99,9%<\/td>\n<\/tr>\n<tr>\n<td>Teor de Oxig\u00eanio<\/td>\n<td>\u00a8P 0,2 % em peso<\/td>\n<\/tr>\n<tr>\n<td>Teor de Nitrog\u00eanio<\/td>\n<td>\u00a8P 0,05 wt%<\/td>\n<\/tr>\n<tr>\n<td>Teor de carbono<\/td>\n<td>\u00a8P 0.08 wt%<\/td>\n<\/tr>\n<tr>\n<td>Conte\u00fado de ferro<\/td>\n<td>\u00a8P 0,30 % em peso<\/td>\n<\/tr>\n<tr>\n<td>Teor de n\u00edquel<\/td>\n<td>\"P 0,10% em peso<\/td>\n<\/tr>\n<tr>\n<td>Pacotes padr\u00e3o<\/td>\n<td>5kg, 10kg, 25kg would be translated to Portuguese as:\n5kg, 10kg, 25kg<\/td>\n<\/tr>\n<\/tbody>\n<\/table>\n<p class=\"whitespace-pre-wrap\">Tamanhos de part\u00edculas mais finos geralmente oferecem melhor fluidez, densidade de embalagem e reatividade. Morfologias esf\u00e9ricas tamb\u00e9m melhoram o fluxo do p\u00f3. Maior pureza reduz contaminantes e melhora as propriedades.<\/p>\n<h2><strong>Produ\u00e7\u00e3o de P\u00f3 Ti3Al<\/strong><\/h2>\n<p class=\"whitespace-pre-wrap\">H\u00e1 v\u00e1rios m\u00e9todos utilizados para produzir o p\u00f3 de Ti3Al, incluindo:<\/p>\n<ul class=\"list-disc pl-8 space-y-2\">\n<li class=\"whitespace-normal\"><strong>Atomiza\u00e7\u00e3o de g\u00e1s<\/strong>A liga Ti-Al fundida \u00e9 atomizada com g\u00e1s inerte em got\u00edculas finas que se solidificam em p\u00f3. Isto produz part\u00edculas esf\u00e9ricas com boa fluidez.<\/li>\n<li class=\"whitespace-normal\"><strong>Liga\u00e7\u00e3o Mec\u00e2nica<\/strong>?- Os p\u00f3s elementais de Ti e Al s\u00e3o triturados numa bola para sintetizar mecanicamente o composto intermet\u00e1lico. As part\u00edculas dos p\u00f3s t\u00eam formas irregulares.<\/li>\n<li class=\"whitespace-normal\"><strong>Esferoidiza\u00e7\u00e3o por Plasma<\/strong>?- O p\u00f3 irregular de Ti3Al da liga mec\u00e2nica \u00e9 novamente derretido em um plasma para gerar p\u00f3 esf\u00e9rico.<\/li>\n<li class=\"whitespace-normal\"><strong>Atomiza\u00e7\u00e3o de G\u00e1s por Indu\u00e7\u00e3o de Eletrodo (EIGA)<\/strong>?- Funde e atomiza diretamente um eletrodo de Ti3Al para produzir p\u00f3.<\/li>\n<\/ul>\n<p class=\"whitespace-pre-wrap\">Atomiza\u00e7\u00e3o a g\u00e1s e processamento plasma permitem melhor controle sobre a distribui\u00e7\u00e3o do tamanho das part\u00edculas, morfologia, capta\u00e7\u00e3o de oxig\u00eanio e microestrutura. O p\u00f3 geralmente deve ser peneirado em fra\u00e7\u00f5es de tamanho espec\u00edficas ap\u00f3s a produ\u00e7\u00e3o com base nos requisitos da aplica\u00e7\u00e3o.<\/p>\n<h2><strong>Custo do P\u00f3 Ti3Al<\/strong><\/h2>\n<p class=\"whitespace-pre-wrap\">O p\u00f3 comercial Ti3Al \u00e9 significativamente mais caro do que o tit\u00e2nio ou alum\u00ednio em p\u00f3 conjugado. Os custos variam entre:<\/p>\n<ul class=\"list-disc pl-8 space-y-2\">\n<li class=\"whitespace-normal\">US$ 100 - US$ 500 por kg para p\u00f3 atomizado com pureza de 99%<\/li>\n<li class=\"whitespace-normal\">US$ 50-250 por kg de p\u00f3 com liga mec\u00e2nica a 99%<\/li>\n<li class=\"whitespace-normal\">300 a 1000 USD por kg. para p\u00f3 esferoidizado de plasma de 99,9%<\/li>\n<\/ul>\n<p class=\"whitespace-pre-wrap\">Os pre\u00e7os dependem do tamanho das part\u00edculas, da morfologia, do n\u00edvel de pureza, da quantidade do pedido e do fabricante. Ligas personalizadas com composi\u00e7\u00f5es especiais podem custar ainda mais. Os custos v\u00eam diminuindo devido aos volumes crescentes de produ\u00e7\u00e3o e \u00e0s melhorias do processo.<\/p>\n<h2><strong>Fornecedores de p\u00f3 Ti3Al<\/strong><\/h2>\n<p class=\"whitespace-pre-wrap\">Alguns dos principais fornecedores globais de p\u00f3 de Ti3Al incluem:<\/p>\n<table>\n<thead>\n<tr>\n<th><strong>Empresa<\/strong><\/th>\n<th><strong>Local<\/strong><\/th>\n<\/tr>\n<\/thead>\n<tbody>\n<tr>\n<td>AP&amp;C<\/td>\n<td>Canad\u00e1<\/td>\n<\/tr>\n<tr>\n<td>TLS Technik GmbH<\/td>\n<td>Alemanha<\/td>\n<\/tr>\n<tr>\n<td>Tecnologia Metal\u00fargica<\/td>\n<td>Reino Unido<\/td>\n<\/tr>\n<tr>\n<td>ATI Powder Metals<\/td>\n<td>EUA<\/td>\n<\/tr>\n<tr>\n<td>Carpenter Additive<\/td>\n<td>EUA<\/td>\n<\/tr>\n<tr>\n<td><a href=\"https:\/\/met3dp.com\/\" target=\"_blank\" rel=\"noopener\">Met3DP<\/a><\/td>\n<td>China<\/td>\n<\/tr>\n<tr>\n<td>Tekna<\/td>\n<td>Canad\u00e1<\/td>\n<\/tr>\n<\/tbody>\n<\/table>\n<p class=\"whitespace-pre-wrap\">Existem tamb\u00e9m alguns produtores na China. \u00c9 recomend\u00e1vel adquirir o p\u00f3 de fabricantes estabelecidos que usam processos de produ\u00e7\u00e3o qualificados para garantir qualidade e propriedades confi\u00e1veis.<\/p>\n<h2><strong>Ti3Al versus Alternatives<\/strong><\/h2>\n<p class=\"whitespace-pre-wrap\">Ti3Al compete com diversas alternativas para aplica\u00e7\u00f5es estruturais de alta temperatura:<\/p>\n<p class=\"whitespace-pre-wrap\"><strong>Tabela: Compara\u00e7\u00e3o de Ti3Al versus outras ligas de alta temperatura<\/strong><\/p>\n<table>\n<thead>\n<tr>\n<th>Liga<\/th>\n<th>Densidade<\/th>\n<th>Temperatura M\u00e1x<\/th>\n<th>For\u00e7a<\/th>\n<th>Ductilidade<\/th>\n<th>Resist\u00eancia \u00e0 oxida\u00e7\u00e3o<\/th>\n<th>Custo<\/th>\n<\/tr>\n<\/thead>\n<tbody>\n<tr>\n<td><strong>Ti3Al<\/strong><\/td>\n<td>Baixo<\/td>\n<td>Muito alto<\/td>\n<td>Alto<\/td>\n<td>Baixo<\/td>\n<td>Bom<\/td>\n<td>Alto<\/td>\n<\/tr>\n<tr>\n<td>Inconel 718<\/td>\n<td>Alto<\/td>\n<td>Alto<\/td>\n<td>M\u00e9dio<\/td>\n<td>M\u00e9dio<\/td>\n<td>Bom<\/td>\n<td>M\u00e9dio<\/td>\n<\/tr>\n<tr>\n<td>Haynes 230<\/td>\n<td>Alto<\/td>\n<td>Muito alto<\/td>\n<td>Alto<\/td>\n<td>Baixo<\/td>\n<td>Excelente<\/td>\n<td>Muito alto<\/td>\n<\/tr>\n<tr>\n<td>Ti6Al4V<\/td>\n<td>M\u00e9dio<\/td>\n<td>M\u00e9dio<\/td>\n<td>M\u00e9dio<\/td>\n<td>M\u00e9dio<\/td>\n<td>Excelente<\/td>\n<td>M\u00e9dio<\/td>\n<\/tr>\n<tr>\n<td>A\u00e7os inoxid\u00e1veis ferr\u00edticos<\/td>\n<td>M\u00e9dio<\/td>\n<td>M\u00e9dio<\/td>\n<td>Baixo<\/td>\n<td>Alto<\/td>\n<td>Pobre<\/td>\n<td>Baixo<\/td>\n<\/tr>\n<\/tbody>\n<\/table>\n<p class=\"whitespace-pre-wrap\">Entretanto, para temperaturas m\u00e1ximas de servi\u00e7o, Ti3Al e superligas \u00e0 base de n\u00edquel como a Haynes 230 s\u00e3o superiores. No entanto, a menor densidade e custo do Ti3Al s\u00e3o vantajosos para aplica\u00e7\u00f5es cr\u00edticas de peso como aeroespaciais.<\/p>\n<p class=\"whitespace-pre-wrap\">A fraca ductilidade em temperatura ambiente do Ti3Al continua sendo uma limita\u00e7\u00e3o fundamental em rela\u00e7\u00e3o aos a\u00e7os e ao Ti6Al4V. O desenvolvimento de ligas e processos continua melhorando a usinabilidade e a fabricabilidade.<\/p>\n<h2><strong>Vantagens do P\u00f3 de Ti3Al<\/strong><\/h2>\n<p class=\"whitespace-pre-wrap\">Os principais benef\u00edcios do uso do p\u00f3 de Ti3Al incluem:<\/p>\n<ul class=\"list-disc pl-8 space-y-2\">\n<li class=\"whitespace-normal\">Alta resist\u00eancia mantida a 800\u00a1\u00abC<\/li>\n<li class=\"whitespace-normal\">Densidade 40% inferior \u00e0s superligas de n\u00edquel<\/li>\n<li class=\"whitespace-normal\">Excelente resist\u00eancia \u00e0 flu\u00eancia<\/li>\n<li class=\"whitespace-normal\">Boa resist\u00eancia \u00e0 oxida\u00e7\u00e3o e corros\u00e3o<\/li>\n<li class=\"whitespace-normal\">Substitui\u00e7\u00e3o de metal refrat\u00e1rio sem riscos estrat\u00e9gicos para os materiais<\/li>\n<li class=\"whitespace-normal\">Fabrica\u00e7\u00e3o Pr\u00f3xima \u00e0 Forma Final com Metalurgia do P\u00f3<\/li>\n<li class=\"whitespace-normal\">Os componentes podem operar em temperaturas mais altas<\/li>\n<li class=\"whitespace-normal\">Redu\u00e7\u00e3o de peso em pe\u00e7as rotativas como as p\u00e1s das turbinas<\/li>\n<li class=\"whitespace-normal\">Efici\u00eancia aprimorada por meio de par\u00e2metros operacionais mais altos<\/li>\n<\/ul>\n<p class=\"whitespace-pre-wrap\">O equil\u00edbrio exclusivo de propriedades mec\u00e2nicas, baixa densidade e estabilidade t\u00e9rmica torna o Ti3Al um material viabilizador para sistemas aeroespaciais, automotivos e de gera\u00e7\u00e3o de energia da pr\u00f3xima gera\u00e7\u00e3o.<\/p>\n<h2><strong>Limita\u00e7\u00f5es do p\u00f3 de Ti3Al<\/strong><\/h2>\n<p class=\"whitespace-pre-wrap\">Apesar das vantagens, Ti3Al tamb\u00e9m possui alguns inconvenientes:<\/p>\n<ul class=\"list-disc pl-8 space-y-2\">\n<li class=\"whitespace-normal\">Fr\u00e1gil \u00e0 temperatura ambiente e com ductilidade melhorada acima de 500 \u00b0C<\/li>\n<li class=\"whitespace-normal\">Fabrica\u00e7\u00e3o e usinagem s\u00e3o desafiadoras<\/li>\n<li class=\"whitespace-normal\">Perda r\u00e1pida da propriedade abaixo de 400\u00a1\u00abC<\/li>\n<li class=\"whitespace-normal\">Custos de mat\u00e9ria-prima e processamento s\u00e3o muito altos<\/li>\n<li class=\"whitespace-normal\">A cadeia de fornecimento \u00e9 limitada com poucos produtores<\/li>\n<li class=\"whitespace-normal\">A concep\u00e7\u00e3o de componentes exige per\u00edcia em engenharia especializada<\/li>\n<li class=\"whitespace-normal\">N\u00e3o facilmente soldado ou unido com t\u00e9cnicas convencionais<\/li>\n<li class=\"whitespace-normal\">Dif\u00edcil de reciclar e reutilizar<\/li>\n<\/ul>\n<p class=\"whitespace-pre-wrap\">At\u00e9 hoje, obst\u00e1culos de fabrica\u00e7\u00e3o e de custo retardaram a ampla ado\u00e7\u00e3o comercial do Ti3Al. Mas suas capacidades continuam impulsionando esfor\u00e7os de desenvolvimento para superar essas limita\u00e7\u00f5es por meio de qu\u00edmicas de ligas aprimoradas, qualidade de p\u00f3 e design de componentes.<\/p>\n<h2><strong>Perspetivas para o P\u00f3 Ti3Al<\/strong><\/h2>\n<p class=\"whitespace-pre-wrap\">A previs\u00e3o \u00e9 de que a Ti3Al aumente seu uso nos setores aeroespacial, automotivo, de turbinas a g\u00e1s industriais e gera\u00e7\u00e3o de energia devido a:<\/p>\n<ul class=\"list-disc pl-8 space-y-2\">\n<li class=\"whitespace-normal\">Crescente demanda por efici\u00eancia de combust\u00edvel de motores a jato e menores emiss\u00f5es<\/li>\n<li class=\"whitespace-normal\">Materiais de alta temperatura necess\u00e1rios para turbocompressores el\u00e9ctricos<\/li>\n<li class=\"whitespace-normal\">Mercado em crescimento para tecnologias de fabrica\u00e7\u00e3o aditiva<\/li>\n<li class=\"whitespace-normal\">Foco na substitui\u00e7\u00e3o estrat\u00e9gica de materiais para terras raras e metais refrat\u00e1rios<\/li>\n<li class=\"whitespace-normal\">Redu\u00e7\u00e3o de custos por meio da melhor produtividade de fabrica\u00e7\u00e3o<\/li>\n<\/ul>\n<p class=\"whitespace-pre-wrap\">Os mercados automotivo e industrial s\u00e3o mais sens\u00edveis a pre\u00e7os e exigem uma vantagem evidenciada na rela\u00e7\u00e3o custo-benef\u00edcio em compara\u00e7\u00e3o com as ligas existentes. O setor aeroespacial est\u00e1 mais disposto a pagar um extra pelo m\u00e1ximo desempenho.<\/p>\n<p class=\"whitespace-pre-wrap\">As iniciativas governamentais nos EUA, UE e Jap\u00e3o est\u00e3o acelerando a P&amp;D na produ\u00e7\u00e3o de p\u00f3 de Ti3Al, fabrica\u00e7\u00e3o de componentes, m\u00e9todos de jun\u00e7\u00e3o e desenvolvimento de ligas. Isso expandir\u00e1 o espa\u00e7o de aplica\u00e7\u00e3o e gerar\u00e1 taxas de ado\u00e7\u00e3o mais altas.<\/p>\n<h2><strong>Perguntas frequentes<\/strong><\/h2>\n<p class=\"whitespace-pre-wrap\"><strong>P: Em que a p\u00f3 de Ti3Al \u00e9 utilizado?<\/strong><\/p>\n<p class=\"whitespace-pre-wrap\">R: O p\u00f3 de Ti3Al \u00e9 usado para fabrica\u00e7\u00e3o de componentes de alta temperatura, como p\u00e1s de turbina, rodas de turbocompressor, trocadores de calor e outras pe\u00e7as que operam entre 500-800 \u00b0C. Ele fornece um excelente equil\u00edbrio de alta resist\u00eancia, baixa densidade e boa resist\u00eancia \u00e0 oxida\u00e7\u00e3o.<\/p>\n<p class=\"whitespace-pre-wrap\"><strong>Pergunta: Como \u00e9 feito o p\u00f3 Ti3Al?<\/strong><\/p>\n<p class=\"whitespace-pre-wrap\">R: Os m\u00e9todos de produ\u00e7\u00e3o comuns incluem atomiza\u00e7\u00e3o a g\u00e1s, atomiza\u00e7\u00e3o de plasma, atomiza\u00e7\u00e3o de g\u00e1s de fus\u00e3o por indu\u00e7\u00e3o de eletrodo (EIGA) e liga mec\u00e2nica. Cada processo resulta em caracter\u00edsticas diferentes de p\u00f3, adequadas para aplica\u00e7\u00f5es espec\u00edficas.<\/p>\n<p class=\"whitespace-pre-wrap\"><strong>Q: O p\u00f3 de Ti3Al \u00e9 melhor do que o Inconel 718?<\/strong><\/p>\n<p class=\"whitespace-pre-wrap\">R: Ti3Al possui menor densidade, e por isso proporciona economia de peso em rela\u00e7\u00e3o ao Inconel 718. Possui maior resist\u00eancia a temperaturas acima de 700 \u00b0C. No entanto, a ductilidade \u00e0 temperatura ambiente do Ti3Al \u00e9 bem baixa, enquanto o Inconel 718 pode ser fabricado e usinado com facilidade.<\/p>\n<p class=\"whitespace-pre-wrap\"><strong>P: Qual \u00e9 o custo do p\u00f3 Ti3Al?<\/strong><\/p>\n<p class=\"whitespace-pre-wrap\">A: O p\u00f3 Ti3Al custa entre US$ 450-750 por kg, o que \u00e9 quase 5 vezes mais caro que as superligas de n\u00edquel e 10 vezes mais que p\u00f3s de alum\u00ednio ou de tit\u00e2nio. O alto custo se deve ao processamento complexo e \u00e0 demanda limitada do mercado.<\/p>\n<p class=\"whitespace-pre-wrap\"><strong>Esta pergunta n\u00e3o pode ser respondida a partir do texto fornecido.<\/strong><\/p>\n<p class=\"whitespace-pre-wrap\">R: Como outros p\u00f3s de ligas reativas, Ti3Al exige armazenamento livre de umidade e g\u00e1s inerte. Somente recipientes de cer\u00e2mica, vidro ou inoxid\u00e1veis devem ser usados. Precau\u00e7\u00f5es de seguran\u00e7a incluem aterramento, ventila\u00e7\u00e3o e EPI respirat\u00f3rio.<\/p>\n<p class=\"whitespace-pre-wrap\"><strong>P: Quais s\u00e3o os desafios do uso de p\u00f3 Ti3Al?<\/strong><\/p>\n<p class=\"whitespace-pre-wrap\">R: As principais limita\u00e7\u00f5es s\u00e3o ductilidade prec\u00e1ria \u00e0 temperatura ambiente, alto custo do material, n\u00famero limitado de fornecedores, dificuldade em usinar\/fabricar e falta de tecnologias de uni\u00e3o. S\u00e3o necess\u00e1rias melhorias na liga, desenvolvimento de processos e otimiza\u00e7\u00e3o de projeto de componentes para expandir o uso comercial.<\/p>\n<p class=\"whitespace-pre-wrap\"><strong>Pergunta: Qual \u00e9 a perspectiva futura para o p\u00f3 de Ti3Al?<\/strong><\/p>\n<p class=\"whitespace-pre-wrap\">R: A utiliza\u00e7\u00e3o de p\u00f3 de Ti3Al deve crescer significativamente em motores aeroespaciais, turbocompressores automotivos e aplica\u00e7\u00f5es industriais de alta temperatura. As iniciativas para reduzir custos, melhorar as propriedades e a fabrica\u00e7\u00e3o aprimorada permitir\u00e3o uma ado\u00e7\u00e3o mais ampla.<\/p>\n<p><\/span><\/span><\/p>","protected":false},"excerpt":{"rendered":"<p>P\u00f3 de Ti3Al: Composi\u00e7\u00e3o, propriedades, aplica\u00e7\u00f5es e muito mais Algumas das principais propriedades e caracter\u00edsticas do p\u00f3 de Ti3Al incluem: Alta resist\u00eancia a temperaturas elevadas at\u00e9 750\u00a1\"C Densidade cerca de metade da das superligas de n\u00edquel Excelente resist\u00eancia \u00e0 corros\u00e3o Baixa densidade em compara\u00e7\u00e3o com outras ligas de tit\u00e2nio Resist\u00eancia \u00e0 oxida\u00e7\u00e3o at\u00e9 cerca de 700\u00a1\"C Resist\u00eancia ao desgaste Biocompatibilidade No entanto, o Ti3Al tamb\u00e9m...<\/p>","protected":false},"featured_media":1956,"parent":0,"template":"","meta":{"_acf_changed":false,"_kad_blocks_custom_css":"","_kad_blocks_head_custom_js":"","_kad_blocks_body_custom_js":"","_kad_blocks_footer_custom_js":"","_kad_post_transparent":"","_kad_post_title":"","_kad_post_layout":"","_kad_post_sidebar_id":"","_kad_post_content_style":"","_kad_post_vertical_padding":"","_kad_post_feature":"","_kad_post_feature_position":"","_kad_post_header":false,"_kad_post_footer":false,"_kad_post_classname":""},"product-category":[119,128],"class_list":["post-3947","product","type-product","status-publish","has-post-thumbnail","hentry","product-category-3d-printing-metal-powder","product-category-imcintermetallic-compound-powder"],"acf":[],"taxonomy_info":{"product-category":[{"value":119,"label":"3D Printing Metal Powder"},{"value":128,"label":"IMC(Intermetallic Compound Powder)"}]},"featured_image_src_large":["https:\/\/3dpmetal.com\/wp-content\/uploads\/2024\/02\/A100.jpg",549,423,false],"author_info":[],"comment_info":"","_links":{"self":[{"href":"https:\/\/3dpmetal.com\/pt\/wp-json\/wp\/v2\/product\/3947","targetHints":{"allow":["GET"]}}],"collection":[{"href":"https:\/\/3dpmetal.com\/pt\/wp-json\/wp\/v2\/product"}],"about":[{"href":"https:\/\/3dpmetal.com\/pt\/wp-json\/wp\/v2\/types\/product"}],"wp:featuredmedia":[{"embeddable":true,"href":"https:\/\/3dpmetal.com\/pt\/wp-json\/wp\/v2\/media\/1956"}],"wp:attachment":[{"href":"https:\/\/3dpmetal.com\/pt\/wp-json\/wp\/v2\/media?parent=3947"}],"wp:term":[{"taxonomy":"product-category","embeddable":true,"href":"https:\/\/3dpmetal.com\/pt\/wp-json\/wp\/v2\/product-category?post=3947"}],"curies":[{"name":"wp","href":"https:\/\/api.w.org\/{rel}","templated":true}]}}