{"id":3949,"date":"2024-03-18T06:10:15","date_gmt":"2024-03-18T06:10:15","guid":{"rendered":"https:\/\/3dp.45612300.xyz\/product\/tial3-powder\/"},"modified":"2024-03-18T06:10:15","modified_gmt":"2024-03-18T06:10:15","slug":"tial3-powder","status":"publish","type":"product","link":"https:\/\/3dpmetal.com\/pt\/product\/tial3-powder\/","title":{"rendered":"P\u00f3 de TiAl3"},"content":{"rendered":"<p><span style=\"vertical-align: inherit;\"><span style=\"vertical-align: inherit;\"><\/p>\n<p class=\"whitespace-pre-wrap\">O p\u00f3 de TiAl3 \u00e9 um composto intermet\u00e1lico formado por tit\u00e2nio e alum\u00ednio. \u00c9 leve, resistente \u00e0 oxida\u00e7\u00e3o e pode suportar altas temperaturas. Isso o torna adequado para uso em aplica\u00e7\u00f5es aeroespaciais, automotivas, de energia e outras aplica\u00e7\u00f5es de alto desempenho.<\/p>\n<p class=\"whitespace-pre-wrap\">Algumas das principais propriedades e caracter\u00edsticas do p\u00f3 TiAl3 :<\/p>\n<p class=\"whitespace-pre-wrap\"><strong>Propriedades e Caracter\u00edsticas do P\u00f3 TiAl3<\/strong><\/p>\n<table>\n<thead>\n<tr>\n<th><\/th>\n<th><\/th>\n<\/tr>\n<\/thead>\n<tbody>\n<tr>\n<td>F\u00f3rmula qu\u00edmica<\/td>\n<td>TiAl3<\/td>\n<\/tr>\n<tr>\n<td>Densidade<\/td>\n<td>3,4 g\/cm3<\/td>\n<\/tr>\n<tr>\n<td>Ponto de Fus\u00e3o<\/td>\n<td>1395\u00abC<\/td>\n<\/tr>\n<tr>\n<td>M\u00f3dulo de Young<\/td>\n<td>170 GPa<\/td>\n<\/tr>\n<tr>\n<td>Coeficiente de expans\u00e3o t\u00e9rmica<\/td>\n<td>11 x 10-6 K-1<\/td>\n<\/tr>\n<tr>\n<td>Condutividade t\u00e9rmica<\/td>\n<td>29 W\/m-K<\/td>\n<\/tr>\n<tr>\n<td>Resistividade el\u00e9trica<\/td>\n<td>125 \u00c2\u00b5g\/cm<\/td>\n<\/tr>\n<tr>\n<td>Resist\u00eancia \u00e0 oxida\u00e7\u00e3o<\/td>\n<td>Excelente at\u00e9 1000\u00a1\u00abC<\/td>\n<\/tr>\n<\/tbody>\n<\/table>\n<p class=\"whitespace-pre-wrap\">O p\u00f3 de TiAl3 pode ser produzido atrav\u00e9s de v\u00e1rios m\u00e9todos, entre eles a atomiza\u00e7\u00e3o por g\u00e1s, o processo de eletrodo girat\u00f3rio de plasma (PREP) e a liga mec\u00e2nica. O tamanho, a morfologia, a composi\u00e7\u00e3o, a microestrutura e outras propriedades do p\u00f3 dependem do m\u00e9todo de produ\u00e7\u00e3o.<\/p>\n<p class=\"whitespace-pre-wrap\">O conte\u00fado de tit\u00e2nio est\u00e1 normalmente na faixa de 55-65 % em peso e alum\u00ednio \u00e9 o restante. Pequenas quantidades de cromo, ni\u00f3bio, carbono ou oxig\u00eanio podem estar presentes at\u00e9 no m\u00e1ximo 1%. A propor\u00e7\u00e3o de Ti:Al pode ser ajustada para otimisizar as propriedades.<\/p>\n<h3><strong>Propriedades do p\u00f3 TiAl3<\/strong><\/h3>\n<table>\n<thead>\n<tr>\n<th>Propriedade<\/th>\n<th>Valor<\/th>\n<\/tr>\n<\/thead>\n<tbody>\n<tr>\n<td>Densidade<\/td>\n<td>3,7-4,0 g\/cm3<\/td>\n<\/tr>\n<tr>\n<td>Ponto de Fus\u00e3o<\/td>\n<td>1350 \u00abC<\/td>\n<\/tr>\n<tr>\n<td>Condutividade t\u00e9rmica<\/td>\n<td>~20 W\/m-K<\/td>\n<\/tr>\n<tr>\n<td>Resistividade el\u00e9trica<\/td>\n<td>125-185 cm<\/td>\n<\/tr>\n<tr>\n<td>M\u00f3dulo de Young<\/td>\n<td>160-180 GPa<\/td>\n<\/tr>\n<tr>\n<td>Coeficiente de Poisson<\/td>\n<td>0.25-0.35<\/td>\n<\/tr>\n<tr>\n<td>Coeficiente de expans\u00e3o t\u00e9rmica<\/td>\n<td>11-13 x 10&lt;sup&gt;-6&lt;\/sup&gt;?\/\u00a1\u00abC<\/td>\n<\/tr>\n<\/tbody>\n<\/table>\n<p class=\"whitespace-pre-wrap\">Propriedades principais incluem baixa densidade em compara\u00e7\u00e3o com as ligas de tit\u00e2nio, alto ponto de fus\u00e3o, condutividade t\u00e9rmica moderada e reten\u00e7\u00e3o de resist\u00eancia e rigidez em altas temperaturas.<\/p>\n<h3><strong>Caracter\u00edsticas do p\u00f3 de TiAl3<\/strong><\/h3>\n<table>\n<thead>\n<tr>\n<th>Atributo<\/th>\n<th>Detalhes<\/th>\n<\/tr>\n<\/thead>\n<tbody>\n<tr>\n<td>Forma da part\u00edcula<\/td>\n<td>Predominantemente esf\u00e9rico<\/td>\n<\/tr>\n<tr>\n<td>Tamanho da part\u00edcula<\/td>\n<td>10 - 150 \u00b5m<\/td>\n<\/tr>\n<tr>\n<td>Capacidade de escoamento<\/td>\n<td>Bom<\/td>\n<\/tr>\n<tr>\n<td>Densidade Aparente<\/td>\n<td>~2,5 g\/cm\u00b3<\/td>\n<\/tr>\n<tr>\n<td>Densidade Batida<\/td>\n<td>~3,5 g\/cm3<\/td>\n<\/tr>\n<tr>\n<td>\u00c1rea da Superf\u00edcie<\/td>\n<td>0.1 a 0,3 m2\/g<\/td>\n<\/tr>\n<tr>\n<td>Pureza<\/td>\n<td>&gt;99,5%<\/td>\n<\/tr>\n<\/tbody>\n<\/table>\n<p class=\"whitespace-pre-wrap\">O p\u00f3 TiAl3 tem uma morfologia esf\u00e9rica com superf\u00edcie lisa, bom fluxo e caracter\u00edsticas de embalagem. Ele tem baixo oxig\u00eanio e nitrog\u00eanio para evitar fragiliza\u00e7\u00e3o.<\/p>\n<h2>Aplica\u00e7\u00f5es do p\u00f3 de TiAl3<\/h2>\n<p class=\"whitespace-pre-wrap\">Algunas das principais aplica\u00e7\u00f5es que aproveitam as propriedades do TiAl3 incluem:<\/p>\n<h3><strong>Aplica\u00e7\u00f5es do p\u00f3 TiAl3 em manufatura aditiva<\/strong><\/h3>\n<ul class=\"list-disc pl-8 space-y-2\">\n<li class=\"whitespace-normal\">O p\u00f3 TiAl3 \u00e9 utilizado em processos de fus\u00e3o de leito de p\u00f3 como fus\u00e3o seletiva a laser (SLM) e fus\u00e3o por feixe de el\u00e9trons (EBM) para fabricar componentes complexos de aluminieto de tit\u00e2nio para aeroespacial e automotivo.<\/li>\n<li class=\"whitespace-normal\">Tem menor reatividade e impress\u00e3o mais f\u00e1cil em rela\u00e7\u00e3o ao Ti6Al4V em AM de leito de p\u00f3. As pe\u00e7as de TiAl3 t\u00eam microestrutura fina e propriedades mec\u00e2nicas compar\u00e1veis \u00e0s ligas fundidas e forjadas.<\/li>\n<li class=\"whitespace-normal\">AM com TiAl3 permite projetos mais leves, redu\u00e7\u00e3o na contagem de pe\u00e7as e consolida\u00e7\u00e3o de conjuntos para p\u00e1s de turbinas, rodas de turbocompressor, componentes de escapamento, etc.<\/li>\n<\/ul>\n<h3><strong>Aplica\u00e7\u00f5es de p\u00f3 TiAl3 em pulveriza\u00e7\u00e3o t\u00e9rmica<\/strong><\/h3>\n<ul class=\"list-disc pl-8 space-y-2\">\n<li class=\"whitespace-normal\">Revestimentos de spray t\u00e9rmico de p\u00f3 de TiAl3 fornecem resist\u00eancia \u00e0 oxida\u00e7\u00e3o e corros\u00e3o a altas temperaturas em p\u00e1s de turbina, palhetas, latas de combust\u00e3o, etc.<\/li>\n<li class=\"whitespace-normal\">Tem uma capacidade de temperatura melhor do que as ligas de n\u00edquel e revestimentos de tit\u00e2nio. Revestimentos de TiAl3 podem operar a 700-900 \u00b0C.<\/li>\n<li class=\"whitespace-normal\">Revestimentos s\u00e3o aplicados via jato de plasma, oxicombust\u00edvel de alta velocidade (HVOF) ou processos de pulveriza\u00e7\u00e3o. A espessura t\u00edpica do revestimento \u00e9 de 150-500 microns.<\/li>\n<\/ul>\n<h3><strong>Aplica\u00e7\u00f5es de p\u00f3 de TiAl3 em revestimento a laser<\/strong><\/h3>\n<ul class=\"list-disc pl-8 space-y-2\">\n<li class=\"whitespace-normal\">O p\u00f3 de TiAl3 pode ser revestido a laser em substratos de liga de tit\u00e2nio ou n\u00edquel para formar uma camada de liga protetora de superf\u00edcie.<\/li>\n<li class=\"whitespace-normal\">A camada de revestimento proporciona melhor resist\u00eancia \u00e0 alta temperatura, resist\u00eancia \u00e0 oxida\u00e7\u00e3o e resist\u00eancia ao desgaste.<\/li>\n<li class=\"whitespace-normal\">O revestimento a laser \u00e9 usado em componentes de motores a jato e turbinas terrestres expostos a condi\u00e7\u00f5es de corros\u00e3o a quente.<\/li>\n<\/ul>\n<h2>Especifica\u00e7\u00f5es do P\u00f3 TiAl3<\/h2>\n<p class=\"whitespace-pre-wrap\">O p\u00f3 de TiAl3 est\u00e1 dispon\u00edvel em diversos graus padronizados que est\u00e3o em conformidade com especifica\u00e7\u00f5es como:<\/p>\n<h3><strong>Composi\u00e7\u00e3o de P\u00f3 de TiAl3<\/strong><\/h3>\n<table>\n<thead>\n<tr>\n<th>Grau<\/th>\n<th>Ti %p<\/th>\n<th>Peso at\u00f4mico %<\/th>\n<th>Outro<\/th>\n<\/tr>\n<\/thead>\n<tbody>\n<tr>\n<td>Ti-45Al-3Nb<\/td>\n<td>45%<\/td>\n<td>Equil\u00edbrio<\/td>\n<td>3% Ni<\/td>\n<\/tr>\n<tr>\n<td>Ti-55Al<\/td>\n<td>55%<\/td>\n<td>Equil\u00edbrio<\/td>\n<td>&#8211;<\/td>\n<\/tr>\n<tr>\n<td>Ti-62A<\/td>\n<td>62%<\/td>\n<td>Equil\u00edbrio<\/td>\n<td>&#8211;<\/td>\n<\/tr>\n<\/tbody>\n<\/table>\n<p class=\"whitespace-pre-wrap\">Composi\u00e7\u00e3o comuns s\u00e3o baseadas no teor de tit\u00e2nio, como Ti-45Al, Ti-55Al ou Ti-62Al, representando a porcentagem de peso do tit\u00e2nio. Pequenas quantidades de cromo ou ni\u00f3bio podem estar presentes.<\/p>\n<h3><strong>Distribui\u00e7\u00e3o do Tamanho de Part\u00edcula de P\u00f3 TiAl3<\/strong><\/h3>\n<table>\n<thead>\n<tr>\n<th>Tamanho da part\u00edcula<\/th>\n<th>Distribui\u00e7\u00e3o<\/th>\n<\/tr>\n<\/thead>\n<tbody>\n<tr>\n<td>-150 +45\u00c3\u2014m<\/td>\n<td>5% max<\/td>\n<\/tr>\n<tr>\n<td>-45 + 22 \u00c3\u2014 m<\/td>\n<td>40-60%<\/td>\n<\/tr>\n<tr>\n<td>-22 \u00c3\u00d7m<\/td>\n<td>Equil\u00edbrio<\/td>\n<\/tr>\n<\/tbody>\n<\/table>\n<p class=\"whitespace-pre-wrap\">As distribui\u00e7\u00f5es de tamanho t\u00edpicas para processos AM s\u00e3o centradas em torno de 22-45 \u00c3 \u00d7 m com res\u00edduos m\u00ednimos abaixo de 22 \u00c3 \u00d7 m. Tamanhos maiores de at\u00e9 150 \u00c3 \u00d7 m s\u00e3o usados para aspers\u00e3o t\u00e9rmica.<\/p>\n<h3><strong>Padr\u00f5es de P\u00f3 de TiAl3<\/strong><\/h3>\n<ul class=\"list-disc pl-8 space-y-2\">\n<li class=\"whitespace-normal\">ASTM B821 - Norma para prepara\u00e7\u00e3o de compactos e p\u00f3s de liga refrat\u00e1ria via t\u00e9cnicas de plasma<\/li>\n<li class=\"whitespace-normal\">AMS 4982 - P\u00f3 de consum\u00edveis, Tit\u00e2nio Alumin\u00eddeos, Atomizado por Plasma<\/li>\n<li class=\"whitespace-normal\">AMS 7008 - P\u00f3 de Liga de Tit\u00e2nio Alumineto para Revestimentos por Aspers\u00e3o T\u00e9rmica<\/li>\n<\/ul>\n<p class=\"whitespace-pre-wrap\">A manufatura de p\u00f3, amostragem, teste e aceita\u00e7\u00e3o seguem padr\u00f5es industriais para ligas refrat\u00e1rias e alumin\u00eddios de tit\u00e2nio.<\/p>\n<p class=\"whitespace-pre-wrap\">O p\u00f3 de TiAl3 tem algumas vantagens e desvantagens em compara\u00e7\u00e3o com outros p\u00f3s comumente usados:<\/p>\n<p class=\"whitespace-pre-wrap\"><strong>Compara\u00e7\u00e3o de P\u00f3 de TiAl3 com Outros P\u00f3s<\/strong><\/p>\n<table>\n<thead>\n<tr>\n<th>Par\u00e2metros<\/th>\n<th>TiAl3<\/th>\n<th>Ti6Al4V<\/th>\n<th>AlSi10Mg<\/th>\n<\/tr>\n<\/thead>\n<tbody>\n<tr>\n<td>Densidade<\/td>\n<td>Baixo<\/td>\n<td>Maior<\/td>\n<td>Baixo<\/td>\n<\/tr>\n<tr>\n<td>Resist\u00eancia a altas temperaturas<\/td>\n<td>Maior<\/td>\n<td>Baixo<\/td>\n<td>Muito menor<\/td>\n<\/tr>\n<tr>\n<td>Resist\u00eancia \u00e0 oxida\u00e7\u00e3o<\/td>\n<td>Excelente<\/td>\n<td>Moderada<\/td>\n<td>Pobre<\/td>\n<\/tr>\n<tr>\n<td>Condutividade t\u00e9rmica<\/td>\n<td>Maior<\/td>\n<td>Baixo<\/td>\n<td>Maior<\/td>\n<\/tr>\n<tr>\n<td>Custo<\/td>\n<td>Maior<\/td>\n<td>Baixo<\/td>\n<td>Baixo<\/td>\n<\/tr>\n<tr>\n<td>Viabilidade de fabrica\u00e7\u00e3o<\/td>\n<td>Mais dif\u00edcil<\/td>\n<td>Mais f\u00e1cil<\/td>\n<td>Mais f\u00e1cil<\/td>\n<\/tr>\n<tr>\n<td>APLICA\u00c7\u00d5ES<\/td>\n<td>Aeroespacial, automotivo<\/td>\n<td>Aeroespacial, biom\u00e9dica<\/td>\n<td>Automotivo, geral<\/td>\n<\/tr>\n<\/tbody>\n<\/table>\n<ul class=\"list-disc pl-8 space-y-2\">\n<li class=\"whitespace-normal\">TiAl3 possui resist\u00eancia maior do que ligas de tit\u00e2nio, como a Ti6Al4V, em temperaturas acima de 600 \u00a1\u00abC<\/li>\n<li class=\"whitespace-normal\">Ele oferece melhor resist\u00eancia \u00e0 oxida\u00e7\u00e3o em compara\u00e7\u00e3o com as ligas de tit\u00e2nio e alum\u00ednio<\/li>\n<li class=\"whitespace-normal\">Mais caro do que ligas de tit\u00e2nio devido ao alto teor de alum\u00ednio<\/li>\n<li class=\"whitespace-normal\">N\u00e3o t\u00e3o facilmente usinado ou formado como ligas de tit\u00e2nio em temperatura ambiente<\/li>\n<li class=\"whitespace-normal\">Mais adequado para aplica\u00e7\u00f5es estruturais de alta temperatura<\/li>\n<\/ul>\n<p class=\"whitespace-pre-wrap\">Ao entender onde o TiAl3 supera ou n\u00e3o atende em compara\u00e7\u00e3o com outros sistemas de ligas, as aplica\u00e7\u00f5es ideais podem ser identificadas para alavancar suas vantagens.<\/p>\n<h2>Fornecedores de p\u00f3 TiAl3<\/h2>\n<p class=\"whitespace-pre-wrap\">O p\u00f3 de TiAl3 est\u00e1 dispon\u00edvel comercialmente de v\u00e1rios fornecedores globalmente. Alguns dos principais fabricantes s\u00e3o:<\/p>\n<p class=\"whitespace-pre-wrap\"><strong>Fabricantes de p\u00f3 de TiAl3<\/strong><\/p>\n<table>\n<thead>\n<tr>\n<th>Empresa<\/th>\n<th>Classes de Produto<\/th>\n<th>Local<\/th>\n<\/tr>\n<\/thead>\n<tbody>\n<tr>\n<td>AMETEK<\/td>\n<td>TiAl3-100A, TiAl3-500<\/td>\n<td>EUA<\/td>\n<\/tr>\n<tr>\n<td>AP&amp;C<\/td>\n<td>TiAl3-230, TiAl3-360<\/td>\n<td>Canad\u00e1<\/td>\n<\/tr>\n<tr>\n<td>Sandvik<\/td>\n<td>P\u00f3 TiAl3 Osprey<\/td>\n<td>Su\u00e9cia<\/td>\n<\/tr>\n<tr>\n<td>TLS Technik<\/td>\n<td>TiAl3-100A<\/td>\n<td>Alemanha<\/td>\n<\/tr>\n<tr>\n<td>Praxair<\/td>\n<td>TiAl3-100A<\/td>\n<td>EUA<\/td>\n<\/tr>\n<\/tbody>\n<\/table>\n<p class=\"whitespace-pre-wrap\"><strong>Pre\u00e7o do TiAl3 em P\u00f3<\/strong><\/p>\n<table>\n<thead>\n<tr>\n<th>Grau<\/th>\n<th>Tamanho da part\u00edcula<\/th>\n<th>Intervalo de Pre\u00e7os<\/th>\n<\/tr>\n<\/thead>\n<tbody>\n<tr>\n<td>TiAl3-100A<\/td>\n<td>15-45 \u00c3\u2026m<\/td>\n<td>$450-$550\/kg translates to \"450 a 550 d\u00f3lares por quilograma.\"<\/td>\n<\/tr>\n<tr>\n<td>TiAl3-230<\/td>\n<td>45-180 \u00c3\ufffdm<\/td>\n<td>350 a 450 $\/kg<\/td>\n<\/tr>\n<tr>\n<td>TiAl3-500<\/td>\n<td>10-45 \u03bcm<\/td>\n<td>$500-$600\/kg<\/td>\n<\/tr>\n<\/tbody>\n<\/table>\n<p class=\"whitespace-pre-wrap\">Pre\u00e7os dependem do volume de compra, n\u00edveis de pureza, distribui\u00e7\u00e3o de tamanho de part\u00edculas e morfologia. Composi\u00e7\u00f5es de ligas personalizadas tamb\u00e9m s\u00e3o poss\u00edveis, mas mais caras.<\/p>\n<h2>FAQs<\/h2>\n<p class=\"whitespace-pre-wrap\"><strong>P: Quais m\u00e9todos podem ser usados para produzir p\u00f3 TiAl3?<\/strong><\/p>\n<p class=\"whitespace-pre-wrap\">R: Os principais m\u00e9todos de produ\u00e7\u00e3o s\u00e3o atomiza\u00e7\u00e3o a g\u00e1s, processo de eletrodo rotativo de plasma e liga mec\u00e2nica. Cada m\u00e9todo resulta em caracter\u00edsticas de p\u00f3 diferentes, adequadas para diferentes aplica\u00e7\u00f5es.<\/p>\n<p class=\"whitespace-pre-wrap\"><strong>P: TiAl3 \u00e9 compat\u00edvel com ligas de tit\u00e2nio?<\/strong><\/p>\n<p class=\"whitespace-pre-wrap\">A: TiAl3 tem solubilidade s\u00f3lida muito limitada em ligas de tit\u00e2nio como Ti6Al4V. N\u00e3o \u00e9 recomend\u00e1vel misturar p\u00f3 de TiAl3 com p\u00f3s de liga de tit\u00e2nio devido \u00e0 forma\u00e7\u00e3o de fases intermet\u00e1licas fr\u00e1geis.<\/p>\n<p class=\"whitespace-pre-wrap\"><strong>P: Quais elementos de liga podem ser adicionados ao TiAl3?<\/strong><\/p>\n<p class=\"whitespace-pre-wrap\">A: Elementos como Nb, Cr, Ni, Cu foram ligados com TiAl3 para modificar a microestrutura e propriedades mec\u00e2nicas. No entanto, ligas excessivas podem impactar negativamente a resist\u00eancia \u00e0 oxida\u00e7\u00e3o.<\/p>\n<p class=\"whitespace-pre-wrap\"><strong>Q: Qual \u00e9 a diferen\u00e7a entre o p\u00f3 de TiAl3 PREP e o de \u00e1tomos gasosos?<\/strong><\/p>\n<p class=\"whitespace-pre-wrap\">R: Os p\u00f3s PREP t\u00eam part\u00edculas finas e esf\u00e9ricas, ideais para fabrica\u00e7\u00e3o de aditivos, ao passo que o p\u00f3 atomizado a g\u00e1s possui part\u00edculas um pouco mais grosseiras, mais econ\u00f4micas, apropriadas para prensagem e sinteriza\u00e7\u00e3o.<\/p>\n<p class=\"whitespace-pre-wrap\"><strong>P: Quais precau\u00e7\u00f5es devem ser tomadas ao manusear o p\u00f3 TiAl3?<\/strong><\/p>\n<p class=\"whitespace-pre-wrap\">R: O p\u00f3 de TiAl3 \u00e9 inflam\u00e1vel e propenso \u00e0 oxida\u00e7\u00e3o. EPI apropriado deve ser usado e o manuseio deve ocorrer em atmosfera inerte para prevenir contamina\u00e7\u00e3o. A umidade e a exposi\u00e7\u00e3o ao oxig\u00eanio degradam a qualidade do p\u00f3.<\/p>\n<h2>Conclus\u00e3o<\/h2>\n<p class=\"whitespace-pre-wrap\">Em resumo, TiAl3 \u00e9 um importante material intermet\u00e1lico de alta temperatura dispon\u00edvel na forma de p\u00f3 para diversas aplica\u00e7\u00f5es. Suas propriedades, como baixa densidade, resist\u00eancia e resist\u00eancia \u00e0 oxida\u00e7\u00e3o em temperaturas elevadas, o tornam adequado para as ind\u00fastrias aeroespacial, automotiva e de energia. O manuseio, o armazenamento e o teste adequados do p\u00f3 s\u00e3o essenciais para alcan\u00e7ar as propriedades finais da pe\u00e7a. O TiAl3 oferece vantagens sobre as ligas de tit\u00e2nio convencionais para casos de uso estrutural de alta temperatura, apesar de algumas limita\u00e7\u00f5es na usinagem e ductilidade em temperatura ambiente. A pesquisa em andamento visa melhorar ainda mais o material por meio de adi\u00e7\u00f5es de ligas e t\u00e9cnicas de processamento inovadoras.<\/p>\n<p><\/span><\/span><\/p>","protected":false},"excerpt":{"rendered":"<p>O p\u00f3 TiAl3 \u00e9 um composto intermet\u00e1lico composto por tit\u00e2nio e alum\u00ednio. \u00c9 leve, resistente \u00e0 oxida\u00e7\u00e3o e pode suportar temperaturas elevadas. Isto torna-o adequado para utiliza\u00e7\u00e3o na ind\u00fastria aeroespacial, autom\u00f3vel, energia e outras aplica\u00e7\u00f5es de elevado desempenho. Algumas das principais propriedades e caracter\u00edsticas do p\u00f3 de TiAl3: Propriedades e caracter\u00edsticas do p\u00f3 de TiAl3 F\u00f3rmula qu\u00edmica TiAl3 Densidade 3,4 g\/cm3...<\/p>","protected":false},"featured_media":1960,"parent":0,"template":"","meta":{"_acf_changed":false,"_kad_blocks_custom_css":"","_kad_blocks_head_custom_js":"","_kad_blocks_body_custom_js":"","_kad_blocks_footer_custom_js":"","_kad_post_transparent":"","_kad_post_title":"","_kad_post_layout":"","_kad_post_sidebar_id":"","_kad_post_content_style":"","_kad_post_vertical_padding":"","_kad_post_feature":"","_kad_post_feature_position":"","_kad_post_header":false,"_kad_post_footer":false,"_kad_post_classname":""},"product-category":[119,128],"class_list":["post-3949","product","type-product","status-publish","has-post-thumbnail","hentry","product-category-3d-printing-metal-powder","product-category-imcintermetallic-compound-powder"],"acf":[],"taxonomy_info":{"product-category":[{"value":119,"label":"3D Printing Metal Powder"},{"value":128,"label":"IMC(Intermetallic Compound Powder)"}]},"featured_image_src_large":["https:\/\/3dpmetal.com\/wp-content\/uploads\/2024\/02\/TC18.jpg",600,600,false],"author_info":[],"comment_info":"","_links":{"self":[{"href":"https:\/\/3dpmetal.com\/pt\/wp-json\/wp\/v2\/product\/3949","targetHints":{"allow":["GET"]}}],"collection":[{"href":"https:\/\/3dpmetal.com\/pt\/wp-json\/wp\/v2\/product"}],"about":[{"href":"https:\/\/3dpmetal.com\/pt\/wp-json\/wp\/v2\/types\/product"}],"wp:featuredmedia":[{"embeddable":true,"href":"https:\/\/3dpmetal.com\/pt\/wp-json\/wp\/v2\/media\/1960"}],"wp:attachment":[{"href":"https:\/\/3dpmetal.com\/pt\/wp-json\/wp\/v2\/media?parent=3949"}],"wp:term":[{"taxonomy":"product-category","embeddable":true,"href":"https:\/\/3dpmetal.com\/pt\/wp-json\/wp\/v2\/product-category?post=3949"}],"curies":[{"name":"wp","href":"https:\/\/api.w.org\/{rel}","templated":true}]}}