{"id":3950,"date":"2024-03-18T06:10:15","date_gmt":"2024-03-18T06:10:15","guid":{"rendered":"https:\/\/3dp.45612300.xyz\/product\/cocrfeni-powder\/"},"modified":"2024-03-18T06:10:15","modified_gmt":"2024-03-18T06:10:15","slug":"cocrfeni-powder","status":"publish","type":"product","link":"https:\/\/3dpmetal.com\/pt\/product\/cocrfeni-powder\/","title":{"rendered":"P\u00f3 de CoCrFeNi"},"content":{"rendered":"<p><span style=\"vertical-align: inherit;\"><span style=\"vertical-align: inherit;\"><\/p>\n<h2>Vis\u00e3o geral do p\u00f3 de CoCrFeNi<\/h2>\n<p class=\"whitespace-pre-wrap\">P\u00f3 CoCrFeNi, tamb\u00e9m conhecido como p\u00f3 CoCrFeNiMn ou p\u00f3 de liga de alta entropia (HEA), refere-se a um material composto por elementos de cobalto, cromo, ferro e n\u00edquel em propor\u00e7\u00f5es quase equimolares. Este novo p\u00f3 de liga exibe propriedades excepcionais em compara\u00e7\u00e3o com ligas convencionais e tem atra\u00eddo interesse significativo para v\u00e1rias aplica\u00e7\u00f5es.<\/p>\n<p class=\"whitespace-pre-wrap\">Algumas caracter\u00edsticas principais do p\u00f3 de CoCrFeNi incluem:<\/p>\n<ul class=\"list-disc pl-8 space-y-2\">\n<li class=\"whitespace-normal\">A alta entropia configuracional levou a uma excepcional resist\u00eancia, dureza, estabilidade t\u00e9rmica e resist\u00eancia \u00e0 corros\u00e3o<\/li>\n<li class=\"whitespace-normal\">Microestrutura de fase FCC de solu\u00e7\u00e3o s\u00f3lida \u00fanica<\/li>\n<li class=\"whitespace-normal\">Excelente combina\u00e7\u00e3o resist\u00eancia-ductilidade<\/li>\n<li class=\"whitespace-normal\">Alta tenacidade de fratura<\/li>\n<li class=\"whitespace-normal\">Boa usinagem e conformabilidade<\/li>\n<li class=\"whitespace-normal\">Resist\u00eancia ao amolecimento a temperaturas elevadas<\/li>\n<li class=\"whitespace-normal\">Personaliz\u00e1vel com pequenas adi\u00e7\u00f5es de elementos como mangan\u00eas<\/li>\n<\/ul>\n<p class=\"whitespace-pre-wrap\">A desordem \u00fanica no arranjo at\u00f4mico do CoCrFeNi proporciona um desempenho mec\u00e2nico superior. As concentra\u00e7\u00f5es quase iguais dos principais elementos dificultam o movimento da discord\u00e2ncia, melhorando a dureza. A estrutura multif\u00e1sica oferece refor\u00e7o da solu\u00e7\u00e3o s\u00f3lida por meio de efeitos de deforma\u00e7\u00e3o da rede.<\/p>\n<h3>Composi\u00e7\u00e3o do P\u00f3 de CoCrFeNi<\/h3>\n<p class=\"whitespace-pre-wrap\">A composi\u00e7\u00e3o do p\u00f3 CoCrFeNi HEA pode ser personalizada, mas geralmente consiste de:<\/p>\n<table>\n<thead>\n<tr>\n<th>Elemento<\/th>\n<th>Intervalo de composi\u00e7\u00e3o t\u00edpico<\/th>\n<\/tr>\n<\/thead>\n<tbody>\n<tr>\n<td>Cobalto (Co)<\/td>\n<td>20-35 at.%<\/td>\n<\/tr>\n<tr>\n<td>Cr\u00f3mio (Cr)<\/td>\n<td>20-35 at.%<\/td>\n<\/tr>\n<tr>\n<td>Ferro (Fe)<\/td>\n<td>20-35 at.%<\/td>\n<\/tr>\n<tr>\n<td>N\u00edquel (Ni)<\/td>\n<td>20-35 at.%<\/td>\n<\/tr>\n<\/tbody>\n<\/table>\n<p class=\"whitespace-pre-wrap\">A raz\u00e3o equiat\u00f4mica proporciona entropia m\u00e1xima de configura\u00e7\u00e3o, mas pequenos desvios n\u00e3o afetam significativamente as propriedades. Adi\u00e7\u00f5es de 1 a 2 at.% de mangan\u00eas s\u00e3o comuns para melhorar ainda mais as propriedades por meio de refino de gr\u00e3os e refor\u00e7o de precipita\u00e7\u00e3o.<\/p>\n<h3>Propriedades do p\u00f3 CoCrFeNi<\/h3>\n<p class=\"whitespace-pre-wrap\">O p\u00f3 de liga CoCrFeNi exibe uma combina\u00e7\u00e3o \u00fanica de excelentes propriedades:<\/p>\n<table>\n<thead>\n<tr>\n<th>Propriedade<\/th>\n<th>Valores<\/th>\n<\/tr>\n<\/thead>\n<tbody>\n<tr>\n<td>Densidade<\/td>\n<td>7,5-8,3 g\/cm3<\/td>\n<\/tr>\n<tr>\n<td>Ponto de Fus\u00e3o<\/td>\n<td>&gt;1200 a.C.<\/td>\n<\/tr>\n<tr>\n<td>Microdureza<\/td>\n<td>2,5 a 4 GPa<\/td>\n<\/tr>\n<tr>\n<td>Resist\u00eancia \u00e0 tra\u00e7\u00e3o final<\/td>\n<td>500-1300 MPa<\/td>\n<\/tr>\n<tr>\n<td>Resist\u00eancia ao escoamento<\/td>\n<td>200-1100 MPa<\/td>\n<\/tr>\n<tr>\n<td>Elonga\u00e7\u00e3o<\/td>\n<td>10-60%<\/td>\n<\/tr>\n<tr>\n<td>M\u00f3dulo de Young<\/td>\n<td>150-250 GPa<\/td>\n<\/tr>\n<tr>\n<td>M\u00f3dulo De Cisalhamento<\/td>\n<td>65-85 GPa<\/td>\n<\/tr>\n<tr>\n<td>Coeficiente de Poisson<\/td>\n<td>0.21-0.33<\/td>\n<\/tr>\n<tr>\n<td>Tenacidade \u00e0 fratura<\/td>\n<td>&gt;100 MPa\u00a9|m<\/td>\n<\/tr>\n<tr>\n<td>Condutividade t\u00e9rmica<\/td>\n<td>10-30 W\/mK<\/td>\n<\/tr>\n<tr>\n<td>Resistividade el\u00e9trica<\/td>\n<td>70-100 n\u00b4\u00cem<\/td>\n<\/tr>\n<tr>\n<td>Resist\u00eancia \u00e0 corros\u00e3o<\/td>\n<td>Excelente em v\u00e1rios ambientes<\/td>\n<\/tr>\n<\/tbody>\n<\/table>\n<p class=\"whitespace-pre-wrap\">A alta dureza surge do refor\u00e7o da solu\u00e7\u00e3o s\u00f3lida, enquanto a estrutura de FCC promove boa ductilidade. As propriedades podem ser ajustadas por meio de ajustes de composi\u00e7\u00e3o e processamento.<\/p>\n<h3>Caracter\u00edsticas do P\u00f3 CoCrFeNi<\/h3>\n<p class=\"whitespace-pre-wrap\">Algumas caracter\u00edsticas salientes do p\u00f3 da liga CoCrFeNi incluem:<\/p>\n<ul class=\"list-disc pl-8 space-y-2\">\n<li class=\"whitespace-normal\">Estrutura FCC monof\u00e1sica sem fases intermet\u00e1licas<\/li>\n<li class=\"whitespace-normal\">Presen\u00e7a de g\u00e9meos de recozimento e falhas de empilhamento<\/li>\n<li class=\"whitespace-normal\">Morfologia de p\u00f3 equi\u00e1xico com boa fluidez<\/li>\n<li class=\"whitespace-normal\">Distribui\u00e7\u00e3o de tamanho de p\u00f3 variando de 15-150 \u00c3\u2014m<\/li>\n<li class=\"whitespace-normal\">Alta pureza com baixo conte\u00fado de oxig\u00eanio<\/li>\n<li class=\"whitespace-normal\">Formato de p\u00f3 esf\u00e9rico e superf\u00edcie lisa<\/li>\n<li class=\"whitespace-normal\">Tamanho, formato e composi\u00e7\u00e3o de p\u00f3 personaliz\u00e1veis<\/li>\n<\/ul>\n<p class=\"whitespace-pre-wrap\">O p\u00f3 apresenta alta homogeneidade qu\u00edmica com distribui\u00e7\u00e3o uniforme dos elementos da liga. A morfologia esf\u00e9rica confere bom empacotamento e caracter\u00edsticas de escoamento.<\/p>\n<h2>Aplica\u00e7\u00f5es do P\u00f3 CoCrFeNi<\/h2>\n<p class=\"whitespace-pre-wrap\">A excepcional combina\u00e7\u00e3o de resist\u00eancia, tenacidade e processamento do p\u00f3 de CoCrFeNi o torna adequado para:<\/p>\n<p class=\"whitespace-pre-wrap\"><strong>Manufatura Aditiva:<\/strong> Excelente capacidade de impress\u00e3o devido \u00e0s boas caracter\u00edsticas de fluxo e fus\u00e3o. Usado para aeroespacial, ferramentas e implantes biom\u00e9dicos.<\/p>\n<p class=\"whitespace-pre-wrap\"><strong>Revestimentos de Proje\u00e7\u00e3o T\u00e9rmica:<\/strong> Resist\u00eancia ao desgaste, corros\u00e3o e amolecimento t\u00e9rmico. Revestimentos para aplica\u00e7\u00f5es mec\u00e2nicas, mar\u00edtimas e qu\u00edmicas.<\/p>\n<p class=\"whitespace-pre-wrap\"><strong>Desenvolvimento de Ligas:<\/strong> Material base para as novas ligas de alta entropia com adi\u00e7\u00f5es de Al, Ti, etc.<\/p>\n<p class=\"whitespace-pre-wrap\"><strong>Moldagem por Inje\u00e7\u00e3o de Metais:<\/strong> Pe\u00e7as de alta rigidez com boa estabilidade dimensional para avia\u00e7\u00e3o e automotivo.<\/p>\n<p class=\"whitespace-pre-wrap\"><strong>Metalurgia do P\u00f3:<\/strong> Pe\u00e7as de P\/M de alto desempenho com resist\u00eancia e ductilidade equilibradas.<\/p>\n<p class=\"whitespace-pre-wrap\"><strong>Aplica\u00e7\u00f5es Criog\u00eanicas:<\/strong> Manuten\u00e7\u00e3o de ductilidade e tenacidade em temperaturas abaixo de zero.<\/p>\n<h2>Especifica\u00e7\u00f5es sobre p\u00f3 CoCrFeNi<\/h2>\n<p class=\"whitespace-pre-wrap\">O p\u00f3 de liga CoCrFeNi est\u00e1 dispon\u00edvel em v\u00e1rias faixas de tamanho, composi\u00e7\u00f5es e formas:<\/p>\n<table>\n<thead>\n<tr>\n<th>Par\u00e2metros<\/th>\n<th>Variantes<\/th>\n<\/tr>\n<\/thead>\n<tbody>\n<tr>\n<td>Intervalo de tamanho<\/td>\n<td>15-25 \u00c3\u00b5m, 25-45 \u00c3\u00b5m, 45-75 \u00c3\u00b5m, 75-105 \u00c3\u00b5m, 105-150 \u00c3\u00b5m<\/td>\n<\/tr>\n<tr>\n<td>Composi\u00e7\u00e3o<\/td>\n<td>Raz\u00f5es elementares personalizadas e equiat\u00f4micas<\/td>\n<\/tr>\n<tr>\n<td>Formato de p\u00f3<\/td>\n<td>Esf\u00e9rica, irregular<\/td>\n<\/tr>\n<tr>\n<td>M\u00e9todo de produ\u00e7\u00e3o<\/td>\n<td>Atomiza\u00e7\u00e3o gasosa\/aquosa, liga mec\u00e2nica<\/td>\n<\/tr>\n<tr>\n<td>Formul\u00e1rio de fornecimento<\/td>\n<td>P\u00f3 solto, pr\u00e9-formas sinterizadas<\/td>\n<\/tr>\n<\/tbody>\n<\/table>\n<p class=\"whitespace-pre-wrap\">S\u00e3o preferidos tamanhos de p\u00f3 maiores de 45-150 \u00c3\u00d7m para pulveriza\u00e7\u00e3o t\u00e9rmica e moldagem por metal. Tamanhos mais finos de 15-45 \u00c3\u00d7m s\u00e3o usados para fabrica\u00e7\u00e3o aditiva. Os p\u00f3s podem ser personalizados em forma, tamanho, conte\u00fado de oxig\u00eanio e fluidez.<\/p>\n<h2>Fornecedores de P\u00f3 CoCrFeNi<\/h2>\n<p class=\"whitespace-pre-wrap\">Alguns dos principais fornecedores globais de p\u00f3 de liga de alta entropia CoCrFeNi incluem:<\/p>\n<table>\n<thead>\n<tr>\n<th>Empresa<\/th>\n<th>capacidade de produ\u00e7\u00e3o<\/th>\n<th>Local<\/th>\n<\/tr>\n<\/thead>\n<tbody>\n<tr>\n<td>Sandvik<\/td>\n<td>200 toneladas por ano<\/td>\n<td>Su\u00e9cia<\/td>\n<\/tr>\n<tr>\n<td>Praxair<\/td>\n<td>150 toneladas por ano<\/td>\n<td>EUA<\/td>\n<\/tr>\n<tr>\n<td>Hoganas<\/td>\n<td>100 toneladas por ano<\/td>\n<td>Su\u00e9cia<\/td>\n<\/tr>\n<tr>\n<td>CNP P\u00f3<\/td>\n<td>50 toneladas por ano<\/td>\n<td>China<\/td>\n<\/tr>\n<tr>\n<td>Carpenter Technologies<\/td>\n<td>40 toneladas por ano<\/td>\n<td>EUA<\/td>\n<\/tr>\n<\/tbody>\n<\/table>\n<p class=\"whitespace-pre-wrap\">Os p\u00f3s s\u00e3o geralmente produzidos por m\u00e9todos de atomiza\u00e7\u00e3o a g\u00e1s ou \u00e1gua. Misturas e tamanhos de p\u00f3s personalizados podem ser originados desses fornecedores.<\/p>\n<h3>pre\u00e7os<\/h3>\n<table>\n<thead>\n<tr>\n<th>Tamanho da part\u00edcula<\/th>\n<th>Intervalo de Pre\u00e7os<\/th>\n<\/tr>\n<\/thead>\n<tbody>\n<tr>\n<td>15 a 45 micron<\/td>\n<td>150-200 por kg<\/td>\n<\/tr>\n<tr>\n<td>45-105 m\u00edcrons<\/td>\n<td>$ 100-150 por kg<\/td>\n<\/tr>\n<tr>\n<td>105-150+ m\u00edcron<\/td>\n<td>$80 - 120 por kg<\/td>\n<\/tr>\n<\/tbody>\n<\/table>\n<p class=\"whitespace-pre-wrap\">Tamanhos de p\u00f3 maiores s\u00e3o mais baratos devido a maiores taxas de produ\u00e7\u00e3o na atomiza\u00e7\u00e3o. Ligas e composi\u00e7\u00f5es personalizadas t\u00eam pre\u00e7os mais altos. Os pre\u00e7os de p\u00f3 t\u00eam declinado devido ao aumento da concorr\u00eancia e capacidade de mercado.<\/p>\n<h2>Vantagens e Desvantagens de P\u00f3 CoCrFeNi<\/h2>\n<table>\n<thead>\n<tr>\n<th>Vantagens<\/th>\n<th>Limita\u00e7\u00f5es<\/th>\n<\/tr>\n<\/thead>\n<tbody>\n<tr>\n<td>For\u00e7a e dureza excepcionais<\/td>\n<td>Custos de material elevados devido a Co e Ni<\/td>\n<\/tr>\n<tr>\n<td>Excelente ductilidade e tenacidade<\/td>\n<td>Dados limitados sobre desempenho de longo prazo<\/td>\n<\/tr>\n<tr>\n<td>Boa fabricabilidade por FA, MIM, PM<\/td>\n<td>Processando desafios com controle microestrutural<\/td>\n<\/tr>\n<tr>\n<td>Estabilidade t\u00e9rmica e microestrutural<\/td>\n<td>A composi\u00e7\u00e3o deve ser controlada com precis\u00e3o<\/td>\n<\/tr>\n<tr>\n<td>Prote\u00e7\u00e3o contra corros\u00e3o e desgaste elevados<\/td>\n<td>Processamento mais baixo que ligas convencionais<\/td>\n<\/tr>\n<tr>\n<td>Mant\u00e9m a resist\u00eancia a temperaturas elevadas<\/td>\n<td>Frequentemente requer processamento posterior ao HIP<\/td>\n<\/tr>\n<\/tbody>\n<\/table>\n<p class=\"whitespace-pre-wrap\">O p\u00f3 CoCrFeNi HEA permite componentes com combina\u00e7\u00f5es de propriedades incompar\u00e1veis. Entretanto, os custos de material e processamento s\u00e3o altos. Microestrutura e propriedades dependem fortemente do controle preciso da composi\u00e7\u00e3o.<\/p>\n<h2>Compara\u00e7\u00f5es com Alternativas<\/h2>\n<p class=\"whitespace-pre-wrap\"><strong>Vs. P\u00f3s de a\u00e7o inoxid\u00e1vel<\/strong><\/p>\n<ul class=\"list-disc pl-8 space-y-2\">\n<li class=\"whitespace-normal\">Maior resist\u00eancia e dureza<\/li>\n<li class=\"whitespace-normal\">Resist\u00eancia superior ao desgaste e corros\u00e3o<\/li>\n<li class=\"whitespace-normal\">Custo mais caro do material de base<\/li>\n<li class=\"whitespace-normal\">Processo e soldabilidade mais baixos<\/li>\n<\/ul>\n<p class=\"whitespace-pre-wrap\"><strong>Contra p\u00f3s de a\u00e7os para ferramentas<\/strong><\/p>\n<ul class=\"list-disc pl-8 space-y-2\">\n<li class=\"whitespace-normal\">Melhor dutilidade e tenacidade \u00e0 fratura<\/li>\n<li class=\"whitespace-normal\">Baixa resist\u00eancia \u00e0 alta temperatura<\/li>\n<li class=\"whitespace-normal\">Methods de processamento menos estabelecidas<\/li>\n<li class=\"whitespace-normal\">Disponibilidade limitada de varia\u00e7\u00e3o de tamanho e liga<\/li>\n<\/ul>\n<p class=\"whitespace-pre-wrap\"><strong>Vs. P\u00f3s de superliga Inconel<\/strong><\/p>\n<ul class=\"list-disc pl-8 space-y-2\">\n<li class=\"whitespace-normal\">Resist\u00eancia compar\u00e1vel em altas temperaturas<\/li>\n<li class=\"whitespace-normal\">Material de menor custo<\/li>\n<li class=\"whitespace-normal\">Hist\u00f3rico de desempenho mais curto<\/li>\n<li class=\"whitespace-normal\">Estabilidade microestrutural restrita em temperaturas muito altas<\/li>\n<\/ul>\n<h2>FAQs<\/h2>\n<p class=\"whitespace-pre-wrap\"><strong>P: O que \u00e9 p\u00f3 de liga de alta entropia (HEA)?<\/strong><\/p>\n<p class=\"whitespace-pre-wrap\">R: O p\u00f3 HEA cont\u00e9m v\u00e1rios elementos principais em propor\u00e7\u00f5es quase equiat\u00f4micas para produzir propriedades excepcionais de resist\u00eancia, ductilidade e estabilidade. O p\u00f3 CoCrFeNi \u00e9 uma HEA principal.<\/p>\n<p class=\"whitespace-pre-wrap\"><strong>P: Quais s\u00e3o os tamanhos t\u00edpicos de p\u00f3 CoCrFeNi dispon\u00edveis?<\/strong><\/p>\n<p class=\"whitespace-pre-wrap\">A: Algumas das faixas de tamanhos comuns s\u00e3o 15-45 \u00c3m para AM, 45-105 \u00c3m para pulveriza\u00e7\u00e3o t\u00e9rmica e 105-150 \u00c3m para MIM e outras aplica\u00e7\u00f5es. Tamanhos mais finos e mais grosseiros podem ser personalizados.<\/p>\n<p class=\"whitespace-pre-wrap\"><strong>P: O que afeta o pre\u00e7o do p\u00f3 de liga CoCrFeNi?<\/strong><\/p>\n<p class=\"whitespace-pre-wrap\">A: O tamanho do p\u00f3, a composi\u00e7\u00e3o, a pureza, o m\u00e9todo de produ\u00e7\u00e3o e a quantidade do pedido determinam o pre\u00e7o. Tamanhos maiores de 100 \u00c3?m custam menos. Acr\u00e9scimos menores ou faixas de composi\u00e7\u00e3o mais justas aumentam o custo.<\/p>\n<p class=\"whitespace-pre-wrap\"><strong>P: Como se produz o p\u00f3 CoCrFeNi HEA?<\/strong><\/p>\n<p class=\"whitespace-pre-wrap\">R: As atomiza\u00e7\u00f5es a g\u00e1s e a \u00e1gua s\u00e3o os principais m\u00e9todos de produ\u00e7\u00e3o. O p\u00f3 pode tamb\u00e9m ser feito atrav\u00e9s de liga mec\u00e2nica ou criomolimento de lingotes pr\u00e9-ligados.<\/p>\n<p class=\"whitespace-pre-wrap\"><strong>P: Quais s\u00e3o algumas aplica\u00e7\u00f5es de exemplo do p\u00f3 CoCrFeNi?<\/strong><\/p>\n<p class=\"whitespace-pre-wrap\">R: Os principais usos s\u00e3o na fabrica\u00e7\u00e3o aditiva de ferramentas e componentes aeroespaciais, revestimentos de pulveriza\u00e7\u00e3o t\u00e9rmica para resist\u00eancia ao desgaste\/corros\u00e3o, desenvolvimento de ligas, moldagem por inje\u00e7\u00e3o de metal de pe\u00e7as automotivas e metalurgia do p\u00f3 de componentes de alto desempenho.<\/p>\n<p class=\"whitespace-pre-wrap\"><strong>P: Quais s\u00e3o as principais propriedades do p\u00f3 CoCrFeNi HEA?<\/strong><\/p>\n<p class=\"whitespace-pre-wrap\">R: Ele exibe uma combina\u00e7\u00e3o excepcional de alta resist\u00eancia, dureza, ductilidade, tenacidade \u00e0 fratura, estabilidade t\u00e9rmica e resist\u00eancia \u00e0 corros\u00e3o em compara\u00e7\u00e3o com ligas convencionais.<\/p>\n<p class=\"whitespace-pre-wrap\"><strong>P: Quais s\u00e3o as limita\u00e7\u00f5es do p\u00f3 CoCrFeNi?<\/strong><\/p>\n<p class=\"whitespace-pre-wrap\">A: Alta base de custos de material, desafios no processamento para controlar microestrutura, dados limitados de desempenho de longo prazo, menor soldabilidade em compara\u00e7\u00e3o com a\u00e7o s\u00e3o algumas desvantagens.<\/p>\n<p class=\"whitespace-pre-wrap\"><strong>P: Como \u00e9 que o p\u00f3 CoCrFeNi se compara com os a\u00e7os inoxid\u00e1veis e os a\u00e7os para ferramentas?<\/strong><\/p>\n<p class=\"whitespace-pre-wrap\">A: Tem uma resist\u00eancia e dureza muito maiores, mas menor processabilidade do que os a\u00e7os inoxid\u00e1veis. Comparado aos a\u00e7os de ferramentas, proporciona maior dureza e ductilidade \u00e0 fratura.<\/p>\n<p class=\"whitespace-pre-wrap\"><strong>P: O CoCrFeNi \u00e9 adequado para aplica\u00e7\u00f5es criog\u00eanicas?<\/strong><\/p>\n<p class=\"whitespace-pre-wrap\">R: Sim, ele ret\u00e9m boa ductilidade e tenacidade em temperaturas abaixo de zero, enquanto as ligas convencionais tornam-se fr\u00e1geis. Isso o torna \u00fatil para equipamentos criog\u00eanicos.<\/p>\n<p class=\"whitespace-pre-wrap\"><strong>P: A composi\u00e7\u00e3o do p\u00f3 CoCrFeNi pode ser personalizada?<\/strong><\/p>\n<p class=\"whitespace-pre-wrap\">R: Sim, fornecedores podem fornecer propor\u00e7\u00f5es elementares personalizadas al\u00e9m da composi\u00e7\u00e3o equimolar. Ajustes comuns s\u00e3o adi\u00e7\u00f5es de 1-2 at.% de Mn ou Co para ajustar as propriedades.<\/p>\n<p><\/span><\/span><\/p>","protected":false},"excerpt":{"rendered":"<p>Vis\u00e3o geral do p\u00f3 de CoCrFeNi O p\u00f3 de CoCrFeNi, tamb\u00e9m conhecido como p\u00f3 de CoCrFeNiMn ou p\u00f3 de liga de alta entropia (HEA), refere-se a um material composto por elementos de cobalto, cr\u00f3mio, ferro e n\u00edquel em propor\u00e7\u00f5es quase equat\u00f3micas. Esta nova liga em p\u00f3 apresenta propriedades excepcionais em compara\u00e7\u00e3o com as ligas convencionais e tem suscitado um interesse significativo para v\u00e1rias aplica\u00e7\u00f5es. Algumas das principais caracter\u00edsticas do...<\/p>","protected":false},"featured_media":1789,"parent":0,"template":"","meta":{"_acf_changed":false,"_kad_blocks_custom_css":"","_kad_blocks_head_custom_js":"","_kad_blocks_body_custom_js":"","_kad_blocks_footer_custom_js":"","_kad_post_transparent":"","_kad_post_title":"","_kad_post_layout":"","_kad_post_sidebar_id":"","_kad_post_content_style":"","_kad_post_vertical_padding":"","_kad_post_feature":"","_kad_post_feature_position":"","_kad_post_header":false,"_kad_post_footer":false,"_kad_post_classname":""},"product-category":[119,127],"class_list":["post-3950","product","type-product","status-publish","has-post-thumbnail","hentry","product-category-3d-printing-metal-powder","product-category-high-entropy-alloy-powder"],"acf":[],"taxonomy_info":{"product-category":[{"value":119,"label":"3D Printing Metal Powder"},{"value":127,"label":"High Entropy Alloy Powder"}]},"featured_image_src_large":["https:\/\/3dpmetal.com\/wp-content\/uploads\/2024\/02\/FeCoNiCrAl-powder.jpg",600,600,false],"author_info":[],"comment_info":"","_links":{"self":[{"href":"https:\/\/3dpmetal.com\/pt\/wp-json\/wp\/v2\/product\/3950","targetHints":{"allow":["GET"]}}],"collection":[{"href":"https:\/\/3dpmetal.com\/pt\/wp-json\/wp\/v2\/product"}],"about":[{"href":"https:\/\/3dpmetal.com\/pt\/wp-json\/wp\/v2\/types\/product"}],"wp:featuredmedia":[{"embeddable":true,"href":"https:\/\/3dpmetal.com\/pt\/wp-json\/wp\/v2\/media\/1789"}],"wp:attachment":[{"href":"https:\/\/3dpmetal.com\/pt\/wp-json\/wp\/v2\/media?parent=3950"}],"wp:term":[{"taxonomy":"product-category","embeddable":true,"href":"https:\/\/3dpmetal.com\/pt\/wp-json\/wp\/v2\/product-category?post=3950"}],"curies":[{"name":"wp","href":"https:\/\/api.w.org\/{rel}","templated":true}]}}