{"id":4284,"date":"2024-04-07T08:17:04","date_gmt":"2024-04-07T08:17:04","guid":{"rendered":"https:\/\/3dpmetal.com\/product\/inconel-625-powder%ef%be%98%ef%bd%adnickel-based-superalloy-in625-powder\/"},"modified":"2024-04-20T08:26:43","modified_gmt":"2024-04-20T08:26:43","slug":"inconel-625-powder%ef%be%98%ef%bd%adnickel-based-superalloy-in625-powder","status":"publish","type":"product","link":"https:\/\/3dpmetal.com\/pt\/product\/inconel-625-powder%ef%be%98%ef%bd%adnickel-based-superalloy-in625-powder\/","title":{"rendered":"Inconel 625 em p\u00f3 Superliga \u00e0 base de n\u00edquel in625 em p\u00f3"},"content":{"rendered":"<h2>Vis\u00e3o geral<\/h2>\n<p><a href=\"https:\/\/en.wikipedia.org\/wiki\/Metal_powder\" target=\"_blank\" rel=\"noopener\">P\u00f3 de Inconel 625<\/a> \u00e9 uma superliga \u00e0 base de n\u00edquel conhecida pela sua excecional resist\u00eancia \u00e0 corros\u00e3o, \u00e0s altas temperaturas e \u00e0 fissura\u00e7\u00e3o relacionada com o stress. Amplamente utilizado em aplica\u00e7\u00f5es industriais exigentes, este p\u00f3 oferece propriedades mec\u00e2nicas superiores, tornando-o ideal para componentes cr\u00edticos sujeitos a ambientes extremos.<\/p>\n<h2>Composi\u00e7\u00e3o<\/h2>\n<p>A composi\u00e7\u00e3o do p\u00f3 de Inconel 625 \u00e9 adaptada para melhorar o seu desempenho em condi\u00e7\u00f5es adversas. A composi\u00e7\u00e3o nominal inclui normalmente:<\/p>\n<table>\n<thead>\n<tr>\n<th>Elemento<\/th>\n<th>Peso %<\/th>\n<\/tr>\n<\/thead>\n<tbody>\n<tr>\n<td>N\u00edquel (Ni)<\/td>\n<td>\u226558<\/td>\n<\/tr>\n<tr>\n<td>Cr\u00f3mio (Cr)<\/td>\n<td>20-23<\/td>\n<\/tr>\n<tr>\n<td>Molibd\u00eanio (Mo)<\/td>\n<td>8-10<\/td>\n<\/tr>\n<tr>\n<td>Ferro (Fe)<\/td>\n<td>Equil\u00edbrio<\/td>\n<\/tr>\n<tr>\n<td>Ni\u00f3bio (Nb) + T\u00e2ntalo (Ta)<\/td>\n<td>3.15-4.15<\/td>\n<\/tr>\n<tr>\n<td>Tit\u00e2nio (Ti)<\/td>\n<td>\u22640.4<\/td>\n<\/tr>\n<tr>\n<td>Alum\u00ednio (Al)<\/td>\n<td>\u22640.4<\/td>\n<\/tr>\n<tr>\n<td>Mangan\u00eas (Mn)<\/td>\n<td>\u22640.5<\/td>\n<\/tr>\n<tr>\n<td>Sil\u00edcio (Si)<\/td>\n<td>\u22640.5<\/td>\n<\/tr>\n<tr>\n<td>Carbono (C)<\/td>\n<td>\u22640.1<\/td>\n<\/tr>\n<tr>\n<td>Enxofre (S)<\/td>\n<td>\u22640.015<\/td>\n<\/tr>\n<tr>\n<td>F\u00f3sforo (P)<\/td>\n<td>\u22640.015<\/td>\n<\/tr>\n<\/tbody>\n<\/table>\n<p>Os elementos de liga contribuem para as propriedades excepcionais da liga, incluindo a resist\u00eancia \u00e0 corros\u00e3o, a resist\u00eancia a altas temperaturas e a resist\u00eancia \u00e0 oxida\u00e7\u00e3o.<\/p>\n<h2>Propriedades<\/h2>\n<p>O p\u00f3 de Inconel 625 apresenta propriedades excepcionais, garantindo a sua adequa\u00e7\u00e3o a aplica\u00e7\u00f5es exigentes:<\/p>\n<table>\n<thead>\n<tr>\n<th>Propriedade<\/th>\n<th>Valor<\/th>\n<\/tr>\n<\/thead>\n<tbody>\n<tr>\n<td>Densidade<\/td>\n<td>\u22658,4 g\/cm\u00b3<\/td>\n<\/tr>\n<tr>\n<td>Resist\u00eancia \u00e0 tra\u00e7\u00e3o final<\/td>\n<td>\u2265760 MPa<\/td>\n<\/tr>\n<tr>\n<td>Resist\u00eancia ao escoamento<\/td>\n<td>\u2265345 MPa<\/td>\n<\/tr>\n<tr>\n<td>Elonga\u00e7\u00e3o<\/td>\n<td>\u226530%<\/td>\n<\/tr>\n<tr>\n<td>Dureza<\/td>\n<td>\u226430 HRC<\/td>\n<\/tr>\n<tr>\n<td>M\u00f3dulo de elasticidade<\/td>\n<td>\u2265200 GPa<\/td>\n<\/tr>\n<tr>\n<td>Ponto de Fus\u00e3o<\/td>\n<td>\u22481290\u00b0C<\/td>\n<\/tr>\n<tr>\n<td>Condutividade t\u00e9rmica<\/td>\n<td>\u224810,8 W\/m-K<\/td>\n<\/tr>\n<tr>\n<td>Resistividade el\u00e9trica<\/td>\n<td>\u2248129 \u00b5\u03a9-cm<\/td>\n<\/tr>\n<\/tbody>\n<\/table>\n<p>Estas propriedades tornam o p\u00f3 de Inconel 625 indispens\u00e1vel para componentes que requerem for\u00e7a, durabilidade e resist\u00eancia \u00e0 corros\u00e3o e a altas temperaturas.<\/p>\n<h2>APLICA\u00c7\u00d5ES<\/h2>\n<p>A versatilidade do p\u00f3 Inconel 625 torna-o indispens\u00e1vel em v\u00e1rios sectores:<\/p>\n<ul>\n<li>Componentes de motores de turbina a g\u00e1s<\/li>\n<li>Componentes aeroespaciais: l\u00e2minas de turbinas, condutas de motores<\/li>\n<li>Equipamento de processamento qu\u00edmico: recipientes de reactores, tubagens, permutadores de calor<\/li>\n<li>Ind\u00fastria do petr\u00f3leo e do g\u00e1s: equipamento de fundo de po\u00e7o, componentes para cabe\u00e7as de po\u00e7o<\/li>\n<li>Aplica\u00e7\u00f5es mar\u00edtimas: p\u00e1s de h\u00e9lices, veios, v\u00e1lvulas<\/li>\n<li>Reactores nucleares: componentes da barra de controlo, interior da cuba do reator<\/li>\n<li>Implantes m\u00e9dicos: implantes ortop\u00e9dicos, instrumentos cir\u00fargicos<\/li>\n<\/ul>\n<h2>Processo de fabrico aditivo<\/h2>\n<p>O p\u00f3 de Inconel 625 \u00e9 normalmente produzido atrav\u00e9s de processos de atomiza\u00e7\u00e3o de g\u00e1s ou atomiza\u00e7\u00e3o de plasma. A atomiza\u00e7\u00e3o de g\u00e1s envolve a desintegra\u00e7\u00e3o do metal fundido utilizando um fluxo de g\u00e1s inerte de alta press\u00e3o, produzindo p\u00f3s esf\u00e9ricos adequados para o fabrico aditivo. A atomiza\u00e7\u00e3o por plasma assegura uma elevada pureza e fluidez do p\u00f3.<\/p>\n<h2>Especifica\u00e7\u00f5es do p\u00f3<\/h2>\n<p>O p\u00f3 de Inconel 625 est\u00e1 dispon\u00edvel em v\u00e1rias especifica\u00e7\u00f5es para satisfazer diversos requisitos de aplica\u00e7\u00e3o:<\/p>\n<table>\n<thead>\n<tr>\n<th>Atributo<\/th>\n<th>Detalhes<\/th>\n<\/tr>\n<\/thead>\n<tbody>\n<tr>\n<td>Tamanhos de Part\u00edculas<\/td>\n<td>10-45 \u00b5m, 20-100 \u00b5m<\/td>\n<\/tr>\n<tr>\n<td>Morfologia<\/td>\n<td>Esf\u00e9rica, irregular<\/td>\n<\/tr>\n<tr>\n<td>Densidade Aparente<\/td>\n<td>3,5-4,5 g\/cm\u00b3<\/td>\n<\/tr>\n<tr>\n<td>Densidade Batida<\/td>\n<td>\u22654 g\/cm\u00b3<\/td>\n<\/tr>\n<tr>\n<td>Taxa de fluxo por corredor<\/td>\n<td>&lt;30 s\/50g<\/td>\n<\/tr>\n<tr>\n<td>Pureza<\/td>\n<td>\u226599%<\/td>\n<\/tr>\n<tr>\n<td>Teor de Oxig\u00eanio<\/td>\n<td>\u2264200 ppm<\/td>\n<\/tr>\n<tr>\n<td>Teor de humidade<\/td>\n<td>\u22640,2%<\/td>\n<\/tr>\n<\/tbody>\n<\/table>\n<p>Estas especifica\u00e7\u00f5es garantem a qualidade e a consist\u00eancia do p\u00f3 de Inconel 625, facilitando a sua utiliza\u00e7\u00e3o com \u00eaxito em processos de fabrico aditivo.<\/p>\n<h2>Normas e classifica\u00e7\u00f5es<\/h2>\n<p>O p\u00f3 de Inconel 625 est\u00e1 em conformidade com as normas relevantes do sector, incluindo a ASTM B443. Os graus equivalentes incluem UNS N06625 e Werkstoff No. 2.4856.<\/p>\n<h2>Controlo de qualidade<\/h2>\n<p>As medidas de controlo de qualidade para o p\u00f3 Inconel 625 incluem:<\/p>\n<ul>\n<li>An\u00e1lise qu\u00edmica: Assegurar a composi\u00e7\u00e3o correcta dos elementos de liga.<\/li>\n<li>An\u00e1lise do tamanho das part\u00edculas: Verifica\u00e7\u00e3o da distribui\u00e7\u00e3o granulom\u00e9trica desejada.<\/li>\n<li>Avalia\u00e7\u00e3o da morfologia do p\u00f3: Verifica\u00e7\u00e3o da forma esf\u00e9rica ou irregular das part\u00edculas.<\/li>\n<li>Teste de densidade: Medi\u00e7\u00e3o de densidades aparentes e de toque para efici\u00eancia de embalagem de p\u00f3.<\/li>\n<li>Avalia\u00e7\u00e3o da pureza: Verifica\u00e7\u00e3o do n\u00edvel de pureza para garantir as propriedades desejadas.<\/li>\n<li>An\u00e1lise do teor de oxig\u00e9nio e de humidade: Controlo para evitar a contamina\u00e7\u00e3o.<\/li>\n<\/ul>\n<h2>An\u00e1lise de custos<\/h2>\n<p>Os custos do p\u00f3 Inconel 625 variam em fun\u00e7\u00e3o de factores como o volume da encomenda, a gama de tamanhos das part\u00edculas, a morfologia do p\u00f3, os n\u00edveis de pureza e as margens do fabricante\/distribuidor.<\/p>\n<h2>Armazenamento e manuseamento de p\u00f3s<\/h2>\n<p>As pr\u00e1ticas adequadas de armazenamento e manuseamento s\u00e3o cruciais para manter a integridade do p\u00f3 Inconel 625:<\/p>\n<ul>\n<li>Conservar em recipientes fechados, em ambiente fresco e seco<\/li>\n<li>Utilizar purga com g\u00e1s inerte ou v\u00e1cuo para evitar a recolha de humidade<\/li>\n<li>Aterrar todo o equipamento de manuseamento e transfer\u00eancia de p\u00f3<\/li>\n<li>Utilizar EPI - m\u00e1scara, luvas, prote\u00e7\u00e3o ocular ao manusear o p\u00f3<\/li>\n<\/ul>\n<h2>Sa\u00fade e seguran\u00e7a<\/h2>\n<p>O p\u00f3 de Inconel 625 apresenta riscos m\u00ednimos para a sa\u00fade se for corretamente manuseado:<\/p>\n<ul>\n<li>Usar EPI adequado quando manusear p\u00f3<\/li>\n<li>Utilizar um aspirador com filtro HEPA para limpar o p\u00f3 e a poeira<\/li>\n<li>Evitar respirar os fumos de soldadura ou de fus\u00e3o<\/li>\n<li>Eliminar de acordo com os regulamentos ambientais locais<\/li>\n<\/ul>\n<h2>Perguntas Frequentes<\/h2>\n<ol>\n<li><strong>O p\u00f3 de Inconel 625 \u00e9 adequado para aplica\u00e7\u00f5es a alta temperatura?<\/strong> Sim, o p\u00f3 de Inconel 625 apresenta uma resist\u00eancia excecional a altas temperaturas, tornando-o adequado para utiliza\u00e7\u00e3o em componentes de motores de turbinas a g\u00e1s, aplica\u00e7\u00f5es aeroespaciais e muito mais.<\/li>\n<li><strong>Quais s\u00e3o os tamanhos t\u00edpicos de part\u00edculas dispon\u00edveis para o p\u00f3 de Inconel 625?<\/strong> Os tamanhos das part\u00edculas do p\u00f3 de Inconel 625 variam tipicamente entre 10-45 \u00b5m e 20-100 \u00b5m.<\/li>\n<li><strong>O p\u00f3 Inconel 625 necessita de armazenamento em atmosfera controlada?<\/strong> Embora n\u00e3o seja necessariamente necess\u00e1rio, o armazenamento do p\u00f3 de Inconel 625 em recipientes selados com g\u00e1s inerte pode ajudar a evitar a oxida\u00e7\u00e3o e a manter a integridade do p\u00f3.<\/li>\n<li><strong>Quais s\u00e3o as principais ind\u00fastrias que utilizam o p\u00f3 de Inconel 625?<\/strong> O p\u00f3 de Inconel 625 encontra aplica\u00e7\u00f5es em ind\u00fastrias como a aeroespacial, petr\u00f3leo e g\u00e1s, processamento qu\u00edmico, marinha, nuclear e m\u00e9dica.<\/li>\n<li><strong>O p\u00f3 de Inconel 625 pode ser utilizado em processos de fabrico aditivo?<\/strong> Sim, o p\u00f3 de Inconel 625 \u00e9 normalmente utilizado no fabrico aditivo para produzir componentes complexos com elevada resist\u00eancia e resist\u00eancia \u00e0 corros\u00e3o.<\/li>\n<li><strong>Quais s\u00e3o as principais considera\u00e7\u00f5es para o manuseamento seguro do p\u00f3 de Inconel 625?<\/strong> O armazenamento adequado em recipientes selados, a utiliza\u00e7\u00e3o de equipamento de prote\u00e7\u00e3o individual e o cumprimento das directrizes de manuseamento s\u00e3o essenciais para o manuseamento seguro do p\u00f3 Inconel 625.<\/li>\n<li><strong>O p\u00f3 de Inconel 625 \u00e9 recicl\u00e1vel?<\/strong> Sim, o p\u00f3 de Inconel 625 pode ser reciclado e reutilizado em processos de fabrico aditivo, desde que cumpra as normas de qualidade e esteja isento de contamina\u00e7\u00e3o.<\/li>\n<li><strong>Quais s\u00e3o os custos t\u00edpicos associados ao p\u00f3 de Inconel 625?<\/strong> Os custos do p\u00f3 de Inconel 625 variam com base em factores como o volume, a gama de tamanhos de part\u00edculas, os n\u00edveis de pureza e as condi\u00e7\u00f5es de mercado.<\/li>\n<\/ol>","protected":false},"excerpt":{"rendered":"<p>Vis\u00e3o geral O p\u00f3 Inconel 625 \u00e9 uma superliga \u00e0 base de n\u00edquel conhecida por sua excecional resist\u00eancia \u00e0 corros\u00e3o, altas temperaturas e rachaduras relacionadas ao estresse. Amplamente utilizado em aplica\u00e7\u00f5es industriais exigentes, este p\u00f3 oferece propriedades mec\u00e2nicas superiores, tornando-o ideal para componentes cr\u00edticos sujeitos a ambientes extremos. Composi\u00e7\u00e3o A composi\u00e7\u00e3o do p\u00f3 de Inconel 625 \u00e9 adaptada para melhorar o seu desempenho...<\/p>","protected":false},"featured_media":1736,"parent":0,"template":"","meta":{"_acf_changed":false,"_kad_blocks_custom_css":"","_kad_blocks_head_custom_js":"","_kad_blocks_body_custom_js":"","_kad_blocks_footer_custom_js":"","_kad_post_transparent":"","_kad_post_title":"","_kad_post_layout":"","_kad_post_sidebar_id":"","_kad_post_content_style":"","_kad_post_vertical_padding":"","_kad_post_feature":"","_kad_post_feature_position":"","_kad_post_header":false,"_kad_post_footer":false,"_kad_post_classname":""},"product-category":[120],"class_list":["post-4284","product","type-product","status-publish","has-post-thumbnail","hentry","product-category-high-temperature-alloy-powder"],"acf":[],"taxonomy_info":{"product-category":[{"value":120,"label":"High Temperature Alloy Powder"}]},"featured_image_src_large":["https:\/\/3dpmetal.com\/wp-content\/uploads\/2024\/02\/Inconel-625-Powder.jpg",600,600,false],"author_info":[],"comment_info":"","_links":{"self":[{"href":"https:\/\/3dpmetal.com\/pt\/wp-json\/wp\/v2\/product\/4284","targetHints":{"allow":["GET"]}}],"collection":[{"href":"https:\/\/3dpmetal.com\/pt\/wp-json\/wp\/v2\/product"}],"about":[{"href":"https:\/\/3dpmetal.com\/pt\/wp-json\/wp\/v2\/types\/product"}],"wp:featuredmedia":[{"embeddable":true,"href":"https:\/\/3dpmetal.com\/pt\/wp-json\/wp\/v2\/media\/1736"}],"wp:attachment":[{"href":"https:\/\/3dpmetal.com\/pt\/wp-json\/wp\/v2\/media?parent=4284"}],"wp:term":[{"taxonomy":"product-category","embeddable":true,"href":"https:\/\/3dpmetal.com\/pt\/wp-json\/wp\/v2\/product-category?post=4284"}],"curies":[{"name":"wp","href":"https:\/\/api.w.org\/{rel}","templated":true}]}}