{"id":4285,"date":"2024-04-07T08:17:04","date_gmt":"2024-04-07T08:17:04","guid":{"rendered":"https:\/\/3dpmetal.com\/product\/best-ti-6al-4v-powder-%ef%bd%a3%ef%bd%a8tc4-powder%ef%bd%a3%ef%bd%a9for-additive-manufacturing\/"},"modified":"2024-04-07T09:01:23","modified_gmt":"2024-04-07T09:01:23","slug":"best-ti-6al-4v-powder-%ef%bd%a3%ef%bd%a8tc4-powder%ef%bd%a3%ef%bd%a9for-additive-manufacturing","status":"publish","type":"product","link":"https:\/\/3dpmetal.com\/pt\/product\/best-ti-6al-4v-powder-%ef%bd%a3%ef%bd%a8tc4-powder%ef%bd%a3%ef%bd%a9for-additive-manufacturing\/","title":{"rendered":"O melhor p\u00f3 Ti-6Al-4V \uff63\uff68TC4 Powder\uff63\uff69 para fabrico aditivo"},"content":{"rendered":"<h2>Ti-6Al-4V em p\u00f3: Vis\u00e3o geral<\/h2>\n<p><a href=\"https:\/\/en.wikipedia.org\/wiki\/Metal_powder\" target=\"_blank\" rel=\"noopener\">P\u00f3 Ti-6Al-4V<\/a>O p\u00f3 de liga de tit\u00e2nio de grau 5, tamb\u00e9m conhecido como p\u00f3 de liga de tit\u00e2nio de grau 5, \u00e9 uma liga de tit\u00e2nio amplamente utilizada, conhecida pela sua excelente rela\u00e7\u00e3o resist\u00eancia\/peso, resist\u00eancia \u00e0 corros\u00e3o e biocompatibilidade. Este p\u00f3 encontra aplica\u00e7\u00f5es extensivas em v\u00e1rias ind\u00fastrias, incluindo a aeroespacial, m\u00e9dica, autom\u00f3vel e mar\u00edtima, onde os materiais leves e de alta resist\u00eancia s\u00e3o essenciais.<\/p>\n<h2>Composi\u00e7\u00e3o<\/h2>\n<p>A composi\u00e7\u00e3o do p\u00f3 de Ti-6Al-4V \u00e9 meticulosamente concebida para otimizar as suas propriedades mec\u00e2nicas e o seu desempenho:<\/p>\n<table>\n<thead>\n<tr>\n<th>Elemento<\/th>\n<th>Peso %<\/th>\n<\/tr>\n<\/thead>\n<tbody>\n<tr>\n<td>Tit\u00e2nio (Ti)<\/td>\n<td>Equil\u00edbrio<\/td>\n<\/tr>\n<tr>\n<td>Alum\u00ednio (Al)<\/td>\n<td>5.5-6.5<\/td>\n<\/tr>\n<tr>\n<td>Van\u00e1dio (V)<\/td>\n<td>3.5-4.5<\/td>\n<\/tr>\n<\/tbody>\n<\/table>\n<p>Estes elementos de liga contribuem para as propriedades excepcionais do Ti-6Al-4V, incluindo elevada resist\u00eancia \u00e0 tra\u00e7\u00e3o, tenacidade e resist\u00eancia \u00e0 corros\u00e3o, tornando-o adequado para aplica\u00e7\u00f5es exigentes.<\/p>\n<h2>Propriedades<\/h2>\n<p>O p\u00f3 Ti-6Al-4V possui propriedades mec\u00e2nicas impressionantes, garantindo a sua adequa\u00e7\u00e3o a v\u00e1rias aplica\u00e7\u00f5es industriais:<\/p>\n<table>\n<thead>\n<tr>\n<th>Propriedade<\/th>\n<th>Valor<\/th>\n<\/tr>\n<\/thead>\n<tbody>\n<tr>\n<td>Densidade<\/td>\n<td>4,43 g\/cm\u00b3<\/td>\n<\/tr>\n<tr>\n<td>Resist\u00eancia \u00e0 tra\u00e7\u00e3o final<\/td>\n<td>950-1100 MPa<\/td>\n<\/tr>\n<tr>\n<td>Resist\u00eancia ao escoamento<\/td>\n<td>880-1000 MPa<\/td>\n<\/tr>\n<tr>\n<td>Elonga\u00e7\u00e3o<\/td>\n<td>10-15%<\/td>\n<\/tr>\n<tr>\n<td>Dureza<\/td>\n<td>36-44 HRC<\/td>\n<\/tr>\n<tr>\n<td>M\u00f3dulo de elasticidade<\/td>\n<td>114 GPa<\/td>\n<\/tr>\n<tr>\n<td>Ponto de Fus\u00e3o<\/td>\n<td>1668\u00b0C<\/td>\n<\/tr>\n<tr>\n<td>Condutividade t\u00e9rmica<\/td>\n<td>6,7 W\/m-K<\/td>\n<\/tr>\n<tr>\n<td>Resistividade el\u00e9trica<\/td>\n<td>0,125 \u00b5\u03a9-cm<\/td>\n<\/tr>\n<\/tbody>\n<\/table>\n<p>Estas propriedades fazem do p\u00f3 Ti-6Al-4V a escolha ideal para componentes que requerem elevada resist\u00eancia, design leve e resist\u00eancia a ambientes agressivos.<\/p>\n<h2>APLICA\u00c7\u00d5ES<\/h2>\n<p>O p\u00f3 de Ti-6Al-4V encontra aplica\u00e7\u00f5es generalizadas em diversos sectores:<\/p>\n<ul>\n<li>Componentes aeroespaciais: pe\u00e7as estruturais, estruturas de aeronaves, componentes de motores<\/li>\n<li>Implantes m\u00e9dicos: implantes ortop\u00e9dicos, implantes dent\u00e1rios, dispositivos prot\u00e9ticos<\/li>\n<li>Autom\u00f3vel: pe\u00e7as de motor, sistemas de escape, componentes de suspens\u00e3o<\/li>\n<li>Mar\u00edtimo: ferragens mar\u00edtimas, veios de h\u00e9lice, equipamento subaqu\u00e1tico<\/li>\n<li>Artigos desportivos: quadros de bicicletas, cabe\u00e7as de tacos de golfe, quadros de raquetes de t\u00e9nis<\/li>\n<\/ul>\n<p>A sua biocompatibilidade torna-o tamb\u00e9m adequado para implantes m\u00e9dicos, onde apresenta uma excelente osseointegra\u00e7\u00e3o e resist\u00eancia \u00e0 corros\u00e3o.<\/p>\n<h2>Processo de fabrico aditivo<\/h2>\n<p>O p\u00f3 de Ti-6Al-4V \u00e9 normalmente produzido atrav\u00e9s de processos de atomiza\u00e7\u00e3o de g\u00e1s ou atomiza\u00e7\u00e3o de plasma. A atomiza\u00e7\u00e3o de g\u00e1s envolve a fus\u00e3o da liga sob alta press\u00e3o e, em seguida, a atomiza\u00e7\u00e3o com g\u00e1s inerte para formar part\u00edculas de p\u00f3 esf\u00e9ricas. A atomiza\u00e7\u00e3o por plasma produz p\u00f3s finos e esf\u00e9ricos com elevada pureza, garantindo uma excelente fluidez e capacidade de embalagem durante os processos de fabrico de aditivos.<\/p>\n<h2>Especifica\u00e7\u00f5es do p\u00f3<\/h2>\n<p>O p\u00f3 de Ti-6Al-4V est\u00e1 dispon\u00edvel em v\u00e1rias especifica\u00e7\u00f5es para satisfazer os requisitos de aplica\u00e7\u00f5es espec\u00edficas:<\/p>\n<table>\n<thead>\n<tr>\n<th>Atributo<\/th>\n<th>Detalhes<\/th>\n<\/tr>\n<\/thead>\n<tbody>\n<tr>\n<td>Tamanhos de Part\u00edculas<\/td>\n<td>10-45 \u00b5m, 20-100 \u00b5m<\/td>\n<\/tr>\n<tr>\n<td>Morfologia<\/td>\n<td>Esf\u00e9rica, irregular<\/td>\n<\/tr>\n<tr>\n<td>Densidade Aparente<\/td>\n<td>4,43 g\/cm\u00b3<\/td>\n<\/tr>\n<tr>\n<td>Densidade Batida<\/td>\n<td>4,9-5,4 g\/cm\u00b3<\/td>\n<\/tr>\n<tr>\n<td>Taxa de fluxo por corredor<\/td>\n<td>&lt;30 s\/50g<\/td>\n<\/tr>\n<tr>\n<td>Pureza<\/td>\n<td>\u226599.5%<\/td>\n<\/tr>\n<tr>\n<td>Teor de Oxig\u00eanio<\/td>\n<td>\u22640,2%<\/td>\n<\/tr>\n<tr>\n<td>Teor de humidade<\/td>\n<td>\u22640,05%<\/td>\n<\/tr>\n<\/tbody>\n<\/table>\n<p>Estas especifica\u00e7\u00f5es garantem a qualidade e a consist\u00eancia do p\u00f3 de Ti-6Al-4V, permitindo a sua aplica\u00e7\u00e3o com \u00eaxito em processos de fabrico aditivo.<\/p>\n<h2>Normas e classifica\u00e7\u00f5es<\/h2>\n<p>O p\u00f3 de Ti-6Al-4V est\u00e1 em conformidade com as normas relevantes do sector, incluindo ASTM B348 e ASTM F136 para implantes m\u00e9dicos. Os graus equivalentes incluem AMS 4928 e AMS 4967.<\/p>\n<h2>Controlo de qualidade<\/h2>\n<p>As medidas de controlo de qualidade para o p\u00f3 de Ti-6Al-4V incluem:<\/p>\n<ul>\n<li>An\u00e1lise qu\u00edmica: Assegurar a composi\u00e7\u00e3o correcta dos elementos de liga.<\/li>\n<li>An\u00e1lise do tamanho das part\u00edculas: Verifica\u00e7\u00e3o da distribui\u00e7\u00e3o granulom\u00e9trica desejada.<\/li>\n<li>Avalia\u00e7\u00e3o da morfologia do p\u00f3: Verifica\u00e7\u00e3o da forma esf\u00e9rica ou irregular das part\u00edculas.<\/li>\n<li>Teste de densidade: Medi\u00e7\u00e3o de densidades aparentes e de toque para efici\u00eancia de embalagem de p\u00f3.<\/li>\n<li>Avalia\u00e7\u00e3o da pureza: Verifica\u00e7\u00e3o do n\u00edvel de pureza para garantir as propriedades desejadas.<\/li>\n<li>An\u00e1lise do teor de oxig\u00e9nio e de humidade: Controlo para evitar a contamina\u00e7\u00e3o.<\/li>\n<\/ul>\n<h2>An\u00e1lise de custos<\/h2>\n<p>Os custos do p\u00f3 de Ti-6Al-4V variam em fun\u00e7\u00e3o de factores como o volume da encomenda, a gama de tamanhos das part\u00edculas, a morfologia do p\u00f3, os n\u00edveis de pureza e as margens do fabricante\/distribuidor.<\/p>\n<h2>Armazenamento e manuseamento de p\u00f3s<\/h2>\n<p>As pr\u00e1ticas correctas de armazenamento e manuseamento s\u00e3o essenciais para manter a integridade do p\u00f3 de Ti-6Al-4V:<\/p>\n<ul>\n<li>Armazenar em recipientes fechados num ambiente fresco e seco.<\/li>\n<li>Utilizar purga com g\u00e1s inerte ou v\u00e1cuo para evitar a recolha de humidade.<\/li>\n<li>Aterrar todo o equipamento de manuseamento e transfer\u00eancia de p\u00f3.<\/li>\n<li>Utilizar equipamento de prote\u00e7\u00e3o individual (EPI) adequado ao manusear o p\u00f3.<\/li>\n<\/ul>\n<h2>Sa\u00fade e seguran\u00e7a<\/h2>\n<p>O p\u00f3 de Ti-6Al-4V apresenta riscos m\u00ednimos para a sa\u00fade se for corretamente manuseado:<\/p>\n<ul>\n<li>Usar EPI adequado ao manusear o p\u00f3.<\/li>\n<li>Utilizar um aspirador com filtro HEPA para limpar o p\u00f3 e a poeira.<\/li>\n<li>Evitar respirar os fumos de soldadura ou de fus\u00e3o.<\/li>\n<li>Eliminar de acordo com os regulamentos ambientais locais.<\/li>\n<\/ul>\n<h2>Perguntas Frequentes<\/h2>\n<ol>\n<li><strong>O p\u00f3 de Ti-6Al-4V \u00e9 adequado para aplica\u00e7\u00f5es aeroespaciais?<\/strong> Sim, o p\u00f3 de Ti-6Al-4V \u00e9 normalmente utilizado na ind\u00fastria aeroespacial para pe\u00e7as estruturais, estruturas de aeronaves e componentes de motores devido \u00e0 sua elevada rela\u00e7\u00e3o for\u00e7a\/peso e resist\u00eancia \u00e0 corros\u00e3o.<\/li>\n<li><strong>Quais s\u00e3o as principais vantagens do p\u00f3 de Ti-6Al-4V para implantes m\u00e9dicos?<\/strong> O p\u00f3 de Ti-6Al-4V oferece uma excelente biocompatibilidade, resist\u00eancia \u00e0 corros\u00e3o e osteointegra\u00e7\u00e3o, tornando-o ideal para implantes ortop\u00e9dicos e dent\u00e1rios.<\/li>\n<li><strong>O p\u00f3 de Ti-6Al-4V pode ser reciclado?<\/strong> Sim, o p\u00f3 de Ti-6Al-4V pode ser reciclado e reutilizado em processos de fabrico de aditivos, desde que cumpra as normas de qualidade e esteja isento de contamina\u00e7\u00e3o.<\/li>\n<li><strong>Quais s\u00e3o os custos t\u00edpicos associados ao p\u00f3 de Ti-6Al-4V?<\/strong> Os custos do p\u00f3 de Ti-6Al-4V variam em fun\u00e7\u00e3o de factores como o volume, a gama de tamanhos de part\u00edculas, os n\u00edveis de pureza e as condi\u00e7\u00f5es de mercado.<\/li>\n<li><strong>O p\u00f3 de Ti-6Al-4V \u00e9 compat\u00edvel com os processos de fabrico aditivo?<\/strong> Sim, o p\u00f3 de Ti-6Al-4V \u00e9 amplamente utilizado em processos de fabrico aditivo, como a fus\u00e3o selectiva por laser (SLM) e a fus\u00e3o por feixe de electr\u00f5es (EBM), para produzir componentes complexos com elevada resist\u00eancia e resist\u00eancia \u00e0 corros\u00e3o.<\/li>\n<\/ol>","protected":false},"excerpt":{"rendered":"<p>P\u00f3 de Ti-6Al-4V: Vis\u00e3o geral O p\u00f3 Ti-6Al-4V, tamb\u00e9m conhecido como p\u00f3 de liga de tit\u00e2nio de grau 5, \u00e9 uma liga de tit\u00e2nio amplamente utilizada, conhecida por sua excelente rela\u00e7\u00e3o resist\u00eancia-peso, resist\u00eancia \u00e0 corros\u00e3o e biocompatibilidade. Este p\u00f3 encontra aplica\u00e7\u00f5es extensivas em v\u00e1rias ind\u00fastrias, incluindo a aeroespacial, m\u00e9dica, autom\u00f3vel e mar\u00edtima, onde os materiais leves e de alta resist\u00eancia s\u00e3o essenciais. Composi\u00e7\u00e3o A composi\u00e7\u00e3o do p\u00f3 Ti-6Al-4V...<\/p>","protected":false},"featured_media":1774,"parent":0,"template":"","meta":{"_acf_changed":false,"_kad_blocks_custom_css":"","_kad_blocks_head_custom_js":"","_kad_blocks_body_custom_js":"","_kad_blocks_footer_custom_js":"","_kad_post_transparent":"","_kad_post_title":"","_kad_post_layout":"","_kad_post_sidebar_id":"","_kad_post_content_style":"","_kad_post_vertical_padding":"","_kad_post_feature":"","_kad_post_feature_position":"","_kad_post_header":false,"_kad_post_footer":false,"_kad_post_classname":""},"product-category":[123],"class_list":["post-4285","product","type-product","status-publish","has-post-thumbnail","hentry","product-category-titanium-based-alloy-powder"],"acf":[],"taxonomy_info":{"product-category":[{"value":123,"label":"Titanium Based Alloy Powder"}]},"featured_image_src_large":["https:\/\/3dpmetal.com\/wp-content\/uploads\/2024\/02\/TC4-ELI-Powder.jpg",600,600,false],"author_info":[],"comment_info":"","_links":{"self":[{"href":"https:\/\/3dpmetal.com\/pt\/wp-json\/wp\/v2\/product\/4285","targetHints":{"allow":["GET"]}}],"collection":[{"href":"https:\/\/3dpmetal.com\/pt\/wp-json\/wp\/v2\/product"}],"about":[{"href":"https:\/\/3dpmetal.com\/pt\/wp-json\/wp\/v2\/types\/product"}],"wp:featuredmedia":[{"embeddable":true,"href":"https:\/\/3dpmetal.com\/pt\/wp-json\/wp\/v2\/media\/1774"}],"wp:attachment":[{"href":"https:\/\/3dpmetal.com\/pt\/wp-json\/wp\/v2\/media?parent=4285"}],"wp:term":[{"taxonomy":"product-category","embeddable":true,"href":"https:\/\/3dpmetal.com\/pt\/wp-json\/wp\/v2\/product-category?post=4285"}],"curies":[{"name":"wp","href":"https:\/\/api.w.org\/{rel}","templated":true}]}}