{"id":4305,"date":"2024-04-07T08:17:24","date_gmt":"2024-04-07T08:17:24","guid":{"rendered":"https:\/\/3dpmetal.com\/product\/maraging-steel-350-powder\/"},"modified":"2024-04-08T01:17:43","modified_gmt":"2024-04-08T01:17:43","slug":"maraging-steel-350-powder","status":"publish","type":"product","link":"https:\/\/3dpmetal.com\/pt\/product\/maraging-steel-350-powder\/","title":{"rendered":"A\u00e7o Maraging 350 em p\u00f3"},"content":{"rendered":"<h2>P\u00f3 de a\u00e7o Maraging 350: Vis\u00e3o geral<\/h2>\n<p><a href=\"https:\/\/en.wikipedia.org\/wiki\/Maraging_steel\" target=\"_blank\" rel=\"noopener\">A\u00e7o Maraging<\/a> O p\u00f3 350 \u00e9 uma liga altamente conceituada, conhecida pela sua for\u00e7a, tenacidade e resist\u00eancia \u00e0 corros\u00e3o excepcionais. Amplamente utilizado nas ind\u00fastrias aeroespacial, de defesa e autom\u00f3vel, este p\u00f3 desempenha um papel crucial no fabrico de componentes que exigem elevada resist\u00eancia e fiabilidade.<\/p>\n<h2>Composi\u00e7\u00e3o<\/h2>\n<p>O p\u00f3 de a\u00e7o Maraging 350 \u00e9 meticulosamente fabricado com elementos de liga precisos para obter as suas propriedades excepcionais:<\/p>\n<table>\n<thead>\n<tr>\n<th>Elemento<\/th>\n<th>Peso %<\/th>\n<\/tr>\n<\/thead>\n<tbody>\n<tr>\n<td>Ferro (Fe)<\/td>\n<td>65.0<\/td>\n<\/tr>\n<tr>\n<td>N\u00edquel (Ni)<\/td>\n<td>17.0<\/td>\n<\/tr>\n<tr>\n<td>Cobalto (Co)<\/td>\n<td>8.0<\/td>\n<\/tr>\n<tr>\n<td>Molibd\u00eanio (Mo)<\/td>\n<td>4.8<\/td>\n<\/tr>\n<tr>\n<td>Tit\u00e2nio (Ti)<\/td>\n<td>1.4<\/td>\n<\/tr>\n<tr>\n<td>Alum\u00ednio (Al)<\/td>\n<td>0.10<\/td>\n<\/tr>\n<tr>\n<td>Carbono (C)<\/td>\n<td>\u22640.03<\/td>\n<\/tr>\n<tr>\n<td>Sil\u00edcio (Si)<\/td>\n<td>\u22640.10<\/td>\n<\/tr>\n<tr>\n<td>Mangan\u00eas (Mn)<\/td>\n<td>\u22640.10<\/td>\n<\/tr>\n<tr>\n<td>F\u00f3sforo (P)<\/td>\n<td>\u22640.01<\/td>\n<\/tr>\n<tr>\n<td>Enxofre (S)<\/td>\n<td>\u22640.01<\/td>\n<\/tr>\n<\/tbody>\n<\/table>\n<p>Estes elementos de liga funcionam em sinergia para aumentar a for\u00e7a, a tenacidade e a resist\u00eancia \u00e0 corros\u00e3o da liga.<\/p>\n<h2>Propriedades<\/h2>\n<p>O p\u00f3 de a\u00e7o Maraging 350 apresenta propriedades not\u00e1veis essenciais para aplica\u00e7\u00f5es exigentes:<\/p>\n<table>\n<thead>\n<tr>\n<th>Propriedade<\/th>\n<th>Valor<\/th>\n<\/tr>\n<\/thead>\n<tbody>\n<tr>\n<td>Densidade<\/td>\n<td>8,0 g\/cm\u00b3<\/td>\n<\/tr>\n<tr>\n<td>Resist\u00eancia \u00e0 tra\u00e7\u00e3o<\/td>\n<td>2070 MPa<\/td>\n<\/tr>\n<tr>\n<td>Resist\u00eancia ao escoamento<\/td>\n<td>1800 MPa<\/td>\n<\/tr>\n<tr>\n<td>Elonga\u00e7\u00e3o<\/td>\n<td>12%<\/td>\n<\/tr>\n<tr>\n<td>Dureza (HRC)<\/td>\n<td>52 HRC<\/td>\n<\/tr>\n<tr>\n<td>Ponto de Fus\u00e3o<\/td>\n<td>~1410\u00b0C<\/td>\n<\/tr>\n<\/tbody>\n<\/table>\n<p>Estas propriedades excepcionais tornam o a\u00e7o Maraging 350 em p\u00f3 adequado para uma vasta gama de aplica\u00e7\u00f5es que requerem elevada resist\u00eancia, tenacidade e resist\u00eancia \u00e0 corros\u00e3o.<\/p>\n<h2>APLICA\u00c7\u00d5ES<\/h2>\n<p>O p\u00f3 de a\u00e7o Maraging 350 encontra aplica\u00e7\u00f5es extensivas em v\u00e1rios sectores:<\/p>\n<ul>\n<li>Aeroespacial: componentes estruturais de aeronaves, caixas de motores de foguet\u00f5es<\/li>\n<li>Defesa: componentes de m\u00edsseis e sat\u00e9lites, blindagem<\/li>\n<li>Autom\u00f3vel: componentes de motores de alto desempenho, veios de transmiss\u00e3o<\/li>\n<li>Ferramentas: n\u00facleos de moldes de inje\u00e7\u00e3o, matrizes de extrus\u00e3o<\/li>\n<li>Medicina: instrumentos cir\u00fargicos, implantes ortop\u00e9dicos<\/li>\n<\/ul>\n<p>A sua combina\u00e7\u00e3o de propriedades superiores torna-o ideal para componentes cr\u00edticos sujeitos a grandes tens\u00f5es e ambientes exigentes.<\/p>\n<h2>Processo de fabrico aditivo<\/h2>\n<p>O p\u00f3 de Maraging Steel 350 \u00e9 normalmente produzido atrav\u00e9s de processos de atomiza\u00e7\u00e3o de g\u00e1s ou atomiza\u00e7\u00e3o de plasma, resultando em part\u00edculas esf\u00e9ricas adequadas para t\u00e9cnicas de fabrico aditivo, como a fus\u00e3o selectiva por laser (SLM) e a fus\u00e3o por feixe de electr\u00f5es (EBM).<\/p>\n<h2>Especifica\u00e7\u00f5es do p\u00f3<\/h2>\n<p>O p\u00f3 de a\u00e7o Maraging 350 est\u00e1 dispon\u00edvel em v\u00e1rias gamas de tamanhos, morfologias e n\u00edveis de qualidade, satisfazendo os requisitos de aplica\u00e7\u00f5es espec\u00edficas.<\/p>\n<h2>Normas e classifica\u00e7\u00f5es<\/h2>\n<p>O p\u00f3 de Maraging Steel 350 est\u00e1 em conformidade com as normas da ind\u00fastria, tais como AMS 6515 e MIL-S-46850, garantindo a sua qualidade e adequa\u00e7\u00e3o a diversas aplica\u00e7\u00f5es.<\/p>\n<h2>Controlo de qualidade<\/h2>\n<p>S\u00e3o implementadas medidas rigorosas de controlo de qualidade para o p\u00f3 de Maraging Steel 350, incluindo an\u00e1lise qu\u00edmica, an\u00e1lise do tamanho das part\u00edculas, avalia\u00e7\u00e3o da morfologia do p\u00f3, testes de densidade, avalia\u00e7\u00e3o da pureza e an\u00e1lise do teor de oxig\u00e9nio, para garantir consist\u00eancia e fiabilidade.<\/p>\n<h2>An\u00e1lise de custos<\/h2>\n<p>O custo do p\u00f3 de a\u00e7o Maraging 350 varia em fun\u00e7\u00e3o de v\u00e1rios factores, incluindo o volume da encomenda, a gama de tamanhos das part\u00edculas, a morfologia do p\u00f3, os n\u00edveis de pureza e as margens do fabricante\/distribuidor.<\/p>\n<h2>Armazenamento e manuseamento de p\u00f3s<\/h2>\n<p>As pr\u00e1ticas adequadas de armazenamento e manuseamento s\u00e3o imperativas para preservar a integridade do P\u00f3 de Maraging Steel 350, incluindo o armazenamento em contentores selados num ambiente controlado e a ades\u00e3o a protocolos de manuseamento adequados.<\/p>\n<h2>Sa\u00fade e seguran\u00e7a<\/h2>\n<p>O p\u00f3 de Maraging Steel 350 apresenta riscos m\u00ednimos para a sa\u00fade com um manuseamento adequado, sendo necess\u00e1ria a utiliza\u00e7\u00e3o de equipamento de prote\u00e7\u00e3o individual e a ades\u00e3o a protocolos de seguran\u00e7a durante o manuseamento e o processamento.<\/p>\n<h2>Perguntas Frequentes<\/h2>\n<ol>\n<li><strong>Quais s\u00e3o as principais vantagens do p\u00f3 de a\u00e7o Maraging 350?<\/strong> O P\u00f3 de A\u00e7o Maraging 350 oferece uma for\u00e7a, dureza e resist\u00eancia \u00e0 corros\u00e3o excepcionais, tornando-o adequado para uma vasta gama de aplica\u00e7\u00f5es exigentes nas ind\u00fastrias aeroespacial, de defesa e autom\u00f3vel.<\/li>\n<li><strong>O p\u00f3 de Maraging Steel 350 pode ser utilizado no fabrico aditivo?<\/strong> Sim, o p\u00f3 de Maraging Steel 350 \u00e9 normalmente utilizado em t\u00e9cnicas de fabrico aditivo, como a fus\u00e3o selectiva por laser (SLM) e a fus\u00e3o por feixe de electr\u00f5es (EBM), para produzir componentes complexos com elevada resist\u00eancia e fiabilidade.<\/li>\n<li><strong>O p\u00f3 de Maraging Steel 350 \u00e9 adequado para aplica\u00e7\u00f5es aeroespaciais?<\/strong> Sim, o p\u00f3 de a\u00e7o Maraging 350 \u00e9 adequado para aplica\u00e7\u00f5es aeroespaciais, incluindo componentes estruturais de aeronaves e caixas de motores de foguet\u00f5es, devido \u00e0 sua elevada resist\u00eancia e tenacidade.<\/li>\n<li><strong>Quais s\u00e3o os custos t\u00edpicos associados ao P\u00f3 de A\u00e7o Maraging 350?<\/strong> Os custos do p\u00f3 de a\u00e7o Maraging 350 variam com base em factores como o volume, a gama de tamanhos de part\u00edculas, os n\u00edveis de pureza e as condi\u00e7\u00f5es de mercado.<\/li>\n<\/ol>","protected":false},"excerpt":{"rendered":"<p>A\u00e7o Maraging 350 em p\u00f3: Vis\u00e3o geral O p\u00f3 de Maraging Steel 350 \u00e9 uma liga altamente conceituada, conhecida por sua excecional for\u00e7a, tenacidade e resist\u00eancia \u00e0 corros\u00e3o. Amplamente utilizado nas ind\u00fastrias aeroespacial, de defesa e autom\u00f3vel, este p\u00f3 desempenha um papel crucial no fabrico de componentes que requerem elevada resist\u00eancia e fiabilidade. A composi\u00e7\u00e3o do p\u00f3 de a\u00e7o Maraging 350 \u00e9 meticulosamente trabalhada com...<\/p>","protected":false},"featured_media":1845,"parent":0,"template":"","meta":{"_acf_changed":false,"_kad_blocks_custom_css":"","_kad_blocks_head_custom_js":"","_kad_blocks_body_custom_js":"","_kad_blocks_footer_custom_js":"","_kad_post_transparent":"","_kad_post_title":"","_kad_post_layout":"","_kad_post_sidebar_id":"","_kad_post_content_style":"","_kad_post_vertical_padding":"","_kad_post_feature":"","_kad_post_feature_position":"","_kad_post_header":false,"_kad_post_footer":false,"_kad_post_classname":""},"product-category":[119],"class_list":["post-4305","product","type-product","status-publish","has-post-thumbnail","hentry","product-category-3d-printing-metal-powder"],"acf":[],"taxonomy_info":{"product-category":[{"value":119,"label":"3D Printing Metal Powder"}]},"featured_image_src_large":["https:\/\/3dpmetal.com\/wp-content\/uploads\/2024\/02\/T15-Powder.jpg",600,600,false],"author_info":[],"comment_info":"","_links":{"self":[{"href":"https:\/\/3dpmetal.com\/pt\/wp-json\/wp\/v2\/product\/4305","targetHints":{"allow":["GET"]}}],"collection":[{"href":"https:\/\/3dpmetal.com\/pt\/wp-json\/wp\/v2\/product"}],"about":[{"href":"https:\/\/3dpmetal.com\/pt\/wp-json\/wp\/v2\/types\/product"}],"wp:featuredmedia":[{"embeddable":true,"href":"https:\/\/3dpmetal.com\/pt\/wp-json\/wp\/v2\/media\/1845"}],"wp:attachment":[{"href":"https:\/\/3dpmetal.com\/pt\/wp-json\/wp\/v2\/media?parent=4305"}],"wp:term":[{"taxonomy":"product-category","embeddable":true,"href":"https:\/\/3dpmetal.com\/pt\/wp-json\/wp\/v2\/product-category?post=4305"}],"curies":[{"name":"wp","href":"https:\/\/api.w.org\/{rel}","templated":true}]}}