{"id":4312,"date":"2024-04-07T08:17:24","date_gmt":"2024-04-07T08:17:24","guid":{"rendered":"https:\/\/3dpmetal.com\/product\/inconel-600-powder\/"},"modified":"2024-04-08T01:31:11","modified_gmt":"2024-04-08T01:31:11","slug":"inconel-600-powder","status":"publish","type":"product","link":"https:\/\/3dpmetal.com\/pt\/product\/inconel-600-powder\/","title":{"rendered":"Inconel 600 em p\u00f3"},"content":{"rendered":"<h2>Inconel 600 em p\u00f3: Vis\u00e3o geral<\/h2>\n<p><a href=\"https:\/\/en.wikipedia.org\/wiki\/Metal_powder\" target=\"_blank\" rel=\"noopener\">Inconel 600 em p\u00f3<\/a> \u00e9 altamente considerado pela sua excecional resist\u00eancia a altas temperaturas e \u00e0 corros\u00e3o, tornando-o um material valioso em v\u00e1rias ind\u00fastrias. A sua resist\u00eancia superior e fiabilidade em ambientes extremos fazem dele a escolha preferida para aplica\u00e7\u00f5es cr\u00edticas.<\/p>\n<h2>Composi\u00e7\u00e3o<\/h2>\n<p>O p\u00f3 de Inconel 600 \u00e9 constitu\u00eddo por elementos de liga precisos:<\/p>\n<table>\n<thead>\n<tr>\n<th>Elemento<\/th>\n<th>Peso %<\/th>\n<\/tr>\n<\/thead>\n<tbody>\n<tr>\n<td>N\u00edquel (Ni)<\/td>\n<td>72,0 min<\/td>\n<\/tr>\n<tr>\n<td>Cr\u00f3mio (Cr)<\/td>\n<td>14.0-17.0<\/td>\n<\/tr>\n<tr>\n<td>Ferro (Fe)<\/td>\n<td>6.0-10.0<\/td>\n<\/tr>\n<tr>\n<td>Cobre (Cu)<\/td>\n<td>\u22640.50<\/td>\n<\/tr>\n<tr>\n<td>Mangan\u00eas (Mn)<\/td>\n<td>\u22641.00<\/td>\n<\/tr>\n<tr>\n<td>Sil\u00edcio (Si)<\/td>\n<td>\u22640.50<\/td>\n<\/tr>\n<tr>\n<td>Carbono (C)<\/td>\n<td>\u22640.15<\/td>\n<\/tr>\n<\/tbody>\n<\/table>\n<h2>Propriedades<\/h2>\n<p>O p\u00f3 de Inconel 600 possui propriedades not\u00e1veis:<\/p>\n<table>\n<thead>\n<tr>\n<th>Propriedade<\/th>\n<th>Valor<\/th>\n<\/tr>\n<\/thead>\n<tbody>\n<tr>\n<td>Densidade<\/td>\n<td>8,47 g\/cm\u00b3<\/td>\n<\/tr>\n<tr>\n<td>Resist\u00eancia \u00e0 tra\u00e7\u00e3o<\/td>\n<td>550-690 MPa<\/td>\n<\/tr>\n<tr>\n<td>Resist\u00eancia ao escoamento<\/td>\n<td>240-310 MPa<\/td>\n<\/tr>\n<tr>\n<td>Elonga\u00e7\u00e3o<\/td>\n<td>30-35%<\/td>\n<\/tr>\n<tr>\n<td>Dureza (HRB)<\/td>\n<td>65-85 HRB<\/td>\n<\/tr>\n<tr>\n<td>Ponto de Fus\u00e3o<\/td>\n<td>~1350-1410\u00b0C<\/td>\n<\/tr>\n<tr>\n<td>Condutividade t\u00e9rmica<\/td>\n<td>14,9 W\/m-K<\/td>\n<\/tr>\n<tr>\n<td>Resistividade el\u00e9trica<\/td>\n<td>1,03 \u00b5\u03a9-m<\/td>\n<\/tr>\n<\/tbody>\n<\/table>\n<h2>APLICA\u00c7\u00d5ES<\/h2>\n<p>O Inconel 600 em p\u00f3 encontra aplica\u00e7\u00f5es extensivas nas ind\u00fastrias aeroespacial, de processamento qu\u00edmico, nuclear e mar\u00edtima para componentes como pe\u00e7as de motores a jato, componentes do n\u00facleo do reator e equipamento de perfura\u00e7\u00e3o offshore.<\/p>\n<h2>Processo de fabrico aditivo<\/h2>\n<p>O Inconel 600 em p\u00f3 \u00e9 produzido atrav\u00e9s de processos de atomiza\u00e7\u00e3o por g\u00e1s ou plasma, adequados para t\u00e9cnicas de fabrico aditivo como a fus\u00e3o selectiva por laser (SLM) e a fus\u00e3o por feixe de electr\u00f5es (EBM).<\/p>\n<h2>Especifica\u00e7\u00f5es do p\u00f3<\/h2>\n<p>Dispon\u00edvel em v\u00e1rias gamas de tamanhos, morfologias e n\u00edveis de qualidade, o Inconel 600 em p\u00f3 satisfaz os requisitos de aplica\u00e7\u00f5es espec\u00edficas.<\/p>\n<h2>Normas e classifica\u00e7\u00f5es<\/h2>\n<p>O Inconel 600 em p\u00f3 est\u00e1 em conformidade com as normas da ind\u00fastria, como a ASTM B e a AMS 4, garantindo a qualidade e a adequa\u00e7\u00e3o a diversas aplica\u00e7\u00f5es.<\/p>\n<h2>Controlo de qualidade<\/h2>\n<p>Medidas rigorosas de controlo de qualidade, incluindo an\u00e1lises qu\u00edmicas e de tamanho de part\u00edculas, garantem a consist\u00eancia e a fiabilidade do Inconel 600 em p\u00f3.<\/p>\n<h2>An\u00e1lise de custos<\/h2>\n<p>Os custos variam em fun\u00e7\u00e3o de factores como o volume, a gama de tamanhos de part\u00edculas e as condi\u00e7\u00f5es de mercado.<\/p>\n<h2>Armazenamento e manuseamento de p\u00f3s<\/h2>\n<p>O armazenamento adequado em recipientes selados e a ades\u00e3o a protocolos de manuseamento s\u00e3o cruciais para preservar a integridade do Inconel 600 em p\u00f3.<\/p>\n<h2>Sa\u00fade e seguran\u00e7a<\/h2>\n<p>Os riscos para a sa\u00fade associados ao p\u00f3 de Inconel 600 s\u00e3o m\u00ednimos, exigindo a utiliza\u00e7\u00e3o de equipamento de prote\u00e7\u00e3o individual durante o manuseamento e o processamento.<\/p>\n<h2>Perguntas Frequentes<\/h2>\n<ol>\n<li><strong>Quais s\u00e3o as principais vantagens do Inconel 600 em p\u00f3?<\/strong> O Inconel 600 em p\u00f3 oferece uma resist\u00eancia excecional a altas temperaturas e \u00e0 corros\u00e3o, tornando-o adequado para aplica\u00e7\u00f5es exigentes nas ind\u00fastrias aeroespacial, de processamento qu\u00edmico e nuclear.<\/li>\n<li><strong>O p\u00f3 de Inconel 600 pode ser utilizado no fabrico aditivo?<\/strong> Sim, o Inconel 600 em p\u00f3 \u00e9 normalmente utilizado em t\u00e9cnicas de fabrico aditivo, como a fus\u00e3o selectiva por laser (SLM) e a fus\u00e3o por feixe de electr\u00f5es (EBM), para produzir componentes com uma for\u00e7a superior e resist\u00eancia a ambientes extremos.<\/li>\n<li><strong>O p\u00f3 de Inconel 600 \u00e9 adequado para aplica\u00e7\u00f5es aeroespaciais?<\/strong> Sim, o Inconel 600 em p\u00f3 \u00e9 amplamente utilizado em aplica\u00e7\u00f5es aeroespaciais, incluindo componentes de motores a jato, motores de foguet\u00f5es e sistemas de escape de aeronaves, devido \u00e0 sua excelente resist\u00eancia a altas temperaturas e \u00e0 corros\u00e3o.<\/li>\n<li><strong>Quais s\u00e3o os custos t\u00edpicos associados ao Inconel 600 em p\u00f3?<\/strong> Os custos do p\u00f3 Inconel 600 variam com base em factores como o volume, a gama de tamanhos de part\u00edculas, a morfologia do p\u00f3, os n\u00edveis de pureza e as condi\u00e7\u00f5es de mercado.<\/li>\n<\/ol>","protected":false},"excerpt":{"rendered":"<p>Inconel 600 em p\u00f3: Vis\u00e3o geral O p\u00f3 Inconel 600 \u00e9 altamente considerado pela sua excecional resist\u00eancia a altas temperaturas e \u00e0 corros\u00e3o, tornando-o um material valioso em v\u00e1rias ind\u00fastrias. A sua resist\u00eancia superior e fiabilidade em ambientes extremos fazem dele a escolha preferida para aplica\u00e7\u00f5es cr\u00edticas. Composi\u00e7\u00e3o O Inconel 600 em p\u00f3 \u00e9 constitu\u00eddo por elementos de liga precisos: Elemento Peso %...<\/p>","protected":false},"featured_media":1740,"parent":0,"template":"","meta":{"_acf_changed":false,"_kad_blocks_custom_css":"","_kad_blocks_head_custom_js":"","_kad_blocks_body_custom_js":"","_kad_blocks_footer_custom_js":"","_kad_post_transparent":"","_kad_post_title":"","_kad_post_layout":"","_kad_post_sidebar_id":"","_kad_post_content_style":"","_kad_post_vertical_padding":"","_kad_post_feature":"","_kad_post_feature_position":"","_kad_post_header":false,"_kad_post_footer":false,"_kad_post_classname":""},"product-category":[119],"class_list":["post-4312","product","type-product","status-publish","has-post-thumbnail","hentry","product-category-3d-printing-metal-powder"],"acf":[],"taxonomy_info":{"product-category":[{"value":119,"label":"3D Printing Metal Powder"}]},"featured_image_src_large":["https:\/\/3dpmetal.com\/wp-content\/uploads\/2024\/02\/Pure-Titanium-Powder.jpg",600,600,false],"author_info":[],"comment_info":"","_links":{"self":[{"href":"https:\/\/3dpmetal.com\/pt\/wp-json\/wp\/v2\/product\/4312","targetHints":{"allow":["GET"]}}],"collection":[{"href":"https:\/\/3dpmetal.com\/pt\/wp-json\/wp\/v2\/product"}],"about":[{"href":"https:\/\/3dpmetal.com\/pt\/wp-json\/wp\/v2\/types\/product"}],"wp:featuredmedia":[{"embeddable":true,"href":"https:\/\/3dpmetal.com\/pt\/wp-json\/wp\/v2\/media\/1740"}],"wp:attachment":[{"href":"https:\/\/3dpmetal.com\/pt\/wp-json\/wp\/v2\/media?parent=4312"}],"wp:term":[{"taxonomy":"product-category","embeddable":true,"href":"https:\/\/3dpmetal.com\/pt\/wp-json\/wp\/v2\/product-category?post=4312"}],"curies":[{"name":"wp","href":"https:\/\/api.w.org\/{rel}","templated":true}]}}