{"id":4316,"date":"2024-04-07T08:17:24","date_gmt":"2024-04-07T08:17:24","guid":{"rendered":"https:\/\/3dpmetal.com\/product\/maraging-steel-c250-powder\/"},"modified":"2024-04-08T01:37:15","modified_gmt":"2024-04-08T01:37:15","slug":"maraging-steel-c250-powder","status":"publish","type":"product","link":"https:\/\/3dpmetal.com\/pt\/product\/maraging-steel-c250-powder\/","title":{"rendered":"A\u00e7o maraging C250 em p\u00f3"},"content":{"rendered":"<h2>A\u00e7o maraging C250 em p\u00f3: Vis\u00e3o geral<\/h2>\n<p><a href=\"https:\/\/en.wikipedia.org\/wiki\/Maraging_steel\" target=\"_blank\" rel=\"noopener\">A\u00e7o maraging C250 em p\u00f3<\/a> \u00e9 altamente considerado pela sua for\u00e7a excecional, tenacidade e resist\u00eancia \u00e0 corros\u00e3o, tornando-o um material valioso em v\u00e1rias ind\u00fastrias. A sua combina\u00e7\u00e3o \u00fanica de propriedades torna-o adequado para aplica\u00e7\u00f5es cr\u00edticas em que \u00e9 necess\u00e1rio um elevado desempenho.<\/p>\n<h2>Composi\u00e7\u00e3o<\/h2>\n<p>O p\u00f3 de a\u00e7o Maraging C250 \u00e9 meticulosamente formulado com elementos de liga precisos:<\/p>\n<table>\n<thead>\n<tr>\n<th>Elemento<\/th>\n<th>Peso %<\/th>\n<\/tr>\n<\/thead>\n<tbody>\n<tr>\n<td>Ferro (Fe)<\/td>\n<td>70.0 min<\/td>\n<\/tr>\n<tr>\n<td>N\u00edquel (Ni)<\/td>\n<td>17.0-19.0<\/td>\n<\/tr>\n<tr>\n<td>Cobalto (Co)<\/td>\n<td>8.0-10.0<\/td>\n<\/tr>\n<tr>\n<td>Molibd\u00eanio (Mo)<\/td>\n<td>3.0-5.0<\/td>\n<\/tr>\n<\/tbody>\n<\/table>\n<h2>Propriedades<\/h2>\n<p>O p\u00f3 de a\u00e7o Maraging C250 possui propriedades excepcionais:<\/p>\n<table>\n<thead>\n<tr>\n<th>Propriedade<\/th>\n<th>Valor<\/th>\n<\/tr>\n<\/thead>\n<tbody>\n<tr>\n<td>Densidade<\/td>\n<td>8,10 g\/cm\u00b3<\/td>\n<\/tr>\n<tr>\n<td>Resist\u00eancia \u00e0 tra\u00e7\u00e3o<\/td>\n<td>1900-2300 MPa<\/td>\n<\/tr>\n<tr>\n<td>Resist\u00eancia ao escoamento<\/td>\n<td>1700-2000 MPa<\/td>\n<\/tr>\n<tr>\n<td>Elonga\u00e7\u00e3o<\/td>\n<td>10-15%<\/td>\n<\/tr>\n<tr>\n<td>Dureza (HRC)<\/td>\n<td>48-53 HRC<\/td>\n<\/tr>\n<tr>\n<td>Ponto de Fus\u00e3o<\/td>\n<td>~1420\u00b0C<\/td>\n<\/tr>\n<tr>\n<td>Condutividade t\u00e9rmica<\/td>\n<td>21,6 W\/m-K<\/td>\n<\/tr>\n<tr>\n<td>Resistividade el\u00e9trica<\/td>\n<td>0,75 \u00b5\u03a9-m<\/td>\n<\/tr>\n<\/tbody>\n<\/table>\n<h2>APLICA\u00c7\u00d5ES<\/h2>\n<p>O p\u00f3 de a\u00e7o Maraging C250 encontra aplica\u00e7\u00f5es extensivas nas ind\u00fastrias aeroespacial, autom\u00f3vel e de ferramentas para componentes como pe\u00e7as estruturais de aeronaves, componentes de seguran\u00e7a autom\u00f3vel e ferramentas de alto desempenho.<\/p>\n<h2>Processo de fabrico aditivo<\/h2>\n<p>Produzido atrav\u00e9s de processos de atomiza\u00e7\u00e3o por g\u00e1s ou plasma, o p\u00f3 de a\u00e7o Maraging C250 \u00e9 adequado para t\u00e9cnicas de fabrico aditivo, como a fus\u00e3o selectiva por laser (SLM) e a fus\u00e3o por feixe de electr\u00f5es (EBM).<\/p>\n<h2>Especifica\u00e7\u00f5es do p\u00f3<\/h2>\n<p>Dispon\u00edvel em v\u00e1rias gamas de tamanhos, morfologias e n\u00edveis de qualidade, o p\u00f3 de a\u00e7o Maraging C250 satisfaz os requisitos de aplica\u00e7\u00f5es espec\u00edficas.<\/p>\n<h2>Normas e classifica\u00e7\u00f5es<\/h2>\n<p>O p\u00f3 de a\u00e7o Maraging C250 est\u00e1 em conformidade com as normas da ind\u00fastria, como a AMS 4676, garantindo a qualidade e a adequa\u00e7\u00e3o a diversas aplica\u00e7\u00f5es.<\/p>\n<h2>Controlo de qualidade<\/h2>\n<p>Medidas rigorosas de controlo de qualidade, incluindo an\u00e1lises qu\u00edmicas e granulom\u00e9tricas, garantem a consist\u00eancia e a fiabilidade do p\u00f3 de a\u00e7o Maraging C250.<\/p>\n<h2>An\u00e1lise de custos<\/h2>\n<p>O custo do p\u00f3 de a\u00e7o Maraging C250 varia em fun\u00e7\u00e3o de factores como o volume, a gama de tamanho das part\u00edculas e as condi\u00e7\u00f5es de mercado.<\/p>\n<h2>Armazenamento e manuseamento de p\u00f3s<\/h2>\n<p>O armazenamento adequado em recipientes selados e a ades\u00e3o aos protocolos de manuseamento s\u00e3o essenciais para manter a integridade do p\u00f3 de a\u00e7o Maraging C250.<\/p>\n<h2>Sa\u00fade e seguran\u00e7a<\/h2>\n<p>O p\u00f3 de Maraging Steel C250 apresenta riscos m\u00ednimos para a sa\u00fade, mas requer a utiliza\u00e7\u00e3o de equipamento de prote\u00e7\u00e3o individual durante o manuseamento e o processamento.<\/p>\n<h2>Perguntas Frequentes<\/h2>\n<ol>\n<li><strong>Quais s\u00e3o as principais vantagens do p\u00f3 de a\u00e7o Maraging C250?<\/strong> O a\u00e7o Maraging C250 em p\u00f3 oferece uma for\u00e7a, tenacidade e resist\u00eancia \u00e0 corros\u00e3o excepcionais, tornando-o adequado para aplica\u00e7\u00f5es de elevado desempenho nas ind\u00fastrias aeroespacial, autom\u00f3vel e de ferramentas.<\/li>\n<li><strong>O p\u00f3 de a\u00e7o Maraging C250 pode ser utilizado no fabrico aditivo?<\/strong> Sim, o p\u00f3 de a\u00e7o Maraging C250 \u00e9 normalmente utilizado em t\u00e9cnicas de fabrico aditivo, como a fus\u00e3o selectiva por laser (SLM) e a fus\u00e3o por feixe de electr\u00f5es (EBM), para produzir componentes com resist\u00eancia e desempenho superiores.<\/li>\n<li><strong>O p\u00f3 de a\u00e7o Maraging C250 \u00e9 adequado para aplica\u00e7\u00f5es aeroespaciais?<\/strong> Sim, o p\u00f3 de a\u00e7o Maraging C250 \u00e9 amplamente utilizado em aplica\u00e7\u00f5es aeroespaciais, incluindo pe\u00e7as estruturais de aeronaves e ferramentas de alto desempenho, devido \u00e0s suas excelentes propriedades de resist\u00eancia e tenacidade.<\/li>\n<li><strong>Quais s\u00e3o os custos t\u00edpicos associados ao p\u00f3 de a\u00e7o Maraging C250?<\/strong> Os custos do p\u00f3 de a\u00e7o Maraging C250 variam com base em factores como o volume, a gama de tamanhos de part\u00edculas, a morfologia do p\u00f3, os n\u00edveis de pureza e as condi\u00e7\u00f5es de mercado.<\/li>\n<\/ol>","protected":false},"excerpt":{"rendered":"<p>A\u00e7o Maraging C250 em p\u00f3: Vis\u00e3o geral O p\u00f3 de a\u00e7o Maraging C250 \u00e9 altamente considerado pela sua for\u00e7a excecional, tenacidade e resist\u00eancia \u00e0 corros\u00e3o, tornando-o um material valioso em v\u00e1rias ind\u00fastrias. A sua combina\u00e7\u00e3o \u00fanica de propriedades torna-o adequado para aplica\u00e7\u00f5es cr\u00edticas em que \u00e9 necess\u00e1rio um elevado desempenho. Composi\u00e7\u00e3o O p\u00f3 de a\u00e7o Maraging C250 \u00e9 meticulosamente formulado com...<\/p>","protected":false},"featured_media":1716,"parent":0,"template":"","meta":{"_acf_changed":false,"_kad_blocks_custom_css":"","_kad_blocks_head_custom_js":"","_kad_blocks_body_custom_js":"","_kad_blocks_footer_custom_js":"","_kad_post_transparent":"","_kad_post_title":"","_kad_post_layout":"","_kad_post_sidebar_id":"","_kad_post_content_style":"","_kad_post_vertical_padding":"","_kad_post_feature":"","_kad_post_feature_position":"","_kad_post_header":false,"_kad_post_footer":false,"_kad_post_classname":""},"product-category":[119],"class_list":["post-4316","product","type-product","status-publish","has-post-thumbnail","hentry","product-category-3d-printing-metal-powder"],"acf":[],"taxonomy_info":{"product-category":[{"value":119,"label":"3D Printing Metal Powder"}]},"featured_image_src_large":["https:\/\/3dpmetal.com\/wp-content\/uploads\/2024\/02\/in718-powder.jpg",600,600,false],"author_info":[],"comment_info":"","_links":{"self":[{"href":"https:\/\/3dpmetal.com\/pt\/wp-json\/wp\/v2\/product\/4316","targetHints":{"allow":["GET"]}}],"collection":[{"href":"https:\/\/3dpmetal.com\/pt\/wp-json\/wp\/v2\/product"}],"about":[{"href":"https:\/\/3dpmetal.com\/pt\/wp-json\/wp\/v2\/types\/product"}],"wp:featuredmedia":[{"embeddable":true,"href":"https:\/\/3dpmetal.com\/pt\/wp-json\/wp\/v2\/media\/1716"}],"wp:attachment":[{"href":"https:\/\/3dpmetal.com\/pt\/wp-json\/wp\/v2\/media?parent=4316"}],"wp:term":[{"taxonomy":"product-category","embeddable":true,"href":"https:\/\/3dpmetal.com\/pt\/wp-json\/wp\/v2\/product-category?post=4316"}],"curies":[{"name":"wp","href":"https:\/\/api.w.org\/{rel}","templated":true}]}}