{"id":4318,"date":"2024-04-07T08:17:24","date_gmt":"2024-04-07T08:17:24","guid":{"rendered":"https:\/\/3dpmetal.com\/product\/inconel-907-powder\/"},"modified":"2024-04-08T01:39:59","modified_gmt":"2024-04-08T01:39:59","slug":"inconel-907-powder","status":"publish","type":"product","link":"https:\/\/3dpmetal.com\/pt\/product\/inconel-907-powder\/","title":{"rendered":"Inconel 907 em p\u00f3"},"content":{"rendered":"<h2>Inconel 907 em p\u00f3: Vis\u00e3o geral<\/h2>\n<p><a href=\"https:\/\/en.wikipedia.org\/wiki\/Metal_powder\" target=\"_blank\" rel=\"noopener\">Inconel 907 em p\u00f3<\/a> \u00e9 muito apreciado pela sua for\u00e7a excecional, resist\u00eancia \u00e0 corros\u00e3o e estabilidade a altas temperaturas, tornando-o um material cr\u00edtico em v\u00e1rias ind\u00fastrias. A sua combina\u00e7\u00e3o \u00fanica de propriedades, incluindo elevada resist\u00eancia \u00e0 tra\u00e7\u00e3o e excelente resist\u00eancia \u00e0 corros\u00e3o, torna-o ideal para aplica\u00e7\u00f5es que requerem componentes de elevado desempenho em ambientes extremos.<\/p>\n<h2>Composi\u00e7\u00e3o<\/h2>\n<p>O p\u00f3 Inconel 907 \u00e9 meticulosamente fabricado com elementos de liga precisos:<\/p>\n<table>\n<thead>\n<tr>\n<th>Elemento<\/th>\n<th>Peso %<\/th>\n<\/tr>\n<\/thead>\n<tbody>\n<tr>\n<td>N\u00edquel (Ni)<\/td>\n<td>47.5-52.5<\/td>\n<\/tr>\n<tr>\n<td>Ferro (Fe)<\/td>\n<td>2.0-4.0<\/td>\n<\/tr>\n<tr>\n<td>Cr\u00f3mio (Cr)<\/td>\n<td>18.0-21.0<\/td>\n<\/tr>\n<tr>\n<td>Cobalto (Co)<\/td>\n<td>15.0-17.0<\/td>\n<\/tr>\n<tr>\n<td>Molibd\u00eanio (Mo)<\/td>\n<td>3.0-5.0<\/td>\n<\/tr>\n<tr>\n<td>Tit\u00e2nio (Ti)<\/td>\n<td>2.0-2.7<\/td>\n<\/tr>\n<\/tbody>\n<\/table>\n<h2>Propriedades<\/h2>\n<p>O p\u00f3 Inconel 907 possui propriedades excepcionais:<\/p>\n<table>\n<thead>\n<tr>\n<th>Propriedade<\/th>\n<th>Valor<\/th>\n<\/tr>\n<\/thead>\n<tbody>\n<tr>\n<td>Densidade<\/td>\n<td>8,16 g\/cm\u00b3<\/td>\n<\/tr>\n<tr>\n<td>Resist\u00eancia \u00e0 tra\u00e7\u00e3o<\/td>\n<td>900-1050 MPa<\/td>\n<\/tr>\n<tr>\n<td>Resist\u00eancia ao escoamento<\/td>\n<td>690 MPa (min)<\/td>\n<\/tr>\n<tr>\n<td>Elonga\u00e7\u00e3o<\/td>\n<td>20% (min)<\/td>\n<\/tr>\n<tr>\n<td>Dureza (HRB)<\/td>\n<td>30-35 HRB<\/td>\n<\/tr>\n<tr>\n<td>Ponto de Fus\u00e3o<\/td>\n<td>1320-1380\u00b0C<\/td>\n<\/tr>\n<tr>\n<td>Condutividade t\u00e9rmica<\/td>\n<td>9,8 W\/m-K<\/td>\n<\/tr>\n<tr>\n<td>Resistividade el\u00e9trica<\/td>\n<td>1,21 \u00b5\u03a9-m<\/td>\n<\/tr>\n<\/tbody>\n<\/table>\n<h2>APLICA\u00c7\u00d5ES<\/h2>\n<p>O Inconel 907 em p\u00f3 encontra aplica\u00e7\u00f5es extensivas nas ind\u00fastrias aeroespacial, de petr\u00f3leo e g\u00e1s e mar\u00edtima para componentes como componentes de turbinas a g\u00e1s, veios e veios de h\u00e9lices mar\u00edtimas.<\/p>\n<h2>Processo de fabrico aditivo<\/h2>\n<p>Produzido atrav\u00e9s de processos de atomiza\u00e7\u00e3o por g\u00e1s ou plasma, o Inconel 907 em p\u00f3 \u00e9 adequado para t\u00e9cnicas de fabrico aditivo, como a fus\u00e3o selectiva por laser (SLM) e a fus\u00e3o por feixe de electr\u00f5es (EBM).<\/p>\n<h2>Especifica\u00e7\u00f5es do p\u00f3<\/h2>\n<p>Dispon\u00edvel em v\u00e1rias gamas de tamanhos, morfologias e n\u00edveis de qualidade, o Inconel 907 em p\u00f3 satisfaz os requisitos de aplica\u00e7\u00f5es espec\u00edficas.<\/p>\n<h2>Normas e classifica\u00e7\u00f5es<\/h2>\n<p>O p\u00f3 Inconel 907 cumpre as normas da ind\u00fastria, como a AMS 4205, garantindo a qualidade e a adequa\u00e7\u00e3o a diversas aplica\u00e7\u00f5es.<\/p>\n<h2>Controlo de qualidade<\/h2>\n<p>Medidas rigorosas de controlo de qualidade, incluindo an\u00e1lises qu\u00edmicas e de tamanho de part\u00edculas, garantem a consist\u00eancia e a fiabilidade do Inconel 907 em p\u00f3.<\/p>\n<h2>An\u00e1lise de custos<\/h2>\n<p>O custo do p\u00f3 Inconel 907 varia em fun\u00e7\u00e3o de factores como o volume, a gama de tamanho das part\u00edculas e as condi\u00e7\u00f5es de mercado.<\/p>\n<h2>Armazenamento e manuseamento de p\u00f3s<\/h2>\n<p>O armazenamento adequado em recipientes selados e a ades\u00e3o aos protocolos de manuseamento s\u00e3o essenciais para manter a integridade do Inconel 907 em p\u00f3.<\/p>\n<h2>Sa\u00fade e seguran\u00e7a<\/h2>\n<p>O Inconel 907 em p\u00f3 apresenta riscos m\u00ednimos para a sa\u00fade, mas requer a utiliza\u00e7\u00e3o de equipamento de prote\u00e7\u00e3o individual durante o manuseamento e o processamento.<\/p>\n<h2>Perguntas Frequentes<\/h2>\n<ol>\n<li><strong>Quais s\u00e3o as principais vantagens do Inconel 907 em p\u00f3?<\/strong> O Inconel 907 em p\u00f3 oferece uma for\u00e7a excecional, resist\u00eancia \u00e0 corros\u00e3o e estabilidade a altas temperaturas, tornando-o adequado para componentes de alto desempenho nas ind\u00fastrias aeroespacial, de petr\u00f3leo e g\u00e1s e mar\u00edtima.<\/li>\n<li><strong>O p\u00f3 de Inconel 907 pode ser utilizado no fabrico aditivo?<\/strong> Sim, o Inconel 907 em p\u00f3 \u00e9 normalmente utilizado em t\u00e9cnicas de fabrico aditivo, como a fus\u00e3o selectiva por laser (SLM) e a fus\u00e3o por feixe de electr\u00f5es (EBM), para produzir componentes com uma for\u00e7a e resist\u00eancia \u00e0 corros\u00e3o superiores.<\/li>\n<li><strong>O p\u00f3 de Inconel 907 \u00e9 adequado para aplica\u00e7\u00f5es de turbinas a g\u00e1s?<\/strong> Sim, o p\u00f3 Inconel 907 \u00e9 amplamente utilizado em componentes de turbinas a g\u00e1s, tais como l\u00e2minas e veios de turbinas, devido \u00e0 sua excelente resist\u00eancia e estabilidade a altas temperaturas.<\/li>\n<li><strong>Quais s\u00e3o os custos t\u00edpicos associados ao Inconel 907 Powder?<\/strong> Os custos do p\u00f3 Inconel 907 variam com base em factores como o volume, a gama de tamanhos de part\u00edculas, a morfologia do p\u00f3, os n\u00edveis de pureza e as condi\u00e7\u00f5es de mercado.<\/li>\n<\/ol>","protected":false},"excerpt":{"rendered":"<p>Inconel 907 em p\u00f3: Vis\u00e3o geral O p\u00f3 Inconel 907 \u00e9 muito apreciado pela sua for\u00e7a excecional, resist\u00eancia \u00e0 corros\u00e3o e estabilidade a altas temperaturas, tornando-o um material cr\u00edtico em v\u00e1rias ind\u00fastrias. A sua combina\u00e7\u00e3o \u00fanica de propriedades, incluindo elevada resist\u00eancia \u00e0 tra\u00e7\u00e3o e excelente resist\u00eancia \u00e0 corros\u00e3o, torna-o ideal para aplica\u00e7\u00f5es que requerem componentes de elevado desempenho em ambientes extremos. Composi\u00e7\u00e3o Inconel 907 em p\u00f3...<\/p>","protected":false},"featured_media":1730,"parent":0,"template":"","meta":{"_acf_changed":false,"_kad_blocks_custom_css":"","_kad_blocks_head_custom_js":"","_kad_blocks_body_custom_js":"","_kad_blocks_footer_custom_js":"","_kad_post_transparent":"","_kad_post_title":"","_kad_post_layout":"","_kad_post_sidebar_id":"","_kad_post_content_style":"","_kad_post_vertical_padding":"","_kad_post_feature":"","_kad_post_feature_position":"","_kad_post_header":false,"_kad_post_footer":false,"_kad_post_classname":""},"product-category":[119],"class_list":["post-4318","product","type-product","status-publish","has-post-thumbnail","hentry","product-category-3d-printing-metal-powder"],"acf":[],"taxonomy_info":{"product-category":[{"value":119,"label":"3D Printing Metal Powder"}]},"featured_image_src_large":["https:\/\/3dpmetal.com\/wp-content\/uploads\/2024\/02\/H13-Alloy-Steel-Powder.jpg",600,600,false],"author_info":[],"comment_info":"","_links":{"self":[{"href":"https:\/\/3dpmetal.com\/pt\/wp-json\/wp\/v2\/product\/4318","targetHints":{"allow":["GET"]}}],"collection":[{"href":"https:\/\/3dpmetal.com\/pt\/wp-json\/wp\/v2\/product"}],"about":[{"href":"https:\/\/3dpmetal.com\/pt\/wp-json\/wp\/v2\/types\/product"}],"wp:featuredmedia":[{"embeddable":true,"href":"https:\/\/3dpmetal.com\/pt\/wp-json\/wp\/v2\/media\/1730"}],"wp:attachment":[{"href":"https:\/\/3dpmetal.com\/pt\/wp-json\/wp\/v2\/media?parent=4318"}],"wp:term":[{"taxonomy":"product-category","embeddable":true,"href":"https:\/\/3dpmetal.com\/pt\/wp-json\/wp\/v2\/product-category?post=4318"}],"curies":[{"name":"wp","href":"https:\/\/api.w.org\/{rel}","templated":true}]}}