{"id":4329,"date":"2024-04-07T08:17:41","date_gmt":"2024-04-07T08:17:41","guid":{"rendered":"https:\/\/3dpmetal.com\/product\/ti45nb-powder-for-additive-manufacturing\/"},"modified":"2024-04-08T01:53:47","modified_gmt":"2024-04-08T01:53:47","slug":"ti45nb-powder-for-additive-manufacturing","status":"publish","type":"product","link":"https:\/\/3dpmetal.com\/pt\/product\/ti45nb-powder-for-additive-manufacturing\/","title":{"rendered":"P\u00f3 de Ti45Nb para fabrico aditivo"},"content":{"rendered":"<h2>P\u00f3 de Ti45Nb: Vis\u00e3o geral<\/h2>\n<p><a href=\"https:\/\/en.wikipedia.org\/wiki\/Metal_powder\" target=\"_blank\" rel=\"noopener\">P\u00f3 de Ti45Nb<\/a> \u00e9 altamente considerado pela sua excecional biocompatibilidade, resist\u00eancia \u00e0 corros\u00e3o e propriedades mec\u00e2nicas, tornando-o um material crucial em v\u00e1rias aplica\u00e7\u00f5es biom\u00e9dicas e aeroespaciais. A sua combina\u00e7\u00e3o \u00fanica de caracter\u00edsticas torna-o adequado para ambientes onde a elevada resist\u00eancia e a biocompatibilidade s\u00e3o essenciais.<\/p>\n<h2>Composi\u00e7\u00e3o<\/h2>\n<p>O p\u00f3 Ti45Nb \u00e9 meticulosamente fabricado com elementos de liga precisos:<\/p>\n<table>\n<thead>\n<tr>\n<th>Elemento<\/th>\n<th>Peso %<\/th>\n<\/tr>\n<\/thead>\n<tbody>\n<tr>\n<td>Tit\u00e2nio (Ti)<\/td>\n<td>55.0-57.0<\/td>\n<\/tr>\n<tr>\n<td>Ni\u00f3bio (Nb)<\/td>\n<td>43.0-45.0<\/td>\n<\/tr>\n<\/tbody>\n<\/table>\n<h2>Propriedades<\/h2>\n<p>O p\u00f3 Ti45Nb possui propriedades excepcionais:<\/p>\n<table>\n<thead>\n<tr>\n<th>Propriedade<\/th>\n<th>Valor<\/th>\n<\/tr>\n<\/thead>\n<tbody>\n<tr>\n<td>Densidade<\/td>\n<td>4,85 g\/cm\u00b3<\/td>\n<\/tr>\n<tr>\n<td>Resist\u00eancia \u00e0 tra\u00e7\u00e3o<\/td>\n<td>900 MPa (min)<\/td>\n<\/tr>\n<tr>\n<td>Resist\u00eancia ao escoamento<\/td>\n<td>800 MPa (min)<\/td>\n<\/tr>\n<tr>\n<td>Elonga\u00e7\u00e3o<\/td>\n<td>10% (min)<\/td>\n<\/tr>\n<tr>\n<td>Dureza (HRB)<\/td>\n<td>90 HRB<\/td>\n<\/tr>\n<tr>\n<td>Ponto de Fus\u00e3o<\/td>\n<td>1472-1510\u00b0C<\/td>\n<\/tr>\n<tr>\n<td>Condutividade t\u00e9rmica<\/td>\n<td>6,7 W\/m-K<\/td>\n<\/tr>\n<tr>\n<td>Resistividade el\u00e9trica<\/td>\n<td>0,56 \u00b5\u03a9-m<\/td>\n<\/tr>\n<\/tbody>\n<\/table>\n<h2>APLICA\u00c7\u00d5ES<\/h2>\n<p>A versatilidade do p\u00f3 de Ti45Nb torna-o adequado para um amplo espetro de aplica\u00e7\u00f5es em v\u00e1rios sectores. \u00c9 amplamente utilizado em:<\/p>\n<ul>\n<li><strong>Biom\u00e9dico<\/strong>: O p\u00f3 de Ti45Nb \u00e9 amplamente utilizado no fabrico de implantes m\u00e9dicos, tais como implantes ortop\u00e9dicos, acess\u00f3rios dent\u00e1rios e dispositivos cardiovasculares, devido \u00e0 sua excecional biocompatibilidade e resist\u00eancia \u00e0 corros\u00e3o.<\/li>\n<li><strong>Aeroespacial<\/strong>: No sector aeroespacial, o p\u00f3 de Ti45Nb \u00e9 utilizado para o fabrico de componentes de aeronaves, incluindo pe\u00e7as estruturais e componentes de motores, devido \u00e0 sua elevada rela\u00e7\u00e3o for\u00e7a\/peso e resist\u00eancia \u00e0 corros\u00e3o.<\/li>\n<li><strong>Qu\u00edmico<\/strong>: O p\u00f3 de Ti45Nb \u00e9 tamb\u00e9m utilizado em equipamento de processamento qu\u00edmico, onde a sua resist\u00eancia a ambientes corrosivos e a temperaturas elevadas \u00e9 inestim\u00e1vel.<\/li>\n<\/ul>\n<h2>Processo de fabrico aditivo<\/h2>\n<p>O p\u00f3 de Ti45Nb \u00e9 produzido utilizando processos avan\u00e7ados de atomiza\u00e7\u00e3o de g\u00e1s, garantindo um controlo preciso do tamanho e da morfologia das part\u00edculas. \u00c9 adequado para t\u00e9cnicas de fabrico de aditivos, como a fus\u00e3o em leito de p\u00f3 e a fus\u00e3o por feixe de electr\u00f5es, permitindo o fabrico de componentes complexos e de elevado desempenho com propriedades mec\u00e2nicas superiores.<\/p>\n<h2>Especifica\u00e7\u00f5es do p\u00f3<\/h2>\n<p>Dispon\u00edvel em v\u00e1rias gamas de tamanhos, morfologias e n\u00edveis de qualidade, o p\u00f3 de Ti45Nb pode ser adaptado para satisfazer requisitos de aplica\u00e7\u00e3o espec\u00edficos, proporcionando aos fabricantes flexibilidade e op\u00e7\u00f5es de personaliza\u00e7\u00e3o.<\/p>\n<h2>Normas e classifica\u00e7\u00f5es<\/h2>\n<p>O p\u00f3 Ti45Nb est\u00e1 em conformidade com as normas da ind\u00fastria, como a ASTM F2989, garantindo a sua qualidade e adequa\u00e7\u00e3o a uma vasta gama de aplica\u00e7\u00f5es. Cumpre requisitos regulamentares rigorosos e apresenta caracter\u00edsticas de desempenho consistentes.<\/p>\n<h2>Controlo de qualidade<\/h2>\n<p>Medidas rigorosas de controlo de qualidade, incluindo an\u00e1lises qu\u00edmicas e granulom\u00e9tricas abrangentes, asseguram a uniformidade e a fiabilidade do p\u00f3 de Ti45Nb, dando garantias tanto aos utilizadores finais como aos fabricantes.<\/p>\n<h2>An\u00e1lise de custos<\/h2>\n<p>O custo do p\u00f3 de Ti45Nb varia em fun\u00e7\u00e3o de factores como o volume, a distribui\u00e7\u00e3o do tamanho das part\u00edculas e a procura no mercado. Embora o investimento inicial possa ser mais elevado, o desempenho superior e a longevidade dos componentes fabricados a partir de p\u00f3 de Ti45Nb justificam frequentemente a despesa a longo prazo.<\/p>\n<h2>Armazenamento e manuseamento de p\u00f3s<\/h2>\n<p>O armazenamento e o manuseamento adequados do p\u00f3 de Ti45Nb s\u00e3o imperativos para manter a sua integridade e desempenho. Os contentores selados e os ambientes controlados reduzem o risco de contamina\u00e7\u00e3o e garantem a consist\u00eancia das propriedades do p\u00f3.<\/p>\n<h2>Sa\u00fade e seguran\u00e7a<\/h2>\n<p>Embora o p\u00f3 de Ti45Nb apresente riscos m\u00ednimos para a sa\u00fade quando manuseado corretamente, a ades\u00e3o a protocolos de seguran\u00e7a e a utiliza\u00e7\u00e3o de equipamento de prote\u00e7\u00e3o pessoal s\u00e3o essenciais para minimizar os potenciais perigos associados ao manuseamento e processamento do p\u00f3.<\/p>\n<h2>Perguntas Frequentes<\/h2>\n<ol>\n<li><strong>Quais s\u00e3o as principais vantagens do p\u00f3 de Ti45Nb?<\/strong> O p\u00f3 de Ti45Nb oferece uma biocompatibilidade, resist\u00eancia \u00e0 corros\u00e3o e propriedades mec\u00e2nicas excepcionais, tornando-o ideal para aplica\u00e7\u00f5es cr\u00edticas nas ind\u00fastrias biom\u00e9dica e aeroespacial.<\/li>\n<li><strong>O p\u00f3 de Ti45Nb pode ser utilizado no fabrico aditivo?<\/strong> Sim, o p\u00f3 de Ti45Nb \u00e9 adequado para t\u00e9cnicas de fabrico aditivo, como a fus\u00e3o em leito de p\u00f3 e a fus\u00e3o por feixe de electr\u00f5es, permitindo a produ\u00e7\u00e3o de componentes complexos e de elevado desempenho com geometrias precisas e propriedades mec\u00e2nicas superiores.<\/li>\n<li><strong>O p\u00f3 de Ti45Nb \u00e9 adequado para aplica\u00e7\u00f5es de implantes m\u00e9dicos?<\/strong> Absolutamente. O p\u00f3 de Ti45Nb \u00e9 amplamente utilizado em aplica\u00e7\u00f5es de implantes m\u00e9dicos, incluindo implantes ortop\u00e9dicos, acess\u00f3rios dent\u00e1rios e dispositivos cardiovasculares, devido \u00e0 sua excelente biocompatibilidade, resist\u00eancia \u00e0 corros\u00e3o e propriedades mec\u00e2nicas.<\/li>\n<li><strong>Que factores influenciam o custo do p\u00f3 de Ti45Nb?<\/strong> O custo do p\u00f3 de Ti45Nb depende de v\u00e1rios factores, incluindo o volume de produ\u00e7\u00e3o, a distribui\u00e7\u00e3o do tamanho das part\u00edculas, a morfologia do p\u00f3 e a din\u00e2mica do mercado. Os graus de pureza mais elevados e o processamento especializado podem implicar custos adicionais, mas resultam frequentemente num desempenho e fiabilidade superiores.<\/li>\n<\/ol>","protected":false},"excerpt":{"rendered":"<p>P\u00f3 de Ti45Nb: Vis\u00e3o geral O p\u00f3 de Ti45Nb \u00e9 altamente considerado pela sua excecional biocompatibilidade, resist\u00eancia \u00e0 corros\u00e3o e propriedades mec\u00e2nicas, tornando-o um material crucial em v\u00e1rias aplica\u00e7\u00f5es biom\u00e9dicas e aeroespaciais. A sua combina\u00e7\u00e3o \u00fanica de caracter\u00edsticas torna-o adequado para ambientes onde a elevada resist\u00eancia e a biocompatibilidade s\u00e3o essenciais. Composi\u00e7\u00e3o O p\u00f3 Ti45Nb \u00e9 meticulosamente fabricado com elementos de liga precisos:...<\/p>","protected":false},"featured_media":1766,"parent":0,"template":"","meta":{"_acf_changed":false,"_kad_blocks_custom_css":"","_kad_blocks_head_custom_js":"","_kad_blocks_body_custom_js":"","_kad_blocks_footer_custom_js":"","_kad_post_transparent":"","_kad_post_title":"","_kad_post_layout":"","_kad_post_sidebar_id":"","_kad_post_content_style":"","_kad_post_vertical_padding":"","_kad_post_feature":"","_kad_post_feature_position":"","_kad_post_header":false,"_kad_post_footer":false,"_kad_post_classname":""},"product-category":[119],"class_list":["post-4329","product","type-product","status-publish","has-post-thumbnail","hentry","product-category-3d-printing-metal-powder"],"acf":[],"taxonomy_info":{"product-category":[{"value":119,"label":"3D Printing Metal Powder"}]},"featured_image_src_large":["https:\/\/3dpmetal.com\/wp-content\/uploads\/2024\/02\/FeCoNiCrTi-Powder.png",600,600,false],"author_info":[],"comment_info":"","_links":{"self":[{"href":"https:\/\/3dpmetal.com\/pt\/wp-json\/wp\/v2\/product\/4329","targetHints":{"allow":["GET"]}}],"collection":[{"href":"https:\/\/3dpmetal.com\/pt\/wp-json\/wp\/v2\/product"}],"about":[{"href":"https:\/\/3dpmetal.com\/pt\/wp-json\/wp\/v2\/types\/product"}],"wp:featuredmedia":[{"embeddable":true,"href":"https:\/\/3dpmetal.com\/pt\/wp-json\/wp\/v2\/media\/1766"}],"wp:attachment":[{"href":"https:\/\/3dpmetal.com\/pt\/wp-json\/wp\/v2\/media?parent=4329"}],"wp:term":[{"taxonomy":"product-category","embeddable":true,"href":"https:\/\/3dpmetal.com\/pt\/wp-json\/wp\/v2\/product-category?post=4329"}],"curies":[{"name":"wp","href":"https:\/\/api.w.org\/{rel}","templated":true}]}}