{"id":2888,"date":"2024-03-07T07:15:34","date_gmt":"2024-03-07T07:15:34","guid":{"rendered":"https:\/\/3dp.45612300.xyz\/?page_id=2888"},"modified":"2024-04-01T06:17:25","modified_gmt":"2024-04-01T06:17:25","slug":"automotive-industry","status":"publish","type":"page","link":"https:\/\/3dpmetal.com\/pt_br\/automotive-industry\/","title":{"rendered":"Ind\u00fastria Automotiva"},"content":{"rendered":"<style>.kadence-column2888_e0b287-3a > .kt-inside-inner-col{display:flex;}.kadence-column2888_e0b287-3a > .kt-inside-inner-col{min-height:300px;}.kadence-column2888_e0b287-3a > .kt-inside-inner-col,.kadence-column2888_e0b287-3a > .kt-inside-inner-col:before{border-top-left-radius:0px;border-top-right-radius:0px;border-bottom-right-radius:0px;border-bottom-left-radius:0px;}.kadence-column2888_e0b287-3a > .kt-inside-inner-col{column-gap:var(--global-kb-gap-sm, 1rem);}.kadence-column2888_e0b287-3a > .kt-inside-inner-col{flex-direction:column;justify-content:center;align-items:center;}.kadence-column2888_e0b287-3a > .kt-inside-inner-col > .kb-image-is-ratio-size{align-self:stretch;}.kadence-column2888_e0b287-3a > .kt-inside-inner-col > .wp-block-kadence-advancedgallery{align-self:stretch;}.kadence-column2888_e0b287-3a > .kt-inside-inner-col > .aligncenter{width:100%;}.kt-row-column-wrap > .kadence-column2888_e0b287-3a{align-self:center;}.kt-inner-column-height-full:not(.kt-has-1-columns) > .wp-block-kadence-column.kadence-column2888_e0b287-3a{align-self:auto;}.kt-inner-column-height-full:not(.kt-has-1-columns) > .wp-block-kadence-column.kadence-column2888_e0b287-3a > .kt-inside-inner-col{flex-direction:column;justify-content:center;}.kadence-column2888_e0b287-3a > .kt-inside-inner-col{background-image:url('https:\/\/3dpmetal.com\/wp-content\/uploads\/2024\/02\/663f499e-1c8a-4d2f-9a72-f23b2ce6a317.png');background-size:cover;background-position:50% 0%;background-attachment:scroll;background-repeat:no-repeat;}.kadence-column2888_e0b287-3a > .kt-inside-inner-col:before{opacity:0.63;background-color:#000000;}.kadence-column2888_e0b287-3a{position:relative;}@media all and (max-width: 1024px){.kt-row-column-wrap > .kadence-column2888_e0b287-3a{align-self:center;}}@media all and (max-width: 1024px){.kt-inner-column-height-full:not(.kt-has-1-columns) > .wp-block-kadence-column.kadence-column2888_e0b287-3a{align-self:auto;}}@media all and (max-width: 1024px){.kt-inner-column-height-full:not(.kt-has-1-columns) > .wp-block-kadence-column.kadence-column2888_e0b287-3a > .kt-inside-inner-col{flex-direction:column;justify-content:center;}}@media all and (max-width: 1024px){.kadence-column2888_e0b287-3a > .kt-inside-inner-col{flex-direction:column;justify-content:center;align-items:center;}}@media all and (max-width: 767px){.kt-row-column-wrap > .kadence-column2888_e0b287-3a{align-self:center;}.kt-inner-column-height-full:not(.kt-has-1-columns) > .wp-block-kadence-column.kadence-column2888_e0b287-3a{align-self:auto;}.kt-inner-column-height-full:not(.kt-has-1-columns) > .wp-block-kadence-column.kadence-column2888_e0b287-3a > .kt-inside-inner-col{flex-direction:column;justify-content:center;}.kadence-column2888_e0b287-3a > .kt-inside-inner-col{flex-direction:column;justify-content:center;align-items:center;}}<\/style>\n<div class=\"wp-block-kadence-column kadence-column2888_e0b287-3a kb-section-has-overlay\"><div class=\"kt-inside-inner-col\"><style>.wp-block-kadence-advancedheading.kt-adv-heading2888_7eb6aa-b1, .wp-block-kadence-advancedheading.kt-adv-heading2888_7eb6aa-b1[data-kb-block=\"kb-adv-heading2888_7eb6aa-b1\"]{font-size:40px;font-style:normal;color:#fff9f9;}.wp-block-kadence-advancedheading.kt-adv-heading2888_7eb6aa-b1 mark.kt-highlight, .wp-block-kadence-advancedheading.kt-adv-heading2888_7eb6aa-b1[data-kb-block=\"kb-adv-heading2888_7eb6aa-b1\"] mark.kt-highlight{font-style:normal;color:#f76a0c;-webkit-box-decoration-break:clone;box-decoration-break:clone;padding-top:0px;padding-right:0px;padding-bottom:0px;padding-left:0px;}.wp-block-kadence-advancedheading.kt-adv-heading2888_7eb6aa-b1 img.kb-inline-image, .wp-block-kadence-advancedheading.kt-adv-heading2888_7eb6aa-b1[data-kb-block=\"kb-adv-heading2888_7eb6aa-b1\"] img.kb-inline-image{width:150px;vertical-align:baseline;}@media all and (max-width: 767px){.wp-block-kadence-advancedheading.kt-adv-heading2888_7eb6aa-b1, .wp-block-kadence-advancedheading.kt-adv-heading2888_7eb6aa-b1[data-kb-block=\"kb-adv-heading2888_7eb6aa-b1\"]{font-size:var(--global-kb-font-size-lg, 2rem);}}<\/style>\n<h1 class=\"kt-adv-heading2888_7eb6aa-b1 wp-block-kadence-advancedheading\" data-kb-block=\"kb-adv-heading2888_7eb6aa-b1\">Ind\u00fastria Automotiva<\/h1>\n<\/div><\/div>\n\n\n<style>.kb-row-layout-id2888_34a69f-f2 > .kt-row-column-wrap{align-content:start;}:where(.kb-row-layout-id2888_34a69f-f2 > .kt-row-column-wrap) > .wp-block-kadence-column{justify-content:start;}.kb-row-layout-id2888_34a69f-f2 > .kt-row-column-wrap{column-gap:var(--global-kb-gap-lg, 4rem);row-gap:var(--global-kb-gap-md, 2rem);max-width:var( --global-content-width, 1600px );padding-left:var(--global-content-edge-padding);padding-right:var(--global-content-edge-padding);padding-top:var(--global-kb-spacing-xxl, 5rem);padding-bottom:var(--global-kb-spacing-sm, 1.5rem);grid-template-columns:minmax(0, calc(40% - ((var(--global-kb-gap-lg, 4rem) * 1 )\/2)))minmax(0, calc(60% - ((var(--global-kb-gap-lg, 4rem) * 1 )\/2)));}.kb-row-layout-id2888_34a69f-f2 > .kt-row-layout-overlay{opacity:0.30;}@media all and (max-width: 1024px){.kb-row-layout-id2888_34a69f-f2 > .kt-row-column-wrap{grid-template-columns:minmax(0, 1fr) minmax(0, 2fr);}}@media all and (max-width: 767px){.kb-row-layout-id2888_34a69f-f2 > .kt-row-column-wrap{row-gap:var(--global-kb-gap-none, 0rem );padding-top:var(--global-kb-spacing-lg, 3rem);grid-template-columns:minmax(0, 1fr);}}<\/style><div class=\"kb-row-layout-wrap kb-row-layout-id2888_34a69f-f2 alignnone wp-block-kadence-rowlayout\"><div class=\"kt-row-column-wrap kt-has-2-columns kt-row-layout-right-golden kt-tab-layout-inherit kt-mobile-layout-row kt-row-valign-top kb-theme-content-width\">\n<style>.kadence-column2888_e9fde1-20 > .kt-inside-inner-col{display:flex;}.kadence-column2888_e9fde1-20 > .kt-inside-inner-col,.kadence-column2888_e9fde1-20 > .kt-inside-inner-col:before{border-top-left-radius:0px;border-top-right-radius:0px;border-bottom-right-radius:0px;border-bottom-left-radius:0px;}.kadence-column2888_e9fde1-20 > .kt-inside-inner-col{column-gap:var(--global-kb-gap-sm, 1rem);}.kadence-column2888_e9fde1-20 > .kt-inside-inner-col{flex-direction:column;justify-content:center;}.kadence-column2888_e9fde1-20 > .kt-inside-inner-col > .aligncenter{width:100%;}.kt-row-column-wrap > .kadence-column2888_e9fde1-20{align-self:center;}.kt-inner-column-height-full:not(.kt-has-1-columns) > .wp-block-kadence-column.kadence-column2888_e9fde1-20{align-self:auto;}.kt-inner-column-height-full:not(.kt-has-1-columns) > .wp-block-kadence-column.kadence-column2888_e9fde1-20 > .kt-inside-inner-col{flex-direction:column;justify-content:center;}.kadence-column2888_e9fde1-20 > .kt-inside-inner-col:before{opacity:0.3;}.kadence-column2888_e9fde1-20{position:relative;}@media all and (max-width: 1024px){.kt-row-column-wrap > .kadence-column2888_e9fde1-20{align-self:center;}}@media all and (max-width: 1024px){.kt-inner-column-height-full:not(.kt-has-1-columns) > .wp-block-kadence-column.kadence-column2888_e9fde1-20{align-self:auto;}}@media all and (max-width: 1024px){.kt-inner-column-height-full:not(.kt-has-1-columns) > .wp-block-kadence-column.kadence-column2888_e9fde1-20 > .kt-inside-inner-col{flex-direction:column;justify-content:center;}}@media all and (max-width: 1024px){.kadence-column2888_e9fde1-20 > .kt-inside-inner-col{flex-direction:column;justify-content:center;}}@media all and (max-width: 767px){.kt-row-column-wrap > .kadence-column2888_e9fde1-20{align-self:center;}.kt-inner-column-height-full:not(.kt-has-1-columns) > .wp-block-kadence-column.kadence-column2888_e9fde1-20{align-self:auto;}.kt-inner-column-height-full:not(.kt-has-1-columns) > .wp-block-kadence-column.kadence-column2888_e9fde1-20 > .kt-inside-inner-col{flex-direction:column;justify-content:center;}.kadence-column2888_e9fde1-20 > .kt-inside-inner-col{flex-direction:column;justify-content:center;}}<\/style>\n<div class=\"wp-block-kadence-column kadence-column2888_e9fde1-20\"><div class=\"kt-inside-inner-col\">\n<figure class=\"wp-block-image size-full\"><img loading=\"lazy\" decoding=\"async\" width=\"600\" height=\"600\" src=\"https:\/\/3dpmetal.com\/wp-content\/uploads\/2024\/03\/car.jpg\" alt=\"\" class=\"wp-image-2868\" title=\"\" srcset=\"https:\/\/3dpmetal.com\/wp-content\/uploads\/2024\/03\/car.jpg 600w, https:\/\/3dpmetal.com\/wp-content\/uploads\/2024\/03\/car-300x300.jpg 300w, https:\/\/3dpmetal.com\/wp-content\/uploads\/2024\/03\/car-150x150.jpg 150w\" sizes=\"auto, (max-width: 600px) 100vw, 600px\" \/><\/figure>\n<\/div><\/div>\n\n\n<style>.kadence-column2888_eea6ed-3c > .kt-inside-inner-col{display:flex;}.kadence-column2888_eea6ed-3c > .kt-inside-inner-col,.kadence-column2888_eea6ed-3c > .kt-inside-inner-col:before{border-top-left-radius:0px;border-top-right-radius:0px;border-bottom-right-radius:0px;border-bottom-left-radius:0px;}.kadence-column2888_eea6ed-3c > .kt-inside-inner-col{column-gap:var(--global-kb-gap-sm, 1rem);}.kadence-column2888_eea6ed-3c > .kt-inside-inner-col{flex-direction:column;justify-content:center;}.kadence-column2888_eea6ed-3c > .kt-inside-inner-col > .aligncenter{width:100%;}.kt-row-column-wrap > .kadence-column2888_eea6ed-3c{align-self:center;}.kt-inner-column-height-full:not(.kt-has-1-columns) > .wp-block-kadence-column.kadence-column2888_eea6ed-3c{align-self:auto;}.kt-inner-column-height-full:not(.kt-has-1-columns) > .wp-block-kadence-column.kadence-column2888_eea6ed-3c > .kt-inside-inner-col{flex-direction:column;justify-content:center;}.kadence-column2888_eea6ed-3c > .kt-inside-inner-col:before{opacity:0.3;}.kadence-column2888_eea6ed-3c{position:relative;}@media all and (max-width: 1024px){.kt-row-column-wrap > .kadence-column2888_eea6ed-3c{align-self:center;}}@media all and (max-width: 1024px){.kt-inner-column-height-full:not(.kt-has-1-columns) > .wp-block-kadence-column.kadence-column2888_eea6ed-3c{align-self:auto;}}@media all and (max-width: 1024px){.kt-inner-column-height-full:not(.kt-has-1-columns) > .wp-block-kadence-column.kadence-column2888_eea6ed-3c > .kt-inside-inner-col{flex-direction:column;justify-content:center;}}@media all and (max-width: 1024px){.kadence-column2888_eea6ed-3c > .kt-inside-inner-col{flex-direction:column;justify-content:center;}}@media all and (max-width: 767px){.kt-row-column-wrap > .kadence-column2888_eea6ed-3c{align-self:center;}.kt-inner-column-height-full:not(.kt-has-1-columns) > .wp-block-kadence-column.kadence-column2888_eea6ed-3c{align-self:auto;}.kt-inner-column-height-full:not(.kt-has-1-columns) > .wp-block-kadence-column.kadence-column2888_eea6ed-3c > .kt-inside-inner-col{flex-direction:column;justify-content:center;}.kadence-column2888_eea6ed-3c > .kt-inside-inner-col{flex-direction:column;justify-content:center;}}<\/style>\n<div class=\"wp-block-kadence-column kadence-column2888_eea6ed-3c\"><div class=\"kt-inside-inner-col\"><style>.wp-block-kadence-advancedheading.kt-adv-heading2888_c07e79-09, .wp-block-kadence-advancedheading.kt-adv-heading2888_c07e79-09[data-kb-block=\"kb-adv-heading2888_c07e79-09\"]{font-style:normal;}.wp-block-kadence-advancedheading.kt-adv-heading2888_c07e79-09 mark.kt-highlight, .wp-block-kadence-advancedheading.kt-adv-heading2888_c07e79-09[data-kb-block=\"kb-adv-heading2888_c07e79-09\"] mark.kt-highlight{font-style:normal;color:#f76a0c;-webkit-box-decoration-break:clone;box-decoration-break:clone;padding-top:0px;padding-right:0px;padding-bottom:0px;padding-left:0px;}.wp-block-kadence-advancedheading.kt-adv-heading2888_c07e79-09 img.kb-inline-image, .wp-block-kadence-advancedheading.kt-adv-heading2888_c07e79-09[data-kb-block=\"kb-adv-heading2888_c07e79-09\"] img.kb-inline-image{width:150px;vertical-align:baseline;}@media all and (max-width: 767px){.wp-block-kadence-advancedheading.kt-adv-heading2888_c07e79-09, .wp-block-kadence-advancedheading.kt-adv-heading2888_c07e79-09[data-kb-block=\"kb-adv-heading2888_c07e79-09\"]{font-size:20px;}}<\/style>\n<h2 class=\"kt-adv-heading2888_c07e79-09 wp-block-kadence-advancedheading\" data-kb-block=\"kb-adv-heading2888_c07e79-09\">A ind\u00fastria automobil\u00edstica \u00e9 uma das que est\u00e3o em constante mudan\u00e7a.<\/h2>\n\n\n\n<p>A manufatura aditiva est\u00e1 ganhando for\u00e7a no setor automotivo para produzir componentes leves e otimizados. A impress\u00e3o 3D em metal permite projetos complexos para reduzir peso, mantendo a resist\u00eancia. Isso \u00e9 crucial para melhorar a economia de combust\u00edvel e o desempenho do ve\u00edculo. Consolidar os conjuntos em pe\u00e7as impressas individuais tamb\u00e9m otimiza a produ\u00e7\u00e3o.<\/p>\n\n\n\n<p>A Meituo \u00e9 a parceira ideal para empresas automotivas que implementam metal AM. Nossas avan\u00e7adas impressoras de feixe de el\u00e9trons seletivos se destacam no trabalho com ligas de alum\u00ednio, tit\u00e2nio e a\u00e7o comumente usadas na fabrica\u00e7\u00e3o automotiva. Nossos sistemas atingem a precis\u00e3o, o acabamento superficial e as propriedades mec\u00e2nicas necess\u00e1rias para pe\u00e7as e ferramentas automotivas para uso final.<\/p>\n\n\n\n<p>Al\u00e9m disso, a Meituo oferece uma ampla sele\u00e7\u00e3o de p\u00f3s met\u00e1licos otimizados para nossas impressoras. Isso inclui alum\u00ednio, tit\u00e2nio, n\u00edquel, inox e muito mais. Nossos p\u00f3s de alta qualidade garantem uma impress\u00e3o confi\u00e1vel e repet\u00edvel de componentes automotivos dur\u00e1veis e densos.<\/p>\n\n\n\n<p>Com profunda expertise em t\u00e9cnicas de aditivos met\u00e1licos, a Meituo ajuda os fabricantes de autom\u00f3veis a validar as pe\u00e7as impressas para a produ\u00e7\u00e3o convencional. Ao aproveitar nossas impressoras 3D l\u00edderes e p\u00f3s adaptados, as empresas automotivas podem adotar AM de metal para aprimorar a agilidade de produ\u00e7\u00e3o e o desempenho do ve\u00edculo.<\/p>\n\n\n\n<p>A Meituo faz parceria com organiza\u00e7\u00f5es automotivas para implementar impress\u00e3o 3D em metal e perceber seus benef\u00edcios. Nossas solu\u00e7\u00f5es abrangentes promovem a fabrica\u00e7\u00e3o aditiva na ind\u00fastria automotiva.<\/p>\n<\/div><\/div>\n\n<\/div><\/div>","protected":false},"excerpt":{"rendered":"<p>Automotive Industry The Automotive Industry Is One Of Constant Change. Additive manufacturing is gaining traction in automotive for producing lightweight, optimized components. Metal 3D printing enables complex designs to reduce weight while retaining strength. This is crucial for improving vehicle fuel efficiency and performance. Consolidating assemblies into single printed parts also streamlines production. Meituo is&#8230;<\/p>","protected":false},"author":1,"featured_media":0,"parent":0,"menu_order":0,"comment_status":"closed","ping_status":"closed","template":"","meta":{"_acf_changed":false,"_kad_blocks_custom_css":"","_kad_blocks_head_custom_js":"","_kad_blocks_body_custom_js":"","_kad_blocks_footer_custom_js":"","_kad_post_transparent":"","_kad_post_title":"","_kad_post_layout":"fullwidth","_kad_post_sidebar_id":"","_kad_post_content_style":"unboxed","_kad_post_vertical_padding":"","_kad_post_feature":"","_kad_post_feature_position":"","_kad_post_header":false,"_kad_post_footer":false,"_kad_post_classname":"","footnotes":""},"class_list":["post-2888","page","type-page","status-publish","hentry"],"acf":[],"taxonomy_info":[],"featured_image_src_large":false,"author_info":{"display_name":"demo","author_link":"https:\/\/3dpmetal.com\/pt_br\/author\/demo\/"},"comment_info":0,"_links":{"self":[{"href":"https:\/\/3dpmetal.com\/pt_br\/wp-json\/wp\/v2\/pages\/2888","targetHints":{"allow":["GET"]}}],"collection":[{"href":"https:\/\/3dpmetal.com\/pt_br\/wp-json\/wp\/v2\/pages"}],"about":[{"href":"https:\/\/3dpmetal.com\/pt_br\/wp-json\/wp\/v2\/types\/page"}],"author":[{"embeddable":true,"href":"https:\/\/3dpmetal.com\/pt_br\/wp-json\/wp\/v2\/users\/1"}],"replies":[{"embeddable":true,"href":"https:\/\/3dpmetal.com\/pt_br\/wp-json\/wp\/v2\/comments?post=2888"}],"version-history":[{"count":4,"href":"https:\/\/3dpmetal.com\/pt_br\/wp-json\/wp\/v2\/pages\/2888\/revisions"}],"predecessor-version":[{"id":4070,"href":"https:\/\/3dpmetal.com\/pt_br\/wp-json\/wp\/v2\/pages\/2888\/revisions\/4070"}],"wp:attachment":[{"href":"https:\/\/3dpmetal.com\/pt_br\/wp-json\/wp\/v2\/media?parent=2888"}],"curies":[{"name":"wp","href":"https:\/\/api.w.org\/{rel}","templated":true}]}}