{"id":2900,"date":"2024-03-07T07:57:13","date_gmt":"2024-03-07T07:57:13","guid":{"rendered":"https:\/\/3dp.45612300.xyz\/?page_id=2900"},"modified":"2024-04-01T06:18:26","modified_gmt":"2024-04-01T06:18:26","slug":"industrial-manufacturing","status":"publish","type":"page","link":"https:\/\/3dpmetal.com\/pt_br\/industrial-manufacturing\/","title":{"rendered":"Manufatura Industrial"},"content":{"rendered":"<style>.kadence-column2900_897674-76 > .kt-inside-inner-col{display:flex;}.kadence-column2900_897674-76 > .kt-inside-inner-col{min-height:300px;}.kadence-column2900_897674-76 > .kt-inside-inner-col,.kadence-column2900_897674-76 > .kt-inside-inner-col:before{border-top-left-radius:0px;border-top-right-radius:0px;border-bottom-right-radius:0px;border-bottom-left-radius:0px;}.kadence-column2900_897674-76 > .kt-inside-inner-col{column-gap:var(--global-kb-gap-sm, 1rem);}.kadence-column2900_897674-76 > .kt-inside-inner-col{flex-direction:column;justify-content:center;align-items:center;}.kadence-column2900_897674-76 > .kt-inside-inner-col > .kb-image-is-ratio-size{align-self:stretch;}.kadence-column2900_897674-76 > .kt-inside-inner-col > .wp-block-kadence-advancedgallery{align-self:stretch;}.kadence-column2900_897674-76 > .kt-inside-inner-col > .aligncenter{width:100%;}.kt-row-column-wrap > .kadence-column2900_897674-76{align-self:center;}.kt-inner-column-height-full:not(.kt-has-1-columns) > .wp-block-kadence-column.kadence-column2900_897674-76{align-self:auto;}.kt-inner-column-height-full:not(.kt-has-1-columns) > .wp-block-kadence-column.kadence-column2900_897674-76 > .kt-inside-inner-col{flex-direction:column;justify-content:center;}.kadence-column2900_897674-76 > .kt-inside-inner-col{background-image:url('https:\/\/3dpmetal.com\/wp-content\/uploads\/2024\/02\/663f499e-1c8a-4d2f-9a72-f23b2ce6a317.png');background-size:cover;background-position:50% 0%;background-attachment:scroll;background-repeat:no-repeat;}.kadence-column2900_897674-76 > .kt-inside-inner-col:before{opacity:0.63;background-color:#000000;}.kadence-column2900_897674-76{position:relative;}@media all and (max-width: 1024px){.kt-row-column-wrap > .kadence-column2900_897674-76{align-self:center;}}@media all and (max-width: 1024px){.kt-inner-column-height-full:not(.kt-has-1-columns) > .wp-block-kadence-column.kadence-column2900_897674-76{align-self:auto;}}@media all and (max-width: 1024px){.kt-inner-column-height-full:not(.kt-has-1-columns) > .wp-block-kadence-column.kadence-column2900_897674-76 > .kt-inside-inner-col{flex-direction:column;justify-content:center;}}@media all and (max-width: 1024px){.kadence-column2900_897674-76 > .kt-inside-inner-col{flex-direction:column;justify-content:center;align-items:center;}}@media all and (max-width: 767px){.kt-row-column-wrap > .kadence-column2900_897674-76{align-self:center;}.kt-inner-column-height-full:not(.kt-has-1-columns) > .wp-block-kadence-column.kadence-column2900_897674-76{align-self:auto;}.kt-inner-column-height-full:not(.kt-has-1-columns) > .wp-block-kadence-column.kadence-column2900_897674-76 > .kt-inside-inner-col{flex-direction:column;justify-content:center;}.kadence-column2900_897674-76 > .kt-inside-inner-col{flex-direction:column;justify-content:center;align-items:center;}}<\/style>\n<div class=\"wp-block-kadence-column kadence-column2900_897674-76 kb-section-has-overlay\"><div class=\"kt-inside-inner-col\"><style>.wp-block-kadence-advancedheading.kt-adv-heading2900_afc13b-c6, .wp-block-kadence-advancedheading.kt-adv-heading2900_afc13b-c6[data-kb-block=\"kb-adv-heading2900_afc13b-c6\"]{font-size:40px;font-style:normal;color:#fff9f9;}.wp-block-kadence-advancedheading.kt-adv-heading2900_afc13b-c6 mark.kt-highlight, .wp-block-kadence-advancedheading.kt-adv-heading2900_afc13b-c6[data-kb-block=\"kb-adv-heading2900_afc13b-c6\"] mark.kt-highlight{font-style:normal;color:#f76a0c;-webkit-box-decoration-break:clone;box-decoration-break:clone;padding-top:0px;padding-right:0px;padding-bottom:0px;padding-left:0px;}.wp-block-kadence-advancedheading.kt-adv-heading2900_afc13b-c6 img.kb-inline-image, .wp-block-kadence-advancedheading.kt-adv-heading2900_afc13b-c6[data-kb-block=\"kb-adv-heading2900_afc13b-c6\"] img.kb-inline-image{width:150px;vertical-align:baseline;}@media all and (max-width: 767px){.wp-block-kadence-advancedheading.kt-adv-heading2900_afc13b-c6, .wp-block-kadence-advancedheading.kt-adv-heading2900_afc13b-c6[data-kb-block=\"kb-adv-heading2900_afc13b-c6\"]{font-size:var(--global-kb-font-size-lg, 2rem);}}<\/style>\n<h1 class=\"kt-adv-heading2900_afc13b-c6 wp-block-kadence-advancedheading\" data-kb-block=\"kb-adv-heading2900_afc13b-c6\">Manufatura Industrial<\/h1>\n<\/div><\/div>\n\n\n<style>.kb-row-layout-id2900_2def44-4f > .kt-row-column-wrap{align-content:start;}:where(.kb-row-layout-id2900_2def44-4f > .kt-row-column-wrap) > .wp-block-kadence-column{justify-content:start;}.kb-row-layout-id2900_2def44-4f > .kt-row-column-wrap{column-gap:var(--global-kb-gap-lg, 4rem);row-gap:var(--global-kb-gap-md, 2rem);max-width:var( --global-content-width, 1600px );padding-left:var(--global-content-edge-padding);padding-right:var(--global-content-edge-padding);padding-top:var(--global-kb-spacing-xxl, 5rem);padding-bottom:var(--global-kb-spacing-sm, 1.5rem);grid-template-columns:minmax(0, calc(40% - ((var(--global-kb-gap-lg, 4rem) * 1 )\/2)))minmax(0, calc(60% - ((var(--global-kb-gap-lg, 4rem) * 1 )\/2)));}.kb-row-layout-id2900_2def44-4f > .kt-row-layout-overlay{opacity:0.30;}@media all and (max-width: 1024px){.kb-row-layout-id2900_2def44-4f > .kt-row-column-wrap{grid-template-columns:minmax(0, 1fr) minmax(0, 2fr);}}@media all and (max-width: 767px){.kb-row-layout-id2900_2def44-4f > .kt-row-column-wrap{row-gap:var(--global-kb-gap-none, 0rem );padding-top:var(--global-kb-spacing-lg, 3rem);grid-template-columns:minmax(0, 1fr);}}<\/style><div class=\"kb-row-layout-wrap kb-row-layout-id2900_2def44-4f alignnone wp-block-kadence-rowlayout\"><div class=\"kt-row-column-wrap kt-has-2-columns kt-row-layout-right-golden kt-tab-layout-inherit kt-mobile-layout-row kt-row-valign-top kb-theme-content-width\">\n<style>.kadence-column2900_4f7b89-e0 > .kt-inside-inner-col{display:flex;}.kadence-column2900_4f7b89-e0 > .kt-inside-inner-col,.kadence-column2900_4f7b89-e0 > .kt-inside-inner-col:before{border-top-left-radius:0px;border-top-right-radius:0px;border-bottom-right-radius:0px;border-bottom-left-radius:0px;}.kadence-column2900_4f7b89-e0 > .kt-inside-inner-col{column-gap:var(--global-kb-gap-sm, 1rem);}.kadence-column2900_4f7b89-e0 > .kt-inside-inner-col{flex-direction:column;justify-content:center;}.kadence-column2900_4f7b89-e0 > .kt-inside-inner-col > .aligncenter{width:100%;}.kt-row-column-wrap > .kadence-column2900_4f7b89-e0{align-self:center;}.kt-inner-column-height-full:not(.kt-has-1-columns) > .wp-block-kadence-column.kadence-column2900_4f7b89-e0{align-self:auto;}.kt-inner-column-height-full:not(.kt-has-1-columns) > .wp-block-kadence-column.kadence-column2900_4f7b89-e0 > .kt-inside-inner-col{flex-direction:column;justify-content:center;}.kadence-column2900_4f7b89-e0 > .kt-inside-inner-col:before{opacity:0.3;}.kadence-column2900_4f7b89-e0{position:relative;}@media all and (max-width: 1024px){.kt-row-column-wrap > .kadence-column2900_4f7b89-e0{align-self:center;}}@media all and (max-width: 1024px){.kt-inner-column-height-full:not(.kt-has-1-columns) > .wp-block-kadence-column.kadence-column2900_4f7b89-e0{align-self:auto;}}@media all and (max-width: 1024px){.kt-inner-column-height-full:not(.kt-has-1-columns) > .wp-block-kadence-column.kadence-column2900_4f7b89-e0 > .kt-inside-inner-col{flex-direction:column;justify-content:center;}}@media all and (max-width: 1024px){.kadence-column2900_4f7b89-e0 > .kt-inside-inner-col{flex-direction:column;justify-content:center;}}@media all and (max-width: 767px){.kt-row-column-wrap > .kadence-column2900_4f7b89-e0{align-self:center;}.kt-inner-column-height-full:not(.kt-has-1-columns) > .wp-block-kadence-column.kadence-column2900_4f7b89-e0{align-self:auto;}.kt-inner-column-height-full:not(.kt-has-1-columns) > .wp-block-kadence-column.kadence-column2900_4f7b89-e0 > .kt-inside-inner-col{flex-direction:column;justify-content:center;}.kadence-column2900_4f7b89-e0 > .kt-inside-inner-col{flex-direction:column;justify-content:center;}}<\/style>\n<div class=\"wp-block-kadence-column kadence-column2900_4f7b89-e0\"><div class=\"kt-inside-inner-col\">\n<figure class=\"wp-block-image size-full\"><img loading=\"lazy\" decoding=\"async\" width=\"600\" height=\"600\" src=\"https:\/\/3dpmetal.com\/wp-content\/uploads\/2024\/03\/w95Fb7EEcjE.jpg\" alt=\"\" class=\"wp-image-2871\" title=\"\" srcset=\"https:\/\/3dpmetal.com\/wp-content\/uploads\/2024\/03\/w95Fb7EEcjE.jpg 600w, https:\/\/3dpmetal.com\/wp-content\/uploads\/2024\/03\/w95Fb7EEcjE-300x300.jpg 300w, https:\/\/3dpmetal.com\/wp-content\/uploads\/2024\/03\/w95Fb7EEcjE-150x150.jpg 150w\" sizes=\"auto, (max-width: 600px) 100vw, 600px\" \/><\/figure>\n<\/div><\/div>\n\n\n<style>.kadence-column2900_2b24cc-78 > .kt-inside-inner-col{display:flex;}.kadence-column2900_2b24cc-78 > .kt-inside-inner-col,.kadence-column2900_2b24cc-78 > .kt-inside-inner-col:before{border-top-left-radius:0px;border-top-right-radius:0px;border-bottom-right-radius:0px;border-bottom-left-radius:0px;}.kadence-column2900_2b24cc-78 > .kt-inside-inner-col{column-gap:var(--global-kb-gap-sm, 1rem);}.kadence-column2900_2b24cc-78 > .kt-inside-inner-col{flex-direction:column;justify-content:center;}.kadence-column2900_2b24cc-78 > .kt-inside-inner-col > .aligncenter{width:100%;}.kt-row-column-wrap > .kadence-column2900_2b24cc-78{align-self:center;}.kt-inner-column-height-full:not(.kt-has-1-columns) > .wp-block-kadence-column.kadence-column2900_2b24cc-78{align-self:auto;}.kt-inner-column-height-full:not(.kt-has-1-columns) > .wp-block-kadence-column.kadence-column2900_2b24cc-78 > .kt-inside-inner-col{flex-direction:column;justify-content:center;}.kadence-column2900_2b24cc-78 > .kt-inside-inner-col:before{opacity:0.3;}.kadence-column2900_2b24cc-78{position:relative;}@media all and (max-width: 1024px){.kt-row-column-wrap > .kadence-column2900_2b24cc-78{align-self:center;}}@media all and (max-width: 1024px){.kt-inner-column-height-full:not(.kt-has-1-columns) > .wp-block-kadence-column.kadence-column2900_2b24cc-78{align-self:auto;}}@media all and (max-width: 1024px){.kt-inner-column-height-full:not(.kt-has-1-columns) > .wp-block-kadence-column.kadence-column2900_2b24cc-78 > .kt-inside-inner-col{flex-direction:column;justify-content:center;}}@media all and (max-width: 1024px){.kadence-column2900_2b24cc-78 > .kt-inside-inner-col{flex-direction:column;justify-content:center;}}@media all and (max-width: 767px){.kt-row-column-wrap > .kadence-column2900_2b24cc-78{align-self:center;}.kt-inner-column-height-full:not(.kt-has-1-columns) > .wp-block-kadence-column.kadence-column2900_2b24cc-78{align-self:auto;}.kt-inner-column-height-full:not(.kt-has-1-columns) > .wp-block-kadence-column.kadence-column2900_2b24cc-78 > .kt-inside-inner-col{flex-direction:column;justify-content:center;}.kadence-column2900_2b24cc-78 > .kt-inside-inner-col{flex-direction:column;justify-content:center;}}<\/style>\n<div class=\"wp-block-kadence-column kadence-column2900_2b24cc-78\"><div class=\"kt-inside-inner-col\"><style>.wp-block-kadence-advancedheading.kt-adv-heading2900_fce3be-c0, .wp-block-kadence-advancedheading.kt-adv-heading2900_fce3be-c0[data-kb-block=\"kb-adv-heading2900_fce3be-c0\"]{font-style:normal;}.wp-block-kadence-advancedheading.kt-adv-heading2900_fce3be-c0 mark.kt-highlight, .wp-block-kadence-advancedheading.kt-adv-heading2900_fce3be-c0[data-kb-block=\"kb-adv-heading2900_fce3be-c0\"] mark.kt-highlight{font-style:normal;color:#f76a0c;-webkit-box-decoration-break:clone;box-decoration-break:clone;padding-top:0px;padding-right:0px;padding-bottom:0px;padding-left:0px;}.wp-block-kadence-advancedheading.kt-adv-heading2900_fce3be-c0 img.kb-inline-image, .wp-block-kadence-advancedheading.kt-adv-heading2900_fce3be-c0[data-kb-block=\"kb-adv-heading2900_fce3be-c0\"] img.kb-inline-image{width:150px;vertical-align:baseline;}@media all and (max-width: 767px){.wp-block-kadence-advancedheading.kt-adv-heading2900_fce3be-c0, .wp-block-kadence-advancedheading.kt-adv-heading2900_fce3be-c0[data-kb-block=\"kb-adv-heading2900_fce3be-c0\"]{font-size:20px;}}<\/style>\n<h2 class=\"kt-adv-heading2900_fce3be-c0 wp-block-kadence-advancedheading\" data-kb-block=\"kb-adv-heading2900_fce3be-c0\">A fabrica\u00e7\u00e3o industrial \u00e9 uma de constante mudan\u00e7a.<\/h2>\n\n\n\n<p>Fabrica\u00e7\u00e3o aditiva permite que fabricantes industriais produzam componentes complexos e otimizados. Impress\u00e3o 3D de metal facilita projetos que n\u00e3o s\u00e3o poss\u00edveis com t\u00e9cnicas de subtra\u00e7\u00e3o, consolidando conjuntos em pe\u00e7as impressas \u00fanicas. Isso reduz as etapas de produ\u00e7\u00e3o e melhora o desempenho.<\/p>\n\n\n\n<p>Meituo \u00e9 o parceiro ideal para empresas industriais que implementam metal AM. Nossos sistemas avan\u00e7ados de fus\u00e3o seletiva por feixe de el\u00e9trons se destacam no trabalho com a\u00e7o, alum\u00ednio, n\u00edquel, tit\u00e2nio e outras ligas de fabrica\u00e7\u00e3o. Nosso processo alcan\u00e7a as propriedades mec\u00e2nicas, precis\u00e3o e acabamento superficial necess\u00e1rios para pe\u00e7as industriais e ferramentas de uso final.<\/p>\n\n\n\n<p>Al\u00e9m disso, a Meituo oferece uma ampla sele\u00e7\u00e3o de p\u00f3s met\u00e1licos otimizados para nossas impressoras. Estes incluem a\u00e7o inoxid\u00e1vel, a\u00e7o maraging, ligas de alum\u00ednio, ligas de cobre e muito mais. Nossos p\u00f3s de alta qualidade garantem uma impress\u00e3o confi\u00e1vel e repet\u00edvel de componentes industriais densos e dur\u00e1veis.<\/p>\n\n\n\n<p>Com expertise em todos os setores, a Meituo ajuda os fabricantes a validar e qualificar pe\u00e7as impressas para o ch\u00e3o de f\u00e1brica. Ao utilizar nossas solu\u00e7\u00f5es l\u00edderes de manufatura aditiva, as empresas industriais podem adotar a impress\u00e3o 3D em metal para simplificar a produ\u00e7\u00e3o e melhorar o desempenho das pe\u00e7as.<\/p>\n\n\n\n<p>A Meituo se associa a organiza\u00e7\u00f5es industriais para implementar AM de metal e perceber seus benef\u00edcios. Nossos recursos abrangentes avan\u00e7am as t\u00e9cnicas aditivas para manufatura de pr\u00f3xima gera\u00e7\u00e3o.<\/p>\n<\/div><\/div>\n\n<\/div><\/div>","protected":false},"excerpt":{"rendered":"<p>Fabrica\u00e7\u00e3o industrial A fabrica\u00e7\u00e3o industrial est\u00e1 em constante mudan\u00e7a. A manufatura aditiva permite que os fabricantes industriais produzam componentes complexos e otimizados. A impress\u00e3o 3D de metal facilita projetos que n\u00e3o s\u00e3o poss\u00edveis com t\u00e9cnicas subtrativas, consolidando montagens em pe\u00e7as impressas \u00fanicas. Isso reduz as etapas de produ\u00e7\u00e3o e melhora o desempenho. A Meituo \u00e9 o parceiro ideal para empresas industriais que implementam a AM de metal. Nosso...<\/p>","protected":false},"author":1,"featured_media":0,"parent":0,"menu_order":0,"comment_status":"closed","ping_status":"closed","template":"","meta":{"_acf_changed":false,"_kad_blocks_custom_css":"","_kad_blocks_head_custom_js":"","_kad_blocks_body_custom_js":"","_kad_blocks_footer_custom_js":"","_kad_post_transparent":"","_kad_post_title":"","_kad_post_layout":"fullwidth","_kad_post_sidebar_id":"","_kad_post_content_style":"unboxed","_kad_post_vertical_padding":"","_kad_post_feature":"","_kad_post_feature_position":"","_kad_post_header":false,"_kad_post_footer":false,"_kad_post_classname":"","footnotes":""},"class_list":["post-2900","page","type-page","status-publish","hentry"],"acf":[],"taxonomy_info":[],"featured_image_src_large":false,"author_info":{"display_name":"demo","author_link":"https:\/\/3dpmetal.com\/pt_br\/author\/demo\/"},"comment_info":0,"_links":{"self":[{"href":"https:\/\/3dpmetal.com\/pt_br\/wp-json\/wp\/v2\/pages\/2900","targetHints":{"allow":["GET"]}}],"collection":[{"href":"https:\/\/3dpmetal.com\/pt_br\/wp-json\/wp\/v2\/pages"}],"about":[{"href":"https:\/\/3dpmetal.com\/pt_br\/wp-json\/wp\/v2\/types\/page"}],"author":[{"embeddable":true,"href":"https:\/\/3dpmetal.com\/pt_br\/wp-json\/wp\/v2\/users\/1"}],"replies":[{"embeddable":true,"href":"https:\/\/3dpmetal.com\/pt_br\/wp-json\/wp\/v2\/comments?post=2900"}],"version-history":[{"count":2,"href":"https:\/\/3dpmetal.com\/pt_br\/wp-json\/wp\/v2\/pages\/2900\/revisions"}],"predecessor-version":[{"id":4072,"href":"https:\/\/3dpmetal.com\/pt_br\/wp-json\/wp\/v2\/pages\/2900\/revisions\/4072"}],"wp:attachment":[{"href":"https:\/\/3dpmetal.com\/pt_br\/wp-json\/wp\/v2\/media?parent=2900"}],"curies":[{"name":"wp","href":"https:\/\/api.w.org\/{rel}","templated":true}]}}