{"id":3856,"date":"2024-03-18T06:10:08","date_gmt":"2024-03-18T06:10:08","guid":{"rendered":"https:\/\/3dp.45612300.xyz\/product\/316l-stainless-steel-powder\/"},"modified":"2024-03-18T06:10:08","modified_gmt":"2024-03-18T06:10:08","slug":"316l-stainless-steel-powder","status":"publish","type":"product","link":"https:\/\/3dpmetal.com\/pt_br\/product\/316l-stainless-steel-powder\/","title":{"rendered":"P\u00f3 de a\u00e7o inoxid\u00e1vel 316L"},"content":{"rendered":"<p><span style=\"vertical-align: inherit;\"><span style=\"vertical-align: inherit;\"><\/p>\n<h2><strong>Overview of 316L Stainless Steel Powder<\/strong><\/h2>\n<p class=\"whitespace-pre-wrap\">316L is an austenitic stainless steel powder widely used in additive manufacturing to produce corrosion resistant parts with good mechanical properties and weldability. This article provides a detailed guide to 316L powder.<\/p>\n<p class=\"whitespace-pre-wrap\">Key aspects covered include composition, properties, AM process parameters, applications, specifications, suppliers, handling, inspection methods, comparisons to alternatives, pros and cons, and FAQs. Tables are used to present information in an easy-to-reference format.<\/p>\n<h3><strong>Composition of 316L Stainless Steel Powder<\/strong><\/h3>\n<p class=\"whitespace-pre-wrap\">The composition of 316L stainless steel powder is:<\/p>\n<table>\n<thead>\n<tr>\n<th>Elemento<\/th>\n<th>% do Peso<\/th>\n<th>Objetivo<\/th>\n<\/tr>\n<\/thead>\n<tbody>\n<tr>\n<td>Ferro<\/td>\n<td>Equil\u00edbrio<\/td>\n<td>Elemento da matriz principal<\/td>\n<\/tr>\n<tr>\n<td>Cromo<\/td>\n<td>16-18<\/td>\n<td>Resist\u00eancia \u00e0 corros\u00e3o<\/td>\n<\/tr>\n<tr>\n<td>N\u00edquel<\/td>\n<td>10-14<\/td>\n<td>Austenite stabilizer<\/td>\n<\/tr>\n<tr>\n<td>Molibd\u00eanio<\/td>\n<td>2-3<\/td>\n<td>Resist\u00eancia \u00e0 corros\u00e3o<\/td>\n<\/tr>\n<tr>\n<td>Mangan\u00eas<\/td>\n<td>&lt;2<\/td>\n<td>Desoxidante<\/td>\n<\/tr>\n<tr>\n<td>Sil\u00edcio<\/td>\n<td>&lt;1<\/td>\n<td>Desoxidante<\/td>\n<\/tr>\n<tr>\n<td>Carbono<\/td>\n<td>&lt;0.03<\/td>\n<td>Avoid carbide precipitation<\/td>\n<\/tr>\n<\/tbody>\n<\/table>\n<p class=\"whitespace-pre-wrap\">The high chromium and nickel content provide corrosion resistance while the low carbon minimizes carbide precipitation.<\/p>\n<h3><strong>Properties of 316L Stainless Steel Powder<\/strong><\/h3>\n<p class=\"whitespace-pre-wrap\">Key properties of 316L powder include:<\/p>\n<table>\n<thead>\n<tr>\n<th>Propriedade<\/th>\n<th>Descri\u00e7\u00e3o<\/th>\n<\/tr>\n<\/thead>\n<tbody>\n<tr>\n<td>Resist\u00eancia \u00e0 corros\u00e3o<\/td>\n<td>Excellent resistance to pitting and crevice corrosion<\/td>\n<\/tr>\n<tr>\n<td>For\u00e7a<\/td>\n<td>Tensile strength up to 620 MPa<\/td>\n<\/tr>\n<tr>\n<td>Soldabilidade<\/td>\n<td>Readily weldable and less prone to sensitization<\/td>\n<\/tr>\n<tr>\n<td>Fabricability<\/td>\n<td>Easily formed into complex shapes<\/td>\n<\/tr>\n<tr>\n<td>biocompatibilidade<\/td>\n<td>Safe for contact with human body<\/td>\n<\/tr>\n<tr>\n<td>Resist\u00eancia \u00e0 temperatura<\/td>\n<td>Resistant up to 900\u00a1\u00abC in oxidizing environments<\/td>\n<\/tr>\n<\/tbody>\n<\/table>\n<p class=\"whitespace-pre-wrap\">The properties make 316L suitable for harsh, corrosive environments.<\/p>\n<h3><strong>AM Process Parameters for 316L Powder<\/strong><\/h3>\n<p class=\"whitespace-pre-wrap\">Typical parameters for printing 316L powder include:<\/p>\n<table>\n<thead>\n<tr>\n<th>Par\u00e2metro<\/th>\n<th>Valor t\u00edpico<\/th>\n<th>Objetivo<\/th>\n<\/tr>\n<\/thead>\n<tbody>\n<tr>\n<td>Altura da camada<\/td>\n<td>20-100 \u00c3\u00d7m<\/td>\n<td>Balance speed and resolution<\/td>\n<\/tr>\n<tr>\n<td>Pot\u00eancia do laser<\/td>\n<td>150-350 W<\/td>\n<td>Melting condition without vaporization<\/td>\n<\/tr>\n<tr>\n<td>Velocidade de digitaliza\u00e7\u00e3o<\/td>\n<td>200-1200 mm\/s<\/td>\n<td>Density versus build rate<\/td>\n<\/tr>\n<tr>\n<td>Espa\u00e7amento da escotilha<\/td>\n<td>100-200 \u00c3\u00d7m<\/td>\n<td>Propriedades mec\u00e2nicas<\/td>\n<\/tr>\n<tr>\n<td>Supports<\/td>\n<td>Minimal tree\/lattice<\/td>\n<td>Overhangs, internal channels<\/td>\n<\/tr>\n<tr>\n<td>Prensagem isost\u00e1tica a quente<\/td>\n<td>1150\u00a1\u00abC, 100 MPa, 3 hrs<\/td>\n<td>Eliminar a porosidade<\/td>\n<\/tr>\n<\/tbody>\n<\/table>\n<p class=\"whitespace-pre-wrap\">Parameters tailored for density, microstructure, production rate and post-processing needs.<\/p>\n<h3><strong>Applications of 3D Printed 316L Parts<\/strong><\/h3>\n<p class=\"whitespace-pre-wrap\">AM 316L components are used in:<\/p>\n<table>\n<thead>\n<tr>\n<th>Ind\u00fastria<\/th>\n<th>APLICATIVOS<\/th>\n<\/tr>\n<\/thead>\n<tbody>\n<tr>\n<td>Aeroespacial<\/td>\n<td>Structural brackets, panels, housings<\/td>\n<\/tr>\n<tr>\n<td>Automotivo<\/td>\n<td>Turbine housings, impellers, valves<\/td>\n<\/tr>\n<tr>\n<td>Qu\u00edmico<\/td>\n<td>Bombas, v\u00e1lvulas, vasos de rea\u00e7\u00e3o<\/td>\n<\/tr>\n<tr>\n<td>Petr\u00f3leo e g\u00e1s<\/td>\n<td>Downhole tools, manifolds, flanges<\/td>\n<\/tr>\n<tr>\n<td>Biom\u00e9dica<\/td>\n<td>Dental, orthopedic implants, surgical tools<\/td>\n<\/tr>\n<\/tbody>\n<\/table>\n<p class=\"whitespace-pre-wrap\">Benefits versus wrought 316L include complex geometries, reduced part count, and accelerated product development.<\/p>\n<h3><strong>Specifications of 316L Powder for AM<\/strong><\/h3>\n<p class=\"whitespace-pre-wrap\">316L powder must meet strict specifications:<\/p>\n<table>\n<thead>\n<tr>\n<th>Par\u00e2metro<\/th>\n<th>Especifica\u00e7\u00e3o<\/th>\n<\/tr>\n<\/thead>\n<tbody>\n<tr>\n<td>Intervalo de tamanho de part\u00edcula<\/td>\n<td>15-45 \u00d7m t\u00edpico<\/td>\n<\/tr>\n<tr>\n<td>Formas das Part\u00edculas<\/td>\n<td>Morfologia esf\u00e9rica<\/td>\n<\/tr>\n<tr>\n<td>Densidade Aparente<\/td>\n<td>&gt; 4 g\/cc<\/td>\n<\/tr>\n<tr>\n<td>Densidade de Batida<\/td>\n<td>&gt; 6 g\/cc<\/td>\n<\/tr>\n<tr>\n<td>Vaz\u00e3o de fluxo do corredor<\/td>\n<td>&gt; 23 segundos para 50 g<\/td>\n<\/tr>\n<tr>\n<td>Pureza<\/td>\n<td>&gt;99,9%<\/td>\n<\/tr>\n<tr>\n<td>Conte\u00fado de oxig\u00eanio<\/td>\n<td>&lt;1000 ppm<\/td>\n<\/tr>\n<\/tbody>\n<\/table>\n<p class=\"whitespace-pre-wrap\">Custom size distributions and controlled composition available.<\/p>\n<h3><strong>Suppliers of 316L Stainless Steel Powder<\/strong><\/h3>\n<p class=\"whitespace-pre-wrap\">Reputable 316L powder suppliers include:<\/p>\n<table>\n<thead>\n<tr>\n<th>Fornecedor<\/th>\n<th>Localiza\u00e7\u00e3o<\/th>\n<\/tr>\n<\/thead>\n<tbody>\n<tr>\n<td>Sandvik Osprey<\/td>\n<td>Reino Unido<\/td>\n<\/tr>\n<tr>\n<td>Aditivo Carpenter<\/td>\n<td>Estados Unidos<\/td>\n<\/tr>\n<tr>\n<td>Tecnologia LPW<\/td>\n<td>Reino Unido<\/td>\n<\/tr>\n<tr>\n<td>Erasteel<\/td>\n<td>Su\u00e9cia<\/td>\n<\/tr>\n<tr>\n<td>Critical Materials<\/td>\n<td>Estados Unidos<\/td>\n<\/tr>\n<tr>\n<td>Praxair<\/td>\n<td>Estados Unidos<\/td>\n<\/tr>\n<\/tbody>\n<\/table>\n<p class=\"whitespace-pre-wrap\">Prices range from $50\/kg to $120\/kg based on quality considerations and order volumes.<\/p>\n<h3><strong>Handling and Storage of 316L Powder<\/strong><\/h3>\n<p class=\"whitespace-pre-wrap\">As a reactive material, careful 316L powder handling is essential:<\/p>\n<ul class=\"list-disc pl-8 space-y-2\">\n<li class=\"whitespace-normal\">Store sealed containers away from moisture, acids, ignition sources<\/li>\n<li class=\"whitespace-normal\">Use inert gas padding during transportation and storage<\/li>\n<li class=\"whitespace-normal\">Aterre o equipamento para dissipar cargas est\u00e1ticas<\/li>\n<li class=\"whitespace-normal\">Avoid dust accumulation through extraction and ventilation<\/li>\n<li class=\"whitespace-normal\">Follow safety data sheet precautions<\/li>\n<\/ul>\n<p class=\"whitespace-pre-wrap\">T\u00e9cnicas adequadas garantem a condi\u00e7\u00e3o ideal do p\u00f3.<\/p>\n<h3><strong>Inspe\u00e7\u00e3o e teste do p\u00f3 316L<\/strong><\/h3>\n<p class=\"whitespace-pre-wrap\">Os m\u00e9todos de teste de qualidade incluem:<\/p>\n<table>\n<thead>\n<tr>\n<th>M\u00e9todo<\/th>\n<th>Par\u00e2metros testados<\/th>\n<\/tr>\n<\/thead>\n<tbody>\n<tr>\n<td>An\u00e1lise granulom\u00e9trica<\/td>\n<td>Distribui\u00e7\u00e3o de Tamanho de Part\u00edcula<\/td>\n<\/tr>\n<tr>\n<td>imagens SEM<\/td>\n<td>Morfologia da part\u00edcula<\/td>\n<\/tr>\n<tr>\n<td>EDX<\/td>\n<td>Qu\u00edmica e composi\u00e7\u00e3o<\/td>\n<\/tr>\n<tr>\n<td>XRD<\/td>\n<td>Fases presentes<\/td>\n<\/tr>\n<tr>\n<td>Picnometria<\/td>\n<td>Densidade<\/td>\n<\/tr>\n<tr>\n<td>Vaz\u00e3o de fluxo do corredor<\/td>\n<td>Fluidez do p\u00f3<\/td>\n<\/tr>\n<\/tbody>\n<\/table>\n<p class=\"whitespace-pre-wrap\">Os testes de acordo com as normas ASTM verificam a qualidade do p\u00f3 e a consist\u00eancia do lote.<\/p>\n<h3><strong>Comparing 316L to Alternative Alloy Powders<\/strong><\/h3>\n<p class=\"whitespace-pre-wrap\">316L compares to other alloys as:<\/p>\n<table>\n<thead>\n<tr>\n<th>Liga<\/th>\n<th>Resist\u00eancia \u00e0 corros\u00e3o<\/th>\n<th>For\u00e7a<\/th>\n<th>Custo<\/th>\n<th>Capacidade de impress\u00e3o<\/th>\n<\/tr>\n<\/thead>\n<tbody>\n<tr>\n<td>316L<\/td>\n<td>Excelente<\/td>\n<td>M\u00e9dio<\/td>\n<td>M\u00e9dio<\/td>\n<td>Excelente<\/td>\n<\/tr>\n<tr>\n<td>17-4PH<\/td>\n<td>Bom<\/td>\n<td>Alto<\/td>\n<td>M\u00e9dio<\/td>\n<td>Bom<\/td>\n<\/tr>\n<tr>\n<td>IN718<\/td>\n<td>Bom<\/td>\n<td>Muito alto<\/td>\n<td>Alto<\/td>\n<td>Razo\u00e1vel<\/td>\n<\/tr>\n<tr>\n<td>CoCr<\/td>\n<td>Razo\u00e1vel<\/td>\n<td>M\u00e9dio<\/td>\n<td>M\u00e9dio<\/td>\n<td>Bom<\/td>\n<\/tr>\n<\/tbody>\n<\/table>\n<p class=\"whitespace-pre-wrap\">With its balanced properties, 316L is very versatile for small to medium sized AM components needing corrosion resistance.<\/p>\n<h3><strong>Pros and Cons of 316L Powder for AM<\/strong><\/h3>\n<table>\n<thead>\n<tr>\n<th>Pr\u00f3s<\/th>\n<th>Contras<\/th>\n<\/tr>\n<\/thead>\n<tbody>\n<tr>\n<td>Excellent corrosion resistance and biocompatibility<\/td>\n<td>Lower high temperature strength than alloys<\/td>\n<\/tr>\n<tr>\n<td>Sold\u00e1vel e usin\u00e1vel com facilidade<\/td>\n<td>Susceptible to porosity during printing<\/td>\n<\/tr>\n<tr>\n<td>Cost advantage over exotic alloys<\/td>\n<td>Prone to thermal cracking<\/td>\n<\/tr>\n<tr>\n<td>Can match wrought material properties<\/td>\n<td>Required post-processing like HIP<\/td>\n<\/tr>\n<tr>\n<td>Range of suppliers available<\/td>\n<td>Lower hardness than precipitation hardening alloys<\/td>\n<\/tr>\n<\/tbody>\n<\/table>\n<p class=\"whitespace-pre-wrap\">316L provides versatile performance at moderate cost, albeit with controlled processing requirements.<\/p>\n<h2><strong>Frequently Asked Questions about 316L Stainless Steel Powder<\/strong><\/h2>\n<p class=\"whitespace-pre-wrap\"><strong>Q: What particle size range works best for printing 316L alloy?<\/strong><\/p>\n<p class=\"whitespace-pre-wrap\">A: A typical range is 15-45 microns. It provides good powder flowability combined with high resolution and density.<\/p>\n<p class=\"whitespace-pre-wrap\"><strong>Q: What post-processing methods are used on 316L AM parts?<\/strong><\/p>\n<p class=\"whitespace-pre-wrap\">A: Hot isostatic pressing, heat treatment, surface machining, and electropolishing are common methods for achieving full densification and surface finish.<\/p>\n<p class=\"whitespace-pre-wrap\"><strong>Q: Which metal 3D printing process is ideal for 316L alloy?<\/strong><\/p>\n<p class=\"whitespace-pre-wrap\">A: All major powder bed fusion processes including selective laser melting (SLM), direct metal laser sintering (DMLS) and electron beam melting (EBM) are regularly used.<\/p>\n<p class=\"whitespace-pre-wrap\"><strong>Q: What industries use additively manufactured 316L components?<\/strong><\/p>\n<p class=\"whitespace-pre-wrap\">A: Aerospace, automotive, biomedical, marine hardware, chemical processing, and oil and gas industries benefit from 3D printed 316L parts.<\/p>\n<p class=\"whitespace-pre-wrap\"><strong>Q: Does 316L require support structures during 3D printing?<\/strong><\/p>\n<p class=\"whitespace-pre-wrap\">A: Yes, support structures are essential on overhangs and bridged sections to prevent deformation and allow easy removal after printing.<\/p>\n<p class=\"whitespace-pre-wrap\"><strong>Q: What defects can occur when printing 316L powder?<\/strong><\/p>\n<p class=\"whitespace-pre-wrap\">A: Potential defects are porosity, cracking, distortion, lack of fusion, and surface roughness. Most can be prevented with optimized parameters.<\/p>\n<p class=\"whitespace-pre-wrap\"><strong>Q: What is the key difference between 316 and 316L alloys?<\/strong><\/p>\n<p class=\"whitespace-pre-wrap\">A: 316L has lower carbon content (0.03% max) which improves corrosion resistance and eliminates harmful carbide precipitation during welding.<\/p>\n<p class=\"whitespace-pre-wrap\"><strong>Q: How are the properties of printed 316L compared to wrought alloy?<\/strong><\/p>\n<p class=\"whitespace-pre-wrap\">A: With optimized parameters, AM 316L components can achieve mechanical properties on par or exceeding conventionally processed wrought counterparts.<\/p>\n<p class=\"whitespace-pre-wrap\"><strong>Q: What density can be expected with 3D printed 316L parts?<\/strong><\/p>\n<p class=\"whitespace-pre-wrap\">A: Density above 99% is achievable for 316L with ideal parameters tailored for the alloy, matching wrought material properties.<\/p>\n<p class=\"whitespace-pre-wrap\"><strong>Q: What finishing is typically applied to 316L AM parts?<\/strong><\/p>\n<p class=\"whitespace-pre-wrap\">A: Abrasive flow machining, CNC machining, and electropolishing are common finishing processes for removing surface roughness and achieving the required tolerances.<\/p>\n<div id=\"gtx-trans\" style=\"position: absolute; left: -10px; top: 59.8125px;\">\n<div class=\"gtx-trans-icon\"><\/div>\n<\/div>\n<p><\/span><\/span><\/p>","protected":false},"excerpt":{"rendered":"<p>Vis\u00e3o geral do p\u00f3 de a\u00e7o inoxid\u00e1vel 316L O 316L \u00e9 um p\u00f3 de a\u00e7o inoxid\u00e1vel austen\u00edtico amplamente utilizado na manufatura aditiva para produzir pe\u00e7as resistentes \u00e0 corros\u00e3o com boas propriedades mec\u00e2nicas e soldabilidade. Este artigo fornece um guia detalhado sobre o p\u00f3 316L. Os principais aspectos abordados incluem composi\u00e7\u00e3o, propriedades, par\u00e2metros do processo de AM, aplica\u00e7\u00f5es, especifica\u00e7\u00f5es, fornecedores, manuseio, m\u00e9todos de inspe\u00e7\u00e3o, compara\u00e7\u00f5es com...<\/p>","protected":false},"featured_media":1720,"parent":0,"template":"","meta":{"_acf_changed":false,"_kad_blocks_custom_css":"","_kad_blocks_head_custom_js":"","_kad_blocks_body_custom_js":"","_kad_blocks_footer_custom_js":"","_kad_post_transparent":"","_kad_post_title":"","_kad_post_layout":"","_kad_post_sidebar_id":"","_kad_post_content_style":"","_kad_post_vertical_padding":"","_kad_post_feature":"","_kad_post_feature_position":"","_kad_post_header":false,"_kad_post_footer":false,"_kad_post_classname":""},"product-category":[119,122],"class_list":["post-3856","product","type-product","status-publish","has-post-thumbnail","hentry","product-category-3d-printing-metal-powder","product-category-iron-based-alloy-powder"],"acf":[],"taxonomy_info":{"product-category":[{"value":119,"label":"3D Printing Metal Powder"},{"value":122,"label":"Iron Based Alloy Powder"}]},"featured_image_src_large":["https:\/\/3dpmetal.com\/wp-content\/uploads\/2024\/02\/316L-Stainless-Steel-Powder.png",600,600,false],"author_info":[],"comment_info":"","_links":{"self":[{"href":"https:\/\/3dpmetal.com\/pt_br\/wp-json\/wp\/v2\/product\/3856","targetHints":{"allow":["GET"]}}],"collection":[{"href":"https:\/\/3dpmetal.com\/pt_br\/wp-json\/wp\/v2\/product"}],"about":[{"href":"https:\/\/3dpmetal.com\/pt_br\/wp-json\/wp\/v2\/types\/product"}],"wp:featuredmedia":[{"embeddable":true,"href":"https:\/\/3dpmetal.com\/pt_br\/wp-json\/wp\/v2\/media\/1720"}],"wp:attachment":[{"href":"https:\/\/3dpmetal.com\/pt_br\/wp-json\/wp\/v2\/media?parent=3856"}],"wp:term":[{"taxonomy":"product-category","embeddable":true,"href":"https:\/\/3dpmetal.com\/pt_br\/wp-json\/wp\/v2\/product-category?post=3856"}],"curies":[{"name":"wp","href":"https:\/\/api.w.org\/{rel}","templated":true}]}}