{"id":3858,"date":"2024-03-18T06:10:08","date_gmt":"2024-03-18T06:10:08","guid":{"rendered":"https:\/\/3dp.45612300.xyz\/product\/prep-refractory-titanium-alloy-powder\/"},"modified":"2024-03-18T06:10:08","modified_gmt":"2024-03-18T06:10:08","slug":"prep-refractory-titanium-alloy-powder","status":"publish","type":"product","link":"https:\/\/3dpmetal.com\/pt_br\/product\/prep-refractory-titanium-alloy-powder\/","title":{"rendered":"P\u00f3 de liga de tit\u00e2nio refrat\u00e1rio PREP"},"content":{"rendered":"<p><span style=\"vertical-align: inherit;\"><span style=\"vertical-align: inherit;\"><\/p>\n<h2><strong>Vis\u00e3o geral do p\u00f3 de liga de tit\u00e2nio refrat\u00e1rio PREP<\/strong><\/h2>\n<p class=\"whitespace-pre-wrap\">A liga PREP (Plasma Rotating Electrode Process) \u00e9 um p\u00f3 de liga de tit\u00e2nio refrat\u00e1rio de alto desempenho projetado para a fabrica\u00e7\u00e3o aditiva de componentes que necessitam de excelentes propriedades mec\u00e2nicas em temperaturas extremas.<\/p>\n<p class=\"whitespace-pre-wrap\">Este artigo fornece um guia abrangente sobre o p\u00f3 de liga de tit\u00e2nio PREP, abrangendo composi\u00e7\u00e3o, propriedades, par\u00e2metros de impress\u00e3o, aplica\u00e7\u00f5es, especifica\u00e7\u00f5es, fornecedores, manuseio, inspe\u00e7\u00e3o, compara\u00e7\u00f5es, pr\u00f3s e contras e perguntas frequentes. As informa\u00e7\u00f5es quantitativas s\u00e3o apresentadas em tabelas f\u00e1ceis de consultar.<\/p>\n<h3><strong>Composi\u00e7\u00e3o do p\u00f3 de liga de tit\u00e2nio PREP<\/strong><\/h3>\n<p class=\"whitespace-pre-wrap\">A liga PREP tem uma composi\u00e7\u00e3o complexa que cont\u00e9m v\u00e1rios elementos sol\u00faveis:<\/p>\n<table>\n<thead>\n<tr>\n<th>Elemento<\/th>\n<th>% do Peso<\/th>\n<th>Objetivo<\/th>\n<\/tr>\n<\/thead>\n<tbody>\n<tr>\n<td>Tit\u00e2nio<\/td>\n<td>Equil\u00edbrio<\/td>\n<td>Elemento da matriz principal<\/td>\n<\/tr>\n<tr>\n<td>Alum\u00ednio<\/td>\n<td>5 &#8211; 7<\/td>\n<td>Fortalecedor de solu\u00e7\u00e3o s\u00f3lida<\/td>\n<\/tr>\n<tr>\n<td>Lata<\/td>\n<td>1 &#8211; 3<\/td>\n<td>Fortalecedor de solu\u00e7\u00e3o s\u00f3lida<\/td>\n<\/tr>\n<tr>\n<td>Zirc\u00f4nio<\/td>\n<td>0.5 &#8211; 2<\/td>\n<td>Controle da estrutura do gr\u00e3o<\/td>\n<\/tr>\n<tr>\n<td>Molibd\u00eanio<\/td>\n<td>1 &#8211; 3<\/td>\n<td>Fortalecedor de solu\u00e7\u00e3o s\u00f3lida<\/td>\n<\/tr>\n<tr>\n<td>Sil\u00edcio<\/td>\n<td>0.5 &#8211; 1.5<\/td>\n<td>Resist\u00eancia \u00e0 oxida\u00e7\u00e3o<\/td>\n<\/tr>\n<tr>\n<td>Ni\u00f3bio<\/td>\n<td>1 &#8211; 3<\/td>\n<td>Formador de metal duro<\/td>\n<\/tr>\n<tr>\n<td>T\u00e2ntalo<\/td>\n<td>1 &#8211; 3<\/td>\n<td>Formador de metal duro<\/td>\n<\/tr>\n<\/tbody>\n<\/table>\n<p class=\"whitespace-pre-wrap\">Quantidades residuais de boro e carbono tamb\u00e9m s\u00e3o adicionadas para fortalecer os limites dos gr\u00e3os.<\/p>\n<h3><strong>Propriedades do p\u00f3 de liga de tit\u00e2nio PREP<\/strong><\/h3>\n<p class=\"whitespace-pre-wrap\">A liga PREP apresenta uma combina\u00e7\u00e3o excepcional de propriedades:<\/p>\n<table>\n<thead>\n<tr>\n<th>Propriedade<\/th>\n<th>Descri\u00e7\u00e3o<\/th>\n<\/tr>\n<\/thead>\n<tbody>\n<tr>\n<td>alta resist\u00eancia<\/td>\n<td>Excelente resist\u00eancia \u00e0 tra\u00e7\u00e3o e \u00e0 flu\u00eancia at\u00e9 700\u00a1\"C<\/td>\n<\/tr>\n<tr>\n<td>Resist\u00eancia \u00e0 fadiga<\/td>\n<td>Alta vida \u00fatil \u00e0 fadiga em temperaturas elevadas<\/td>\n<\/tr>\n<tr>\n<td>Resist\u00eancia \u00e0 fratura<\/td>\n<td>At\u00e9 100 MPa-\u00a9|m<\/td>\n<\/tr>\n<tr>\n<td>Resist\u00eancia \u00e0 oxida\u00e7\u00e3o<\/td>\n<td>Forma uma escala protetora de \u00f3xido<\/td>\n<\/tr>\n<tr>\n<td>Estabilidade t\u00e9rmica<\/td>\n<td>Estabilidade microestrutural ap\u00f3s exposi\u00e7\u00f5es prolongadas<\/td>\n<\/tr>\n<tr>\n<td>Toler\u00e2ncia a danos<\/td>\n<td>Resistente ao crescimento de rachaduras<\/td>\n<\/tr>\n<tr>\n<td>biocompatibilidade<\/td>\n<td>N\u00e3o-t\u00f3xico e antial\u00e9rgico<\/td>\n<\/tr>\n<\/tbody>\n<\/table>\n<p class=\"whitespace-pre-wrap\">As propriedades permitem componentes leves para aplica\u00e7\u00f5es exigentes.<\/p>\n<h3><strong>Par\u00e2metros de impress\u00e3o AM para p\u00f3 de liga de tit\u00e2nio PREP<\/strong><\/h3>\n<p class=\"whitespace-pre-wrap\">Os par\u00e2metros t\u00edpicos do processo de AM incluem:<\/p>\n<table>\n<thead>\n<tr>\n<th>Par\u00e2metro<\/th>\n<th>Valor T\u00edpico<\/th>\n<th>Objetivo<\/th>\n<\/tr>\n<\/thead>\n<tbody>\n<tr>\n<td>Altura da camada<\/td>\n<td>30-50 \u00d7m<\/td>\n<td>Resolu\u00e7\u00e3o versus velocidade de constru\u00e7\u00e3o<\/td>\n<\/tr>\n<tr>\n<td>Pot\u00eancia do laser<\/td>\n<td>150-500 W<\/td>\n<td>Derretimento suficiente sem evapora\u00e7\u00e3o<\/td>\n<\/tr>\n<tr>\n<td>Velocidade de digitaliza\u00e7\u00e3o<\/td>\n<td>750-1500 mm\/s<\/td>\n<td>Densidade versus taxa de produ\u00e7\u00e3o<\/td>\n<\/tr>\n<tr>\n<td>Espa\u00e7amento da escotilha<\/td>\n<td>80-120 \u00d7m<\/td>\n<td>Propriedades mec\u00e2nicas<\/td>\n<\/tr>\n<tr>\n<td>Prensagem isost\u00e1tica a quente<\/td>\n<td>900\u00a1\"C, 100 MPa, 3 horas<\/td>\n<td>Eliminar vazios internos<\/td>\n<\/tr>\n<\/tbody>\n<\/table>\n<p class=\"whitespace-pre-wrap\">Par\u00e2metros otimizados para densidade, microestrutura, taxa de constru\u00e7\u00e3o e requisitos de p\u00f3s-processamento.<\/p>\n<p><img loading=\"lazy\" decoding=\"async\" class=\"size-medium wp-image-1377 aligncenter\" src=\"https:\/\/met3dp.com\/wp-content\/uploads\/2023\/09\/Al-3003-powder-300x248.png\" alt=\"P\u00f3 de liga de tit\u00e2nio refrat\u00e1rio PREP\" width=\"300\" height=\"248\" title=\"\"><\/p>\n<h3><strong>Aplica\u00e7\u00f5es de pe\u00e7as de tit\u00e2nio PREP impressas em 3D<\/strong><\/h3>\n<p class=\"whitespace-pre-wrap\">Os componentes da liga PREP atendem a aplica\u00e7\u00f5es cr\u00edticas, incluindo:<\/p>\n<table>\n<thead>\n<tr>\n<th>Ind\u00fastria<\/th>\n<th>Componentes<\/th>\n<\/tr>\n<\/thead>\n<tbody>\n<tr>\n<td>Aeroespacial<\/td>\n<td>L\u00e2minas de turbina, pe\u00e7as de compressor, suportes<\/td>\n<\/tr>\n<tr>\n<td>Automotivo<\/td>\n<td>Bielas, v\u00e1lvulas, rodas do turbocompressor<\/td>\n<\/tr>\n<tr>\n<td>M\u00e9dico<\/td>\n<td>Implantes ortop\u00e9dicos, ferramentas cir\u00fargicas<\/td>\n<\/tr>\n<tr>\n<td>Qu\u00edmico<\/td>\n<td>Bombas, v\u00e1lvulas, vasos de rea\u00e7\u00e3o<\/td>\n<\/tr>\n<tr>\n<td>Gera\u00e7\u00e3o de energia<\/td>\n<td>Componentes do caminho do g\u00e1s quente<\/td>\n<\/tr>\n<\/tbody>\n<\/table>\n<p class=\"whitespace-pre-wrap\">As vantagens em rela\u00e7\u00e3o aos equivalentes forjados incluem geometrias complexas e desenvolvimento acelerado.<\/p>\n<h3><strong>Especifica\u00e7\u00f5es do p\u00f3 de tit\u00e2nio PREP para AM<\/strong><\/h3>\n<p class=\"whitespace-pre-wrap\">O p\u00f3 de liga PREP deve atender a especifica\u00e7\u00f5es rigorosas:<\/p>\n<table>\n<thead>\n<tr>\n<th>Par\u00e2metro<\/th>\n<th>Especifica\u00e7\u00e3o<\/th>\n<\/tr>\n<\/thead>\n<tbody>\n<tr>\n<td>Intervalo de tamanho de part\u00edcula<\/td>\n<td>15-45 \u00d7m t\u00edpico<\/td>\n<\/tr>\n<tr>\n<td>Formas das Part\u00edculas<\/td>\n<td>Morfologia esf\u00e9rica<\/td>\n<\/tr>\n<tr>\n<td>Densidade Aparente<\/td>\n<td>&gt;2,5 g\/cc<\/td>\n<\/tr>\n<tr>\n<td>Densidade de Batida<\/td>\n<td>&gt;4,5 g\/cc<\/td>\n<\/tr>\n<tr>\n<td>Vaz\u00e3o de fluxo do corredor<\/td>\n<td>&gt;35 s para 50 g<\/td>\n<\/tr>\n<tr>\n<td>Pureza<\/td>\n<td>&gt;99,95%<\/td>\n<\/tr>\n<tr>\n<td>Conte\u00fado de oxig\u00eanio<\/td>\n<td>&lt;1000 ppm<\/td>\n<\/tr>\n<\/tbody>\n<\/table>\n<p class=\"whitespace-pre-wrap\">Distribui\u00e7\u00f5es de tamanho personalizadas e n\u00edveis de oxig\u00eanio controlados dispon\u00edveis.<\/p>\n<h3><strong>Fornecedores de p\u00f3 de liga de tit\u00e2nio PREP<\/strong><\/h3>\n<p class=\"whitespace-pre-wrap\">O p\u00f3 da liga PREP \u00e9 fornecido por:<\/p>\n<table>\n<thead>\n<tr>\n<th>Fornecedor<\/th>\n<th>Localiza\u00e7\u00e3o<\/th>\n<\/tr>\n<\/thead>\n<tbody>\n<tr>\n<td>Praxair<\/td>\n<td>Estados Unidos<\/td>\n<\/tr>\n<tr>\n<td>AP&amp;C<\/td>\n<td>Canad\u00e1<\/td>\n<\/tr>\n<tr>\n<td>Tekna<\/td>\n<td>Canad\u00e1<\/td>\n<\/tr>\n<tr>\n<td>Metalysis<\/td>\n<td>Reino Unido<\/td>\n<\/tr>\n<tr>\n<td>Tecnologia LPW<\/td>\n<td>Reino Unido<\/td>\n<\/tr>\n<tr>\n<td>EOS<\/td>\n<td>Alemanha<\/td>\n<\/tr>\n<\/tbody>\n<\/table>\n<p class=\"whitespace-pre-wrap\">Os pre\u00e7os variam de $250\/kg a $450\/kg com base na qualidade, na distribui\u00e7\u00e3o de tamanho e no volume do pedido.<\/p>\n<h3><strong>Manuseio e armazenamento do p\u00f3 de tit\u00e2nio PREP<\/strong><\/h3>\n<p class=\"whitespace-pre-wrap\">Por ser um material reativo, o manuseio cuidadoso do p\u00f3 da liga PREP \u00e9 essencial:<\/p>\n<ul class=\"list-disc pl-8 space-y-2\">\n<li class=\"whitespace-normal\">Armazene os recipientes fechados sob g\u00e1s inerte, como arg\u00f4nio<\/li>\n<li class=\"whitespace-normal\">Evite a exposi\u00e7\u00e3o ao ar e \u00e0 umidade durante o manuseio<\/li>\n<li class=\"whitespace-normal\">Use equipamentos devidamente aterrados<\/li>\n<li class=\"whitespace-normal\">Evite o ac\u00famulo de poeira para minimizar o risco de explos\u00e3o<\/li>\n<li class=\"whitespace-normal\">Recomenda-se ventila\u00e7\u00e3o local com exaust\u00e3o<\/li>\n<li class=\"whitespace-normal\">Use EPI adequado e evite a inala\u00e7\u00e3o<\/li>\n<\/ul>\n<p class=\"whitespace-pre-wrap\">T\u00e9cnicas e controles adequados evitam a oxida\u00e7\u00e3o do p\u00f3.<\/p>\n<h3><strong>Inspe\u00e7\u00e3o e teste do p\u00f3 de tit\u00e2nio PREP<\/strong><\/h3>\n<p class=\"whitespace-pre-wrap\">Os lotes de p\u00f3 de liga PREP s\u00e3o validados usando:<\/p>\n<table>\n<thead>\n<tr>\n<th>M\u00e9todo<\/th>\n<th>Par\u00e2metros testados<\/th>\n<\/tr>\n<\/thead>\n<tbody>\n<tr>\n<td>An\u00e1lise granulom\u00e9trica<\/td>\n<td>Distribui\u00e7\u00e3o de Tamanho de Part\u00edcula<\/td>\n<\/tr>\n<tr>\n<td>imagens SEM<\/td>\n<td>Morfologia da part\u00edcula<\/td>\n<\/tr>\n<tr>\n<td>EDX<\/td>\n<td>Qu\u00edmica\/composi\u00e7\u00e3o<\/td>\n<\/tr>\n<tr>\n<td>XRD<\/td>\n<td>Fases presentes<\/td>\n<\/tr>\n<tr>\n<td>Picnometria<\/td>\n<td>Densidade<\/td>\n<\/tr>\n<tr>\n<td>Vaz\u00e3o de fluxo do corredor<\/td>\n<td>Fluidez do p\u00f3<\/td>\n<\/tr>\n<\/tbody>\n<\/table>\n<p class=\"whitespace-pre-wrap\">Os testes de acordo com as normas ASTM garantem a consist\u00eancia de lote para lote.<\/p>\n<h3><strong>Compara\u00e7\u00e3o da liga PREP com p\u00f3s de tit\u00e2nio alternativos<\/strong><\/h3>\n<p class=\"whitespace-pre-wrap\">A liga PREP se compara a outros materiais de tit\u00e2nio como:<\/p>\n<table>\n<thead>\n<tr>\n<th>Liga<\/th>\n<th>For\u00e7a<\/th>\n<th>Resist\u00eancia \u00e0 oxida\u00e7\u00e3o<\/th>\n<th>Custo<\/th>\n<th>Capacidade de impress\u00e3o<\/th>\n<\/tr>\n<\/thead>\n<tbody>\n<tr>\n<td>PREP<\/td>\n<td>Excelente<\/td>\n<td>Excelente<\/td>\n<td>Alto<\/td>\n<td>Bom<\/td>\n<\/tr>\n<tr>\n<td>Ti64<\/td>\n<td>Bom<\/td>\n<td>Bom<\/td>\n<td>M\u00e9dio<\/td>\n<td>Razo\u00e1vel<\/td>\n<\/tr>\n<tr>\n<td>Ti6242<\/td>\n<td>Excelente<\/td>\n<td>Bom<\/td>\n<td>Alto<\/td>\n<td>Razo\u00e1vel<\/td>\n<\/tr>\n<tr>\n<td>CP-Ti<\/td>\n<td>Baixo<\/td>\n<td>Excelente<\/td>\n<td>Baixo<\/td>\n<td>Excelente<\/td>\n<\/tr>\n<\/tbody>\n<\/table>\n<p class=\"whitespace-pre-wrap\">O PREP oferece as melhores propriedades gerais, mas a um custo mais alto do que as ligas mais eficientes, como o Ti64.<\/p>\n<h3><strong>Pr\u00f3s e contras do p\u00f3 de tit\u00e2nio PREP para AM<\/strong><\/h3>\n<table>\n<thead>\n<tr>\n<th>Pr\u00f3s<\/th>\n<th>Contras<\/th>\n<\/tr>\n<\/thead>\n<tbody>\n<tr>\n<td>Excelente resist\u00eancia a altas temperaturas<\/td>\n<td>Caro em compara\u00e7\u00e3o com o Ti64 e o CP-Ti<\/td>\n<\/tr>\n<tr>\n<td>Excelente resist\u00eancia \u00e0 fadiga termomec\u00e2nica<\/td>\n<td>Maior densidade do que outras ligas de tit\u00e2nio<\/td>\n<\/tr>\n<tr>\n<td>Geometrias complexas vi\u00e1veis<\/td>\n<td>Obrigat\u00f3rio o manuseio em atmosfera controlada<\/td>\n<\/tr>\n<tr>\n<td>Anisotropia mais baixa do que o Ti64 e o CP-Ti<\/td>\n<td>Processamento muito sens\u00edvel \u00e0 t\u00e9cnica<\/td>\n<\/tr>\n<tr>\n<td>Propriedades correspondentes \u00e0s formas forjadas PREP<\/td>\n<td>Fornecedores limitados e variantes de ligas<\/td>\n<\/tr>\n<\/tbody>\n<\/table>\n<p class=\"whitespace-pre-wrap\">O PREP permite a fabrica\u00e7\u00e3o de aditivos com desempenho excepcional, mas exige um controle muito rigoroso das condi\u00e7\u00f5es do processo.<\/p>\n<h2><strong>Perguntas frequentes sobre o p\u00f3 de liga de tit\u00e2nio PREP<\/strong><\/h2>\n<p class=\"whitespace-pre-wrap\"><strong>P: Para que a liga de tit\u00e2nio PREP \u00e9 usada na AM?<\/strong><\/p>\n<p class=\"whitespace-pre-wrap\">R: A liga PREP \u00e9 usada para imprimir em 3D componentes aeroespaciais e automotivos leves que precisam de propriedades mec\u00e2nicas extremamente altas em temperaturas de at\u00e9 700\u00a1\"C.<\/p>\n<p class=\"whitespace-pre-wrap\"><strong>P: Qual \u00e9 o tamanho de part\u00edcula recomendado para a impress\u00e3o da liga de tit\u00e2nio PREP?<\/strong><\/p>\n<p class=\"whitespace-pre-wrap\">R: Uma faixa de tamanho de p\u00f3 de 15 a 45 m\u00edcrons proporciona um bom equil\u00edbrio entre fluidez, alta resolu\u00e7\u00e3o e pe\u00e7as impressas densas.<\/p>\n<p class=\"whitespace-pre-wrap\"><strong>P: O tit\u00e2nio PREP requer prensagem isost\u00e1tica a quente ap\u00f3s o AM?<\/strong><\/p>\n<p class=\"whitespace-pre-wrap\">R: O HIP \u00e9 recomendado para eliminar os vazios internos, maximizar a resist\u00eancia \u00e0 fadiga e atingir a densidade total. Ele pode n\u00e3o ser obrigat\u00f3rio para aplica\u00e7\u00f5es n\u00e3o cr\u00edticas.<\/p>\n<p class=\"whitespace-pre-wrap\"><strong>P: Qual material tem as propriedades mais pr\u00f3ximas da liga de tit\u00e2nio PREP?<\/strong><\/p>\n<p class=\"whitespace-pre-wrap\">R: O Ti-6Al-4V tem densidade compar\u00e1vel e boa resist\u00eancia a altas temperaturas, mas menor resist\u00eancia \u00e0 oxida\u00e7\u00e3o em compara\u00e7\u00e3o com as ligas PREP.<\/p>\n<p class=\"whitespace-pre-wrap\"><strong>P: Quais s\u00e3o as vantagens da liga PREP em rela\u00e7\u00e3o \u00e0 liga Ti-6Al-4V em AM?<\/strong><\/p>\n<p class=\"whitespace-pre-wrap\">R: As principais vantagens s\u00e3o a maior resist\u00eancia \u00e0 tra\u00e7\u00e3o e \u00e0 fadiga at\u00e9 700\u00a1\"C, al\u00e9m de uma resist\u00eancia significativamente melhor \u00e0 flu\u00eancia e \u00e0 fadiga termomec\u00e2nica.<\/p>\n<p class=\"whitespace-pre-wrap\"><strong>P: Que precis\u00e3o pode ser obtida com as pe\u00e7as impressas de tit\u00e2nio PREP?<\/strong><\/p>\n<p class=\"whitespace-pre-wrap\">R: Ap\u00f3s o p\u00f3s-processamento, os componentes PREP impressos podem atingir toler\u00e2ncias dimensionais e acabamento de superf\u00edcie compar\u00e1veis \u00e0s pe\u00e7as de tit\u00e2nio usinadas por CNC.<\/p>\n<p class=\"whitespace-pre-wrap\"><strong>P: Quais defeitos podem ocorrer durante a impress\u00e3o da liga de tit\u00e2nio PREP?<\/strong><\/p>\n<p class=\"whitespace-pre-wrap\">R: Os poss\u00edveis defeitos s\u00e3o rachaduras, distor\u00e7\u00e3o, porosidade, fus\u00e3o incompleta e rugosidade da superf\u00edcie. A maioria pode ser minimizada por meio de par\u00e2metros otimizados.<\/p>\n<p class=\"whitespace-pre-wrap\"><strong>P: As estruturas de suporte podem ser facilmente removidas das pe\u00e7as AM de tit\u00e2nio PREP?<\/strong><\/p>\n<p class=\"whitespace-pre-wrap\">R: Os suportes m\u00ednimos projetados adequadamente s\u00e3o facilmente remov\u00edveis ap\u00f3s a impress\u00e3o devido \u00e0s excelentes propriedades mec\u00e2nicas das ligas PREP.<\/p>\n<p class=\"whitespace-pre-wrap\"><strong>P: Que tipo de p\u00f3s-processamento \u00e9 normalmente feito nos componentes de tit\u00e2nio PREP?<\/strong><\/p>\n<p class=\"whitespace-pre-wrap\">R: Prensagem isost\u00e1tica a quente, tratamento t\u00e9rmico, usinagem de fluxo abrasivo, usinagem CNC e eletropolimento s\u00e3o p\u00f3s-processos comumente usados.<\/p>\n<p class=\"whitespace-pre-wrap\"><strong>P: Qual \u00e9 a principal diferen\u00e7a entre o Ti-6Al-4V Grau 5 e o Grau 23?<\/strong><\/p>\n<p class=\"whitespace-pre-wrap\">R: O Grau 5 tem maior teor de oxig\u00eanio para melhor fluidez do p\u00f3, enquanto o Grau 23 tem menor teor de oxig\u00eanio para maior tenacidade \u00e0 fratura e resist\u00eancia \u00e0 fadiga.<\/p>\n<p><\/span><\/span><\/p>","protected":false},"excerpt":{"rendered":"<p>Vis\u00e3o geral do p\u00f3 de liga de tit\u00e2nio refrat\u00e1rio PREP A liga PREP (Plasma Rotating Electrode Process) \u00e9 um p\u00f3 de liga de tit\u00e2nio refrat\u00e1rio de alto desempenho projetado para a manufatura aditiva de componentes que necessitam de excelentes propriedades mec\u00e2nicas em temperaturas extremas. Este artigo fornece um guia completo sobre o p\u00f3 de liga de tit\u00e2nio PREP, abrangendo composi\u00e7\u00e3o, propriedades, par\u00e2metros de impress\u00e3o, aplica\u00e7\u00f5es, especifica\u00e7\u00f5es, fornecedores, manuseio, inspe\u00e7\u00e3o, compara\u00e7\u00f5es,...<\/p>","protected":false},"featured_media":1724,"parent":0,"template":"","meta":{"_acf_changed":false,"_kad_blocks_custom_css":"","_kad_blocks_head_custom_js":"","_kad_blocks_body_custom_js":"","_kad_blocks_footer_custom_js":"","_kad_post_transparent":"","_kad_post_title":"","_kad_post_layout":"","_kad_post_sidebar_id":"","_kad_post_content_style":"","_kad_post_vertical_padding":"","_kad_post_feature":"","_kad_post_feature_position":"","_kad_post_header":false,"_kad_post_footer":false,"_kad_post_classname":""},"product-category":[119,123],"class_list":["post-3858","product","type-product","status-publish","has-post-thumbnail","hentry","product-category-3d-printing-metal-powder","product-category-titanium-based-alloy-powder"],"acf":[],"taxonomy_info":{"product-category":[{"value":119,"label":"3D Printing Metal Powder"},{"value":123,"label":"Titanium Based Alloy Powder"}]},"featured_image_src_large":["https:\/\/3dpmetal.com\/wp-content\/uploads\/2024\/02\/PREP-Refractory-Titanium-Alloy-Powder.jpg",600,600,false],"author_info":[],"comment_info":"","_links":{"self":[{"href":"https:\/\/3dpmetal.com\/pt_br\/wp-json\/wp\/v2\/product\/3858","targetHints":{"allow":["GET"]}}],"collection":[{"href":"https:\/\/3dpmetal.com\/pt_br\/wp-json\/wp\/v2\/product"}],"about":[{"href":"https:\/\/3dpmetal.com\/pt_br\/wp-json\/wp\/v2\/types\/product"}],"wp:featuredmedia":[{"embeddable":true,"href":"https:\/\/3dpmetal.com\/pt_br\/wp-json\/wp\/v2\/media\/1724"}],"wp:attachment":[{"href":"https:\/\/3dpmetal.com\/pt_br\/wp-json\/wp\/v2\/media?parent=3858"}],"wp:term":[{"taxonomy":"product-category","embeddable":true,"href":"https:\/\/3dpmetal.com\/pt_br\/wp-json\/wp\/v2\/product-category?post=3858"}],"curies":[{"name":"wp","href":"https:\/\/api.w.org\/{rel}","templated":true}]}}