{"id":3859,"date":"2024-03-18T06:10:08","date_gmt":"2024-03-18T06:10:08","guid":{"rendered":"https:\/\/3dp.45612300.xyz\/product\/ti-6al-4v-titanium-alloy-powder\/"},"modified":"2024-03-18T06:10:08","modified_gmt":"2024-03-18T06:10:08","slug":"ti-6al-4v-titanium-alloy-powder","status":"publish","type":"product","link":"https:\/\/3dpmetal.com\/pt_br\/product\/ti-6al-4v-titanium-alloy-powder\/","title":{"rendered":"P\u00f3 de liga de tit\u00e2nio Ti-6Al-4V"},"content":{"rendered":"<p><span style=\"vertical-align: inherit;\"><span style=\"vertical-align: inherit;\">O p\u00f3 de tit\u00e2nio puro com baixo teor de oxig\u00eanio \u00e9 a base da produ\u00e7\u00e3o de tit\u00e2nio para metalurgia do p\u00f3 e tamb\u00e9m \u00e9 um dos principais produtos da empresa. Atualmente, a empresa, por meio do processo HDH e da tecnologia de controle de oxig\u00eanio, produz p\u00f3 de liga de tit\u00e2nio puro de baixo oxig\u00eanio ultrafino de alta qualidade na posi\u00e7\u00e3o de lideran\u00e7a internacional nos indicadores, com as caracter\u00edsticas de tamanho de p\u00f3 ultrafino, teor de oxig\u00eanio ultrabaixo e baixas impurezas, para alcan\u00e7ar a produ\u00e7\u00e3o em larga escala de p\u00f3 de tit\u00e2nio puro de baixo oxig\u00eanio de alta qualidade. Ele pode produzir uma variedade de produtos em p\u00f3 de tit\u00e2nio, como 150\u00d7m, 75\u00d7m, 45\u00d7m, 10\u00d7m, 3\u00d7m e assim por diante, com teor de oxig\u00eanio reduzido em 50% em compara\u00e7\u00e3o com produtos comerciais convencionais. O p\u00f3 de tit\u00e2nio puro ultrafino de alta qualidade e baixo teor de oxig\u00eanio produzido pela empresa foi listado como fornecedor qualificado de p\u00f3 de tit\u00e2nio no primeiro projeto qu\u00edmico nuclear da China. Atualmente, a participa\u00e7\u00e3o no mercado dom\u00e9stico do nosso p\u00f3 de tit\u00e2nio puro de baixo oxig\u00eanio de alta qualidade \u00e9 superior a 70%.<\/p>\n<p><strong>Produto?<\/strong><strong>Especifica\u00e7\u00e3o<\/strong><\/p>\n<div>\n<table>\n<tbody>\n<tr>\n<td data-sheets-value=\"{&quot;1&quot;:2,&quot;2&quot;:&quot;Pure titanium powder&quot;}\"><strong>P\u00f3 de tit\u00e2nio puro<\/strong><\/td>\n<td data-sheets-value=\"{&quot;1&quot;:2,&quot;2&quot;:&quot;Mesh&quot;}\"><strong>Malha<\/strong><\/td>\n<td data-sheets-value=\"{&quot;1&quot;:2,&quot;2&quot;:&quot;Particle size\u00a8P&quot;}\"><strong>Tamanho da part\u00edcula\u00a8P<\/strong><\/td>\n<td data-sheets-value=\"{&quot;1&quot;:2,&quot;2&quot;:&quot;PSD&quot;}\"><strong>PSD<\/strong><\/td>\n<td colspan=\"10\" rowspan=\"1\" data-sheets-value=\"{&quot;1&quot;:2,&quot;2&quot;:&quot;Element\u00a8\u00d7%\u00a8\u00d8\u00a1\u00a5&quot;}\"><strong>Elemento\u00a8\u00d7%\u00a8\u00d8\u00a1\u00a5<\/strong><\/td>\n<\/tr>\n<tr>\n<td data-sheets-value=\"{&quot;1&quot;:2,&quot;2&quot;:&quot;D10&quot;}\">D10<\/td>\n<td data-sheets-value=\"{&quot;1&quot;:2,&quot;2&quot;:&quot;D50&quot;}\">D50<\/td>\n<td data-sheets-value=\"{&quot;1&quot;:2,&quot;2&quot;:&quot;D90&quot;}\">D90<\/td>\n<td data-sheets-value=\"{&quot;1&quot;:2,&quot;2&quot;:&quot;Fe&quot;}\">Fe<\/td>\n<td data-sheets-value=\"{&quot;1&quot;:2,&quot;2&quot;:&quot;Cl&quot;}\">Cl<\/td>\n<td data-sheets-value=\"{&quot;1&quot;:2,&quot;2&quot;:&quot;Mg&quot;}\">Mg<\/td>\n<td data-sheets-value=\"{&quot;1&quot;:2,&quot;2&quot;:&quot;Mn&quot;}\">Mn<\/td>\n<td data-sheets-value=\"{&quot;1&quot;:2,&quot;2&quot;:&quot;Si&quot;}\">Sim<\/td>\n<td data-sheets-value=\"{&quot;1&quot;:2,&quot;2&quot;:&quot;C&quot;}\">Sure, it seems like you accidentally provided the letter \"C\" instead of the text you want me to translate. Could you please provide the text you'd like me to translate to Brazilian Portuguese (BR)?<\/td>\n<td data-sheets-value=\"{&quot;1&quot;:2,&quot;2&quot;:&quot;N&quot;}\">Certainly! It seems like there might have been a mistake as the text you provided is just \"N\". Could you please provide the full text you'd like to be translated into Brazilian Portuguese?<\/td>\n<td data-sheets-value=\"{&quot;1&quot;:2,&quot;2&quot;:&quot;H&quot;}\">H<\/td>\n<td data-sheets-value=\"{&quot;1&quot;:2,&quot;2&quot;:&quot;O&quot;}\">The text \"O\" does not have any meaning in English, so I'm unable to translate it directly to Brazilian Portuguese. Could you please provide more context or clarify the text you want to be translated?<\/td>\n<td><\/td>\n<td><\/td>\n<\/tr>\n<tr>\n<td data-sheets-value=\"{&quot;1&quot;:2,&quot;2&quot;:&quot;-100mesh&quot;}\">-100mesh<\/td>\n<td data-sheets-value=\"{&quot;1&quot;:2,&quot;2&quot;:&quot;150\u00c3\u00d7m&quot;}\">150\u00d7m<\/td>\n<td data-sheets-value=\"{&quot;1&quot;:2,&quot;2&quot;:&quot;45-50&quot;}\">45-50<\/td>\n<td data-sheets-value=\"{&quot;1&quot;:2,&quot;2&quot;:&quot;90-95&quot;}\">90-95<\/td>\n<td data-sheets-value=\"{&quot;1&quot;:2,&quot;2&quot;:&quot;135-140&quot;}\">135-140<\/td>\n<td data-sheets-value=\"{&quot;1&quot;:3,&quot;3&quot;:0.03}\">0.03<\/td>\n<td data-sheets-value=\"{&quot;1&quot;:3,&quot;3&quot;:0.02}\">0.02<\/td>\n<td data-sheets-value=\"{&quot;1&quot;:3,&quot;3&quot;:0.01}\">0.01<\/td>\n<td data-sheets-value=\"{&quot;1&quot;:3,&quot;3&quot;:0.01}\">0.01<\/td>\n<td data-sheets-value=\"{&quot;1&quot;:3,&quot;3&quot;:0.01}\">0.01<\/td>\n<td data-sheets-value=\"{&quot;1&quot;:3,&quot;3&quot;:0.03}\">0.03<\/td>\n<td data-sheets-value=\"{&quot;1&quot;:3,&quot;3&quot;:0.03}\">0.03<\/td>\n<td data-sheets-value=\"{&quot;1&quot;:3,&quot;3&quot;:0.03}\">0.03<\/td>\n<td data-sheets-value=\"{&quot;1&quot;:3,&quot;3&quot;:0.13}\">0.13<\/td>\n<\/tr>\n<tr>\n<td data-sheets-value=\"{&quot;1&quot;:2,&quot;2&quot;:&quot;-200mesh&quot;}\">-200mesh<\/td>\n<td data-sheets-value=\"{&quot;1&quot;:2,&quot;2&quot;:&quot;75\u00c3\u00d7m&quot;}\">75\u00d7m<\/td>\n<td data-sheets-value=\"{&quot;1&quot;:2,&quot;2&quot;:&quot;18-23&quot;}\">18-23<\/td>\n<td data-sheets-value=\"{&quot;1&quot;:2,&quot;2&quot;:&quot;38-45&quot;}\">38-45<\/td>\n<td data-sheets-value=\"{&quot;1&quot;:2,&quot;2&quot;:&quot;65-70&quot;}\">65-70<\/td>\n<td data-sheets-value=\"{&quot;1&quot;:3,&quot;3&quot;:0.03}\">0.03<\/td>\n<td data-sheets-value=\"{&quot;1&quot;:3,&quot;3&quot;:0.02}\">0.02<\/td>\n<td data-sheets-value=\"{&quot;1&quot;:3,&quot;3&quot;:0.01}\">0.01<\/td>\n<td data-sheets-value=\"{&quot;1&quot;:3,&quot;3&quot;:0.01}\">0.01<\/td>\n<td data-sheets-value=\"{&quot;1&quot;:3,&quot;3&quot;:0.01}\">0.01<\/td>\n<td data-sheets-value=\"{&quot;1&quot;:3,&quot;3&quot;:0.03}\">0.03<\/td>\n<td data-sheets-value=\"{&quot;1&quot;:3,&quot;3&quot;:0.03}\">0.03<\/td>\n<td data-sheets-value=\"{&quot;1&quot;:3,&quot;3&quot;:0.03}\">0.03<\/td>\n<td data-sheets-value=\"{&quot;1&quot;:3,&quot;3&quot;:0.16}\">0.16<\/td>\n<\/tr>\n<tr>\n<td data-sheets-value=\"{&quot;1&quot;:2,&quot;2&quot;:&quot;-325mesh&quot;}\">-325mesh<\/td>\n<td data-sheets-value=\"{&quot;1&quot;:2,&quot;2&quot;:&quot;45\u00c3\u00d7m&quot;}\">45\u00d7m<\/td>\n<td data-sheets-value=\"{&quot;1&quot;:3,&quot;3&quot;:44849}\" data-sheets-numberformat=\"{&quot;1&quot;:5,&quot;2&quot;:&quot;m-d&quot;,&quot;3&quot;:1}\">10-15<\/td>\n<td data-sheets-value=\"{&quot;1&quot;:2,&quot;2&quot;:&quot;26-31&quot;}\">26-31<\/td>\n<td data-sheets-value=\"{&quot;1&quot;:2,&quot;2&quot;:&quot;46-51&quot;}\">46-51<\/td>\n<td data-sheets-value=\"{&quot;1&quot;:3,&quot;3&quot;:0.03}\">0.03<\/td>\n<td data-sheets-value=\"{&quot;1&quot;:3,&quot;3&quot;:0.02}\">0.02<\/td>\n<td data-sheets-value=\"{&quot;1&quot;:3,&quot;3&quot;:0.01}\">0.01<\/td>\n<td data-sheets-value=\"{&quot;1&quot;:3,&quot;3&quot;:0.01}\">0.01<\/td>\n<td data-sheets-value=\"{&quot;1&quot;:3,&quot;3&quot;:0.01}\">0.01<\/td>\n<td data-sheets-value=\"{&quot;1&quot;:3,&quot;3&quot;:0.03}\">0.03<\/td>\n<td data-sheets-value=\"{&quot;1&quot;:3,&quot;3&quot;:0.03}\">0.03<\/td>\n<td data-sheets-value=\"{&quot;1&quot;:3,&quot;3&quot;:0.03}\">0.03<\/td>\n<td data-sheets-value=\"{&quot;1&quot;:3,&quot;3&quot;:0.2}\">0.2<\/td>\n<\/tr>\n<\/tbody>\n<\/table>\n<\/div>\n<p>&nbsp;<\/p>\n<p>* Observa\u00e7\u00e3o: Suporte personalizado de acordo com os requisitos do cliente<\/p>\n<p><strong>Certainly! It seems like you accidentally provided just the letter \"P\". Could you please provide the text you'd like translated to Brazilian Portuguese?<\/strong><strong>Caracter\u00edsticas do produto<\/strong><\/p>\n<ol>\n<li>O p\u00f3 tem alta pureza e baixo teor de oxig\u00eanio.<\/li>\n<li>Tamanho de part\u00edcula de p\u00f3 ultrafino.<\/li>\n<li>Produ\u00e7\u00e3o em massa de 150\u00d7m, 75\u00d7m, 45\u00d7m, 10\u00d7m, 3\u00d7m e outros produtos de tamanho de part\u00edcula<\/li>\n<li>Desidrogena\u00e7\u00e3o por hidreto (processo HDH)<\/li>\n<li>Produ\u00e7\u00e3o mensal de 35 toneladas, 420 toneladas de produ\u00e7\u00e3o anual.<\/li>\n<\/ol>\n<p><img loading=\"lazy\" decoding=\"async\" class=\"size-medium wp-image-1378 aligncenter\" src=\"https:\/\/met3dp.com\/wp-content\/uploads\/2023\/09\/GA-Al-7075-300x233.png\" alt=\"P\u00f3 de liga de tit\u00e2nio\" width=\"300\" height=\"233\" title=\"\"><\/p>\n<p><strong>Aplicativo<\/strong><\/p>\n<p>Usado principalmente em baterias de hidrog\u00eanio, mat\u00e9rias-primas de metalurgia do p\u00f3, agente de revestimento de superf\u00edcie, aditivos de liga de alum\u00ednio, getter el\u00e9trico a v\u00e1cuo, spray, galvaniza\u00e7\u00e3o, MIM e outros campos.<\/p>\n<p><strong>Processo de pulveriza\u00e7\u00e3o:<\/strong><\/p>\n<ol>\n<li>Esponja de tit\u00e2nio<\/li>\n<li>V\u00e1cuo alto<\/li>\n<li>Hidrogena\u00e7\u00e3o por temperatura<\/li>\n<li>Granula\u00e7\u00e3o de hidrogena\u00e7\u00e3o de hidreto de tit\u00e2nio<\/li>\n<li>Hidreto de tit\u00e2nio em p\u00f3<\/li>\n<li>Desidrogena\u00e7\u00e3o a v\u00e1cuo em alta temperatura<\/li>\n<li>Desidrogena\u00e7\u00e3o Tit\u00e2nio<\/li>\n<li>Desidrogena\u00e7\u00e3o Granula\u00e7\u00e3o<\/li>\n<li>Triagem<\/li>\n<li>Inspe\u00e7\u00e3o<\/li>\n<li>Produtos acabados<\/li>\n<li>Embalagem<\/li>\n<\/ol>\n<p><strong>FAQ<\/strong><\/p>\n<ul>\n<li><strong>H<\/strong><strong>Como podemos garantir a qualidade?<\/strong><\/li>\n<\/ul>\n<p>Sempre uma amostra de pr\u00e9-produ\u00e7\u00e3o antes da produ\u00e7\u00e3o em massa;<\/p>\n<p>Sempre com inspe\u00e7\u00e3o final antes do envio;<\/p>\n<ul>\n<li><strong>W<\/strong><strong>o que voc\u00ea pode comprar de n\u00f3s?<\/strong><\/li>\n<\/ul>\n<p>P\u00f3 de metal 3D, p\u00f3 MIM, pasta eletr\u00f4nica, os produtos inclu\u00eddos s\u00e3o 316L, 17-4ph, H13, sendust, Inconel718, Inconel625m, p\u00f3 de prata, pasta de prata, produtos de terras raras.<\/span><\/span><\/p>","protected":false},"excerpt":{"rendered":"<p>O p\u00f3 de tit\u00e2nio puro com baixo teor de oxig\u00eanio \u00e9 a base da produ\u00e7\u00e3o de tit\u00e2nio para metalurgia do p\u00f3 e tamb\u00e9m \u00e9 um dos principais produtos da empresa. Atualmente, a empresa, por meio do processo HDH e da tecnologia de controle de oxig\u00eanio, produz p\u00f3 de liga de tit\u00e2nio puro de baixo oxig\u00eanio ultrafino de alta qualidade na posi\u00e7\u00e3o de lideran\u00e7a internacional nos indicadores, com as caracter\u00edsticas de ultrafino...<\/p>","protected":false},"featured_media":1726,"parent":0,"template":"","meta":{"_acf_changed":false,"_kad_blocks_custom_css":"","_kad_blocks_head_custom_js":"","_kad_blocks_body_custom_js":"","_kad_blocks_footer_custom_js":"","_kad_post_transparent":"","_kad_post_title":"","_kad_post_layout":"","_kad_post_sidebar_id":"","_kad_post_content_style":"","_kad_post_vertical_padding":"","_kad_post_feature":"","_kad_post_feature_position":"","_kad_post_header":false,"_kad_post_footer":false,"_kad_post_classname":""},"product-category":[119,123],"class_list":["post-3859","product","type-product","status-publish","has-post-thumbnail","hentry","product-category-3d-printing-metal-powder","product-category-titanium-based-alloy-powder"],"acf":[],"taxonomy_info":{"product-category":[{"value":119,"label":"3D Printing Metal Powder"},{"value":123,"label":"Titanium Based Alloy Powder"}]},"featured_image_src_large":["https:\/\/3dpmetal.com\/wp-content\/uploads\/2024\/02\/Ti-6Al-4V-Titanium-Alloy-Powder.jpg",600,600,false],"author_info":[],"comment_info":"","_links":{"self":[{"href":"https:\/\/3dpmetal.com\/pt_br\/wp-json\/wp\/v2\/product\/3859","targetHints":{"allow":["GET"]}}],"collection":[{"href":"https:\/\/3dpmetal.com\/pt_br\/wp-json\/wp\/v2\/product"}],"about":[{"href":"https:\/\/3dpmetal.com\/pt_br\/wp-json\/wp\/v2\/types\/product"}],"wp:featuredmedia":[{"embeddable":true,"href":"https:\/\/3dpmetal.com\/pt_br\/wp-json\/wp\/v2\/media\/1726"}],"wp:attachment":[{"href":"https:\/\/3dpmetal.com\/pt_br\/wp-json\/wp\/v2\/media?parent=3859"}],"wp:term":[{"taxonomy":"product-category","embeddable":true,"href":"https:\/\/3dpmetal.com\/pt_br\/wp-json\/wp\/v2\/product-category?post=3859"}],"curies":[{"name":"wp","href":"https:\/\/api.w.org\/{rel}","templated":true}]}}