{"id":3868,"date":"2024-03-18T06:10:08","date_gmt":"2024-03-18T06:10:08","guid":{"rendered":"https:\/\/3dp.45612300.xyz\/product\/molybdenum-powder\/"},"modified":"2024-03-18T06:10:08","modified_gmt":"2024-03-18T06:10:08","slug":"molybdenum-powder","status":"publish","type":"product","link":"https:\/\/3dpmetal.com\/pt_br\/product\/molybdenum-powder\/","title":{"rendered":"Molibd\u00eanio em p\u00f3"},"content":{"rendered":"<p><span style=\"vertical-align: inherit;\"><span style=\"vertical-align: inherit;\"><\/p>\n<h2>Vis\u00e3o geral do p\u00f3 de molibd\u00eanio<\/h2>\n<p class=\"whitespace-pre-wrap\">O molibd\u00eanio \u00e9 um metal de transi\u00e7\u00e3o refrat\u00e1rio branco-prateado com ponto de fus\u00e3o muito alto, excelente resist\u00eancia \u00e0 corros\u00e3o e boa condutividade t\u00e9rmica\/el\u00e9trica. Na forma de p\u00f3, apresenta alta resist\u00eancia a temperaturas elevadas, al\u00e9m de estabilidade em ambientes agressivos.<\/p>\n<p class=\"whitespace-pre-wrap\">As principais propriedades do p\u00f3 de molibd\u00eanio incluem:<\/p>\n<ul class=\"list-disc pl-8 space-y-2\">\n<li class=\"whitespace-normal\">Resist\u00eancia a altas temperaturas e resist\u00eancia \u00e0 flu\u00eancia<\/li>\n<li class=\"whitespace-normal\">Excelente resist\u00eancia a corros\u00e3o<\/li>\n<li class=\"whitespace-normal\">Boa condutividade t\u00e9rmica e el\u00e9trica<\/li>\n<li class=\"whitespace-normal\">Baixo coeficiente de expans\u00e3o t\u00e9rmica<\/li>\n<li class=\"whitespace-normal\">Alta dureza e resist\u00eancia ao desgaste<\/li>\n<li class=\"whitespace-normal\">Boa lubricidade em atmosferas de sulfeto<\/li>\n<li class=\"whitespace-normal\">Dispon\u00edveis em v\u00e1rias distribui\u00e7\u00f5es de tamanho de part\u00edculas<\/li>\n<\/ul>\n<p class=\"whitespace-pre-wrap\">O p\u00f3 de molibd\u00eanio \u00e9 usado onde sua resist\u00eancia ao calor, resist\u00eancia \u00e0 corros\u00e3o, condutividade e lubricidade podem ser utilizadas. As principais aplica\u00e7\u00f5es incluem ligas, eletr\u00f4nicos, revestimentos, soldagem e fabrica\u00e7\u00e3o de metais especiais.<\/p>\n<h2>Composi\u00e7\u00e3o do p\u00f3 de molibd\u00eanio<\/h2>\n<p class=\"whitespace-pre-wrap\">O p\u00f3 de molibd\u00eanio tem a seguinte composi\u00e7\u00e3o t\u00edpica:<\/p>\n<table>\n<thead>\n<tr>\n<th>Elemento<\/th>\n<th>Pureza<\/th>\n<\/tr>\n<\/thead>\n<tbody>\n<tr>\n<td>Molibd\u00eanio (Mo)<\/td>\n<td>M\u00ednimo 99%<\/td>\n<\/tr>\n<tr>\n<td>Oxig\u00eanio (O)<\/td>\n<td>0.01-0.5%<\/td>\n<\/tr>\n<tr>\n<td>Carbono (C)<\/td>\n<td>0.01-0.1%<\/td>\n<\/tr>\n<tr>\n<td>Ferro (Fe)<\/td>\n<td>0.2-2%<\/td>\n<\/tr>\n<tr>\n<td>Cobre (Cu)<\/td>\n<td>0.1-0.5%<\/td>\n<\/tr>\n<tr>\n<td>Sil\u00edcio (Si)<\/td>\n<td>0.05-1%<\/td>\n<\/tr>\n<tr>\n<td>Tungst\u00eanio (W)<\/td>\n<td>0.1-1%<\/td>\n<\/tr>\n<tr>\n<td>Enxofre (S)<\/td>\n<td>0.01-0.1%<\/td>\n<\/tr>\n<\/tbody>\n<\/table>\n<p class=\"whitespace-pre-wrap\">Os graus de alta pureza cont\u00eam mais de 99% de molibd\u00eanio com baixos n\u00edveis de impureza. Os p\u00f3s comerciais t\u00eam impurezas mais altas permitidas.<\/p>\n<p><img loading=\"lazy\" decoding=\"async\" class=\"alignnone size-full wp-image-1396\" src=\"https:\/\/met3dp.com\/wp-content\/uploads\/2023\/09\/TA7.jpg\" alt=\"Molibd\u00eanio em p\u00f3\" width=\"216\" height=\"216\" title=\"\"><\/p>\n<h2>Propriedades do p\u00f3 de molibd\u00eanio<\/h2>\n<p class=\"whitespace-pre-wrap\">O p\u00f3 de molibd\u00eanio apresenta as seguintes propriedades:<\/p>\n<table>\n<thead>\n<tr>\n<th>Propriedade<\/th>\n<th>Valor<\/th>\n<\/tr>\n<\/thead>\n<tbody>\n<tr>\n<td>Densidade<\/td>\n<td>10,22 g\/cm3<\/td>\n<\/tr>\n<tr>\n<td>Ponto de Fus\u00e3o<\/td>\n<td>2623\u00a1\"C<\/td>\n<\/tr>\n<tr>\n<td>Condutividade t\u00e9rmica<\/td>\n<td>138 W\/m?K<\/td>\n<\/tr>\n<tr>\n<td>Resistividade el\u00e9trica<\/td>\n<td>5,5 \u00d7 \u00ce?cm<\/td>\n<\/tr>\n<tr>\n<td>M\u00f3dulo de Young<\/td>\n<td>324 GPa<\/td>\n<\/tr>\n<tr>\n<td>Raz\u00e3o de Poisson<\/td>\n<td>0.31<\/td>\n<\/tr>\n<tr>\n<td>Resist\u00eancia \u00e0 Tra\u00e7\u00e3o<\/td>\n<td>350 MPa<\/td>\n<\/tr>\n<tr>\n<td>Limite de escoamento<\/td>\n<td>220 MPa<\/td>\n<\/tr>\n<tr>\n<td>alongamento<\/td>\n<td>20%<\/td>\n<\/tr>\n<tr>\n<td>Dureza Vickers<\/td>\n<td>200 HV<\/td>\n<\/tr>\n<\/tbody>\n<\/table>\n<p class=\"whitespace-pre-wrap\">O molibd\u00eanio oferece um ponto de fus\u00e3o muito alto, resist\u00eancia a temperaturas elevadas, boa condutividade t\u00e9rmica\/el\u00e9trica e baixa expans\u00e3o t\u00e9rmica.<\/p>\n<h2>M\u00e9todos de produ\u00e7\u00e3o de p\u00f3 de molibd\u00eanio<\/h2>\n<p class=\"whitespace-pre-wrap\">O p\u00f3 de molibd\u00eanio pode ser produzido por m\u00e9todos como:<\/p>\n<ul class=\"list-disc pl-8 space-y-2\">\n<li class=\"whitespace-normal\"><strong>Redu\u00e7\u00e3o de hidrog\u00eanio<\/strong>Tri\u00f3xido de molibd\u00eanio reduzido com g\u00e1s hidrog\u00eanio para produzir p\u00f3 de molibd\u00eanio.<\/li>\n<li class=\"whitespace-normal\"><strong>Decomposi\u00e7\u00e3o t\u00e9rmica<\/strong>Aquecimento de compostos de molibd\u00eanio, como molibdato de am\u00f4nio, para formar \u00f3xido de molibd\u00eanio seguido de redu\u00e7\u00e3o de hidrog\u00eanio.<\/li>\n<li class=\"whitespace-normal\"><strong>Produ\u00e7\u00e3o eletrol\u00edtica<\/strong>?- A eletrorredu\u00e7\u00e3o aquosa de solu\u00e7\u00f5es \u00e1cidas de molibdato produz um dep\u00f3sito de p\u00f3 de molibd\u00eanio.<\/li>\n<li class=\"whitespace-normal\"><strong>Redu\u00e7\u00e3o Calciot\u00e9rmica<\/strong>?- Redu\u00e7\u00e3o do tri\u00f3xido de molibd\u00eanio usando c\u00e1lcio.<\/li>\n<\/ul>\n<p class=\"whitespace-pre-wrap\">A redu\u00e7\u00e3o de hidrog\u00eanio \u00e9 um m\u00e9todo industrial comum. A morfologia, o tamanho e a pureza do p\u00f3 podem ser controlados.<\/p>\n<h2>Aplica\u00e7\u00f5es do p\u00f3 de molibd\u00eanio<\/h2>\n<p class=\"whitespace-pre-wrap\">O p\u00f3 de molibd\u00eanio tem as seguintes aplica\u00e7\u00f5es principais:<\/p>\n<ul class=\"list-disc pl-8 space-y-2\">\n<li class=\"whitespace-normal\"><strong>Adi\u00e7\u00e3o de liga<\/strong>?- Adicionado a a\u00e7os inoxid\u00e1veis, ligas de n\u00edquel e a\u00e7os para ferramentas para melhorar as propriedades.<\/li>\n<li class=\"whitespace-normal\"><strong>Revestimentos e pulveriza\u00e7\u00e3o de metais<\/strong>?- Revestimentos por spray t\u00e9rmico e processos de galvaniza\u00e7\u00e3o usam molibd\u00eanio para resist\u00eancia ao desgaste\/corros\u00e3o.<\/li>\n<li class=\"whitespace-normal\"><strong>Eletr\u00f4nicos e contatos<\/strong>?- Usado em circuitos, tubos de v\u00e1cuo, tubos de raios cat\u00f3dicos e contatos el\u00e9tricos.<\/li>\n<li class=\"whitespace-normal\"><strong>Soldagem<\/strong>?- Como material de enchimento para soldagem de metais inoxid\u00e1veis, com alto teor de n\u00edquel e refrat\u00e1rios.<\/li>\n<li class=\"whitespace-normal\"><strong>Lubrificantes<\/strong>?- Adicionado a graxas e \u00f3leos para proporcionar lubrifica\u00e7\u00e3o em ambientes de sulfeto de alta temperatura.<\/li>\n<li class=\"whitespace-normal\"><strong>Pirotecnia<\/strong>?- Combinado com outros p\u00f3s para composi\u00e7\u00f5es de retardo pirot\u00e9cnico que exigem taxas de queima controladas.<\/li>\n<\/ul>\n<h2>Especifica\u00e7\u00f5es do p\u00f3 de molibd\u00eanio<\/h2>\n<p class=\"whitespace-pre-wrap\">O p\u00f3 de molibd\u00eanio est\u00e1 dispon\u00edvel em v\u00e1rias especifica\u00e7\u00f5es:<\/p>\n<ul class=\"list-disc pl-8 space-y-2\">\n<li class=\"whitespace-normal\"><strong>Graus de pureza<\/strong>?- De pureza comercial a graus de pureza ultra-alta de 99,999%.<\/li>\n<li class=\"whitespace-normal\"><strong>Tamanhos de part\u00edculas<\/strong>?- Variando de 1 m\u00edcron a 150 m\u00edcrons para diferentes aplica\u00e7\u00f5es.<\/li>\n<li class=\"whitespace-normal\"><strong>Morfologia<\/strong>?- Est\u00e3o dispon\u00edveis formas de p\u00f3 irregulares, esf\u00e9ricas e nodulares.<\/li>\n<li class=\"whitespace-normal\"><strong>\u00c1rea de Superf\u00edcie<\/strong>?- Classes de p\u00f3 de \u00e1rea superficial baixa a alta.<\/li>\n<li class=\"whitespace-normal\"><strong>Conte\u00fado de oxig\u00eanio<\/strong>?- P\u00f3s de alta pureza e baixo teor de oxig\u00eanio para aplica\u00e7\u00f5es especiais.<\/li>\n<\/ul>\n<h2>Fornecedores globais de p\u00f3 de molibd\u00eanio<\/h2>\n<p class=\"whitespace-pre-wrap\">Alguns dos principais fornecedores globais de p\u00f3 de molibd\u00eanio incluem:<\/p>\n<ul class=\"list-disc pl-8 space-y-2\">\n<li class=\"whitespace-normal\">H.C. Starck (Alemanha)<\/li>\n<li class=\"whitespace-normal\">Molymet (EUA)<\/li>\n<li class=\"whitespace-normal\">JDC Molybdenum (China)<\/li>\n<li class=\"whitespace-normal\">Exploiter Molybdenum (China)<\/li>\n<li class=\"whitespace-normal\">Plansee (\u00c1ustria)<\/li>\n<li class=\"whitespace-normal\">Midwest Tungsten (EUA)<\/li>\n<\/ul>\n<p class=\"whitespace-pre-wrap\">Essas empresas produzem graus de p\u00f3 de molibd\u00eanio usando v\u00e1rios m\u00e9todos em n\u00edveis de pureza comercial a ultra-alta.<\/p>\n<h2>Pre\u00e7os do p\u00f3 de molibd\u00eanio<\/h2>\n<p class=\"whitespace-pre-wrap\">Os pre\u00e7os do p\u00f3 de molibd\u00eanio dependem de fatores como:<\/p>\n<ul class=\"list-disc pl-8 space-y-2\">\n<li class=\"whitespace-normal\"><strong>Grau de pureza<\/strong>?- De $5\/kg para pureza comercial a mais de $500\/kg para graus de pureza ultra-alta.<\/li>\n<li class=\"whitespace-normal\"><strong>Tamanho das part\u00edculas<\/strong>?- Os p\u00f3s em nanoescala e submicr\u00f4nicos t\u00eam pre\u00e7os mais altos.<\/li>\n<li class=\"whitespace-normal\"><strong>Morfologia<\/strong>?- Os p\u00f3s esf\u00e9ricos s\u00e3o mais valorizados do que os irregulares.<\/li>\n<li class=\"whitespace-normal\"><strong>Quantidade<\/strong>?- Os pre\u00e7os s\u00e3o reduzidos para grandes quantidades devido \u00e0 economia de escala.<\/li>\n<li class=\"whitespace-normal\"><strong>Fabricante<\/strong>?- Os principais fornecedores globais oferecem pre\u00e7os competitivos.<\/li>\n<li class=\"whitespace-normal\"><strong>Geografia<\/strong>?- Os pre\u00e7os variam em diferentes regi\u00f5es do mundo.<\/li>\n<\/ul>\n<h2>Armazenamento e manuseio do p\u00f3 de molibd\u00eanio<\/h2>\n<p class=\"whitespace-pre-wrap\">O p\u00f3 de molibd\u00eanio requer armazenamento e manuseio controlados:<\/p>\n<ul class=\"list-disc pl-8 space-y-2\">\n<li class=\"whitespace-normal\">Evite a exposi\u00e7\u00e3o ao ar e \u00e0 umidade para minimizar a oxida\u00e7\u00e3o.<\/li>\n<li class=\"whitespace-normal\">Evite o ac\u00famulo de poeira e os riscos de igni\u00e7\u00e3o de p\u00f3s finos.<\/li>\n<li class=\"whitespace-normal\">Use ventila\u00e7\u00e3o adequada e prote\u00e7\u00e3o respirat\u00f3ria ao manusear.<\/li>\n<li class=\"whitespace-normal\">Siga as precau\u00e7\u00f5es contidas na Folha de Dados de Seguran\u00e7a do fornecedor.<\/li>\n<li class=\"whitespace-normal\">Armazene os recipientes fechados em um local fresco e seco, longe de subst\u00e2ncias incompat\u00edveis.<\/li>\n<\/ul>\n<p class=\"whitespace-pre-wrap\">O aterramento adequado, a cobertura de g\u00e1s inerte e o EPI devem ser usados ao manusear o p\u00f3 de molibd\u00eanio.<\/p>\n<h2>Inspe\u00e7\u00e3o e teste de p\u00f3 de molibd\u00eanio<\/h2>\n<p class=\"whitespace-pre-wrap\">Inspe\u00e7\u00f5es e testes t\u00edpicos realizados em p\u00f3 de molibd\u00eanio:<\/p>\n<ul class=\"list-disc pl-8 space-y-2\">\n<li class=\"whitespace-normal\"><strong>An\u00e1lise qu\u00edmica<\/strong>?- T\u00e9cnicas de ICP e XRF usadas para verificar se a composi\u00e7\u00e3o atende \u00e0s especifica\u00e7\u00f5es.<\/li>\n<li class=\"whitespace-normal\"><strong>Tamanho das part\u00edculas<\/strong>An\u00e1lise de difra\u00e7\u00e3o a laser de acordo com a norma ASTM B822.<\/li>\n<li class=\"whitespace-normal\"><strong>Morfologia<\/strong>?- Imagens de SEM usadas para determinar o formato da part\u00edcula e a \u00e1rea da superf\u00edcie.<\/li>\n<li class=\"whitespace-normal\"><strong>\u00c1rea de superf\u00edcie espec\u00edfica<\/strong>?- M\u00e9todo de absor\u00e7\u00e3o de g\u00e1s BET utilizado.<\/li>\n<li class=\"whitespace-normal\"><strong>Teste de impureza<\/strong>ICP-MS usado para quantificar os n\u00edveis de oxig\u00eanio, ferro, cobre, tungst\u00eanio e outras impurezas.<\/li>\n<li class=\"whitespace-normal\"><strong>Fluxo de p\u00f3<\/strong>Testado de acordo com a norma ASTM B213 usando o medidor de vaz\u00e3o Hall.<\/li>\n<\/ul>\n<h2>Compara\u00e7\u00e3o de p\u00f3s de molibd\u00eanio e tungst\u00eanio<\/h2>\n<p class=\"whitespace-pre-wrap\">Os p\u00f3s de molibd\u00eanio e tungst\u00eanio s\u00e3o dois p\u00f3s met\u00e1licos refrat\u00e1rios comparados:<\/p>\n<table>\n<thead>\n<tr>\n<th>Par\u00e2metro<\/th>\n<th>Molibd\u00eanio<\/th>\n<th>Tungst\u00eanio<\/th>\n<\/tr>\n<\/thead>\n<tbody>\n<tr>\n<td>Densidade<\/td>\n<td>10,22 g\/cm3<\/td>\n<td>19,3 g\/cm3<\/td>\n<\/tr>\n<tr>\n<td>Ponto de Fus\u00e3o<\/td>\n<td>2623\u00a1\"C<\/td>\n<td>3422\u00a1\"C<\/td>\n<\/tr>\n<tr>\n<td>Resist\u00eancia \u00e0 Tra\u00e7\u00e3o<\/td>\n<td>350 MPa<\/td>\n<td>350 MPa<\/td>\n<\/tr>\n<tr>\n<td>Condutividade t\u00e9rmica<\/td>\n<td>138 W\/mK<\/td>\n<td>163 W\/mK<\/td>\n<\/tr>\n<tr>\n<td>Resistividade el\u00e9trica<\/td>\n<td>5.5 \u00d7'\u00ce.cm<\/td>\n<td>5.5 \u00d7'\u00ce.cm<\/td>\n<\/tr>\n<tr>\n<td>Custo<\/td>\n<td>Mais baixo<\/td>\n<td>Maior<\/td>\n<\/tr>\n<tr>\n<td>Toxicidade<\/td>\n<td>Mais baixo<\/td>\n<td>Maior<\/td>\n<\/tr>\n<\/tbody>\n<\/table>\n<p class=\"whitespace-pre-wrap\">O molibd\u00eanio tem densidade, ponto de fus\u00e3o e custo mais baixos, mas oferece resist\u00eancia e condutividade igualmente altas como o tungst\u00eanio.<\/p>\n<h2>Perguntas frequentes sobre o p\u00f3 de molibd\u00eanio<\/h2>\n<p class=\"whitespace-pre-wrap\"><strong>P: Como o p\u00f3 de molibd\u00eanio \u00e9 produzido?<\/strong><\/p>\n<p class=\"whitespace-pre-wrap\">R: Os m\u00e9todos comuns de produ\u00e7\u00e3o industrial de p\u00f3 de molibd\u00eanio incluem a redu\u00e7\u00e3o de tri\u00f3xido de molibd\u00eanio por hidrog\u00eanio e a decomposi\u00e7\u00e3o t\u00e9rmica de molibdatos seguida de redu\u00e7\u00e3o.<\/p>\n<p class=\"whitespace-pre-wrap\"><strong>P: Para que \u00e9 usado o p\u00f3 de molibd\u00eanio?<\/strong><\/p>\n<p class=\"whitespace-pre-wrap\">R: As principais aplica\u00e7\u00f5es do p\u00f3 de molibd\u00eanio incluem ligas, revestimentos de spray t\u00e9rmico, eletr\u00f4nicos, soldagem, lubrificantes, pirotecnia e como metal puro.<\/p>\n<p class=\"whitespace-pre-wrap\"><strong>P: Qual \u00e9 o tamanho do p\u00f3 usado para revestimentos por spray t\u00e9rmico?<\/strong><\/p>\n<p class=\"whitespace-pre-wrap\">R: Na maioria dos processos de pulveriza\u00e7\u00e3o t\u00e9rmica, o p\u00f3 de molibd\u00eanio \u00e9 normalmente usado em faixas de tamanho de 45 a 150 m\u00edcrons. Um p\u00f3 mais fino pode ser dif\u00edcil de derreter totalmente.<\/p>\n<p class=\"whitespace-pre-wrap\"><strong>P: O p\u00f3 de molibd\u00eanio \u00e9 inflam\u00e1vel ou explosivo?<\/strong><\/p>\n<p class=\"whitespace-pre-wrap\">R: Sim, como outros metais finamente divididos, o p\u00f3 de molibd\u00eanio pode ser potencialmente inflam\u00e1vel ou explosivo. S\u00e3o necess\u00e1rias precau\u00e7\u00f5es adequadas para o manuseio e o armazenamento seguros.<\/p>\n<p class=\"whitespace-pre-wrap\"><strong>P: Onde posso comprar p\u00f3 de molibd\u00eanio de alta pureza?<\/strong><\/p>\n<p class=\"whitespace-pre-wrap\">R: O p\u00f3 de molibd\u00eanio de pureza ultra-alta (99,999%) pode ser adquirido dos principais fornecedores, incluindo H.C. Starck, Molymet, Plansee e JDC Molybdenum.<\/p>\n<p><\/span><\/span><\/p>","protected":false},"excerpt":{"rendered":"<p>Vis\u00e3o geral do p\u00f3 de molibd\u00eanio O molibd\u00eanio \u00e9 um metal de transi\u00e7\u00e3o refrat\u00e1rio branco-prateado com ponto de fus\u00e3o muito alto, excelente resist\u00eancia \u00e0 corros\u00e3o e boa condutividade t\u00e9rmica\/el\u00e9trica. Na forma de p\u00f3, ele apresenta alta resist\u00eancia a temperaturas elevadas, al\u00e9m de estabilidade em ambientes adversos. As principais propriedades do p\u00f3 de molibd\u00eanio incluem: Resist\u00eancia a altas temperaturas e resist\u00eancia \u00e0 flu\u00eancia Excelente resist\u00eancia \u00e0 corros\u00e3o Boa...<\/p>","protected":false},"featured_media":1744,"parent":0,"template":"","meta":{"_acf_changed":false,"_kad_blocks_custom_css":"","_kad_blocks_head_custom_js":"","_kad_blocks_body_custom_js":"","_kad_blocks_footer_custom_js":"","_kad_post_transparent":"","_kad_post_title":"","_kad_post_layout":"","_kad_post_sidebar_id":"","_kad_post_content_style":"","_kad_post_vertical_padding":"","_kad_post_feature":"","_kad_post_feature_position":"","_kad_post_header":false,"_kad_post_footer":false,"_kad_post_classname":""},"product-category":[119,125],"class_list":["post-3868","product","type-product","status-publish","has-post-thumbnail","hentry","product-category-3d-printing-metal-powder","product-category-refractory-metal-powder"],"acf":[],"taxonomy_info":{"product-category":[{"value":119,"label":"3D Printing Metal Powder"},{"value":125,"label":"Refractory Metal Powder"}]},"featured_image_src_large":["https:\/\/3dpmetal.com\/wp-content\/uploads\/2024\/02\/Molybdenum-Powder.jpg",600,600,false],"author_info":[],"comment_info":"","_links":{"self":[{"href":"https:\/\/3dpmetal.com\/pt_br\/wp-json\/wp\/v2\/product\/3868","targetHints":{"allow":["GET"]}}],"collection":[{"href":"https:\/\/3dpmetal.com\/pt_br\/wp-json\/wp\/v2\/product"}],"about":[{"href":"https:\/\/3dpmetal.com\/pt_br\/wp-json\/wp\/v2\/types\/product"}],"wp:featuredmedia":[{"embeddable":true,"href":"https:\/\/3dpmetal.com\/pt_br\/wp-json\/wp\/v2\/media\/1744"}],"wp:attachment":[{"href":"https:\/\/3dpmetal.com\/pt_br\/wp-json\/wp\/v2\/media?parent=3868"}],"wp:term":[{"taxonomy":"product-category","embeddable":true,"href":"https:\/\/3dpmetal.com\/pt_br\/wp-json\/wp\/v2\/product-category?post=3868"}],"curies":[{"name":"wp","href":"https:\/\/api.w.org\/{rel}","templated":true}]}}