{"id":3879,"date":"2024-03-18T06:10:10","date_gmt":"2024-03-18T06:10:10","guid":{"rendered":"https:\/\/3dp.45612300.xyz\/product\/best-stainless-steel-316l-powder-for-3d-printing\/"},"modified":"2024-03-18T06:10:10","modified_gmt":"2024-03-18T06:10:10","slug":"best-stainless-steel-316l-powder-for-3d-printing","status":"publish","type":"product","link":"https:\/\/3dpmetal.com\/pt_br\/product\/best-stainless-steel-316l-powder-for-3d-printing\/","title":{"rendered":"Melhor p\u00f3 de a\u00e7o inoxid\u00e1vel 316L para impress\u00e3o 3D"},"content":{"rendered":"<p><span style=\"vertical-align: inherit;\"><span style=\"vertical-align: inherit;\"><\/p>\n<h2>Vis\u00e3o geral do p\u00f3 de a\u00e7o inoxid\u00e1vel 316L<\/h2>\n<p class=\"whitespace-pre-wrap\">O a\u00e7o inoxid\u00e1vel 316L pertence \u00e0 classe austen\u00edtica dos a\u00e7os inoxid\u00e1veis. A adi\u00e7\u00e3o de molibd\u00eanio 2-3%, juntamente com n\u00edquel e cromo, confere excelente resist\u00eancia \u00e0 corros\u00e3o por pite e em fresta em ambientes agressivos. O \"L\" indica menor teor de carbono para evitar a precipita\u00e7\u00e3o de carboneto durante a soldagem.<\/p>\n<p class=\"whitespace-pre-wrap\">As principais caracter\u00edsticas do p\u00f3 316L incluem:<\/p>\n<ul class=\"list-disc pl-8 space-y-2\">\n<li class=\"whitespace-normal\">Excelente resist\u00eancia \u00e0 corros\u00e3o em ambientes agressivos<\/li>\n<li class=\"whitespace-normal\">Alta resist\u00eancia \u00e0 oxida\u00e7\u00e3o e \u00e0 sulfeta\u00e7\u00e3o em temperaturas elevadas<\/li>\n<li class=\"whitespace-normal\">Muito boa soldabilidade e conformabilidade<\/li>\n<li class=\"whitespace-normal\">Estrutura austen\u00edtica n\u00e3o magn\u00e9tica<\/li>\n<li class=\"whitespace-normal\">Dispon\u00edvel em uma variedade de distribui\u00e7\u00f5es de tamanho de part\u00edculas<\/li>\n<\/ul>\n<p class=\"whitespace-pre-wrap\">O p\u00f3 316L \u00e9 adequado para aplica\u00e7\u00f5es que exigem excelente resist\u00eancia \u00e0 corros\u00e3o, como processamento qu\u00edmico, produtos farmac\u00eauticos, alimentos e bebidas, equipamentos mar\u00edtimos e implantes biom\u00e9dicos. Este artigo fornece uma vis\u00e3o geral detalhada do p\u00f3 316L.<\/p>\n<h2>Composi\u00e7\u00e3o qu\u00edmica do p\u00f3 316L<\/h2>\n<p class=\"whitespace-pre-wrap\">A composi\u00e7\u00e3o t\u00edpica do p\u00f3 316L \u00e9:<\/p>\n<table>\n<thead>\n<tr>\n<th>Elemento<\/th>\n<th>% do Peso<\/th>\n<\/tr>\n<\/thead>\n<tbody>\n<tr>\n<td>Ferro (Fe)<\/td>\n<td>Equil\u00edbrio<\/td>\n<\/tr>\n<tr>\n<td>Cromo (Cr)<\/td>\n<td>16-18%<\/td>\n<\/tr>\n<tr>\n<td>Niquel (Ni)<\/td>\n<td>10-14%<\/td>\n<\/tr>\n<tr>\n<td>Molibd\u00eanio (Mo)<\/td>\n<td>2-3%<\/td>\n<\/tr>\n<tr>\n<td>Mangan\u00eas (Mn)<\/td>\n<td>\u00a8P 2%<\/td>\n<\/tr>\n<tr>\n<td>Sil\u00edcio (Si)<\/td>\n<td>\u00a8P 1%<\/td>\n<\/tr>\n<tr>\n<td>Carbono (C)<\/td>\n<td>\u00a8P 0,03%<\/td>\n<\/tr>\n<tr>\n<td>F\u00f3sforo (P)<\/td>\n<td>\u00a8P 0,045%<\/td>\n<\/tr>\n<tr>\n<td>Enxofre (S)<\/td>\n<td>\u00a8P 0,03%<\/td>\n<\/tr>\n<\/tbody>\n<\/table>\n<p class=\"whitespace-pre-wrap\">O n\u00edquel aumenta a resist\u00eancia \u00e0 corros\u00e3o, enquanto a adi\u00e7\u00e3o de molibd\u00eanio melhora a resist\u00eancia \u00e0 corros\u00e3o por pites e fendas em ambientes que cont\u00eam cloretos. O baixo teor de carbono evita a precipita\u00e7\u00e3o de carboneto durante a soldagem.<\/p>\n<p><img loading=\"lazy\" decoding=\"async\" class=\"aligncenter wp-image-1401 size-full\" src=\"https:\/\/met3dp.com\/wp-content\/uploads\/2023\/09\/316L.png\" alt=\"A\u00e7o inoxid\u00e1vel 316L em p\u00f3\" width=\"250\" height=\"281\" title=\"\"><\/p>\n<h2>Propriedades do p\u00f3 316L<\/h2>\n<p class=\"whitespace-pre-wrap\">O p\u00f3 316L possui as seguintes propriedades:<\/p>\n<table>\n<thead>\n<tr>\n<th>Propriedade<\/th>\n<th>Valor<\/th>\n<\/tr>\n<\/thead>\n<tbody>\n<tr>\n<td>Densidade<\/td>\n<td>7,9-8,1 g\/cm3<\/td>\n<\/tr>\n<tr>\n<td>Ponto de Fus\u00e3o<\/td>\n<td>1370-1400\u00a1\u00abC<\/td>\n<\/tr>\n<tr>\n<td>Condutividade t\u00e9rmica<\/td>\n<td>16 W\/mK<\/td>\n<\/tr>\n<tr>\n<td>Resistividade el\u00e9trica<\/td>\n<td>0,75 \u00d7'\u00ce.cm<\/td>\n<\/tr>\n<tr>\n<td>M\u00f3dulo de Young<\/td>\n<td>190-210 GPa<\/td>\n<\/tr>\n<tr>\n<td>Raz\u00e3o de Poisson<\/td>\n<td>0.27-0.30<\/td>\n<\/tr>\n<tr>\n<td>Resist\u00eancia \u00e0 Tra\u00e7\u00e3o<\/td>\n<td>485-620 MPa<\/td>\n<\/tr>\n<tr>\n<td>Limite de escoamento<\/td>\n<td>170-310 MPa<\/td>\n<\/tr>\n<tr>\n<td>alongamento<\/td>\n<td>40-50%<\/td>\n<\/tr>\n<tr>\n<td>Dureza<\/td>\n<td>79-95 HRB<\/td>\n<\/tr>\n<\/tbody>\n<\/table>\n<p class=\"whitespace-pre-wrap\">O 316L oferece excelente resist\u00eancia \u00e0 corros\u00e3o combinada com boa conformabilidade e soldabilidade. A estrutura austen\u00edtica proporciona boa tenacidade e ductilidade.<\/p>\n<h2>M\u00e9todo de produ\u00e7\u00e3o do p\u00f3 316L<\/h2>\n<p class=\"whitespace-pre-wrap\">Os m\u00e9todos comuns de produ\u00e7\u00e3o do p\u00f3 316L incluem:<\/p>\n<ul class=\"list-disc pl-8 space-y-2\">\n<li class=\"whitespace-normal\"><strong>Atomiza\u00e7\u00e3o a g\u00e1s<\/strong>Jatos de g\u00e1s inerte desintegram o fluxo da liga 316L fundida em p\u00f3s esf\u00e9ricos finos com distribui\u00e7\u00e3o de tamanho controlada.<\/li>\n<li class=\"whitespace-normal\"><strong>Atomiza\u00e7\u00e3o da \u00c1gua<\/strong>?- O jato de \u00e1gua de alta press\u00e3o impacta e desintegra o metal fundido para produzir part\u00edculas finas e irregulares de p\u00f3.<\/li>\n<li class=\"whitespace-normal\"><strong>Liga\u00e7\u00e3o Mec\u00e2nica<\/strong>?- Moagem com esferas de p\u00f3s elementares misturados seguida de sinteriza\u00e7\u00e3o e atomiza\u00e7\u00e3o secund\u00e1ria.<\/li>\n<\/ul>\n<p class=\"whitespace-pre-wrap\">A atomiza\u00e7\u00e3o a g\u00e1s permite excelente controle sobre as caracter\u00edsticas das part\u00edculas, como tamanho, forma, capta\u00e7\u00e3o de oxig\u00eanio e microestrutura.<\/p>\n<h2>Aplica\u00e7\u00f5es do p\u00f3 316L<\/h2>\n<p class=\"whitespace-pre-wrap\">As aplica\u00e7\u00f5es t\u00edpicas do p\u00f3 316L incluem:<\/p>\n<ul class=\"list-disc pl-8 space-y-2\">\n<li class=\"whitespace-normal\"><strong>Manufatura aditiva<\/strong>?- Os processos de fus\u00e3o em leito de p\u00f3 e jato de aglutinante usam p\u00f3 316L para pe\u00e7as qu\u00edmicas, mar\u00edtimas e biom\u00e9dicas.<\/li>\n<li class=\"whitespace-normal\"><strong>Modelagem por Inje\u00e7\u00e3o de Metais<\/strong>?- Para fabricar componentes pequenos e complexos que precisam de resist\u00eancia \u00e0 corros\u00e3o.<\/li>\n<li class=\"whitespace-normal\"><strong>Revestimentos por Proje\u00e7\u00e3o T\u00e9rmica<\/strong>Deposi\u00e7\u00e3o de spray de arco de arame para produzir revestimentos protetores em ambientes adversos.<\/li>\n<li class=\"whitespace-normal\"><strong>Materiais de consumo de soldagem<\/strong>?- Usado como material de enchimento para unir componentes de 316L, proporcionando excelente resist\u00eancia de solda.<\/li>\n<li class=\"whitespace-normal\"><strong>Processamento qu\u00edmico<\/strong>?- Vasos, bandejas e cestos de metalurgia do p\u00f3 usados nos setores qu\u00edmico e farmac\u00eautico.<\/li>\n<\/ul>\n<h2>Especifica\u00e7\u00f5es do p\u00f3 316L<\/h2>\n<p class=\"whitespace-pre-wrap\">O p\u00f3 316L est\u00e1 dispon\u00edvel em diferentes faixas de tamanho, formas e n\u00edveis de pureza:<\/p>\n<ul class=\"list-disc pl-8 space-y-2\">\n<li class=\"whitespace-normal\"><strong>Tamanho da part\u00edcula:<\/strong>De 10-45 \u00d7m para m\u00e9todos AM, at\u00e9 150 \u00d7m para processos de spray t\u00e9rmico.<\/li>\n<li class=\"whitespace-normal\"><strong>Morfologia:<\/strong>Formas de part\u00edculas esf\u00e9ricas, irregulares e misturadas. O p\u00f3 esf\u00e9rico liso proporciona um fluxo ideal.<\/li>\n<li class=\"whitespace-normal\"><strong>Pureza:<\/strong>Desde o comercial at\u00e9 o de alta pureza (99,9%), adaptado aos requisitos da aplica\u00e7\u00e3o.<\/li>\n<li class=\"whitespace-normal\"><strong>Oxig\u00eanio:<\/strong>N\u00edveis mantidos em 100-1000 ppm para a maioria das aplica\u00e7\u00f5es.<\/li>\n<li class=\"whitespace-normal\"><strong>Taxa de fluxo:<\/strong>P\u00f3 personalizado para taxas de fluxo acima de 25 s\/50 g.<\/li>\n<\/ul>\n<h2>Fornecedores globais de p\u00f3 316L<\/h2>\n<p class=\"whitespace-pre-wrap\">Alguns dos principais fornecedores globais de p\u00f3 316L incluem:<\/p>\n<ul class=\"list-disc pl-8 space-y-2\">\n<li class=\"whitespace-normal\">Sandvik Osprey (Reino Unido)<\/li>\n<li class=\"whitespace-normal\">Hoganas (Su\u00e9cia)<\/li>\n<li class=\"whitespace-normal\">Carpenter Powder Products (EUA)<\/li>\n<li class=\"whitespace-normal\">Praxair (EUA)<\/li>\n<li class=\"whitespace-normal\">Oerlikon Metco (Su\u00ed\u00e7a)<\/li>\n<li class=\"whitespace-normal\">LPW Technology (Reino Unido)<\/li>\n<\/ul>\n<p class=\"whitespace-pre-wrap\">Essas empresas produzem v\u00e1rios graus de p\u00f3 316L sob medida para manufatura aditiva, spray t\u00e9rmico, moldagem por inje\u00e7\u00e3o de metal e outras aplica\u00e7\u00f5es.<\/p>\n<h2>Pre\u00e7o do p\u00f3 316L<\/h2>\n<p class=\"whitespace-pre-wrap\">Os pre\u00e7os do p\u00f3 316L dependem de fatores como:<\/p>\n<ul class=\"list-disc pl-8 space-y-2\">\n<li class=\"whitespace-normal\">Graus de pureza<\/li>\n<li class=\"whitespace-normal\">Caracter\u00edsticas das part\u00edculas<\/li>\n<li class=\"whitespace-normal\">Quantidade do Pedido<\/li>\n<li class=\"whitespace-normal\">Processamento adicional<\/li>\n<li class=\"whitespace-normal\">Fabricante e localiza\u00e7\u00e3o geogr\u00e1fica<\/li>\n<\/ul>\n<table>\n<thead>\n<tr>\n<th>Nota<\/th>\n<th>Faixa de pre\u00e7o<\/th>\n<\/tr>\n<\/thead>\n<tbody>\n<tr>\n<td>Comercial<\/td>\n<td>$15-25 por kg<\/td>\n<\/tr>\n<tr>\n<td>Alta Pureza<\/td>\n<td>$25 - 50 por kg.<\/td>\n<\/tr>\n<tr>\n<td>Ultrafina<\/td>\n<td>$50-120 por kg<\/td>\n<\/tr>\n<tr>\n<td>Qualidade Especial<\/td>\n<td>US$ 120-250 o Kg<\/td>\n<\/tr>\n<\/tbody>\n<\/table>\n<p class=\"whitespace-pre-wrap\">Os p\u00f3s de alta pureza, atomizados a g\u00e1s, com tamanho de part\u00edcula controlado, t\u00eam pre\u00e7os muito mais altos do que o p\u00f3 316L de grau comercial comum.<\/p>\n<h2>Armazenamento e manuseio do p\u00f3 316L<\/h2>\n<p class=\"whitespace-pre-wrap\">O p\u00f3 316L deve ser manuseado com cuidado:<\/p>\n<ul class=\"list-disc pl-8 space-y-2\">\n<li class=\"whitespace-normal\">Evita o contato com umidade, \u00e1cidos etc., o que leva \u00e0 corros\u00e3o<\/li>\n<li class=\"whitespace-normal\">Evite o ac\u00famulo de p\u00f3 fino para minimizar o risco de explos\u00f5es de poeira<\/li>\n<li class=\"whitespace-normal\">Use ventila\u00e7\u00e3o adequada e EPI ao manusear p\u00f3s finos<\/li>\n<li class=\"whitespace-normal\">Seguir as pr\u00e1ticas recomendadas pelo SDS do fornecedor<\/li>\n<li class=\"whitespace-normal\">Armazene os recipientes fechados em uma atmosfera seca e inerte<\/li>\n<\/ul>\n<p class=\"whitespace-pre-wrap\">Medidas de prote\u00e7\u00e3o adequadas devem ser tomadas ao manusear p\u00f3s de ligas reativas como o 316L.<\/p>\n<h2>Inspe\u00e7\u00e3o e teste do p\u00f3 316L<\/h2>\n<p class=\"whitespace-pre-wrap\">Principais testes de controle de qualidade realizados no p\u00f3 316L:<\/p>\n<ul class=\"list-disc pl-8 space-y-2\">\n<li class=\"whitespace-normal\">An\u00e1lise qu\u00edmica usando OES ou XRF para garantir que a composi\u00e7\u00e3o est\u00e1 dentro dos limites especificados<\/li>\n<li class=\"whitespace-normal\">Distribui\u00e7\u00e3o do tamanho de part\u00edculas conforme a norma ASTM B822<\/li>\n<li class=\"whitespace-normal\">An\u00e1lise morfol\u00f3gica por meio de imagens MEV<\/li>\n<li class=\"whitespace-normal\">Taxa de fluxo de p\u00f3 medida de acordo com a norma ASTM B213<\/li>\n<li class=\"whitespace-normal\">Determina\u00e7\u00e3o de densidade por picnometria de h\u00e9lio<\/li>\n<li class=\"whitespace-normal\">Teste de impureza por ICP-MS<\/li>\n<li class=\"whitespace-normal\">Caracteriza\u00e7\u00e3o da microestrutura por difra\u00e7\u00e3o de raios X<\/li>\n<\/ul>\n<p class=\"whitespace-pre-wrap\">Testes minuciosos garantem que o p\u00f3 atenda \u00e0s caracter\u00edsticas qu\u00edmicas, f\u00edsicas e microestruturais necess\u00e1rias para a aplica\u00e7\u00e3o pretendida.<\/p>\n<h2>Compara\u00e7\u00e3o entre os p\u00f3s de a\u00e7o inoxid\u00e1vel 316L e 304L<\/h2>\n<p class=\"whitespace-pre-wrap\">P\u00f3s de a\u00e7o inoxid\u00e1vel 316L e 304L comparados:<\/p>\n<table>\n<thead>\n<tr>\n<th>Par\u00e2metro<\/th>\n<th>316L<\/th>\n<th>304L<\/th>\n<\/tr>\n<\/thead>\n<tbody>\n<tr>\n<td>Composi\u00e7\u00e3o<\/td>\n<td>Fe-Cr-Ni-Mo<\/td>\n<td>Fe-Cr-Ni<\/td>\n<\/tr>\n<tr>\n<td>Resist\u00eancia \u00e0 corros\u00e3o<\/td>\n<td>Muito melhor<\/td>\n<td>Bom<\/td>\n<\/tr>\n<tr>\n<td>Custo<\/td>\n<td>Maior<\/td>\n<td>Mais baixo<\/td>\n<\/tr>\n<tr>\n<td>Resist\u00eancia \u00e0 temperatura<\/td>\n<td>Melhor<\/td>\n<td>Bom<\/td>\n<\/tr>\n<tr>\n<td>Soldabilidade<\/td>\n<td>Excelente<\/td>\n<td>Excelente<\/td>\n<\/tr>\n<tr>\n<td>Disponibilidade<\/td>\n<td>Moderado<\/td>\n<td>Excelente<\/td>\n<\/tr>\n<tr>\n<td>APLICATIVOS<\/td>\n<td>Marinha, ind\u00fastria qu\u00edmica<\/td>\n<td>Produtos de consumo, eletrodom\u00e9sticos<\/td>\n<\/tr>\n<\/tbody>\n<\/table>\n<p class=\"whitespace-pre-wrap\">O 316L oferece uma resist\u00eancia \u00e0 corros\u00e3o substancialmente melhor, enquanto o 304L \u00e9 mais econ\u00f4mico para aplica\u00e7\u00f5es menos exigentes.<\/p>\n<h2>Perguntas frequentes sobre o p\u00f3 316L<\/h2>\n<p class=\"whitespace-pre-wrap\"><strong>P: Como o p\u00f3 de a\u00e7o inoxid\u00e1vel 316L \u00e9 produzido?<\/strong><\/p>\n<p class=\"whitespace-pre-wrap\">R: O p\u00f3 de 316L \u00e9 produzido comercialmente usando atomiza\u00e7\u00e3o a g\u00e1s, atomiza\u00e7\u00e3o a \u00e1gua e liga mec\u00e2nica seguida de sinteriza\u00e7\u00e3o. A atomiza\u00e7\u00e3o a g\u00e1s oferece o melhor controle das caracter\u00edsticas do p\u00f3.<\/p>\n<p class=\"whitespace-pre-wrap\"><strong>P: Quais s\u00e3o as principais aplica\u00e7\u00f5es do p\u00f3 316L?<\/strong><\/p>\n<p class=\"whitespace-pre-wrap\">R: As principais aplica\u00e7\u00f5es do p\u00f3 316L incluem manufatura aditiva, moldagem por inje\u00e7\u00e3o de metal, revestimentos por spray t\u00e9rmico e pe\u00e7as de metalurgia do p\u00f3 para os setores qu\u00edmico, mar\u00edtimo, farmac\u00eautico e aliment\u00edcio que necessitam de excelente resist\u00eancia \u00e0 corros\u00e3o.<\/p>\n<p class=\"whitespace-pre-wrap\"><strong>P: Qual \u00e9 o tamanho de p\u00f3 316L recomendado para o jato de aglutinante AM?<\/strong><\/p>\n<p class=\"whitespace-pre-wrap\">R: Para o processo de jateamento de aglutinante, a faixa t\u00edpica de tamanho do p\u00f3 de 316L \u00e9 de 20 a 45 m\u00edcrons com morfologia esf\u00e9rica para otimizar a densidade do leito de p\u00f3 e a infiltra\u00e7\u00e3o do aglutinante.<\/p>\n<p class=\"whitespace-pre-wrap\"><strong>P: O p\u00f3 316L requer precau\u00e7\u00f5es especiais de manuseio?<\/strong><\/p>\n<p class=\"whitespace-pre-wrap\">R: Sim, o 316L \u00e9 um p\u00f3 de liga reativa e deve ser manuseado com cuidado sob umidade controlada e atmosfera inerte, usando aterramento, ventila\u00e7\u00e3o e EPI adequados.<\/p>\n<p class=\"whitespace-pre-wrap\"><strong>P: Onde posso comprar p\u00f3 316L adequado para implantes biom\u00e9dicos?<\/strong><\/p>\n<p class=\"whitespace-pre-wrap\">R: O p\u00f3 316L atomizado a g\u00e1s de alta pureza que atende \u00e0s especifica\u00e7\u00f5es biom\u00e9dicas pode ser adquirido dos principais fabricantes, como Sandvik Osprey, Hoganas, Carpenter Powder Products e LPW Technology.<\/p>\n<p><\/span><\/span><\/p>","protected":false},"excerpt":{"rendered":"<p>Vis\u00e3o geral do a\u00e7o inoxid\u00e1vel 316L P\u00f3 O a\u00e7o inoxid\u00e1vel 316L pertence \u00e0 classe austen\u00edtica dos a\u00e7os inoxid\u00e1veis. A adi\u00e7\u00e3o de molibd\u00eanio 2-3%, juntamente com n\u00edquel e cromo, proporciona excelente resist\u00eancia \u00e0 corros\u00e3o por pite e em fresta em ambientes agressivos. O \"L\" indica menor teor de carbono para evitar a precipita\u00e7\u00e3o de carboneto durante a soldagem. As principais caracter\u00edsticas do p\u00f3 316L incluem:...<\/p>","protected":false},"featured_media":1720,"parent":0,"template":"","meta":{"_acf_changed":false,"_kad_blocks_custom_css":"","_kad_blocks_head_custom_js":"","_kad_blocks_body_custom_js":"","_kad_blocks_footer_custom_js":"","_kad_post_transparent":"","_kad_post_title":"","_kad_post_layout":"","_kad_post_sidebar_id":"","_kad_post_content_style":"","_kad_post_vertical_padding":"","_kad_post_feature":"","_kad_post_feature_position":"","_kad_post_header":false,"_kad_post_footer":false,"_kad_post_classname":""},"product-category":[119,122],"class_list":["post-3879","product","type-product","status-publish","has-post-thumbnail","hentry","product-category-3d-printing-metal-powder","product-category-iron-based-alloy-powder"],"acf":[],"taxonomy_info":{"product-category":[{"value":119,"label":"3D Printing Metal Powder"},{"value":122,"label":"Iron Based Alloy Powder"}]},"featured_image_src_large":["https:\/\/3dpmetal.com\/wp-content\/uploads\/2024\/02\/316L-Stainless-Steel-Powder.png",600,600,false],"author_info":[],"comment_info":"","_links":{"self":[{"href":"https:\/\/3dpmetal.com\/pt_br\/wp-json\/wp\/v2\/product\/3879","targetHints":{"allow":["GET"]}}],"collection":[{"href":"https:\/\/3dpmetal.com\/pt_br\/wp-json\/wp\/v2\/product"}],"about":[{"href":"https:\/\/3dpmetal.com\/pt_br\/wp-json\/wp\/v2\/types\/product"}],"wp:featuredmedia":[{"embeddable":true,"href":"https:\/\/3dpmetal.com\/pt_br\/wp-json\/wp\/v2\/media\/1720"}],"wp:attachment":[{"href":"https:\/\/3dpmetal.com\/pt_br\/wp-json\/wp\/v2\/media?parent=3879"}],"wp:term":[{"taxonomy":"product-category","embeddable":true,"href":"https:\/\/3dpmetal.com\/pt_br\/wp-json\/wp\/v2\/product-category?post=3879"}],"curies":[{"name":"wp","href":"https:\/\/api.w.org\/{rel}","templated":true}]}}