{"id":3885,"date":"2024-03-18T06:10:10","date_gmt":"2024-03-18T06:10:10","guid":{"rendered":"https:\/\/3dp.45612300.xyz\/product\/best-ti-6al-4v-powder-%c2%a8xtc4-powder%c2%a8ofor-additive-manufacturing\/"},"modified":"2024-04-07T05:40:16","modified_gmt":"2024-04-07T05:40:16","slug":"best-ti-6al-4v-powder","status":"publish","type":"product","link":"https:\/\/3dpmetal.com\/pt_br\/product\/best-ti-6al-4v-powder\/","title":{"rendered":"Melhor p\u00f3 de Ti-6Al-4V"},"content":{"rendered":"<p><span style=\"vertical-align: inherit;\"><span style=\"vertical-align: inherit;\"><\/p>\n<h2>Vis\u00e3o geral do TC4 Powder<\/h2>\n<p class=\"whitespace-pre-wrap\">O TC4 pertence ao sistema de liga de tit\u00e2nio de duas fases \u00cf \"+\u00c9\u00c7. O alum\u00ednio estabiliza a fase alfa, enquanto o van\u00e1dio \u00e9 um estabilizador beta. Isso resulta em um bom equil\u00edbrio de resist\u00eancia, ductilidade e propriedades de alta temperatura.<\/p>\n<p class=\"whitespace-pre-wrap\">As principais caracter\u00edsticas do p\u00f3 TC4 incluem:<\/p>\n<ul class=\"list-disc pl-8 space-y-2\">\n<li class=\"whitespace-normal\">Alta rela\u00e7\u00e3o resist\u00eancia-peso<\/li>\n<li class=\"whitespace-normal\">Excelente resist\u00eancia \u00e0 fadiga e resist\u00eancia \u00e0 fratura<\/li>\n<li class=\"whitespace-normal\">Boa resist\u00eancia \u00e0 flu\u00eancia em temperaturas elevadas<\/li>\n<li class=\"whitespace-normal\">Alta resist\u00eancia \u00e0 corros\u00e3o<\/li>\n<li class=\"whitespace-normal\">Dispon\u00edvel em uma variedade de distribui\u00e7\u00f5es de tamanho de part\u00edculas<\/li>\n<\/ul>\n<p class=\"whitespace-pre-wrap\">O p\u00f3 TC4 surgiu como uma excelente op\u00e7\u00e3o para reduzir o peso e melhorar o desempenho em aplica\u00e7\u00f5es aeroespaciais, automotivas, m\u00e9dicas e outras aplica\u00e7\u00f5es exigentes.<\/p>\n<h2>Composi\u00e7\u00e3o do TC4 em p\u00f3<\/h2>\n<p class=\"whitespace-pre-wrap\">O p\u00f3 TC4 tem a seguinte composi\u00e7\u00e3o nominal:<\/p>\n<table>\n<thead>\n<tr>\n<th>Elemento<\/th>\n<th>% do Peso<\/th>\n<\/tr>\n<\/thead>\n<tbody>\n<tr>\n<td>Tit\u00e2nio (Ti)<\/td>\n<td>Equil\u00edbrio<\/td>\n<\/tr>\n<tr>\n<td>Alum\u00ednio (Al)<\/td>\n<td>5.5-6.75%<\/td>\n<\/tr>\n<tr>\n<td>Van\u00e1dio (V)<\/td>\n<td>3.5-4.5%<\/td>\n<\/tr>\n<tr>\n<td>Ferro (Fe)<\/td>\n<td>0-0.40%<\/td>\n<\/tr>\n<tr>\n<td>Oxig\u00eanio (O)<\/td>\n<td>0-0.20%<\/td>\n<\/tr>\n<tr>\n<td>Carbono (C)<\/td>\n<td>0-0.08%<\/td>\n<\/tr>\n<tr>\n<td>Nitrog\u00eanio (N)<\/td>\n<td>0-0.05%<\/td>\n<\/tr>\n<\/tbody>\n<\/table>\n<p>&nbsp;<\/p>\n<p class=\"whitespace-pre-wrap\">A quantidade de alum\u00ednio e van\u00e1dio pode ser otimizada para atingir as propriedades mec\u00e2nicas desejadas. Os n\u00edveis de impureza de oxig\u00eanio, nitrog\u00eanio e carbono s\u00e3o minimizados.<\/p>\n<h2>Propriedades do TC4 em p\u00f3<\/h2>\n<p class=\"whitespace-pre-wrap\">As principais propriedades do p\u00f3 TC4 incluem:<\/p>\n<table>\n<thead>\n<tr>\n<th>Propriedade<\/th>\n<th>Valor<\/th>\n<\/tr>\n<\/thead>\n<tbody>\n<tr>\n<td>Densidade<\/td>\n<td>4,41-4,43 g\/cm3<\/td>\n<\/tr>\n<tr>\n<td>Ponto de Fus\u00e3o<\/td>\n<td>1600-1660\u00a1\"C<\/td>\n<\/tr>\n<tr>\n<td>Condutividade t\u00e9rmica<\/td>\n<td>6,7 W\/mK<\/td>\n<\/tr>\n<tr>\n<td>Resistividade el\u00e9trica<\/td>\n<td>1,7 \u00d7'\u00ce.cm<\/td>\n<\/tr>\n<tr>\n<td>M\u00f3dulo de Young<\/td>\n<td>110 GPa<\/td>\n<\/tr>\n<tr>\n<td>Raz\u00e3o de Poisson<\/td>\n<td>0.32-0.34<\/td>\n<\/tr>\n<tr>\n<td>Resist\u00eancia \u00e0 Tra\u00e7\u00e3o<\/td>\n<td>900-1200 MPa<\/td>\n<\/tr>\n<tr>\n<td>Limite de escoamento<\/td>\n<td>860-900 MPa<\/td>\n<\/tr>\n<tr>\n<td>alongamento<\/td>\n<td>8-15%<\/td>\n<\/tr>\n<tr>\n<td>Resist\u00eancia \u00e0 fadiga<\/td>\n<td>400-500 MPa<\/td>\n<\/tr>\n<\/tbody>\n<\/table>\n<p>&nbsp;<\/p>\n<p class=\"whitespace-pre-wrap\">As propriedades como alta rela\u00e7\u00e3o resist\u00eancia-peso, resist\u00eancia \u00e0 fadiga, flu\u00eancia e resist\u00eancia \u00e0 corros\u00e3o tornam o TC4 adequado para aplica\u00e7\u00f5es cr\u00edticas em todos os setores.<\/p>\n<h2>M\u00e9todo de produ\u00e7\u00e3o do p\u00f3 TC4<\/h2>\n<p class=\"whitespace-pre-wrap\">O p\u00f3 TC4 pode ser produzido por meio de m\u00e9todos como:<\/p>\n<ul class=\"list-disc pl-8 space-y-2\">\n<li class=\"whitespace-normal\"><strong>Atomiza\u00e7\u00e3o a g\u00e1s<\/strong>?- Jato de g\u00e1s inerte de alta press\u00e3o usado para atomizar a liga TC4 derretida, resultando em part\u00edculas de p\u00f3 esf\u00e9ricas.<\/li>\n<li class=\"whitespace-normal\"><strong>Processo de eletrodo rotativo a plasma<\/strong>?- A desintegra\u00e7\u00e3o centr\u00edfuga do fluxo de metal fundido em r\u00e1pida rota\u00e7\u00e3o produz um p\u00f3 esf\u00e9rico.<\/li>\n<li class=\"whitespace-normal\"><strong>Processo de hidreto-desidreto<\/strong>O hidreto de tit\u00e2nio \u00e9 decomposto para produzir p\u00f3 fino de tit\u00e2nio, que \u00e9 ent\u00e3o misturado com outros p\u00f3s elementares.<\/li>\n<\/ul>\n<p class=\"whitespace-pre-wrap\">A atomiza\u00e7\u00e3o a g\u00e1s oferece excelente controle sobre as caracter\u00edsticas do p\u00f3, como a distribui\u00e7\u00e3o do tamanho das part\u00edculas, a morfologia e a fluidez.<\/p>\n<h2>Aplica\u00e7\u00f5es do p\u00f3 TC4<\/h2>\n<p class=\"whitespace-pre-wrap\">O p\u00f3 TC4 \u00e9 comumente usado em:<\/p>\n<ul class=\"list-disc pl-8 space-y-2\">\n<li class=\"whitespace-normal\"><strong>Manufatura aditiva<\/strong>?- Fus\u00e3o seletiva a laser para produzir pe\u00e7as estruturais leves para o setor aeroespacial e automotivo.<\/li>\n<li class=\"whitespace-normal\"><strong>Modelagem por Inje\u00e7\u00e3o de Metais<\/strong>?- Para fabricar componentes pequenos e complexos em forma de rede, como fixadores, elos e instrumentos cir\u00fargicos.<\/li>\n<li class=\"whitespace-normal\"><strong>Revestimentos por Proje\u00e7\u00e3o T\u00e9rmica<\/strong>?- Aplicado por plasma ou pulveriza\u00e7\u00e3o HVOF para proporcionar resist\u00eancia ao desgaste\/corros\u00e3o em aplica\u00e7\u00f5es mar\u00edtimas, de petr\u00f3leo e g\u00e1s e biom\u00e9dicas.<\/li>\n<li class=\"whitespace-normal\"><strong>Metalurgia do p\u00f3<\/strong>?- Prensagem e sinteriza\u00e7\u00e3o para criar pe\u00e7as de alta resist\u00eancia, como l\u00e2minas de compressores e turbinas.<\/li>\n<\/ul>\n<h2>Especifica\u00e7\u00f5es do TC4 Powder<\/h2>\n<p class=\"whitespace-pre-wrap\">O p\u00f3 TC4 est\u00e1 dispon\u00edvel em v\u00e1rias faixas de tamanho, formas e n\u00edveis de pureza:<\/p>\n<ul class=\"list-disc pl-8 space-y-2\">\n<li class=\"whitespace-normal\"><strong>Tamanho da part\u00edcula:<\/strong>De 15-45 \u00d7m para m\u00e9todos AM, at\u00e9 100 \u00d7m para processos de spray t\u00e9rmico.<\/li>\n<li class=\"whitespace-normal\"><strong>Morfologia:<\/strong>O formato quase esf\u00e9rico do p\u00f3 proporciona fluxo e densidade de empacotamento ideais.<\/li>\n<li class=\"whitespace-normal\"><strong>Pureza:<\/strong>De pureza comercial a n\u00edveis de alta pureza com base nos limites de impureza e nos requisitos do processo.<\/li>\n<li class=\"whitespace-normal\"><strong>Oxig\u00eanio:<\/strong>N\u00edveis mantidos abaixo de 2000 ppm para a maioria das aplica\u00e7\u00f5es.<\/li>\n<li class=\"whitespace-normal\"><strong>Taxa de fluxo:<\/strong>P\u00f3 personalizado para excelentes taxas de fluxo acima de 25 s\/50 g.<\/li>\n<\/ul>\n<h2>Fornecedores globais de TC4 em p\u00f3<\/h2>\n<p class=\"whitespace-pre-wrap\">Alguns dos principais fornecedores globais de p\u00f3 TC4 incluem:<\/p>\n<ul class=\"list-disc pl-8 space-y-2\">\n<li class=\"whitespace-normal\">AP&amp;C (Canad\u00e1)<\/li>\n<li class=\"whitespace-normal\">TLS Technik (Alemanha)<\/li>\n<li class=\"whitespace-normal\">Tekna (Canad\u00e1)<\/li>\n<li class=\"whitespace-normal\">Sandvik Osprey (Reino Unido)<\/li>\n<li class=\"whitespace-normal\">Advanced Powders (EUA)<\/li>\n<li class=\"whitespace-normal\">CNPC Powder Group (China)<\/li>\n<\/ul>\n<p class=\"whitespace-pre-wrap\">Essas empresas produzem v\u00e1rios graus de p\u00f3 TC4 adaptados para manufatura aditiva, spray t\u00e9rmico, metalurgia do p\u00f3 e outras aplica\u00e7\u00f5es.<\/p>\n<h2>Pre\u00e7o do TC4 Powder<\/h2>\n<p class=\"whitespace-pre-wrap\">O pre\u00e7o do p\u00f3 TC4 \u00e9 mais alto do que o dos a\u00e7os e das ligas de n\u00edquel:<\/p>\n<ul class=\"list-disc pl-8 space-y-2\">\n<li class=\"whitespace-normal\"><strong>Quantidade<\/strong>?- $100-150 por kg para pedidos em massa acima de 500 kg. Quantidades menores t\u00eam pre\u00e7os significativamente mais altos.<\/li>\n<li class=\"whitespace-normal\"><strong>Qualidade<\/strong>P\u00f3 esf\u00e9rico de alta pureza, fabricado sob condi\u00e7\u00f5es rigorosamente controladas, usando processos avan\u00e7ados, exige um pre\u00e7o premium.<\/li>\n<li class=\"whitespace-normal\"><strong>Fornecedor<\/strong>?- Os principais fornecedores globais oferecem vantagens de custo em compara\u00e7\u00e3o com os fabricantes menores devido aos maiores volumes de produ\u00e7\u00e3o.<\/li>\n<li class=\"whitespace-normal\"><strong>Geografia<\/strong>?- Os pre\u00e7os variam entre as regi\u00f5es, sendo que a Europa e a Am\u00e9rica do Norte s\u00e3o mercados com pre\u00e7os mais altos em compara\u00e7\u00e3o com a \u00c1sia.<\/li>\n<\/ul>\n<p class=\"whitespace-pre-wrap\">Para aplica\u00e7\u00f5es cr\u00edticas, os compradores devem se concentrar na qualidade, e n\u00e3o no menor custo, ao adquirir o p\u00f3 TC4.<\/p>\n<h2>Armazenamento e manuseio do TC4 em p\u00f3<\/h2>\n<p class=\"whitespace-pre-wrap\">O p\u00f3 TC4 requer armazenamento e manuseio cuidadosos:<\/p>\n<ul class=\"list-disc pl-8 space-y-2\">\n<li class=\"whitespace-normal\">Deve ser armazenado em recipientes fechados sob g\u00e1s inerte, como arg\u00f4nio, para evitar a oxida\u00e7\u00e3o.<\/li>\n<li class=\"whitespace-normal\">Evite o ac\u00famulo de p\u00f3 fino para minimizar o risco de explos\u00f5es de poeira.<\/li>\n<li class=\"whitespace-normal\">Use EPI, ventila\u00e7\u00e3o, aterramento e pr\u00e1ticas de seguran\u00e7a adequados durante o manuseio do p\u00f3.<\/li>\n<li class=\"whitespace-normal\">Evite o contato entre o p\u00f3 e fontes de igni\u00e7\u00e3o devido ao risco de inflamabilidade.<\/li>\n<li class=\"whitespace-normal\">Siga as diretrizes de seguran\u00e7a aplic\u00e1veis do SDS do fornecedor.<\/li>\n<\/ul>\n<p class=\"whitespace-pre-wrap\">Deve-se ter cuidado ao manusear esse p\u00f3 reativo de liga fina de tit\u00e2nio.<\/p>\n<h2>Inspe\u00e7\u00e3o e teste do p\u00f3 TC4<\/h2>\n<p class=\"whitespace-pre-wrap\">Principais testes de controle de qualidade realizados no p\u00f3 TC4:<\/p>\n<ul class=\"list-disc pl-8 space-y-2\">\n<li class=\"whitespace-normal\">An\u00e1lise qu\u00edmica usando ICP-OES ou XRF para garantir que a composi\u00e7\u00e3o atenda \u00e0s especifica\u00e7\u00f5es.<\/li>\n<li class=\"whitespace-normal\">Distribui\u00e7\u00e3o de tamanho de part\u00edcula usando difra\u00e7\u00e3o a laser de acordo com a norma ASTM B822.<\/li>\n<li class=\"whitespace-normal\">An\u00e1lise da morfologia por meio de imagens de MEV.<\/li>\n<li class=\"whitespace-normal\">Medi\u00e7\u00e3o da taxa de fluxo de p\u00f3 usando o medidor de fluxo Hall de acordo com a norma ASTM B213.<\/li>\n<li class=\"whitespace-normal\">Medi\u00e7\u00e3o da densidade por picnometria de h\u00e9lio.<\/li>\n<li class=\"whitespace-normal\">An\u00e1lise de impurezas por meio de fus\u00e3o de g\u00e1s inerte ou ICP-MS.<\/li>\n<li class=\"whitespace-normal\">Caracteriza\u00e7\u00e3o microestrutural por difra\u00e7\u00e3o de raios X<\/li>\n<\/ul>\n<p class=\"whitespace-pre-wrap\">Testes minuciosos garantem a consist\u00eancia do lote e a qualidade do p\u00f3 para a aplica\u00e7\u00e3o pretendida.<\/p>\n<h2>Compara\u00e7\u00e3o entre os p\u00f3s TC4 e Ti6Al4V<\/h2>\n<p class=\"whitespace-pre-wrap\">TC4 e Ti6Al4V s\u00e3o dois p\u00f3s de liga de tit\u00e2nio comparados:<\/p>\n<table>\n<thead>\n<tr>\n<th>Par\u00e2metro<\/th>\n<th>TC4<\/th>\n<th>Ti6Al4V<\/th>\n<\/tr>\n<\/thead>\n<tbody>\n<tr>\n<td>Conte\u00fado de alum\u00ednio<\/td>\n<td>5.5-6.75%<\/td>\n<td>5.5-6.75%<\/td>\n<\/tr>\n<tr>\n<td>Teor de van\u00e1dio<\/td>\n<td>3.5-4.5%<\/td>\n<td>3.5-4.5%<\/td>\n<\/tr>\n<tr>\n<td>Densidade<\/td>\n<td>Maior<\/td>\n<td>Mais baixo<\/td>\n<\/tr>\n<tr>\n<td>Resist\u00eancia \u00e0 Tra\u00e7\u00e3o<\/td>\n<td>Maior<\/td>\n<td>Mais baixo<\/td>\n<\/tr>\n<tr>\n<td>Ductilidade<\/td>\n<td>Mais baixo<\/td>\n<td>Maior<\/td>\n<\/tr>\n<tr>\n<td>Resist\u00eancia \u00e0 oxida\u00e7\u00e3o<\/td>\n<td>Similar<\/td>\n<td>Similar<\/td>\n<\/tr>\n<tr>\n<td>Custo<\/td>\n<td>Maior<\/td>\n<td>Mais baixo<\/td>\n<\/tr>\n<\/tbody>\n<\/table>\n<p>&nbsp;<\/p>\n<p class=\"whitespace-pre-wrap\">O TC4 oferece maior resist\u00eancia, enquanto o Ti6Al4V oferece melhor ductilidade. O TC4 \u00e9 adequado para aplica\u00e7\u00f5es mais exigentes, apesar do custo mais alto.<\/p>\n<h2>Perguntas frequentes sobre o TC4 Powder<\/h2>\n<p class=\"whitespace-pre-wrap\"><strong>P: Como o p\u00f3 TC4 \u00e9 produzido?<\/strong><\/p>\n<p class=\"whitespace-pre-wrap\">R: O p\u00f3 de TC4 \u00e9 produzido comercialmente por meio de atomiza\u00e7\u00e3o de g\u00e1s, processo de eletrodo rotativo de plasma e processo de hidreto-desidreto. A atomiza\u00e7\u00e3o a g\u00e1s oferece o melhor controle das caracter\u00edsticas das part\u00edculas.<\/p>\n<p class=\"whitespace-pre-wrap\"><strong>P: Quais s\u00e3o as principais aplica\u00e7\u00f5es do p\u00f3 TC4?<\/strong><\/p>\n<p class=\"whitespace-pre-wrap\">R: As principais aplica\u00e7\u00f5es do p\u00f3 TC4 incluem manufatura aditiva, revestimentos por spray t\u00e9rmico, moldagem por inje\u00e7\u00e3o de metal e metalurgia do p\u00f3 para fabricar pe\u00e7as estruturais leves e de alta resist\u00eancia.<\/p>\n<p class=\"whitespace-pre-wrap\"><strong>P: Qual \u00e9 o tamanho t\u00edpico do p\u00f3 TC4 usado para fus\u00e3o seletiva a laser?<\/strong><\/p>\n<p class=\"whitespace-pre-wrap\">R: Para o processo SLM, a faixa ideal de tamanho do p\u00f3 TC4 \u00e9 de 15 a 45 m\u00edcrons com morfologia esf\u00e9rica e bom fluxo de p\u00f3 e densidade de empacotamento.<\/p>\n<p class=\"whitespace-pre-wrap\"><strong>P: O p\u00f3 TC4 requer precau\u00e7\u00f5es especiais de manuseio?<\/strong><\/p>\n<p class=\"whitespace-pre-wrap\">R: Sim, ele \u00e9 altamente reativo e requer manuseio cuidadoso em atmosfera inerte, com ventila\u00e7\u00e3o adequada, aterramento e EPI para evitar riscos de inc\u00eandio ou explos\u00e3o.<\/p>\n<p class=\"whitespace-pre-wrap\"><strong>P: Onde posso comprar o p\u00f3 TC4 adequado para aplica\u00e7\u00f5es aeroespaciais?<\/strong><\/p>\n<p class=\"whitespace-pre-wrap\">R: Para pe\u00e7as aeroespaciais que necessitam de alta resist\u00eancia, o p\u00f3 TC4 pode ser adquirido dos principais fabricantes, incluindo AP&amp;C, TLS Technik, Tekna, Sandvik Osprey e Advanced Powders.<\/p>\n<p><\/span><\/span><\/p>","protected":false},"excerpt":{"rendered":"<p>Vis\u00e3o geral do p\u00f3 TC4 O TC4 pertence ao sistema de liga de tit\u00e2nio de duas fases \u00cf \"+\u00c9\u00c7. O alum\u00ednio estabiliza a fase alfa, enquanto o van\u00e1dio \u00e9 um estabilizador beta. Isso resulta em um bom equil\u00edbrio de resist\u00eancia, ductilidade e propriedades de alta temperatura. As principais caracter\u00edsticas do p\u00f3 TC4 incluem: Alta rela\u00e7\u00e3o resist\u00eancia\/peso Excelente resist\u00eancia \u00e0 fadiga e resist\u00eancia \u00e0 fratura Boa flu\u00eancia...<\/p>","protected":false},"featured_media":1774,"parent":0,"template":"","meta":{"_acf_changed":false,"_kad_blocks_custom_css":"","_kad_blocks_head_custom_js":"","_kad_blocks_body_custom_js":"","_kad_blocks_footer_custom_js":"","_kad_post_transparent":"","_kad_post_title":"","_kad_post_layout":"","_kad_post_sidebar_id":"","_kad_post_content_style":"","_kad_post_vertical_padding":"","_kad_post_feature":"","_kad_post_feature_position":"","_kad_post_header":false,"_kad_post_footer":false,"_kad_post_classname":""},"product-category":[119,123],"class_list":["post-3885","product","type-product","status-publish","has-post-thumbnail","hentry","product-category-3d-printing-metal-powder","product-category-titanium-based-alloy-powder"],"acf":[],"taxonomy_info":{"product-category":[{"value":119,"label":"3D Printing Metal Powder"},{"value":123,"label":"Titanium Based Alloy Powder"}]},"featured_image_src_large":["https:\/\/3dpmetal.com\/wp-content\/uploads\/2024\/02\/TC4-ELI-Powder.jpg",600,600,false],"author_info":[],"comment_info":"","_links":{"self":[{"href":"https:\/\/3dpmetal.com\/pt_br\/wp-json\/wp\/v2\/product\/3885","targetHints":{"allow":["GET"]}}],"collection":[{"href":"https:\/\/3dpmetal.com\/pt_br\/wp-json\/wp\/v2\/product"}],"about":[{"href":"https:\/\/3dpmetal.com\/pt_br\/wp-json\/wp\/v2\/types\/product"}],"wp:featuredmedia":[{"embeddable":true,"href":"https:\/\/3dpmetal.com\/pt_br\/wp-json\/wp\/v2\/media\/1774"}],"wp:attachment":[{"href":"https:\/\/3dpmetal.com\/pt_br\/wp-json\/wp\/v2\/media?parent=3885"}],"wp:term":[{"taxonomy":"product-category","embeddable":true,"href":"https:\/\/3dpmetal.com\/pt_br\/wp-json\/wp\/v2\/product-category?post=3885"}],"curies":[{"name":"wp","href":"https:\/\/api.w.org\/{rel}","templated":true}]}}