{"id":3895,"date":"2024-03-18T06:10:12","date_gmt":"2024-03-18T06:10:12","guid":{"rendered":"https:\/\/3dp.45612300.xyz\/product\/feconicr-powder\/"},"modified":"2024-03-18T06:10:12","modified_gmt":"2024-03-18T06:10:12","slug":"feconicr-powder","status":"publish","type":"product","link":"https:\/\/3dpmetal.com\/pt_br\/product\/feconicr-powder\/","title":{"rendered":"P\u00f3 de FeCoNiCr"},"content":{"rendered":"<p><span style=\"vertical-align: inherit;\"><span style=\"vertical-align: inherit;\"><\/p>\n<h2>Descri\u00e7\u00e3o geral do FeCoNiCr em p\u00f3<\/h2>\n<p class=\"whitespace-pre-wrap\">O FeCoNiCr pertence a uma classe de ligas de alto desempenho que exibem boas propriedades mec\u00e2nicas, estabilidade microestrutural e resist\u00eancia ambiental em temperaturas elevadas acima de 750 \u00b0C. O ferro e o cobalto fornecem resist\u00eancia. O n\u00edquel aprimora a ductilidade e a tenacidade. O cromo oferece resist\u00eancia \u00e0 oxida\u00e7\u00e3o e \u00e0 corros\u00e3o.<\/p>\n<p class=\"whitespace-pre-wrap\">Caracter\u00edsticas fundamentais do p\u00f3 FeCoNiCr incluem:<\/p>\n<ul class=\"list-disc pl-8 space-y-2\">\n<li class=\"whitespace-normal\">Excelente resist\u00eancia \u00e0 alta temperatura e \u00e0 flu\u00eancia<\/li>\n<li class=\"whitespace-normal\">Boa resist\u00eancia e tenacidade \u00e0 fadiga<\/li>\n<li class=\"whitespace-normal\">Alta dureza, resist\u00eancia ao desgaste e \u00e0 abras\u00e3o<\/li>\n<li class=\"whitespace-normal\">Excelente resist\u00eancia \u00e0 corros\u00e3o e oxida\u00e7\u00e3o<\/li>\n<li class=\"whitespace-normal\">Dispon\u00edvel em v\u00e1rios tamanhos de part\u00edcula e morfologias<\/li>\n<\/ul>\n<p class=\"whitespace-pre-wrap\">O p\u00f3 de FeCoNiCr \u00e9 projetado para revestimentos protetores, pulveriza\u00e7\u00e3o t\u00e9rmica, soldagem, fabrica\u00e7\u00e3o aditiva e outras aplica\u00e7\u00f5es de alta temperatura que exigem resist\u00eancia, dureza e resist\u00eancia ambiental.<\/p>\n<h2>Composi\u00e7\u00e3o do P\u00f3 de FeCoNiCr<\/h2>\n<p class=\"whitespace-pre-wrap\">O p\u00f3 de FeCoNiCr tem a seguinte composi\u00e7\u00e3o nominal:<\/p>\n<table>\n<thead>\n<tr>\n<th>Elemento<\/th>\n<th>Composi\u00e7\u00e3o<\/th>\n<\/tr>\n<\/thead>\n<tbody>\n<tr>\n<td>Ferro (Fe)<\/td>\n<td>Equil\u00edbrio<\/td>\n<\/tr>\n<tr>\n<td>Cobalto (Co)<\/td>\n<td>35-50%<\/td>\n<\/tr>\n<tr>\n<td>Niquel (Ni)<\/td>\n<td>10-30%<\/td>\n<\/tr>\n<tr>\n<td>Cromo (Cr)<\/td>\n<td>8-12%<\/td>\n<\/tr>\n<tr>\n<td>Carbono (C)<\/td>\n<td>&lt; 0,5%<\/td>\n<\/tr>\n<tr>\n<td>Sil\u00edcio (Si)<\/td>\n<td>&lt;1,5%<\/td>\n<\/tr>\n<tr>\n<td>Mangan\u00eas (Mn)<\/td>\n<td>&lt;1%<\/td>\n<\/tr>\n<\/tbody>\n<\/table>\n<p><img loading=\"lazy\" decoding=\"async\" class=\"size-medium wp-image-1409 aligncenter\" src=\"https:\/\/met3dp.com\/wp-content\/uploads\/2023\/09\/ed7a94ec-3c10-4b1b-87ed--300x300.jpg\" alt=\"P\u00f3 de FeCoNiCr\" width=\"300\" height=\"300\" title=\"\"><\/p>\n<p class=\"whitespace-pre-wrap\">Os n\u00edveis de cobalto, n\u00edquel e cr\u00f3mio podem ser ajustados com base em requisitos para otimizar as propriedades mec\u00e2nicas e resist\u00eancia ambiental. As impurezas s\u00e3o minimizadas.<\/p>\n<h2>Propriedades do P\u00f3 FeCoNiCr<\/h2>\n<p class=\"whitespace-pre-wrap\">Propriedades fundamentais do p\u00f3 de FeCoNiCr incluem:<\/p>\n<table>\n<thead>\n<tr>\n<th>Propriedade<\/th>\n<th>Valor<\/th>\n<\/tr>\n<\/thead>\n<tbody>\n<tr>\n<td>Densidade<\/td>\n<td>7,5-8,2 g\/cm\u00b3<\/td>\n<\/tr>\n<tr>\n<td>Ponto de Fus\u00e3o<\/td>\n<td>1300-1400 d.C.<\/td>\n<\/tr>\n<tr>\n<td>Condutividade t\u00e9rmica<\/td>\n<td>10-30 W\/mK<\/td>\n<\/tr>\n<tr>\n<td>Resistividade el\u00e9trica<\/td>\n<td>65-85 cm de largura<\/td>\n<\/tr>\n<tr>\n<td>M\u00f3dulo de Young<\/td>\n<td>190-220 GPa<\/td>\n<\/tr>\n<tr>\n<td>Raz\u00e3o de Poisson<\/td>\n<td>0.28-0.32<\/td>\n<\/tr>\n<tr>\n<td>Resist\u00eancia \u00e0 Tra\u00e7\u00e3o<\/td>\n<td>600-1100 MPa<\/td>\n<\/tr>\n<tr>\n<td>Limite de escoamento<\/td>\n<td>450-800 MPa<\/td>\n<\/tr>\n<tr>\n<td>alongamento<\/td>\n<td>15-30%<\/td>\n<\/tr>\n<tr>\n<td>Dureza<\/td>\n<td>30-50 HRC<\/td>\n<\/tr>\n<\/tbody>\n<\/table>\n<p>&nbsp;<\/p>\n<p class=\"whitespace-pre-wrap\">As propriedades como resist\u00eancia a altas temperaturas, dureza, resist\u00eancia ao desgaste e resist\u00eancia \u00e0 corros\u00e3o a tornam adequada para as aplica\u00e7\u00f5es mais exigentes.<\/p>\n<h2>**M\u00e9todo de Produ\u00e7\u00e3o de P\u00f3 de FeCoNiCr**<\/h2>\n<p class=\"whitespace-pre-wrap\">O p\u00f3 de FeCoNiCr pode ser produzido via:<\/p>\n<ul class=\"list-disc pl-8 space-y-2\">\n<li class=\"whitespace-normal\"><strong>Atomiza\u00e7\u00e3o a g\u00e1s<\/strong>?- G\u00e1s inerte de alta press\u00e3o usado para atomizar uma liga fundida resultando em um p\u00f3 esf\u00e9rico fino ideal para FA.<\/li>\n<li class=\"whitespace-normal\"><strong>Atomiza\u00e7\u00e3o da \u00c1gua<\/strong>?- Jato de \u00e1gua em alta velocidade quebra metal derretido em part\u00edculas irregulares de p\u00f3. Econ\u00f4mico, mas maior absor\u00e7\u00e3o de oxig\u00eanio.<\/li>\n<li class=\"whitespace-normal\"><strong>Liga\u00e7\u00e3o Mec\u00e2nica<\/strong>?- Moagem com esferas de p\u00f3s elementares misturados seguida de sinteriza\u00e7\u00e3o e atomiza\u00e7\u00e3o secund\u00e1ria.<\/li>\n<\/ul>\n<p class=\"whitespace-pre-wrap\">A atomiza\u00e7\u00e3o de g\u00e1s oferece o melhor controle sobre tamanho das part\u00edculas, forma, pureza e microestrutura.<\/p>\n<h2>Aplica\u00e7\u00f5es do P\u00f3 de FeCoNiCr<\/h2>\n<p class=\"whitespace-pre-wrap\">Aplica\u00e7\u00f5es t\u00edpicas do p\u00f3 FeCoNiCr incluem:<\/p>\n<ul class=\"list-disc pl-8 space-y-2\">\n<li class=\"whitespace-normal\"><strong>Revestimentos por Proje\u00e7\u00e3o T\u00e9rmica<\/strong>- HVOF ou spray de plasma para depositar revestimentos espessos resistentes \u00e0 corros\u00e3o e desgaste em ferramentas, moldes, v\u00e1lvulas, rolamentos etc.<\/li>\n<li class=\"whitespace-normal\"><strong>Manufatura aditiva<\/strong>? - Fus\u00e3o Seletiva a Laser para produ\u00e7\u00e3o de componentes complexos para ambientes de alta temperatura.<\/li>\n<li class=\"whitespace-normal\"><strong>Filler de Solda<\/strong>?- Fornece excelente resist\u00eancia \u00e0 temperatura elevada, dureza e resist\u00eancia \u00e0 corros\u00e3o na zona de solda.<\/li>\n<li class=\"whitespace-normal\"><strong>Solda de Brasagem<\/strong>?- Utilizado para unir componentes que operam em temperaturas muito altas, que requerem resist\u00eancia \u00e0 oxida\u00e7\u00e3o.<\/li>\n<li class=\"whitespace-normal\"><strong>Processamento de Vidro<\/strong>Rodillos transportadores de metalurgia do p\u00f3 com alta resist\u00eancia a temperatura utilizados em fornos de fus\u00e3o de vidro.<\/li>\n<\/ul>\n<h2>Especifica\u00e7\u00f5es do p\u00f3 de FeCoNiCr<\/h2>\n<p class=\"whitespace-pre-wrap\">Pode-se obter p\u00f3 de FeCoNiCr em uma variedade de tamanhos, formatos, graus e n\u00edveis de pureza:<\/p>\n<ul class=\"list-disc pl-8 space-y-2\">\n<li class=\"whitespace-normal\"><strong>Tamanho da part\u00edcula:<\/strong>?De 15 a 45 \u00b5m para m\u00e9todos AM, at\u00e9 150 \u00b5m para processos de proje\u00e7\u00e3o t\u00e9rmica.<\/li>\n<li class=\"whitespace-normal\"><strong>Morfologia:<\/strong>?Formas esf\u00e9ricas, irregulares e mistas. O p\u00f3 esf\u00e9rico proporciona \u00f3timo fluxo e preenchimento.<\/li>\n<li class=\"whitespace-normal\"><strong>Pureza:<\/strong>?De pureza comercial a graus de pureza ultra alta com base em rigorosa an\u00e1lise qu\u00edmica e requisitos de aplica\u00e7\u00e3o.<\/li>\n<li class=\"whitespace-normal\"><strong>\u00c1rea superficial:<\/strong>?\u00c1rea de superf\u00edcie baixa preferida para minimizar a oxida\u00e7\u00e3o durante o manuseio e o armazenamento.<\/li>\n<li class=\"whitespace-normal\"><strong>Notas:<\/strong>? Composi\u00e7\u00e3o e metalurgia do p\u00f3 sob medida, adaptadas para a aplica\u00e7\u00e3o pretendida e para o m\u00e9todo de processamento.<\/li>\n<\/ul>\n<h2>Fornecedores globais de p\u00f3 FeCoNiCr<\/h2>\n<p class=\"whitespace-pre-wrap\">Alguns dos principais fornecedores globais de FeCoNiCr em p\u00f3 incluem:<\/p>\n<ul class=\"list-disc pl-8 space-y-2\">\n<li class=\"whitespace-normal\">Sandvik Osprey (Reino Unido)<\/li>\n<li class=\"whitespace-normal\">Erasteel (Fran\u00e7a)<\/li>\n<li class=\"whitespace-normal\">Tekna (Canad\u00e1)<\/li>\n<li class=\"whitespace-normal\">Edgetech Industries (EUA)<\/li>\n<li class=\"whitespace-normal\">Hoganas (Su\u00e9cia)<\/li>\n<li class=\"whitespace-normal\">CNPC Powder (China)<\/li>\n<\/ul>\n<p class=\"whitespace-pre-wrap\">Essas empresas produzem v\u00e1rios graus de FeCoNiCr em p\u00f3 usando atomiza\u00e7\u00e3o de g\u00e1s, atomiza\u00e7\u00e3o de \u00e1gua e processos de liga mec\u00e2nica personalizados para aplica\u00e7\u00f5es espec\u00edficas.<\/p>\n<h2>Pre\u00e7o do p\u00f3 de FeCoNiCr<\/h2>\n<p class=\"whitespace-pre-wrap\">Os pre\u00e7os do p\u00f3 de FeCoNiCr dependem de fatores como:<\/p>\n<ul class=\"list-disc pl-8 space-y-2\">\n<li class=\"whitespace-normal\">Composi\u00e7\u00e3o, n\u00edveis de pureza<\/li>\n<li class=\"whitespace-normal\">Tamanho da part\u00edcula de p\u00f3 e morfologia<\/li>\n<li class=\"whitespace-normal\">M\u00e9todo de produ\u00e7\u00e3o<\/li>\n<li class=\"whitespace-normal\">Volume do pedido<\/li>\n<li class=\"whitespace-normal\">Fabricante e local<\/li>\n<\/ul>\n<table>\n<thead>\n<tr>\n<th>Nota<\/th>\n<th>Faixa de pre\u00e7o<\/th>\n<\/tr>\n<\/thead>\n<tbody>\n<tr>\n<td>Comercial<\/td>\n<td>R$ 60-120 o kg<\/td>\n<\/tr>\n<tr>\n<td>Alta Pureza<\/td>\n<td>US$ 120-250 o Kg<\/td>\n<\/tr>\n<tr>\n<td>Ultrafina<\/td>\n<td>250-450 por kg<\/td>\n<\/tr>\n<tr>\n<td>Qualidade Especial<\/td>\n<td>$450-850 o kg<\/td>\n<\/tr>\n<\/tbody>\n<\/table>\n<p>&nbsp;<\/p>\n<p class=\"whitespace-pre-wrap\">P\u00f3s atomizados \u00e0 g\u00e1s, com tamanho de part\u00edcula controlado e alta pureza, custam muito mais caro do que as classes comerciais.<\/p>\n<h2>Armazenamento e Manuseio do P\u00f3 de FeCoNiCr<\/h2>\n<p class=\"whitespace-pre-wrap\">Os procedimento apropriados de armazenagem e manuseio do p\u00f3 de FeCoNiCr incluem:<\/p>\n<ul class=\"list-disc pl-8 space-y-2\">\n<li class=\"whitespace-normal\">Conservar em recipientes fechados sob g\u00e1s inerte para evitar a oxida\u00e7\u00e3o<\/li>\n<li class=\"whitespace-normal\">Evite o ac\u00famulo de p\u00f3 fino para controlar riscos de explos\u00e3o<\/li>\n<li class=\"whitespace-normal\">Utilize EPIs adequados, ventila\u00e7\u00e3o e pr\u00e1ticas de seguran\u00e7a ao manusear<\/li>\n<li class=\"whitespace-normal\">Evite contato do p\u00f3 com materiais incompat\u00edveis<\/li>\n<li class=\"whitespace-normal\">Siga as orienta\u00e7\u00f5es de seguran\u00e7a aplic\u00e1veis do SDS do fornecedor<\/li>\n<\/ul>\n<p class=\"whitespace-pre-wrap\">Cuidados e medidas de prote\u00e7\u00e3o s\u00e3o essenciais no manuseio deste p\u00f3 de liga reativa.<\/p>\n<h2>Inspe\u00e7\u00e3o e Teste do P\u00f3 FeCoNiCr<\/h2>\n<p class=\"whitespace-pre-wrap\">Testes de controle de qualidade realizados em p\u00f3 de FeCoNiCr:<\/p>\n<ul class=\"list-disc pl-8 space-y-2\">\n<li class=\"whitespace-normal\">An\u00e1lise qu\u00edmica usando OES ou XRF para garantir que a composi\u00e7\u00e3o est\u00e1 dentro dos limites especificados<\/li>\n<li class=\"whitespace-normal\">Distribui\u00e7\u00e3o do tamanho de part\u00edculas por difra\u00e7\u00e3o a laser de acordo com o padr\u00e3o ASTM B822<\/li>\n<li class=\"whitespace-normal\">An\u00e1lise morfol\u00f3gica por meio de imagens MEV<\/li>\n<li class=\"whitespace-normal\">Medi\u00e7\u00e3o da taxa de fluxo de p\u00f3 conforme o padr\u00e3o ASTM B213<\/li>\n<li class=\"whitespace-normal\">Determina\u00e7\u00e3o de densidade por picnometria de h\u00e9lio<\/li>\n<li class=\"whitespace-normal\">Teste de impurezas usando ICP-MS<\/li>\n<li class=\"whitespace-normal\">Caracteriza\u00e7\u00e3o microestrutural por an\u00e1lise de fases XRD<\/li>\n<\/ul>\n<p class=\"whitespace-pre-wrap\">Testes completos verificam a qualidade do p\u00f3 e a consist\u00eancia para a aplica\u00e7\u00e3o pretendida a altas temperaturas.<\/p>\n<h2>Compara\u00e7\u00e3o entre os p\u00f3s de a\u00e7o inoxid\u00e1vel FeCoNiCr e 316L<\/h2>\n<p class=\"whitespace-pre-wrap\">P\u00f3s de FeCoNiCr e a\u00e7o inoxid\u00e1vel 316L comparados:<\/p>\n<table>\n<thead>\n<tr>\n<th>Par\u00e2metro<\/th>\n<th>FeCoNiCr<\/th>\n<th>A\u00e7o inox 316L<\/th>\n<\/tr>\n<\/thead>\n<tbody>\n<tr>\n<td>Composi\u00e7\u00e3o<\/td>\n<td>Liga de alta temperatura quatern\u00e1ria<\/td>\n<td>Liga inoxid\u00e1vel Fe-Cr-Ni<\/td>\n<\/tr>\n<tr>\n<td>Custo<\/td>\n<td>Maior<\/td>\n<td>Mais baixo<\/td>\n<\/tr>\n<tr>\n<td>Resist\u00eancia a altas temperaturas<\/td>\n<td>Muito melhor<\/td>\n<td>Moderado<\/td>\n<\/tr>\n<tr>\n<td>Resist\u00eancia \u00e0 corros\u00e3o<\/td>\n<td>Compar\u00e1vel<\/td>\n<td>Melhor<\/td>\n<\/tr>\n<tr>\n<td>Condutividade t\u00e9rmica<\/td>\n<td>Maior<\/td>\n<td>Mais baixo<\/td>\n<\/tr>\n<tr>\n<td>Trabalhabilidade<\/td>\n<td>Moderado<\/td>\n<td>Excelente<\/td>\n<\/tr>\n<tr>\n<td>APLICATIVOS<\/td>\n<td>Espartir t\u00e9rmico, FA<\/td>\n<td>Automotivo, constru\u00e7\u00e3o<\/td>\n<\/tr>\n<\/tbody>\n<\/table>\n<p>&nbsp;<\/p>\n<p class=\"whitespace-pre-wrap\">FeCoNiCr oferece for\u00e7a superior em alta temperatura, enquanto 316L oferece melhores caracter\u00edsticas de fabrica\u00e7\u00e3o e resist\u00eancia \u00e0 corros\u00e3o a um custo menor.<\/p>\n<h2>Perguntas frequentes sobre p\u00f3 de FeCoNiCr<\/h2>\n<p class=\"whitespace-pre-wrap\"><strong>P: Como \u00e9 feito o p\u00f3 de FeCoNiCr?<\/strong><\/p>\n<p class=\"whitespace-pre-wrap\">R: O p\u00f3 de FeCoNiCr \u00e9 produzido comercialmente usando atomiza\u00e7\u00e3o com g\u00e1s, atomiza\u00e7\u00e3o com \u00e1gua e ligas mec\u00e2nicas seguidas de sinteriza\u00e7\u00e3o. A atomiza\u00e7\u00e3o com g\u00e1s oferece as melhores caracter\u00edsticas do p\u00f3.<\/p>\n<p class=\"whitespace-pre-wrap\"><strong>**P:** Quais s\u00e3o as principais aplica\u00e7\u00f5es para o p\u00f3 de FeCoNiCr?<\/strong><\/p>\n<p class=\"whitespace-pre-wrap\">As principais aplica\u00e7\u00f5es incluem revestimentos com jato t\u00e9rmico, manufatura aditiva, material de solda para brasagem, ferramenta de trabalho a quente de metalurgia do p\u00f3, equipamento de processamento de vidro onde \u00e9 necess\u00e1ria resist\u00eancia e for\u00e7a a altas temperaturas.<\/p>\n<p class=\"whitespace-pre-wrap\"><strong>P: Qual \u00e9 o tamanho de part\u00edcula recomendado para proje\u00e7\u00e3o t\u00e9rmica?<\/strong><\/p>\n<p class=\"whitespace-pre-wrap\">A: Para a maioria dos processos de pulveriza\u00e7\u00e3o t\u00e9rmica, uma faixa de tamanho de 45 a 150 m\u00edcrons \u00e9 preferencial para o p\u00f3 de FeCoNiCr para maximizar a efici\u00eancia de deposi\u00e7\u00e3o e as propriedades do revestimento.<\/p>\n<p class=\"whitespace-pre-wrap\"><strong>P: Ser\u00e1 que o p\u00f3 de FeCoNiCr requer algumas precau\u00e7\u00f5es de manuseio especiais?<\/strong><\/p>\n<p class=\"whitespace-pre-wrap\">R: Sim, medidas de prote\u00e7\u00e3o adequadas s\u00e3o essenciais ao manusear este reativo p\u00f3 de liga fina, incluindo atmosfera inerte, aterramento, ventila\u00e7\u00e3o e EPI.<\/p>\n<p class=\"whitespace-pre-wrap\"><strong>P: Onde posso comprar p\u00f3 de FeCoNiCr adequado para fabrica\u00e7\u00e3o aditiva?<\/strong><\/p>\n<p class=\"whitespace-pre-wrap\">Para aplica\u00e7\u00f5es de AM que exigem resist\u00eancia a altas temperaturas, \u00e9 poss\u00edvel comprar p\u00f3 FeCoNiCr fino de fabricantes l\u00edderes como Sandvik, Erasteel, Tekna e Edgetech Industries.<\/p>\n<p><\/span><\/span><\/p>","protected":false},"excerpt":{"rendered":"<p>Vis\u00e3o geral do p\u00f3 de FeCoNiCr O FeCoNiCr pertence a uma classe de ligas de alto desempenho que apresentam boas propriedades mec\u00e2nicas, estabilidade microestrutural e resist\u00eancia ambiental em temperaturas elevadas superiores a 750\u00a1\"C. O ferro e o cobalto proporcionam resist\u00eancia. O n\u00edquel aumenta a ductilidade e a resist\u00eancia. O cromo proporciona resist\u00eancia \u00e0 oxida\u00e7\u00e3o e \u00e0 corros\u00e3o. As principais caracter\u00edsticas do p\u00f3 FeCoNiCr incluem: Excelente resist\u00eancia a altas temperaturas e...<\/p>","protected":false},"featured_media":1792,"parent":0,"template":"","meta":{"_acf_changed":false,"_kad_blocks_custom_css":"","_kad_blocks_head_custom_js":"","_kad_blocks_body_custom_js":"","_kad_blocks_footer_custom_js":"","_kad_post_transparent":"","_kad_post_title":"","_kad_post_layout":"","_kad_post_sidebar_id":"","_kad_post_content_style":"","_kad_post_vertical_padding":"","_kad_post_feature":"","_kad_post_feature_position":"","_kad_post_header":false,"_kad_post_footer":false,"_kad_post_classname":""},"product-category":[119,127],"class_list":["post-3895","product","type-product","status-publish","has-post-thumbnail","hentry","product-category-3d-printing-metal-powder","product-category-high-entropy-alloy-powder"],"acf":[],"taxonomy_info":{"product-category":[{"value":119,"label":"3D Printing Metal Powder"},{"value":127,"label":"High Entropy Alloy Powder"}]},"featured_image_src_large":["https:\/\/3dpmetal.com\/wp-content\/uploads\/2024\/02\/FeCoNiCrMo.jpg",500,432,false],"author_info":[],"comment_info":"","_links":{"self":[{"href":"https:\/\/3dpmetal.com\/pt_br\/wp-json\/wp\/v2\/product\/3895","targetHints":{"allow":["GET"]}}],"collection":[{"href":"https:\/\/3dpmetal.com\/pt_br\/wp-json\/wp\/v2\/product"}],"about":[{"href":"https:\/\/3dpmetal.com\/pt_br\/wp-json\/wp\/v2\/types\/product"}],"wp:featuredmedia":[{"embeddable":true,"href":"https:\/\/3dpmetal.com\/pt_br\/wp-json\/wp\/v2\/media\/1792"}],"wp:attachment":[{"href":"https:\/\/3dpmetal.com\/pt_br\/wp-json\/wp\/v2\/media?parent=3895"}],"wp:term":[{"taxonomy":"product-category","embeddable":true,"href":"https:\/\/3dpmetal.com\/pt_br\/wp-json\/wp\/v2\/product-category?post=3895"}],"curies":[{"name":"wp","href":"https:\/\/api.w.org\/{rel}","templated":true}]}}