{"id":3896,"date":"2024-03-18T06:10:14","date_gmt":"2024-03-18T06:10:14","guid":{"rendered":"https:\/\/3dp.45612300.xyz\/product\/pure-aluminum-powder\/"},"modified":"2024-03-18T06:10:14","modified_gmt":"2024-03-18T06:10:14","slug":"pure-aluminum-powder","status":"publish","type":"product","link":"https:\/\/3dpmetal.com\/pt_br\/product\/pure-aluminum-powder\/","title":{"rendered":"P\u00f3 de alum\u00ednio puro"},"content":{"rendered":"<p><span style=\"vertical-align: inherit;\"><span style=\"vertical-align: inherit;\"><\/p>\n<h2>Vis\u00e3o geral do P\u00f3 de Alum\u00ednio Puro<\/h2>\n<p class=\"whitespace-pre-wrap\">O p\u00f3 de alum\u00ednio puro cont\u00e9m 99% ou mais de conte\u00fado de alum\u00ednio. Ele fornece baixa densidade combinada com boa ductilidade, condutividade e resist\u00eancia \u00e0 corros\u00e3o.<\/p>\n<p class=\"whitespace-pre-wrap\">Principais propriedades e vantagens do alum\u00ednio puro em p\u00f3 incluem:<\/p>\n<p class=\"whitespace-pre-wrap\"><strong>Propriedades e Caracter\u00edsticas do P\u00f3 de Alum\u00ednio Puro<\/strong><\/p>\n<table>\n<thead>\n<tr>\n<th>Propriedades<\/th>\n<th>Detalhes<\/th>\n<\/tr>\n<\/thead>\n<tbody>\n<tr>\n<td>Composi\u00e7\u00e3o<\/td>\n<td>Teor de Al 99% ou maior<\/td>\n<\/tr>\n<tr>\n<td>Densidade<\/td>\n<td>2,7 g\/cc<\/td>\n<\/tr>\n<tr>\n<td>Formas das Part\u00edculas<\/td>\n<td>Esf\u00e9rico, irregular<\/td>\n<\/tr>\n<tr>\n<td>Tamanho da linha<\/td>\n<td>1-150 micrometro<\/td>\n<\/tr>\n<tr>\n<td>Densidade Aparente<\/td>\n<td>At\u00e9 50% de densidade real<\/td>\n<\/tr>\n<tr>\n<td>Condutividade<\/td>\n<td>Excelente condutividade el\u00e9trica e t\u00e9rmica<\/td>\n<\/tr>\n<tr>\n<td>Resist\u00eancia \u00e0 corros\u00e3o<\/td>\n<td>Bom em raz\u00e3o de camada protetora de \u00f3xido<\/td>\n<\/tr>\n<\/tbody>\n<\/table>\n<p class=\"whitespace-pre-wrap\">O p\u00f3 de alum\u00ednio puro \u00e9 apropriado para aplica\u00e7\u00f5es como solda termita, ferramentas de diamante, revestimentos condutores, pirotecnia e moldagem por inje\u00e7\u00e3o de metal.<\/p>\n<h2>Composi\u00e7\u00f5es de P\u00f3 de Alum\u00ednio Puro<\/h2>\n<p class=\"whitespace-pre-wrap\">Composi\u00e7\u00e3o t\u00edpica de p\u00f3 de aluminio puro:<\/p>\n<p class=\"whitespace-pre-wrap\"><strong>Composi\u00e7\u00f5es de P\u00f3 de Alum\u00ednio Puro<\/strong><\/p>\n<table>\n<thead>\n<tr>\n<th>Elemento<\/th>\n<th>% do Peso<\/th>\n<\/tr>\n<\/thead>\n<tbody>\n<tr>\n<td>Alum\u00ednio (Al)<\/td>\n<td>M\u00ednimo 99%<\/td>\n<\/tr>\n<tr>\n<td>Sil\u00edcio (Si)<\/td>\n<td>M\u00e1x. 0,5%<\/td>\n<\/tr>\n<tr>\n<td>Ferro (Fe)<\/td>\n<td>M\u00e1x. 0,5%<\/td>\n<\/tr>\n<tr>\n<td>Cobre (Cu)<\/td>\n<td>m\u00e1x 0,05%<\/td>\n<\/tr>\n<tr>\n<td>Mangan\u00eas (Mn)<\/td>\n<td>m\u00e1x 0,05%<\/td>\n<\/tr>\n<tr>\n<td>Magn\u00e9sio (Mg)<\/td>\n<td>m\u00e1x 0,05%<\/td>\n<\/tr>\n<tr>\n<td>Outras impurezas<\/td>\n<td>m\u00e1x 0,05%<\/td>\n<\/tr>\n<\/tbody>\n<\/table>\n<ul class=\"list-disc pl-8 space-y-2\">\n<li class=\"whitespace-normal\">O alum\u00ednio proporciona baixa densidade, ductilidade e condutividade<\/li>\n<li class=\"whitespace-normal\">Os n\u00edveis de impureza de outros elementos s\u00e3o cuidadosamente controlados<\/li>\n<li class=\"whitespace-normal\">Alta pureza do alum\u00ednio proporciona \u00f3tima condutividade el\u00e9trica e t\u00e9rmica<\/li>\n<\/ul>\n<p class=\"whitespace-pre-wrap\">O elevado teor de alum\u00ednio garante excelente condutividade combinado \u00e0 boa resist\u00eancia \u00e0 corros\u00e3o e moderada resist\u00eancia.<\/p>\n<p><img loading=\"lazy\" decoding=\"async\" class=\"size-medium wp-image-1409 aligncenter\" src=\"https:\/\/met3dp.com\/wp-content\/uploads\/2023\/09\/ed7a94ec-3c10-4b1b-87ed--300x300.jpg\" alt=\"P\u00f3 de alum\u00ednio puro\" width=\"300\" height=\"300\" title=\"\"><\/p>\n<h2>Propriedades f\u00edsicas do p\u00f3 de alum\u00ednio puro<\/h2>\n<p class=\"whitespace-pre-wrap\"><strong>Propriedades f\u00edsicas do p\u00f3 de alum\u00ednio puro<\/strong><\/p>\n<table>\n<thead>\n<tr>\n<th>Propriedade<\/th>\n<th>Valores<\/th>\n<\/tr>\n<\/thead>\n<tbody>\n<tr>\n<td>Densidade<\/td>\n<td>2,7 g\/cc<\/td>\n<\/tr>\n<tr>\n<td>Ponto de Fus\u00e3o<\/td>\n<td>660\u00a1\u00abC<\/td>\n<\/tr>\n<tr>\n<td>Condutividade t\u00e9rmica<\/td>\n<td>237 W\/mK<\/td>\n<\/tr>\n<tr>\n<td>Resistividade el\u00e9trica<\/td>\n<td>2,65 \u00c3\u2014 10^-8cm<\/td>\n<\/tr>\n<tr>\n<td>CTE<\/td>\n<td>23,1 x 10^-6 \/K<\/td>\n<\/tr>\n<tr>\n<td>Refletividade<\/td>\n<td>87% com 400 nm de comprimento de onda<\/td>\n<\/tr>\n<\/tbody>\n<\/table>\n<ul class=\"list-disc pl-8 space-y-2\">\n<li class=\"whitespace-normal\">Densidade muito baixa em compara\u00e7\u00e3o a maioria dos metais<\/li>\n<li class=\"whitespace-normal\">Alta refletividade e condutividade t\u00e9rmica<\/li>\n<li class=\"whitespace-normal\">Baixa resistividade el\u00e9trica oferece alta condutividade<\/li>\n<li class=\"whitespace-normal\">COE relativamente alto requer considera\u00e7\u00f5es de projeto<\/li>\n<li class=\"whitespace-normal\">Mant\u00e9m a resist\u00eancia at\u00e9 altas temperaturas moderadamente<\/li>\n<\/ul>\n<p class=\"whitespace-pre-wrap\">As propriedades tornam o alum\u00ednio puro adequado para aplica\u00e7\u00f5es leves que precisam de condutividade el\u00e9trica\/t\u00e9rmica.<\/p>\n<h2>Propriedades Mec\u00e2nicas do P\u00f3 de Alum\u00ednio Puro<\/h2>\n<p class=\"whitespace-pre-wrap\"><strong>Propriedades Mec\u00e2nicas do P\u00f3 de Alum\u00ednio Puro<\/strong><\/p>\n<table>\n<thead>\n<tr>\n<th>Propriedade<\/th>\n<th>Valores<\/th>\n<\/tr>\n<\/thead>\n<tbody>\n<tr>\n<td>Resist\u00eancia \u00e0 Tra\u00e7\u00e3o<\/td>\n<td>90-100 MPa<\/td>\n<\/tr>\n<tr>\n<td>Limite de escoamento<\/td>\n<td>35-45 MPa<\/td>\n<\/tr>\n<tr>\n<td>alongamento<\/td>\n<td>35-40%<\/td>\n<\/tr>\n<tr>\n<td>Dureza<\/td>\n<td>25-35 HB<\/td>\n<\/tr>\n<tr>\n<td>Resist\u00eancia \u00e0 fadiga<\/td>\n<td>50-90 Mpa<\/td>\n<\/tr>\n<tr>\n<td>Resist\u00eancia ao cisalhamento<\/td>\n<td>60-65 MPa<\/td>\n<\/tr>\n<\/tbody>\n<\/table>\n<ul class=\"list-disc pl-8 space-y-2\">\n<li class=\"whitespace-normal\">Resist\u00eancia relativamente fraca \u00e0 tra\u00e7\u00e3o e ao escoamento<\/li>\n<li class=\"whitespace-normal\">Alongamento muito alto proporciona excelente ductilidade<\/li>\n<li class=\"whitespace-normal\">Baixa dureza em compara\u00e7\u00e3o com a maioria dos metais<\/li>\n<li class=\"whitespace-normal\">Alta resist\u00eancia \u00e0 fadiga adequada para cargas c\u00edclicas<\/li>\n<li class=\"whitespace-normal\">As propriedades podem ser melhoradas por meio de adi\u00e7\u00f5es de liga<\/li>\n<\/ul>\n<p class=\"whitespace-pre-wrap\">As propriedades tornam o alum\u00ednio puro adequado para aplica\u00e7\u00f5es male\u00e1veis \u200b\u200be d\u00facteis que requerem condutividade e usinabilidade.<\/p>\n<h2>Aplica\u00e7\u00f5es do P\u00f3 de Alum\u00ednio Puro<\/h2>\n<p class=\"whitespace-pre-wrap\">Aplica\u00e7\u00f5es t\u00edpicas de alum\u00ednio puro em p\u00f3 incluem:<\/p>\n<p class=\"whitespace-pre-wrap\"><strong>Aplica\u00e7\u00f5es do P\u00f3 de Alum\u00ednio Puro<\/strong><\/p>\n<table>\n<thead>\n<tr>\n<th>Ind\u00fastria<\/th>\n<th>Utiliza\u00e7\u00f5es<\/th>\n<\/tr>\n<\/thead>\n<tbody>\n<tr>\n<td>Solda Termite<\/td>\n<td>Soldagem em Trilhos, Uni\u00e3o de Metais<\/td>\n<\/tr>\n<tr>\n<td>Manufatura aditiva<\/td>\n<td>Componentes de baixa resist\u00eancia<\/td>\n<\/tr>\n<tr>\n<td>Explosivos e pirotecnia.<\/td>\n<td>Composi\u00e7\u00e3o da termite<\/td>\n<\/tr>\n<tr>\n<td>Revestimentos em p\u00f3<\/td>\n<td>Revestimentos condutivos e resistivos<\/td>\n<\/tr>\n<tr>\n<td>Ferramentas diamantadas<\/td>\n<td>Matriz met\u00e1lica com part\u00edculas de diamante<\/td>\n<\/tr>\n<tr>\n<td>Fogos de artif\u00edcio<\/td>\n<td>Combust\u00edveis e composi\u00e7\u00f5es pirot\u00e9cnicas.<\/td>\n<\/tr>\n<\/tbody>\n<\/table>\n<p class=\"whitespace-pre-wrap\">Usos espec\u00edficos do produto:<\/p>\n<ul class=\"list-disc pl-8 space-y-2\">\n<li class=\"whitespace-normal\">Misturas termita para soldagem e uni\u00e3o de metais in-loco<\/li>\n<li class=\"whitespace-normal\">Ligas de fundi\u00e7\u00e3o de baixo ponto de fus\u00e3o<\/li>\n<li class=\"whitespace-normal\">Revestimentos eletricamente condutivos e blindagem RF<\/li>\n<li class=\"whitespace-normal\">Ferramentas de alum\u00ednio e diamante para corte de pedra<\/li>\n<li class=\"whitespace-normal\">P\u00f3lvora de flash e composi\u00e7\u00f5es pirot\u00e9cnicas.<\/li>\n<li class=\"whitespace-normal\">Moldagem por inje\u00e7\u00e3o de metal de pe\u00e7as n\u00e3o estruturais<\/li>\n<\/ul>\n<p class=\"whitespace-pre-wrap\">A ductilidade, condutividade e reatividade fazem do alum\u00ednio puro adequado para essas aplica\u00e7\u00f5es de nicho.<\/p>\n<h2>Especifica\u00e7\u00e3o do P\u00f3 de Alum\u00ednio Puro<\/h2>\n<p class=\"whitespace-pre-wrap\">Principais especifica\u00e7\u00f5es para p\u00f3 de alum\u00ednio puro incluem:<\/p>\n<p class=\"whitespace-pre-wrap\"><strong>Especifica\u00e7\u00e3o do P\u00f3 de Alum\u00ednio Puro<\/strong><\/p>\n<table>\n<thead>\n<tr>\n<th>Padr\u00e3o<\/th>\n<th>Descri\u00e7\u00e3o<\/th>\n<\/tr>\n<\/thead>\n<tbody>\n<tr>\n<td>ASTM B787<\/td>\n<td>Padr\u00e3o para p\u00f3s de alum\u00ednio puros<\/td>\n<\/tr>\n<tr>\n<td>ASTM B859<\/td>\n<td>Especifica\u00e7\u00f5es para p\u00f3s de alum\u00ednio e liga de alum\u00ednio<\/td>\n<\/tr>\n<tr>\n<td>DIN 1718-1<\/td>\n<td>Sistema de designa\u00e7\u00e3o para alum\u00ednio e ligas de alum\u00ednio<\/td>\n<\/tr>\n<tr>\n<td>GJB320B<\/td>\n<td>Padr\u00e3o militar chin\u00eas para p\u00f3s de alum\u00ednio e ligas de alum\u00ednio<\/td>\n<\/tr>\n<\/tbody>\n<\/table>\n<p class=\"whitespace-pre-wrap\">Definem:<\/p>\n<ul class=\"list-disc pl-8 space-y-2\">\n<li class=\"whitespace-normal\">99% (no m\u00ednimo) de conte\u00fado de alum\u00ednio<\/li>\n<li class=\"whitespace-normal\">Limites de impurezas como Fe, Si<\/li>\n<li class=\"whitespace-normal\">Caracter\u00edsticas do p\u00f3 como densidade aparente e distribui\u00e7\u00e3o do tamanho das part\u00edculas<\/li>\n<li class=\"whitespace-normal\">M\u00e9todos de produ\u00e7\u00e3o aprovados, como atomiza\u00e7\u00e3o<\/li>\n<li class=\"whitespace-normal\">Protocolos de amostragem e testes<\/li>\n<\/ul>\n<p class=\"whitespace-pre-wrap\">Atender \u00e0s normas assegura a adequa\u00e7\u00e3o para aplicativos que precisam de p\u00f3 de alum\u00ednio de alta pureza.<\/p>\n<h2>Tamanho das Part\u00edculas de P\u00f3 de Alum\u00ednio Puro<\/h2>\n<p class=\"whitespace-pre-wrap\"><strong>Distribui\u00e7\u00e3o do tamanho de part\u00edcula do p\u00f3 de alum\u00ednio puro<\/strong><\/p>\n<table>\n<thead>\n<tr>\n<th>Tamanho<\/th>\n<th>Caracter\u00edsticas<\/th>\n<\/tr>\n<\/thead>\n<tbody>\n<tr>\n<td>1-10 micra<\/td>\n<td>Grau ultrafino utilizado em pastas de impress\u00e3o<\/td>\n<\/tr>\n<tr>\n<td>10-45 m\u00edcrons<\/td>\n<td>Granulometria fina adequada para revestimentos, prensagem<\/td>\n<\/tr>\n<tr>\n<td>45-150 m\u00edcrons<\/td>\n<td>Granula\u00e7\u00e3o grossa oferece melhor fluidez<\/td>\n<\/tr>\n<\/tbody>\n<\/table>\n<ul class=\"list-disc pl-8 space-y-2\">\n<li class=\"whitespace-normal\">Tamanhos mais finos proporcionam acabamento suave e alta reatividade<\/li>\n<li class=\"whitespace-normal\">P\u00f3s mais grossos t\u00eam fluxo melhor para processamento automatizado<\/li>\n<li class=\"whitespace-normal\">Tanto as formas das part\u00edculas esf\u00e9ricas quanto das irregulares est\u00e3o dispon\u00edveis<\/li>\n<li class=\"whitespace-normal\">A distribui\u00e7\u00e3o de tamanhos depende do uso pretendido<\/li>\n<\/ul>\n<p class=\"whitespace-pre-wrap\">Controlar a distribui\u00e7\u00e3o do tamanho de part\u00edcula otimiza comportamento no processamento, densidade, reatividade e acabamento.<\/p>\n<h2>Densidade Aparente do P\u00f3 de Alum\u00ednio Puro<\/h2>\n<p class=\"whitespace-pre-wrap\"><strong>Densidade Aparente do P\u00f3 de Alum\u00ednio Puro<\/strong><\/p>\n<table>\n<thead>\n<tr>\n<th>Densidade Aparente<\/th>\n<th>Detalhes<\/th>\n<\/tr>\n<\/thead>\n<tbody>\n<tr>\n<td>At\u00e9 50% de densidade real<\/td>\n<td>Para forma irregular em p\u00f3<\/td>\n<\/tr>\n<tr>\n<td>1,3-1,7 g\/cc<\/td>\n<td>Superior para p\u00f3 esf\u00e9rico<\/td>\n<\/tr>\n<\/tbody>\n<\/table>\n<ul class=\"list-disc pl-8 space-y-2\">\n<li class=\"whitespace-normal\">Forma esf\u00e9rica em p\u00f3 fornece maior densidade aparente<\/li>\n<li class=\"whitespace-normal\">Part\u00edculas irregulares t\u00eam menor densidade em torno de 30-40%<\/li>\n<li class=\"whitespace-normal\">A maior densidade melhora o fluxo e a compactabilidade do p\u00f3<\/li>\n<li class=\"whitespace-normal\">Valores de at\u00e9 60% s\u00e3o poss\u00edveis com o p\u00f3 esf\u00e9rico otimizado<\/li>\n<\/ul>\n<p class=\"whitespace-pre-wrap\">Densidade aparente mais alta leva a maior produtividade de fabrica\u00e7\u00e3o e qualidade da pe\u00e7a.<\/p>\n<h2>Produ\u00e7\u00e3o de P\u00f3 de Alum\u00ednio Puro<\/h2>\n<p class=\"whitespace-pre-wrap\"><strong>Produ\u00e7\u00e3o de P\u00f3 de Alum\u00ednio Puro<\/strong><\/p>\n<table>\n<thead>\n<tr>\n<th>M\u00e9todo<\/th>\n<th>Detalhes<\/th>\n<\/tr>\n<\/thead>\n<tbody>\n<tr>\n<td>Atomiza\u00e7\u00e3o<\/td>\n<td>O fluxo de alum\u00ednio fundido \u00e9 quebrado em pequenas gotas que se solidificam em p\u00f3<\/td>\n<\/tr>\n<tr>\n<td>\"Milling de esferas\"<\/td>\n<td>A moagem mec\u00e2nica classifica o p\u00f3 bruto em p\u00f3 fino<\/td>\n<\/tr>\n<tr>\n<td>Recozimento<\/td>\n<td>Remove tens\u00f5es internas e melhora a compressibilidade do p\u00f3.<\/td>\n<\/tr>\n<tr>\n<td>Peneiramento<\/td>\n<td>Classifica o p\u00f3 em diferentes fra\u00e7\u00f5es de tamanho<\/td>\n<\/tr>\n<\/tbody>\n<\/table>\n<ul class=\"list-disc pl-8 space-y-2\">\n<li class=\"whitespace-normal\">Atomiza\u00e7\u00e3o permite produ\u00e7\u00e3o de volumes grandes com tamanhos de part\u00edculas controlados<\/li>\n<li class=\"whitespace-normal\">Milling proporciona uma redu\u00e7\u00e3o de tamanho de baixo custo de p\u00f3 grosso<\/li>\n<li class=\"whitespace-normal\">T\u00eampera e peneiramento proporcionam tamanhos e formatos personalizados de p\u00f3<\/li>\n<\/ul>\n<p class=\"whitespace-pre-wrap\">Combina\u00e7\u00e3o de m\u00e9todos produz p\u00f3 de alum\u00ednio de alta pureza com caracter\u00edsticas espec\u00edficas para cada aplica\u00e7\u00e3o.<\/p>\n<h2>Pre\u00e7o do P\u00f3 de Alum\u00ednio Puro<\/h2>\n<p class=\"whitespace-pre-wrap\"><strong>Pre\u00e7o do P\u00f3 de Alum\u00ednio Puro<\/strong><\/p>\n<table>\n<thead>\n<tr>\n<th>Fator<\/th>\n<th>Impacto no Pre\u00e7o<\/th>\n<\/tr>\n<\/thead>\n<tbody>\n<tr>\n<td>Pureza<\/td>\n<td>\u00c1gua com mais pureza custa mais<\/td>\n<\/tr>\n<tr>\n<td>Tamanho das part\u00edculas<\/td>\n<td>P\u00f3 ultrafino \u00e9 mais caro<\/td>\n<\/tr>\n<tr>\n<td>Volume do pedido<\/td>\n<td>Pedidos em atacado tem desconto no pre\u00e7o<\/td>\n<\/tr>\n<tr>\n<td>M\u00e9todo de produ\u00e7\u00e3o<\/td>\n<td>M\u00e9todos complexos aumentam o custo<\/td>\n<\/tr>\n<tr>\n<td>Embalagem<\/td>\n<td>Embalagem especial encarece<\/td>\n<\/tr>\n<\/tbody>\n<\/table>\n<p class=\"whitespace-pre-wrap\"><strong>Pre\u00e7os indicativos<\/strong><\/p>\n<ul class=\"list-disc pl-8 space-y-2\">\n<li class=\"whitespace-normal\">P\u00f3 de alum\u00ednio puro fino: US$ 3 a 6 por kg<\/li>\n<li class=\"whitespace-normal\">P\u00f3 de alum\u00ednio puro grosso: R$2-4 por kg<\/li>\n<li class=\"whitespace-normal\">Os pre\u00e7os por atacado podem ser at\u00e9 30% mais baixos<\/li>\n<\/ul>\n<p class=\"whitespace-pre-wrap\">Os pre\u00e7os dependem da pureza, tamanho das part\u00edculas, quantidade do pedido, m\u00e9todo de produ\u00e7\u00e3o e requisitos de personaliza\u00e7\u00e3o.<\/p>\n<h2>Fornecedores de Alum\u00ednio em P\u00f3<\/h2>\n<p class=\"whitespace-pre-wrap\"><strong>Fornecedores de Alum\u00ednio em P\u00f3<\/strong><\/p>\n<table>\n<thead>\n<tr>\n<th>Empresa<\/th>\n<th>Localiza\u00e7\u00e3o<\/th>\n<\/tr>\n<\/thead>\n<tbody>\n<tr>\n<td>Advanced Chemical Company<\/td>\n<td>Estados Unidos<\/td>\n<\/tr>\n<tr>\n<td>Micron Metais<\/td>\n<td>Estados Unidos<\/td>\n<\/tr>\n<tr>\n<td>Baohua Metal Materials<\/td>\n<td>China<\/td>\n<\/tr>\n<tr>\n<td>Metal\u00fargica Hengxing<\/td>\n<td>China<\/td>\n<\/tr>\n<tr>\n<td>P\u00f3 de material ShuiDing de Xangai<\/td>\n<td>China<\/td>\n<\/tr>\n<tr>\n<td>Reade Advanced Materials<\/td>\n<td>Estados Unidos<\/td>\n<\/tr>\n<\/tbody>\n<\/table>\n<p class=\"whitespace-pre-wrap\">Fatores para selecionar fornecedores:<\/p>\n<ul class=\"list-disc pl-8 space-y-2\">\n<li class=\"whitespace-normal\">N\u00edveis de pureza e graus dispon\u00edveis<\/li>\n<li class=\"whitespace-normal\">Capacidade de produ\u00e7\u00e3o e prazos de entrega<\/li>\n<li class=\"whitespace-normal\">intervalo de tamanho m\u00e9dio das part\u00edculas<\/li>\n<li class=\"whitespace-normal\">Personaliza\u00e7\u00e3o da distribui\u00e7\u00e3o das part\u00edculas<\/li>\n<li class=\"whitespace-normal\">Op\u00e7\u00f5es de embalagem<\/li>\n<li class=\"whitespace-normal\">N\u00edveis de pre\u00e7o com base nas quantidades do pedido<\/li>\n<li class=\"whitespace-normal\">Em conformidade com padr\u00f5es internacionais<\/li>\n<\/ul>\n<h2>Manuseio e armazenamento de p\u00f3 de alum\u00ednio puro<\/h2>\n<p class=\"whitespace-pre-wrap\"><strong>Manuseio do p\u00f3 de alum\u00ednio puro<\/strong><\/p>\n<table>\n<thead>\n<tr>\n<th>Recomenda\u00e7\u00e3o<\/th>\n<th>Motivo<\/th>\n<\/tr>\n<\/thead>\n<tbody>\n<tr>\n<td>Use ventila\u00e7\u00e3o adequada<\/td>\n<td>Evite ambiente de poeira concentrada<\/td>\n<\/tr>\n<tr>\n<td>Empregue sistemas de aterramento<\/td>\n<td>Evite descarga est\u00e1tica durante o manuseio<\/td>\n<\/tr>\n<tr>\n<td>Limite a exposi\u00e7\u00e3o \u00e0 umidade<\/td>\n<td>Impede a oxida\u00e7\u00e3o das part\u00edculas<\/td>\n<\/tr>\n<tr>\n<td>Siga protocolos seguros<\/td>\n<td>Reduza os riscos de sa\u00fade e inc\u00eandio<\/td>\n<\/tr>\n<tr>\n<td>Evite fontes de igni\u00e7\u00e3o<\/td>\n<td>Risco de p\u00f3 inflam\u00e1vel<\/td>\n<\/tr>\n<tr>\n<td>Use ferramentas n\u00e3o faiscantes<\/td>\n<td>Evitar a possibilidade de igni\u00e7\u00e3o<\/td>\n<\/tr>\n<\/tbody>\n<\/table>\n<p class=\"whitespace-pre-wrap\"><strong>Recomenda\u00e7\u00f5es de armazenamento<\/strong><\/p>\n<ul class=\"list-disc pl-8 space-y-2\">\n<li class=\"whitespace-normal\">Armazene em recipientes lacrados secos e inertes<\/li>\n<li class=\"whitespace-normal\">Mantenha a temperatura de armazenamento abaixo de 27\u00a1\u00abC<\/li>\n<li class=\"whitespace-normal\">Limite a exposi\u00e7\u00e3o a oxidantes como \u00e1cido n\u00edtrico.<\/li>\n<\/ul>\n<p class=\"whitespace-pre-wrap\">Precau\u00e7\u00f5es adequadas durante manuseio e armazenagem ajudam a garantir a pureza e previnem riscos de oxida\u00e7\u00e3o ou igni\u00e7\u00e3o.<\/p>\n<h2>Inspe\u00e7\u00e3o e Teste de P\u00f3 de Alum\u00ednio Puro<\/h2>\n<p class=\"whitespace-pre-wrap\"><strong>Teste de P\u00f3 de Alum\u00ednio Puro<\/strong><\/p>\n<table>\n<thead>\n<tr>\n<th>Teste<\/th>\n<th>Detalhes<\/th>\n<\/tr>\n<\/thead>\n<tbody>\n<tr>\n<td>An\u00e1lise qu\u00edmica<\/td>\n<td>O teste XRF ou ICP verifica composi\u00e7\u00e3o<\/td>\n<\/tr>\n<tr>\n<td>Distribui\u00e7\u00e3o de Tamanho de Part\u00edcula<\/td>\n<td>An\u00e1lise por difra\u00e7\u00e3o de laser<\/td>\n<\/tr>\n<tr>\n<td>Densidade Aparente<\/td>\n<td>Teste de flux\u00f4metro de efeito Hall conforme o padr\u00e3o ASTM B212<\/td>\n<\/tr>\n<tr>\n<td>Morfologia do p\u00f3<\/td>\n<td>Imagem SEM do formato de part\u00edcula<\/td>\n<\/tr>\n<tr>\n<td>An\u00e1lise da taxa de fluxo<\/td>\n<td>Taxa de fluxo gravitacional atrav\u00e9s de funil especificado<\/td>\n<\/tr>\n<tr>\n<td>Medi\u00e7\u00e3o de umidade<\/td>\n<td>Teste de perda por secagem<\/td>\n<\/tr>\n<\/tbody>\n<\/table>\n<p class=\"whitespace-pre-wrap\">O teste garante que o p\u00f3 atende aos n\u00edveis de pureza, caracter\u00edsticas de part\u00edcula, especifica\u00e7\u00f5es de densidade, morfologia e fluidez requeridos por padr\u00f5es aplic\u00e1veis.<\/p>\n<h2>Pr\u00f3s e Contras do P\u00f3 de Alum\u00ednio Puro<\/h2>\n<p class=\"whitespace-pre-wrap\"><strong>**Vantagens do P\u00f3 de Alum\u00ednio Puro**<\/strong><\/p>\n<ul class=\"list-disc pl-8 space-y-2\">\n<li class=\"whitespace-normal\">A baixa densidade proporciona propriedades de leveza<\/li>\n<li class=\"whitespace-normal\">Excelente condutividade el\u00e9trica e t\u00e9rmica<\/li>\n<li class=\"whitespace-normal\">Boa resist\u00eancia a corros\u00e3o<\/li>\n<li class=\"whitespace-normal\">Alta ductilidade e excelente conformabilidade<\/li>\n<li class=\"whitespace-normal\">Recicl\u00e1vel e ecol\u00f3gica<\/li>\n<li class=\"whitespace-normal\">Custo-benef\u00edcio excepcional em compara\u00e7\u00e3o com outros p\u00f3s condutores<\/li>\n<\/ul>\n<p class=\"whitespace-pre-wrap\"><strong>Limita\u00e7\u00f5es do P\u00f3 de Alum\u00ednio Puro<\/strong><\/p>\n<ul class=\"list-disc pl-8 space-y-2\">\n<li class=\"whitespace-normal\">A baixa resist\u00eancia limita as aplica\u00e7\u00f5es de suporte de carga estrutural<\/li>\n<li class=\"whitespace-normal\">Resist\u00eancia mec\u00e2nica de temperatura moderadamente alta<\/li>\n<li class=\"whitespace-normal\">Requer revestimentos de prote\u00e7\u00e3o em ambientes corrosivos<\/li>\n<li class=\"whitespace-normal\">Sens\u00edvel \u00e0 contamina\u00e7\u00e3o de umidade e outros p\u00f3s<\/li>\n<li class=\"whitespace-normal\">A natureza pirof\u00f3rica requer manipula\u00e7\u00e3o cuidadosa<\/li>\n<li class=\"whitespace-normal\">Gradualmente se oxida ao longo do tempo se n\u00e3o for revestido<\/li>\n<\/ul>\n<h2>Compara\u00e7\u00e3o com P\u00f3 de Liga Al-Mg<\/h2>\n<p class=\"whitespace-pre-wrap\"><strong>P\u00f3 de Liga de Al-Mg vs. Al Puro<\/strong><\/p>\n<table>\n<thead>\n<tr>\n<th>Par\u00e2metro<\/th>\n<th>Puro Al<\/th>\n<th>Al-Mg<\/th>\n<\/tr>\n<\/thead>\n<tbody>\n<tr>\n<td>Densidade<\/td>\n<td>2,7 g\/cc<\/td>\n<td>2,7 g\/cc<\/td>\n<\/tr>\n<tr>\n<td>For\u00e7a<\/td>\n<td>90-100 MPa<\/td>\n<td>150-220 MPa<\/td>\n<\/tr>\n<tr>\n<td>Condutividade<\/td>\n<td>Excelente<\/td>\n<td>Bom<\/td>\n<\/tr>\n<tr>\n<td>Resist\u00eancia \u00e0 corros\u00e3o<\/td>\n<td>Bom<\/td>\n<td>Excelente<\/td>\n<\/tr>\n<tr>\n<td>Custo<\/td>\n<td>Baixo<\/td>\n<td>Alto<\/td>\n<\/tr>\n<tr>\n<td>Utiliza\u00e7\u00f5es<\/td>\n<td>Soldagem com termita, pirotecnia.<\/td>\n<td>Componentes estruturais<\/td>\n<\/tr>\n<\/tbody>\n<\/table>\n<ul class=\"list-disc pl-8 space-y-2\">\n<li class=\"whitespace-normal\">O alum\u00ednio puro oferece melhor condutividade e baixo custo<\/li>\n<li class=\"whitespace-normal\">A liga Al-Mg fornece maior resist\u00eancia<\/li>\n<li class=\"whitespace-normal\">Alum\u00ednio puro adequado para aplica\u00e7\u00f5es el\u00e9tricas e pirotecnia<\/li>\n<li class=\"whitespace-normal\">Al-Mg preferido para componentes estruturais leves<\/li>\n<\/ul>\n<h2>FAQs de P\u00f3 de Alum\u00ednio Puro<\/h2>\n<p class=\"whitespace-pre-wrap\"><strong>P: Quais s\u00e3o as principais aplica\u00e7\u00f5es do p\u00f3 de alum\u00ednio puro?<\/strong><\/p>\n<p class=\"whitespace-pre-wrap\">A: Os principais aplicativos incluem soldagem aluminot\u00e9rmica, revestimentos condutivos, composi\u00e7\u00f5es pirot\u00e9cnicas, ferramentas de diamante, moldagem por inje\u00e7\u00e3o de metal de pe\u00e7as n\u00e3o estruturais e ligas de fundi\u00e7\u00e3o de baixo ponto de fus\u00e3o.<\/p>\n<p class=\"whitespace-pre-wrap\"><strong>P: Quais os cuidados que devo ter ao trabalhar com p\u00f3 de alum\u00ednio puro?<\/strong><\/p>\n<p class=\"whitespace-pre-wrap\">A: As precau\u00e7\u00f5es recomendadas incluem ventila\u00e7\u00e3o adequada, evitar fontes de igni\u00e7\u00e3o, equipamento \u00e0 prova de explos\u00e3o, sistemas de aterramento, ferramentas antifaiscantes, equipamentos de prote\u00e7\u00e3o, protocolos de seguran\u00e7a e armazenamento inerte lacrado, longe de contaminantes.<\/p>\n<p class=\"whitespace-pre-wrap\"><strong>P: Como o p\u00f3 de alum\u00ednio puro difere dos p\u00f3s de liga de alum\u00ednio?<\/strong><\/p>\n<p class=\"whitespace-pre-wrap\">R: O alum\u00ednio puro possui 99% ou mais de conte\u00fado de Al, enquanto os p\u00f3s de liga cont\u00eam outros elementos como magn\u00e9sio, sil\u00edcio, zinco. O alum\u00ednio puro oferece alta condutividade, por\u00e9m menor resist\u00eancia do que as ligas.<\/p>\n<p class=\"whitespace-pre-wrap\"><strong>P: Quais fatores afetam as propriedades dos componentes em p\u00f3 de alum\u00ednio puro?<\/strong><\/p>\n<p class=\"whitespace-pre-wrap\">A: Os principais fatores s\u00e3o densidade aparente, distribui\u00e7\u00e3o do tamanho de part\u00edcula, press\u00e3o de compacta\u00e7\u00e3o, par\u00e2metros de sinteriza\u00e7\u00e3o, impurezas e porosidade da pe\u00e7a final.<\/p>\n<p><\/span><\/span><\/p>","protected":false},"excerpt":{"rendered":"<p>Vis\u00e3o geral do p\u00f3 de alum\u00ednio puro O p\u00f3 de alum\u00ednio puro cont\u00e9m 99% ou teor de alum\u00ednio superior. Ele oferece baixa densidade combinada com boa ductilidade, condutividade e resist\u00eancia \u00e0 corros\u00e3o. As principais propriedades e vantagens do p\u00f3 de alum\u00ednio puro incluem: Propriedades e caracter\u00edsticas do p\u00f3 de alum\u00ednio puro Propriedades Detalhes da propriedade Composi\u00e7\u00e3o 99% ou teor mais alto de Al Densidade 2,7 g\/cc Forma da part\u00edcula Esf\u00e9rica,...<\/p>","protected":false},"featured_media":1853,"parent":0,"template":"","meta":{"_acf_changed":false,"_kad_blocks_custom_css":"","_kad_blocks_head_custom_js":"","_kad_blocks_body_custom_js":"","_kad_blocks_footer_custom_js":"","_kad_post_transparent":"","_kad_post_title":"","_kad_post_layout":"","_kad_post_sidebar_id":"","_kad_post_content_style":"","_kad_post_vertical_padding":"","_kad_post_feature":"","_kad_post_feature_position":"","_kad_post_header":false,"_kad_post_footer":false,"_kad_post_classname":""},"product-category":[119,124],"class_list":["post-3896","product","type-product","status-publish","has-post-thumbnail","hentry","product-category-3d-printing-metal-powder","product-category-aluminum-based-alloy-powder"],"acf":[],"taxonomy_info":{"product-category":[{"value":119,"label":"3D Printing Metal Powder"},{"value":124,"label":"Aluminum Based Alloy Powder"}]},"featured_image_src_large":["https:\/\/3dpmetal.com\/wp-content\/uploads\/2024\/02\/Pure-aluminum-powder.jpg",600,600,false],"author_info":[],"comment_info":"","_links":{"self":[{"href":"https:\/\/3dpmetal.com\/pt_br\/wp-json\/wp\/v2\/product\/3896","targetHints":{"allow":["GET"]}}],"collection":[{"href":"https:\/\/3dpmetal.com\/pt_br\/wp-json\/wp\/v2\/product"}],"about":[{"href":"https:\/\/3dpmetal.com\/pt_br\/wp-json\/wp\/v2\/types\/product"}],"wp:featuredmedia":[{"embeddable":true,"href":"https:\/\/3dpmetal.com\/pt_br\/wp-json\/wp\/v2\/media\/1853"}],"wp:attachment":[{"href":"https:\/\/3dpmetal.com\/pt_br\/wp-json\/wp\/v2\/media?parent=3896"}],"wp:term":[{"taxonomy":"product-category","embeddable":true,"href":"https:\/\/3dpmetal.com\/pt_br\/wp-json\/wp\/v2\/product-category?post=3896"}],"curies":[{"name":"wp","href":"https:\/\/api.w.org\/{rel}","templated":true}]}}