{"id":3900,"date":"2024-03-18T06:10:12","date_gmt":"2024-03-18T06:10:12","guid":{"rendered":"https:\/\/3dp.45612300.xyz\/product\/al-2024-powder\/"},"modified":"2024-03-18T06:10:12","modified_gmt":"2024-03-18T06:10:12","slug":"al-2024-powder","status":"publish","type":"product","link":"https:\/\/3dpmetal.com\/pt_br\/product\/al-2024-powder\/","title":{"rendered":"P\u00f3 Al 2024"},"content":{"rendered":"<p><span style=\"vertical-align: inherit;\"><span style=\"vertical-align: inherit;\"><\/p>\n<h2>Vis\u00e3o Geral do P\u00f3 Al 2024<\/h2>\n<p class=\"whitespace-pre-wrap\">Al 2024 \u00e9 uma das ligas de alum\u00ednio forjado da s\u00e9rie 2000 mais populares, conhecida por sua resist\u00eancia, resist\u00eancia \u00e0 fadiga e excelente usinabilidade e resist\u00eancia \u00e0 corros\u00e3o. As adi\u00e7\u00f5es de cobre conferem fortalecimento substancial por meio de endurecimento por precipita\u00e7\u00e3o, enquanto mant\u00e9m a conformabilidade e a soldabilidade.<\/p>\n<p class=\"whitespace-pre-wrap\">As principais caracter\u00edsticas do p\u00f3 de Al 2024 incluem:<\/p>\n<ul class=\"list-disc pl-8 space-y-2\">\n<li class=\"whitespace-normal\">Alta resist\u00eancia com ductibilidade e tenacidade m\u00e9dias<\/li>\n<li class=\"whitespace-normal\">Excelente resist\u00eancia a fadiga e fratura<\/li>\n<li class=\"whitespace-normal\">Excelente usinabilidade e polimento<\/li>\n<li class=\"whitespace-normal\">Boa soldabilidade e formabilidade<\/li>\n<li class=\"whitespace-normal\">Alta condutividade t\u00e9rmica e el\u00e9trica<\/li>\n<li class=\"whitespace-normal\">Dispon\u00edvel numa gama de tamanhos e formatos de p\u00f3<\/li>\n<\/ul>\n<p class=\"whitespace-pre-wrap\">O p\u00f3 Al 2024 \u00e9 adequado para componentes aeroespaciais e outras aplica\u00e7\u00f5es de alto desempenho que necessitam de for\u00e7a combinada com recursos de fabrica\u00e7\u00e3o.<\/p>\n<h2>Composi\u00e7\u00e3o Qu\u00edmica do P\u00f3 Al 2024<\/h2>\n<p class=\"whitespace-pre-wrap\">Composi\u00e7\u00e3o t\u00edpica do p\u00f3 de Al 2024 \u00e9:<\/p>\n<table>\n<thead>\n<tr>\n<th>Elemento<\/th>\n<th>% do Peso<\/th>\n<\/tr>\n<\/thead>\n<tbody>\n<tr>\n<td>Alum\u00ednio (Al)<\/td>\n<td>90.7-94.7%<\/td>\n<\/tr>\n<tr>\n<td>Cobre (Cu)<\/td>\n<td>3.8-4.9%<\/td>\n<\/tr>\n<tr>\n<td>Magn\u00e9sio (Mg)<\/td>\n<td>1.2-1.8%<\/td>\n<\/tr>\n<tr>\n<td>Mangan\u00eas (Mn)<\/td>\n<td>0.3-0.9%<\/td>\n<\/tr>\n<tr>\n<td>Ferro (Fe)<\/td>\n<td>0-0.5%<\/td>\n<\/tr>\n<tr>\n<td>Sil\u00edcio (Si)<\/td>\n<td>0-0.5%<\/td>\n<\/tr>\n<tr>\n<td>Zinco (Zn)<\/td>\n<td>0-0.25%<\/td>\n<\/tr>\n<tr>\n<td>Cromo (Cr)<\/td>\n<td>0-0.1%<\/td>\n<\/tr>\n<tr>\n<td>Tit\u00e2nio (Ti)<\/td>\n<td>0-0.15%<\/td>\n<\/tr>\n<\/tbody>\n<\/table>\n<p><img loading=\"lazy\" decoding=\"async\" class=\"size-medium wp-image-1409 aligncenter\" src=\"https:\/\/met3dp.com\/wp-content\/uploads\/2023\/09\/ed7a94ec-3c10-4b1b-87ed--300x300.jpg\" alt=\"P\u00f3 Al 2024\" width=\"300\" height=\"300\" title=\"\"><\/p>\n<p class=\"whitespace-pre-wrap\">O cobre \u00e9 o principal elemento para liga, enquanto o magn\u00e9sio confere resist\u00eancia por meio do endurecimento por precipita\u00e7\u00e3o. Outros elementos, como mangan\u00eas, ferro e cr\u00f4mio t\u00eam efeitos insignificantes nas propriedades mec\u00e2nicas.<\/p>\n<h2>Propriedades do P\u00f3 Al 2024<\/h2>\n<p class=\"whitespace-pre-wrap\">Propriedades-chave do p\u00f3 de Al 2024 incluem:<\/p>\n<table>\n<thead>\n<tr>\n<th>Propriedade<\/th>\n<th>Valor<\/th>\n<\/tr>\n<\/thead>\n<tbody>\n<tr>\n<td>Densidade<\/td>\n<td>2,77 g\/cm\u00b3<\/td>\n<\/tr>\n<tr>\n<td>Ponto de Fus\u00e3o<\/td>\n<td>500-638\u00a1\u00abC<\/td>\n<\/tr>\n<tr>\n<td>Condutividade t\u00e9rmica<\/td>\n<td>121-190 W\/mK<\/td>\n<\/tr>\n<tr>\n<td>Condutividade El\u00e9trica<\/td>\n<td>26-35% IACS<\/td>\n<\/tr>\n<tr>\n<td>M\u00f3dulo de Young<\/td>\n<td>73 GPa<\/td>\n<\/tr>\n<tr>\n<td>Raz\u00e3o de Poisson<\/td>\n<td>0.33<\/td>\n<\/tr>\n<tr>\n<td>Resist\u00eancia \u00e0 Tra\u00e7\u00e3o<\/td>\n<td>400-500 MPa<\/td>\n<\/tr>\n<tr>\n<td>Limite de escoamento<\/td>\n<td>290-385 MPa<\/td>\n<\/tr>\n<tr>\n<td>alongamento<\/td>\n<td>8-20%<\/td>\n<\/tr>\n<tr>\n<td>Dureza<\/td>\n<td>90 a 150 Vickers<\/td>\n<\/tr>\n<\/tbody>\n<\/table>\n<p>&nbsp;<\/p>\n<p class=\"whitespace-pre-wrap\">As adi\u00e7\u00f5es de cobre resultam em um aumento substancial na resist\u00eancia, ao mesmo tempo em que mant\u00eam a ductilidade moderada e a excelente resist\u00eancia \u00e0 fadiga por meio do endurecimento por precipita\u00e7\u00e3o. Oferece combina\u00e7\u00e3o ideal de propriedades para aplica\u00e7\u00f5es de alto desempenho.<\/p>\n<h2>M\u00e9todo para Produzir P\u00f3 de Al 2024<\/h2>\n<p class=\"whitespace-pre-wrap\">Os m\u00e9todos de produ\u00e7\u00e3o comercial de p\u00f3 de Al 2024 incluem:<\/p>\n<ul class=\"list-disc pl-8 space-y-2\">\n<li class=\"whitespace-normal\"><strong>Atomiza\u00e7\u00e3o a g\u00e1s<\/strong>- Jato de g\u00e1s inerte de alta press\u00e3o desintegra o fluxo de liga derretida em p\u00f3 esf\u00e9rico fino. Distribui\u00e7\u00e3o do tamanho de part\u00edcula controlada.<\/li>\n<li class=\"whitespace-normal\"><strong>Atomiza\u00e7\u00e3o da \u00c1gua<\/strong>?- Jatos de \u00e1gua a alta velocidade impactam e desintegram uma corrente de metal derretido para produzir um fino p\u00f3 irregular.<\/li>\n<li class=\"whitespace-normal\"><strong>Liga\u00e7\u00e3o Mec\u00e2nica<\/strong>? - Moagem de bolas de uma mistura de alum\u00ednio e elementos ligantes em p\u00f3, seguida por compacta\u00e7\u00e3o a frio e sinteriza\u00e7\u00e3o.<\/li>\n<li class=\"whitespace-normal\"><strong>Eletr\u00f3lise<\/strong>- Alum\u00ednio produzido por processo de eletr\u00f3lise e posteriormente ligado e atomizado.<\/li>\n<\/ul>\n<p class=\"whitespace-pre-wrap\">A atomiza\u00e7\u00e3o de g\u00e1s fornece o melhor controle sobre as caracter\u00edsticas das part\u00edculas, como tamanho, forma e microestrutura.<\/p>\n<h2>Aplica\u00e7\u00f5es do p\u00f3 de Al 2024<\/h2>\n<p class=\"whitespace-pre-wrap\">Principais aplica\u00e7\u00f5es de p\u00f3 Al 2024 incluem:<\/p>\n<ul class=\"list-disc pl-8 space-y-2\">\n<li class=\"whitespace-normal\"><strong>Manufatura aditiva<\/strong>?- Usado em fus\u00e3o seletiva a laser, sinteriza\u00e7\u00e3o direta a laser de material para produzir componentes complexos aeroespaciais e automotivos.<\/li>\n<li class=\"whitespace-normal\"><strong>Modelagem por Inje\u00e7\u00e3o de Metais<\/strong>?- Fabricar pe\u00e7as pequenas e intrincadas com boas propriedades mec\u00e2nicas e resist\u00eancia \u00e0 corros\u00e3o.<\/li>\n<li class=\"whitespace-normal\"><strong>Metalurgia do p\u00f3<\/strong>?- Processo de prensagem e sinteriza\u00e7\u00e3o para a cria\u00e7\u00e3o de pe\u00e7as de alt\u00edssimo desempenho para m\u00e1quinas e autom\u00f3veis.<\/li>\n<li class=\"whitespace-normal\"><strong>Revestimento T\u00e9rmico por Proje\u00e7\u00e3o<\/strong>?- Plasma ou Pulveriza\u00e7\u00e3o a Arco para depositar revestimentos de prote\u00e7\u00e3o de Al 2024 contra desgaste e corros\u00e3o.<\/li>\n<li class=\"whitespace-normal\"><strong>Filler de Solda<\/strong>?- Utilizado como fio\/barra de enchimento para soldagem a arco de ligas de alum\u00ednio. Proporciona excelente resist\u00eancia da solda.<\/li>\n<li class=\"whitespace-normal\"><strong>Pirotecnia<\/strong>?- Adicionado \u00e0s composi\u00e7\u00f5es pirot\u00e9cnicas como combust\u00edvel devido \u00e0 inflamabilidade do alum\u00ednio.<\/li>\n<\/ul>\n<h2>Especifica\u00e7\u00f5es do P\u00f3 de Al 2024<\/h2>\n<p class=\"whitespace-pre-wrap\">O p\u00f3 Al 2024 est\u00e1 dispon\u00edvel em diferentes faixas de tamanho, formas e graus, incluindo:<\/p>\n<ul class=\"list-disc pl-8 space-y-2\">\n<li class=\"whitespace-normal\"><strong>Tamanho da part\u00edcula:<\/strong>?De 10 &#8211; 150 microns para AM, at\u00e9 300 microns para processos de deposi\u00e7\u00e3o t\u00e9rmica.<\/li>\n<li class=\"whitespace-normal\"><strong>Morfologia:<\/strong>Part\u00edculas esf\u00e9ricas, granulares, dendr\u00edticas e de forma irregular. O p\u00f3 suave flui melhor.<\/li>\n<li class=\"whitespace-normal\"><strong>Notas:<\/strong>?Em conformidade com as especifica\u00e7\u00f5es AMS 4255, ASTM B221, EN 573-3, ISO 209 e outros graus personalizados.<\/li>\n<li class=\"whitespace-normal\"><strong>Pureza:<\/strong>Dos n\u00edveis comerciais para os de alta pureza baseados na composi\u00e7\u00e3o qu\u00edmica e nas necessidades do uso.<\/li>\n<\/ul>\n<h2>Fornecedores Globais de P\u00f3 de Al 2024<\/h2>\n<p class=\"whitespace-pre-wrap\">Alguns dos maiores provedores globalmente s\u00e3o:<\/p>\n<ul class=\"list-disc pl-8 space-y-2\">\n<li class=\"whitespace-normal\">Sandvik Osprey (Reino Unido)<\/li>\n<li class=\"whitespace-normal\">Valimet Inc. (EUA)<\/li>\n<li class=\"whitespace-normal\">TLS Technik (Alemanha)<\/li>\n<li class=\"whitespace-normal\">CNPC Powder Group (China)<\/li>\n<li class=\"whitespace-normal\">Metal Powder Company (EUA)<\/li>\n<li class=\"whitespace-normal\">Makin Metal Powders (Reino Unido)<\/li>\n<li class=\"whitespace-normal\">AMETEK Reading Alloys (EUA)<\/li>\n<\/ul>\n<p class=\"whitespace-pre-wrap\">Essas empresas produzem p\u00f3 de Al 2024 adequado para AM, pulveriza\u00e7\u00e3o t\u00e9rmica, automotiva, aeroespacial e outras aplica\u00e7\u00f5es exigentes.<\/p>\n<h2>Pre\u00e7os estimados para o p\u00f3 em 2024<\/h2>\n<p class=\"whitespace-pre-wrap\">O pre\u00e7o do p\u00f3 Al 2024 depende de fatores como:<\/p>\n<ul class=\"list-disc pl-8 space-y-2\">\n<li class=\"whitespace-normal\">Graus de pureza<\/li>\n<li class=\"whitespace-normal\">Caracter\u00edsticas e Qualidade do P\u00f3<\/li>\n<li class=\"whitespace-normal\">M\u00e9todo de produ\u00e7\u00e3o<\/li>\n<li class=\"whitespace-normal\">Quantidade do Pedido<\/li>\n<li class=\"whitespace-normal\">Fornecedor e Localiza\u00e7\u00e3o<\/li>\n<\/ul>\n<table>\n<thead>\n<tr>\n<th>Nota<\/th>\n<th>Faixa de pre\u00e7o<\/th>\n<\/tr>\n<\/thead>\n<tbody>\n<tr>\n<td>Comercial<\/td>\n<td>$8-15 por kg<\/td>\n<\/tr>\n<tr>\n<td>Alta Pureza<\/td>\n<td>R$15-R$30 o kg<\/td>\n<\/tr>\n<tr>\n<td>Ultrafina<\/td>\n<td>R$ 30-60 por kg<\/td>\n<\/tr>\n<tr>\n<td>Qualidade Especial<\/td>\n<td>$ 50,00 a 100,00 por kg<\/td>\n<\/tr>\n<\/tbody>\n<\/table>\n<p>&nbsp;<\/p>\n<p class=\"whitespace-pre-wrap\">O g\u00e1s atomizado, a alta pureza e as ligas personalizadas comandam pre\u00e7os muito mais altos do que graus comerciais simples de p\u00f3.<\/p>\n<h2>Armazenamento e Manuseio de P\u00f3 de Al 2024<\/h2>\n<p class=\"whitespace-pre-wrap\">O p\u00f3 Al 2024 requer manuseio e armazenamento cuidadosos para prevenir:<\/p>\n<ul class=\"list-disc pl-8 space-y-2\">\n<li class=\"whitespace-normal\">Oxida\u00e7\u00e3o e rea\u00e7\u00e3o com umidade<\/li>\n<li class=\"whitespace-normal\">Explos\u00f5es de poeira da igni\u00e7\u00e3o de p\u00f3 fino<\/li>\n<li class=\"whitespace-normal\">Problemas de sa\u00fade relacionados \u00e0 inala\u00e7\u00e3o<\/li>\n<li class=\"whitespace-normal\">Normas de seguran\u00e7a recomendadas pelo fornecedor devem ser seguidas<\/li>\n<\/ul>\n<p class=\"whitespace-pre-wrap\">Cobertores de g\u00e1s inerte, aterramento adequado, ventila\u00e7\u00e3o e EPIs devem ser utilizados durante o manuseio do p\u00f3.<\/p>\n<h2>M\u00e9todos de Teste e Caracteriza\u00e7\u00e3o<\/h2>\n<p class=\"whitespace-pre-wrap\">Os principais m\u00e9todos de teste utilizados para o p\u00f3 de Al 2024 incluem:<\/p>\n<ul class=\"list-disc pl-8 space-y-2\">\n<li class=\"whitespace-normal\">An\u00e1lise qu\u00edmica por espectroscopia OES ou XRF<\/li>\n<li class=\"whitespace-normal\">Distribui\u00e7\u00e3o do tamanho de part\u00edculas conforme a norma ASTM B822<\/li>\n<li class=\"whitespace-normal\">An\u00e1lise morfol\u00f3gica por medio de microscopia eletr\u00f4nica de varredura<\/li>\n<li class=\"whitespace-normal\">Medi\u00e7\u00e3o da vaz\u00e3o de p\u00f3 usando flusimetro do Hall<\/li>\n<li class=\"whitespace-normal\">Medi\u00e7\u00e3o de densidade por picnometria de h\u00e9lio<\/li>\n<li class=\"whitespace-normal\">Teste de impurezas por ICP-MS<\/li>\n<li class=\"whitespace-normal\">Exame de microestrutura por difra\u00e7\u00e3o de raios x<\/li>\n<\/ul>\n<p class=\"whitespace-pre-wrap\">Esses testes garantem que o p\u00f3 atenda \u00e0s caracter\u00edsticas qu\u00edmicas, f\u00edsicas e microestruturais requeridas, de acordo com as necessidades da aplica\u00e7\u00e3o.<\/p>\n<h2>Compara\u00e7\u00e3o Entre P\u00f3s Al 2024 e Al 7075<\/h2>\n<p class=\"whitespace-pre-wrap\">As ligas de alum\u00ednio de alta resist\u00eancia Al 2024 e Al 7075 comparadas:<\/p>\n<table>\n<thead>\n<tr>\n<th>Par\u00e2metro<\/th>\n<th>At\u00e9 2024<\/th>\n<th>Al 7075<\/th>\n<\/tr>\n<\/thead>\n<tbody>\n<tr>\n<td>Tipo de liga<\/td>\n<td>Trat\u00e1vel termicamente<\/td>\n<td>Trat\u00e1vel termicamente<\/td>\n<\/tr>\n<tr>\n<td>Teor de Cu<\/td>\n<td>3.8-4.9%<\/td>\n<td>1.2-2%<\/td>\n<\/tr>\n<tr>\n<td>Teor de Zn<\/td>\n<td>0-0.25%<\/td>\n<td>5.1-6.1%<\/td>\n<\/tr>\n<tr>\n<td>For\u00e7a<\/td>\n<td>Alto<\/td>\n<td>Muito alto<\/td>\n<\/tr>\n<tr>\n<td>Resist\u00eancia \u00e0 fratura<\/td>\n<td>Maior<\/td>\n<td>Moderado<\/td>\n<\/tr>\n<tr>\n<td>Resist\u00eancia \u00e0 corros\u00e3o<\/td>\n<td>Bom<\/td>\n<td>Moderado<\/td>\n<\/tr>\n<tr>\n<td>Soldabilidade<\/td>\n<td>Razo\u00e1vel<\/td>\n<td>Pobre<\/td>\n<\/tr>\n<tr>\n<td>Custo<\/td>\n<td>Mais baixo<\/td>\n<td>Maior<\/td>\n<\/tr>\n<\/tbody>\n<\/table>\n<p>&nbsp;<\/p>\n<p class=\"whitespace-pre-wrap\">A liga Al 2024 apresenta melhor fabricabilidade, enquanto a liga Al 7075 oferece resist\u00eancia mec\u00e2nica bem maior ap\u00f3s tratamento t\u00e9rmico. A liga Al 2024 \u00e9 mais econ\u00f4mica.<\/p>\n<h2>Perguntas Frequentes sobre o p\u00f3 de 2024<\/h2>\n<p class=\"whitespace-pre-wrap\"><strong>P: Como \u00e9 produzido o p\u00f3 de Al 2024?<\/strong><\/p>\n<p class=\"whitespace-pre-wrap\">R: O p\u00f3 de Al 2024 \u00e9 produzido comercialmente usando t\u00e9cnicas de atomiza\u00e7\u00e3o de g\u00e1s, atomiza\u00e7\u00e3o de \u00e1gua, liga mec\u00e2nica e eletr\u00f3lise. A atomiza\u00e7\u00e3o de g\u00e1s oferece o melhor controle do tamanho e morfologia das part\u00edculas.<\/p>\n<p class=\"whitespace-pre-wrap\"><strong>P: Quais s\u00e3o as principais aplica\u00e7\u00f5es do p\u00f3 de alum\u00ednio 2024?<\/strong><\/p>\n<p class=\"whitespace-pre-wrap\">As principais aplica\u00e7\u00f5es incluem manufatura aditiva, pulveriza\u00e7\u00e3o t\u00e9rmica, metalurgia do p\u00f3, moldagem por inje\u00e7\u00e3o de metal, enchimento de solda e composi\u00e7\u00f5es pirot\u00e9cnicas, onde alta resist\u00eancia e boa resist\u00eancia \u00e0 corros\u00e3o s\u00e3o exigidas.<\/p>\n<p class=\"whitespace-pre-wrap\"><strong>**P: Qual \u00e9 o tamanho t\u00edpico de part\u00edcula usado para o p\u00f3 de Al 2024 em AM?**<\/strong><\/p>\n<p class=\"whitespace-pre-wrap\">A: Na maioria dos processos de impress\u00e3o 3D em metal, a faixa de tamanho de part\u00edculas ideal para p\u00f3 de Al 2024 \u00e9 de 15 a 45 m\u00edcrons com morfologia esf\u00e9rica e boas caracter\u00edsticas de fluxo.<\/p>\n<p class=\"whitespace-pre-wrap\"><strong>P: O p\u00f3 Al 2024 requer alguma precau\u00e7\u00e3o especial de manuseio?<\/strong><\/p>\n<p class=\"whitespace-pre-wrap\">A: Sim, \u00e9 recomendado manusear p\u00f3s finos de alum\u00ednio sob gases inertes usando aterramento, ventila\u00e7\u00e3o e EPI adequados para prevenir risco de inc\u00eandios e explos\u00f5es.<\/p>\n<p class=\"whitespace-pre-wrap\"><strong>P: Onde posso comprar p\u00f3 de Al 2024 adequado para componentes aeroespaciais?<\/strong><\/p>\n<p class=\"whitespace-pre-wrap\">A: \u00c9 poss\u00edvel fazer sourcing de p\u00f3s de Al 2024 atomizados por g\u00e1s com alta pureza, que atendem aos requisitos aeroespaciais, de empresas como Sandvik Osprey, Valimet Inc., TLS Technik e AMETEK Reading Alloys.<\/p>\n<p><\/span><\/span><\/p>","protected":false},"excerpt":{"rendered":"<p>Vis\u00e3o geral do Al 2024 em p\u00f3 O Al 2024 \u00e9 uma das mais populares ligas de alum\u00ednio forjado da s\u00e9rie 2000, conhecida por sua for\u00e7a, resist\u00eancia \u00e0 fadiga e excelente usinabilidade e resist\u00eancia \u00e0 corros\u00e3o. As adi\u00e7\u00f5es de cobre conferem um fortalecimento substancial por meio do endurecimento por precipita\u00e7\u00e3o, mantendo a conformabilidade e a soldabilidade. As principais caracter\u00edsticas do p\u00f3 de Al 2024 incluem: Alta resist\u00eancia com resist\u00eancia moderada...<\/p>","protected":false},"featured_media":1802,"parent":0,"template":"","meta":{"_acf_changed":false,"_kad_blocks_custom_css":"","_kad_blocks_head_custom_js":"","_kad_blocks_body_custom_js":"","_kad_blocks_footer_custom_js":"","_kad_post_transparent":"","_kad_post_title":"","_kad_post_layout":"","_kad_post_sidebar_id":"","_kad_post_content_style":"","_kad_post_vertical_padding":"","_kad_post_feature":"","_kad_post_feature_position":"","_kad_post_header":false,"_kad_post_footer":false,"_kad_post_classname":""},"product-category":[119,124],"class_list":["post-3900","product","type-product","status-publish","has-post-thumbnail","hentry","product-category-3d-printing-metal-powder","product-category-aluminum-based-alloy-powder"],"acf":[],"taxonomy_info":{"product-category":[{"value":119,"label":"3D Printing Metal Powder"},{"value":124,"label":"Aluminum Based Alloy Powder"}]},"featured_image_src_large":["https:\/\/3dpmetal.com\/wp-content\/uploads\/2024\/02\/GA-Al-2024.png",981,745,false],"author_info":[],"comment_info":"","_links":{"self":[{"href":"https:\/\/3dpmetal.com\/pt_br\/wp-json\/wp\/v2\/product\/3900","targetHints":{"allow":["GET"]}}],"collection":[{"href":"https:\/\/3dpmetal.com\/pt_br\/wp-json\/wp\/v2\/product"}],"about":[{"href":"https:\/\/3dpmetal.com\/pt_br\/wp-json\/wp\/v2\/types\/product"}],"wp:featuredmedia":[{"embeddable":true,"href":"https:\/\/3dpmetal.com\/pt_br\/wp-json\/wp\/v2\/media\/1802"}],"wp:attachment":[{"href":"https:\/\/3dpmetal.com\/pt_br\/wp-json\/wp\/v2\/media?parent=3900"}],"wp:term":[{"taxonomy":"product-category","embeddable":true,"href":"https:\/\/3dpmetal.com\/pt_br\/wp-json\/wp\/v2\/product-category?post=3900"}],"curies":[{"name":"wp","href":"https:\/\/api.w.org\/{rel}","templated":true}]}}