{"id":3901,"date":"2024-03-18T06:10:12","date_gmt":"2024-03-18T06:10:12","guid":{"rendered":"https:\/\/3dp.45612300.xyz\/product\/al-6061-powder\/"},"modified":"2024-03-18T06:10:12","modified_gmt":"2024-03-18T06:10:12","slug":"al-6061-powder","status":"publish","type":"product","link":"https:\/\/3dpmetal.com\/pt_br\/product\/al-6061-powder\/","title":{"rendered":"Al 6061 em p\u00f3"},"content":{"rendered":"<p><span style=\"vertical-align: inherit;\"><span style=\"vertical-align: inherit;\"><\/p>\n<h2>Vis\u00e3o geral do p\u00f3 Al 6061<\/h2>\n<p class=\"whitespace-pre-wrap\">O Al 6061 \u00e9 uma das ligas de alum\u00ednio trat\u00e1veis termicamente mais vers\u00e1teis. Adi\u00e7\u00f5es de magn\u00e9sio e sil\u00edcio permitem que ele seja fortalecido por meio de endurecimento por precipita\u00e7\u00e3o. A liga se tornou imensamente popular devido \u00e0 sua excelente resist\u00eancia \u00e0 corros\u00e3o, usinabilidade, soldabilidade e resist\u00eancia m\u00e9dia a alta.<\/p>\n<p class=\"whitespace-pre-wrap\">Caracter\u00edsticas fundamentais do p\u00f3 de Al 6061 incluem:<\/p>\n<ul class=\"list-disc pl-8 space-y-2\">\n<li class=\"whitespace-normal\">Resist\u00eancia m\u00e9dia a alta com excelente ductibilidade e tenacidade<\/li>\n<li class=\"whitespace-normal\">Excelente resist\u00eancia \u00e0 corros\u00e3o e acabamento<\/li>\n<li class=\"whitespace-normal\">Excelente soldabilidade e usinabilidade<\/li>\n<li class=\"whitespace-normal\">Alta condutividade t\u00e9rmica e el\u00e9trica<\/li>\n<li class=\"whitespace-normal\">Baixa Densidade<\/li>\n<li class=\"whitespace-normal\">Dispon\u00edveis em uma ampla faixa de tamanhos e formatos de p\u00f3s<\/li>\n<\/ul>\n<p class=\"whitespace-pre-wrap\">O p\u00f3 Al 6061 \u00e9 amplamente utilizado em aplica\u00e7\u00f5es aeroespaciais, mar\u00edtimas, automotivas, de constru\u00e7\u00e3o e engenharia geral que precisam de propriedades mec\u00e2nicas leves e boas.<\/p>\n<h2>Composi\u00e7\u00e3o Qu\u00edmica do P\u00f3 Al 6061<\/h2>\n<p class=\"whitespace-pre-wrap\">A composi\u00e7\u00e3o qu\u00edmica t\u00edpica do p\u00f3 do Al 6061 \u00e9:<\/p>\n<table>\n<thead>\n<tr>\n<th>Elemento<\/th>\n<th>% do Peso<\/th>\n<\/tr>\n<\/thead>\n<tbody>\n<tr>\n<td>Alum\u00ednio (Al)<\/td>\n<td>Equil\u00edbrio<\/td>\n<\/tr>\n<tr>\n<td>Sil\u00edcio (Si)<\/td>\n<td>0.4-0.8%<\/td>\n<\/tr>\n<tr>\n<td>Ferro (Fe)<\/td>\n<td>0-0.7%<\/td>\n<\/tr>\n<tr>\n<td>Cobre (Cu)<\/td>\n<td>0.15-0.4%<\/td>\n<\/tr>\n<tr>\n<td>Mangan\u00eas (Mn)<\/td>\n<td>0-0.15%<\/td>\n<\/tr>\n<tr>\n<td>Magn\u00e9sio (Mg)<\/td>\n<td>0.8-1.2%<\/td>\n<\/tr>\n<tr>\n<td>Cromo (Cr)<\/td>\n<td>0.04-0.35%<\/td>\n<\/tr>\n<tr>\n<td>Zinco (Zn)<\/td>\n<td>0-0.25%<\/td>\n<\/tr>\n<tr>\n<td>Tit\u00e2nio (Ti)<\/td>\n<td>0-0.15%<\/td>\n<\/tr>\n<\/tbody>\n<\/table>\n<p><img loading=\"lazy\" decoding=\"async\" class=\"size-medium wp-image-1409 aligncenter\" src=\"https:\/\/met3dp.com\/wp-content\/uploads\/2023\/09\/ed7a94ec-3c10-4b1b-87ed--300x300.jpg\" alt=\"Al 6061 em p\u00f3\" width=\"300\" height=\"300\" title=\"\"><\/p>\n<p class=\"whitespace-pre-wrap\">Magn\u00e9sio e sil\u00edcio s\u00e3o elementos-chave na liga. Tra\u00e7os de ferro, cobre, mangan\u00eas e cromo tamb\u00e9m t\u00eam efeitos menores nas propriedades da liga.<\/p>\n<h2>Propriedades do P\u00f3 Al 6061 X<\/h2>\n<p class=\"whitespace-pre-wrap\">Principais propriedades do p\u00f3 de liga 6061 incluem:<\/p>\n<table>\n<thead>\n<tr>\n<th>Propriedade<\/th>\n<th>Valor<\/th>\n<\/tr>\n<\/thead>\n<tbody>\n<tr>\n<td>Densidade<\/td>\n<td>2,7 g\/cm\u00b3<\/td>\n<\/tr>\n<tr>\n<td>Ponto de Fus\u00e3o<\/td>\n<td>582-652\u00abC<\/td>\n<\/tr>\n<tr>\n<td>Condutividade t\u00e9rmica<\/td>\n<td>167 W\/mK<\/td>\n<\/tr>\n<tr>\n<td>Condutividade El\u00e9trica<\/td>\n<td>43-45% IACS<\/td>\n<\/tr>\n<tr>\n<td>M\u00f3dulo de Young<\/td>\n<td>68-72 GPa<\/td>\n<\/tr>\n<tr>\n<td>Raz\u00e3o de Poisson<\/td>\n<td>0.33<\/td>\n<\/tr>\n<tr>\n<td>Resist\u00eancia \u00e0 Tra\u00e7\u00e3o<\/td>\n<td>124-290 MPa<\/td>\n<\/tr>\n<tr>\n<td>Limite de escoamento<\/td>\n<td>55-250 MPa<\/td>\n<\/tr>\n<tr>\n<td>alongamento<\/td>\n<td>10-25%<\/td>\n<\/tr>\n<tr>\n<td>Dureza<\/td>\n<td>40-95 Brinell<\/td>\n<\/tr>\n<\/tbody>\n<\/table>\n<p>&nbsp;<\/p>\n<p class=\"whitespace-pre-wrap\">A Al 6061 oferece resist\u00eancia m\u00e9dia a alta, que pode ser aprimorada ainda mais por meio de tratamento t\u00e9rmico. Possui excelente resist\u00eancia \u00e0 corros\u00e3o e acabamento.<\/p>\n<h2>M\u00e9todo de Produ\u00e7\u00e3o para P\u00f3 Al 6061<\/h2>\n<p class=\"whitespace-pre-wrap\">Os m\u00e9todos de produ\u00e7\u00e3o comercial para o p\u00f3 de Al 6061 incluem:<\/p>\n<ul class=\"list-disc pl-8 space-y-2\">\n<li class=\"whitespace-normal\"><strong>Atomiza\u00e7\u00e3o a g\u00e1s<\/strong>?- G\u00e1s inerte de alta press\u00e3o desintegra o fluxo de liga fundida em p\u00f3 esf\u00e9rico fino com distribui\u00e7\u00e3o de tamanho controlada.<\/li>\n<li class=\"whitespace-normal\"><strong>Atomiza\u00e7\u00e3o da \u00c1gua<\/strong>?- Os impactos de jato de \u00e1gua de alta velocidade e desintegram o metal fundido para produzir part\u00edculas finas e irregulares de p\u00f3.<\/li>\n<li class=\"whitespace-normal\"><strong>Liga\u00e7\u00e3o Mec\u00e2nica<\/strong>?- Moagem em bolas de uma mistura de p\u00f3s de alum\u00ednio e elementos de liga, seguida por compacta\u00e7\u00e3o e sinteriza\u00e7\u00e3o.<\/li>\n<\/ul>\n<p class=\"whitespace-pre-wrap\">A atomiza\u00e7\u00e3o por g\u00e1s fornece controle superior sobre as caracter\u00edsticas do p\u00f3.<\/p>\n<h2>Aplica\u00e7\u00f5es do p\u00f3 de Al 6061<\/h2>\n<p class=\"whitespace-pre-wrap\">Aplica\u00e7\u00f5es t\u00edpicas de Al 6061 em p\u00f3 inclui:<\/p>\n<ul class=\"list-disc pl-8 space-y-2\">\n<li class=\"whitespace-normal\"><strong>Manufatura aditiva<\/strong>- Utilizado em fus\u00e3o seletiva a laser, fus\u00e3o por feixe de el\u00e9trons e jateamento de aglutinante para produzir componentes complexos.<\/li>\n<li class=\"whitespace-normal\"><strong>Modelagem por Inje\u00e7\u00e3o de Metais<\/strong>- Fabricar pequenas e intrincadas pe\u00e7as com toler\u00e2ncias apertadas e excelentes propriedades.<\/li>\n<li class=\"whitespace-normal\"><strong>Metalurgia do p\u00f3<\/strong>- Processo de prensagem e sinteriza\u00e7\u00e3o para a cria\u00e7\u00e3o de pe\u00e7as automotivas e mec\u00e2nicas de alto desempenho.<\/li>\n<li class=\"whitespace-normal\"><strong>Revestimento T\u00e9rmico por Proje\u00e7\u00e3o<\/strong>- Proje\u00e7\u00e3o por arco el\u00e9trico para depositar revestimentos de Al 6061 protetores, que oferecem resist\u00eancia ao desgaste e \u00e0 corros\u00e3o.<\/li>\n<li class=\"whitespace-normal\"><strong>Filler de Solda<\/strong>?- Usado como arame de preenchimento para prover for\u00e7a de solda similar ao metal de base.<\/li>\n<li class=\"whitespace-normal\"><strong>Pigmentos<\/strong>- Adicionado a tintas e pol\u00edmeros para fornecer brilho e prote\u00e7\u00e3o contra corros\u00e3o.<\/li>\n<\/ul>\n<h2>Especifica\u00e7\u00f5es do P\u00f3 de AI 6061<\/h2>\n<p class=\"whitespace-pre-wrap\">O p\u00f3 de Al 6061 est\u00e1 dispon\u00edvel em diferentes intervalos de tamanho, formas, graus e n\u00edveis de pureza:<\/p>\n<ul class=\"list-disc pl-8 space-y-2\">\n<li class=\"whitespace-normal\"><strong>Tamanho da part\u00edcula:<\/strong>De 10 a 150 micra para m\u00e9todos AM, at\u00e9 300 micra para processos de pulveriza\u00e7\u00e3o t\u00e9rmica.<\/li>\n<li class=\"whitespace-normal\"><strong>Morfologia:<\/strong>Part\u00edculas esf\u00e9ricas, granulares, dendr\u00edticas e de forma irregular. O p\u00f3 suave flui melhor.<\/li>\n<li class=\"whitespace-normal\"><strong>Pureza:<\/strong>?Do comercial para alta pureza (99,9%) adaptados para atender as necessidades.<\/li>\n<li class=\"whitespace-normal\"><strong>Notas:<\/strong>?Conforme \u00e1s especifica\u00e7\u00f5es ASTM B221, EN 573 e ISO 209. Clases personalizadas oferecidas.<\/li>\n<li class=\"whitespace-normal\"><strong>Fluidez:<\/strong>?O p\u00f3 pode ser personalizado para taxas de fluxo espec\u00edficas com base na aplica\u00e7\u00e3o.<\/li>\n<\/ul>\n<h2>Fornecedores Globais do P\u00f3 Al 6061<\/h2>\n<p class=\"whitespace-pre-wrap\">Alguns dos principais fornecedores globais s\u00e3o:<\/p>\n<ul class=\"list-disc pl-8 space-y-2\">\n<li class=\"whitespace-normal\">Valimet Inc. (EUA)<\/li>\n<li class=\"whitespace-normal\">Makin Metal Powders (Reino Unido)<\/li>\n<li class=\"whitespace-normal\">Metal Powder Company (EUA)<\/li>\n<li class=\"whitespace-normal\">CNPC Powder Group (China)<\/li>\n<li class=\"whitespace-normal\">SCM Metal Products (EUA)<\/li>\n<li class=\"whitespace-normal\">Shanghai Chaowei (China) Nanotecnologia<\/li>\n<li class=\"whitespace-normal\">P\u00f3 de tit\u00e2nio (R\u00fassia)<\/li>\n<\/ul>\n<p class=\"whitespace-pre-wrap\">Essas empresas produzem p\u00f3 de Al 6061 ideal para AM, spray t\u00e9rmico, aeroespacial, automotivo e outras aplica\u00e7\u00f5es exigentes usando v\u00e1rios m\u00e9todos.<\/p>\n<h2>Pre\u00e7os do p\u00f3 AL 6061<\/h2>\n<p class=\"whitespace-pre-wrap\">A fixa\u00e7\u00e3o do pre\u00e7o do p\u00f3 de alum\u00ednio Al 6061 depende de v\u00e1rios fatores:<\/p>\n<ul class=\"list-disc pl-8 space-y-2\">\n<li class=\"whitespace-normal\">Graus de pureza<\/li>\n<li class=\"whitespace-normal\">Caracter\u00edsticas das part\u00edculas<\/li>\n<li class=\"whitespace-normal\">M\u00e9todo de Produ\u00e7\u00e3o a P\u00f3<\/li>\n<li class=\"whitespace-normal\">Volume do pedido<\/li>\n<li class=\"whitespace-normal\">Fornecedor e localiza\u00e7\u00e3o geogr\u00e1fica<\/li>\n<\/ul>\n<table>\n<thead>\n<tr>\n<th>Nota<\/th>\n<th>Faixa de pre\u00e7o<\/th>\n<\/tr>\n<\/thead>\n<tbody>\n<tr>\n<td>Comercial<\/td>\n<td>R$5-15 por kg<\/td>\n<\/tr>\n<tr>\n<td>Alta Pureza<\/td>\n<td>R$15-R$30 o kg<\/td>\n<\/tr>\n<tr>\n<td>Ultrafina<\/td>\n<td>R$ 30-60 por kg<\/td>\n<\/tr>\n<tr>\n<td>Qualidade Especial<\/td>\n<td>R$ 60-120 o kg<\/td>\n<\/tr>\n<\/tbody>\n<\/table>\n<p>&nbsp;<\/p>\n<p class=\"whitespace-pre-wrap\">P\u00f3s esf\u00e9ricos, com tamanho de part\u00edcula controlado e alta pureza t\u00eam pre\u00e7os muito mais altos que as categorias comerciais regulares de p\u00f3 Al 6061.<\/p>\n<h2>Armazenamento e manuseio de p\u00f3 Al 6061<\/h2>\n<p class=\"whitespace-pre-wrap\">O p\u00f3 Al 6061 deve ser manuseado e armazenado adequadamente para evitar:<\/p>\n<ul class=\"list-disc pl-8 space-y-2\">\n<li class=\"whitespace-normal\">Oxida\u00e7\u00e3o e rea\u00e7\u00e3o com umidade<\/li>\n<li class=\"whitespace-normal\">Perigos de explos\u00e3o de p\u00f3 de p\u00f3 fino<\/li>\n<li class=\"whitespace-normal\">Problemas de sa\u00fade relacionados \u00e0 inala\u00e7\u00e3o<\/li>\n<li class=\"whitespace-normal\">As pr\u00e1ticas de seguran\u00e7a das FDS do fornecedor devem ser seguidas<\/li>\n<\/ul>\n<p class=\"whitespace-pre-wrap\">Recomenda-se armazenagem em g\u00e1s inerte, ventila\u00e7\u00e3o adequada, aterramento e EPI ao manusear o p\u00f3.<\/p>\n<h2>M\u00e9todos de Teste e Caracteriza\u00e7\u00e3o<\/h2>\n<p class=\"whitespace-pre-wrap\">Os principais m\u00e9todos de testes usados para o p\u00f3 de Al 6061 incluem:<\/p>\n<ul class=\"list-disc pl-8 space-y-2\">\n<li class=\"whitespace-normal\">An\u00e1lise qu\u00edmica por OES ou XRF para composi\u00e7\u00e3o<\/li>\n<li class=\"whitespace-normal\">Distribui\u00e7\u00e3o do tamanho de part\u00edculas conforme a norma ASTM B822<\/li>\n<li class=\"whitespace-normal\">An\u00e1lise da morfologia por meio de MEV<\/li>\n<li class=\"whitespace-normal\">Taxa de fluxo de p\u00f3 medida pelo funil de escoamento Hall<\/li>\n<li class=\"whitespace-normal\">Determina\u00e7\u00e3o de densidade por picnometria de h\u00e9lio<\/li>\n<li class=\"whitespace-normal\">Teste de impureza por ICP-MS<\/li>\n<li class=\"whitespace-normal\">Exame de microestrutura por difra\u00e7\u00e3o de raios x<\/li>\n<\/ul>\n<p class=\"whitespace-pre-wrap\">Esses testes garante a consist\u00eancia do lote e a conformidade com os requisitos do aplicativo.<\/p>\n<h2>Compara\u00e7\u00e3o entre os p\u00f3s Al 6061 e Al 7075<\/h2>\n<p class=\"whitespace-pre-wrap\">P\u00f3s de ligas de alum\u00ednio Al 6061 e Al 7075 comparados:<\/p>\n<table>\n<thead>\n<tr>\n<th>Par\u00e2metro<\/th>\n<th>Al 6061<\/th>\n<th>Al 7075<\/th>\n<\/tr>\n<\/thead>\n<tbody>\n<tr>\n<td>Tipo de liga<\/td>\n<td>Trat\u00e1vel termicamente<\/td>\n<td>Trat\u00e1vel termicamente<\/td>\n<\/tr>\n<tr>\n<td>Conte\u00fado de Mg<\/td>\n<td>0.8-1.2%<\/td>\n<td>2.1-2.9%<\/td>\n<\/tr>\n<tr>\n<td>For\u00e7a<\/td>\n<td>M\u00e9dio<\/td>\n<td>Muito alto<\/td>\n<\/tr>\n<tr>\n<td>Maquinabilidade<\/td>\n<td>Excelente<\/td>\n<td>Pobre<\/td>\n<\/tr>\n<tr>\n<td>Soldabilidade<\/td>\n<td>Excelente<\/td>\n<td>Pobre<\/td>\n<\/tr>\n<tr>\n<td>Resist\u00eancia \u00e0 corros\u00e3o<\/td>\n<td>Excelente<\/td>\n<td>Bom<\/td>\n<\/tr>\n<tr>\n<td>Custo<\/td>\n<td>Mais baixo<\/td>\n<td>Maior<\/td>\n<\/tr>\n<\/tbody>\n<\/table>\n<p>&nbsp;<\/p>\n<p class=\"whitespace-pre-wrap\">Al 6061 oferece melhor resist\u00eancia \u00e0 corros\u00e3o e usinabilidade enquanto Al 7075 fornece maior resist\u00eancia ap\u00f3s tratamento t\u00e9rmico.<\/p>\n<h2>Perguntas frequentes sobre o p\u00f3 Al 6061<\/h2>\n<p class=\"whitespace-pre-wrap\"><strong>P: Como \u00e9 produzido o p\u00f3 de Al 6061?<\/strong><\/p>\n<p class=\"whitespace-pre-wrap\">A: O p\u00f3 6061 \u00e9 produzido comercialmente usando atomiza\u00e7\u00e3o de g\u00e1s, atomiza\u00e7\u00e3o de \u00e1gua, liga mec\u00e2nica e t\u00e9cnicas de eletr\u00f3lise. A atomiza\u00e7\u00e3o de g\u00e1s oferece controle ideal das caracter\u00edsticas do p\u00f3.<\/p>\n<p class=\"whitespace-pre-wrap\"><strong>P: Quais s\u00e3o as principais aplica\u00e7\u00f5es do p\u00f3 de Al 6061?<\/strong><\/p>\n<p class=\"whitespace-pre-wrap\">R: Aplica\u00e7\u00f5es principais para o p\u00f3 de liga 6061 incluem manufatura aditiva, revestimentos por spray t\u00e9rmico, pe\u00e7as de metalurgia do p\u00f3, moldagem por inje\u00e7\u00e3o de metal, pigmentos e fio de solda que requer resist\u00eancia m\u00e9dia e excelente resist\u00eancia \u00e0 corros\u00e3o.<\/p>\n<p class=\"whitespace-pre-wrap\"><strong>P: Qual \u00e9 o tamanho de p\u00f3 de Al 6061 recomendado para binder jetting?<\/strong><\/p>\n<p class=\"whitespace-pre-wrap\">R: Para o processo de jateamento de ligante, a faixa t\u00edpica de tamanho de p\u00f3 de Al 6061 \u00e9 de 20 a 45 m\u00edcrons com morfologia esf\u00e9rica para possibilitar boa densidade de leito de p\u00f3 e infiltra\u00e7\u00e3o de ligante.<\/p>\n<p class=\"whitespace-pre-wrap\"><strong>P: Em p\u00f3 Al 6061 requer algum tipo de manuseio especial ou precau\u00e7\u00f5es?<\/strong><\/p>\n<p class=\"whitespace-pre-wrap\">R: Sim, \u00e9 recomendado manusear p\u00f3s de ligas de alum\u00ednio cuidadosamente sob uma atmosfera inerte com aterramento, ventila\u00e7\u00e3o e EPIs adequados para prevenir riscos de fogo ou explos\u00e3o.<\/p>\n<p class=\"whitespace-pre-wrap\"><strong>P: Onde posso comprar p\u00f3 de Al 6061 apropriado para aplica\u00e7\u00f5es aeroespaciais?<\/strong><\/p>\n<p class=\"whitespace-pre-wrap\">**Tradu\u00e7\u00e3o:** A: O p\u00f3 de Al 6061 atomizado com g\u00e1s de alta pureza, que atende aos padr\u00f5es aeroespaciais, pode ser adquirido de fabricantes l\u00edderes como Valimet, Makin Metal Powders e AMETEK.\n\n**Melhoria:** O p\u00f3 de Al 6061 atomizado com g\u00e1s de alta pureza, que atende aos padr\u00f5es aeroespaciais, pode ser adquirido de fabricantes l\u00edderes como Valimet, Makin Metal Powders e AMETEK. Esses fabricantes oferecem p\u00f3 de alta qualidade que \u00e9 essencial para aplica\u00e7\u00f5es aeroespaciais cr\u00edticas, garantindo resist\u00eancia, durabilidade e desempenho confi\u00e1vel.<\/p>\n<p><\/span><\/span><\/p>","protected":false},"excerpt":{"rendered":"<p>Vis\u00e3o geral do p\u00f3 de Al 6061 O Al 6061 \u00e9 uma das ligas de alum\u00ednio trat\u00e1veis termicamente mais vers\u00e1teis. As adi\u00e7\u00f5es de magn\u00e9sio e sil\u00edcio permitem que ela seja refor\u00e7ada por meio de endurecimento por precipita\u00e7\u00e3o. A liga tornou-se imensamente popular devido \u00e0 sua excelente resist\u00eancia \u00e0 corros\u00e3o, usinabilidade, soldabilidade e resist\u00eancia m\u00e9dia a alta. As principais caracter\u00edsticas do p\u00f3 de Al 6061 incluem:...<\/p>","protected":false},"featured_media":1804,"parent":0,"template":"","meta":{"_acf_changed":false,"_kad_blocks_custom_css":"","_kad_blocks_head_custom_js":"","_kad_blocks_body_custom_js":"","_kad_blocks_footer_custom_js":"","_kad_post_transparent":"","_kad_post_title":"","_kad_post_layout":"","_kad_post_sidebar_id":"","_kad_post_content_style":"","_kad_post_vertical_padding":"","_kad_post_feature":"","_kad_post_feature_position":"","_kad_post_header":false,"_kad_post_footer":false,"_kad_post_classname":""},"product-category":[119,124],"class_list":["post-3901","product","type-product","status-publish","has-post-thumbnail","hentry","product-category-3d-printing-metal-powder","product-category-aluminum-based-alloy-powder"],"acf":[],"taxonomy_info":{"product-category":[{"value":119,"label":"3D Printing Metal Powder"},{"value":124,"label":"Aluminum Based Alloy Powder"}]},"featured_image_src_large":["https:\/\/3dpmetal.com\/wp-content\/uploads\/2024\/02\/Al-6061-powder.png",422,316,false],"author_info":[],"comment_info":"","_links":{"self":[{"href":"https:\/\/3dpmetal.com\/pt_br\/wp-json\/wp\/v2\/product\/3901","targetHints":{"allow":["GET"]}}],"collection":[{"href":"https:\/\/3dpmetal.com\/pt_br\/wp-json\/wp\/v2\/product"}],"about":[{"href":"https:\/\/3dpmetal.com\/pt_br\/wp-json\/wp\/v2\/types\/product"}],"wp:featuredmedia":[{"embeddable":true,"href":"https:\/\/3dpmetal.com\/pt_br\/wp-json\/wp\/v2\/media\/1804"}],"wp:attachment":[{"href":"https:\/\/3dpmetal.com\/pt_br\/wp-json\/wp\/v2\/media?parent=3901"}],"wp:term":[{"taxonomy":"product-category","embeddable":true,"href":"https:\/\/3dpmetal.com\/pt_br\/wp-json\/wp\/v2\/product-category?post=3901"}],"curies":[{"name":"wp","href":"https:\/\/api.w.org\/{rel}","templated":true}]}}