{"id":3907,"date":"2024-03-18T06:10:12","date_gmt":"2024-03-18T06:10:12","guid":{"rendered":"https:\/\/3dp.45612300.xyz\/product\/al-3104-powder\/"},"modified":"2024-03-18T06:10:12","modified_gmt":"2024-03-18T06:10:12","slug":"al-3104-powder","status":"publish","type":"product","link":"https:\/\/3dpmetal.com\/pt_br\/product\/al-3104-powder\/","title":{"rendered":"Al 3104 powder"},"content":{"rendered":"<p><span style=\"vertical-align: inherit;\"><span style=\"vertical-align: inherit;\"><\/p>\n<h2>Overview of Al 3104 Powder<\/h2>\n<p class=\"whitespace-pre-wrap\">Al 3104 is a 3000 series wrought aluminum alloy known for its good corrosion resistance, excellent formability and weldability. Manganese additions provide strength through solid solution strengthening while maintaining ductility and toughness.<\/p>\n<p class=\"whitespace-pre-wrap\">Key characteristics of Al 3104 powder include:<\/p>\n<ul class=\"list-disc pl-8 space-y-2\">\n<li class=\"whitespace-normal\">Moderate strength with excellent ductility<\/li>\n<li class=\"whitespace-normal\">Muito boa soldabilidade e conformabilidade<\/li>\n<li class=\"whitespace-normal\">Excelente resist\u00eancia a corros\u00e3o<\/li>\n<li class=\"whitespace-normal\">Alta condutividade t\u00e9rmica e el\u00e9trica<\/li>\n<li class=\"whitespace-normal\">Baixa Densidade<\/li>\n<li class=\"whitespace-normal\">Dispon\u00edveis em v\u00e1rias distribui\u00e7\u00f5es de tamanho de part\u00edculas<\/li>\n<\/ul>\n<p class=\"whitespace-pre-wrap\">Al 3104 powder is suitable for chemical tanks, utensils, heat exchangers and applications needing moderate strength combined with good corrosion resistance.<\/p>\n<h2>Chemical Composition of Al 3104 Powder<\/h2>\n<p class=\"whitespace-pre-wrap\">The typical chemical composition of Al 3104 powder is:<\/p>\n<table>\n<thead>\n<tr>\n<th>Elemento<\/th>\n<th>% do Peso<\/th>\n<\/tr>\n<\/thead>\n<tbody>\n<tr>\n<td>Alum\u00ednio (Al)<\/td>\n<td>Equil\u00edbrio<\/td>\n<\/tr>\n<tr>\n<td>Mangan\u00eas (Mn)<\/td>\n<td>1.0-1.5%<\/td>\n<\/tr>\n<tr>\n<td>Sil\u00edcio (Si)<\/td>\n<td>M\u00e1x. 0,3%<\/td>\n<\/tr>\n<tr>\n<td>Ferro (Fe)<\/td>\n<td>0,7% no m\u00e1ximo<\/td>\n<\/tr>\n<tr>\n<td>Cobre (Cu)<\/td>\n<td>0,25% m\u00e1x.<\/td>\n<\/tr>\n<tr>\n<td>Magn\u00e9sio (Mg)<\/td>\n<td>0,25% m\u00e1x.<\/td>\n<\/tr>\n<tr>\n<td>Zinco (Zn)<\/td>\n<td>0.20% max<\/td>\n<\/tr>\n<tr>\n<td>Cromo (Cr)<\/td>\n<td>0.05-0.20%<\/td>\n<\/tr>\n<\/tbody>\n<\/table>\n<p><img loading=\"lazy\" decoding=\"async\" class=\"size-medium wp-image-1409 aligncenter\" src=\"https:\/\/met3dp.com\/wp-content\/uploads\/2023\/09\/ed7a94ec-3c10-4b1b-87ed--300x300.jpg\" alt=\"Al 3104 powder\" width=\"300\" height=\"300\" title=\"\"><\/p>\n<p class=\"whitespace-pre-wrap\">Manganese is the key alloying element in 3104 aluminum. Impurity levels of silicon, iron, copper, and zinc are strictly controlled.<\/p>\n<h2>Properties of Al 3104 Powder<\/h2>\n<p class=\"whitespace-pre-wrap\">Key properties of Al 3104 powder include:<\/p>\n<table>\n<thead>\n<tr>\n<th>Propriedade<\/th>\n<th>Valor<\/th>\n<\/tr>\n<\/thead>\n<tbody>\n<tr>\n<td>Densidade<\/td>\n<td>2,73 g\/cm\u00b3<\/td>\n<\/tr>\n<tr>\n<td>Ponto de Fus\u00e3o<\/td>\n<td>634-643\u00a1\u00abC<\/td>\n<\/tr>\n<tr>\n<td>Condutividade t\u00e9rmica<\/td>\n<td>134 W\/mK<\/td>\n<\/tr>\n<tr>\n<td>Condutividade El\u00e9trica<\/td>\n<td>38-42% IACS<\/td>\n<\/tr>\n<tr>\n<td>M\u00f3dulo de Young<\/td>\n<td>70 GPa<\/td>\n<\/tr>\n<tr>\n<td>Raz\u00e3o de Poisson<\/td>\n<td>0.33<\/td>\n<\/tr>\n<tr>\n<td>Resist\u00eancia \u00e0 Tra\u00e7\u00e3o<\/td>\n<td>150-195 MPa<\/td>\n<\/tr>\n<tr>\n<td>Limite de escoamento<\/td>\n<td>95-120 MPa<\/td>\n<\/tr>\n<tr>\n<td>alongamento<\/td>\n<td>20-30%<\/td>\n<\/tr>\n<tr>\n<td>Dureza<\/td>\n<td>45-65 Brinell<\/td>\n<\/tr>\n<\/tbody>\n<\/table>\n<p>&nbsp;<\/p>\n<p class=\"whitespace-pre-wrap\">The alloy offers moderate strength with high ductility and excellent formability. It has very good resistance to atmospheric corrosion and marine environments.<\/p>\n<h2>Production Method for Al 3104 Powder<\/h2>\n<p class=\"whitespace-pre-wrap\">Common production methods for Al 3104 powder include:<\/p>\n<ul class=\"list-disc pl-8 space-y-2\">\n<li class=\"whitespace-normal\"><strong>Atomiza\u00e7\u00e3o a g\u00e1s<\/strong>?- Molten alloy stream disintegrated with high pressure inert gas jets into fine spherical powder. Controlled particle size distribution.<\/li>\n<li class=\"whitespace-normal\"><strong>Atomiza\u00e7\u00e3o da \u00c1gua<\/strong>?- High velocity water jet used to produce fine irregular Al 3104 particles. More economical but higher oxygen pickup.<\/li>\n<li class=\"whitespace-normal\"><strong>Liga\u00e7\u00e3o Mec\u00e2nica<\/strong>?- Ball milling of aluminum and manganese powder blends followed by cold compaction and sintering.<\/li>\n<\/ul>\n<p class=\"whitespace-pre-wrap\">A atomiza\u00e7\u00e3o por g\u00e1s fornece o melhor controle sobre as caracter\u00edsticas do p\u00f3, como tamanho, forma e microestrutura das part\u00edculas.<\/p>\n<h2>Applications of Al 3104 Powder<\/h2>\n<p class=\"whitespace-pre-wrap\">Typical applications of Al 3104 powder include:<\/p>\n<ul class=\"list-disc pl-8 space-y-2\">\n<li class=\"whitespace-normal\"><strong>Modelagem por Inje\u00e7\u00e3o de Metais<\/strong>?- To manufacture small intricate components needing moderate strength and good corrosion resistance.<\/li>\n<li class=\"whitespace-normal\"><strong>Manufatura aditiva<\/strong>?- Adequado para os processos de fus\u00e3o seletiva a laser e jateamento de aglutinante para produ\u00e7\u00e3o de pe\u00e7as complexas de alum\u00ednio.<\/li>\n<li class=\"whitespace-normal\"><strong>Metalurgia do p\u00f3<\/strong>?- Processo de prensagem e sinteriza\u00e7\u00e3o cria pe\u00e7as com boas propriedades mec\u00e2nicas e usinabilidade.<\/li>\n<li class=\"whitespace-normal\"><strong>Revestimento T\u00e9rmico por Proje\u00e7\u00e3o<\/strong>?- Wire arc spray deposition to produce protective coatings offering moderate wear and corrosion resistance.<\/li>\n<li class=\"whitespace-normal\"><strong>Filler de Solda<\/strong>?- Usado como arame de preenchimento para prover for\u00e7a de solda similar ao metal de base.<\/li>\n<li class=\"whitespace-normal\"><strong>Pigmentos<\/strong>?- Added to paints and plastics to provide shine and corrosion protection.<\/li>\n<\/ul>\n<h2>Specifications of Al 3104 Powder<\/h2>\n<p class=\"whitespace-pre-wrap\">Al 3104 powder is available under different size ranges, shapes, purity levels and grades:<\/p>\n<ul class=\"list-disc pl-8 space-y-2\">\n<li class=\"whitespace-normal\"><strong>Tamanho da part\u00edcula:<\/strong>De 10 a 150 micra para m\u00e9todos AM, at\u00e9 300 micra para processos de pulveriza\u00e7\u00e3o t\u00e9rmica.<\/li>\n<li class=\"whitespace-normal\"><strong>Morfologia:<\/strong>?Spherical, granular, dendritic and irregular powder shapes. Smooth powder has better flowability.<\/li>\n<li class=\"whitespace-normal\"><strong>Pureza:<\/strong>?De comercial para graus de alta pureza (99,8%) adaptados para a aplica\u00e7\u00e3o.<\/li>\n<li class=\"whitespace-normal\"><strong>Notas:<\/strong>?Conforming to ASTM B209, EN 573, ISO 209 specifications. Custom grades offered.<\/li>\n<li class=\"whitespace-normal\"><strong>Fluidez:<\/strong>?Powder can be customized for excellent flow rates above 25 s\/50g.<\/li>\n<\/ul>\n<h2>Global Suppliers of Al 3104 Powder<\/h2>\n<p class=\"whitespace-pre-wrap\">Alguns dos principais fornecedores globais s\u00e3o:<\/p>\n<ul class=\"list-disc pl-8 space-y-2\">\n<li class=\"whitespace-normal\">Valimet Inc. (EUA)<\/li>\n<li class=\"whitespace-normal\">Makin Metal Powders (Reino Unido)<\/li>\n<li class=\"whitespace-normal\">Shanghai Chaowei (China) Nanotecnologia<\/li>\n<li class=\"whitespace-normal\">Micron Metals (EUA)<\/li>\n<li class=\"whitespace-normal\">Shandong Yamei Nanotecnologia (China)<\/li>\n<li class=\"whitespace-normal\">CNPC Powder Group (China)<\/li>\n<li class=\"whitespace-normal\">Agni Metal (USA)<\/li>\n<\/ul>\n<p class=\"whitespace-pre-wrap\">These companies produce Al 3104 powder suitable for AM, MIM, thermal spray, welding, automotive, and other applications using various methods.<\/p>\n<h2>Al 3104 Powder Pricing<\/h2>\n<p class=\"whitespace-pre-wrap\">Pricing of Al 3104 powder depends on several factors:<\/p>\n<ul class=\"list-disc pl-8 space-y-2\">\n<li class=\"whitespace-normal\">Graus de pureza<\/li>\n<li class=\"whitespace-normal\">Caracter\u00edsticas do p\u00f3<\/li>\n<li class=\"whitespace-normal\">M\u00e9todo de produ\u00e7\u00e3o<\/li>\n<li class=\"whitespace-normal\">Volume do pedido<\/li>\n<li class=\"whitespace-normal\">Fornecedor e Localiza\u00e7\u00e3o<\/li>\n<\/ul>\n<table>\n<thead>\n<tr>\n<th>Nota<\/th>\n<th>Faixa de pre\u00e7o<\/th>\n<\/tr>\n<\/thead>\n<tbody>\n<tr>\n<td>Comercial<\/td>\n<td>R$5-15 por kg<\/td>\n<\/tr>\n<tr>\n<td>Alta Pureza<\/td>\n<td>$15-25 por kg<\/td>\n<\/tr>\n<tr>\n<td>Ultrafina<\/td>\n<td>R$ 25-45 por kg<\/td>\n<\/tr>\n<tr>\n<td>Qualidade Especial<\/td>\n<td>$ 45-90 por quilo<\/td>\n<\/tr>\n<\/tbody>\n<\/table>\n<p>&nbsp;<\/p>\n<p class=\"whitespace-pre-wrap\">High purity, spherical and controlled particle size powders command much higher pricing over regular commercial grades of Al 3104 powder.<\/p>\n<h2>Storage and Handling of Al 3104 Powder<\/h2>\n<p class=\"whitespace-pre-wrap\">Al 3104 powder should be properly handled and stored to prevent:<\/p>\n<ul class=\"list-disc pl-8 space-y-2\">\n<li class=\"whitespace-normal\">Oxida\u00e7\u00e3o e rea\u00e7\u00e3o com umidade<\/li>\n<li class=\"whitespace-normal\">Perigos de explos\u00e3o de p\u00f3 de p\u00f3 fino<\/li>\n<li class=\"whitespace-normal\">Problemas de sa\u00fade relacionados \u00e0 inala\u00e7\u00e3o<\/li>\n<li class=\"whitespace-normal\">As pr\u00e1ticas de seguran\u00e7a das FDS do fornecedor devem ser seguidas<\/li>\n<\/ul>\n<p class=\"whitespace-pre-wrap\">\u00c9 recomendado (precau\u00e7\u00f5es ao manusear o p\u00f3 de alum\u00ednio): cobertura com g\u00e1s inerte, aterramento adequado, ventila\u00e7\u00e3o e PPE.<\/p>\n<h2>M\u00e9todos de Teste e Caracteriza\u00e7\u00e3o<\/h2>\n<p class=\"whitespace-pre-wrap\">Key test methods used for Al 3104 powder include:<\/p>\n<ul class=\"list-disc pl-8 space-y-2\">\n<li class=\"whitespace-normal\">An\u00e1lise qu\u00edmica por OES ou XRF para composi\u00e7\u00e3o<\/li>\n<li class=\"whitespace-normal\">Distribui\u00e7\u00e3o do tamanho de part\u00edculas conforme a norma ASTM B822<\/li>\n<li class=\"whitespace-normal\">An\u00e1lise da morfologia por meio de MEV<\/li>\n<li class=\"whitespace-normal\">Taxa de fluxo de p\u00f3 medida pelo funil de escoamento Hall<\/li>\n<li class=\"whitespace-normal\">Determina\u00e7\u00e3o de densidade por picnometria de h\u00e9lio<\/li>\n<li class=\"whitespace-normal\">Teste de impureza por ICP-MS<\/li>\n<li class=\"whitespace-normal\">Exame de microestrutura por difra\u00e7\u00e3o de raios x<\/li>\n<\/ul>\n<p class=\"whitespace-pre-wrap\">Esses testes garante a consist\u00eancia do lote e a conformidade com os requisitos do aplicativo.<\/p>\n<h2>Comparison Between Al 3104 and Al 3003 Powders<\/h2>\n<p class=\"whitespace-pre-wrap\">Al 3104 and Al 3003 are two aluminum alloy powders compared:<\/p>\n<table>\n<thead>\n<tr>\n<th>Par\u00e2metro<\/th>\n<th>Al 3104<\/th>\n<th>Al 3003<\/th>\n<\/tr>\n<\/thead>\n<tbody>\n<tr>\n<td>Tipo de liga<\/td>\n<td>N\u00e3o trat\u00e1vel termicamente<\/td>\n<td>N\u00e3o trat\u00e1vel termicamente<\/td>\n<\/tr>\n<tr>\n<td>Teor de Mn<\/td>\n<td>1.0-1.5%<\/td>\n<td>1.0-1.5%<\/td>\n<\/tr>\n<tr>\n<td>For\u00e7a<\/td>\n<td>Um pouco mais baixo<\/td>\n<td>Um pouco maior<\/td>\n<\/tr>\n<tr>\n<td>Resist\u00eancia \u00e0 corros\u00e3o<\/td>\n<td>Excelente<\/td>\n<td>Excelente<\/td>\n<\/tr>\n<tr>\n<td>Soldabilidade<\/td>\n<td>Excelente<\/td>\n<td>Excelente<\/td>\n<\/tr>\n<tr>\n<td>Custo<\/td>\n<td>Mais baixo<\/td>\n<td>Maior<\/td>\n<\/tr>\n<\/tbody>\n<\/table>\n<p>&nbsp;<\/p>\n<p class=\"whitespace-pre-wrap\">Al 3104 offers slightly better formability whereas Al 3003 provides marginally higher strength. Both offer excellent corrosion resistance.<\/p>\n<h2>Al 3104 Powder FAQs<\/h2>\n<p class=\"whitespace-pre-wrap\"><strong>Q: How is Al 3104 powder produced?<\/strong><\/p>\n<p class=\"whitespace-pre-wrap\">A: Al 3104 powder is commercially produced using gas atomization, water atomization, and mechanical alloying followed by sintering. Gas atomization provides the best control of particle characteristics.<\/p>\n<p class=\"whitespace-pre-wrap\"><strong>Q: What are the main applications of Al 3104 powder?<\/strong><\/p>\n<p class=\"whitespace-pre-wrap\">A: The major applications of Al 3104 powder include metal injection molding, additive manufacturing, thermal spray coatings, powder metallurgy parts, pigments, and welding filler wire.<\/p>\n<p class=\"whitespace-pre-wrap\"><strong>Q: What is the recommended Al 3104 powder size for binder jet 3D printing?<\/strong><\/p>\n<p class=\"whitespace-pre-wrap\">A: For binder jetting process, the typical Al 3104 powder size range is 20-45 microns with near-spherical morphology to enable good powder bed density.<\/p>\n<p class=\"whitespace-pre-wrap\"><strong>Q: Does Al 3104 powder require any special handling precautions?<\/strong><\/p>\n<p class=\"whitespace-pre-wrap\">A: Yes, it is recommended to handle aluminum powders carefully in inert atmosphere using proper grounding, ventilation and PPE to prevent fire or explosion hazards.<\/p>\n<p class=\"whitespace-pre-wrap\"><strong>Q: Where can I purchase Al 3104 powder suitable for marine applications?<\/strong><\/p>\n<p class=\"whitespace-pre-wrap\">A: Al 3104 powder with high corrosion resistance tailored for marine environments can be purchased from leading manufacturers like Valimet, Makin Metal Powders, and Micron Metals.<\/p>\n<p><\/span><\/span><\/p>","protected":false},"excerpt":{"rendered":"<p>Overview of Al 3104 Powder Al 3104 is a 3000 series wrought aluminum alloy known for its good corrosion resistance, excellent formability and weldability. Manganese additions provide strength through solid solution strengthening while maintaining ductility and toughness. Key characteristics of Al 3104 powder include: Moderate strength with excellent ductility Very good weldability and formability Excellent&#8230;<\/p>","protected":false},"featured_media":1816,"parent":0,"template":"","meta":{"_acf_changed":false,"_kad_blocks_custom_css":"","_kad_blocks_head_custom_js":"","_kad_blocks_body_custom_js":"","_kad_blocks_footer_custom_js":"","_kad_post_transparent":"","_kad_post_title":"","_kad_post_layout":"","_kad_post_sidebar_id":"","_kad_post_content_style":"","_kad_post_vertical_padding":"","_kad_post_feature":"","_kad_post_feature_position":"","_kad_post_header":false,"_kad_post_footer":false,"_kad_post_classname":""},"product-category":[119,124],"class_list":["post-3907","product","type-product","status-publish","has-post-thumbnail","hentry","product-category-3d-printing-metal-powder","product-category-aluminum-based-alloy-powder"],"acf":[],"taxonomy_info":{"product-category":[{"value":119,"label":"3D Printing Metal Powder"},{"value":124,"label":"Aluminum Based Alloy Powder"}]},"featured_image_src_large":["https:\/\/3dpmetal.com\/wp-content\/uploads\/2024\/02\/Al-3104-powder.png",451,429,false],"author_info":[],"comment_info":"","_links":{"self":[{"href":"https:\/\/3dpmetal.com\/pt_br\/wp-json\/wp\/v2\/product\/3907","targetHints":{"allow":["GET"]}}],"collection":[{"href":"https:\/\/3dpmetal.com\/pt_br\/wp-json\/wp\/v2\/product"}],"about":[{"href":"https:\/\/3dpmetal.com\/pt_br\/wp-json\/wp\/v2\/types\/product"}],"wp:featuredmedia":[{"embeddable":true,"href":"https:\/\/3dpmetal.com\/pt_br\/wp-json\/wp\/v2\/media\/1816"}],"wp:attachment":[{"href":"https:\/\/3dpmetal.com\/pt_br\/wp-json\/wp\/v2\/media?parent=3907"}],"wp:term":[{"taxonomy":"product-category","embeddable":true,"href":"https:\/\/3dpmetal.com\/pt_br\/wp-json\/wp\/v2\/product-category?post=3907"}],"curies":[{"name":"wp","href":"https:\/\/api.w.org\/{rel}","templated":true}]}}