{"id":3910,"date":"2024-03-18T06:10:12","date_gmt":"2024-03-18T06:10:12","guid":{"rendered":"https:\/\/3dp.45612300.xyz\/product\/m2-powder\/"},"modified":"2024-03-18T06:10:12","modified_gmt":"2024-03-18T06:10:12","slug":"m2-powder","status":"publish","type":"product","link":"https:\/\/3dpmetal.com\/pt_br\/product\/m2-powder\/","title":{"rendered":"M2 P\u00f3"},"content":{"rendered":"<p><span style=\"vertical-align: inherit;\"><span style=\"vertical-align: inherit;\"><\/p>\n<p class=\"whitespace-pre-wrap\">O M2 \u00e9 um p\u00f3 de a\u00e7o de alta velocidade caracterizado por sua alta dureza e resist\u00eancia ao desgaste, al\u00e9m de boa tenacidade e resist\u00eancia \u00e0 compress\u00e3o. \u00c9 amplamente utilizado na manufatura aditiva de metais para produzir ferramentas dur\u00e1veis para aplica\u00e7\u00f5es de corte, conforma\u00e7\u00e3o e estampagem.<\/p>\n<h3><strong>Composi\u00e7\u00e3o do p\u00f3 M2<\/strong><\/h3>\n<p class=\"whitespace-pre-wrap\">A composi\u00e7\u00e3o do p\u00f3 de a\u00e7o r\u00e1pido M2 \u00e9:<\/p>\n<table>\n<thead>\n<tr>\n<th>Elemento<\/th>\n<th>% do Peso<\/th>\n<th>Objetivo<\/th>\n<\/tr>\n<\/thead>\n<tbody>\n<tr>\n<td>Tungst\u00eanio<\/td>\n<td>6.0 &#8211; 6.8<\/td>\n<td>Dureza, resist\u00eancia ao desgaste<\/td>\n<\/tr>\n<tr>\n<td>Molibd\u00eanio<\/td>\n<td>4.8 &#8211; 5.5<\/td>\n<td>Resist\u00eancia, for\u00e7a<\/td>\n<\/tr>\n<tr>\n<td>Cromo<\/td>\n<td>3.8 &#8211; 4.5<\/td>\n<td>Endurecimento, resist\u00eancia ao desgaste<\/td>\n<\/tr>\n<tr>\n<td>Van\u00e1dio<\/td>\n<td>1.9 &#8211; 2.2<\/td>\n<td>Endurecimento, resist\u00eancia ao desgaste<\/td>\n<\/tr>\n<tr>\n<td>Carbono<\/td>\n<td>0.78 &#8211; 0.88<\/td>\n<td>Endurecimento<\/td>\n<\/tr>\n<tr>\n<td>Mangan\u00eas<\/td>\n<td>0.15 &#8211; 0.45<\/td>\n<td>Endurecimento<\/td>\n<\/tr>\n<tr>\n<td>Sil\u00edcio<\/td>\n<td>0.15 &#8211; 0.45<\/td>\n<td>Desoxidante<\/td>\n<\/tr>\n<\/tbody>\n<\/table>\n<p class=\"whitespace-pre-wrap\">O alto teor de tungst\u00eanio, molibd\u00eanio e cromo confere excelente dureza e resist\u00eancia ao desgaste.<\/p>\n<h3><strong>Propriedades do p\u00f3 M2<\/strong><\/h3>\n<p class=\"whitespace-pre-wrap\">As principais propriedades do p\u00f3 M2 incluem:<\/p>\n<table>\n<thead>\n<tr>\n<th>Propriedade<\/th>\n<th>Descri\u00e7\u00e3o<\/th>\n<\/tr>\n<\/thead>\n<tbody>\n<tr>\n<td>Dureza<\/td>\n<td>64 - 66 HRC quando tratado termicamente<\/td>\n<\/tr>\n<tr>\n<td>Resist\u00eancia ao desgaste<\/td>\n<td>Excelente resist\u00eancia \u00e0 abras\u00e3o e \u00e0 eros\u00e3o<\/td>\n<\/tr>\n<tr>\n<td>Tenacidade<\/td>\n<td>Superior aos graus de carboneto de tungst\u00eanio<\/td>\n<\/tr>\n<tr>\n<td>Resist\u00eancia \u00e0 compress\u00e3o<\/td>\n<td>At\u00e9 300 ksi<\/td>\n<\/tr>\n<tr>\n<td>Resist\u00eancia ao calor<\/td>\n<td>Pode ser usado at\u00e9 600\u00a1\"C<\/td>\n<\/tr>\n<tr>\n<td>Resist\u00eancia \u00e0 corros\u00e3o<\/td>\n<td>Melhor do que os a\u00e7os carbono simples<\/td>\n<\/tr>\n<\/tbody>\n<\/table>\n<p class=\"whitespace-pre-wrap\">Essas propriedades tornam o M2 adequado para ferramentas dur\u00e1veis de corte, estampagem e conforma\u00e7\u00e3o.<\/p>\n<h3><strong>Par\u00e2metros do processo AM para o p\u00f3 M2<\/strong><\/h3>\n<p class=\"whitespace-pre-wrap\">Os par\u00e2metros t\u00edpicos para a impress\u00e3o do p\u00f3 M2 incluem:<\/p>\n<table>\n<thead>\n<tr>\n<th>Par\u00e2metro<\/th>\n<th>Valor t\u00edpico<\/th>\n<th>Objetivo<\/th>\n<\/tr>\n<\/thead>\n<tbody>\n<tr>\n<td>Altura da camada<\/td>\n<td>20-50 \u00b5m<\/td>\n<td>Resolu\u00e7\u00e3o versus velocidade de constru\u00e7\u00e3o<\/td>\n<\/tr>\n<tr>\n<td>Pot\u00eancia do laser<\/td>\n<td>250-500 W<\/td>\n<td>Derretimento suficiente sem evapora\u00e7\u00e3o<\/td>\n<\/tr>\n<tr>\n<td>Velocidade de digitaliza\u00e7\u00e3o<\/td>\n<td>400-1200 mm\/s<\/td>\n<td>Densidade versus taxa de produ\u00e7\u00e3o<\/td>\n<\/tr>\n<tr>\n<td>Espa\u00e7amento da escotilha<\/td>\n<td>80-120 \u00d7m<\/td>\n<td>Propriedades mec\u00e2nicas<\/td>\n<\/tr>\n<tr>\n<td>Estrutura de suporte<\/td>\n<td>M\u00ednimo<\/td>\n<td>F\u00e1cil remo\u00e7\u00e3o<\/td>\n<\/tr>\n<tr>\n<td>Prensagem isost\u00e1tica a quente<\/td>\n<td>1160\u00a1\"C, 100 MPa, 3 horas<\/td>\n<td>Eliminar a porosidade<\/td>\n<\/tr>\n<\/tbody>\n<\/table>\n<p class=\"whitespace-pre-wrap\">Par\u00e2metros adaptados aos requisitos de densidade, microestrutura, taxa de constru\u00e7\u00e3o e p\u00f3s-processamento.<\/p>\n<h3><strong>Aplica\u00e7\u00f5es de ferramentas M2 impressas em 3D<\/strong><\/h3>\n<p class=\"whitespace-pre-wrap\">Os componentes M2 fabricados por AM s\u00e3o usados para:<\/p>\n<table>\n<thead>\n<tr>\n<th>Ind\u00fastria<\/th>\n<th>Aplica\u00e7\u00f5es de ferramentas<\/th>\n<\/tr>\n<\/thead>\n<tbody>\n<tr>\n<td>Automotivo<\/td>\n<td>Matrizes de estampagem, ferramentas de forma\u00e7\u00e3o, acess\u00f3rios<\/td>\n<\/tr>\n<tr>\n<td>Aeroespacial<\/td>\n<td>Gabaritos, acess\u00f3rios, ferramentas de acabamento<\/td>\n<\/tr>\n<tr>\n<td>Eletrodom\u00e9sticos<\/td>\n<td>Pun\u00e7\u00f5es, matrizes de corte, matrizes de dobra<\/td>\n<\/tr>\n<tr>\n<td>Bens de consumo<\/td>\n<td>Moldes de inje\u00e7\u00e3o, matrizes de estampagem<\/td>\n<\/tr>\n<tr>\n<td>M\u00e9dico<\/td>\n<td>Ferramentas de corte, limas, guias de perfura\u00e7\u00e3o<\/td>\n<\/tr>\n<\/tbody>\n<\/table>\n<p class=\"whitespace-pre-wrap\">As vantagens em rela\u00e7\u00e3o \u00e0s ferramentas M2 processadas tradicionalmente incluem complexidade, tempo de espera e redu\u00e7\u00e3o de custos.<\/p>\n<h3><strong>Especifica\u00e7\u00f5es do p\u00f3 M2 para AM<\/strong><\/h3>\n<p class=\"whitespace-pre-wrap\">O p\u00f3 M2 deve atender a especifica\u00e7\u00f5es rigorosas:<\/p>\n<table>\n<thead>\n<tr>\n<th>Par\u00e2metro<\/th>\n<th>Especifica\u00e7\u00e3o<\/th>\n<\/tr>\n<\/thead>\n<tbody>\n<tr>\n<td>Intervalo de tamanho de part\u00edcula<\/td>\n<td>15-45 \u00d7m t\u00edpico<\/td>\n<\/tr>\n<tr>\n<td>Formas das Part\u00edculas<\/td>\n<td>Morfologia esf\u00e9rica<\/td>\n<\/tr>\n<tr>\n<td>Densidade Aparente<\/td>\n<td>&gt; 4 g\/cc<\/td>\n<\/tr>\n<tr>\n<td>Densidade de Batida<\/td>\n<td>&gt; 6 g\/cc<\/td>\n<\/tr>\n<tr>\n<td>Vaz\u00e3o de fluxo do corredor<\/td>\n<td>&gt; 23 segundos para 50 g<\/td>\n<\/tr>\n<tr>\n<td>Pureza<\/td>\n<td>&gt;99,9%<\/td>\n<\/tr>\n<tr>\n<td>Conte\u00fado de oxig\u00eanio<\/td>\n<td>&lt;300 ppm<\/td>\n<\/tr>\n<\/tbody>\n<\/table>\n<p class=\"whitespace-pre-wrap\">Distribui\u00e7\u00f5es de tamanho personalizadas e n\u00edveis de umidade controlados dispon\u00edveis.<\/p>\n<h3><strong>Fornecedores de M2 Powder<\/strong><\/h3>\n<p class=\"whitespace-pre-wrap\">Os fornecedores respeit\u00e1veis de p\u00f3 M2 incluem:<\/p>\n<table>\n<thead>\n<tr>\n<th>Fornecedor<\/th>\n<th>Localiza\u00e7\u00e3o<\/th>\n<\/tr>\n<\/thead>\n<tbody>\n<tr>\n<td>Sandvik Osprey<\/td>\n<td>Reino Unido<\/td>\n<\/tr>\n<tr>\n<td>Aditivo Carpenter<\/td>\n<td>Estados Unidos<\/td>\n<\/tr>\n<tr>\n<td>Erasteel<\/td>\n<td>Su\u00e9cia<\/td>\n<\/tr>\n<tr>\n<td>Hoganas<\/td>\n<td>Su\u00e9cia<\/td>\n<\/tr>\n<tr>\n<td>Tecnologia LPW<\/td>\n<td>Reino Unido<\/td>\n<\/tr>\n<\/tbody>\n<\/table>\n<p class=\"whitespace-pre-wrap\">Os pre\u00e7os variam de $50\/kg a $120\/kg com base na qualidade e no volume do pedido.<\/p>\n<h3><strong>Manuseio e armazenamento do p\u00f3 M2<\/strong><\/h3>\n<p class=\"whitespace-pre-wrap\">Por ser um material reativo, o manuseio cuidadoso do p\u00f3 M2 \u00e9 essencial:<\/p>\n<ul class=\"list-disc pl-8 space-y-2\">\n<li class=\"whitespace-normal\">Armazene os recipientes fechados longe de umidade, fa\u00edscas e fontes de igni\u00e7\u00e3o<\/li>\n<li class=\"whitespace-normal\">Use enchimento de g\u00e1s inerte durante a transfer\u00eancia e o armazenamento<\/li>\n<li class=\"whitespace-normal\">Aterre o equipamento para dissipar cargas est\u00e1ticas<\/li>\n<li class=\"whitespace-normal\">Evite o ac\u00famulo de poeira por meio de sistemas de extra\u00e7\u00e3o<\/li>\n<li class=\"whitespace-normal\">Siga as precau\u00e7\u00f5es de seguran\u00e7a aplic\u00e1veis<\/li>\n<\/ul>\n<p class=\"whitespace-pre-wrap\">T\u00e9cnicas adequadas garantem a condi\u00e7\u00e3o ideal do p\u00f3.<\/p>\n<h3><strong>Inspe\u00e7\u00e3o e teste de p\u00f3 M2<\/strong><\/h3>\n<p class=\"whitespace-pre-wrap\">Os m\u00e9todos de teste de qualidade incluem:<\/p>\n<table>\n<thead>\n<tr>\n<th>M\u00e9todo<\/th>\n<th>Par\u00e2metros testados<\/th>\n<\/tr>\n<\/thead>\n<tbody>\n<tr>\n<td>An\u00e1lise granulom\u00e9trica<\/td>\n<td>Distribui\u00e7\u00e3o de Tamanho de Part\u00edcula<\/td>\n<\/tr>\n<tr>\n<td>imagens SEM<\/td>\n<td>Morfologia da part\u00edcula<\/td>\n<\/tr>\n<tr>\n<td>EDX<\/td>\n<td>Qu\u00edmica e composi\u00e7\u00e3o<\/td>\n<\/tr>\n<tr>\n<td>XRD<\/td>\n<td>Fases presentes<\/td>\n<\/tr>\n<tr>\n<td>Picnometria<\/td>\n<td>Densidade<\/td>\n<\/tr>\n<tr>\n<td>Vaz\u00e3o de fluxo do corredor<\/td>\n<td>Fluidez do p\u00f3<\/td>\n<\/tr>\n<\/tbody>\n<\/table>\n<p class=\"whitespace-pre-wrap\">Os testes de acordo com as normas ASTM verificam a qualidade do p\u00f3 e a consist\u00eancia do lote.<\/p>\n<h3><strong>Compara\u00e7\u00e3o do M2 com p\u00f3s de a\u00e7o-ferramenta alternativos<\/strong><\/h3>\n<p class=\"whitespace-pre-wrap\">O M2 se compara a outras ligas de a\u00e7o para ferramentas, como:<\/p>\n<table>\n<thead>\n<tr>\n<th>Liga<\/th>\n<th>Resist\u00eancia ao desgaste<\/th>\n<th>Tenacidade<\/th>\n<th>Custo<\/th>\n<th>Facilidade de processamento<\/th>\n<\/tr>\n<\/thead>\n<tbody>\n<tr>\n<td>M2<\/td>\n<td>Excelente<\/td>\n<td>Bom<\/td>\n<td>M\u00e9dio<\/td>\n<td>Razo\u00e1vel<\/td>\n<\/tr>\n<tr>\n<td>H13<\/td>\n<td>Bom<\/td>\n<td>Excelente<\/td>\n<td>Baixo<\/td>\n<td>Excelente<\/td>\n<\/tr>\n<tr>\n<td>S7<\/td>\n<td>Excelente<\/td>\n<td>Razo\u00e1vel<\/td>\n<td>Alto<\/td>\n<td>Dif\u00edcil<\/td>\n<\/tr>\n<tr>\n<td>A\u00e7o inoxid\u00e1vel 420<\/td>\n<td>Pobre<\/td>\n<td>Excelente<\/td>\n<td>Baixo<\/td>\n<td>Excelente<\/td>\n<\/tr>\n<\/tbody>\n<\/table>\n<p class=\"whitespace-pre-wrap\">Com suas propriedades equilibradas, o M2 supera as alternativas para muitas aplica\u00e7\u00f5es de ferramentas resistentes ao desgaste.<\/p>\n<h3><strong>Pr\u00f3s e contras do p\u00f3 M2 para AM de metal<\/strong><\/h3>\n<table>\n<thead>\n<tr>\n<th>Pr\u00f3s<\/th>\n<th>Contras<\/th>\n<\/tr>\n<\/thead>\n<tbody>\n<tr>\n<td>Excelente dureza e resist\u00eancia ao desgaste<\/td>\n<td>Menor tenacidade do que os a\u00e7os para ferramentas de trabalho a frio<\/td>\n<\/tr>\n<tr>\n<td>Boa resist\u00eancia ao calor e estabilidade t\u00e9rmica<\/td>\n<td>P\u00f3s-processamento necess\u00e1rio, como HIP e tratamento t\u00e9rmico<\/td>\n<\/tr>\n<tr>\n<td>Credenciais estabelecidas para AM de metal<\/td>\n<td>Necess\u00e1rio armazenamento em atmosfera controlada<\/td>\n<\/tr>\n<tr>\n<td>Vantagem de custo em rela\u00e7\u00e3o aos a\u00e7os para ferramentas ex\u00f3ticos<\/td>\n<td>Dif\u00edcil de usinar ap\u00f3s a impress\u00e3o<\/td>\n<\/tr>\n<tr>\n<td>As propriedades correspondem ao M2 convencional<\/td>\n<td>Resist\u00eancia limitada \u00e0 corros\u00e3o<\/td>\n<\/tr>\n<\/tbody>\n<\/table>\n<p class=\"whitespace-pre-wrap\">O M2 permite o uso de ferramentas aditivas de alta resist\u00eancia ao desgaste, embora n\u00e3o seja adequado para ambientes altamente corrosivos.<\/p>\n<h2><strong>Perguntas frequentes sobre o M2 Powder<\/strong><\/h2>\n<p class=\"whitespace-pre-wrap\"><strong>Q: Qual faixa de tamanho de part\u00edcula \u00e9 melhor para imprimir o p\u00f3 M2?<\/strong><\/p>\n<p class=\"whitespace-pre-wrap\">R: A faixa t\u00edpica \u00e9 de 15 a 45 m\u00edcrons. Ela proporciona \u00f3tima fluidez do p\u00f3 combinada com alta resolu\u00e7\u00e3o e pe\u00e7as densas.<\/p>\n<p class=\"whitespace-pre-wrap\"><strong>P: Quais m\u00e9todos de p\u00f3s-processamento s\u00e3o usados para pe\u00e7as M2 AM?<\/strong><\/p>\n<p class=\"whitespace-pre-wrap\">R: Prensagem isost\u00e1tica a quente, tratamento t\u00e9rmico, retifica\u00e7\u00e3o de superf\u00edcie\/EDM e shot peening s\u00e3o normalmente usados para eliminar espa\u00e7os vazios, endurecer e dar acabamento \u00e0s pe\u00e7as.<\/p>\n<p class=\"whitespace-pre-wrap\"><strong>P: Qual processo de impress\u00e3o 3D de metal \u00e9 ideal para a liga M2?<\/strong><\/p>\n<p class=\"whitespace-pre-wrap\">R: O M2 pode ser impresso com efici\u00eancia usando os processos de fus\u00e3o seletiva a laser (SLM), sinteriza\u00e7\u00e3o direta a laser de metal (DMLS) e fus\u00e3o por feixe de el\u00e9trons (EBM).<\/p>\n<p class=\"whitespace-pre-wrap\"><strong>P: Que precis\u00e3o e acabamento de superf\u00edcie podem ser esperados para as pe\u00e7as impressas em M2?<\/strong><\/p>\n<p class=\"whitespace-pre-wrap\">R: Os componentes M2 p\u00f3s-processados podem atingir toler\u00e2ncias dimensionais e acabamento de superf\u00edcie compar\u00e1veis \u00e0s ferramentas M2 usinadas por CNC.<\/p>\n<p class=\"whitespace-pre-wrap\"><strong>P: Quais setores usam componentes de ferramental M2 fabricados de forma aditiva?<\/strong><\/p>\n<p class=\"whitespace-pre-wrap\">R: Os setores automotivo, aeroespacial, m\u00e9dico, de bens de consumo, eletrodom\u00e9sticos e industrial se beneficiam das ferramentas M2 impressas em 3D.<\/p>\n<p class=\"whitespace-pre-wrap\"><strong>P: Qual \u00e9 a principal diferen\u00e7a entre as classes M2 e M4 de a\u00e7o r\u00e1pido?<\/strong><\/p>\n<p class=\"whitespace-pre-wrap\">R: O M4 tem um teor ligeiramente menor de van\u00e1dio e molibd\u00eanio, o que leva a uma melhor combina\u00e7\u00e3o de resist\u00eancia ao desgaste e tenacidade em compara\u00e7\u00e3o com o M2.<\/p>\n<p class=\"whitespace-pre-wrap\"><strong>P: A M2 requer estruturas de suporte durante a impress\u00e3o 3D?<\/strong><\/p>\n<p class=\"whitespace-pre-wrap\">R: Recomenda-se o uso de suportes m\u00ednimos em sali\u00eancias e pontes para evitar a deforma\u00e7\u00e3o e permitir a f\u00e1cil remo\u00e7\u00e3o ap\u00f3s a impress\u00e3o.<\/p>\n<p class=\"whitespace-pre-wrap\"><strong>P: Que densidade pode ser esperada com pe\u00e7as impressas em 3D M2 otimizadas?<\/strong><\/p>\n<p class=\"whitespace-pre-wrap\">R: \u00c9 poss\u00edvel obter densidade acima de 99% para M2 usando par\u00e2metros ideais adaptados especificamente para essa liga.<\/p>\n<p class=\"whitespace-pre-wrap\"><strong>P: Que defeitos podem ocorrer ao imprimir o p\u00f3 M2?<\/strong><\/p>\n<p class=\"whitespace-pre-wrap\">R: Os poss\u00edveis defeitos s\u00e3o rachaduras, distor\u00e7\u00e3o, porosidade, fus\u00e3o incompleta e rugosidade da superf\u00edcie. A maioria pode ser evitada por meio de par\u00e2metros otimizados.<\/p>\n<p class=\"whitespace-pre-wrap\"><strong>P: O HIP \u00e9 necess\u00e1rio para todos os componentes de ferramentas M2 AM?<\/strong><\/p>\n<p class=\"whitespace-pre-wrap\">R: Embora altamente recomendado, o HIP pode n\u00e3o ser absolutamente necess\u00e1rio para aplica\u00e7\u00f5es de ferramentas n\u00e3o cr\u00edticas. Apenas o tratamento t\u00e9rmico pode ser suficiente.<\/p>\n<p><\/span><\/span><\/p>","protected":false},"excerpt":{"rendered":"<p>M2 \u00e9 um p\u00f3 de a\u00e7o r\u00e1pido caracterizado por sua alta dureza e resist\u00eancia ao desgaste, juntamente com boa tenacidade e resist\u00eancia \u00e0 compress\u00e3o. \u00c9 amplamente utilizado na fabrica\u00e7\u00e3o de metal aditivo para produzir ferramentas dur\u00e1veis para aplica\u00e7\u00f5es de corte, conforma\u00e7\u00e3o e estampagem. Composi\u00e7\u00e3o do P\u00f3 M2 A composi\u00e7\u00e3o do p\u00f3 de a\u00e7o r\u00e1pido M2 \u00e9: Elemento Porcentagem em Peso Prop\u00f3sito...<\/p>","protected":false},"featured_media":1822,"parent":0,"template":"","meta":{"_acf_changed":false,"_kad_blocks_custom_css":"","_kad_blocks_head_custom_js":"","_kad_blocks_body_custom_js":"","_kad_blocks_footer_custom_js":"","_kad_post_transparent":"","_kad_post_title":"","_kad_post_layout":"","_kad_post_sidebar_id":"","_kad_post_content_style":"","_kad_post_vertical_padding":"","_kad_post_feature":"","_kad_post_feature_position":"","_kad_post_header":false,"_kad_post_footer":false,"_kad_post_classname":""},"product-category":[119,122],"class_list":["post-3910","product","type-product","status-publish","has-post-thumbnail","hentry","product-category-3d-printing-metal-powder","product-category-iron-based-alloy-powder"],"acf":[],"taxonomy_info":{"product-category":[{"value":119,"label":"3D Printing Metal Powder"},{"value":122,"label":"Iron Based Alloy Powder"}]},"featured_image_src_large":["https:\/\/3dpmetal.com\/wp-content\/uploads\/2024\/02\/M2-Powder.jpg",600,600,false],"author_info":[],"comment_info":"","_links":{"self":[{"href":"https:\/\/3dpmetal.com\/pt_br\/wp-json\/wp\/v2\/product\/3910","targetHints":{"allow":["GET"]}}],"collection":[{"href":"https:\/\/3dpmetal.com\/pt_br\/wp-json\/wp\/v2\/product"}],"about":[{"href":"https:\/\/3dpmetal.com\/pt_br\/wp-json\/wp\/v2\/types\/product"}],"wp:featuredmedia":[{"embeddable":true,"href":"https:\/\/3dpmetal.com\/pt_br\/wp-json\/wp\/v2\/media\/1822"}],"wp:attachment":[{"href":"https:\/\/3dpmetal.com\/pt_br\/wp-json\/wp\/v2\/media?parent=3910"}],"wp:term":[{"taxonomy":"product-category","embeddable":true,"href":"https:\/\/3dpmetal.com\/pt_br\/wp-json\/wp\/v2\/product-category?post=3910"}],"curies":[{"name":"wp","href":"https:\/\/api.w.org\/{rel}","templated":true}]}}