{"id":3914,"date":"2024-03-18T06:10:14","date_gmt":"2024-03-18T06:10:14","guid":{"rendered":"https:\/\/3dp.45612300.xyz\/product\/cu-99-95-powder\/"},"modified":"2024-03-18T06:10:14","modified_gmt":"2024-03-18T06:10:14","slug":"cu-99-95-powder","status":"publish","type":"product","link":"https:\/\/3dpmetal.com\/pt_br\/product\/cu-99-95-powder\/","title":{"rendered":"Cobre em P\u00f3 99.95"},"content":{"rendered":"<p><span style=\"vertical-align: inherit;\"><span style=\"vertical-align: inherit;\"><\/p>\n<h2>Vis\u00e3o geral do p\u00f3 de Cu 99,95<\/h2>\n<p class=\"whitespace-pre-wrap\">P\u00f3 de cobre 99.95, tamb\u00e9m conhecido como p\u00f3 de cobre eletrol\u00edtico de passo tenaz (ETP), \u00e9 um p\u00f3 de cobre de alta pureza contendo um m\u00ednimo de 99,95% de cobre.<\/p>\n<p class=\"whitespace-pre-wrap\">Ele possui excelente condutividade el\u00e9trica e t\u00e9rmica combinada com boas propriedades mec\u00e2nicas. As principais aplica\u00e7\u00f5es incluem contatos el\u00e9tricos, escovas, produtos de soldagem, brasagem, materiais de fric\u00e7\u00e3o e ferramentas diamantadas.<\/p>\n<p class=\"whitespace-pre-wrap\">Algumas das principais propriedades e vantagens do p\u00f3 de Cu 99,95 incluem:<\/p>\n<p class=\"whitespace-pre-wrap\"><strong>Cu 99,95 P\u00f3 Propriedades e Caracter\u00edsticas<\/strong><\/p>\n<table>\n<thead>\n<tr>\n<th>Propriedades<\/th>\n<th>Detalhes<\/th>\n<\/tr>\n<\/thead>\n<tbody>\n<tr>\n<td>Composi\u00e7\u00e3o<\/td>\n<td>M\u00ednimo 99,95% de cobre<\/td>\n<\/tr>\n<tr>\n<td>Densidade<\/td>\n<td>8,94 g\/cc<\/td>\n<\/tr>\n<tr>\n<td>Formas das Part\u00edculas<\/td>\n<td>Irregular, angular<\/td>\n<\/tr>\n<tr>\n<td>Tamanho da linha<\/td>\n<td>2-150 micra<\/td>\n<\/tr>\n<tr>\n<td>Densidade Aparente<\/td>\n<td>At\u00e9 50% de densidade real<\/td>\n<\/tr>\n<tr>\n<td>Fluidez<\/td>\n<td>Baixa a moderada<\/td>\n<\/tr>\n<tr>\n<td>Condutividade<\/td>\n<td>Excelente condutividade el\u00e9trica e t\u00e9rmica<\/td>\n<\/tr>\n<tr>\n<td>Sinterabilidade<\/td>\n<td>Boa sinteriza\u00e7\u00e3o em atmosfera H2<\/td>\n<\/tr>\n<tr>\n<td>Pureza<\/td>\n<td>Cobre de alta pureza<\/td>\n<\/tr>\n<\/tbody>\n<\/table>\n<p class=\"whitespace-pre-wrap\">Cu 99,95 oferece um equil\u00edbrio ideal de condutividade, propriedades mec\u00e2nicas, caracter\u00edsticas de sinteriza\u00e7\u00e3o e custo para fabrica\u00e7\u00e3o de pe\u00e7as por meio de prensagem e sinteriza\u00e7\u00e3o.<\/p>\n<h2>Composi\u00e7\u00e3o de P\u00f3 Cu 99.95<\/h2>\n<p class=\"whitespace-pre-wrap\">Composi\u00e7\u00e3o t\u00edpica do Cu 99,95 p\u00f3:<\/p>\n<p class=\"whitespace-pre-wrap\"><strong>Composi\u00e7\u00e3o de P\u00f3 Cu 99.95<\/strong><\/p>\n<table>\n<thead>\n<tr>\n<th>Elemento<\/th>\n<th>% do Peso<\/th>\n<\/tr>\n<\/thead>\n<tbody>\n<tr>\n<td>Cobre (Cu)<\/td>\n<td>99,95% m\u00ednimo<\/td>\n<\/tr>\n<tr>\n<td>Oxig\u00eanio (O)<\/td>\n<td>m\u00e1x 0,05%<\/td>\n<\/tr>\n<tr>\n<td>Chumbo (Pb)<\/td>\n<td>0.005% m\u00e1x<\/td>\n<\/tr>\n<tr>\n<td>Outras impurezas<\/td>\n<td>0.005% m\u00e1x<\/td>\n<\/tr>\n<\/tbody>\n<\/table>\n<ul class=\"list-disc pl-8 space-y-2\">\n<li class=\"whitespace-normal\">O Cobre apresenta excelente condutividade e ductilidade<\/li>\n<li class=\"whitespace-normal\">Oxig\u00eanio presente como impureza afeta a condutividade e a sinteriza\u00e7\u00e3o<\/li>\n<li class=\"whitespace-normal\">Chumbo e outras impurezas cuidadosamente controladas<\/li>\n<\/ul>\n<p class=\"whitespace-pre-wrap\">O alto teor de cobre proporciona excelente condutividade el\u00e9trica e t\u00e9rmica combinada com boas propriedades mec\u00e2nicas ap\u00f3s a sinteriza\u00e7\u00e3o.<\/p>\n<p><img loading=\"lazy\" decoding=\"async\" class=\"size-medium wp-image-1409 aligncenter\" src=\"https:\/\/met3dp.com\/wp-content\/uploads\/2023\/09\/ed7a94ec-3c10-4b1b-87ed--300x300.jpg\" alt=\"Cobre em P\u00f3 99.95\" width=\"300\" height=\"300\" title=\"\"><\/p>\n<h2>Propriedades f\u00edsicas do p\u00f3 de cobre 99.95<\/h2>\n<p class=\"whitespace-pre-wrap\"><strong>Propriedades f\u00edsicas do p\u00f3 de cobre 99.95<\/strong><\/p>\n<table>\n<thead>\n<tr>\n<th>Propriedades<\/th>\n<th>Valores<\/th>\n<\/tr>\n<\/thead>\n<tbody>\n<tr>\n<td>Densidade<\/td>\n<td>8,94 g\/cc<\/td>\n<\/tr>\n<tr>\n<td>Ponto de Fus\u00e3o<\/td>\n<td>1083\u00a1\u00abC<\/td>\n<\/tr>\n<tr>\n<td>Condutividade t\u00e9rmica<\/td>\n<td>400 W\/mK<\/td>\n<\/tr>\n<tr>\n<td>Resistividade el\u00e9trica<\/td>\n<td>1,72 \u00c3\u2014 10^-12-cm<\/td>\n<\/tr>\n<tr>\n<td>Temperatura de recristaliza\u00e7\u00e3o<\/td>\n<td>200-300\u00a1\u00abC<\/td>\n<\/tr>\n<tr>\n<td>Temperatura de Curie<\/td>\n<td>-269\u00a1\u00abC<\/td>\n<\/tr>\n<\/tbody>\n<\/table>\n<ul class=\"list-disc pl-8 space-y-2\">\n<li class=\"whitespace-normal\">Alta densidade, em compara\u00e7\u00e3o com ferro e alum\u00ednio<\/li>\n<li class=\"whitespace-normal\">Excelente condutividade t\u00e9rmica para remo\u00e7\u00e3o de calor<\/li>\n<li class=\"whitespace-normal\">Baixa resistividade el\u00e9trica oferece alta condutividade<\/li>\n<li class=\"whitespace-normal\">Resistividade aumenta acima da temperatura de Curie<\/li>\n<li class=\"whitespace-normal\">A recristaliza\u00e7\u00e3o permite sinteriza\u00e7\u00e3o e melhora a ductilidade<\/li>\n<\/ul>\n<p class=\"whitespace-pre-wrap\">As propriedades f\u00edsicas fazem o Cu 99,95 adequado para aplica\u00e7\u00f5es como contatos el\u00e9tricos e escovas que exigem alta condutividade.<\/p>\n<h2>Propriedades Mec\u00e2nicas do P\u00f3 de Cu 99,95<\/h2>\n<p class=\"whitespace-pre-wrap\"><strong>Propriedades Mec\u00e2nicas do P\u00f3 de Cu 99,95<\/strong><\/p>\n<table>\n<thead>\n<tr>\n<th>Propriedades<\/th>\n<th>Valores<\/th>\n<\/tr>\n<\/thead>\n<tbody>\n<tr>\n<td>Resist\u00eancia \u00e0 Tra\u00e7\u00e3o<\/td>\n<td>220-340 MPa<\/td>\n<\/tr>\n<tr>\n<td>Limite de escoamento<\/td>\n<td>70-190 MPa<\/td>\n<\/tr>\n<tr>\n<td>alongamento<\/td>\n<td>35-60%<\/td>\n<\/tr>\n<tr>\n<td>Dureza<\/td>\n<td>45-90 HB<\/td>\n<\/tr>\n<tr>\n<td>M\u00f3dulo de elasticidade<\/td>\n<td>110-130 GPa<\/td>\n<\/tr>\n<tr>\n<td>Resist\u00eancia \u00e0 compress\u00e3o<\/td>\n<td>500-700 MPa<\/td>\n<\/tr>\n<\/tbody>\n<\/table>\n<ul class=\"list-disc pl-8 space-y-2\">\n<li class=\"whitespace-normal\">Boa combina\u00e7\u00e3o de resist\u00eancia e alta ductilidade<\/li>\n<li class=\"whitespace-normal\">Dureza relativamente baixa e alta maleabilidade<\/li>\n<li class=\"whitespace-normal\">N\u00edveis moderados de resist\u00eancia em compara\u00e7\u00e3o com ligas de alta resist\u00eancia<\/li>\n<li class=\"whitespace-normal\">Propriedades dependem de fatores como porosidade e tamanho de gr\u00e3o<\/li>\n<\/ul>\n<p class=\"whitespace-pre-wrap\">As propriedades mec\u00e2nicas fazem com que Cu 99.95 seja adequado para componentes condutivos mais macios que requerem deforma\u00e7\u00e3o e resist\u00eancia \u00e0 compress\u00e3o.<\/p>\n<h2>Aplica\u00e7\u00f5es de P\u00f3 de Cu 99,95<\/h2>\n<p class=\"whitespace-pre-wrap\">Aplica\u00e7\u00f5es t\u00edpicas do p\u00f3 de Cu 99,95 incluem:<\/p>\n<p class=\"whitespace-pre-wrap\"><strong>Aplica\u00e7\u00f5es de P\u00f3 de Cu 99,95<\/strong><\/p>\n<table>\n<thead>\n<tr>\n<th>Ind\u00fastria<\/th>\n<th>Exemplos de aplica\u00e7\u00e3o<\/th>\n<\/tr>\n<\/thead>\n<tbody>\n<tr>\n<td>El\u00e9trica e Eletr\u00f4nica<\/td>\n<td>Contatos, Conectores, Escovas, Blindagem de RF<\/td>\n<\/tr>\n<tr>\n<td>Automotivo<\/td>\n<td>Escovas, buchas, rolamentos<\/td>\n<\/tr>\n<tr>\n<td>Industrial<\/td>\n<td>Eletrodos de solda, moldes para fundi\u00e7\u00e3o, comp\u00f3sitos de matriz met\u00e1lica<\/td>\n<\/tr>\n<tr>\n<td>Fabrica\u00e7\u00e3o<\/td>\n<td>Brasagem e solda, componentes de ferramenta\u00e7\u00e3o<\/td>\n<\/tr>\n<tr>\n<td>Produtos de fric\u00e7\u00e3o<\/td>\n<td>Pastilhas de freio, discos de embreagem<\/td>\n<\/tr>\n<\/tbody>\n<\/table>\n<p class=\"whitespace-pre-wrap\">Alguns usos espec\u00edficos:<\/p>\n<ul class=\"list-disc pl-8 space-y-2\">\n<li class=\"whitespace-normal\">Contatos e escovas el\u00e9tricas deslizantes<\/li>\n<li class=\"whitespace-normal\">Componentes estruturais que requerem condutividade<\/li>\n<li class=\"whitespace-normal\">Artesanato joalheiro e produtos artesanais<\/li>\n<li class=\"whitespace-normal\">Ferramentas diamantadas com matriz met\u00e1lica de cobre<\/li>\n<li class=\"whitespace-normal\">Formula\u00e7\u00f5es de pastas de solda e pasta de brasagem<\/li>\n<li class=\"whitespace-normal\">Forros de molde para fundi\u00e7\u00e3o de ligas reativas<\/li>\n<\/ul>\n<p class=\"whitespace-pre-wrap\">O equil\u00edbrio excelente de condutividade, propriedades mec\u00e2nicas, maleabilidade e custo tornam o Cu 99,95 adequado para esta ampla gama de aplica\u00e7\u00f5es.<\/p>\n<h2>Especifica\u00e7\u00f5es do p\u00f3 de Cu 99,95<\/h2>\n<p class=\"whitespace-pre-wrap\">Especifica\u00e7\u00f5es principais para p\u00f3 de Cu 99.95 incluem:<\/p>\n<p class=\"whitespace-pre-wrap\"><strong>Especifica\u00e7\u00f5es do p\u00f3 de Cu 99,95<\/strong><\/p>\n<table>\n<thead>\n<tr>\n<th>Padr\u00e3o<\/th>\n<th>Descri\u00e7\u00e3o<\/th>\n<\/tr>\n<\/thead>\n<tbody>\n<tr>\n<td>ASTM B602<\/td>\n<td>Especifica\u00e7\u00e3o padr\u00e3o para cobre eletrol\u00edtico tenaz forjado, n\u00e3o deformado<\/td>\n<\/tr>\n<tr>\n<td>JIS H3125<\/td>\n<td>P\u00f3s de cobre eletrol\u00edtico e ligas de cobre<\/td>\n<\/tr>\n<tr>\n<td>ISO 3497<\/td>\n<td>P\u00f3s de cobre para aplica\u00e7\u00f5es gerais<\/td>\n<\/tr>\n<tr>\n<td>Orienta\u00e7\u00e3o ASTM B<\/td>\n<td>Densidade aparente, vaz\u00e3o, distribui\u00e7\u00e3o granulom\u00e9trica<\/td>\n<\/tr>\n<\/tbody>\n<\/table>\n<p class=\"whitespace-pre-wrap\">Estes padr\u00f5es definem:<\/p>\n<ul class=\"list-disc pl-8 space-y-2\">\n<li class=\"whitespace-normal\">M\u00ednimo 99,95% de teor de cobre<\/li>\n<li class=\"whitespace-normal\">Limites de impurezas como O, Pb<\/li>\n<li class=\"whitespace-normal\">Caracter\u00edsticas do p\u00f3 requeridas<\/li>\n<li class=\"whitespace-normal\">M\u00e9todo de produ\u00e7\u00e3o \u2013 processo eletrol\u00edtico<\/li>\n<li class=\"whitespace-normal\">Distribui\u00e7\u00e3o de tamanho de part\u00edcula aceit\u00e1vel<\/li>\n<li class=\"whitespace-normal\">M\u00e9todos de teste para propriedades do p\u00f3<\/li>\n<\/ul>\n<p class=\"whitespace-pre-wrap\">A conformidade garante que o p\u00f3 atinja a pureza e as propriedades necess\u00e1rias para a aplica\u00e7\u00e3o pretendida.<\/p>\n<h2>Tamanhos de part\u00edculas do p\u00f3 Cu 99,95<\/h2>\n<p class=\"whitespace-pre-wrap\"><strong>Distribui\u00e7\u00e3o do tamanho de part\u00edcula do Cu 99,95 em p\u00f3<\/strong><\/p>\n<table>\n<thead>\n<tr>\n<th>Tamanho das part\u00edculas<\/th>\n<th>Caracter\u00edsticas<\/th>\n<\/tr>\n<\/thead>\n<tbody>\n<tr>\n<td>2-20 m\u00edcrons<\/td>\n<td>P\u00f3 muito fino usado em microeletr\u00f4nica<\/td>\n<\/tr>\n<tr>\n<td>5 a 30 m\u00edcrons<\/td>\n<td>P\u00f3 fino para sinteriza\u00e7\u00e3o e moldagem por inje\u00e7\u00e3o<\/td>\n<\/tr>\n<tr>\n<td>15-150 micr\u00f4metros<\/td>\n<td>P\u00f3 grosso, adequado para prensagem<\/td>\n<\/tr>\n<\/tbody>\n<\/table>\n<ul class=\"list-disc pl-8 space-y-2\">\n<li class=\"whitespace-normal\">Quanto mais finas forem as part\u00edculas do p\u00f3, maior a densidade ap\u00f3s a sinteriza\u00e7\u00e3o<\/li>\n<li class=\"whitespace-normal\">O p\u00f3 grosso tem melhor capacidade de escoamento para enchimento autom\u00e1tico<\/li>\n<li class=\"whitespace-normal\">Gama de tamanhos adaptada com base nas exig\u00eancias da pe\u00e7a<\/li>\n<li class=\"whitespace-normal\">Formas de p\u00f3 irregular e esf\u00e9rico est\u00e3o dispon\u00edveis<\/li>\n<\/ul>\n<p class=\"whitespace-pre-wrap\">O controle da distribui\u00e7\u00e3o granulom\u00e9trica permite a otimiza\u00e7\u00e3o das caracter\u00edsticas de prensagem, densidade e propriedades sinterizadas.<\/p>\n<h2>Cu 99.95 Densidade Aparente do P\u00f3<\/h2>\n<p class=\"whitespace-pre-wrap\"><strong>Cu 99.95 Densidade Aparente do P\u00f3<\/strong><\/p>\n<table>\n<thead>\n<tr>\n<th>Densidade Aparente<\/th>\n<th>Detalhes<\/th>\n<\/tr>\n<\/thead>\n<tbody>\n<tr>\n<td>At\u00e9 50% de densidade real<\/td>\n<td>Para morfologia irregular do p\u00f3<\/td>\n<\/tr>\n<tr>\n<td>3,5-5,0 g\/cc em geral<\/td>\n<td>Compacta para aproximadamente quase a densidade m\u00e1xima ap\u00f3s press\u00e3o e sinteriza\u00e7\u00e3o<\/td>\n<\/tr>\n<\/tbody>\n<\/table>\n<ul class=\"list-disc pl-8 space-y-2\">\n<li class=\"whitespace-normal\">Maior densidade aparente melhora o fluxo e a compacta\u00e7\u00e3o do p\u00f3<\/li>\n<li class=\"whitespace-normal\">A morfologia irregular limita a densidade m\u00e1xima de empacotamento<\/li>\n<li class=\"whitespace-normal\">Valores de at\u00e9 60% s\u00e3o poss\u00edveis com o p\u00f3 esf\u00e9rico otimizado<\/li>\n<li class=\"whitespace-normal\">Alta densidade no verde ap\u00f3s compacta\u00e7\u00e3o possibilita uma boa sinteriza\u00e7\u00e3o<\/li>\n<\/ul>\n<p class=\"whitespace-pre-wrap\">Densidade aparente maior melhora a produtividade de fabrica\u00e7\u00e3o e a qualidade da pe\u00e7a.<\/p>\n<h2>M\u00e9todo de Produ\u00e7\u00e3o de P\u00f3 de Cu 99,95<\/h2>\n<p class=\"whitespace-pre-wrap\"><strong>Produ\u00e7\u00e3o de P\u00f3 de Cobre 99,95<\/strong><\/p>\n<table>\n<thead>\n<tr>\n<th>M\u00e9todo<\/th>\n<th>Detalhes<\/th>\n<\/tr>\n<\/thead>\n<tbody>\n<tr>\n<td>Eletr\u00f3lise<\/td>\n<td>Os catodos de cobre foram dissolvidos an\u00f3dicamente em \u00edons Cu+ os quais s\u00e3o depositados em catodos de a\u00e7o inoxid\u00e1vel<\/td>\n<\/tr>\n<tr>\n<td>Moagem<\/td>\n<td>P\u00f3 grosso decomposto e classificado em faixas de tamanhos espec\u00edficos<\/td>\n<\/tr>\n<tr>\n<td>Recozimento<\/td>\n<td>Suaviza as part\u00edculas do p\u00f3 e melhora a compressibilidade<\/td>\n<\/tr>\n<tr>\n<td>Atmosfera redutora<\/td>\n<td>Previne a oxida\u00e7\u00e3o das part\u00edculas durante a produ\u00e7\u00e3o<\/td>\n<\/tr>\n<\/tbody>\n<\/table>\n<ul class=\"list-disc pl-8 space-y-2\">\n<li class=\"whitespace-normal\">Processo eletrol\u00edtico automatizado permite produ\u00e7\u00e3o de p\u00f3 de alta pureza<\/li>\n<li class=\"whitespace-normal\">A moagem e peneiramento fornecem distribui\u00e7\u00e3o controlada do tamanho de part\u00edculas<\/li>\n<li class=\"whitespace-normal\">Recozimento permite f\u00e1cil compacta\u00e7\u00e3o em pe\u00e7as de alta densidade<\/li>\n<li class=\"whitespace-normal\">Controle rigoroso de processos garante uma qualidade confi\u00e1vel e consistente do p\u00f3<\/li>\n<\/ul>\n<h2>Pre\u00e7os do p\u00f3 de cobre 99.95<\/h2>\n<p class=\"whitespace-pre-wrap\"><strong>Pre\u00e7os do p\u00f3 de cobre 99.95<\/strong><\/p>\n<table>\n<thead>\n<tr>\n<th>Fator<\/th>\n<th>Impacto no Pre\u00e7o<\/th>\n<\/tr>\n<\/thead>\n<tbody>\n<tr>\n<td>Grau de pureza<\/td>\n<td>\u00c1gua com mais pureza custa mais<\/td>\n<\/tr>\n<tr>\n<td>Tamanho das part\u00edculas<\/td>\n<td>Ultrafino \u00e9 mais caro<\/td>\n<\/tr>\n<tr>\n<td>Quantidade do Pedido<\/td>\n<td>Pre\u00e7o diminui com pedidos em lote<\/td>\n<\/tr>\n<tr>\n<td>M\u00e9todo de produ\u00e7\u00e3o<\/td>\n<td>Processamento adicional aumenta o custo<\/td>\n<\/tr>\n<tr>\n<td>Embalagem<\/td>\n<td>Embalagens especiais, como selagem a v\u00e1cuo, adicionam custo<\/td>\n<\/tr>\n<\/tbody>\n<\/table>\n<p class=\"whitespace-pre-wrap\"><strong>Pre\u00e7os indicativos<\/strong><\/p>\n<ul class=\"list-disc pl-8 space-y-2\">\n<li class=\"whitespace-normal\">P\u00f3 fino de cobre 99,95: R$ 40 a R$ 60 o kg<\/li>\n<li class=\"whitespace-normal\">P\u00f3 grosso Cu 99,95: $7-10 por kg<\/li>\n<li class=\"whitespace-normal\">Tarifa reduzida aplic\u00e1vel para pedidos em grandes quantidades &gt; 500 kg<\/li>\n<\/ul>\n<p class=\"whitespace-pre-wrap\">O pre\u00e7o depende do volume do pedido, tamanho das part\u00edculas, m\u00e9todo de produ\u00e7\u00e3o, n\u00edvel de pureza e embalagem.<\/p>\n<h2>Fornecedores de p\u00f3 Cu 99,95<\/h2>\n<p class=\"whitespace-pre-wrap\"><strong>Fornecedores de p\u00f3 Cu 99,95<\/strong><\/p>\n<table>\n<thead>\n<tr>\n<th>Empresa<\/th>\n<th>Localiza\u00e7\u00e3o<\/th>\n<\/tr>\n<\/thead>\n<tbody>\n<tr>\n<td>Kymera International<\/td>\n<td>Estados Unidos<\/td>\n<\/tr>\n<tr>\n<td>GGP Metalp\u00f3<\/td>\n<td>Alemanha<\/td>\n<\/tr>\n<tr>\n<td>American Chemet Corporation<\/td>\n<td>Estados Unidos<\/td>\n<\/tr>\n<tr>\n<td>P\u00f3 da CNPC de Xangai<\/td>\n<td>China<\/td>\n<\/tr>\n<tr>\n<td>Nuclead<\/td>\n<td>Fran\u00e7a<\/td>\n<\/tr>\n<tr>\n<td>Libo Metals<\/td>\n<td>China<\/td>\n<\/tr>\n<\/tbody>\n<\/table>\n<p class=\"whitespace-pre-wrap\">Fatores para selecionar fornecedores:<\/p>\n<ul class=\"list-disc pl-8 space-y-2\">\n<li class=\"whitespace-normal\">N\u00edveis de pureza do p\u00f3 e graus oferecidos<\/li>\n<li class=\"whitespace-normal\">Capacidade de produ\u00e7\u00e3o e prazos de entrega<\/li>\n<li class=\"whitespace-normal\">intervalo de tamanho m\u00e9dio das part\u00edculas<\/li>\n<li class=\"whitespace-normal\">Personaliza\u00e7\u00e3o da distribui\u00e7\u00e3o de tamanhos<\/li>\n<li class=\"whitespace-normal\">Embalagens e quantidade m\u00ednima de pedido<\/li>\n<li class=\"whitespace-normal\">N\u00edveis de pre\u00e7o com base no volume do pedido<\/li>\n<li class=\"whitespace-normal\">Conformidade com as especifica\u00e7\u00f5es internacionais<\/li>\n<\/ul>\n<h2>Manuseio e armazenagem do p\u00f3 Cu 99,95<\/h2>\n<p class=\"whitespace-pre-wrap\"><strong>Manuseio de P\u00f3 de Cu 99.95<\/strong><\/p>\n<table>\n<thead>\n<tr>\n<th>Recomenda\u00e7\u00e3o<\/th>\n<th>Motivo<\/th>\n<\/tr>\n<\/thead>\n<tbody>\n<tr>\n<td>Evitar a inala\u00e7\u00e3o<\/td>\n<td>Potencial de irrita\u00e7\u00e3o respirat\u00f3ria<\/td>\n<\/tr>\n<tr>\n<td>Use m\u00e1scara, luva<\/td>\n<td>Prevenir a ingest\u00e3o<\/td>\n<\/tr>\n<tr>\n<td>Garantir ventila\u00e7\u00e3o adequada<\/td>\n<td>Reduzir part\u00edculas em suspens\u00e3o no ar<\/td>\n<\/tr>\n<tr>\n<td>Evite fontes de igni\u00e7\u00e3o<\/td>\n<td>Perigo por poeira inflam\u00e1vel<\/td>\n<\/tr>\n<tr>\n<td>Siga os procedimentos antiest\u00e1ticos<\/td>\n<td>Evite inc\u00eandios por descargas est\u00e1ticas<\/td>\n<\/tr>\n<tr>\n<td>Use ferramentas n\u00e3o faiscantes<\/td>\n<td>Evite igni\u00e7\u00e3o durante o manuseio<\/td>\n<\/tr>\n<tr>\n<td>Armazene em local fresco e seco<\/td>\n<td>Preven\u00e7\u00e3o da oxida\u00e7\u00e3o e absor\u00e7\u00e3o de umidade<\/td>\n<\/tr>\n<\/tbody>\n<\/table>\n<p class=\"whitespace-pre-wrap\"><strong>Recomenda\u00e7\u00f5es de armazenamento<\/strong><\/p>\n<ul class=\"list-disc pl-8 space-y-2\">\n<li class=\"whitespace-normal\">Armazenar em recipientes selados e afastado de \u00e1cidos ou cloretos<\/li>\n<li class=\"whitespace-normal\">Mantenha as temperaturas abaixo dos 27\u00a1\u00abC<\/li>\n<li class=\"whitespace-normal\">Limite a exposi\u00e7\u00e3o a:\n<ul class=\"list-disc pl-8 space-y-2\">\n<li class=\"whitespace-normal\">\u00c1cidos oxidantes como \u00e1cido n\u00edtrico.<\/li>\n<li class=\"whitespace-normal\">\u00c1cido sulf\u00farico quente<\/li>\n<li class=\"whitespace-normal\">Sulfeto de Hidrog\u00eanio<\/li>\n<li class=\"whitespace-normal\">Solu\u00e7\u00f5es de am\u00f4nia<\/li>\n<li class=\"whitespace-normal\">Hidrocarbonetos clorados<\/li>\n<\/ul>\n<\/li>\n<\/ul>\n<p class=\"whitespace-pre-wrap\">O manuseio e o armazenamento adequados ajudam a preservar a pureza e a prevenir a reatividade ou riscos de inc\u00eandio.<\/p>\n<h2>Inspe\u00e7\u00e3o e Teste de P\u00f3 Cu 99,95<\/h2>\n<p class=\"whitespace-pre-wrap\"><strong>Teste de P\u00f3 de Cu 99,95<\/strong><\/p>\n<table>\n<thead>\n<tr>\n<th>Tipo de Teste<\/th>\n<th>Detalhes<\/th>\n<\/tr>\n<\/thead>\n<tbody>\n<tr>\n<td>An\u00e1lise qu\u00edmica<\/td>\n<td>An\u00e1lise ICP para comprova\u00e7\u00e3o composicional<\/td>\n<\/tr>\n<tr>\n<td>Distribui\u00e7\u00e3o de Tamanho de Part\u00edcula<\/td>\n<td>An\u00e1lise por difra\u00e7\u00e3o de laser<\/td>\n<\/tr>\n<tr>\n<td>Densidade Aparente<\/td>\n<td>Teste do medidor de fluxo Hall de acordo com a ASTM B212<\/td>\n<\/tr>\n<tr>\n<td>Morfologia do p\u00f3<\/td>\n<td>imagens SEM<\/td>\n<\/tr>\n<tr>\n<td>Densidade de Batida<\/td>\n<td>Medido ap\u00f3s escutas mec\u00e2nicas<\/td>\n<\/tr>\n<tr>\n<td>An\u00e1lise da taxa de fluxo<\/td>\n<td>Taxa de vaz\u00e3o por gravidade atrav\u00e9s de bicos especificados<\/td>\n<\/tr>\n<\/tbody>\n<\/table>\n<p class=\"whitespace-pre-wrap\">Testes rigorosos garantem que o p\u00f3 atenda \u00e0s especifica\u00e7\u00f5es qu\u00edmicas, f\u00edsicas e morfol\u00f3gicas requeridas para a aplica\u00e7\u00e3o.<\/p>\n<h2>Pr\u00f3s e Contras do P\u00f3 de Cobre 99,95<\/h2>\n<p class=\"whitespace-pre-wrap\"><strong>Vantagens de Cu 99,95 em P\u00f3<\/strong><\/p>\n<ul class=\"list-disc pl-8 space-y-2\">\n<li class=\"whitespace-normal\">Excelente condutividade el\u00e9trica e t\u00e9rmica<\/li>\n<li class=\"whitespace-normal\">Boa ductilidade e maleabilidade<\/li>\n<li class=\"whitespace-normal\">Rentabilidade em compara\u00e7\u00e3o de prata pura ou ouro<\/li>\n<li class=\"whitespace-normal\">Boa resist\u00eancia \u00e0 corros\u00e3o e biocompatibilidade<\/li>\n<li class=\"whitespace-normal\">F\u00e1cil de sinterizar e comprimir em pe\u00e7as de alta densidade<\/li>\n<li class=\"whitespace-normal\">Recicl\u00e1vel e ecol\u00f3gica<\/li>\n<\/ul>\n<p class=\"whitespace-pre-wrap\"><strong>Limita\u00e7\u00f5es do P\u00f3 de Cu 99,95<\/strong><\/p>\n<ul class=\"list-disc pl-8 space-y-2\">\n<li class=\"whitespace-normal\">Resist\u00eancia mais baixa que ligas de alta resist\u00eancia<\/li>\n<li class=\"whitespace-normal\">Moderada resist\u00eancia em oxida\u00e7\u00e3o a alta temperatura<\/li>\n<li class=\"whitespace-normal\">Pesa muito em rela\u00e7\u00e3o a outros metais como o magn\u00e9sio e o alum\u00ednio<\/li>\n<li class=\"whitespace-normal\">N\u00e3o adequado a componentes de carga altamente tensionados<\/li>\n<li class=\"whitespace-normal\">Escurecimento da superf\u00edcie com o tempo, se n\u00e3o for revestida<\/li>\n<li class=\"whitespace-normal\">Aplica\u00e7\u00f5es de contato restrito com alimentos<\/li>\n<\/ul>\n<h2>Compara\u00e7\u00e3o com p\u00f3 de CuCrZr<\/h2>\n<p class=\"whitespace-pre-wrap\"><strong>Cu 99,95 x P\u00f3 CuCrZr<\/strong><\/p>\n<table>\n<thead>\n<tr>\n<th>Par\u00e2metro<\/th>\n<th>Cu 99,95<\/th>\n<th>CuCrZr<\/th>\n<\/tr>\n<\/thead>\n<tbody>\n<tr>\n<td>Densidade<\/td>\n<td>8,94 g\/cc<\/td>\n<td>8,8 g\/cm\u00b3<\/td>\n<\/tr>\n<tr>\n<td>For\u00e7a<\/td>\n<td>220-340 MPa<\/td>\n<td>450-650 MPa<\/td>\n<\/tr>\n<tr>\n<td>Condutividade<\/td>\n<td>Excelente<\/td>\n<td>Moderado<\/td>\n<\/tr>\n<tr>\n<td>Estabilidade t\u00e9rmica<\/td>\n<td>Razo\u00e1vel<\/td>\n<td>Excelente<\/td>\n<\/tr>\n<tr>\n<td>Custo<\/td>\n<td>Baixo<\/td>\n<td>Alto<\/td>\n<\/tr>\n<tr>\n<td>Utiliza\u00e7\u00f5es<\/td>\n<td>Carga el\u00e9trica, t\u00e9rmica, moderada<\/td>\n<td>Pe\u00e7as estruturais de alta resist\u00eancia<\/td>\n<\/tr>\n<\/tbody>\n<\/table>\n<ul class=\"list-disc pl-8 space-y-2\">\n<li class=\"whitespace-normal\">Cu 99.95 tem melhor condutividade e menor custo<\/li>\n<li class=\"whitespace-normal\">CuCrZr fornece maior resist\u00eancia e estabilidade t\u00e9rmica.<\/li>\n<li class=\"whitespace-normal\">Cu 99.95 adequado para componentes macios condutivos<\/li>\n<li class=\"whitespace-normal\">CuCrZr preferencial para pe\u00e7as estruturais de alta carga<\/li>\n<\/ul>\n<h2>Perguntas frequentes sobre o p\u00f3 de Cu 99,95<\/h2>\n<p class=\"whitespace-pre-wrap\"><strong>P: Quais s\u00e3o as principais aplica\u00e7\u00f5es do p\u00f3 de Cu 99,95?<\/strong><\/p>\n<p class=\"whitespace-pre-wrap\">R: As principais aplica\u00e7\u00f5es incluem contatos el\u00e9tricos, escovas, produtos de soldagem, ferramentas diamantadas, ligas de brasagem, materiais de fric\u00e7\u00e3o e comp\u00f3sitos de matriz met\u00e1lica. \u00c9 amplamente utilizado em produtos eletr\u00f4nicos, automotivos e industriais.<\/p>\n<p class=\"whitespace-pre-wrap\"><strong>P: O que afeta as propriedades das pe\u00e7as de p\u00f3 Cu 99,95?<\/strong><\/p>\n<p class=\"whitespace-pre-wrap\">R: Fatores chave que afetam as propriedades s\u00e3o densidade aparente, quantidade de lubrificante, press\u00e3o de compacta\u00e7\u00e3o, tempo\/temperatura de sinteriza\u00e7\u00e3o, composi\u00e7\u00e3o do p\u00f3, distribui\u00e7\u00e3o de tamanho de part\u00edcula e presen\u00e7a de impurezas.<\/p>\n<p class=\"whitespace-pre-wrap\"><strong>P: Quais os cuidados que devem ser tomados para manusear o p\u00f3 de Cu 99,95?<\/strong><\/p>\n<p class=\"whitespace-pre-wrap\">A: As precau\u00e7\u00f5es recomendadas incluem evitar inala\u00e7\u00e3o, garantir ventila\u00e7\u00e3o adequada, usar equipamento de prote\u00e7\u00e3o, controlar descarga est\u00e1tica, usar ferramentas antifaiscantes, evitar fontes de igni\u00e7\u00e3o e armazenar em local fresco, seco e em recipientes fechados.<\/p>\n<p class=\"whitespace-pre-wrap\"><strong>P: Como o p\u00f3 de Cu 99,95 difere dos p\u00f3s de bronze e lat\u00e3o?<\/strong><\/p>\n<p class=\"whitespace-pre-wrap\">R: Bronze e lat\u00e3o s\u00e3o ligas de cobre com estanho e zinco, enquanto Cu 99,95 \u00e9 cobre puro. O Cu 99,95 tem maior condutividade, mas menor resist\u00eancia que bronze ou lat\u00e3o e \u00e9 mais econ\u00f4mico.<\/p>\n<p><\/span><\/span><\/p>","protected":false},"excerpt":{"rendered":"<p>Vis\u00e3o geral do p\u00f3 de Cu 99,95 O p\u00f3 de Cu 99,95, tamb\u00e9m conhecido como p\u00f3 de cobre de passo duro eletrol\u00edtico (ETP), \u00e9 um p\u00f3 de cobre de alta pureza que cont\u00e9m um m\u00ednimo de cobre 99,95%. Ele tem excelente condutividade el\u00e9trica e t\u00e9rmica combinada com boas propriedades mec\u00e2nicas. As principais aplica\u00e7\u00f5es incluem contatos el\u00e9tricos, escovas, produtos de solda, brasagem, materiais de fric\u00e7\u00e3o e diamante...<\/p>","protected":false},"featured_media":1829,"parent":0,"template":"","meta":{"_acf_changed":false,"_kad_blocks_custom_css":"","_kad_blocks_head_custom_js":"","_kad_blocks_body_custom_js":"","_kad_blocks_footer_custom_js":"","_kad_post_transparent":"","_kad_post_title":"","_kad_post_layout":"","_kad_post_sidebar_id":"","_kad_post_content_style":"","_kad_post_vertical_padding":"","_kad_post_feature":"","_kad_post_feature_position":"","_kad_post_header":false,"_kad_post_footer":false,"_kad_post_classname":""},"product-category":[119,129],"class_list":["post-3914","product","type-product","status-publish","has-post-thumbnail","hentry","product-category-3d-printing-metal-powder","product-category-copper-alloy-powder"],"acf":[],"taxonomy_info":{"product-category":[{"value":119,"label":"3D Printing Metal Powder"},{"value":129,"label":"Copper Alloy Powder"}]},"featured_image_src_large":["https:\/\/3dpmetal.com\/wp-content\/uploads\/2024\/02\/Cu-99.95-Powder.jpg",600,600,false],"author_info":[],"comment_info":"","_links":{"self":[{"href":"https:\/\/3dpmetal.com\/pt_br\/wp-json\/wp\/v2\/product\/3914","targetHints":{"allow":["GET"]}}],"collection":[{"href":"https:\/\/3dpmetal.com\/pt_br\/wp-json\/wp\/v2\/product"}],"about":[{"href":"https:\/\/3dpmetal.com\/pt_br\/wp-json\/wp\/v2\/types\/product"}],"wp:featuredmedia":[{"embeddable":true,"href":"https:\/\/3dpmetal.com\/pt_br\/wp-json\/wp\/v2\/media\/1829"}],"wp:attachment":[{"href":"https:\/\/3dpmetal.com\/pt_br\/wp-json\/wp\/v2\/media?parent=3914"}],"wp:term":[{"taxonomy":"product-category","embeddable":true,"href":"https:\/\/3dpmetal.com\/pt_br\/wp-json\/wp\/v2\/product-category?post=3914"}],"curies":[{"name":"wp","href":"https:\/\/api.w.org\/{rel}","templated":true}]}}