{"id":3915,"date":"2024-03-18T06:10:14","date_gmt":"2024-03-18T06:10:14","guid":{"rendered":"https:\/\/3dp.45612300.xyz\/product\/cusn10-powder\/"},"modified":"2024-03-18T06:10:14","modified_gmt":"2024-03-18T06:10:14","slug":"cusn10-powder","status":"publish","type":"product","link":"https:\/\/3dpmetal.com\/pt_br\/product\/cusn10-powder\/","title":{"rendered":"P\u00f3 CuSn10"},"content":{"rendered":"<p><span style=\"vertical-align: inherit;\"><span style=\"vertical-align: inherit;\"><\/p>\n<h2>Vis\u00e3o Geral do P\u00f3 CuSn10<\/h2>\n<p class=\"whitespace-pre-wrap\">O p\u00f3 CuSn10 \u00e9 uma liga de cobre e estanho que cont\u00e9m aproximadamente 10% de estanho e restante de cobre. Ele oferece uma excelente combina\u00e7\u00e3o de resist\u00eancia, ductilidade, resist\u00eancia \u00e0 corros\u00e3o e ao desgaste e propriedades antifric\u00e7\u00e3o.<\/p>\n<p class=\"whitespace-pre-wrap\">Propriedades e aplica\u00e7\u00f5es principais do p\u00f3 CuSn10 incluem:<\/p>\n<p class=\"whitespace-pre-wrap\"><strong>Propriedades e Caracter\u00edsticas do P\u00f3 CuSn10<\/strong><\/p>\n<table>\n<thead>\n<tr>\n<th>Propriedades<\/th>\n<th>Detalhes<\/th>\n<\/tr>\n<\/thead>\n<tbody>\n<tr>\n<td>Composi\u00e7\u00e3o<\/td>\n<td>90% de cobre, 10% de estanho<\/td>\n<\/tr>\n<tr>\n<td>Densidade<\/td>\n<td>8,8 g\/cm\u00b3<\/td>\n<\/tr>\n<tr>\n<td>Formas das Part\u00edculas<\/td>\n<td>Irregular, angular<\/td>\n<\/tr>\n<tr>\n<td>Tamanho da linha<\/td>\n<td>5-150 m\u00edcrons<\/td>\n<\/tr>\n<tr>\n<td>Densidade Aparente<\/td>\n<td>At\u00e9 50% de densidade real<\/td>\n<\/tr>\n<tr>\n<td>Fluidez<\/td>\n<td>Moderado<\/td>\n<\/tr>\n<tr>\n<td>For\u00e7a<\/td>\n<td>Excelente para p\u00f3 de liga de Cu<\/td>\n<\/tr>\n<tr>\n<td>Ductilidade<\/td>\n<td>Bom<\/td>\n<\/tr>\n<tr>\n<td>Resist\u00eancia \u00e0 corros\u00e3o<\/td>\n<td>Muito bom<\/td>\n<\/tr>\n<\/tbody>\n<\/table>\n<p class=\"whitespace-pre-wrap\">CuSn10 \u00e9 amplamente utilizado em gaiolas de rolamento, buchas, hastes de soldagem e pe\u00e7as de desgaste nos setores automotivo, el\u00e9trico e industrial.<\/p>\n<h2>Composi\u00e7\u00e3o do p\u00f3 CuSn10<\/h2>\n<p class=\"whitespace-pre-wrap\">Composi\u00e7\u00e3o t\u00edpica do p\u00f3 CuSn10:<\/p>\n<p class=\"whitespace-pre-wrap\"><strong>Composi\u00e7\u00e3o do p\u00f3 CuSn10<\/strong><\/p>\n<table>\n<thead>\n<tr>\n<th>Elemento<\/th>\n<th>% do Peso<\/th>\n<\/tr>\n<\/thead>\n<tbody>\n<tr>\n<td>Cobre (Cu)<\/td>\n<td>Resto<\/td>\n<\/tr>\n<tr>\n<td>Estanho (Sn)<\/td>\n<td>9-11%<\/td>\n<\/tr>\n<tr>\n<td>Chumbo (Pb)<\/td>\n<td>M\u00e1x. 0,2%<\/td>\n<\/tr>\n<tr>\n<td>Zinco (Zn)<\/td>\n<td>M\u00e1x. 0,5%<\/td>\n<\/tr>\n<tr>\n<td>Outras impurezas<\/td>\n<td>M\u00e1ximo 0,1%<\/td>\n<\/tr>\n<\/tbody>\n<\/table>\n<ul class=\"list-disc pl-8 space-y-2\">\n<li class=\"whitespace-normal\">O cobre fornece excelente condutividade, resist\u00eancia \u00e0 corros\u00e3o, ductibilidade<\/li>\n<li class=\"whitespace-normal\">O estanho aumenta a resist\u00eancia, dureza e resist\u00eancia ao desgaste<\/li>\n<li class=\"whitespace-normal\">Chumbo, zinco e outras impurezas s\u00e3o cuidadosamente controladas<\/li>\n<\/ul>\n<p class=\"whitespace-pre-wrap\">A propor\u00e7\u00e3o otimizada de Cu-Sn proporciona uma excelente combina\u00e7\u00e3o de resist\u00eancia, ductilidade e capacidade de fabrica\u00e7\u00e3o.<\/p>\n<p><img loading=\"lazy\" decoding=\"async\" class=\"size-medium wp-image-1409 aligncenter\" src=\"https:\/\/met3dp.com\/wp-content\/uploads\/2023\/09\/ed7a94ec-3c10-4b1b-87ed--300x300.jpg\" alt=\"CuSn10\" width=\"300\" height=\"300\" title=\"\"><\/p>\n<h2>Propriedades F\u00edsicas do P\u00f3 CuSn10<\/h2>\n<p class=\"whitespace-pre-wrap\"><strong>Propriedades F\u00edsicas do P\u00f3 CuSn10<\/strong><\/p>\n<table>\n<thead>\n<tr>\n<th>Propriedade<\/th>\n<th>Valor<\/th>\n<\/tr>\n<\/thead>\n<tbody>\n<tr>\n<td>Densidade<\/td>\n<td>8,8 g\/cm\u00b3<\/td>\n<\/tr>\n<tr>\n<td>Ponto de Fus\u00e3o<\/td>\n<td>1020-1040\u00a1\u00abC<\/td>\n<\/tr>\n<tr>\n<td>Condutividade t\u00e9rmica<\/td>\n<td>55 W\/mK<\/td>\n<\/tr>\n<tr>\n<td>Resistividade el\u00e9trica<\/td>\n<td>7 a 9 cm<\/td>\n<\/tr>\n<tr>\n<td>Temperatura de recristaliza\u00e7\u00e3o<\/td>\n<td>150-250\u2033C<\/td>\n<\/tr>\n<tr>\n<td>Temperatura m\u00e1xima de servi\u00e7o<\/td>\n<td>250 \u00baC<\/td>\n<\/tr>\n<\/tbody>\n<\/table>\n<ul class=\"list-disc pl-8 space-y-2\">\n<li class=\"whitespace-normal\">Densidade \u00e9 maior que o cobre<\/li>\n<li class=\"whitespace-normal\">O ponto de fus\u00e3o \u00e9 reduzido, quando comparado ao cobre puro.<\/li>\n<li class=\"whitespace-normal\">Mant\u00e9m boa condutividade<\/li>\n<li class=\"whitespace-normal\">A recristaliza\u00e7\u00e3o possibilita a compacta\u00e7\u00e3o de p\u00f3<\/li>\n<li class=\"whitespace-normal\">Suporta altas temperaturas de opera\u00e7\u00e3o moderadas<\/li>\n<\/ul>\n<p class=\"whitespace-pre-wrap\">As propriedades f\u00edsicas permitem o uso do CuSn10 em componentes el\u00e9tricos que necessitem boa condutividade e resist\u00eancia.<\/p>\n<h2>Propriedades Mec\u00e2nicas do P\u00f3 CuSn10<\/h2>\n<p class=\"whitespace-pre-wrap\"><strong>Propriedades Mec\u00e2nicas do P\u00f3 CuSn10<\/strong><\/p>\n<table>\n<thead>\n<tr>\n<th>Propriedade<\/th>\n<th>Valores<\/th>\n<\/tr>\n<\/thead>\n<tbody>\n<tr>\n<td>Dureza<\/td>\n<td>80-110 HB<\/td>\n<\/tr>\n<tr>\n<td>Resist\u00eancia \u00e0 Tra\u00e7\u00e3o<\/td>\n<td>350-550 MPa<\/td>\n<\/tr>\n<tr>\n<td>Limite de escoamento<\/td>\n<td>220-320 MPa<\/td>\n<\/tr>\n<tr>\n<td>alongamento<\/td>\n<td>10-20%<\/td>\n<\/tr>\n<tr>\n<td>M\u00f3dulo de elasticidade<\/td>\n<td>110-140 GPa<\/td>\n<\/tr>\n<\/tbody>\n<\/table>\n<ul class=\"list-disc pl-8 space-y-2\">\n<li class=\"whitespace-normal\">Excelente resist\u00eancia para um p\u00f3 de liga de cobre<\/li>\n<li class=\"whitespace-normal\">Significativamente maior que p\u00f3 de cobre puro<\/li>\n<li class=\"whitespace-normal\">Boa ductilidade para composi\u00e7\u00e3o a 10% com estanho<\/li>\n<li class=\"whitespace-normal\">Valores de dureza adequados para aplica\u00e7\u00f5es de desgaste<\/li>\n<li class=\"whitespace-normal\">As propriedades dependem do m\u00e9todo de produ\u00e7\u00e3o e porosidade<\/li>\n<\/ul>\n<p class=\"whitespace-pre-wrap\">As propriedades mec\u00e2nicas permitem a utiliza\u00e7\u00e3o de CuSn10 em p\u00f3 em componentes el\u00e9tricos e de atrito de alta resist\u00eancia.<\/p>\n<h2>Aplica\u00e7\u00f5es do P\u00f3 CuSn10 BR<\/h2>\n<p class=\"whitespace-pre-wrap\">Entre as aplica\u00e7\u00f5es t\u00edpicas de CuSn10 em p\u00f3, est\u00e3o:<\/p>\n<p class=\"whitespace-pre-wrap\"><strong>Aplica\u00e7\u00f5es do P\u00f3 CuSn10 BR<\/strong><\/p>\n<table>\n<thead>\n<tr>\n<th>Ind\u00fastria<\/th>\n<th>Exemplos de aplica\u00e7\u00e3o<\/th>\n<\/tr>\n<\/thead>\n<tbody>\n<tr>\n<td>Automotivo<\/td>\n<td>Rolamentos, buchas, pastilhas de freio<\/td>\n<\/tr>\n<tr>\n<td>El\u00e9trica<\/td>\n<td>Eletrodos de solda, conectores, contatos<\/td>\n<\/tr>\n<tr>\n<td>Industrial<\/td>\n<td>Gaiolas de rolamento, selos, impulsores<\/td>\n<\/tr>\n<tr>\n<td>Fabrica\u00e7\u00e3o<\/td>\n<td>Componentes de ferramentas sinterizadas<\/td>\n<\/tr>\n<tr>\n<td>Petr\u00f3leo e g\u00e1s<\/td>\n<td>Buchas, registros de esfera<\/td>\n<\/tr>\n<\/tbody>\n<\/table>\n<p class=\"whitespace-pre-wrap\">Usos espec\u00edficos do produto:<\/p>\n<ul class=\"list-disc pl-8 space-y-2\">\n<li class=\"whitespace-normal\">Gaiolas para rolamentos exigindo propriedades antiatrito<\/li>\n<li class=\"whitespace-normal\">Bucha e arruela de encosto em aplica\u00e7\u00f5es de alta carga<\/li>\n<li class=\"whitespace-normal\">Pastilhas de freio e lonas de embreagem automotiva<\/li>\n<li class=\"whitespace-normal\">Conectores e pinos el\u00e9tricos<\/li>\n<li class=\"whitespace-normal\">Varetas de soldagem e metal de adi\u00e7\u00e3o de pasta de solda<\/li>\n<li class=\"whitespace-normal\">Componentes de tubula\u00e7\u00e3o como v\u00e1lvulas e flanges<\/li>\n<\/ul>\n<p class=\"whitespace-pre-wrap\">Sua excelente combina\u00e7\u00e3o de resist\u00eancia, ductilidade e custo tornam o CuSn10 uma escolha popular para essas aplica\u00e7\u00f5es.<\/p>\n<h2>Especifica\u00e7\u00f5es de P\u00f3 CuSn10<\/h2>\n<p class=\"whitespace-pre-wrap\">As principais especifica\u00e7\u00f5es para CuSn10 em p\u00f3 incluem:<\/p>\n<p class=\"whitespace-pre-wrap\"><strong>Especifica\u00e7\u00f5es de P\u00f3 CuSn10<\/strong><\/p>\n<table>\n<thead>\n<tr>\n<th>Padr\u00e3o<\/th>\n<th>Descri\u00e7\u00e3o<\/th>\n<\/tr>\n<\/thead>\n<tbody>\n<tr>\n<td>ISO 44001<\/td>\n<td>P\u00f3s de cobre e ligas de cobre \u2013 Especifica\u00e7\u00f5es<\/td>\n<\/tr>\n<tr>\n<td>ASTM B602<\/td>\n<td>Especifica\u00e7\u00e3o padr\u00e3o para p\u00f3s de ligas de cobre<\/td>\n<\/tr>\n<tr>\n<td>BR 1982<\/td>\n<td>Especifica\u00e7\u00f5es para lingotes e fundidos de cobre e ligas de cobre<\/td>\n<\/tr>\n<tr>\n<td>JIS H2111<\/td>\n<td>P\u00f3s de bronze<\/td>\n<\/tr>\n<\/tbody>\n<\/table>\n<p class=\"whitespace-pre-wrap\">Definem:<\/p>\n<ul class=\"list-disc pl-8 space-y-2\">\n<li class=\"whitespace-normal\">Limita\u00e7\u00f5es de composi\u00e7\u00e3o qu\u00edmica<\/li>\n<li class=\"whitespace-normal\">M\u00e9todo de produ\u00e7\u00e3o \u2013 atomiza\u00e7\u00e3o<\/li>\n<li class=\"whitespace-normal\">Propriedades f\u00edsicas e mec\u00e2nicas exigidas<\/li>\n<li class=\"whitespace-normal\">N\u00edveis aceit\u00e1veis de impurezas<\/li>\n<li class=\"whitespace-normal\">Distribui\u00e7\u00e3o de Tamanho de Part\u00edcula<\/li>\n<li class=\"whitespace-normal\">Protocolos de teste<\/li>\n<\/ul>\n<p class=\"whitespace-pre-wrap\">A conformidade garante a adequa\u00e7\u00e3o para aplica\u00e7\u00f5es previstas em mercados globais.<\/p>\n<h2>Tamanho das Part\u00edculas de P\u00f3 CuSn10<\/h2>\n<p class=\"whitespace-pre-wrap\"><strong>Distribui\u00e7\u00e3o do Tamanho das Part\u00edculas em P\u00f3 CuSn10<\/strong><\/p>\n<table>\n<thead>\n<tr>\n<th>Tamanho das part\u00edculas<\/th>\n<th>Caracter\u00edsticas<\/th>\n<\/tr>\n<\/thead>\n<tbody>\n<tr>\n<td>5-25 micr\u00f4metros<\/td>\n<td>Grau ultrafino para alta densidade e acabamento superficial.<\/td>\n<\/tr>\n<tr>\n<td>15-45 micr\u00f4metros<\/td>\n<td>Tamanho comum para prensagem e sinteriza\u00e7\u00e3o<\/td>\n<\/tr>\n<tr>\n<td>45-150 m\u00edcrons<\/td>\n<td>Tamanhos maiores para melhor fluidez do p\u00f3<\/td>\n<\/tr>\n<\/tbody>\n<\/table>\n<ul class=\"list-disc pl-8 space-y-2\">\n<li class=\"whitespace-normal\">Part\u00edculas mais finas permitem maior densifica\u00e7\u00e3o<\/li>\n<li class=\"whitespace-normal\">Part\u00edculas maiores melhoram as propriedades de fluxo do p\u00f3<\/li>\n<li class=\"whitespace-normal\">Tamanho selecionado com base nas propriedades finais das pe\u00e7as necess\u00e1rias<\/li>\n<li class=\"whitespace-normal\">Dispon\u00edvel em formas tanto esf\u00e9ricas como irregulares<\/li>\n<\/ul>\n<p class=\"whitespace-pre-wrap\">O controle da distribui\u00e7\u00e3o do tamanho da part\u00edcula otimiza as caracter\u00edsticas de prensagem e a densidade final sinterizada.<\/p>\n<h2>Densidade Aparente do P\u00f3 CuSn10<\/h2>\n<p class=\"whitespace-pre-wrap\"><strong>Densidade Aparente do P\u00f3 CuSn10<\/strong><\/p>\n<table>\n<thead>\n<tr>\n<th>Densidade Aparente<\/th>\n<th>Detalhes<\/th>\n<\/tr>\n<\/thead>\n<tbody>\n<tr>\n<td>At\u00e9 50% de densidade real<\/td>\n<td>Para forma irregular em p\u00f3<\/td>\n<\/tr>\n<tr>\n<td>4,5-6,5 g\/cc<\/td>\n<td>Melhora com maior densidade de empacotamento<\/td>\n<\/tr>\n<\/tbody>\n<\/table>\n<ul class=\"list-disc pl-8 space-y-2\">\n<li class=\"whitespace-normal\">Maior densidade aparente melhora o fluxo e a compacta\u00e7\u00e3o do p\u00f3<\/li>\n<li class=\"whitespace-normal\">Densidade de at\u00e9 60% \u00e9 poss\u00edvel com p\u00f3 esf\u00e9rico otimizado<\/li>\n<li class=\"whitespace-normal\">A alta densidade aparente propicia uma compacta\u00e7\u00e3o mais f\u00e1cil em pe\u00e7as verdes<\/li>\n<\/ul>\n<p class=\"whitespace-pre-wrap\">Densidade aparente mais alta leva a maior produtividade de fabrica\u00e7\u00e3o e qualidade da pe\u00e7a.<\/p>\n<h2>Processo de Produ\u00e7\u00e3o CuSn10 P\u00f3<\/h2>\n<p class=\"whitespace-pre-wrap\"><strong>Produ\u00e7\u00e3o de P\u00f3 CuSn10<\/strong><\/p>\n<table>\n<thead>\n<tr>\n<th>M\u00e9todo<\/th>\n<th>Detalhes<\/th>\n<\/tr>\n<\/thead>\n<tbody>\n<tr>\n<td>Atomiza\u00e7\u00e3o<\/td>\n<td>Corrente de liga derretida que se quebra em pequenas got\u00edculas que solidificam em p\u00f3.<\/td>\n<\/tr>\n<tr>\n<td>Indu\u00e7\u00e3o de fus\u00e3o<\/td>\n<td>Cobre puro e estanho fundidos juntos sob atmosfera controlada.<\/td>\n<\/tr>\n<tr>\n<td>Atomiza\u00e7\u00e3o de g\u00e1s inerte<\/td>\n<td>Evite a oxida\u00e7\u00e3o das part\u00edculas durante a produ\u00e7\u00e3o<\/td>\n<\/tr>\n<tr>\n<td>Peneiramento<\/td>\n<td>Classifica p\u00f3 em diferentes faixas de tamanho de part\u00edcula<\/td>\n<\/tr>\n<\/tbody>\n<\/table>\n<ul class=\"list-disc pl-8 space-y-2\">\n<li class=\"whitespace-normal\">Atomiza\u00e7\u00e3o automatizada permite produ\u00e7\u00e3o em larga escala<\/li>\n<li class=\"whitespace-normal\">A fus\u00e3o controlada e atomiza\u00e7\u00e3o minimizam as impurezas<\/li>\n<li class=\"whitespace-normal\">G\u00e1s inerte previne oxida\u00e7\u00e3o ao p\u00f3<\/li>\n<li class=\"whitespace-normal\">O p\u00f3s-processamento permite a personaliza\u00e7\u00e3o dos tamanhos das part\u00edculas<\/li>\n<\/ul>\n<p class=\"whitespace-pre-wrap\">Controles de processos rigorosos resultam em qualidade de p\u00f3 confi\u00e1vel e caracter\u00edsticas repet\u00edveis.<\/p>\n<h2>Pre\u00e7o de P\u00f3 CuSn10<\/h2>\n<p class=\"whitespace-pre-wrap\"><strong>Pre\u00e7o de P\u00f3 CuSn10<\/strong><\/p>\n<table>\n<thead>\n<tr>\n<th>Fator<\/th>\n<th>Impacto no Pre\u00e7o<\/th>\n<\/tr>\n<\/thead>\n<tbody>\n<tr>\n<td>Grau de pureza<\/td>\n<td>Maior pureza aumenta o pre\u00e7o<\/td>\n<\/tr>\n<tr>\n<td>Tamanho das part\u00edculas<\/td>\n<td>Quanto mais fino o p\u00f3, mais caro ele \u00e9<\/td>\n<\/tr>\n<tr>\n<td>Quantidade do Pedido<\/td>\n<td>Descontos para pre\u00e7os em atacado se aplicam<\/td>\n<\/tr>\n<tr>\n<td>M\u00e9todo de produ\u00e7\u00e3o<\/td>\n<td>Processos complexos aumenta o custo<\/td>\n<\/tr>\n<tr>\n<td>Servi\u00e7os adicionais<\/td>\n<td>Customiza\u00e7\u00e3o aumenta o custo<\/td>\n<\/tr>\n<\/tbody>\n<\/table>\n<p class=\"whitespace-pre-wrap\"><strong>Pre\u00e7os indicativos<\/strong><\/p>\n<ul class=\"list-disc pl-8 space-y-2\">\n<li class=\"whitespace-normal\">P\u00f3 CuSn10: $8-12 por kg<\/li>\n<li class=\"whitespace-normal\">Pre\u00e7os reduzidos aplic\u00e1veis para encomendas em massa &gt;1000 kg<\/li>\n<\/ul>\n<p class=\"whitespace-pre-wrap\">O pre\u00e7o varia com base nos par\u00e2metros do pedido, como quantidade, tamanho da part\u00edcula, n\u00edvel de pureza, composi\u00e7\u00e3o da liga, etc.<\/p>\n<h2>Fornecedores de CuSn10 em p\u00f3<\/h2>\n<p class=\"whitespace-pre-wrap\"><strong>Fornecedores de CuSn10 em p\u00f3<\/strong><\/p>\n<table>\n<thead>\n<tr>\n<th>Empresa<\/th>\n<th>Localiza\u00e7\u00e3o<\/th>\n<\/tr>\n<\/thead>\n<tbody>\n<tr>\n<td>Kymera International<\/td>\n<td>Estados Unidos<\/td>\n<\/tr>\n<tr>\n<td>Hoganas<\/td>\n<td>Su\u00e9cia<\/td>\n<\/tr>\n<tr>\n<td>Grupo de P\u00f3s CNPC<\/td>\n<td>China<\/td>\n<\/tr>\n<tr>\n<td>P\u00f3 da CNPC de Xangai<\/td>\n<td>China<\/td>\n<\/tr>\n<tr>\n<td>Gujarat Reclaim Industries<\/td>\n<td>\u00cdndia<\/td>\n<\/tr>\n<tr>\n<td>American Chemet Corporation<\/td>\n<td>Estados Unidos<\/td>\n<\/tr>\n<\/tbody>\n<\/table>\n<p class=\"whitespace-pre-wrap\">Fatores para selecionar fornecedores:<\/p>\n<ul class=\"list-disc pl-8 space-y-2\">\n<li class=\"whitespace-normal\">Tamanhos de p\u00f3s e prazos de entrega<\/li>\n<li class=\"whitespace-normal\">Capacidade de personaliza\u00e7\u00e3o<\/li>\n<li class=\"whitespace-normal\">capacidade de produ\u00e7\u00e3o<\/li>\n<li class=\"whitespace-normal\">Op\u00e7\u00f5es de embalagem<\/li>\n<li class=\"whitespace-normal\">N\u00edveis de pre\u00e7os<\/li>\n<li class=\"whitespace-normal\">Certifica\u00e7\u00f5es de qualidade e conformidade<\/li>\n<\/ul>\n<h2>Manuseio e Armazenamento do P\u00f3 CuSn10<\/h2>\n<p class=\"whitespace-pre-wrap\"><strong>Manuseio de p\u00f3 CuSn10<\/strong><\/p>\n<table>\n<thead>\n<tr>\n<th>Recomenda\u00e7\u00e3o<\/th>\n<th>Motivo<\/th>\n<\/tr>\n<\/thead>\n<tbody>\n<tr>\n<td>Evitar a inala\u00e7\u00e3o<\/td>\n<td>Potencial de irrita\u00e7\u00e3o respirat\u00f3ria<\/td>\n<\/tr>\n<tr>\n<td>Use m\u00e1scara protetora e \u00f3culos de prote\u00e7\u00e3o<\/td>\n<td>Evitar ingest\u00e3o acidental<\/td>\n<\/tr>\n<tr>\n<td>Garantir ventila\u00e7\u00e3o adequada<\/td>\n<td>Reduzir part\u00edculas em suspens\u00e3o no ar<\/td>\n<\/tr>\n<tr>\n<td>Evite fontes de igni\u00e7\u00e3o<\/td>\n<td>Perigo por poeira inflam\u00e1vel<\/td>\n<\/tr>\n<tr>\n<td>Siga os procedimentos antiest\u00e1ticos<\/td>\n<td>Evite inc\u00eandios por descargas est\u00e1ticas<\/td>\n<\/tr>\n<tr>\n<td>Use ferramentas n\u00e3o faiscantes<\/td>\n<td>Evite fa\u00edscas durante o manuseio<\/td>\n<\/tr>\n<tr>\n<td>Armazene os recipientes fechados em \u00e1rea fria e seca<\/td>\n<td>Preven\u00e7\u00e3o da oxida\u00e7\u00e3o e absor\u00e7\u00e3o de umidade<\/td>\n<\/tr>\n<\/tbody>\n<\/table>\n<p class=\"whitespace-pre-wrap\"><strong>Recomenda\u00e7\u00f5es de armazenamento<\/strong><\/p>\n<ul class=\"list-disc pl-8 space-y-2\">\n<li class=\"whitespace-normal\">Armazene em recipientes inertes est\u00e1veis<\/li>\n<li class=\"whitespace-normal\">Mantenha afastado de \u00e1cidos, am\u00f4nia e acetileno<\/li>\n<li class=\"whitespace-normal\">Mantenha as temperaturas abaixo dos 27\u00a1\u00abC<\/li>\n<\/ul>\n<p class=\"whitespace-pre-wrap\">Manuseio e armazenamento adequados preservam a pureza do p\u00f3 e evitam riscos de rea\u00e7\u00e3o.<\/p>\n<h2>Inspe\u00e7\u00e3o e Testes do P\u00f3 CuSn10<\/h2>\n<p class=\"whitespace-pre-wrap\"><strong>Teste de p\u00f3 CuSn10<\/strong><\/p>\n<table>\n<thead>\n<tr>\n<th>Teste<\/th>\n<th>Detalhes<\/th>\n<\/tr>\n<\/thead>\n<tbody>\n<tr>\n<td>An\u00e1lise qu\u00edmica<\/td>\n<td>ICP e XRF para verifica\u00e7\u00e3o de composi\u00e7\u00e3o<\/td>\n<\/tr>\n<tr>\n<td>Distribui\u00e7\u00e3o de Tamanho de Part\u00edcula<\/td>\n<td>An\u00e1lise granulom\u00e9trica ou difra\u00e7\u00e3o a laser<\/td>\n<\/tr>\n<tr>\n<td>Densidade Aparente<\/td>\n<td>Teste do medidor de fluxo Hall de acordo com a ASTM B212<\/td>\n<\/tr>\n<tr>\n<td>Morfologia do p\u00f3<\/td>\n<td>Imagem SEM do formato de part\u00edcula<\/td>\n<\/tr>\n<tr>\n<td>Densidade de Batida<\/td>\n<td>Densidade medida ap\u00f3s batimento mec\u00e2nico<\/td>\n<\/tr>\n<tr>\n<td>An\u00e1lise da taxa de fluxo<\/td>\n<td>Taxa de vaz\u00e3o por gravidade atrav\u00e9s de bicos especificados<\/td>\n<\/tr>\n<\/tbody>\n<\/table>\n<p class=\"whitespace-pre-wrap\">Testes rigorosos garantem que o p\u00f3 atenda \u00e0 composi\u00e7\u00e3o qu\u00edmica, \u00e0s propriedades f\u00edsicas e \u00e0 microestrutura exigidos para o aplicativo.<\/p>\n<h2>Pr\u00f3s e Contras do P\u00f3 CuSn10<\/h2>\n<p class=\"whitespace-pre-wrap\"><strong>Vantagens do CuSn10 em P\u00f3<\/strong><\/p>\n<ul class=\"list-disc pl-8 space-y-2\">\n<li class=\"whitespace-normal\">Excelente resist\u00eancia para um p\u00f3 de liga de cobre<\/li>\n<li class=\"whitespace-normal\">Boa ductilidade e conformabilidade<\/li>\n<li class=\"whitespace-normal\">Resist\u00eancia \u00e0 corros\u00e3o muito boa<\/li>\n<li class=\"whitespace-normal\">Custo-benef\u00edcio comparado com graus de bronze<\/li>\n<li class=\"whitespace-normal\">Boa condutividade el\u00e9trica e t\u00e9rmica<\/li>\n<li class=\"whitespace-normal\">Recicl\u00e1vel e ecol\u00f3gica<\/li>\n<\/ul>\n<p class=\"whitespace-pre-wrap\"><strong>Desvantagens do p\u00f3 CuSn10<\/strong><\/p>\n<ul class=\"list-disc pl-8 space-y-2\">\n<li class=\"whitespace-normal\">Condutividade mais baixa do que o p\u00f3 de cobre puro<\/li>\n<li class=\"whitespace-normal\">Resist\u00eancia moderada a alta temperatura<\/li>\n<li class=\"whitespace-normal\">Pesado em compara\u00e7\u00e3o com ligas de alum\u00ednio ou magn\u00e9sio<\/li>\n<li class=\"whitespace-normal\">N\u00e3o adequado para componentes estruturais de alta tens\u00e3o<\/li>\n<li class=\"whitespace-normal\">Descolora\u00e7\u00e3o superficial com o tempo se n\u00e3o for revestido<\/li>\n<li class=\"whitespace-normal\">Limita\u00e7\u00f5es para aplica\u00e7\u00f5es de contato com alimentos<\/li>\n<\/ul>\n<h2>Compara\u00e7\u00e3o com p\u00f3 CuNi10<\/h2>\n<p class=\"whitespace-pre-wrap\"><strong>P\u00f3 CuSn10 vs CuNi10<\/strong><\/p>\n<table>\n<thead>\n<tr>\n<th>Par\u00e2metro<\/th>\n<th>CuSn10<\/th>\n<th>CuNi10<\/th>\n<\/tr>\n<\/thead>\n<tbody>\n<tr>\n<td>Densidade<\/td>\n<td>8,8 g\/cm\u00b3<\/td>\n<td>8,9 g\/cc<\/td>\n<\/tr>\n<tr>\n<td>For\u00e7a<\/td>\n<td>350-550 MPa<\/td>\n<td>500-650 MPa<\/td>\n<\/tr>\n<tr>\n<td>Condutividade<\/td>\n<td>55 W\/mK<\/td>\n<td>20 W\/(mK)<\/td>\n<\/tr>\n<tr>\n<td>Resist\u00eancia \u00e0 corros\u00e3o<\/td>\n<td>Excelente<\/td>\n<td>Muito bom<\/td>\n<\/tr>\n<tr>\n<td>Custo<\/td>\n<td>Baixo<\/td>\n<td>Alto<\/td>\n<\/tr>\n<tr>\n<td>Utiliza\u00e7\u00f5es<\/td>\n<td>El\u00e9trica, carga moderada<\/td>\n<td>Estruturas de alta resist\u00eancia<\/td>\n<\/tr>\n<\/tbody>\n<\/table>\n<ul class=\"list-disc pl-8 space-y-2\">\n<li class=\"whitespace-normal\">A CuSn10 oferece melhor condutividade e custo<\/li>\n<li class=\"whitespace-normal\">O CuNi10 tem uma maior resist\u00eancia \u00e0 tra\u00e7\u00e3o<\/li>\n<li class=\"whitespace-normal\">CuSn10 preferida para componentes el\u00e9tricos<\/li>\n<li class=\"whitespace-normal\">CuNi10 apropriado para pe\u00e7as estruturais de alta resist\u00eancia<\/li>\n<\/ul>\n<h2>Perguntas frequentes sobre CuSn10 em p\u00f3<\/h2>\n<p class=\"whitespace-pre-wrap\"><strong>Q: Quais s\u00e3o as principais aplica\u00e7\u00f5es do CuSn10 em p\u00f3?<\/strong><\/p>\n<p class=\"whitespace-pre-wrap\">A: As principais aplica\u00e7\u00f5es incluem gaiolas de rolamento, buchas, hastes de solda, lonas de freio, componentes anti atrito e contatos el\u00e9tricos, conectores e escovas. \u00c9 comumente usado em produtos automotivos e el\u00e9tricos.<\/p>\n<p class=\"whitespace-pre-wrap\"><strong>P: P\u00f3 CuSn10 requer cuidados especiais de manuseio?<\/strong><\/p>\n<p class=\"whitespace-pre-wrap\">**A: Recomenda-se precau\u00e7\u00f5es gerais, incluindo evitar a inala\u00e7\u00e3o, garantir ventila\u00e7\u00e3o adequada, controlar a poeira, prevenir fontes de igni\u00e7\u00e3o, evitar ac\u00famulo de carga est\u00e1tica, usar ferramentas antifa\u00edscas e armazenar em uma atmosfera inerte e seca.**<\/p>\n<p class=\"whitespace-pre-wrap\"><strong>Q: O que afeta as propriedades das pe\u00e7as de p\u00f3 CuSn10?<\/strong><\/p>\n<p class=\"whitespace-pre-wrap\">R: Fatores chaves que s\u00e3o poss\u00edveis de observar s\u00e3o a densidade aparente, a distribui\u00e7\u00e3o do tamanho da part\u00edcula, a press\u00e3o de compacta\u00e7\u00e3o, a temperatura e o tempo de sinteriza\u00e7\u00e3o, composi\u00e7\u00e3o da liga, impurezas e porosidade.<\/p>\n<p class=\"whitespace-pre-wrap\"><strong>P: Qual \u00e9 a principal diferen\u00e7a entre p\u00f3s de bronze e CuSn10?<\/strong><\/p>\n<p class=\"whitespace-pre-wrap\">A: Os p\u00f3s de bronze cont\u00eam 90-95% de cobre, enquanto o CuSn10 tem 90% de cobre e 10% de estanho. O CuSn10 fornece uma combina\u00e7\u00e3o ideal de resist\u00eancia, ductibilidade e custo.<\/p>\n<div id=\"gtx-trans\" style=\"position: absolute; left: -2px; top: 59.8125px;\">\n<div class=\"gtx-trans-icon\"><\/div>\n<\/div>\n<p><\/span><\/span><\/p>","protected":false},"excerpt":{"rendered":"<p>Vis\u00e3o geral do p\u00f3 CuSn10 O p\u00f3 CuSn10 \u00e9 uma liga de cobre e estanho que cont\u00e9m aproximadamente 10% de estanho e o restante de cobre. Ele oferece uma excelente combina\u00e7\u00e3o de for\u00e7a, ductilidade, resist\u00eancia \u00e0 corros\u00e3o, resist\u00eancia ao desgaste e propriedades antifric\u00e7\u00e3o. As principais propriedades e aplica\u00e7\u00f5es do p\u00f3 CuSn10 incluem: Propriedades e caracter\u00edsticas do p\u00f3 CuSn10 Propriedades Detalhes da propriedade Composi\u00e7\u00e3o 90% de cobre, 10% de estanho Densidade 8,8...<\/p>","protected":false},"featured_media":1831,"parent":0,"template":"","meta":{"_acf_changed":false,"_kad_blocks_custom_css":"","_kad_blocks_head_custom_js":"","_kad_blocks_body_custom_js":"","_kad_blocks_footer_custom_js":"","_kad_post_transparent":"","_kad_post_title":"","_kad_post_layout":"","_kad_post_sidebar_id":"","_kad_post_content_style":"","_kad_post_vertical_padding":"","_kad_post_feature":"","_kad_post_feature_position":"","_kad_post_header":false,"_kad_post_footer":false,"_kad_post_classname":""},"product-category":[119,129],"class_list":["post-3915","product","type-product","status-publish","has-post-thumbnail","hentry","product-category-3d-printing-metal-powder","product-category-copper-alloy-powder"],"acf":[],"taxonomy_info":{"product-category":[{"value":119,"label":"3D Printing Metal Powder"},{"value":129,"label":"Copper Alloy Powder"}]},"featured_image_src_large":["https:\/\/3dpmetal.com\/wp-content\/uploads\/2024\/02\/CuSn10-Powder.jpg",600,600,false],"author_info":[],"comment_info":"","_links":{"self":[{"href":"https:\/\/3dpmetal.com\/pt_br\/wp-json\/wp\/v2\/product\/3915","targetHints":{"allow":["GET"]}}],"collection":[{"href":"https:\/\/3dpmetal.com\/pt_br\/wp-json\/wp\/v2\/product"}],"about":[{"href":"https:\/\/3dpmetal.com\/pt_br\/wp-json\/wp\/v2\/types\/product"}],"wp:featuredmedia":[{"embeddable":true,"href":"https:\/\/3dpmetal.com\/pt_br\/wp-json\/wp\/v2\/media\/1831"}],"wp:attachment":[{"href":"https:\/\/3dpmetal.com\/pt_br\/wp-json\/wp\/v2\/media?parent=3915"}],"wp:term":[{"taxonomy":"product-category","embeddable":true,"href":"https:\/\/3dpmetal.com\/pt_br\/wp-json\/wp\/v2\/product-category?post=3915"}],"curies":[{"name":"wp","href":"https:\/\/api.w.org\/{rel}","templated":true}]}}