{"id":3917,"date":"2024-03-18T06:10:14","date_gmt":"2024-03-18T06:10:14","guid":{"rendered":"https:\/\/3dp.45612300.xyz\/product\/430l-powder\/"},"modified":"2024-03-18T06:10:14","modified_gmt":"2024-03-18T06:10:14","slug":"430l-powder","status":"publish","type":"product","link":"https:\/\/3dpmetal.com\/pt_br\/product\/430l-powder\/","title":{"rendered":"P\u00f3 430L"},"content":{"rendered":"<p><span style=\"vertical-align: inherit;\"><span style=\"vertical-align: inherit;\"><\/p>\n<h2>Vis\u00e3o geral do p\u00f3 430L<\/h2>\n<p class=\"whitespace-pre-wrap\">O p\u00f3 430L \u00e9 um p\u00f3 de a\u00e7o inoxid\u00e1vel ferr\u00edtico contendo 17% de cromo com adi\u00e7\u00f5es de molibd\u00eanio e ni\u00f3bio para maior resist\u00eancia \u00e0 corros\u00e3o. Ele proporciona um \u00f3timo equil\u00edbrio de resist\u00eancia \u00e0 corros\u00e3o, resist\u00eancia, soldabilidade e custo.<\/p>\n<p class=\"whitespace-pre-wrap\">Principais propriedades e vantagens do p\u00f3 430L:<\/p>\n<p class=\"whitespace-pre-wrap\"><strong>Propriedades e Caracter\u00edsticas do P\u00f3 430L<\/strong><\/p>\n<table>\n<thead>\n<tr>\n<th>Propriedades<\/th>\n<th>Detalhes<\/th>\n<\/tr>\n<\/thead>\n<tbody>\n<tr>\n<td>Composi\u00e7\u00e3o<\/td>\n<td>Liga Fe-17Cr-Nb-Mo<\/td>\n<\/tr>\n<tr>\n<td>Densidade<\/td>\n<td>7,7 g\/cc<\/td>\n<\/tr>\n<tr>\n<td>Formas das Part\u00edculas<\/td>\n<td>Irregular, angular<\/td>\n<\/tr>\n<tr>\n<td>Tamanho da linha<\/td>\n<td>10-150 micr\u00f4metros<\/td>\n<\/tr>\n<tr>\n<td>Densidade Aparente<\/td>\n<td>At\u00e9 50% de densidade real<\/td>\n<\/tr>\n<tr>\n<td>Fluidez<\/td>\n<td>Moderado<\/td>\n<\/tr>\n<tr>\n<td>Resist\u00eancia \u00e0 corros\u00e3o<\/td>\n<td>Excelente em v\u00e1rios ambientes<\/td>\n<\/tr>\n<tr>\n<td>Fortalecendo<\/td>\n<td>Solu\u00e7\u00e3o s\u00f3lida e fortalecimento por precipita\u00e7\u00e3o<\/td>\n<\/tr>\n<\/tbody>\n<\/table>\n<p class=\"whitespace-pre-wrap\">O p\u00f3 430L \u00e9 amplamente utilizado no processamento qu\u00edmico, acess\u00f3rios para embarca\u00e7\u00f5es, componentes de escapamento automotivo, v\u00e1lvulas e flanges industriais, e pe\u00e7as estruturais que necessitem de resist\u00eancia \u00e0s intemp\u00e9ries.<\/p>\n<h2>Composi\u00e7\u00e3o em P\u00f3 430L<\/h2>\n<p class=\"whitespace-pre-wrap\">Composi\u00e7\u00e3o t\u00edpica do p\u00f3 de a\u00e7o inoxid\u00e1vel 430L:<\/p>\n<p class=\"whitespace-pre-wrap\"><strong>Composi\u00e7\u00e3o em P\u00f3 430L<\/strong><\/p>\n<table>\n<thead>\n<tr>\n<th>Elemento<\/th>\n<th>% do Peso<\/th>\n<\/tr>\n<\/thead>\n<tbody>\n<tr>\n<td>Ferro (Fe)<\/td>\n<td>Equil\u00edbrio<\/td>\n<\/tr>\n<tr>\n<td>Cromo (Cr)<\/td>\n<td>16-18%<\/td>\n<\/tr>\n<tr>\n<td>Carbono (C)<\/td>\n<td>0,12% m\u00e1x.<\/td>\n<\/tr>\n<tr>\n<td>Sil\u00edcio (Si)<\/td>\n<td>1% m\u00e1ximo<\/td>\n<\/tr>\n<tr>\n<td>Mangan\u00eas (Mn)<\/td>\n<td>1% m\u00e1ximo<\/td>\n<\/tr>\n<tr>\n<td>Molibd\u00eanio (Mo)<\/td>\n<td>M\u00e1x. 0,5%<\/td>\n<\/tr>\n<tr>\n<td>Ni\u00f3bio (Nb)<\/td>\n<td>0.3-0.6%<\/td>\n<\/tr>\n<tr>\n<td>Nitrog\u00eanio (N)<\/td>\n<td>0,03% m\u00e1x<\/td>\n<\/tr>\n<tr>\n<td>Enxofre (S)<\/td>\n<td>0,03% m\u00e1x<\/td>\n<\/tr>\n<\/tbody>\n<\/table>\n<ul class=\"list-disc pl-8 space-y-2\">\n<li class=\"whitespace-normal\">O ferro fornece a matriz base e ductilidade<\/li>\n<li class=\"whitespace-normal\">O cr\u00f3mio refor\u00e7a a resist\u00eancia \u00e0 corros\u00e3o e \u00e0 oxida\u00e7\u00e3o<\/li>\n<li class=\"whitespace-normal\">O ni\u00f3bio e o molibd\u00eanio fornecem refor\u00e7o de precipita\u00e7\u00e3o<\/li>\n<li class=\"whitespace-normal\">Carbono, nitrog\u00eanio e enxofre s\u00e3o controlados como elementos residuais<\/li>\n<\/ul>\n<p class=\"whitespace-pre-wrap\">A composi\u00e7\u00e3o foi projetada para fornecer \u00f3tima resist\u00eancia \u00e0 corros\u00e3o enquanto mant\u00e9m ductilidade, tenacidade e soldabilidade adequadas.<\/p>\n<p><img loading=\"lazy\" decoding=\"async\" class=\"size-medium wp-image-1409 aligncenter\" src=\"https:\/\/met3dp.com\/wp-content\/uploads\/2023\/09\/ed7a94ec-3c10-4b1b-87ed--300x300.jpg\" alt=\"P\u00f3 430L\" width=\"300\" height=\"300\" title=\"\"><\/p>\n<h2>Propriedades F\u00edsicas do P\u00f3 430L<\/h2>\n<p class=\"whitespace-pre-wrap\"><strong>Propriedades F\u00edsicas do P\u00f3 430L<\/strong><\/p>\n<table>\n<thead>\n<tr>\n<th>Propriedade<\/th>\n<th>Valores<\/th>\n<\/tr>\n<\/thead>\n<tbody>\n<tr>\n<td>Densidade<\/td>\n<td>7,7 g\/cc<\/td>\n<\/tr>\n<tr>\n<td>Ponto de Fus\u00e3o<\/td>\n<td>1400-1450\u00a1\u00abC<\/td>\n<\/tr>\n<tr>\n<td>Resistividade el\u00e9trica<\/td>\n<td>0,6 - 0,7 \u00b5m<\/td>\n<\/tr>\n<tr>\n<td>Condutividade t\u00e9rmica<\/td>\n<td>26 W\/mK<\/td>\n<\/tr>\n<tr>\n<td>Temperatura de Curie<\/td>\n<td>1440 \u00e9 muito caro<\/td>\n<\/tr>\n<tr>\n<td>Temperatura m\u00e1xima de servi\u00e7o<\/td>\n<td>650-750}C<\/td>\n<\/tr>\n<\/tbody>\n<\/table>\n<ul class=\"list-disc pl-8 space-y-2\">\n<li class=\"whitespace-normal\">Densidade moderadamente alta para um a\u00e7o inoxid\u00e1vel<\/li>\n<li class=\"whitespace-normal\">Fornece resist\u00eancia \u00e0 corros\u00e3o e dureza de alta temperatura<\/li>\n<li class=\"whitespace-normal\">Resistividade maior que ferro puro ou a\u00e7os de baixa liga<\/li>\n<li class=\"whitespace-normal\">Se torna paramagn\u00e9tico acima do ponto de Curie<\/li>\n<li class=\"whitespace-normal\">Suporta altas temperaturas de opera\u00e7\u00e3o moderadas<\/li>\n<\/ul>\n<p class=\"whitespace-pre-wrap\">As propriedades f\u00edsicas fazem do 430L adequado para ambientes corrosivos e aplica\u00e7\u00f5es em temperatura moderadamente alta que requerem resist\u00eancia \u00e0 oxida\u00e7\u00e3o.<\/p>\n<h2>Propriedades Mec\u00e2nicas do P\u00f3 430L<\/h2>\n<p class=\"whitespace-pre-wrap\"><strong>Propriedades Mec\u00e2nicas do P\u00f3 430L<\/strong><\/p>\n<table>\n<thead>\n<tr>\n<th>Propriedade<\/th>\n<th>Valores<\/th>\n<\/tr>\n<\/thead>\n<tbody>\n<tr>\n<td>Resist\u00eancia \u00e0 Tra\u00e7\u00e3o<\/td>\n<td>450-650 MPa<\/td>\n<\/tr>\n<tr>\n<td>Limite de escoamento<\/td>\n<td>250-350 MPa<\/td>\n<\/tr>\n<tr>\n<td>alongamento<\/td>\n<td>35-45%<\/td>\n<\/tr>\n<tr>\n<td>M\u00f3dulo de elasticidade<\/td>\n<td>190-210 GPa<\/td>\n<\/tr>\n<tr>\n<td>Dureza<\/td>\n<td>80-90 HRB<\/td>\n<\/tr>\n<tr>\n<td>Resist\u00eancia ao impacto<\/td>\n<td>50-100 J<\/td>\n<\/tr>\n<\/tbody>\n<\/table>\n<ul class=\"list-disc pl-8 space-y-2\">\n<li class=\"whitespace-normal\">Proporciona uma resist\u00eancia moderadamente alta para um a\u00e7o inoxid\u00e1vel<\/li>\n<li class=\"whitespace-normal\">Excelente ductilidade e resist\u00eancia ao impacto<\/li>\n<li class=\"whitespace-normal\">A resist\u00eancia tamb\u00e9m pode ser aumentada mais com tratamento t\u00e9rmico<\/li>\n<li class=\"whitespace-normal\">A dureza \u00e9 relativamente baixa em compara\u00e7\u00e3o com graus martens\u00edticos<\/li>\n<\/ul>\n<p class=\"whitespace-pre-wrap\">As propriedades oferecem uma boa combina\u00e7\u00e3o de resist\u00eancia, ductilidade e tenacidade necess\u00e1ria para muitos ambientes corrosivos e condi\u00e7\u00f5es de carga.<\/p>\n<h2>Aplica\u00e7\u00f5es do p\u00f3 430L<\/h2>\n<p class=\"whitespace-pre-wrap\">Aplica\u00e7\u00f5es t\u00edpicas do p\u00f3 de a\u00e7o inoxid\u00e1vel 430L:<\/p>\n<p class=\"whitespace-pre-wrap\"><strong>Aplica\u00e7\u00f5es do p\u00f3 430L<\/strong><\/p>\n<table>\n<thead>\n<tr>\n<th>Ind\u00fastria<\/th>\n<th>Usos de Exemplo<\/th>\n<\/tr>\n<\/thead>\n<tbody>\n<tr>\n<td>Qu\u00edmico<\/td>\n<td>Tanques, v\u00e1lvulas, tubos, bombas<\/td>\n<\/tr>\n<tr>\n<td>Automotivo<\/td>\n<td>Componentes de escapamento, pe\u00e7as para inje\u00e7\u00e3o de combust\u00edvel<\/td>\n<\/tr>\n<tr>\n<td>**Constru\u00e7\u00e3o**<\/td>\n<td>Revestimento, caracter\u00edsticas arquitet\u00f4nicas<\/td>\n<\/tr>\n<tr>\n<td>Petr\u00f3leo e g\u00e1s<\/td>\n<td>Equipamentos de cabe\u00e7a de po\u00e7o, ferramentas de perfura\u00e7\u00e3o<\/td>\n<\/tr>\n<tr>\n<td>Fabrica\u00e7\u00e3o<\/td>\n<td>Ferramentas de prensagem, moldes, matrizes<\/td>\n<\/tr>\n<\/tbody>\n<\/table>\n<p class=\"whitespace-pre-wrap\">Usos espec\u00edficos do produto:<\/p>\n<ul class=\"list-disc pl-8 space-y-2\">\n<li class=\"whitespace-normal\">Hardware mar\u00edtimo como trilhos, dobradi\u00e7as, fixadores<\/li>\n<li class=\"whitespace-normal\">Manifolds de escape, silenciosos, conversores catal\u00edticos<\/li>\n<li class=\"whitespace-normal\">Equipamentos para processamento qu\u00edmico, como v\u00e1lvulas e flanges<\/li>\n<li class=\"whitespace-normal\">Produtos tubulares para po\u00e7os de petr\u00f3leo para ambientes de fundo de po\u00e7o<\/li>\n<li class=\"whitespace-normal\">Pain\u00e9is arquitet\u00f4nicos, revestimento e elementos decorativos<\/li>\n<\/ul>\n<p class=\"whitespace-pre-wrap\">Sua excelente resist\u00eancia \u00e0 corros\u00e3o combinada com uma boa manufaturabilidade faz com que o 430L seja amplamente utilizado em ind\u00fastrias que precisam de resist\u00eancia \u00e0s intemp\u00e9ries e oxida\u00e7\u00e3o.<\/p>\n<h2>Especifica\u00e7\u00f5es do p\u00f3 430L<\/h2>\n<p class=\"whitespace-pre-wrap\">Especifica\u00e7\u00f5es e normas aplic\u00e1veis:<\/p>\n<p class=\"whitespace-pre-wrap\"><strong>Padr\u00f5es de p\u00f3 430L<\/strong><\/p>\n<table>\n<thead>\n<tr>\n<th>Padr\u00e3o<\/th>\n<th>Descri\u00e7\u00e3o<\/th>\n<\/tr>\n<\/thead>\n<tbody>\n<tr>\n<td>ASTM A743<\/td>\n<td>Norma para pe\u00e7as fundidas de a\u00e7o ao cromo resistentes \u00e0 corros\u00e3o<\/td>\n<\/tr>\n<tr>\n<td>ASTM A744<\/td>\n<td>Padr\u00e3o para chapas e tiras de a\u00e7o inoxid\u00e1vel resistentes \u00e0 corros\u00e3o<\/td>\n<\/tr>\n<tr>\n<td>AMS 5759<\/td>\n<td>Barra de a\u00e7o resistente \u00e0 corros\u00e3o recozida, fio, forjamentos<\/td>\n<\/tr>\n<tr>\n<td>SAE J405<\/td>\n<td>Chapa de a\u00e7o para clima automotivo<\/td>\n<\/tr>\n<tr>\n<td>DIN 17440<\/td>\n<td>A\u00e7os inoxid\u00e1veis para aplica\u00e7\u00f5es resistentes \u00e0 corros\u00e3o<\/td>\n<\/tr>\n<\/tbody>\n<\/table>\n<p class=\"whitespace-pre-wrap\">Estes padr\u00f5es definem:<\/p>\n<ul class=\"list-disc pl-8 space-y-2\">\n<li class=\"whitespace-normal\">Limites de composi\u00e7\u00e3o qu\u00edmica do a\u00e7o 430L<\/li>\n<li class=\"whitespace-normal\">N\u00edveis permiss\u00edveis de impurezas como S, P<\/li>\n<li class=\"whitespace-normal\">Propriedades mec\u00e2nicas requeridas<\/li>\n<li class=\"whitespace-normal\">M\u00e9todos de produ\u00e7\u00e3o aprovados<\/li>\n<li class=\"whitespace-normal\">Protocolos de teste de conformidade<\/li>\n<li class=\"whitespace-normal\">Embalagem, rotulagem e documenta\u00e7\u00e3o adequadas<\/li>\n<\/ul>\n<p class=\"whitespace-pre-wrap\">Atingir os requisitos de certifica\u00e7\u00e3o garante a adequa\u00e7\u00e3o do p\u00f3 para os mercados e aplica\u00e7\u00f5es pretendidos.<\/p>\n<h2>Tamanho das Part\u00edculas do P\u00f3 do 430L<\/h2>\n<p class=\"whitespace-pre-wrap\"><strong>Distribui\u00e7\u00e3o do Tamanho das Part\u00edculas para P\u00f3s 430L<\/strong><\/p>\n<table>\n<thead>\n<tr>\n<th>Tamanho das part\u00edculas<\/th>\n<th>Caracter\u00edsticas<\/th>\n<\/tr>\n<\/thead>\n<tbody>\n<tr>\n<td>10-45 m\u00edcrons<\/td>\n<td>Grau ultrafino para alta densidade e acabamento superficial.<\/td>\n<\/tr>\n<tr>\n<td>45-150 m\u00edcrons<\/td>\n<td>Granula\u00e7\u00e3o grossa oferece boa fluidez<\/td>\n<\/tr>\n<tr>\n<td>15-150 micr\u00f4metros<\/td>\n<td>Nota padr\u00e3o para prensagem e sinteriza\u00e7\u00e3o<\/td>\n<\/tr>\n<\/tbody>\n<\/table>\n<ul class=\"list-disc pl-8 space-y-2\">\n<li class=\"whitespace-normal\">Part\u00edculas mais finas permitem uma maior densifica\u00e7\u00e3o durante a sinteriza\u00e7\u00e3o<\/li>\n<li class=\"whitespace-normal\">P\u00f3s mais\u7c97\u7cd9fluem melhor e preenchem as cavidades das matrizes de forma uniforme<\/li>\n<li class=\"whitespace-normal\">A gama de tamanhos \u00e9 personalizada com base nas propriedades da pe\u00e7a final necess\u00e1rias<\/li>\n<li class=\"whitespace-normal\">Est\u00e3o dispon\u00edveis p\u00f3s atomizados a g\u00e1s e \u00e1gua<\/li>\n<\/ul>\n<p class=\"whitespace-pre-wrap\">O controle da distribui\u00e7\u00e3o do tamanho de part\u00edcula permite otimizar o processamento e o desempenho final da pe\u00e7a.<\/p>\n<h2>Densidade Aparente do P\u00f3 430L<\/h2>\n<p class=\"whitespace-pre-wrap\"><strong>Densidade Aparente do P\u00f3 430L<\/strong><\/p>\n<table>\n<thead>\n<tr>\n<th>Densidade Aparente<\/th>\n<th>Detalhes<\/th>\n<\/tr>\n<\/thead>\n<tbody>\n<tr>\n<td>At\u00e9 50% de densidade real<\/td>\n<td>Para morfologia irregular do p\u00f3<\/td>\n<\/tr>\n<tr>\n<td>3,5 a 4,5 g\/cc t\u00edpico<\/td>\n<td>Melhora com maior densidade de empacotamento<\/td>\n<\/tr>\n<\/tbody>\n<\/table>\n<ul class=\"list-disc pl-8 space-y-2\">\n<li class=\"whitespace-normal\">A densidade aparente superior melhora o fluxo e a compressibilidade do p\u00f3<\/li>\n<li class=\"whitespace-normal\">A morfologia irregular limita a densidade m\u00e1xima de empacotamento<\/li>\n<li class=\"whitespace-normal\">Valores de at\u00e9 60% s\u00e3o poss\u00edveis com p\u00f3s esf\u00e9ricos<\/li>\n<li class=\"whitespace-normal\">Alta densidade aparente melhora efici\u00eancia no enchimento da prensa<\/li>\n<\/ul>\n<p class=\"whitespace-pre-wrap\">Densidade aparente mais alta leva a maior produtividade de fabrica\u00e7\u00e3o e qualidade da pe\u00e7a.<\/p>\n<h2>M\u00e9todo de Produ\u00e7\u00e3o de P\u00f3 430L<\/h2>\n<p class=\"whitespace-pre-wrap\"><strong>Produ\u00e7\u00e3o de P\u00f3 430L<\/strong><\/p>\n<table>\n<thead>\n<tr>\n<th>M\u00e9todo<\/th>\n<th>Detalhes<\/th>\n<\/tr>\n<\/thead>\n<tbody>\n<tr>\n<td>Atomiza\u00e7\u00e3o a g\u00e1s<\/td>\n<td>Quebra do fluxo de metal derretido em got\u00edculas finas por g\u00e1s inerte de alta press\u00e3o<\/td>\n<\/tr>\n<tr>\n<td>Atomiza\u00e7\u00e3o da \u00c1gua<\/td>\n<td>Jato de \u00e1gua de alta press\u00e3o desintegra metal em finas part\u00edculas<\/td>\n<\/tr>\n<tr>\n<td>Derretimento a v\u00e1cuo por indu\u00e7\u00e3o<\/td>\n<td>Entrada de materiais de alta pureza fundidos a v\u00e1cuo<\/td>\n<\/tr>\n<tr>\n<td>Re-fus\u00e3o m\u00faltipla<\/td>\n<td>Melhora a homogeneiza\u00e7\u00e3o qu\u00edmica<\/td>\n<\/tr>\n<tr>\n<td>Peneiramento<\/td>\n<td>Classifica p\u00f3 em diferentes faixas de tamanho de part\u00edcula<\/td>\n<\/tr>\n<\/tbody>\n<\/table>\n<ul class=\"list-disc pl-8 space-y-2\">\n<li class=\"whitespace-normal\">A atomiza\u00e7\u00e3o a g\u00e1s fornece uma morfologia de p\u00f3 esf\u00e9rico e limpo<\/li>\n<li class=\"whitespace-normal\">Atomiza\u00e7\u00e3o de \u00e1gua \u00e9 um processo de baixo custo com part\u00edculas irregulares<\/li>\n<li class=\"whitespace-normal\">A fus\u00e3o a v\u00e1cuo e a refus\u00e3o minimizam impurezas gasosas.<\/li>\n<li class=\"whitespace-normal\">O p\u00f3s-processamento permite a personaliza\u00e7\u00e3o dos tamanhos das part\u00edculas<\/li>\n<\/ul>\n<p class=\"whitespace-pre-wrap\">Produ\u00e7\u00e3o automatizada e controle de qualidade rigoroso resultam em p\u00f3 consistente, adequado para aplica\u00e7\u00f5es cr\u00edticas.<\/p>\n<h2>Pre\u00e7o do P\u00f3 430L<\/h2>\n<p class=\"whitespace-pre-wrap\"><strong>Pre\u00e7o do P\u00f3 430L<\/strong><\/p>\n<table>\n<thead>\n<tr>\n<th>Fator<\/th>\n<th>Impacto no Pre\u00e7o<\/th>\n<\/tr>\n<\/thead>\n<tbody>\n<tr>\n<td>Pureza de grau<\/td>\n<td>Maior pureza aumenta o custo<\/td>\n<\/tr>\n<tr>\n<td>Morfologia do p\u00f3<\/td>\n<td>P\u00f3s esf\u00e9ricos custam mais caro que os irregulares<\/td>\n<\/tr>\n<tr>\n<td>Tamanho das part\u00edculas<\/td>\n<td>P\u00f3 ultrafino mais caro<\/td>\n<\/tr>\n<tr>\n<td>Volume do pedido<\/td>\n<td>Quantidades maiores t\u00eam pre\u00e7o por unidade menor<\/td>\n<\/tr>\n<tr>\n<td>Servi\u00e7os adicionais<\/td>\n<td>Customiza\u00e7\u00e3o aumenta o custo<\/td>\n<\/tr>\n<\/tbody>\n<\/table>\n<p class=\"whitespace-pre-wrap\"><strong>Pre\u00e7os indicativos<\/strong><\/p>\n<ul class=\"list-disc pl-8 space-y-2\">\n<li class=\"whitespace-normal\">P\u00f3 irregular 430L: $5-8 o kg<\/li>\n<li class=\"whitespace-normal\">P\u00f3 esf\u00e9rico 430L: $ 8-12 por kg<\/li>\n<li class=\"whitespace-normal\">O pre\u00e7o em atacado pode ser 30-50% menor<\/li>\n<\/ul>\n<p class=\"whitespace-pre-wrap\">A precifica\u00e7\u00e3o depende da pureza, caracter\u00edsticas da part\u00edcula, volume do pedido e n\u00edvel de personaliza\u00e7\u00e3o necess\u00e1rio.<\/p>\n<h2>430L fornecedores de p\u00f3<\/h2>\n<p class=\"whitespace-pre-wrap\"><strong>430L fornecedores de p\u00f3<\/strong><\/p>\n<table>\n<thead>\n<tr>\n<th>Empresa<\/th>\n<th>Localiza\u00e7\u00e3o<\/th>\n<\/tr>\n<\/thead>\n<tbody>\n<tr>\n<td>H\u00e4agen-Dazs<\/td>\n<td>Su\u00e9cia<\/td>\n<\/tr>\n<tr>\n<td>Sandvik<\/td>\n<td>Alemanha<\/td>\n<\/tr>\n<tr>\n<td>Daido Steel<\/td>\n<td>Jap\u00e3o<\/td>\n<\/tr>\n<tr>\n<td>CNPC Powder<\/td>\n<td>China<\/td>\n<\/tr>\n<tr>\n<td>Carpenter Carpenter P\u00f3 Produtos<\/td>\n<td>Estados Unidos<\/td>\n<\/tr>\n<tr>\n<td>Erasteel<\/td>\n<td>Fran\u00e7a<\/td>\n<\/tr>\n<\/tbody>\n<\/table>\n<p class=\"whitespace-pre-wrap\">Fatores-chave na sele\u00e7\u00e3o de fornecedores:<\/p>\n<ul class=\"list-disc pl-8 space-y-2\">\n<li class=\"whitespace-normal\">Graus de p\u00f3 oferecidos<\/li>\n<li class=\"whitespace-normal\">capacidade de produ\u00e7\u00e3o<\/li>\n<li class=\"whitespace-normal\">Morfologia das part\u00edculas e faixas de tamanho<\/li>\n<li class=\"whitespace-normal\">An\u00e1lise em lote e certifica\u00e7\u00e3o<\/li>\n<li class=\"whitespace-normal\">Pre\u00e7o e quantidade m\u00ednima para pedidos<\/li>\n<li class=\"whitespace-normal\">Servi\u00e7os de personaliza\u00e7\u00e3o<\/li>\n<li class=\"whitespace-normal\">Prazo de entrega e seguran\u00e7a<\/li>\n<\/ul>\n<h2>430L Manuseio e Armazenamento de P\u00f3<\/h2>\n<p class=\"whitespace-pre-wrap\"><strong>Manuseio de P\u00f3 430L<\/strong><\/p>\n<table>\n<thead>\n<tr>\n<th>Recomenda\u00e7\u00e3o<\/th>\n<th>Motivo<\/th>\n<\/tr>\n<\/thead>\n<tbody>\n<tr>\n<td>Use EPI e ventila\u00e7\u00e3o<\/td>\n<td>Evite a exposi\u00e7\u00e3o a particulados met\u00e1licos finos<\/td>\n<\/tr>\n<tr>\n<td>Garantir aterramento adequado<\/td>\n<td>Evite descargas est\u00e1ticas ao manusear<\/td>\n<\/tr>\n<tr>\n<td>Evite fontes de igni\u00e7\u00e3o<\/td>\n<td>O p\u00f3 pode se combustar em atmosfera de oxig\u00eanio<\/td>\n<\/tr>\n<tr>\n<td>Use ferramentas n\u00e3o faiscantes<\/td>\n<td>Evite a possibilidade de igni\u00e7\u00e3o durante o manuseio<\/td>\n<\/tr>\n<tr>\n<td>Siga os protocolos de seguran\u00e7a<\/td>\n<td>Reduza o risco de queimaduras, inala\u00e7\u00e3o e ingest\u00e3o<\/td>\n<\/tr>\n<tr>\n<td>Armazenar em recipientes est\u00e1veis<\/td>\n<td>Prevenir contamina\u00e7\u00e3o ou oxida\u00e7\u00e3o<\/td>\n<\/tr>\n<\/tbody>\n<\/table>\n<p class=\"whitespace-pre-wrap\">Uma vez que o p\u00f3 430L \u00e9 inflam\u00e1vel, os riscos de igni\u00e7\u00e3o e explos\u00e3o devem ser controlados durante o manuseio e armazenamento. Caso contr\u00e1rio, \u00e9 relativamente seguro com as devidas precau\u00e7\u00f5es.<\/p>\n<h2>Inspe\u00e7\u00e3o e Teste de P\u00f3 430L<\/h2>\n<p class=\"whitespace-pre-wrap\"><strong>Teste de P\u00f3 de 430L<\/strong><\/p>\n<table>\n<thead>\n<tr>\n<th>Teste<\/th>\n<th>Detalhes<\/th>\n<\/tr>\n<\/thead>\n<tbody>\n<tr>\n<td>An\u00e1lise qu\u00edmica<\/td>\n<td>ICP e XRF verificam a composi\u00e7\u00e3o<\/td>\n<\/tr>\n<tr>\n<td>Distribui\u00e7\u00e3o de Tamanho de Part\u00edcula<\/td>\n<td>A difra\u00e7\u00e3o a laser determina a distribui\u00e7\u00e3o granulom\u00e9trica<\/td>\n<\/tr>\n<tr>\n<td>Densidade Aparente<\/td>\n<td>Teste de flux\u00f4metro de efeito Hall conforme o padr\u00e3o ASTM B212<\/td>\n<\/tr>\n<tr>\n<td>Morfologia do p\u00f3<\/td>\n<td>Imagens SEM mostram o formato das part\u00edculas<\/td>\n<\/tr>\n<tr>\n<td>An\u00e1lise da taxa de fluxo<\/td>\n<td>Taxa de vaz\u00e3o por gravidade atrav\u00e9s de bicos especificados<\/td>\n<\/tr>\n<tr>\n<td>Perda ao fogo<\/td>\n<td>Determina o teor de umidade residual<\/td>\n<\/tr>\n<\/tbody>\n<\/table>\n<p class=\"whitespace-pre-wrap\">Testes rigorosos garantem que o p\u00f3 atenda a pureza qu\u00edmica exigida, caracter\u00edsticas de part\u00edculas, densidade, morfologia e escoamento de acordo com as especifica\u00e7\u00f5es aplic\u00e1veis.<\/p>\n<h2>Pr\u00f3s e Contras do P\u00f3 430L<\/h2>\n<p class=\"whitespace-pre-wrap\"><strong>Vantagens de P\u00f3s 430L<\/strong><\/p>\n<ul class=\"list-disc pl-8 space-y-2\">\n<li class=\"whitespace-normal\">Excelente resist\u00eancia \u00e0 corros\u00e3o em muitos ambientes<\/li>\n<li class=\"whitespace-normal\">Boa ductilidade, tenacidade e soldabilidade<\/li>\n<li class=\"whitespace-normal\">Econ\u00f4mico se comparado \u00e0s classes austen\u00edticas<\/li>\n<li class=\"whitespace-normal\">Pode ser endurecido por precipita\u00e7\u00e3o para aumentar a resist\u00eancia<\/li>\n<li class=\"whitespace-normal\">Boa resist\u00eancia \u00e0 oxida\u00e7\u00e3o em alta temperatura<\/li>\n<li class=\"whitespace-normal\">Facilmente mold\u00e1vel utilizando t\u00e9cnicas convencionais<\/li>\n<\/ul>\n<p class=\"whitespace-pre-wrap\"><strong>Desvantagens do P\u00f3 430L<\/strong><\/p>\n<ul class=\"list-disc pl-8 space-y-2\">\n<li class=\"whitespace-normal\">Resist\u00eancia reduzida em rela\u00e7\u00e3o \u00e0s classes martens\u00edticas ou ferr\u00edticas<\/li>\n<li class=\"whitespace-normal\">Necessita de cuidado durante a soldagem para evitar sensibiliza\u00e7\u00e3o<\/li>\n<li class=\"whitespace-normal\">Suscet\u00edvel \u00e0 trinca por corros\u00e3o sob tens\u00e3o por cloreto<\/li>\n<li class=\"whitespace-normal\">Resist\u00eancia reduzida \u00e0 tra\u00e7\u00e3o em alta temperatura<\/li>\n<li class=\"whitespace-normal\">Menor dureza e resist\u00eancia ao desgaste do que as categorias austen\u00edticas<\/li>\n<li class=\"whitespace-normal\">Descolorimento superficial ao longo do tempo em exposi\u00e7\u00e3o ao ar livre<\/li>\n<\/ul>\n<h2>Compara\u00e7\u00e3o com p\u00f3 304L<\/h2>\n<p class=\"whitespace-pre-wrap\"><strong>P\u00f3 de a\u00e7o inoxid\u00e1vel 430L vs. 304L<\/strong><\/p>\n<table>\n<thead>\n<tr>\n<th>Par\u00e2metro<\/th>\n<th>430L<\/th>\n<th>304L<\/th>\n<\/tr>\n<\/thead>\n<tbody>\n<tr>\n<td>Densidade<\/td>\n<td>7,7 g\/cc<\/td>\n<td>8,0 g\/cm\u00b3<\/td>\n<\/tr>\n<tr>\n<td>For\u00e7a<\/td>\n<td>450-650 MPa<\/td>\n<td>520-620 MPa<\/td>\n<\/tr>\n<tr>\n<td>Resist\u00eancia \u00e0 corros\u00e3o<\/td>\n<td>Excelente<\/td>\n<td>Excelente<\/td>\n<\/tr>\n<tr>\n<td>Resist\u00eancia ao calor<\/td>\n<td>Bom<\/td>\n<td>Excelente<\/td>\n<\/tr>\n<tr>\n<td>Soldabilidade<\/td>\n<td>Bom<\/td>\n<td>Excelente<\/td>\n<\/tr>\n<tr>\n<td>Custo<\/td>\n<td>Baixo<\/td>\n<td>Alto<\/td>\n<\/tr>\n<tr>\n<td>Utiliza\u00e7\u00f5es<\/td>\n<td>Automotivo, constru\u00e7\u00e3o<\/td>\n<td>processamento de qu\u00edmicos, marinho<\/td>\n<\/tr>\n<\/tbody>\n<\/table>\n<ul class=\"list-disc pl-8 space-y-2\">\n<li class=\"whitespace-normal\">430L tem menor resist\u00eancia, mas melhor custo<\/li>\n<li class=\"whitespace-normal\">304L tem resist\u00eancia superior a corros\u00e3o e ao calor<\/li>\n<li class=\"whitespace-normal\">430L tem tenacidade melhor \u00e0 temperatura ambiente<\/li>\n<li class=\"whitespace-normal\">304L \u00e9 o preferido para aplica\u00e7\u00f5es acima de 500 \u00a1\u00abC<\/li>\n<li class=\"whitespace-normal\">430L indicado para estruturas exteriores e pe\u00e7as automotivas<\/li>\n<\/ul>\n<h2>Perguntas frequentes sobre o p\u00f3 430L<\/h2>\n<p class=\"whitespace-pre-wrap\"><strong>P: Quais s\u00e3o as principais aplica\u00e7\u00f5es do p\u00f3 de a\u00e7o inoxid\u00e1vel 430L?<\/strong><\/p>\n<p class=\"whitespace-pre-wrap\">A: As principais aplica\u00e7\u00f5es incluem componentes de escapamentos automotivos, equipamentos de processamento qu\u00edmico, ferramentas para \u00f3leo e g\u00e1s, pain\u00e9is e revestimento arquitet\u00f4nicos, ferragens mar\u00edtimas e ferramentas para fabrica\u00e7\u00e3o.<\/p>\n<p class=\"whitespace-pre-wrap\"><strong>P: Quais precau\u00e7\u00f5es devem ser tomadas ao trabalhar com 430L em p\u00f3?<\/strong><\/p>\n<p class=\"whitespace-pre-wrap\">A: Precau\u00e7\u00f5es recomendadas incluem ventila\u00e7\u00e3o, EPI, aterramento adequado, atmosfera inerte, evitando fontes de igni\u00e7\u00e3o, usando ferramentas antifaiscantes e armazenamento seguro em recipientes est\u00e1veis.<\/p>\n<p class=\"whitespace-pre-wrap\"><strong>P: Qual \u00e9 o efeito da adi\u00e7\u00e3o de ni\u00f3bio no a\u00e7o inoxid\u00e1vel 430L?<\/strong><\/p>\n<p class=\"whitespace-pre-wrap\">Niobio proporciona fortalecimento por precipita\u00e7\u00e3o atrav\u00e9s da forma\u00e7\u00e3o de nitretos e carbonetos\n\nIsto fortalece o a\u00e7o enquanto mant\u00e9m boa resist\u00eancia \u00e0 corros\u00e3o e ductilidade<\/p>\n<p class=\"whitespace-pre-wrap\"><strong>P: Em que o 430L difere dos graus de a\u00e7o inoxid\u00e1vel 409 e 439?<\/strong><\/p>\n<p class=\"whitespace-pre-wrap\">A: O 430L tem maior resist\u00eancia \u00e0 corros\u00e3o do que o 409 e maior resist\u00eancia do que o 439. Ele fornece uma combina\u00e7\u00e3o otimizada de resist\u00eancia \u00e0 corros\u00e3o, conformabilidade, soldagem e custo.<\/p>\n<div id=\"gtx-trans\" style=\"position: absolute; left: -8px; top: 59.8125px;\">\n<div class=\"gtx-trans-icon\"><\/div>\n<\/div>\n<p><\/span><\/span><\/p>","protected":false},"excerpt":{"rendered":"<p>Vis\u00e3o geral do P\u00f3 430L: O p\u00f3 430L \u00e9 um p\u00f3 de a\u00e7o inoxid\u00e1vel ferr\u00edtico contendo 17% de cromo com adi\u00e7\u00f5es de molibd\u00eanio e ni\u00f3bio para uma resist\u00eancia \u00e0 corros\u00e3o aprimorada. Ele proporciona um equil\u00edbrio \u00f3timo entre resist\u00eancia \u00e0 corros\u00e3o, resist\u00eancia, soldabilidade e custo. Principais propriedades e vantagens do p\u00f3 430L: Propriedades e caracter\u00edsticas do p\u00f3 430L: Detalhes da composi\u00e7\u00e3o: Liga Fe-17Cr-Nb-Mo Densidade...<\/p>","protected":false},"featured_media":1835,"parent":0,"template":"","meta":{"_acf_changed":false,"_kad_blocks_custom_css":"","_kad_blocks_head_custom_js":"","_kad_blocks_body_custom_js":"","_kad_blocks_footer_custom_js":"","_kad_post_transparent":"","_kad_post_title":"","_kad_post_layout":"","_kad_post_sidebar_id":"","_kad_post_content_style":"","_kad_post_vertical_padding":"","_kad_post_feature":"","_kad_post_feature_position":"","_kad_post_header":false,"_kad_post_footer":false,"_kad_post_classname":""},"product-category":[119,122],"class_list":["post-3917","product","type-product","status-publish","has-post-thumbnail","hentry","product-category-3d-printing-metal-powder","product-category-iron-based-alloy-powder"],"acf":[],"taxonomy_info":{"product-category":[{"value":119,"label":"3D Printing Metal Powder"},{"value":122,"label":"Iron Based Alloy Powder"}]},"featured_image_src_large":["https:\/\/3dpmetal.com\/wp-content\/uploads\/2024\/02\/430L-Powder.jpg",600,600,false],"author_info":[],"comment_info":"","_links":{"self":[{"href":"https:\/\/3dpmetal.com\/pt_br\/wp-json\/wp\/v2\/product\/3917","targetHints":{"allow":["GET"]}}],"collection":[{"href":"https:\/\/3dpmetal.com\/pt_br\/wp-json\/wp\/v2\/product"}],"about":[{"href":"https:\/\/3dpmetal.com\/pt_br\/wp-json\/wp\/v2\/types\/product"}],"wp:featuredmedia":[{"embeddable":true,"href":"https:\/\/3dpmetal.com\/pt_br\/wp-json\/wp\/v2\/media\/1835"}],"wp:attachment":[{"href":"https:\/\/3dpmetal.com\/pt_br\/wp-json\/wp\/v2\/media?parent=3917"}],"wp:term":[{"taxonomy":"product-category","embeddable":true,"href":"https:\/\/3dpmetal.com\/pt_br\/wp-json\/wp\/v2\/product-category?post=3917"}],"curies":[{"name":"wp","href":"https:\/\/api.w.org\/{rel}","templated":true}]}}