{"id":3918,"date":"2024-03-18T06:10:14","date_gmt":"2024-03-18T06:10:14","guid":{"rendered":"https:\/\/3dp.45612300.xyz\/product\/317l-powder\/"},"modified":"2024-03-18T06:10:14","modified_gmt":"2024-03-18T06:10:14","slug":"317l-powder","status":"publish","type":"product","link":"https:\/\/3dpmetal.com\/pt_br\/product\/317l-powder\/","title":{"rendered":"P\u00f3 317L"},"content":{"rendered":"<p><span style=\"vertical-align: inherit;\"><span style=\"vertical-align: inherit;\"><\/p>\n<h2>Vis\u00e3o Geral do P\u00f3 317L<\/h2>\n<p class=\"whitespace-pre-wrap\">O p\u00f3 317L \u00e9 um p\u00f3 de a\u00e7o inoxid\u00e1vel austen\u00edtico contendo 18% de cromo, 3% de molibd\u00eanio e 0,08% de carbono. Ele oferece uma excelente combina\u00e7\u00e3o de resist\u00eancia \u00e0 corros\u00e3o, resist\u00eancia, soldabilidade e custo.<\/p>\n<p class=\"whitespace-pre-wrap\">As principais propriedades e vantagens do p\u00f3 317L incluem:<\/p>\n<p class=\"whitespace-pre-wrap\"><strong>317L Propriedades e Caracter\u00edsticas do P\u00f3<\/strong><\/p>\n<table>\n<thead>\n<tr>\n<th>Propriedades<\/th>\n<th>Detalhes<\/th>\n<\/tr>\n<\/thead>\n<tbody>\n<tr>\n<td>Composi\u00e7\u00e3o<\/td>\n<td>Liga Fe-18Cr-3Mo-0,08C<\/td>\n<\/tr>\n<tr>\n<td>Densidade<\/td>\n<td>8,0 g\/cm\u00b3<\/td>\n<\/tr>\n<tr>\n<td>Formas das Part\u00edculas<\/td>\n<td>Irregular, angular<\/td>\n<\/tr>\n<tr>\n<td>Tamanho da linha<\/td>\n<td>10-150 micr\u00f4metros<\/td>\n<\/tr>\n<tr>\n<td>Densidade Aparente<\/td>\n<td>At\u00e9 50% de densidade real<\/td>\n<\/tr>\n<tr>\n<td>Fluidez<\/td>\n<td>Moderado<\/td>\n<\/tr>\n<tr>\n<td>Resist\u00eancia \u00e0 corros\u00e3o<\/td>\n<td>Excelente em v\u00e1rios ambientes<\/td>\n<\/tr>\n<tr>\n<td>Fortalecendo<\/td>\n<td>Endurecimento por solu\u00e7\u00e3o s\u00f3lida e trabalho a frio<\/td>\n<\/tr>\n<\/tbody>\n<\/table>\n<p class=\"whitespace-pre-wrap\">O p\u00f3 317L \u00e9 amplamente utilizado no processamento qu\u00edmico, aplica\u00e7\u00f5es mar\u00edtimas, ind\u00fastrias de celulose e papel, gera\u00e7\u00e3o de energia nuclear e pe\u00e7as arquitet\u00f4nicas que precisam de resist\u00eancia \u00e0s intemp\u00e9ries.<\/p>\n<h2>Composi\u00e7\u00e3o do P\u00f3 AST-317L<\/h2>\n<p class=\"whitespace-pre-wrap\">Composi\u00e7\u00e3o t\u00edpica do p\u00f3 de a\u00e7o inoxid\u00e1vel 317L:<\/p>\n<p class=\"whitespace-pre-wrap\"><strong>Composi\u00e7\u00e3o do P\u00f3 AST-317L<\/strong><\/p>\n<table>\n<thead>\n<tr>\n<th>Elemento<\/th>\n<th>% do Peso<\/th>\n<\/tr>\n<\/thead>\n<tbody>\n<tr>\n<td>Ferro (Fe)<\/td>\n<td>Equil\u00edbrio<\/td>\n<\/tr>\n<tr>\n<td>Cromo (Cr)<\/td>\n<td>17-19%<\/td>\n<\/tr>\n<tr>\n<td>Niquel (Ni)<\/td>\n<td>11-15%<\/td>\n<\/tr>\n<tr>\n<td>Molibd\u00eanio (Mo)<\/td>\n<td>2.5-3.5%<\/td>\n<\/tr>\n<tr>\n<td>Mangan\u00eas (Mn)<\/td>\n<td>&lt;2%<\/td>\n<\/tr>\n<tr>\n<td>Carbono (C)<\/td>\n<td>M\u00e1ximo de 0,08%<\/td>\n<\/tr>\n<tr>\n<td>Sil\u00edcio (Si)<\/td>\n<td>1% m\u00e1ximo<\/td>\n<\/tr>\n<tr>\n<td>Nitrog\u00eanio (N)<\/td>\n<td>M\u00e1x de 0,10%<\/td>\n<\/tr>\n<tr>\n<td>Enxofre (S)<\/td>\n<td>0,03% m\u00e1x<\/td>\n<\/tr>\n<\/tbody>\n<\/table>\n<ul class=\"list-disc pl-8 space-y-2\">\n<li class=\"whitespace-normal\">Ferro fornece a matriz ferr\u00edtica e a ductilidade<\/li>\n<li class=\"whitespace-normal\">O cr\u00f3mio refor\u00e7a a resist\u00eancia \u00e0 corros\u00e3o e \u00e0 oxida\u00e7\u00e3o<\/li>\n<li class=\"whitespace-normal\">O n\u00edquel estabiliza a estrutura austen\u00edtica<\/li>\n<li class=\"whitespace-normal\">Molibd\u00eanio melhora ainda mais a resist\u00eancia \u00e0 corros\u00e3o por pites<\/li>\n<li class=\"whitespace-normal\">Carbono, nitrog\u00eanio e enxofre controlados como elementos de transi\u00e7\u00e3o<\/li>\n<\/ul>\n<p class=\"whitespace-pre-wrap\">A composi\u00e7\u00e3o fornece um equil\u00edbrio excelente de resist\u00eancia \u00e0 corros\u00e3o, formabilidade, soldabilidade e custo.<\/p>\n<p><img loading=\"lazy\" decoding=\"async\" class=\"size-medium wp-image-1409 aligncenter\" src=\"https:\/\/met3dp.com\/wp-content\/uploads\/2023\/09\/ed7a94ec-3c10-4b1b-87ed--300x300.jpg\" alt=\"P\u00f3 317L\" width=\"300\" height=\"300\" title=\"\"><\/p>\n<h2>Propriedades F\u00edsicas do P\u00f3 de 317L<\/h2>\n<p class=\"whitespace-pre-wrap\"><strong>Propriedades F\u00edsicas do P\u00f3 de 317L<\/strong><\/p>\n<table>\n<thead>\n<tr>\n<th>Propriedade<\/th>\n<th>Valores<\/th>\n<\/tr>\n<\/thead>\n<tbody>\n<tr>\n<td>Densidade<\/td>\n<td>8,0 g\/cm\u00b3<\/td>\n<\/tr>\n<tr>\n<td>Ponto de Fus\u00e3o<\/td>\n<td>1370-1400\u00a1\u00abC<\/td>\n<\/tr>\n<tr>\n<td>Resistividade el\u00e9trica<\/td>\n<td>0,8 \u00c3\u00d7\u00b4\u00ce-m<\/td>\n<\/tr>\n<tr>\n<td>Condutividade t\u00e9rmica<\/td>\n<td>16 W\/mK<\/td>\n<\/tr>\n<tr>\n<td>Expans\u00e3o t\u00e9rmica<\/td>\n<td>16 x 10^-6 \/K<\/td>\n<\/tr>\n<tr>\n<td>Temperatura m\u00e1xima de servi\u00e7o<\/td>\n<td>900\u00a0\u00abC<\/td>\n<\/tr>\n<\/tbody>\n<\/table>\n<ul class=\"list-disc pl-8 space-y-2\">\n<li class=\"whitespace-normal\">Densidade elevada em compara\u00e7\u00e3o aos a\u00e7o inoxid\u00e1veis ferr\u00edticos<\/li>\n<li class=\"whitespace-normal\">Mant\u00e9m a resist\u00eancia e a resist\u00eancia a corros\u00e3o em temperaturas elevadas.<\/li>\n<li class=\"whitespace-normal\">Resistividade mais alta que ferros puros ou a\u00e7os-carbono<\/li>\n<li class=\"whitespace-normal\">Condutividade t\u00e9rmica menor que o a\u00e7o carbono<\/li>\n<li class=\"whitespace-normal\">Aguenta at\u00e9 900\u00a1\u00abC em servi\u00e7o cont\u00ednuo<\/li>\n<\/ul>\n<p class=\"whitespace-pre-wrap\">As propriedades f\u00edsicas tornam 317L adequada para aplica\u00e7\u00f5es de alta temperatura que requerem resist\u00eancia \u00e0 corros\u00e3o.<\/p>\n<h2>Propriedades mec\u00e2nicas do p\u00f3 317L<\/h2>\n<p class=\"whitespace-pre-wrap\"><strong>Propriedades mec\u00e2nicas do p\u00f3 317L<\/strong><\/p>\n<table>\n<thead>\n<tr>\n<th>Propriedade<\/th>\n<th>Valores<\/th>\n<\/tr>\n<\/thead>\n<tbody>\n<tr>\n<td>Resist\u00eancia \u00e0 Tra\u00e7\u00e3o<\/td>\n<td>515-620 MPa<\/td>\n<\/tr>\n<tr>\n<td>Limite de escoamento<\/td>\n<td>205-275 MPa<\/td>\n<\/tr>\n<tr>\n<td>alongamento<\/td>\n<td>40-50%<\/td>\n<\/tr>\n<tr>\n<td>Dureza<\/td>\n<td>88-95 CRB<\/td>\n<\/tr>\n<tr>\n<td>Resist\u00eancia ao impacto<\/td>\n<td>100-150 J<\/td>\n<\/tr>\n<tr>\n<td>M\u00f3dulo de elasticidade<\/td>\n<td>190-210 GPa<\/td>\n<\/tr>\n<\/tbody>\n<\/table>\n<ul class=\"list-disc pl-8 space-y-2\">\n<li class=\"whitespace-normal\">Excelente combina\u00e7\u00e3o de resist\u00eancia e ductilidade<\/li>\n<li class=\"whitespace-normal\">Pode ser endurecido no trabalho significativamente para aumentar a resist\u00eancia<\/li>\n<li class=\"whitespace-normal\">Alt\u00edssima tenacidade e resist\u00eancia ao impacto<\/li>\n<li class=\"whitespace-normal\">A resist\u00eancia pode ser ainda mais melhorada atrav\u00e9s do trabalho a frio<\/li>\n<li class=\"whitespace-normal\">A dureza \u00e9 relativamente baixa em condi\u00e7\u00e3o de recozido<\/li>\n<\/ul>\n<p class=\"whitespace-pre-wrap\">As propriedades fornecem um excelente equil\u00edbrio de resist\u00eancia, ductilidade e dureza necess\u00e1ria para muitos ambientes corrosivos.<\/p>\n<h2>Aplica\u00e7\u00f5es de P\u00f3 317L<\/h2>\n<p class=\"whitespace-pre-wrap\">As aplica\u00e7\u00f5es comuns do a\u00e7o inoxid\u00e1vel em p\u00f3 317L incluem:<\/p>\n<p class=\"whitespace-pre-wrap\"><strong>Aplica\u00e7\u00f5es de P\u00f3 317L<\/strong><\/p>\n<table>\n<thead>\n<tr>\n<th>Ind\u00fastria<\/th>\n<th>Usos de Exemplo<\/th>\n<\/tr>\n<\/thead>\n<tbody>\n<tr>\n<td>Qu\u00edmico<\/td>\n<td>Tanques, v\u00e1lvulas, tubos, bombas<\/td>\n<\/tr>\n<tr>\n<td>Petroqu\u00edmica<\/td>\n<td>Equipamentos de processo, tubula\u00e7\u00e3o, v\u00e1lvulas<\/td>\n<\/tr>\n<tr>\n<td>Marinha<\/td>\n<td>Eixos de h\u00e9lice, parafusos, ferragens de conv\u00e9s<\/td>\n<\/tr>\n<tr>\n<td>Nuclear translated to Portuguese (Brazil) is \"Nuclear.\"<\/td>\n<td>Vasilhas de reatores, revestimento de elementos combust\u00edveis<\/td>\n<\/tr>\n<tr>\n<td>Arquitetura<\/td>\n<td>Corrim\u00f5es, pain\u00e9is de parede, telhados<\/td>\n<\/tr>\n<\/tbody>\n<\/table>\n<p class=\"whitespace-pre-wrap\">Usos espec\u00edficos do produto:<\/p>\n<ul class=\"list-disc pl-8 space-y-2\">\n<li class=\"whitespace-normal\">Equipamentos de controle de polui\u00e7\u00e3o que manipulam \u00e1cidos quentes<\/li>\n<li class=\"whitespace-normal\">Estruturas internas de reatores nucleares<\/li>\n<li class=\"whitespace-normal\">Eixos para h\u00e9lices de navios, acess\u00f3rios de conv\u00e9s<\/li>\n<li class=\"whitespace-normal\">Tubula\u00e7\u00e3o e v\u00e1lvula da ind\u00fastria de papel e celulose<\/li>\n<li class=\"whitespace-normal\">Pain\u00e9is arquitet\u00f4nicos, cobertura, revestimento<\/li>\n<\/ul>\n<p class=\"whitespace-pre-wrap\">Sua excelente resist\u00eancia \u00e0 corros\u00e3o combinada com boa fabricabilidade faz do 317L um a\u00e7o amplamente utilizado em ind\u00fastrias exigentes.<\/p>\n<h2>Especifica\u00e7\u00f5es do p\u00f3 317L<\/h2>\n<p class=\"whitespace-pre-wrap\">Especifica\u00e7\u00f5es e normas aplic\u00e1veis:<\/p>\n<p class=\"whitespace-pre-wrap\"><strong>Padr\u00f5es de P\u00f3 317L<\/strong><\/p>\n<table>\n<thead>\n<tr>\n<th>Padr\u00e3o<\/th>\n<th>Descri\u00e7\u00e3o<\/th>\n<\/tr>\n<\/thead>\n<tbody>\n<tr>\n<td>ASTM A276<\/td>\n<td>Norma para barras e perfis de a\u00e7o inoxid\u00e1vel<\/td>\n<\/tr>\n<tr>\n<td>ASTM A479<\/td>\n<td>Norma para tubos de a\u00e7o inoxid\u00e1vel<\/td>\n<\/tr>\n<tr>\n<td>AMS 5524<\/td>\n<td>Barras de a\u00e7o inoxid\u00e1vel recozidas, arame, forjamentos<\/td>\n<\/tr>\n<tr>\n<td>ASME SA-276<\/td>\n<td>Especifica\u00e7\u00e3o para Barras e Perfil de A\u00e7o Inoxid\u00e1vel<\/td>\n<\/tr>\n<tr>\n<td>AISI 630<\/td>\n<td>Norma ASTM A 693 para o a\u00e7o inoxid\u00e1vel de precipita\u00e7\u00e3o 17Cr-4 Ni<\/td>\n<\/tr>\n<\/tbody>\n<\/table>\n<p class=\"whitespace-pre-wrap\">Estes padr\u00f5es definem:<\/p>\n<ul class=\"list-disc pl-8 space-y-2\">\n<li class=\"whitespace-normal\">Limites de composi\u00e7\u00e3o qu\u00edmica de 317L<\/li>\n<li class=\"whitespace-normal\">N\u00edveis permiss\u00edveis de impurezas como S, P<\/li>\n<li class=\"whitespace-normal\">Propriedades mec\u00e2nicas requeridas<\/li>\n<li class=\"whitespace-normal\">M\u00e9todos de produ\u00e7\u00e3o aprovados<\/li>\n<li class=\"whitespace-normal\">Protocolos de teste de conformidade<\/li>\n<li class=\"whitespace-normal\">Embalagem, rotulagem e documenta\u00e7\u00e3o adequadas<\/li>\n<\/ul>\n<p class=\"whitespace-pre-wrap\">Atender aos requisitos de certifica\u00e7\u00e3o garante a adequa\u00e7\u00e3o do p\u00f3 \u00e0s aplica\u00e7\u00f5es pretendidas.<\/p>\n<h2>Tamanhos de Part\u00edculas de P\u00f3 317L<\/h2>\n<p class=\"whitespace-pre-wrap\"><strong>Distribui\u00e7\u00e3o do tamanho das part\u00edculas do p\u00f3 317L<\/strong><\/p>\n<table>\n<thead>\n<tr>\n<th>Tamanho das part\u00edculas<\/th>\n<th>Caracter\u00edsticas<\/th>\n<\/tr>\n<\/thead>\n<tbody>\n<tr>\n<td>10-45 m\u00edcrons<\/td>\n<td>Grau ultrafino para alta densidade e acabamento superficial.<\/td>\n<\/tr>\n<tr>\n<td>45-150 m\u00edcrons<\/td>\n<td>Granula\u00e7\u00e3o grossa oferece boa fluidez<\/td>\n<\/tr>\n<tr>\n<td>15-150 micr\u00f4metros<\/td>\n<td>Nota padr\u00e3o para prensagem e sinteriza\u00e7\u00e3o<\/td>\n<\/tr>\n<\/tbody>\n<\/table>\n<ul class=\"list-disc pl-8 space-y-2\">\n<li class=\"whitespace-normal\">Part\u00edculas mais finas permitem uma maior densifica\u00e7\u00e3o durante a sinteriza\u00e7\u00e3o<\/li>\n<li class=\"whitespace-normal\">P\u00f3s mais\u7c97\u7cd9fluem melhor e preenchem as cavidades das matrizes de forma uniforme<\/li>\n<li class=\"whitespace-normal\">A gama de tamanhos \u00e9 personalizada com base nas propriedades da pe\u00e7a final necess\u00e1rias<\/li>\n<li class=\"whitespace-normal\">Est\u00e3o dispon\u00edveis p\u00f3s atomizados a g\u00e1s e \u00e1gua<\/li>\n<\/ul>\n<p class=\"whitespace-pre-wrap\">O controle da distribui\u00e7\u00e3o do tamanho de part\u00edcula permite otimizar o processamento e o desempenho final da pe\u00e7a.<\/p>\n<h2>Densidade aparente do p\u00f3 317L<\/h2>\n<p class=\"whitespace-pre-wrap\"><strong>Densidade aparente do p\u00f3 317L<\/strong><\/p>\n<table>\n<thead>\n<tr>\n<th>Densidade Aparente<\/th>\n<th>Detalhes<\/th>\n<\/tr>\n<\/thead>\n<tbody>\n<tr>\n<td>At\u00e9 50% de densidade real<\/td>\n<td>Para morfologia irregular do p\u00f3<\/td>\n<\/tr>\n<tr>\n<td>4,5-5,5 g\/cc t\u00edpico<\/td>\n<td>Melhora com maior densidade de empacotamento<\/td>\n<\/tr>\n<\/tbody>\n<\/table>\n<ul class=\"list-disc pl-8 space-y-2\">\n<li class=\"whitespace-normal\">A densidade aparente superior melhora o fluxo e a compressibilidade do p\u00f3<\/li>\n<li class=\"whitespace-normal\">A morfologia irregular limita a densidade m\u00e1xima de empacotamento<\/li>\n<li class=\"whitespace-normal\">Valores de at\u00e9 60% s\u00e3o poss\u00edveis com o p\u00f3 esf\u00e9rico<\/li>\n<li class=\"whitespace-normal\">Alta densidade aparente melhora efici\u00eancia no enchimento da prensa<\/li>\n<\/ul>\n<p class=\"whitespace-pre-wrap\">Densidade aparente mais alta leva a maior produtividade de fabrica\u00e7\u00e3o e qualidade da pe\u00e7a.<\/p>\n<h2>M\u00e9todo de Produ\u00e7\u00e3o de P\u00f3 317L<\/h2>\n<p class=\"whitespace-pre-wrap\"><strong>Produ\u00e7\u00e3o de P\u00f3 317L<\/strong><\/p>\n<table>\n<thead>\n<tr>\n<th>M\u00e9todo<\/th>\n<th>Detalhes<\/th>\n<\/tr>\n<\/thead>\n<tbody>\n<tr>\n<td>Atomiza\u00e7\u00e3o a g\u00e1s<\/td>\n<td>Quebra do fluxo de metal derretido em got\u00edculas finas por g\u00e1s inerte de alta press\u00e3o<\/td>\n<\/tr>\n<tr>\n<td>Atomiza\u00e7\u00e3o da \u00c1gua<\/td>\n<td>Jato de \u00e1gua de alta press\u00e3o desintegra metal em finas part\u00edculas<\/td>\n<\/tr>\n<tr>\n<td>Derretimento a v\u00e1cuo por indu\u00e7\u00e3o<\/td>\n<td>Entrada de materiais de alta pureza fundidos a v\u00e1cuo<\/td>\n<\/tr>\n<tr>\n<td>Re-fus\u00e3o m\u00faltipla<\/td>\n<td>Melhora a homogeneiza\u00e7\u00e3o qu\u00edmica<\/td>\n<\/tr>\n<tr>\n<td>Peneiramento<\/td>\n<td>Classifica p\u00f3 em diferentes faixas de tamanho de part\u00edcula<\/td>\n<\/tr>\n<\/tbody>\n<\/table>\n<ul class=\"list-disc pl-8 space-y-2\">\n<li class=\"whitespace-normal\">A atomiza\u00e7\u00e3o a g\u00e1s fornece uma morfologia de p\u00f3 esf\u00e9rico e limpo<\/li>\n<li class=\"whitespace-normal\">Atomiza\u00e7\u00e3o de \u00e1gua \u00e9 um processo de baixo custo com part\u00edculas irregulares<\/li>\n<li class=\"whitespace-normal\">A fus\u00e3o a v\u00e1cuo e a refus\u00e3o minimizam impurezas gasosas.<\/li>\n<li class=\"whitespace-normal\">O p\u00f3s-processamento permite a personaliza\u00e7\u00e3o dos tamanhos das part\u00edculas<\/li>\n<\/ul>\n<p class=\"whitespace-pre-wrap\">Produ\u00e7\u00e3o automatizada e controle de qualidade rigoroso resultam em p\u00f3 consistente, adequado para aplica\u00e7\u00f5es cr\u00edticas.<\/p>\n<h2>317L Pre\u00e7o do p\u00f3<\/h2>\n<p class=\"whitespace-pre-wrap\"><strong>317L Pre\u00e7o do p\u00f3<\/strong><\/p>\n<table>\n<thead>\n<tr>\n<th>Fator<\/th>\n<th>Impacto no Pre\u00e7o<\/th>\n<\/tr>\n<\/thead>\n<tbody>\n<tr>\n<td>Pureza de grau<\/td>\n<td>Maior pureza aumenta o custo<\/td>\n<\/tr>\n<tr>\n<td>Morfologia do p\u00f3<\/td>\n<td>P\u00f3s esf\u00e9ricos custam mais caro que os irregulares<\/td>\n<\/tr>\n<tr>\n<td>Tamanho das part\u00edculas<\/td>\n<td>P\u00f3 ultrafino mais caro<\/td>\n<\/tr>\n<tr>\n<td>Volume do pedido<\/td>\n<td>Quantidades maiores t\u00eam pre\u00e7o por unidade menor<\/td>\n<\/tr>\n<tr>\n<td>Servi\u00e7os adicionais<\/td>\n<td>Customiza\u00e7\u00e3o aumenta o custo<\/td>\n<\/tr>\n<\/tbody>\n<\/table>\n<p class=\"whitespace-pre-wrap\"><strong>Pre\u00e7os indicativos<\/strong><\/p>\n<ul class=\"list-disc pl-8 space-y-2\">\n<li class=\"whitespace-normal\">P\u00f3 317L irregular: R$ 26 a 44 o quilo<\/li>\n<li class=\"whitespace-normal\">P\u00f3 esf\u00e9rico 317L: $ 10-15 por kg<\/li>\n<li class=\"whitespace-normal\">O pre\u00e7o em atacado pode ser 30-50% menor<\/li>\n<\/ul>\n<p class=\"whitespace-pre-wrap\">O pre\u00e7o depende da pureza, caracter\u00edsticas da part\u00edcula, volume do pedido e necessidades de personaliza\u00e7\u00e3o.<\/p>\n<h2>Fornecedores de P\u00f3 317L<\/h2>\n<p class=\"whitespace-pre-wrap\"><strong>Fornecedores de P\u00f3 317L<\/strong><\/p>\n<table>\n<thead>\n<tr>\n<th>Empresa<\/th>\n<th>Localiza\u00e7\u00e3o<\/th>\n<\/tr>\n<\/thead>\n<tbody>\n<tr>\n<td>H\u00e4agen-Dazs<\/td>\n<td>Su\u00e9cia<\/td>\n<\/tr>\n<tr>\n<td>Sandvik<\/td>\n<td>Alemanha<\/td>\n<\/tr>\n<tr>\n<td>CNPC Powder<\/td>\n<td>China<\/td>\n<\/tr>\n<tr>\n<td>Carpenter Carpenter P\u00f3 Produtos<\/td>\n<td>Estados Unidos<\/td>\n<\/tr>\n<tr>\n<td>Erasteel<\/td>\n<td>Fran\u00e7a<\/td>\n<\/tr>\n<tr>\n<td>Daido Steel<\/td>\n<td>Jap\u00e3o<\/td>\n<\/tr>\n<\/tbody>\n<\/table>\n<p class=\"whitespace-pre-wrap\">Fatores-chave na sele\u00e7\u00e3o de fornecedores:<\/p>\n<ul class=\"list-disc pl-8 space-y-2\">\n<li class=\"whitespace-normal\">Graus de p\u00f3 oferecidos<\/li>\n<li class=\"whitespace-normal\">capacidade de produ\u00e7\u00e3o<\/li>\n<li class=\"whitespace-normal\">Morfologia das part\u00edculas e faixas de tamanho<\/li>\n<li class=\"whitespace-normal\">Relat\u00f3rios de an\u00e1lise de lote<\/li>\n<li class=\"whitespace-normal\">Pre\u00e7o e quantidade m\u00ednima para pedidos<\/li>\n<li class=\"whitespace-normal\">Servi\u00e7os de personaliza\u00e7\u00e3o<\/li>\n<li class=\"whitespace-normal\">Prazo de entrega e seguran\u00e7a<\/li>\n<\/ul>\n<h2>317L Armazenamento e manuseio de p\u00f3<\/h2>\n<p class=\"whitespace-pre-wrap\"><strong>Manipula\u00e7\u00e3o do p\u00f3 317L<\/strong><\/p>\n<table>\n<thead>\n<tr>\n<th>Recomenda\u00e7\u00e3o<\/th>\n<th>Motivo<\/th>\n<\/tr>\n<\/thead>\n<tbody>\n<tr>\n<td>Use EPI e ventila\u00e7\u00e3o<\/td>\n<td>Evite a exposi\u00e7\u00e3o a particulados met\u00e1licos finos<\/td>\n<\/tr>\n<tr>\n<td>Garantir aterramento adequado<\/td>\n<td>Evite descargas est\u00e1ticas ao manusear<\/td>\n<\/tr>\n<tr>\n<td>Evite fontes de igni\u00e7\u00e3o<\/td>\n<td>O p\u00f3 pode se combustar em atmosfera de oxig\u00eanio<\/td>\n<\/tr>\n<tr>\n<td>Use ferramentas n\u00e3o faiscantes<\/td>\n<td>Evitar a possibilidade de igni\u00e7\u00e3o<\/td>\n<\/tr>\n<tr>\n<td>Siga os protocolos de seguran\u00e7a<\/td>\n<td>Reduza risco de queimaduras, inala\u00e7\u00e3o, ingest\u00e3o<\/td>\n<\/tr>\n<tr>\n<td>Armazenar em recipientes est\u00e1veis<\/td>\n<td>Prevenir contamina\u00e7\u00e3o ou oxida\u00e7\u00e3o<\/td>\n<\/tr>\n<\/tbody>\n<\/table>\n<p class=\"whitespace-pre-wrap\">Como o p\u00f3 de 317L \u00e9 inflam\u00e1vel, riscos de igni\u00e7\u00e3o e explos\u00e3o devem ser controlados durante o manuseio e armazenamento. Caso contr\u00e1rio, \u00e9 relativamente seguro com as precau\u00e7\u00f5es adequadas.<\/p>\n<h2>Inspe\u00e7\u00e3o e teste de p\u00f3 317L<\/h2>\n<p class=\"whitespace-pre-wrap\"><strong>Testes de P\u00f3 317L<\/strong><\/p>\n<table>\n<thead>\n<tr>\n<th>Teste<\/th>\n<th>Detalhes<\/th>\n<\/tr>\n<\/thead>\n<tbody>\n<tr>\n<td>An\u00e1lise qu\u00edmica<\/td>\n<td>ICP e XRF verificam a composi\u00e7\u00e3o<\/td>\n<\/tr>\n<tr>\n<td>Distribui\u00e7\u00e3o de Tamanho de Part\u00edcula<\/td>\n<td>A difra\u00e7\u00e3o a laser determina a distribui\u00e7\u00e3o granulom\u00e9trica<\/td>\n<\/tr>\n<tr>\n<td>Densidade Aparente<\/td>\n<td>Teste de flux\u00f4metro de efeito Hall conforme o padr\u00e3o ASTM B212<\/td>\n<\/tr>\n<tr>\n<td>Morfologia do p\u00f3<\/td>\n<td>Imagens SEM mostram o formato das part\u00edculas<\/td>\n<\/tr>\n<tr>\n<td>An\u00e1lise da taxa de fluxo<\/td>\n<td>Taxa de vaz\u00e3o por gravidade atrav\u00e9s de bicos especificados<\/td>\n<\/tr>\n<tr>\n<td>Perda ao fogo<\/td>\n<td>Determina o teor de umidade residual<\/td>\n<\/tr>\n<\/tbody>\n<\/table>\n<p class=\"whitespace-pre-wrap\">Testes rigorosos garantem que o p\u00f3 atenda a pureza qu\u00edmica exigida, caracter\u00edsticas de part\u00edculas, densidade, morfologia e escoamento de acordo com as especifica\u00e7\u00f5es aplic\u00e1veis.<\/p>\n<h2>Vantagens e Desvantagens de P\u00f3s 317L<\/h2>\n<p class=\"whitespace-pre-wrap\"><strong>**Vantagens do P\u00f3 317L**\n\n* Excelente resist\u00eancia \u00e0 corros\u00e3o\n* Boa soldabilidade\n* Alta resist\u00eancia mec\u00e2nica\n* Baixo coeficiente de expans\u00e3o t\u00e9rmica\n* Boa ductilidade e tenacidade\n* Resistente a altas temperaturas\n* Resistente \u00e0 abras\u00e3o\n* Resistente \u00e0 fadiga\n* Biocompat\u00edvel<\/strong><\/p>\n<ul class=\"list-disc pl-8 space-y-2\">\n<li class=\"whitespace-normal\">Excelente resist\u00eancia \u00e0 corros\u00e3o em muitos ambientes<\/li>\n<li class=\"whitespace-normal\">Resist\u00eancia a altas temperaturas e \u00e0 oxida\u00e7\u00e3o<\/li>\n<li class=\"whitespace-normal\">Boa ductilidade, tenacidade e soldabilidade<\/li>\n<li class=\"whitespace-normal\">Mais econ\u00f4mica que a\u00e7os austen\u00edticos de alto teor de n\u00edquel<\/li>\n<li class=\"whitespace-normal\">Facilmente mold\u00e1vel utilizando t\u00e9cnicas convencionais<\/li>\n<li class=\"whitespace-normal\">Pode ser endurecido por trabalho a frio\/quente<\/li>\n<\/ul>\n<p class=\"whitespace-pre-wrap\"><strong>Desvantagens do P\u00f3 317L<\/strong><\/p>\n<ul class=\"list-disc pl-8 space-y-2\">\n<li class=\"whitespace-normal\">Resist\u00eancia \u00e0 flu\u00eancia de alta temperatura reduzida do que alguns graus ferr\u00edticos<\/li>\n<li class=\"whitespace-normal\">Menor dureza e resist\u00eancia ao desgaste que os graus martens\u00edticos<\/li>\n<li class=\"whitespace-normal\">Suscet\u00edvel \u00e0 trinca por corros\u00e3o sob tens\u00e3o por cloreto<\/li>\n<li class=\"whitespace-normal\">Requere recozimento p\u00f3s-soldagem para prevenir sensibiliza\u00e7\u00e3o<\/li>\n<li class=\"whitespace-normal\">Capacidade limitada de conforma\u00e7\u00e3o a frio<\/li>\n<li class=\"whitespace-normal\">Descolorimento superficial ao longo do tempo em exposi\u00e7\u00e3o ao ar livre<\/li>\n<\/ul>\n<h2>Compara\u00e7\u00e3o com o P\u00f3 316L<\/h2>\n<p class=\"whitespace-pre-wrap\"><strong>P\u00f3 de A\u00e7o Inoxid\u00e1vel 317L vs 316L<\/strong><\/p>\n<table>\n<thead>\n<tr>\n<th>Par\u00e2metro<\/th>\n<th>317 L<\/th>\n<th>316L<\/th>\n<\/tr>\n<\/thead>\n<tbody>\n<tr>\n<td>Densidade<\/td>\n<td>8,0 g\/cm\u00b3<\/td>\n<td>8,0 g\/cm\u00b3<\/td>\n<\/tr>\n<tr>\n<td>For\u00e7a<\/td>\n<td>515-620 MPa<\/td>\n<td>485-550 MPa<\/td>\n<\/tr>\n<tr>\n<td>Resist\u00eancia \u00e0 corros\u00e3o<\/td>\n<td>Excelente<\/td>\n<td>Excelente<\/td>\n<\/tr>\n<tr>\n<td>Resist\u00eancia a pites<\/td>\n<td>Muito bom<\/td>\n<td>Excelente<\/td>\n<\/tr>\n<tr>\n<td>Custo<\/td>\n<td>Baixo<\/td>\n<td>Alto<\/td>\n<\/tr>\n<tr>\n<td>Utiliza\u00e7\u00f5es<\/td>\n<td>Ind\u00fastria de processo, marinha<\/td>\n<td>Qu\u00edmica, farmac\u00eautica<\/td>\n<\/tr>\n<\/tbody>\n<\/table>\n<ul class=\"list-disc pl-8 space-y-2\">\n<li class=\"whitespace-normal\">317L fornece maior resist\u00eancia a menor custo<\/li>\n<li class=\"whitespace-normal\">O 316L oferece uma melhor resist\u00eancia \u00e0 corros\u00e3o por pite<\/li>\n<li class=\"whitespace-normal\">O 317L tem boa resist\u00eancia \u00e0 corros\u00e3o sob tens\u00e3o por cloreto<\/li>\n<li class=\"whitespace-normal\">316L preferido para ambientes ultracorrosivos<\/li>\n<li class=\"whitespace-normal\">317L adequado para aplica\u00e7\u00f5es marinhas e setor nuclear<\/li>\n<\/ul>\n<h2>Perguntas frequentes sobre p\u00f3lvora 317L<\/h2>\n<p class=\"whitespace-pre-wrap\"><strong>P: Quais s\u00e3o as principais aplica\u00e7\u00f5es do p\u00f3 de a\u00e7o inoxid\u00e1vel 317L?<\/strong><\/p>\n<p class=\"whitespace-pre-wrap\">A: Aplica\u00e7\u00f5es principais incluem processamento qu\u00edmico, petroqu\u00edmico, mar\u00edtimo, nuclear, papel e celulose e arquitetura. \u00c9 usado para equipamentos como tanques, v\u00e1lvulas, tubos, bombas, eixos e revestimentos.<\/p>\n<p class=\"whitespace-pre-wrap\"><strong>P: Quais cuidados devo tomar no manuseio do p\u00f3 da 317L?<\/strong><\/p>\n<p class=\"whitespace-pre-wrap\">A: As precau\u00e7\u00f5es recomendadas incluem ventila\u00e7\u00e3o, aterramento, evitar fontes de igni\u00e7\u00e3o, usar ferramentas antifaiscantes, equipamento de prote\u00e7\u00e3o, armazenamento seguro e controle da exposi\u00e7\u00e3o \u00e0 poeira.<\/p>\n<p class=\"whitespace-pre-wrap\"><strong>P: Como o molibd\u00eanio melhora a resist\u00eancia \u00e0 corros\u00e3o do 317L?<\/strong><\/p>\n<p class=\"whitespace-pre-wrap\">A: O molibd\u00eanio aumenta a resist\u00eancia \u00e0 corros\u00e3o por pites e frestas em ambientes com cloreto. Ele estabiliza a pel\u00edcula passiva que protege a superf\u00edcie.<\/p>\n<p class=\"whitespace-pre-wrap\"><strong>**PT:** R: Qual \u00e9 a principal diferen\u00e7a entre o p\u00f3 de a\u00e7o inoxid\u00e1vel 304L e 317L?<\/strong><\/p>\n<p class=\"whitespace-pre-wrap\">O a\u00e7o 317L cont\u00e9m 3% de molibd\u00eanio, o que proporciona uma resist\u00eancia \u00e0 corros\u00e3o significativamente melhor em compara\u00e7\u00e3o com o a\u00e7o 304L, principalmente em ambientes marinhos e outros que contenham cloreto.<\/p>\n<p><\/span><\/span><\/p>","protected":false},"excerpt":{"rendered":"<p>Vis\u00e3o geral do P\u00f3 317L O p\u00f3 317L \u00e9 um p\u00f3 de a\u00e7o inoxid\u00e1vel austen\u00edtico contendo 18% de cromo, 3% de molibd\u00eanio e 0,08% de carbono. Ele oferece uma excelente combina\u00e7\u00e3o de resist\u00eancia \u00e0 corros\u00e3o, resist\u00eancia, soldabilidade e custo. As principais propriedades e vantagens do p\u00f3 317L incluem: Propriedades e Caracter\u00edsticas do P\u00f3 317L Detalhes das Propriedades Composi\u00e7\u00e3o Liga Fe-18Cr-3Mo-0,08C Densidade 8,0 g\/cc Formato das Part\u00edculas...<\/p>","protected":false},"featured_media":1837,"parent":0,"template":"","meta":{"_acf_changed":false,"_kad_blocks_custom_css":"","_kad_blocks_head_custom_js":"","_kad_blocks_body_custom_js":"","_kad_blocks_footer_custom_js":"","_kad_post_transparent":"","_kad_post_title":"","_kad_post_layout":"","_kad_post_sidebar_id":"","_kad_post_content_style":"","_kad_post_vertical_padding":"","_kad_post_feature":"","_kad_post_feature_position":"","_kad_post_header":false,"_kad_post_footer":false,"_kad_post_classname":""},"product-category":[119,122],"class_list":["post-3918","product","type-product","status-publish","has-post-thumbnail","hentry","product-category-3d-printing-metal-powder","product-category-iron-based-alloy-powder"],"acf":[],"taxonomy_info":{"product-category":[{"value":119,"label":"3D Printing Metal Powder"},{"value":122,"label":"Iron Based Alloy Powder"}]},"featured_image_src_large":["https:\/\/3dpmetal.com\/wp-content\/uploads\/2024\/02\/317L-Powder.jpg",600,600,false],"author_info":[],"comment_info":"","_links":{"self":[{"href":"https:\/\/3dpmetal.com\/pt_br\/wp-json\/wp\/v2\/product\/3918","targetHints":{"allow":["GET"]}}],"collection":[{"href":"https:\/\/3dpmetal.com\/pt_br\/wp-json\/wp\/v2\/product"}],"about":[{"href":"https:\/\/3dpmetal.com\/pt_br\/wp-json\/wp\/v2\/types\/product"}],"wp:featuredmedia":[{"embeddable":true,"href":"https:\/\/3dpmetal.com\/pt_br\/wp-json\/wp\/v2\/media\/1837"}],"wp:attachment":[{"href":"https:\/\/3dpmetal.com\/pt_br\/wp-json\/wp\/v2\/media?parent=3918"}],"wp:term":[{"taxonomy":"product-category","embeddable":true,"href":"https:\/\/3dpmetal.com\/pt_br\/wp-json\/wp\/v2\/product-category?post=3918"}],"curies":[{"name":"wp","href":"https:\/\/api.w.org\/{rel}","templated":true}]}}