{"id":3920,"date":"2024-03-18T06:10:14","date_gmt":"2024-03-18T06:10:14","guid":{"rendered":"https:\/\/3dp.45612300.xyz\/product\/d2-powder\/"},"modified":"2024-03-18T06:10:14","modified_gmt":"2024-03-18T06:10:14","slug":"d2-powder","status":"publish","type":"product","link":"https:\/\/3dpmetal.com\/pt_br\/product\/d2-powder\/","title":{"rendered":"P\u00f3 D2"},"content":{"rendered":"<p><span style=\"vertical-align: inherit;\"><span style=\"vertical-align: inherit;\"><\/p>\n<h2>Vis\u00e3o Geral do P\u00f3 D2<\/h2>\n<p class=\"whitespace-pre-wrap\">O p\u00f3 D2 \u00e9 um p\u00f3 de a\u00e7o para ferramentas de trabalho a frio que oferece uma excelente combina\u00e7\u00e3o de alta dureza, resist\u00eancia ao desgaste e tenacidade. \u00c9 uma liga vers\u00e1til de cromo-molibd\u00eanio-van\u00e1dio amplamente utilizada para prensagem em ferramentas de corte, matrizes, pe\u00e7as de precis\u00e3o e componentes de desgaste em todos os setores industriais.<\/p>\n<p class=\"whitespace-pre-wrap\">Principais propriedades e vantagens do p\u00f3 D2 incluem:<\/p>\n<p class=\"whitespace-pre-wrap\"><strong>D2 Propriedades e caracter\u00edsticas do p\u00f3<\/strong><\/p>\n<table>\n<thead>\n<tr>\n<th>Propriedades<\/th>\n<th>Detalhes<\/th>\n<\/tr>\n<\/thead>\n<tbody>\n<tr>\n<td>Composi\u00e7\u00e3o<\/td>\n<td>Liga Fe-1,5Cr-0,3C-0,4V-1Mo<\/td>\n<\/tr>\n<tr>\n<td>Densidade<\/td>\n<td>7,7 g\/cc<\/td>\n<\/tr>\n<tr>\n<td>Formas das Part\u00edculas<\/td>\n<td>Esf\u00e9rico ou irregular<\/td>\n<\/tr>\n<tr>\n<td>Tamanho da linha<\/td>\n<td>10-150 micr\u00f4metros<\/td>\n<\/tr>\n<tr>\n<td>Densidade Aparente<\/td>\n<td>At\u00e9 60% da densidade real<\/td>\n<\/tr>\n<tr>\n<td>Fluidez<\/td>\n<td>Bom<\/td>\n<\/tr>\n<tr>\n<td>Dureza<\/td>\n<td>60-62 HRC quando submetido ao tratamento t\u00e9rmico<\/td>\n<\/tr>\n<tr>\n<td>Tenacidade<\/td>\n<td>Muito bom<\/td>\n<\/tr>\n<\/tbody>\n<\/table>\n<p class=\"whitespace-pre-wrap\">A excepcional combina\u00e7\u00e3o de dureza, for\u00e7a e resist\u00eancia a impactos do D2 o torna a melhor escolha para ferramentas de trabalho a frio que precisam de vida \u00fatil prolongada.<\/p>\n<h2>Composi\u00e7\u00e3o do P\u00f3 D2<\/h2>\n<p class=\"whitespace-pre-wrap\">Composi\u00e7\u00e3o t\u00edpica do p\u00f3 de a\u00e7o ferramenta D2:<\/p>\n<p class=\"whitespace-pre-wrap\"><strong>Composi\u00e7\u00e3o do P\u00f3 D2<\/strong><\/p>\n<table>\n<thead>\n<tr>\n<th>Elemento<\/th>\n<th>% do Peso<\/th>\n<\/tr>\n<\/thead>\n<tbody>\n<tr>\n<td>Ferro (Fe)<\/td>\n<td>Equil\u00edbrio<\/td>\n<\/tr>\n<tr>\n<td>Cromo (Cr)<\/td>\n<td>11-13%<\/td>\n<\/tr>\n<tr>\n<td>Carbono (C)<\/td>\n<td>1.4-1.6%<\/td>\n<\/tr>\n<tr>\n<td>Molibd\u00eanio (Mo)<\/td>\n<td>0.75-1.2%<\/td>\n<\/tr>\n<tr>\n<td>Van\u00e1dio (V)<\/td>\n<td>0.7-1.2%<\/td>\n<\/tr>\n<tr>\n<td>Mangan\u00eas (Mn)<\/td>\n<td>0.3-0.6%<\/td>\n<\/tr>\n<tr>\n<td>Sil\u00edcio (Si)<\/td>\n<td>0.15-0.4%<\/td>\n<\/tr>\n<\/tbody>\n<\/table>\n<ul class=\"list-disc pl-8 space-y-2\">\n<li class=\"whitespace-normal\">O ferro fornece a matriz ferr\u00edtica<\/li>\n<li class=\"whitespace-normal\">O cromo contribui com a dureza e resist\u00eancia ao desgaste<\/li>\n<li class=\"whitespace-normal\">O carbono possibilita alta dureza em condi\u00e7\u00f5es tratadas termicamente<\/li>\n<li class=\"whitespace-normal\">Carbetos de molibd\u00eanio e van\u00e1dio melhoram a resist\u00eancia ao desgaste<\/li>\n<li class=\"whitespace-normal\">Mangan\u00eas e sil\u00edcio melhoram o fortalecimento em solu\u00e7\u00e3o s\u00f3lida<\/li>\n<\/ul>\n<p class=\"whitespace-pre-wrap\">A composi\u00e7\u00e3o foi concebida para atingir uma combina\u00e7\u00e3o otimizada de dureza, tenacidade e polimento necess\u00e1rio em aplica\u00e7\u00f5es de ferramentas.<\/p>\n<p><img loading=\"lazy\" decoding=\"async\" class=\"size-medium wp-image-1409 aligncenter\" src=\"https:\/\/met3dp.com\/wp-content\/uploads\/2023\/09\/ed7a94ec-3c10-4b1b-87ed--300x300.jpg\" alt=\"P\u00f3 D2\" width=\"300\" height=\"300\" title=\"\"><\/p>\n<p>&nbsp;<\/p>\n<h2>Propriedades F\u00edsicas do P\u00f3 D2<\/h2>\n<p class=\"whitespace-pre-wrap\"><strong>Propriedades F\u00edsicas do P\u00f3 D2<\/strong><\/p>\n<table>\n<thead>\n<tr>\n<th>Propriedade<\/th>\n<th>Valor<\/th>\n<\/tr>\n<\/thead>\n<tbody>\n<tr>\n<td>Densidade<\/td>\n<td>7,7 g\/cc<\/td>\n<\/tr>\n<tr>\n<td>Ponto de Fus\u00e3o<\/td>\n<td>1460-1500\u00a1\u00abC<\/td>\n<\/tr>\n<tr>\n<td>Condutividade t\u00e9rmica<\/td>\n<td>21 W\/mK<\/td>\n<\/tr>\n<tr>\n<td>Resistividade el\u00e9trica<\/td>\n<td>0,7 \u00c33\/m<\/td>\n<\/tr>\n<tr>\n<td>Temperatura de Curie<\/td>\n<td>1010\u00a1\u00abC<\/td>\n<\/tr>\n<tr>\n<td>Temperatura m\u00e1xima de servi\u00e7o<\/td>\n<td>180-200\u00baC<\/td>\n<\/tr>\n<\/tbody>\n<\/table>\n<ul class=\"list-disc pl-8 space-y-2\">\n<li class=\"whitespace-normal\">Alta densidade prov\u00ea recursos de miniaturiza\u00e7\u00e3o de componentes<\/li>\n<li class=\"whitespace-normal\">Mant\u00e9m dureza e resist\u00eancia elevadas a altas temperaturas<\/li>\n<li class=\"whitespace-normal\">Se torna paramagn\u00e9tico acima do ponto de Curie<\/li>\n<li class=\"whitespace-normal\">Temperatura de servi\u00e7o relativamente baixa devido ao efeito de t\u00eampera<\/li>\n<\/ul>\n<p class=\"whitespace-pre-wrap\">As propriedades permitem que o D2 seja utilizado em aplica\u00e7\u00f5es de ferramentas para trabalhos a frio em n\u00edveis elevados de dureza.<\/p>\n<h2>Propriedades mec\u00e2nicas do p\u00f3 D2<\/h2>\n<p class=\"whitespace-pre-wrap\"><strong>Propriedades mec\u00e2nicas do p\u00f3 D2<\/strong><\/p>\n<table>\n<thead>\n<tr>\n<th>Propriedade<\/th>\n<th>Valor<\/th>\n<\/tr>\n<\/thead>\n<tbody>\n<tr>\n<td>Dureza<\/td>\n<td>Dureza HRC 60-62<\/td>\n<\/tr>\n<tr>\n<td>Resist\u00eancia \u00e0 ruptura transversal<\/td>\n<td>1900-2100 MPa<\/td>\n<\/tr>\n<tr>\n<td>Resist\u00eancia \u00e0 Tra\u00e7\u00e3o<\/td>\n<td>2050-2200 MPa<\/td>\n<\/tr>\n<tr>\n<td>Limite de escoamento<\/td>\n<td>1700-1900 MPa<\/td>\n<\/tr>\n<tr>\n<td>alongamento<\/td>\n<td>8-11%<\/td>\n<\/tr>\n<tr>\n<td>Tenacidade ao impacto<\/td>\n<td>12-15 J\/cm2<\/td>\n<\/tr>\n<\/tbody>\n<\/table>\n<ul class=\"list-disc pl-8 space-y-2\">\n<li class=\"whitespace-normal\">Dureza excepcional quando tratado termicamente<\/li>\n<li class=\"whitespace-normal\">Resist\u00eancia muito elevada com ductilidade razo\u00e1vel<\/li>\n<li class=\"whitespace-normal\">Excelente tenacidade ao impacto para um a\u00e7o ferramenta<\/li>\n<li class=\"whitespace-normal\">Alta resist\u00eancia \u00e0 fadiga para uma vida \u00fatil mais longa da ferramenta<\/li>\n<li class=\"whitespace-normal\">Os valores de resist\u00eancia e ductilidade dependem do tratamento t\u00e9rmico<\/li>\n<\/ul>\n<p class=\"whitespace-pre-wrap\">As propriedades tornam a D2 adequada para as aplica\u00e7\u00f5es mais exigentes de usinagem e matrizes para trabalho a frio e que exigem extrema resist\u00eancia ao desgaste.<\/p>\n<h2>Aplica\u00e7\u00f5es de P\u00f3 D2<\/h2>\n<p class=\"whitespace-pre-wrap\">As aplica\u00e7\u00f5es comuns do p\u00f3 de a\u00e7o da ferramenta D2 incluem:<\/p>\n<p class=\"whitespace-pre-wrap\"><strong>Aplica\u00e7\u00f5es de P\u00f3 D2<\/strong><\/p>\n<table>\n<thead>\n<tr>\n<th>Ind\u00fastria<\/th>\n<th>Usos de Exemplo<\/th>\n<\/tr>\n<\/thead>\n<tbody>\n<tr>\n<td>Fabrica\u00e7\u00e3o<\/td>\n<td>Ferramentas de prensagem, pun\u00e7\u00e3o e matrizes.<\/td>\n<\/tr>\n<tr>\n<td>Automotivo<\/td>\n<td>Blanking, piercing, trimming e ferramentas de estampagem<\/td>\n<\/tr>\n<tr>\n<td>Aeroespacial<\/td>\n<td>Estampas de conforma\u00e7\u00e3o, fixadores<\/td>\n<\/tr>\n<tr>\n<td>Bens de consumo<\/td>\n<td>L\u00e2minas de barbear, facas, tesouras<\/td>\n<\/tr>\n<tr>\n<td>Industrial<\/td>\n<td>Matrizes de trefila\u00e7\u00e3o, matrizes de lamina\u00e7\u00e3o de roscas<\/td>\n<\/tr>\n<\/tbody>\n<\/table>\n<p class=\"whitespace-pre-wrap\">Usos espec\u00edficos do produto:<\/p>\n<ul class=\"list-disc pl-8 space-y-2\">\n<li class=\"whitespace-normal\">Matrizes de cabe\u00e7ote frio para fabrica\u00e7\u00e3o de fixadores.<\/li>\n<li class=\"whitespace-normal\">Fabrica\u00e7\u00e3o de matrizes para cunhar pe\u00e7as precisas.<\/li>\n<li class=\"whitespace-normal\">Roscas laminadas para a produ\u00e7\u00e3o de parafusos<\/li>\n<li class=\"whitespace-normal\">Desenhe, perfure, matrizes de estampagem em v\u00e1rios setores.<\/li>\n<li class=\"whitespace-normal\">Instrumentos cir\u00fargicos e cutelaria<\/li>\n<li class=\"whitespace-normal\">Ferramentas para peletiza\u00e7\u00e3o<\/li>\n<\/ul>\n<p class=\"whitespace-pre-wrap\">O D2 \u00e9 o principal a\u00e7o ferramenta em p\u00f3 preferido para ferramentas de trabalho a frio de maior durabilidade, matrizes de conforma\u00e7\u00e3o de metais e componentes de precis\u00e3o em todos os setores.<\/p>\n<h2>Especifica\u00e7\u00f5es do P\u00f3 D2<\/h2>\n<p class=\"whitespace-pre-wrap\">Principais especifica\u00e7\u00f5es para p\u00f3 de a\u00e7o ferramenta D2:<\/p>\n<p class=\"whitespace-pre-wrap\"><strong>Padr\u00f5es de p\u00f3 D2<\/strong><\/p>\n<table>\n<thead>\n<tr>\n<th>Padr\u00e3o<\/th>\n<th>Descri\u00e7\u00e3o<\/th>\n<\/tr>\n<\/thead>\n<tbody>\n<tr>\n<td>ASTM A681<\/td>\n<td>Padr\u00e3o de ligas de a\u00e7o ferramenta<\/td>\n<\/tr>\n<tr>\n<td>DIN 1.2379<\/td>\n<td>Equivalente ao AISI D2<\/td>\n<\/tr>\n<tr>\n<td>JIS G 4404<\/td>\n<td>A\u00e7os para ferramentas de trabalho a frio<\/td>\n<\/tr>\n<tr>\n<td>ISO 4957<\/td>\n<td>A\u00e7os-ferramenta<\/td>\n<\/tr>\n<tr>\n<td>GOST 5950<\/td>\n<td>Graus de a\u00e7os para ferramentas<\/td>\n<\/tr>\n<\/tbody>\n<\/table>\n<p class=\"whitespace-pre-wrap\">Definem:<\/p>\n<ul class=\"list-disc pl-8 space-y-2\">\n<li class=\"whitespace-normal\">Limites de composi\u00e7\u00e3o qu\u00edmica do a\u00e7o D2<\/li>\n<li class=\"whitespace-normal\">Propriedades mec\u00e2nicas requeridas na condi\u00e7\u00e3o de tratamento t\u00e9rmico<\/li>\n<li class=\"whitespace-normal\">Impurezas permitidas<\/li>\n<li class=\"whitespace-normal\">M\u00e9todos de produ\u00e7\u00e3o aprovados como atomiza\u00e7\u00e3o de g\u00e1s<\/li>\n<li class=\"whitespace-normal\">Protocolos de teste de conformidade<\/li>\n<li class=\"whitespace-normal\">Embalagens em geral, requisitos de identifica\u00e7\u00e3o<\/li>\n<\/ul>\n<p class=\"whitespace-pre-wrap\">A fabrica\u00e7\u00e3o do p\u00f3 D2 de acordo com essas especifica\u00e7\u00f5es garante sua adequa\u00e7\u00e3o para aplica\u00e7\u00f5es de ferramentas que exigem m\u00e1xima resist\u00eancia ao desgaste, tenacidade ao impacto e estabilidade dimensional.<\/p>\n<h2>Tamanho das Part\u00edculas em P\u00f3 D2<\/h2>\n<p class=\"whitespace-pre-wrap\"><strong>Distribui\u00e7\u00e3o do Tamanho de Part\u00edcula do P\u00f3 D2<\/strong><\/p>\n<table>\n<thead>\n<tr>\n<th>Tamanho das part\u00edculas<\/th>\n<th>Caracter\u00edsticas<\/th>\n<\/tr>\n<\/thead>\n<tbody>\n<tr>\n<td>10-22 mi\u0301crons<\/td>\n<td>Grau ultrafino fornece a maior densidade<\/td>\n<\/tr>\n<tr>\n<td>22-53 m\u00edcrons<\/td>\n<td>Faixa de tamanhos mais comumente usada<\/td>\n<\/tr>\n<tr>\n<td>53-105 micras<\/td>\n<td>Tamanho mais grosso fornece boa fluidez<\/td>\n<\/tr>\n<\/tbody>\n<\/table>\n<ul class=\"list-disc pl-8 space-y-2\">\n<li class=\"whitespace-normal\">Part\u00edculas mais finas permitem uma maior densifica\u00e7\u00e3o durante a sinteriza\u00e7\u00e3o<\/li>\n<li class=\"whitespace-normal\">Part\u00edculas mais grossas melhoram o fluxo de p\u00f3 para as cavidades do molde<\/li>\n<li class=\"whitespace-normal\">Tamanho selecionado com base nas propriedades finais das pe\u00e7as necess\u00e1rias<\/li>\n<li class=\"whitespace-normal\">Part\u00edculas atomizadas por g\u00e1s e \u00e1gua usadas.<\/li>\n<\/ul>\n<p class=\"whitespace-pre-wrap\">O controle da distribui\u00e7\u00e3o do tamanho otimiza o comportamento da prensagem, a densidade sinterizada e o desempenho do componente final.<\/p>\n<h2>Densidade Aparente do P\u00f3 D2<\/h2>\n<p class=\"whitespace-pre-wrap\"><strong>Densidade Aparente do P\u00f3 D2<\/strong><\/p>\n<table>\n<thead>\n<tr>\n<th>Densidade Aparente<\/th>\n<th>Detalhes<\/th>\n<\/tr>\n<\/thead>\n<tbody>\n<tr>\n<td>At\u00e9 60% da densidade real<\/td>\n<td>Para morfologia de p\u00f3 esf\u00e9rico<\/td>\n<\/tr>\n<tr>\n<td>4,5-5,5 g\/cc t\u00edpico<\/td>\n<td>Maior densidade melhora o fluxo e a compressibilidade<\/td>\n<\/tr>\n<\/tbody>\n<\/table>\n<ul class=\"list-disc pl-8 space-y-2\">\n<li class=\"whitespace-normal\">Formato esf\u00e9rico do p\u00f3 garante alta densidade aparente<\/li>\n<li class=\"whitespace-normal\">P\u00f3 irregular tem densidade mais baixa em cerca de 50%<\/li>\n<li class=\"whitespace-normal\">Densidade aparente maior melhora a efici\u00eancia de preenchimento<\/li>\n<li class=\"whitespace-normal\">Permite compacta\u00e7\u00e3o mais f\u00e1cil em geometrias de ferramentas complexas<\/li>\n<\/ul>\n<p class=\"whitespace-pre-wrap\">Maior densidade aparente leva \u00e0 melhor produtividade de fabrica\u00e7\u00e3o e qualidade dos componentes.<\/p>\n<h2>M\u00e9todo de produ\u00e7\u00e3o do p\u00f3 D2<\/h2>\n<p class=\"whitespace-pre-wrap\"><strong>Produ\u00e7\u00e3o do P\u00f3 D2<\/strong><\/p>\n<table>\n<thead>\n<tr>\n<th>M\u00e9todo<\/th>\n<th>Detalhes<\/th>\n<\/tr>\n<\/thead>\n<tbody>\n<tr>\n<td>Atomiza\u00e7\u00e3o a g\u00e1s<\/td>\n<td>G\u00e1s inerte de alta press\u00e3o quebra fluxo de liga derretida em gotas finas<\/td>\n<\/tr>\n<tr>\n<td>Derretimento a v\u00e1cuo por indu\u00e7\u00e3o<\/td>\n<td>Entrada de materiais de alta pureza fundidos a v\u00e1cuo<\/td>\n<\/tr>\n<tr>\n<td>Re-fus\u00e3o m\u00faltipla<\/td>\n<td>Melhora a homogeneidade qu\u00edmica<\/td>\n<\/tr>\n<tr>\n<td>Peneiramento<\/td>\n<td>Classifica o p\u00f3 em diferentes fra\u00e7\u00f5es de tamanho de part\u00edcula<\/td>\n<\/tr>\n<\/tbody>\n<\/table>\n<ul class=\"list-disc pl-8 space-y-2\">\n<li class=\"whitespace-normal\">A atomiza\u00e7\u00e3o de g\u00e1s fornece formato de p\u00f3 esf\u00e9rico<\/li>\n<li class=\"whitespace-normal\">A fus\u00e3o a v\u00e1cuo elimina impurezas gasosas<\/li>\n<li class=\"whitespace-normal\">M\u00faltiplas refundi\u00e7\u00f5es aprimoram a uniformidade<\/li>\n<li class=\"whitespace-normal\">P\u00f3s-processamento permite personalizar o tamanho das part\u00edculas<\/li>\n<\/ul>\n<p class=\"whitespace-pre-wrap\">Processos totalmente automatizados combinados a um rigoroso controle de qualidade garantem as propriedades consistentes e confi\u00e1veis do p\u00f3 D2, cr\u00edticas para o desempenho do ferramental.<\/p>\n<h2>Pre\u00e7os de P\u00f3s D2<\/h2>\n<p class=\"whitespace-pre-wrap\"><strong>Pre\u00e7os de P\u00f3s D2<\/strong><\/p>\n<table>\n<thead>\n<tr>\n<th>Fator<\/th>\n<th>Impacto no Pre\u00e7o<\/th>\n<\/tr>\n<\/thead>\n<tbody>\n<tr>\n<td>Pureza de grau<\/td>\n<td>Maior pureza aumenta o custo<\/td>\n<\/tr>\n<tr>\n<td>Tamanho das part\u00edculas<\/td>\n<td>P\u00f3 ultrafino mais caro<\/td>\n<\/tr>\n<tr>\n<td>Quantidade do Pedido<\/td>\n<td>O pre\u00e7o cai com maior volume<\/td>\n<\/tr>\n<tr>\n<td>Propriedades do p\u00f3<\/td>\n<td>O p\u00f3 de maior densidade custa mais<\/td>\n<\/tr>\n<tr>\n<td>Servi\u00e7os adicionais<\/td>\n<td>Customiza\u00e7\u00e3o aumenta o custo<\/td>\n<\/tr>\n<\/tbody>\n<\/table>\n<p class=\"whitespace-pre-wrap\"><strong>Pre\u00e7os indicativos<\/strong><\/p>\n<ul class=\"list-disc pl-8 space-y-2\">\n<li class=\"whitespace-normal\">P\u00f3 esf\u00e9rico D2: R$15-25 o Kg<\/li>\n<li class=\"whitespace-normal\">P\u00f3 irregular D2: R$ 10-20 por kg<\/li>\n<li class=\"whitespace-normal\">O pre\u00e7o por volume pode ser 40% menor<\/li>\n<\/ul>\n<p class=\"whitespace-pre-wrap\">O pre\u00e7o depende da pureza, tamanho e forma das part\u00edculas, quantidade do pedido, densidade e qualquer personaliza\u00e7\u00e3o adicional.<\/p>\n<h2>Fornecedores de p\u00f3 D2<\/h2>\n<p class=\"whitespace-pre-wrap\"><strong>Fornecedores de p\u00f3 D2<\/strong><\/p>\n<table>\n<thead>\n<tr>\n<th>Empresa<\/th>\n<th>Localiza\u00e7\u00e3o<\/th>\n<\/tr>\n<\/thead>\n<tbody>\n<tr>\n<td>H\u00e4agen-Dazs<\/td>\n<td>Su\u00e9cia<\/td>\n<\/tr>\n<tr>\n<td>Erasteel<\/td>\n<td>EUA, Europa<\/td>\n<\/tr>\n<tr>\n<td>Carpenter Carpenter P\u00f3 Produtos<\/td>\n<td>Estados Unidos<\/td>\n<\/tr>\n<tr>\n<td>Sandvik Osprey<\/td>\n<td>Reino Unido<\/td>\n<\/tr>\n<tr>\n<td>Jingdong Novo Material<\/td>\n<td>China<\/td>\n<\/tr>\n<tr>\n<td>CNPC Powders<\/td>\n<td>China<\/td>\n<\/tr>\n<\/tbody>\n<\/table>\n<p class=\"whitespace-pre-wrap\">Fatores-chave na sele\u00e7\u00e3o de fornecedores:<\/p>\n<ul class=\"list-disc pl-8 space-y-2\">\n<li class=\"whitespace-normal\">Graus de p\u00f3 oferecidos<\/li>\n<li class=\"whitespace-normal\">capacidade de produ\u00e7\u00e3o<\/li>\n<li class=\"whitespace-normal\">Distribui\u00e7\u00e3o de Tamanho de Part\u00edcula<\/li>\n<li class=\"whitespace-normal\">Caracteriza\u00e7\u00e3o e teste de p\u00f3s<\/li>\n<li class=\"whitespace-normal\">Pre\u00e7o e quantidade m\u00ednima para pedidos<\/li>\n<li class=\"whitespace-normal\">Embalagem e prazos de entrega<\/li>\n<li class=\"whitespace-normal\">Suporte t\u00e9cnico ao cliente<\/li>\n<\/ul>\n<h2>Armazenamento e manuseio de p\u00f3 D2<\/h2>\n<p class=\"whitespace-pre-wrap\"><strong>Manuseio de p\u00f3 D2<\/strong><\/p>\n<table>\n<thead>\n<tr>\n<th>Recomenda\u00e7\u00e3o<\/th>\n<th>Motivo<\/th>\n<\/tr>\n<\/thead>\n<tbody>\n<tr>\n<td>Garantir ventila\u00e7\u00e3o adequada<\/td>\n<td>Evite a exposi\u00e7\u00e3o a part\u00edculas finas de metal<\/td>\n<\/tr>\n<tr>\n<td>Use equipamentos de prote\u00e7\u00e3o<\/td>\n<td>Evite a ingest\u00e3o acidental<\/td>\n<\/tr>\n<tr>\n<td>Aterrar todos os equipamentos<\/td>\n<td>Evitar fa\u00edscas est\u00e1ticas<\/td>\n<\/tr>\n<tr>\n<td>Evite fontes de igni\u00e7\u00e3o<\/td>\n<td>Risco de poeira inflam\u00e1vel<\/td>\n<\/tr>\n<tr>\n<td>Use ferramentas n\u00e3o faiscantes<\/td>\n<td>Evitar a igni\u00e7\u00e3o durante o manuseamento<\/td>\n<\/tr>\n<tr>\n<td>Siga protocolos seguros<\/td>\n<td>Reduza os riscos de inc\u00eandio, explos\u00e3o e sa\u00fade.<\/td>\n<\/tr>\n<\/tbody>\n<\/table>\n<p class=\"whitespace-pre-wrap\"><strong>Recomenda\u00e7\u00f5es de armazenamento<\/strong><\/p>\n<ul class=\"list-disc pl-8 space-y-2\">\n<li class=\"whitespace-normal\">Mantenha os recipientes lacrados em um local fresco e seco<\/li>\n<li class=\"whitespace-normal\">Limite exposi\u00e7\u00e3o \u00e0 umidade, \u00e1cidos, cloretos<\/li>\n<li class=\"whitespace-normal\">Mantenha as temperaturas abaixo dos 27\u00a1\u00abC<\/li>\n<\/ul>\n<p class=\"whitespace-pre-wrap\">Precau\u00e7\u00f5es adequadas durante o manuseio e armazenamento ajudam a preservar a pureza e prevenir riscos \u00e0 sa\u00fade ou inc\u00eandio.<\/p>\n<h2>D2 Inspe\u00e7\u00e3o e Teste de P\u00f3<\/h2>\n<p class=\"whitespace-pre-wrap\"><strong>Teste de P\u00f3 D2<\/strong><\/p>\n<table>\n<thead>\n<tr>\n<th>Teste<\/th>\n<th>Detalhes<\/th>\n<\/tr>\n<\/thead>\n<tbody>\n<tr>\n<td>An\u00e1lise qu\u00edmica<\/td>\n<td>Verifica a composi\u00e7\u00e3o usando espectroscopia \u00f3ptica ou ICP<\/td>\n<\/tr>\n<tr>\n<td>Distribui\u00e7\u00e3o de Tamanho de Part\u00edcula<\/td>\n<td>Determina tamanhos utilizando difra\u00e7\u00e3o a laser ou peneiramento<\/td>\n<\/tr>\n<tr>\n<td>Densidade Aparente<\/td>\n<td>Medido usando um flux\u00f4metro Hall, conforme ASTM B212<\/td>\n<\/tr>\n<tr>\n<td>Morfologia do p\u00f3<\/td>\n<td>Imagem SEM para determinar a forma da part\u00edcula<\/td>\n<\/tr>\n<tr>\n<td>An\u00e1lise da taxa de fluxo<\/td>\n<td>Taxa de fluxo gravitacional atrav\u00e9s de funil especificado<\/td>\n<\/tr>\n<tr>\n<td>Teste de densidade batida<\/td>\n<td>Densidade medida ap\u00f3s compacta\u00e7\u00e3o mec\u00e2nica da amostra de p\u00f3<\/td>\n<\/tr>\n<\/tbody>\n<\/table>\n<p class=\"whitespace-pre-wrap\">O teste garante que o p\u00f3 atende \u00e0s especifica\u00e7\u00f5es de composi\u00e7\u00e3o qu\u00edmica, caracter\u00edsticas f\u00edsicas, distribui\u00e7\u00e3o de tamanho de part\u00edcula, morfologia, densidade e taxa de fluxo exigidas.<\/p>\n<h2>Pr\u00f3s e Contras do P\u00f3 D2<\/h2>\n<p class=\"whitespace-pre-wrap\"><strong>Vantagens do P\u00f3 D2<\/strong><\/p>\n<ul class=\"list-disc pl-8 space-y-2\">\n<li class=\"whitespace-normal\">Dureza excepcional quando tratado termicamente<\/li>\n<li class=\"whitespace-normal\">Excelente resistencia ao desgaste e \u00e0 abras\u00e3o<\/li>\n<li class=\"whitespace-normal\">Resist\u00eancia muito elevada combinada com boa tenacidade ao impacto<\/li>\n<li class=\"whitespace-normal\">Estabilidade dimensional em servi\u00e7o de trabalho a frio<\/li>\n<li class=\"whitespace-normal\">Boa triturabilidade comparada a outros a\u00e7os para ferramentas<\/li>\n<li class=\"whitespace-normal\">Custo relativamente baixo<\/li>\n<\/ul>\n<p class=\"whitespace-pre-wrap\"><strong>Limitaciones do P\u00f3 D2<\/strong><\/p>\n<ul class=\"list-disc pl-8 space-y-2\">\n<li class=\"whitespace-normal\">Resist\u00eancia \u00e0 corros\u00e3o moderada sem tratamento superficial<\/li>\n<li class=\"whitespace-normal\">Resist\u00eancia limitada a altas temperaturas e a de forma\u00e7\u00e3o<\/li>\n<li class=\"whitespace-normal\">Requer tratamento t\u00e9rmico cuidadoso por fornecedores experientes<\/li>\n<li class=\"whitespace-normal\">N\u00e3o sold\u00e1vel usando m\u00e9todos convencionais de soldagem<\/li>\n<li class=\"whitespace-normal\">Grandes se\u00e7\u00f5es podem experimentar fragilidade<\/li>\n<li class=\"whitespace-normal\">O modo de fratura fr\u00e1gil limita a conformabilidade a frio<\/li>\n<\/ul>\n<h2>Compara\u00e7\u00e3o com o P\u00f3 de A\u00e7o da Ferramenta S7<\/h2>\n<p class=\"whitespace-pre-wrap\"><strong>P\u00f3 de a\u00e7o de ferramenta D2 vs S7<\/strong><\/p>\n<table>\n<thead>\n<tr>\n<th>Par\u00e2metro<\/th>\n<th>D2<\/th>\n<th>S7<\/th>\n<\/tr>\n<\/thead>\n<tbody>\n<tr>\n<td>Dureza<\/td>\n<td>Dureza HRC 60-62<\/td>\n<td>63-65 HRC<\/td>\n<\/tr>\n<tr>\n<td>Tenacidade<\/td>\n<td>Muito bom<\/td>\n<td>Bom<\/td>\n<\/tr>\n<tr>\n<td>Resist\u00eancia ao desgaste<\/td>\n<td>Excelente<\/td>\n<td>Excelente<\/td>\n<\/tr>\n<tr>\n<td>Resist\u00eancia \u00e0 corros\u00e3o<\/td>\n<td>Moderado<\/td>\n<td>Baixo<\/td>\n<\/tr>\n<tr>\n<td>Resist\u00eancia \u00e0 Fria<\/td>\n<td>Excelente<\/td>\n<td>Muito bom<\/td>\n<\/tr>\n<tr>\n<td>Custo<\/td>\n<td>Baixo<\/td>\n<td>Alto<\/td>\n<\/tr>\n<\/tbody>\n<\/table>\n<ul class=\"list-disc pl-8 space-y-2\">\n<li class=\"whitespace-normal\">O D2 tem um pouco menos de dureza, mas muito mais resist\u00eancia<\/li>\n<li class=\"whitespace-normal\">S7 apresenta a m\u00e1xima resist\u00eancia ao desgaste<\/li>\n<li class=\"whitespace-normal\">O D2 tem maior resist\u00eancia \u00e0 corros\u00e3o sem revestimento<\/li>\n<li class=\"whitespace-normal\">A S7 possui maior dureza a quente e resist\u00eancia mec\u00e2nica a quente<\/li>\n<li class=\"whitespace-normal\">O D2 \u00e9 mais econ\u00f4mico<\/li>\n<\/ul>\n<h2>FAQ do P\u00f3 D2<\/h2>\n<p class=\"whitespace-pre-wrap\"><strong>P: Quais s\u00e3o as principais aplica\u00e7\u00f5es do p\u00f3 de a\u00e7o ferramenta D2?<\/strong><\/p>\n<p class=\"whitespace-pre-wrap\">A: As principais aplica\u00e7\u00f5es incluem ferramentas de prensagem a frio, matrizes de corte e estampagem, matrizes de fabrica\u00e7\u00e3o de moedas, matrizes de lamina\u00e7\u00e3o de roscas, ferramentas cir\u00fargicas, facas, facas industriais e eixos e pinos retificados de precis\u00e3o.<\/p>\n<p class=\"whitespace-pre-wrap\"><strong>P: Qual tratamento t\u00e9rmico \u00e9 usado para p\u00f3 de a\u00e7o de ferramenta D2?<\/strong><\/p>\n<p class=\"whitespace-pre-wrap\">O D2 \u00e9 normalmente tratado termicamente por austenitiza\u00e7\u00e3o a 1010-1040 \u00baC, t\u00eampera em \u00f3leo ou ar e revenimento a 150-350 \u00baC para obter uma dureza de 60-62 HRC.<\/p>\n<p class=\"whitespace-pre-wrap\"><strong>P: Como o van\u00e1dio melhora as propriedades do a\u00e7o D2?<\/strong><\/p>\n<p class=\"whitespace-pre-wrap\">R: Van\u00e1dio forma carbonetos refinados com ferro e cr\u00f4mio que transmitem resist\u00eancia significativa ao desgaste e \u00e0 abras\u00e3o, enquanto aprimora tamb\u00e9m a resist\u00eancia ao impacto.<\/p>\n<p class=\"whitespace-pre-wrap\"><strong>P: Que precau\u00e7\u00f5es devem ser tomadas ao trabalhar com o p\u00f3 D2?<\/strong><\/p>\n<p class=\"whitespace-pre-wrap\">R: Precau\u00e7\u00f5es recomendadas incluem ventila\u00e7\u00e3o, atmosfera inerte, evitar fontes de igni\u00e7\u00e3o, aterramento do equipamento, uso de ferramentas antifaiscantes, equipamento de prote\u00e7\u00e3o e armazenamento seguro longe de umidade ou contamina\u00e7\u00e3o.<\/p>\n<p><\/span><\/span><\/p>","protected":false},"excerpt":{"rendered":"<p>Vis\u00e3o geral do P\u00f3 D2: O p\u00f3 D2 \u00e9 um a\u00e7o para ferramentas de trabalho a frio que oferece uma excelente combina\u00e7\u00e3o de alta dureza, resist\u00eancia ao desgaste e tenacidade. \u00c9 uma liga vers\u00e1til de cromo-molibd\u00eanio-van\u00e1dio amplamente utilizada para moldagem em ferramentas de corte, matrizes, pe\u00e7as de precis\u00e3o e componentes de desgaste em diversos setores industriais. As principais propriedades e vantagens do p\u00f3 D2 incluem: D2&#8230;<\/p>","protected":false},"featured_media":1841,"parent":0,"template":"","meta":{"_acf_changed":false,"_kad_blocks_custom_css":"","_kad_blocks_head_custom_js":"","_kad_blocks_body_custom_js":"","_kad_blocks_footer_custom_js":"","_kad_post_transparent":"","_kad_post_title":"","_kad_post_layout":"","_kad_post_sidebar_id":"","_kad_post_content_style":"","_kad_post_vertical_padding":"","_kad_post_feature":"","_kad_post_feature_position":"","_kad_post_header":false,"_kad_post_footer":false,"_kad_post_classname":""},"product-category":[119,122],"class_list":["post-3920","product","type-product","status-publish","has-post-thumbnail","hentry","product-category-3d-printing-metal-powder","product-category-iron-based-alloy-powder"],"acf":[],"taxonomy_info":{"product-category":[{"value":119,"label":"3D Printing Metal Powder"},{"value":122,"label":"Iron Based Alloy Powder"}]},"featured_image_src_large":["https:\/\/3dpmetal.com\/wp-content\/uploads\/2024\/02\/ed7a94ec-3c10-4b1b-87ed-.jpg",600,600,false],"author_info":[],"comment_info":"","_links":{"self":[{"href":"https:\/\/3dpmetal.com\/pt_br\/wp-json\/wp\/v2\/product\/3920","targetHints":{"allow":["GET"]}}],"collection":[{"href":"https:\/\/3dpmetal.com\/pt_br\/wp-json\/wp\/v2\/product"}],"about":[{"href":"https:\/\/3dpmetal.com\/pt_br\/wp-json\/wp\/v2\/types\/product"}],"wp:featuredmedia":[{"embeddable":true,"href":"https:\/\/3dpmetal.com\/pt_br\/wp-json\/wp\/v2\/media\/1841"}],"wp:attachment":[{"href":"https:\/\/3dpmetal.com\/pt_br\/wp-json\/wp\/v2\/media?parent=3920"}],"wp:term":[{"taxonomy":"product-category","embeddable":true,"href":"https:\/\/3dpmetal.com\/pt_br\/wp-json\/wp\/v2\/product-category?post=3920"}],"curies":[{"name":"wp","href":"https:\/\/api.w.org\/{rel}","templated":true}]}}