{"id":3921,"date":"2024-03-18T06:10:14","date_gmt":"2024-03-18T06:10:14","guid":{"rendered":"https:\/\/3dp.45612300.xyz\/product\/s2-powder\/"},"modified":"2024-03-18T06:10:14","modified_gmt":"2024-03-18T06:10:14","slug":"s2-powder","status":"publish","type":"product","link":"https:\/\/3dpmetal.com\/pt_br\/product\/s2-powder\/","title":{"rendered":"P\u00f3 S2"},"content":{"rendered":"<p><span style=\"vertical-align: inherit;\"><span style=\"vertical-align: inherit;\"><\/p>\n<h2>Vis\u00e3o geral do p\u00f3 S2<\/h2>\n<p class=\"whitespace-pre-wrap\">O p\u00f3 S2 \u00e9 um p\u00f3 de a\u00e7o ferramenta de alta velocidade ideal para fazer ferramentas de corte que requerem alta dureza, resist\u00eancia e resist\u00eancia ao desgaste em altas temperaturas. Cont\u00e9m tungst\u00eanio, molibd\u00eanio, van\u00e1dio e outras ligas que proporcionam excelente dureza a quente e resist\u00eancia \u00e0 fadiga t\u00e9rmica.<\/p>\n<p class=\"whitespace-pre-wrap\">Propriedades e vantagens importantes do p\u00f3 S2:<\/p>\n<p class=\"whitespace-pre-wrap\"><strong>S2 Propriedades e Caracter\u00edsticas dos P\u00f3s<\/strong><\/p>\n<table>\n<thead>\n<tr>\n<th>Propriedades<\/th>\n<th>Detalhes<\/th>\n<\/tr>\n<\/thead>\n<tbody>\n<tr>\n<td>Composi\u00e7\u00e3o<\/td>\n<td>Liga Fe-1C-5Cr-2,35Mo-6,4W-1,4V-2Si<\/td>\n<\/tr>\n<tr>\n<td>Densidade<\/td>\n<td>7,7 g\/cc<\/td>\n<\/tr>\n<tr>\n<td>Formas das Part\u00edculas<\/td>\n<td>Irregular, angular<\/td>\n<\/tr>\n<tr>\n<td>Tamanho da linha<\/td>\n<td>10-150 micr\u00f4metros<\/td>\n<\/tr>\n<tr>\n<td>Densidade Aparente<\/td>\n<td>At\u00e9 50% de densidade real<\/td>\n<\/tr>\n<tr>\n<td>Fluidez<\/td>\n<td>Baixa a moderada<\/td>\n<\/tr>\n<tr>\n<td>Dureza<\/td>\n<td>62-64 HRC quando temperado<\/td>\n<\/tr>\n<tr>\n<td>Tenacidade<\/td>\n<td>Muito bom<\/td>\n<\/tr>\n<\/tbody>\n<\/table>\n<p class=\"whitespace-pre-wrap\">O p\u00f3 S2 produz ferramentas de corte, matrizes e componentes de m\u00e1quinas com vida \u00fatil prolongada sob condi\u00e7\u00f5es constantes de alta temperatura e cargas de choque intermitentes.<\/p>\n<h2>S2 Composi\u00e7\u00e3o do P\u00f3<\/h2>\n<p class=\"whitespace-pre-wrap\">Composi\u00e7\u00e3o t\u00edpica do p\u00f3s de a\u00e7o r\u00e1pido S2:<\/p>\n<p class=\"whitespace-pre-wrap\"><strong>S2 Composi\u00e7\u00e3o do P\u00f3<\/strong><\/p>\n<table>\n<thead>\n<tr>\n<th>Elemento<\/th>\n<th>% do Peso<\/th>\n<\/tr>\n<\/thead>\n<tbody>\n<tr>\n<td>Ferro (Fe)<\/td>\n<td>Equil\u00edbrio<\/td>\n<\/tr>\n<tr>\n<td>Carbono (C)<\/td>\n<td>0.9-1.2%<\/td>\n<\/tr>\n<tr>\n<td>Cromo (Cr)<\/td>\n<td>3.8-4.5%<\/td>\n<\/tr>\n<tr>\n<td>Tungst\u00eanio (W)<\/td>\n<td>6.4%<\/td>\n<\/tr>\n<tr>\n<td>Molibd\u00eanio (Mo)<\/td>\n<td>1.9-2.2%<\/td>\n<\/tr>\n<tr>\n<td>Van\u00e1dio (V)<\/td>\n<td>1.3-1.6%<\/td>\n<\/tr>\n<tr>\n<td>Mangan\u00eas (Mn)<\/td>\n<td>0.2-0.5%<\/td>\n<\/tr>\n<tr>\n<td>Sil\u00edcio (Si)<\/td>\n<td>0.9-1.4%<\/td>\n<\/tr>\n<\/tbody>\n<\/table>\n<ul class=\"list-disc pl-8 space-y-2\">\n<li class=\"whitespace-normal\">O ferro fornece a matriz ferr\u00edtica<\/li>\n<li class=\"whitespace-normal\">Carbono, tungst\u00eanio e cromo formam carbonetos duros<\/li>\n<li class=\"whitespace-normal\">Van\u00e1dio e molibd\u00eanio melhoram a resist\u00eancia ao desgaste<\/li>\n<li class=\"whitespace-normal\">Mangan\u00eas e sil\u00edcio facilitam a usinabilidade<\/li>\n<\/ul>\n<p class=\"whitespace-pre-wrap\">A composi\u00e7\u00e3o \u00e9 otimizada para atingir uma combina\u00e7\u00e3o excepcional de dureza em alta temperatura, dureza em vermelho e tenacidade, necess\u00e1rias para aplica\u00e7\u00f5es de usinagem de alta velocidade.<\/p>\n<p><img loading=\"lazy\" decoding=\"async\" class=\"size-medium wp-image-1409 aligncenter\" src=\"https:\/\/met3dp.com\/wp-content\/uploads\/2023\/09\/ed7a94ec-3c10-4b1b-87ed--300x300.jpg\" alt=\"P\u00f3 S2\" width=\"300\" height=\"300\" title=\"\"><\/p>\n<h2>Propriedades f\u00edsicas do p\u00f3 S2<\/h2>\n<p class=\"whitespace-pre-wrap\"><strong>Propriedades f\u00edsicas do p\u00f3 S2<\/strong><\/p>\n<table>\n<thead>\n<tr>\n<th>Propriedade<\/th>\n<th>Valores<\/th>\n<\/tr>\n<\/thead>\n<tbody>\n<tr>\n<td>Densidade<\/td>\n<td>7,7 g\/cc<\/td>\n<\/tr>\n<tr>\n<td>Ponto de Fus\u00e3o<\/td>\n<td>1320-1350\u00a1\u00abC<\/td>\n<\/tr>\n<tr>\n<td>Condutividade t\u00e9rmica<\/td>\n<td>37 W\/mK<\/td>\n<\/tr>\n<tr>\n<td>Resistividade el\u00e9trica<\/td>\n<td>0,6 \u00c3\u2014 10\u207b\u2076 m<\/td>\n<\/tr>\n<tr>\n<td>Temperatura m\u00e1xima de servi\u00e7o<\/td>\n<td>600\u00a1\u00abC<\/td>\n<\/tr>\n<tr>\n<td>Temperatura de Curie<\/td>\n<td>770\u00a1\u00abC<\/td>\n<\/tr>\n<\/tbody>\n<\/table>\n<ul class=\"list-disc pl-8 space-y-2\">\n<li class=\"whitespace-normal\">A alta densidade permite componentes miniaturizados<\/li>\n<li class=\"whitespace-normal\">Ret\u00e9m dureza e resist\u00eancia em temperaturas elevadas<\/li>\n<li class=\"whitespace-normal\">Se torna paramagn\u00e9tico acima do ponto de Curie<\/li>\n<li class=\"whitespace-normal\">Podem suportar servi\u00e7o prolongado at\u00e9 600\u00a1\u00abC<\/li>\n<li class=\"whitespace-normal\">Boa condutividade t\u00e9rmica reduz tens\u00f5es de expans\u00e3o t\u00e9rmica<\/li>\n<\/ul>\n<p class=\"whitespace-pre-wrap\">Estas propriedades oferecem uma combina\u00e7\u00e3o equilibrada de dureza a quente e resist\u00eancia ao choque t\u00e9rmico exigidas nas aplica\u00e7\u00f5es de usinagem em alta velocidade.<\/p>\n<h2>S2 Propriedades Mec\u00e2nicas em P\u00f3<\/h2>\n<p class=\"whitespace-pre-wrap\"><strong>S2 Propriedades Mec\u00e2nicas em P\u00f3<\/strong><\/p>\n<table>\n<thead>\n<tr>\n<th>Propriedade<\/th>\n<th>Valores<\/th>\n<\/tr>\n<\/thead>\n<tbody>\n<tr>\n<td>Dureza<\/td>\n<td>62-64 HRC<\/td>\n<\/tr>\n<tr>\n<td>Resist\u00eancia \u00e0 ruptura transversal<\/td>\n<td>4500-4800 MPa<\/td>\n<\/tr>\n<tr>\n<td>Resist\u00eancia \u00e0 compress\u00e3o<\/td>\n<td>3800-4100 MPa<\/td>\n<\/tr>\n<tr>\n<td>Resist\u00eancia \u00e0 Tra\u00e7\u00e3o<\/td>\n<td>2050-2250 MPa<\/td>\n<\/tr>\n<tr>\n<td>Limite de escoamento<\/td>\n<td>1930-2050 MPa<\/td>\n<\/tr>\n<tr>\n<td>alongamento<\/td>\n<td>8-10%<\/td>\n<\/tr>\n<tr>\n<td>Tenacidade ao impacto<\/td>\n<td>10-14 J\/cm\u00b2<\/td>\n<\/tr>\n<\/tbody>\n<\/table>\n<ul class=\"list-disc pl-8 space-y-2\">\n<li class=\"whitespace-normal\">Dureza excepcional quando tratado termicamente<\/li>\n<li class=\"whitespace-normal\">Alta resist\u00eancia com ductilidade razo\u00e1vel<\/li>\n<li class=\"whitespace-normal\">\u00d3tima resist\u00eancia \u00e0 compress\u00e3o e \u00e0 flex\u00e3o transversal<\/li>\n<li class=\"whitespace-normal\">Excelente dureza vermelha em temperaturas elevadas<\/li>\n<li class=\"whitespace-normal\">A resist\u00eancia depende do processo de tratamento t\u00e9rmico<\/li>\n<\/ul>\n<p class=\"whitespace-pre-wrap\">O p\u00f3 S2 produz ferramentas de corte e matrizes com dureza, resist\u00eancia e propriedades t\u00e9rmicas necess\u00e1rias para usinar materiais desafiadores em altas velocidades e temperaturas.<\/p>\n<h2>Aplica\u00e7\u00f5es de S2 em P\u00f3<\/h2>\n<p class=\"whitespace-pre-wrap\">As aplica\u00e7\u00f5es t\u00edpicas do p\u00f3 de a\u00e7o r\u00e1pido S2 incluem:<\/p>\n<p class=\"whitespace-pre-wrap\"><strong>Aplica\u00e7\u00f5es de S2 em P\u00f3<\/strong><\/p>\n<table>\n<thead>\n<tr>\n<th>Ind\u00fastria<\/th>\n<th>Usos de Exemplo<\/th>\n<\/tr>\n<\/thead>\n<tbody>\n<tr>\n<td>Automotivo<\/td>\n<td>Ferramentas de corte e fresagem.<\/td>\n<\/tr>\n<tr>\n<td>Aeroespacial<\/td>\n<td>Brocas, fresas<\/td>\n<\/tr>\n<tr>\n<td>Fabrica\u00e7\u00e3o<\/td>\n<td>Socos, matrizes de forma\u00e7\u00e3o<\/td>\n<\/tr>\n<tr>\n<td>Petr\u00f3leo e g\u00e1s<\/td>\n<td>Ferramentas de fundo de po\u00e7o, brocas<\/td>\n<\/tr>\n<tr>\n<td>Usinagem geral<\/td>\n<td>Ferramentas de torneamento, mandrilamento e aplainamento<\/td>\n<\/tr>\n<\/tbody>\n<\/table>\n<p class=\"whitespace-pre-wrap\">Usos espec\u00edficos do produto:<\/p>\n<ul class=\"list-disc pl-8 space-y-2\">\n<li class=\"whitespace-normal\">Pastilhas de corte, ferramenta intercambi\u00e1vel<\/li>\n<li class=\"whitespace-normal\">Brocas, alargadores, machos, ferramentas de roscar<\/li>\n<li class=\"whitespace-normal\">Serras de corte de metal e facas industriais.<\/li>\n<li class=\"whitespace-normal\">Extrusion tooling and drawing dies<\/li>\n<li class=\"whitespace-normal\">Matrizes para embutimento a frio e forjamento<\/li>\n<li class=\"whitespace-normal\">Man\u00f4metros, componentes resistentes ao desgaste<\/li>\n<\/ul>\n<p class=\"whitespace-pre-wrap\">As propriedades \u00fanicas do S2\u2122 fazem dele a escolha ideal para ferramentas de corte e componentes confi\u00e1veis usados em aplica\u00e7\u00f5es exigentes de metalurgia.<\/p>\n<h2>Especifica\u00e7\u00f5es do P\u00f3 S2<\/h2>\n<p class=\"whitespace-pre-wrap\">Principais especifica\u00e7\u00f5es para p\u00f3 de a\u00e7o r\u00e1pido S2:<\/p>\n<p class=\"whitespace-pre-wrap\"><strong>Padr\u00f5es de P\u00f3 S2<\/strong><\/p>\n<table>\n<thead>\n<tr>\n<th>Padr\u00e3o<\/th>\n<th>Descri\u00e7\u00e3o<\/th>\n<\/tr>\n<\/thead>\n<tbody>\n<tr>\n<td>ASTM A600<\/td>\n<td>Especifica\u00e7\u00e3o para A\u00e7os ferramentas A\u00e7o r\u00e1pido<\/td>\n<\/tr>\n<tr>\n<td>JIS G4403<\/td>\n<td>A\u00e7os r\u00e1pidos para ferramentas<\/td>\n<\/tr>\n<tr>\n<td>DIN 1.2363<\/td>\n<td>Equivalente ao a\u00e7o r\u00e1pido AISI S7<\/td>\n<\/tr>\n<tr>\n<td>UNS T11302<\/td>\n<td>Indica\u00e7\u00e3o para nota\u00e7\u00e3o AISI S2<\/td>\n<\/tr>\n<tr>\n<td>ISO 4957<\/td>\n<td>Especifica\u00e7\u00e3o de a\u00e7os ferramentas<\/td>\n<\/tr>\n<\/tbody>\n<\/table>\n<p class=\"whitespace-pre-wrap\">Definem:<\/p>\n<ul class=\"list-disc pl-8 space-y-2\">\n<li class=\"whitespace-normal\">Limites de composi\u00e7\u00e3o qu\u00edmica do S2<\/li>\n<li class=\"whitespace-normal\">Propriedades mec\u00e2nicas requeridas na condi\u00e7\u00e3o de tratamento t\u00e9rmico<\/li>\n<li class=\"whitespace-normal\">M\u00e9todos de produ\u00e7\u00e3o aprovados como atomiza\u00e7\u00e3o de g\u00e1s<\/li>\n<li class=\"whitespace-normal\">Protocolos de teste de conformidade<\/li>\n<li class=\"whitespace-normal\">Requisitos de garantia de qualidade<\/li>\n<li class=\"whitespace-normal\">Embalagem e identifica\u00e7\u00e3o adequadas<\/li>\n<\/ul>\n<p class=\"whitespace-pre-wrap\">P\u00f3 produzido de acordo com esses padr\u00f5es garante a adequa\u00e7\u00e3o para aplica\u00e7\u00f5es de ferramentas com alta resist\u00eancia ao desgaste sob condi\u00e7\u00f5es de fadiga t\u00e9rmica.<\/p>\n<h2>Tamanhos das Part\u00edculas do P\u00f3 S2<\/h2>\n<p class=\"whitespace-pre-wrap\"><strong>S2 Distribui\u00e7\u00e3o do Tamanho de Part\u00edcula do P\u00f3<\/strong><\/p>\n<table>\n<thead>\n<tr>\n<th>Tamanho das part\u00edculas<\/th>\n<th>Caracter\u00edsticas<\/th>\n<\/tr>\n<\/thead>\n<tbody>\n<tr>\n<td>10-22 mi\u0301crons<\/td>\n<td>Grau ultrafino fornece a maior densidade<\/td>\n<\/tr>\n<tr>\n<td>22-53 m\u00edcrons<\/td>\n<td>Faixa de tamanhos mais comumente usada<\/td>\n<\/tr>\n<tr>\n<td>53-105 micras<\/td>\n<td>Tamanho mais grosso fornece boa fluidez<\/td>\n<\/tr>\n<\/tbody>\n<\/table>\n<ul class=\"list-disc pl-8 space-y-2\">\n<li class=\"whitespace-normal\">Part\u00edculas mais finas permitem uma maior densifica\u00e7\u00e3o durante a sinteriza\u00e7\u00e3o<\/li>\n<li class=\"whitespace-normal\">Part\u00edculas mais grossas melhoram o fluxo de p\u00f3 para as cavidades do molde<\/li>\n<li class=\"whitespace-normal\">Tamanho selecionado com base nas propriedades finais das pe\u00e7as necess\u00e1rias<\/li>\n<li class=\"whitespace-normal\">Part\u00edculas atomizadas por g\u00e1s e \u00e1gua usadas.<\/li>\n<\/ul>\n<p class=\"whitespace-pre-wrap\">O controle da distribui\u00e7\u00e3o do tamanho otimiza o comportamento da prensagem, a densidade sinterizada e o desempenho do componente final.<\/p>\n<h2>S2:Densidade Aparente do P\u00f3<\/h2>\n<p class=\"whitespace-pre-wrap\"><strong>S2:Densidade Aparente do P\u00f3<\/strong><\/p>\n<table>\n<thead>\n<tr>\n<th>Densidade Aparente<\/th>\n<th>Detalhes<\/th>\n<\/tr>\n<\/thead>\n<tbody>\n<tr>\n<td>At\u00e9 50% de densidade real<\/td>\n<td>Para morfologia irregular do p\u00f3<\/td>\n<\/tr>\n<tr>\n<td>4.0-5.0 g\/cm\u00b3<\/td>\n<td>Maior para p\u00f3 esf\u00e9rico, menor para p\u00f3 irregular<\/td>\n<\/tr>\n<\/tbody>\n<\/table>\n<ul class=\"list-disc pl-8 space-y-2\">\n<li class=\"whitespace-normal\">Formato esf\u00e9rico do p\u00f3 garante alta densidade aparente<\/li>\n<li class=\"whitespace-normal\">P\u00f3 irregular tem menor densidade ao redor de 45-50%<\/li>\n<li class=\"whitespace-normal\">Densidade aparente maior melhora o preenchimento do molde e a qualidade da pe\u00e7a<\/li>\n<li class=\"whitespace-normal\">Permite compacta\u00e7\u00e3o da geometria complexa da ferramenta<\/li>\n<\/ul>\n<p class=\"whitespace-pre-wrap\">Densidade aparente superior leva a taxa de produ\u00e7\u00e3o dos componentes e performance melhores.<\/p>\n<h2>S2 M\u00e9todo de Produ\u00e7\u00e3o em P\u00f3<\/h2>\n<p class=\"whitespace-pre-wrap\"><strong>Produ\u00e7\u00e3o de P\u00f3 S2<\/strong><\/p>\n<table>\n<thead>\n<tr>\n<th>M\u00e9todo<\/th>\n<th>Detalhes<\/th>\n<\/tr>\n<\/thead>\n<tbody>\n<tr>\n<td>Atomiza\u00e7\u00e3o a g\u00e1s<\/td>\n<td>G\u00e1s inerte de alta press\u00e3o quebra fluxo de liga derretida em gotas finas<\/td>\n<\/tr>\n<tr>\n<td>Derretimento a v\u00e1cuo por indu\u00e7\u00e3o<\/td>\n<td>Entrada de materiais de alta pureza fundidos a v\u00e1cuo<\/td>\n<\/tr>\n<tr>\n<td>Re-fus\u00e3o m\u00faltipla<\/td>\n<td>Melhora a homogeneidade qu\u00edmica<\/td>\n<\/tr>\n<tr>\n<td>Peneiramento<\/td>\n<td>Classifica o p\u00f3 em diferentes fra\u00e7\u00f5es de tamanho de part\u00edcula<\/td>\n<\/tr>\n<\/tbody>\n<\/table>\n<ul class=\"list-disc pl-8 space-y-2\">\n<li class=\"whitespace-normal\">A atomiza\u00e7\u00e3o de g\u00e1s fornece formato de p\u00f3 esf\u00e9rico<\/li>\n<li class=\"whitespace-normal\">A fus\u00e3o a v\u00e1cuo elimina impurezas gasosas<\/li>\n<li class=\"whitespace-normal\">M\u00faltiplas refundi\u00e7\u00f5es aprimoram a uniformidade<\/li>\n<li class=\"whitespace-normal\">P\u00f3s-processamento permite personalizar o tamanho das part\u00edculas<\/li>\n<\/ul>\n<p class=\"whitespace-pre-wrap\">Processos totalmente automatizados combinados com rigoroso controle de qualidade garantem propriedades confi\u00e1veis e consistentes do p\u00f3 S2, essenciais para o desempenho da ferramenta.<\/p>\n<h2>S2 Powder Pricing<\/h2>\n<p class=\"whitespace-pre-wrap\"><strong>S2 Powder Pricing<\/strong><\/p>\n<table>\n<thead>\n<tr>\n<th>Fator<\/th>\n<th>Impacto no Pre\u00e7o<\/th>\n<\/tr>\n<\/thead>\n<tbody>\n<tr>\n<td>Pureza de grau<\/td>\n<td>\u00c1gua com mais pureza custa mais<\/td>\n<\/tr>\n<tr>\n<td>Tamanho das part\u00edculas<\/td>\n<td>P\u00f3 ultrafino mais caro<\/td>\n<\/tr>\n<tr>\n<td>Quantidade do Pedido<\/td>\n<td>Quanto maior o volume, menor o pre\u00e7o<\/td>\n<\/tr>\n<tr>\n<td>Servi\u00e7os adicionais<\/td>\n<td>Customiza\u00e7\u00e3o aumenta o custo<\/td>\n<\/tr>\n<\/tbody>\n<\/table>\n<p class=\"whitespace-pre-wrap\"><strong>Pre\u00e7os indicativos<\/strong><\/p>\n<ul class=\"list-disc pl-8 space-y-2\">\n<li class=\"whitespace-normal\">P\u00f3 esf\u00e9rico S2: $ 18-22 por kg<\/li>\n<li class=\"whitespace-normal\">S2 em p\u00f3 irregular: R$ 12 a 16 o kg<\/li>\n<li class=\"whitespace-normal\">Redu\u00e7\u00f5es em grandes volumes at\u00e9 30% menores<\/li>\n<\/ul>\n<p class=\"whitespace-pre-wrap\">O pre\u00e7o depende da pureza, caracter\u00edsticas da part\u00edcula, quantidade do pedido e quaisquer requisitos adicionais de customiza\u00e7\u00e3o.<\/p>\n<h2>S2 Fornecedores de P\u00f3<\/h2>\n<p class=\"whitespace-pre-wrap\"><strong>S2 Fornecedores de P\u00f3<\/strong><\/p>\n<table>\n<thead>\n<tr>\n<th>Empresa<\/th>\n<th>Localiza\u00e7\u00e3o<\/th>\n<\/tr>\n<\/thead>\n<tbody>\n<tr>\n<td>H\u00e4agen-Dazs<\/td>\n<td>Su\u00e9cia<\/td>\n<\/tr>\n<tr>\n<td>Carpenter Carpenter P\u00f3 Produtos<\/td>\n<td>Estados Unidos<\/td>\n<\/tr>\n<tr>\n<td>Erasteel<\/td>\n<td>EUA, Europa<\/td>\n<\/tr>\n<tr>\n<td>Crucible Industries<\/td>\n<td>Estados Unidos<\/td>\n<\/tr>\n<tr>\n<td>voxco<\/td>\n<td>Alemanha<\/td>\n<\/tr>\n<tr>\n<td>Novos Materiais Jingdong<\/td>\n<td>China<\/td>\n<\/tr>\n<\/tbody>\n<\/table>\n<p class=\"whitespace-pre-wrap\">Fatores-chave na sele\u00e7\u00e3o de fornecedores:<\/p>\n<ul class=\"list-disc pl-8 space-y-2\">\n<li class=\"whitespace-normal\">Graus de p\u00f3 oferecidos<\/li>\n<li class=\"whitespace-normal\">capacidade de produ\u00e7\u00e3o<\/li>\n<li class=\"whitespace-normal\">Caracter\u00edsticas e consist\u00eancia das part\u00edculas<\/li>\n<li class=\"whitespace-normal\">Teste de capacidade e controle de qualidade<\/li>\n<li class=\"whitespace-normal\">Pre\u00e7o e prazos de entrega<\/li>\n<li class=\"whitespace-normal\">Suporte t\u00e9cnico ao cliente<\/li>\n<\/ul>\n<h2>S2 Manuseio e Armazenamento de P\u00f3<\/h2>\n<p class=\"whitespace-pre-wrap\"><strong>S2 Manuseio de P\u00f3<\/strong><\/p>\n<table>\n<thead>\n<tr>\n<th>Recomenda\u00e7\u00e3o<\/th>\n<th>Motivo<\/th>\n<\/tr>\n<\/thead>\n<tbody>\n<tr>\n<td>Certifique-se de um local com boa ventila\u00e7\u00e3o<\/td>\n<td>Evite a exposi\u00e7\u00e3o a part\u00edculas finas de metal<\/td>\n<\/tr>\n<tr>\n<td>Use o EPI apropriado<\/td>\n<td>Evite ingest\u00e3o via nasal\/oral<\/td>\n<\/tr>\n<tr>\n<td>Equipamento de terra<\/td>\n<td>Evite fa\u00edscas est\u00e1ticas<\/td>\n<\/tr>\n<tr>\n<td>Evite fontes de igni\u00e7\u00e3o<\/td>\n<td>Perigo por poeira inflam\u00e1vel<\/td>\n<\/tr>\n<tr>\n<td>Use ferramentas n\u00e3o faiscantes<\/td>\n<td>Evitar a possibilidade de igni\u00e7\u00e3o<\/td>\n<\/tr>\n<tr>\n<td>Siga protocolos seguros<\/td>\n<td>Reduzir o fogo, explos\u00f5es, riscos \u00e0 sa\u00fade<\/td>\n<\/tr>\n<\/tbody>\n<\/table>\n<p class=\"whitespace-pre-wrap\"><strong>Recomenda\u00e7\u00f5es de armazenamento<\/strong><\/p>\n<ul class=\"list-disc pl-8 space-y-2\">\n<li class=\"whitespace-normal\">Guarde recipientes lacrados longe da umidade ou contamina\u00e7\u00e3o<\/li>\n<li class=\"whitespace-normal\">Mantenha a temperatura de armazenamento abaixo de 27\u00a1\u00abC<\/li>\n<li class=\"whitespace-normal\">Limitar a exposi\u00e7\u00e3o a \u00e1cidos oxidantes e compostos de cloro.<\/li>\n<\/ul>\n<p class=\"whitespace-pre-wrap\">As precau\u00e7\u00f5es adequadas durante o manuseio e armazenamento ajudam a preservar a pureza e a prevenir perigos \u00e0 seguran\u00e7a.<\/p>\n<h2>**S2 P\u00f3 Inspe\u00e7\u00e3o e Testes**<\/h2>\n<p class=\"whitespace-pre-wrap\"><strong>Teste em P\u00f3 S2<\/strong><\/p>\n<table>\n<thead>\n<tr>\n<th>Teste<\/th>\n<th>Detalhes<\/th>\n<\/tr>\n<\/thead>\n<tbody>\n<tr>\n<td>An\u00e1lise qu\u00edmica<\/td>\n<td>Verifica composi\u00e7\u00f5es usando espectroscopia \u00f3ptica\/ICP<\/td>\n<\/tr>\n<tr>\n<td>An\u00e1lise granulom\u00e9trica<\/td>\n<td>Determina a distribui\u00e7\u00e3o de tamanho usando difra\u00e7\u00e3o de laser ou peneiramento<\/td>\n<\/tr>\n<tr>\n<td>Densidade Aparente<\/td>\n<td>Medido de acordo com a norma ASTM B212, utilizando o medidor de vaz\u00e3o Hall<\/td>\n<\/tr>\n<tr>\n<td>Morfologia do p\u00f3<\/td>\n<td>Imagem SEM para determinar a forma da part\u00edcula<\/td>\n<\/tr>\n<tr>\n<td>Teste de vaz\u00e3o<\/td>\n<td>Taxa de fluxo gravitacional atrav\u00e9s de funil especificado<\/td>\n<\/tr>\n<tr>\n<td>Teste de densidade batida<\/td>\n<td>Densidade medida ap\u00f3s compacta\u00e7\u00e3o mec\u00e2nica da amostra de p\u00f3<\/td>\n<\/tr>\n<\/tbody>\n<\/table>\n<p class=\"whitespace-pre-wrap\">O teste garante que o p\u00f3 atende \u00e0s especifica\u00e7\u00f5es de composi\u00e7\u00e3o qu\u00edmica, caracter\u00edsticas f\u00edsicas, distribui\u00e7\u00e3o de tamanho de part\u00edcula, morfologia, densidade e taxa de fluxo exigidas.<\/p>\n<h2>Pr\u00f3s e contras do S2 Powder<\/h2>\n<p class=\"whitespace-pre-wrap\"><strong>Vantagens do P\u00f3 S2<\/strong><\/p>\n<ul class=\"list-disc pl-8 space-y-2\">\n<li class=\"whitespace-normal\">Dureza excepcional a quente e a vermelho<\/li>\n<li class=\"whitespace-normal\">Alta resist\u00eancia e resist\u00eancia ao desgaste em temperaturas elevadas<\/li>\n<li class=\"whitespace-normal\">Excelente tenacidade e resist\u00eancia a choques t\u00e9rmicos<\/li>\n<li class=\"whitespace-normal\">Resiste amolecimento e altera\u00e7\u00e3o de forma at\u00e9 600\u00a1\u00abC<\/li>\n<li class=\"whitespace-normal\">Estabilidade dimensional sob ciclo t\u00e9rmico<\/li>\n<li class=\"whitespace-normal\">Custo-benef\u00edcio se comparado aos ex\u00f3ticos a\u00e7os ferramenta PM<\/li>\n<\/ul>\n<p class=\"whitespace-pre-wrap\"><strong>Limita\u00e7\u00f5es do P\u00f3 S2<\/strong><\/p>\n<ul class=\"list-disc pl-8 space-y-2\">\n<li class=\"whitespace-normal\">Resist\u00eancia \u00e0 corros\u00e3o moderada sem tratamento superficial<\/li>\n<li class=\"whitespace-normal\">Formagem a frio limitada e resist\u00eancia ao cisalhamento<\/li>\n<li class=\"whitespace-normal\">Requer tratamento t\u00e9rmico cuidadoso por fornecedores experientes<\/li>\n<li class=\"whitespace-normal\">N\u00e3o sold\u00e1vel por meio de soldagem por fus\u00e3o convencional<\/li>\n<li class=\"whitespace-normal\">Se\u00e7\u00f5es transversais grandes podem experimentar fragilidade<\/li>\n<li class=\"whitespace-normal\">Cont\u00e9m elementos de liga caros<\/li>\n<\/ul>\n<h2>Compara\u00e7\u00e3o com p\u00f3 de a\u00e7o para ferramentas H13<\/h2>\n<p class=\"whitespace-pre-wrap\"><strong>S2 vs P\u00f3 de A\u00e7o para Ferramentas H13<\/strong><\/p>\n<table>\n<thead>\n<tr>\n<th>Par\u00e2metro<\/th>\n<th>S2<\/th>\n<th>H13<\/th>\n<\/tr>\n<\/thead>\n<tbody>\n<tr>\n<td>Dureza<\/td>\n<td>62-64 HRC<\/td>\n<td>54-57 HRC<\/td>\n<\/tr>\n<tr>\n<td>Dureza a quente<\/td>\n<td>Excelente<\/td>\n<td>Bom<\/td>\n<\/tr>\n<tr>\n<td>Tenacidade<\/td>\n<td>Muito bom<\/td>\n<td>Bom<\/td>\n<\/tr>\n<tr>\n<td>Resist\u00eancia a choque t\u00e9rmico<\/td>\n<td>Excelente<\/td>\n<td>Moderado<\/td>\n<\/tr>\n<tr>\n<td>Resist\u00eancia \u00e0 Fria<\/td>\n<td>Bom<\/td>\n<td>Excelente<\/td>\n<\/tr>\n<tr>\n<td>Custo<\/td>\n<td>Alto<\/td>\n<td>Baixo<\/td>\n<\/tr>\n<\/tbody>\n<\/table>\n<ul class=\"list-disc pl-8 space-y-2\">\n<li class=\"whitespace-normal\">S2 tem maior dureza e maior resist\u00eancia a choques t\u00e9rmicos<\/li>\n<li class=\"whitespace-normal\">O H13 proporciona maior tenacidade e resist\u00eancia a frio<\/li>\n<li class=\"whitespace-normal\">S2 \u00e9 mais caro devido ao maior teor de liga<\/li>\n<li class=\"whitespace-normal\">S2 preferred for high speed machining applications<\/li>\n<li class=\"whitespace-normal\">H13 adequado para ferramentas de prensagem a frio e quente<\/li>\n<\/ul>\n<h2>FAQ sobre P\u00f3 S2<\/h2>\n<p class=\"whitespace-pre-wrap\"><strong>P: Quais s\u00e3o as principais aplica\u00e7\u00f5es do p\u00f3 de a\u00e7o ferramenta S2?<\/strong><\/p>\n<p class=\"whitespace-pre-wrap\">R: As principais aplica\u00e7\u00f5es incluem ferramentas de corte como brocas, fresas, pastilhas, machos, matrizes, serras, plainas, bem como ferramentas de extrus\u00e3o, matrizes de forjamento, gabaritos e componentes que necessitam de dureza em altas temperaturas e resist\u00eancia a choques t\u00e9rmicos.<\/p>\n<p class=\"whitespace-pre-wrap\"><strong>P: Qual tratamento t\u00e9rmico \u00e9 usado no p\u00f3 de a\u00e7o ferramenta S2?<\/strong><\/p>\n<p class=\"whitespace-pre-wrap\">R: O a\u00e7o ferramenta S2 \u00e9 tratado termicamente entre 1150-1200 \u00a1\u00abC seguido de resfriamento a ar, \u00f3leo ou pol\u00edmero e revenimento entre 540-650 \u00a1\u00abC para atingir dureza entre 62-64 HRC.<\/p>\n<p class=\"whitespace-pre-wrap\"><strong>P: Como o tungst\u00eanio melhora as propriedades do a\u00e7o S2?<\/strong><\/p>\n<p class=\"whitespace-pre-wrap\">A: O tungst\u00eanio forma complexos duros de tungst\u00eanio-ferro-carbono que fornecem dureza a quente excepcional, resist\u00eancia e resist\u00eancia ao desgaste em temperaturas elevadas necess\u00e1rias para aplica\u00e7\u00f5es de usinagem de alta velocidade.<\/p>\n<p class=\"whitespace-pre-wrap\"><strong>P: Quais precau\u00e7\u00f5es de seguran\u00e7a devem ser usadas ao trabalhar com p\u00f3 S2?<\/strong><\/p>\n<p class=\"whitespace-pre-wrap\">A: Ventila\u00e7\u00e3o adequada, equipamento de prote\u00e7\u00e3o, atmosfera inerte, aterramento, evitar fontes de igni\u00e7\u00e3o, usar ferramentas antifaiscantes e armazenamento seguro longe da contamina\u00e7\u00e3o ou umidade.<\/p>\n<p><\/span><\/span><\/p>","protected":false},"excerpt":{"rendered":"<p>Vis\u00e3o geral do P\u00f3 S2\n\nO p\u00f3 S2 \u00e9 um p\u00f3 de a\u00e7o r\u00e1pido de alta velocidade ideal para fabrica\u00e7\u00e3o de ferramentas de corte que requerem alta dureza, resist\u00eancia e resist\u00eancia ao desgaste em temperaturas elevadas. Ele cont\u00e9m tungst\u00eanio, molibd\u00eanio, van\u00e1dio e ligas adicionais que fornecem excelente dureza a quente e resist\u00eancia \u00e0 fadiga t\u00e9rmica. Propriedades e vantagens-chave do p\u00f3 S2: Propriedades do P\u00f3 S2 e...<\/p>","protected":false},"featured_media":1843,"parent":0,"template":"","meta":{"_acf_changed":false,"_kad_blocks_custom_css":"","_kad_blocks_head_custom_js":"","_kad_blocks_body_custom_js":"","_kad_blocks_footer_custom_js":"","_kad_post_transparent":"","_kad_post_title":"","_kad_post_layout":"","_kad_post_sidebar_id":"","_kad_post_content_style":"","_kad_post_vertical_padding":"","_kad_post_feature":"","_kad_post_feature_position":"","_kad_post_header":false,"_kad_post_footer":false,"_kad_post_classname":""},"product-category":[119,122],"class_list":["post-3921","product","type-product","status-publish","has-post-thumbnail","hentry","product-category-3d-printing-metal-powder","product-category-iron-based-alloy-powder"],"acf":[],"taxonomy_info":{"product-category":[{"value":119,"label":"3D Printing Metal Powder"},{"value":122,"label":"Iron Based Alloy Powder"}]},"featured_image_src_large":["https:\/\/3dpmetal.com\/wp-content\/uploads\/2024\/02\/S2.jpg",600,600,false],"author_info":[],"comment_info":"","_links":{"self":[{"href":"https:\/\/3dpmetal.com\/pt_br\/wp-json\/wp\/v2\/product\/3921","targetHints":{"allow":["GET"]}}],"collection":[{"href":"https:\/\/3dpmetal.com\/pt_br\/wp-json\/wp\/v2\/product"}],"about":[{"href":"https:\/\/3dpmetal.com\/pt_br\/wp-json\/wp\/v2\/types\/product"}],"wp:featuredmedia":[{"embeddable":true,"href":"https:\/\/3dpmetal.com\/pt_br\/wp-json\/wp\/v2\/media\/1843"}],"wp:attachment":[{"href":"https:\/\/3dpmetal.com\/pt_br\/wp-json\/wp\/v2\/media?parent=3921"}],"wp:term":[{"taxonomy":"product-category","embeddable":true,"href":"https:\/\/3dpmetal.com\/pt_br\/wp-json\/wp\/v2\/product-category?post=3921"}],"curies":[{"name":"wp","href":"https:\/\/api.w.org\/{rel}","templated":true}]}}