{"id":3922,"date":"2024-03-18T06:10:14","date_gmt":"2024-03-18T06:10:14","guid":{"rendered":"https:\/\/3dp.45612300.xyz\/product\/t15-powder\/"},"modified":"2024-03-18T06:10:14","modified_gmt":"2024-03-18T06:10:14","slug":"t15-powder","status":"publish","type":"product","link":"https:\/\/3dpmetal.com\/pt_br\/product\/t15-powder\/","title":{"rendered":"T15 Powder"},"content":{"rendered":"<p><span style=\"vertical-align: inherit;\"><span style=\"vertical-align: inherit;\"><\/p>\n<h2>Vis\u00e3o geral do P\u00f3 T15<\/h2>\n<p class=\"whitespace-pre-wrap\">O p\u00f3 T15 \u00e9 um p\u00f3 de metal duro cimentado de carboneto de tungst\u00eanio-cobalto que oferece uma combina\u00e7\u00e3o excepcional de dureza, resist\u00eancia e tenacidade. Ele cont\u00e9m uma porcentagem alta de carboneto de tungst\u00eanio com 15% de cobalto como fase aglutinante.<\/p>\n<p class=\"whitespace-pre-wrap\">Propriedades e vantagens chave do p\u00f3 T15:<\/p>\n<p class=\"whitespace-pre-wrap\"><strong>Propriedades e caracter\u00edsticas do p\u00f3 T15<\/strong><\/p>\n<table>\n<thead>\n<tr>\n<th>Propriedades<\/th>\n<th>Detalhes<\/th>\n<\/tr>\n<\/thead>\n<tbody>\n<tr>\n<td>Composi\u00e7\u00e3o<\/td>\n<td>85% WC com 15% de aglutinante de Co<\/td>\n<\/tr>\n<tr>\n<td>Densidade<\/td>\n<td>13.0-14,5 g\/cc<\/td>\n<\/tr>\n<tr>\n<td>Formas das Part\u00edculas<\/td>\n<td>Arredondado, multifacetado<\/td>\n<\/tr>\n<tr>\n<td>Tamanho da linha<\/td>\n<td>0,5-15 m\u00edcrons<\/td>\n<\/tr>\n<tr>\n<td>Dureza<\/td>\n<td>HRA 88\u201393 quando sinterizado<\/td>\n<\/tr>\n<tr>\n<td>Resist\u00eancia \u00e0 ruptura transversal<\/td>\n<td>550-650 MPa<\/td>\n<\/tr>\n<\/tbody>\n<\/table>\n<p class=\"whitespace-pre-wrap\">As part\u00edculas de carboneto de tungst\u00eanio ultraduras reunidas em uma matriz de cobalto fazem com que o T15 seja ideal para as condi\u00e7\u00f5es de desgaste e abras\u00e3o mais extremas nos setores industrial, de minera\u00e7\u00e3o e constru\u00e7\u00e3o.<\/p>\n<h2>Composi\u00e7\u00e3o do P\u00f3 T15<\/h2>\n<p class=\"whitespace-pre-wrap\">Composi\u00e7\u00e3o t\u00edpica de p\u00f3 de carboneto cimentado T15:<\/p>\n<p class=\"whitespace-pre-wrap\"><strong>Composi\u00e7\u00e3o do P\u00f3 T15<\/strong><\/p>\n<table>\n<thead>\n<tr>\n<th>Componente<\/th>\n<th>% do Peso<\/th>\n<\/tr>\n<\/thead>\n<tbody>\n<tr>\n<td>Carboneto de tungst\u00eanio (WC)<\/td>\n<td>84-86%<\/td>\n<\/tr>\n<tr>\n<td>Cobalto (Co)<\/td>\n<td>14-16%<\/td>\n<\/tr>\n<tr>\n<td>Carbono (C)<\/td>\n<td>0,8% max<\/td>\n<\/tr>\n<tr>\n<td>Oxig\u00eanio (O)<\/td>\n<td>M\u00e1x. 0,5%<\/td>\n<\/tr>\n<tr>\n<td>Ferro (Fe)<\/td>\n<td>M\u00e1x. 0,3%<\/td>\n<\/tr>\n<tr>\n<td>Niquel (Ni)<\/td>\n<td>M\u00e1x. 0,3%<\/td>\n<\/tr>\n<\/tbody>\n<\/table>\n<ul class=\"list-disc pl-8 space-y-2\">\n<li class=\"whitespace-normal\">Carburo de tungst\u00eanio proporciona extrema dureza e resist\u00eancia ao desgaste<\/li>\n<li class=\"whitespace-normal\">O cobalto atua como um ligante resistente e d\u00factil, mantendo as part\u00edculas de WC unidas<\/li>\n<li class=\"whitespace-normal\">Carbono e oxig\u00eanio presentes como impurezas<\/li>\n<li class=\"whitespace-normal\">Rastreie ferro, n\u00edquel das mat\u00e9rias-primas<\/li>\n<\/ul>\n<p class=\"whitespace-pre-wrap\">A rela\u00e7\u00e3o WC-Co otimizada proporciona a melhor combina\u00e7\u00e3o de dureza, tenacidade \u00e0 fratura e resist\u00eancia ao impacto necess\u00e1ria em aplica\u00e7\u00f5es de desgaste.<\/p>\n<h2>Propriedades F\u00edsicas do P\u00f3 T15<\/h2>\n<p class=\"whitespace-pre-wrap\"><strong>Propriedades F\u00edsicas do P\u00f3 T15<\/strong><\/p>\n<table>\n<thead>\n<tr>\n<th>Propriedade<\/th>\n<th>Valores<\/th>\n<\/tr>\n<\/thead>\n<tbody>\n<tr>\n<td>Densidade<\/td>\n<td>13.0-14,5 g\/cc<\/td>\n<\/tr>\n<tr>\n<td>Ponto de Fus\u00e3o<\/td>\n<td>2870\u00a1\u00abC (WC) e 1495\u00a1\u00abC (Co)<\/td>\n<\/tr>\n<tr>\n<td>Condutividade t\u00e9rmica<\/td>\n<td>60-100 W\/mK<\/td>\n<\/tr>\n<tr>\n<td>Resistividade el\u00e9trica<\/td>\n<td>25-35 cm de di\u00e2metro<\/td>\n<\/tr>\n<tr>\n<td>Coeficiente de expans\u00e3o t\u00e9rmica<\/td>\n<td>4,5 a 6 x 10^-6 \/K<\/td>\n<\/tr>\n<tr>\n<td>Temperatura m\u00e1xima de servi\u00e7o<\/td>\n<td>500\u00a1\u00abC no ar<\/td>\n<\/tr>\n<\/tbody>\n<\/table>\n<ul class=\"list-disc pl-8 space-y-2\">\n<li class=\"whitespace-normal\">Densidade muito alta habilita uso em componentes compactos e miniaturizados<\/li>\n<li class=\"whitespace-normal\">CTE muito baixo reduz distor\u00e7\u00f5es e tens\u00f5es t\u00e9rmicas<\/li>\n<li class=\"whitespace-normal\">Pode suportar um servi\u00e7o cont\u00ednuo de at\u00e9 500\u00a1\u00abC<\/li>\n<li class=\"whitespace-normal\">Boa condutividade t\u00e9rmica reduz gradientes de temperatura<\/li>\n<\/ul>\n<p class=\"whitespace-pre-wrap\">Essas propriedades fazem com que a T15 seja adequada para condi\u00e7\u00f5es de abras\u00e3o severa e for\u00e7a de impacto repetitiva em minera\u00e7\u00e3o, perfura\u00e7\u00e3o e ambientes de constru\u00e7\u00e3o.<\/p>\n<h2>Propriedades Mec\u00e2nicas do P\u00f3 T15<\/h2>\n<p class=\"whitespace-pre-wrap\"><strong>Propriedades Mec\u00e2nicas do P\u00f3 T15<\/strong><\/p>\n<table>\n<thead>\n<tr>\n<th>Propriedade<\/th>\n<th>Valores<\/th>\n<\/tr>\n<\/thead>\n<tbody>\n<tr>\n<td>Dureza<\/td>\n<td>88-93 HRA<\/td>\n<\/tr>\n<tr>\n<td>Resist\u00eancia \u00e0 ruptura transversal<\/td>\n<td>550-650 MPa<\/td>\n<\/tr>\n<tr>\n<td>Resist\u00eancia \u00e0 compress\u00e3o<\/td>\n<td>5.500 a 6.200 MPa<\/td>\n<\/tr>\n<tr>\n<td>Resist\u00eancia \u00e0 fratura<\/td>\n<td>10-12 MPa.m^1\/2<\/td>\n<\/tr>\n<tr>\n<td>M\u00f3dulo de Young<\/td>\n<td>550-650 GPa<\/td>\n<\/tr>\n<tr>\n<td>Resist\u00eancia ao impacto<\/td>\n<td>350-900 kJ\/m2<\/td>\n<\/tr>\n<\/tbody>\n<\/table>\n<ul class=\"list-disc pl-8 space-y-2\">\n<li class=\"whitespace-normal\">A extrema dureza proporciona resist\u00eancia ao desgaste e \u00e0 abras\u00e3o<\/li>\n<li class=\"whitespace-normal\">Resist\u00eancia a compress\u00e3o muito alta, suporta for\u00e7as de compress\u00e3o<\/li>\n<li class=\"whitespace-normal\">Tenacidade e resist\u00eancia ao impacto satisfat\u00f3rias<\/li>\n<li class=\"whitespace-normal\">A dureza e resist\u00eancia determinadas pelo tamanho e distribui\u00e7\u00e3o das part\u00edculas de WC<\/li>\n<\/ul>\n<p class=\"whitespace-pre-wrap\">Esta combina\u00e7\u00e3o excepcional de dureza, for\u00e7a e tenacidade torna o T15 adequado para as condi\u00e7\u00f5es mais severas de impacto, abras\u00e3o e desgaste por sulco.<\/p>\n<h2>Aplica\u00e7\u00f5es de P\u00f3s T15<\/h2>\n<p class=\"whitespace-pre-wrap\">Aplica\u00e7\u00f5es T\u00edpicas para o p\u00f3 de carbeto de tungst\u00eanio-cobalto T15 incluem:<\/p>\n<p class=\"whitespace-pre-wrap\"><strong>Aplica\u00e7\u00f5es de P\u00f3s T15<\/strong><\/p>\n<table>\n<thead>\n<tr>\n<th>Ind\u00fastria<\/th>\n<th>Usos de Exemplo<\/th>\n<\/tr>\n<\/thead>\n<tbody>\n<tr>\n<td>Minera\u00e7\u00e3o<\/td>\n<td>Brocas para perfura\u00e7\u00e3o de rocha, bocais de jateamento abrasivo<\/td>\n<\/tr>\n<tr>\n<td>**Constru\u00e7\u00e3o**<\/td>\n<td>Ferramentas de demoli\u00e7\u00e3o, trituradores de rocha.<\/td>\n<\/tr>\n<tr>\n<td>Fabrica\u00e7\u00e3o<\/td>\n<td>Matrizes para conforma\u00e7\u00e3o, pe\u00e7as de trefila\u00e7\u00e3o<\/td>\n<\/tr>\n<tr>\n<td>Petr\u00f3leo e g\u00e1s<\/td>\n<td>Estabilizadores, motores de fundo de po\u00e7o<\/td>\n<\/tr>\n<tr>\n<td>Geral<\/td>\n<td>Ferramentas de corte e usinagem<\/td>\n<\/tr>\n<\/tbody>\n<\/table>\n<p class=\"whitespace-pre-wrap\">Usos espec\u00edficos do produto:<\/p>\n<ul class=\"list-disc pl-8 space-y-2\">\n<li class=\"whitespace-normal\">Brocas de perfura\u00e7\u00e3o de rocha percussiva, ferramentas de perfura\u00e7\u00e3o de mina.<\/li>\n<li class=\"whitespace-normal\">Componentes de bomba de lama altamente abrasivos, como eixos, impulsores<\/li>\n<li class=\"whitespace-normal\">Matrizes de extrus\u00e3o para fabrica\u00e7\u00e3o de tijolos e cer\u00e2micas.<\/li>\n<li class=\"whitespace-normal\">Componentes de resist\u00eancia ao desgaste em equipamento de jateamento de areia<\/li>\n<li class=\"whitespace-normal\">L\u00e2minas de corte, facas, dentes de serra precisando de extrema dureza.<\/li>\n<\/ul>\n<p class=\"whitespace-pre-wrap\">A dureza e o desempenho de desgaste inigual\u00e1veis do T15 o tornam a melhor escolha para equipamentos usados nas mais severas condi\u00e7\u00f5es de abras\u00e3o por impacto em todos os setores industriais.<\/p>\n<h2>Especifica\u00e7\u00f5es de P\u00f3 T15<\/h2>\n<p class=\"whitespace-pre-wrap\">Principais especifica\u00e7\u00f5es para p\u00f3 de carboneto cimentado T15:<\/p>\n<p class=\"whitespace-pre-wrap\"><strong>Padr\u00f5es em p\u00f3 do T15<\/strong><\/p>\n<table>\n<thead>\n<tr>\n<th>Padr\u00e3o<\/th>\n<th>Descri\u00e7\u00e3o<\/th>\n<\/tr>\n<\/thead>\n<tbody>\n<tr>\n<td>ISO 513<\/td>\n<td>Classifica\u00e7\u00e3o e aplica\u00e7\u00e3o das ligas duras<\/td>\n<\/tr>\n<tr>\n<td>ASTM B276<\/td>\n<td>P\u00f3s de carbureto de tungst\u00eanio com cobalto e metais duros<\/td>\n<\/tr>\n<tr>\n<td>JIS G 4053<\/td>\n<td>Metais duros sinterizados<\/td>\n<\/tr>\n<tr>\n<td>GB\/T 4661-2006<\/td>\n<td>Padr\u00e3o chin\u00eas para carbonetos cimentados<\/td>\n<\/tr>\n<\/tbody>\n<\/table>\n<p class=\"whitespace-pre-wrap\">Definem:<\/p>\n<ul class=\"list-disc pl-8 space-y-2\">\n<li class=\"whitespace-normal\">Composi\u00e7\u00e3o qu\u00edmica  -  teores de Co e WC<\/li>\n<li class=\"whitespace-normal\">Granulometria do carboneto e distribui\u00e7\u00e3o do tamanho das part\u00edculas do p\u00f3<\/li>\n<li class=\"whitespace-normal\">Propriedades mec\u00e2nicas requeridas<\/li>\n<li class=\"whitespace-normal\">Impurezas aceit\u00e1veis<\/li>\n<li class=\"whitespace-normal\">M\u00e9todos de produ\u00e7\u00e3o aprovados como carbura\u00e7\u00e3o e redu\u00e7\u00e3o-difus\u00e3o<\/li>\n<\/ul>\n<p class=\"whitespace-pre-wrap\">Atende essas especifica\u00e7\u00f5es para garantir uma combina\u00e7\u00e3o \u00f3tima de dureza, for\u00e7a e tenacidade para o m\u00e1ximo desempenho de desgaste.<\/p>\n<h2>Tamanhos das Part\u00edculas de P\u00f3 T15<\/h2>\n<p class=\"whitespace-pre-wrap\"><strong>T15 Distribui\u00e7\u00e3o de tamanho de part\u00edcula de p\u00f3<\/strong><\/p>\n<table>\n<thead>\n<tr>\n<th>Tamanho das part\u00edculas<\/th>\n<th>Caracter\u00edsticas<\/th>\n<\/tr>\n<\/thead>\n<tbody>\n<tr>\n<td>0,5-2 micra<\/td>\n<td>Grau ultrafino proporciona superacabamento<\/td>\n<\/tr>\n<tr>\n<td>0,5-5 micra<\/td>\n<td>Faixa subm\u00edcron aumenta a resist\u00eancia<\/td>\n<\/tr>\n<tr>\n<td>3-15 m\u00edcrons<\/td>\n<td>Tamanho mais comum usado para propriedades \u00f3timas<\/td>\n<\/tr>\n<\/tbody>\n<\/table>\n<ul class=\"list-disc pl-8 space-y-2\">\n<li class=\"whitespace-normal\">P\u00f3s mais finos aumentam dureza e acabamento<\/li>\n<li class=\"whitespace-normal\">P\u00f3s mais grossos melhoram a resist\u00eancia \u00e0 fratura e o impacto<\/li>\n<li class=\"whitespace-normal\">A distribui\u00e7\u00e3o do tamanho das part\u00edculas \u00e9 otimizada com base nas condi\u00e7\u00f5es do servi\u00e7o<\/li>\n<li class=\"whitespace-normal\">Tanto p\u00f3s de carboneto esmagado como sinterizado s\u00e3o usados<\/li>\n<\/ul>\n<p class=\"whitespace-pre-wrap\">Controlar a distribui\u00e7\u00e3o e a morfologia do tamanho de part\u00edcula otimiza as propriedades e desempenho do componente final.<\/p>\n<h2>M\u00e9todo de produ\u00e7\u00e3o do P\u00f3 T15<\/h2>\n<p class=\"whitespace-pre-wrap\"><strong>T15 Produ\u00e7\u00e3o em P\u00f3<\/strong><\/p>\n<table>\n<thead>\n<tr>\n<th>M\u00e9todo<\/th>\n<th>Detalhes<\/th>\n<\/tr>\n<\/thead>\n<tbody>\n<tr>\n<td>Carboneta\u00e7\u00e3o e redu\u00e7\u00e3o-difus\u00e3o<\/td>\n<td>Produz p\u00f3s esf\u00e9ricos finos<\/td>\n<\/tr>\n<tr>\n<td>Esmagamento de sinterizado<\/td>\n<td>Part\u00edculas angulares irregulares, de baixo custo<\/td>\n<\/tr>\n<tr>\n<td>Frezamento<\/td>\n<td>Moagem por bolas usada para redu\u00e7\u00e3o do tamanho das part\u00edculas<\/td>\n<\/tr>\n<tr>\n<td>Spray dryer<\/td>\n<td>Processo de granula\u00e7\u00e3o e esferoidiza\u00e7\u00e3o<\/td>\n<\/tr>\n<tr>\n<td>Desgaseifica\u00e7\u00e3o<\/td>\n<td>Remove as impurezas gasosas<\/td>\n<\/tr>\n<\/tbody>\n<\/table>\n<ul class=\"list-disc pl-8 space-y-2\">\n<li class=\"whitespace-normal\">A morfologia esf\u00e9rica do p\u00f3 oferece alta densidade de compacta\u00e7\u00e3o<\/li>\n<li class=\"whitespace-normal\">P\u00f3s triturados possuem menor custo de produ\u00e7\u00e3o.<\/li>\n<li class=\"whitespace-normal\">Moagem, secagem por pulveriza\u00e7\u00e3o usada para controle do tamanho das part\u00edculas<\/li>\n<li class=\"whitespace-normal\">A desgaseifica\u00e7\u00e3o otimiza a pureza do p\u00f3 e a microestrutura sinterizada<\/li>\n<\/ul>\n<p class=\"whitespace-pre-wrap\">Processos automatizados de produ\u00e7\u00e3o em alto volume resultam em mat\u00e9ria-prima consistente otimizada para o desempenho da pe\u00e7a.<\/p>\n<h2>T15 P\u00f3 Pre\u00e7o<\/h2>\n<p class=\"whitespace-pre-wrap\"><strong>T15 P\u00f3 Pre\u00e7o<\/strong><\/p>\n<table>\n<thead>\n<tr>\n<th>Fator<\/th>\n<th>Impacto no Pre\u00e7o<\/th>\n<\/tr>\n<\/thead>\n<tbody>\n<tr>\n<td>Nivel de P\u00f3<\/td>\n<td>\u00c1gua com mais pureza custa mais<\/td>\n<\/tr>\n<tr>\n<td>Tamanho das part\u00edculas<\/td>\n<td>P\u00f3 ultrafino \u00e9 mais caro<\/td>\n<\/tr>\n<tr>\n<td>Quantidade do Pedido<\/td>\n<td>Quanto maior o volume, menor o pre\u00e7o<\/td>\n<\/tr>\n<tr>\n<td>M\u00e9todo de produ\u00e7\u00e3o<\/td>\n<td>M\u00e9todos complexos aumentam o custo<\/td>\n<\/tr>\n<tr>\n<td>Embalagem<\/td>\n<td>Sacolas ou latas especiais encarecem custo<\/td>\n<\/tr>\n<\/tbody>\n<\/table>\n<p class=\"whitespace-pre-wrap\"><strong>Pre\u00e7os indicativos<\/strong><\/p>\n<ul class=\"list-disc pl-8 space-y-2\">\n<li class=\"whitespace-normal\">T15 p\u00f3 esf\u00e9rico: R$ 45-60 o kg<\/li>\n<li class=\"whitespace-normal\">T15 p\u00f3 triturado: 35-45 d\u00f3lares por kg<\/li>\n<li class=\"whitespace-normal\">O pre\u00e7o para grandes volumes pode ser 20-30% menor<\/li>\n<\/ul>\n<p class=\"whitespace-pre-wrap\">O pre\u00e7o depende das caracter\u00edsticas do p\u00f3, m\u00e9todo de produ\u00e7\u00e3o, tamanho do pedido, embalagem e prazo de entrega.<\/p>\n<h2>Fornecedor de P\u00f3 T15<\/h2>\n<p class=\"whitespace-pre-wrap\"><strong>Fornecedor de P\u00f3 T15<\/strong><\/p>\n<table>\n<thead>\n<tr>\n<th>Empresa<\/th>\n<th>Localiza\u00e7\u00e3o<\/th>\n<\/tr>\n<\/thead>\n<tbody>\n<tr>\n<td>Sandvik<\/td>\n<td>Su\u00e9cia<\/td>\n<\/tr>\n<tr>\n<td>Kennametal<\/td>\n<td>Estados Unidos<\/td>\n<\/tr>\n<tr>\n<td>H.C. Starck<\/td>\n<td>Alemanha<\/td>\n<\/tr>\n<tr>\n<td>Jingdong Novo Material<\/td>\n<td>China<\/td>\n<\/tr>\n<tr>\n<td>Grupo Zhuzhou Cemented Carbide<\/td>\n<td>China<\/td>\n<\/tr>\n<tr>\n<td>Toshiba Materials<\/td>\n<td>Jap\u00e3o<\/td>\n<\/tr>\n<\/tbody>\n<\/table>\n<p class=\"whitespace-pre-wrap\">Fatores de sele\u00e7\u00e3o:<\/p>\n<ul class=\"list-disc pl-8 space-y-2\">\n<li class=\"whitespace-normal\">Classifica\u00e7\u00e3o de p\u00f3s e morfologias das part\u00edculas<\/li>\n<li class=\"whitespace-normal\">Capacidade de produ\u00e7\u00e3o e prazos de entrega<\/li>\n<li class=\"whitespace-normal\">Expertise t\u00e9cnica e atendimento ao cliente<\/li>\n<li class=\"whitespace-normal\">Procedimentos de amostragem, teste e controle de qualidade<\/li>\n<li class=\"whitespace-normal\">N\u00edveis de pre\u00e7os e condi\u00e7\u00f5es de pagamento<\/li>\n<li class=\"whitespace-normal\">Conformidade com padr\u00f5es internacionais de materiais<\/li>\n<\/ul>\n<h2>T15 Manuseio e Armazenamento de P\u00f3<\/h2>\n<p class=\"whitespace-pre-wrap\"><strong>P\u00f3 de manuseio T15<\/strong><\/p>\n<table>\n<thead>\n<tr>\n<th>Recomenda\u00e7\u00e3o<\/th>\n<th>Motivo<\/th>\n<\/tr>\n<\/thead>\n<tbody>\n<tr>\n<td>Use EPI e ventila\u00e7\u00e3o<\/td>\n<td>Prevenir a exposi\u00e7\u00e3o a part\u00edculas finas<\/td>\n<\/tr>\n<tr>\n<td>Evite fontes de igni\u00e7\u00e3o<\/td>\n<td>O p\u00f3 pode gerar combust\u00e3o se superaquecido no ar<\/td>\n<\/tr>\n<tr>\n<td>Siga protocolos seguros<\/td>\n<td>Reduza os riscos de sa\u00fade e inc\u00eandio<\/td>\n<\/tr>\n<tr>\n<td>Use atmosfera inerte<\/td>\n<td>Evitar a oxida\u00e7\u00e3o durante o processamento do p\u00f3<\/td>\n<\/tr>\n<tr>\n<td>Armazene os recipientes lacrados<\/td>\n<td>Evite a contamina\u00e7\u00e3o ou absor\u00e7\u00e3o<\/td>\n<\/tr>\n<\/tbody>\n<\/table>\n<p class=\"whitespace-pre-wrap\"><strong>Recomenda\u00e7\u00f5es de armazenamento<\/strong><\/p>\n<ul class=\"list-disc pl-8 space-y-2\">\n<li class=\"whitespace-normal\">Armazene em recipientes est\u00e1veis e em temperatura ambiente<\/li>\n<li class=\"whitespace-normal\">Limite a exposi\u00e7\u00e3o \u00e0 umidade, \u00e1cidos e cloro<\/li>\n<li class=\"whitespace-normal\">Evite a contamina\u00e7\u00e3o cruzada entre outros p\u00f3s<\/li>\n<\/ul>\n<p class=\"whitespace-pre-wrap\">Precau\u00e7\u00f5es adequadas garantem a pureza do p\u00f3 e previnem problemas de seguran\u00e7a durante o manuseio e armazenamento.<\/p>\n<h2>Inspe\u00e7\u00e3o e teste do p\u00f3 do T15<\/h2>\n<p class=\"whitespace-pre-wrap\"><strong>T15 Teste da P\u00f3lvora<\/strong><\/p>\n<table>\n<thead>\n<tr>\n<th>Teste<\/th>\n<th>Detalhes<\/th>\n<\/tr>\n<\/thead>\n<tbody>\n<tr>\n<td>An\u00e1lise qu\u00edmica<\/td>\n<td>Verifica composi\u00e7\u00e3o usando ICP, EDX ou XRF<\/td>\n<\/tr>\n<tr>\n<td>Distribui\u00e7\u00e3o de Tamanho de Part\u00edcula<\/td>\n<td>An\u00e1lise por difra\u00e7\u00e3o a laser ou sedimenta\u00e7\u00e3o<\/td>\n<\/tr>\n<tr>\n<td>Morfologia do p\u00f3<\/td>\n<td>Imagem SEM do formato de part\u00edcula<\/td>\n<\/tr>\n<tr>\n<td>Densidade Aparente<\/td>\n<td>Medido conforme norma ASTM B212<\/td>\n<\/tr>\n<tr>\n<td>Densidade de Batida<\/td>\n<td>Densidade medida ap\u00f3s batimento mec\u00e2nico<\/td>\n<\/tr>\n<tr>\n<td>Vaz\u00e3o de fluxo do corredor<\/td>\n<td>Determina a fluidez do p\u00f3<\/td>\n<\/tr>\n<\/tbody>\n<\/table>\n<p class=\"whitespace-pre-wrap\">Os testes garantem que o p\u00f3 atenda a composi\u00e7\u00e3o qu\u00edmica, caracter\u00edsticas de part\u00edculas, morfologia, especifica\u00e7\u00f5es de densidade e fluidez necess\u00e1rias, de acordo com as normas pertinentes.<\/p>\n<h2>T15 P\u00f3 Pr\u00f3s e Contras<\/h2>\n<p class=\"whitespace-pre-wrap\"><strong>Vantagens do p\u00f3 T15<\/strong><\/p>\n<ul class=\"list-disc pl-8 space-y-2\">\n<li class=\"whitespace-normal\">Dureza, resist\u00eancia ao desgaste e for\u00e7a excepcionais<\/li>\n<li class=\"whitespace-normal\">Suporta alta compress\u00e3o sem fratura<\/li>\n<li class=\"whitespace-normal\">Boa tenacidade \u00e0 fratura e resist\u00eancia ao impacto<\/li>\n<li class=\"whitespace-normal\">Estabilidade dimensional sob cargas pesadas<\/li>\n<li class=\"whitespace-normal\">Resiste \u00e0 deforma\u00e7\u00e3o em elevadas temperaturas<\/li>\n<li class=\"whitespace-normal\">Possibilita componentes menores e mais leves<\/li>\n<\/ul>\n<p class=\"whitespace-pre-wrap\"><strong>Limit\u00e7\u00f5es do T15 Powder<\/strong><\/p>\n<ul class=\"list-disc pl-8 space-y-2\">\n<li class=\"whitespace-normal\">Dif\u00edcil de usinar depois da sinteriza\u00e7\u00e3o<\/li>\n<li class=\"whitespace-normal\">N\u00e3o adequado para aplica\u00e7\u00f5es de rolamento din\u00e2mico<\/li>\n<li class=\"whitespace-normal\">Comportamento relativamente fr\u00e1gil<\/li>\n<li class=\"whitespace-normal\">Oxida\u00e7\u00e3o a altas temperaturas sem revestimentos resistentes<\/li>\n<li class=\"whitespace-normal\">Custos de mat\u00e9ria prima superiores ao dos p\u00f3s de a\u00e7o<\/li>\n<li class=\"whitespace-normal\">Requer experi\u00eancia especializada para uso ideal<\/li>\n<\/ul>\n<h2>Compara\u00e7\u00e3o com Carboneto de Tungst\u00eanio-Carboneto de Tit\u00e2nio-Carboneto de T\u00e2ntalo<\/h2>\n<p class=\"whitespace-pre-wrap\"><strong>T15 x WC-TiC-TaC<\/strong><\/p>\n<table>\n<thead>\n<tr>\n<th>Par\u00e2metro<\/th>\n<th>T15<\/th>\n<th>Banheiro-Tique-Taque<\/th>\n<\/tr>\n<\/thead>\n<tbody>\n<tr>\n<td>Dureza<\/td>\n<td>88-93 HRA<\/td>\n<td>92-96 HPA<\/td>\n<\/tr>\n<tr>\n<td>Resist\u00eancia \u00e0 fratura<\/td>\n<td>10-12 MPa.m^1\/2<\/td>\n<td>8-9 MPa.m^1\/2<\/td>\n<\/tr>\n<tr>\n<td>For\u00e7a<\/td>\n<td>Muito alto<\/td>\n<td>Muito alto<\/td>\n<\/tr>\n<tr>\n<td>Custo<\/td>\n<td>Moderado<\/td>\n<td>Muito alto<\/td>\n<\/tr>\n<tr>\n<td>Resist\u00eancia \u00e0 corros\u00e3o<\/td>\n<td>Razo\u00e1vel<\/td>\n<td>Excelente<\/td>\n<\/tr>\n<tr>\n<td>APLICATIVOS<\/td>\n<td>Pe\u00e7as gerais de desgaste<\/td>\n<td>Extrema abras\u00e3o e corros\u00e3o<\/td>\n<\/tr>\n<\/tbody>\n<\/table>\n<ul class=\"list-disc pl-8 space-y-2\">\n<li class=\"whitespace-normal\">WC-TiC-TaC tem dureza e resist\u00eancia ligeiramente maior<\/li>\n<li class=\"whitespace-normal\">O T15 oferece uma resist\u00eancia \u00e0 fratura significativamente melhor<\/li>\n<li class=\"whitespace-normal\">WC-TiC-TaC apresenta excelente resist\u00eancia \u00e0 corros\u00e3o<\/li>\n<li class=\"whitespace-normal\">O T15 tem maior custo-benef\u00edcio<\/li>\n<li class=\"whitespace-normal\">WC-TiC-TaC para aplica\u00e7\u00f5es mais cr\u00edticas e dispendiosas<\/li>\n<\/ul>\n<h2>T15 P\u00f3: Perguntas Frequentes<\/h2>\n<p class=\"whitespace-pre-wrap\"><strong>**P: Quais s\u00e3o as principais aplica\u00e7\u00f5es do p\u00f3 de tungst\u00eanio cobalto T15?**<\/strong><\/p>\n<p class=\"whitespace-pre-wrap\">A: Principais aplica\u00e7\u00f5es incluem ferramentas de minera\u00e7\u00e3o como brocas, britadores de rochas e equipamentos de dragagem; ferramentas de constru\u00e7\u00e3o como equipamentos de demoli\u00e7\u00e3o e pulveriza\u00e7\u00e3o; matrizes, pe\u00e7as de estampagem, ferramentas de extrus\u00e3o; componentes resistentes \u00e0 abras\u00e3o; e ferramentas gerais de corte e usinagem.<\/p>\n<p class=\"whitespace-pre-wrap\"><strong>P: Por que o cobalto \u00e9 usado como aglutinante em classes de carboneto de tungst\u00eanio?<\/strong><\/p>\n<p class=\"whitespace-pre-wrap\">R: O cobalto oferece boa resist\u00eancia \u00e0 corros\u00e3o, alta resist\u00eancia e tenacidade e facilita a sinteriza\u00e7\u00e3o da fase l\u00edquida das part\u00edculas de carboneto de tungst\u00eanio durante a densifica\u00e7\u00e3o para atingir a densidade total e as propriedades ideais.<\/p>\n<p class=\"whitespace-pre-wrap\"><strong>P: Qual tratamento t\u00e9rmico \u00e9 utilizado par as pe\u00e7as de cobalto de carboneto de tungst\u00eanio T15?<\/strong><\/p>\n<p class=\"whitespace-pre-wrap\">A: O T15 n\u00e3o requer tratamento t\u00e9rmico p\u00f3s-sinteriza\u00e7\u00e3o. O processo de sinteriza\u00e7\u00e3o em fase l\u00edquida permite alcan\u00e7ar densidade total e as propriedades desejadas durante a consolida\u00e7\u00e3o do p\u00f3 em si.<\/p>\n<p class=\"whitespace-pre-wrap\"><strong>P: Como o p\u00f3 de cobalto de carboneto de tungst\u00eanio T15 \u00e9 produzido?<\/strong><\/p>\n<p class=\"whitespace-pre-wrap\">R: Os principais m\u00e9todos de produ\u00e7\u00e3o incluem a cementa\u00e7\u00e3o e a difus\u00e3o-redu\u00e7\u00e3o para fazer p\u00f3s esf\u00e9ricos ou tritura\u00e7\u00e3o e moagem de material de carboneto de tungst\u00eanio sinterizado em part\u00edculas irregulares. Esses p\u00f3s s\u00e3o ent\u00e3o misturados com p\u00f3 de cobalto na propor\u00e7\u00e3o desejada.<\/p>\n<div id=\"gtx-trans\" style=\"position: absolute; left: -76px; top: 49.8125px;\">\n<div class=\"gtx-trans-icon\"><\/div>\n<\/div>\n<p><\/span><\/span><\/p>","protected":false},"excerpt":{"rendered":"<p>Vis\u00e3o geral do P\u00f3 T15 O p\u00f3 T15 \u00e9 um p\u00f3 de carboneto de tungst\u00eanio-cobalto cimentado que oferece uma combina\u00e7\u00e3o excepcional de dureza, resist\u00eancia e tenacidade. Ele cont\u00e9m uma alta porcentagem de carboneto de tungst\u00eanio junto com 15% de cobalto como fase ligante. Propriedades e vantagens-chave do p\u00f3 T15: Propriedades e caracter\u00edsticas do P\u00f3 T15 Detalhes das Propriedades Composi\u00e7\u00e3o 85%...<\/p>","protected":false},"featured_media":1845,"parent":0,"template":"","meta":{"_acf_changed":false,"_kad_blocks_custom_css":"","_kad_blocks_head_custom_js":"","_kad_blocks_body_custom_js":"","_kad_blocks_footer_custom_js":"","_kad_post_transparent":"","_kad_post_title":"","_kad_post_layout":"","_kad_post_sidebar_id":"","_kad_post_content_style":"","_kad_post_vertical_padding":"","_kad_post_feature":"","_kad_post_feature_position":"","_kad_post_header":false,"_kad_post_footer":false,"_kad_post_classname":""},"product-category":[119,122],"class_list":["post-3922","product","type-product","status-publish","has-post-thumbnail","hentry","product-category-3d-printing-metal-powder","product-category-iron-based-alloy-powder"],"acf":[],"taxonomy_info":{"product-category":[{"value":119,"label":"3D Printing Metal Powder"},{"value":122,"label":"Iron Based Alloy Powder"}]},"featured_image_src_large":["https:\/\/3dpmetal.com\/wp-content\/uploads\/2024\/02\/T15-Powder.jpg",600,600,false],"author_info":[],"comment_info":"","_links":{"self":[{"href":"https:\/\/3dpmetal.com\/pt_br\/wp-json\/wp\/v2\/product\/3922","targetHints":{"allow":["GET"]}}],"collection":[{"href":"https:\/\/3dpmetal.com\/pt_br\/wp-json\/wp\/v2\/product"}],"about":[{"href":"https:\/\/3dpmetal.com\/pt_br\/wp-json\/wp\/v2\/types\/product"}],"wp:featuredmedia":[{"embeddable":true,"href":"https:\/\/3dpmetal.com\/pt_br\/wp-json\/wp\/v2\/media\/1845"}],"wp:attachment":[{"href":"https:\/\/3dpmetal.com\/pt_br\/wp-json\/wp\/v2\/media?parent=3922"}],"wp:term":[{"taxonomy":"product-category","embeddable":true,"href":"https:\/\/3dpmetal.com\/pt_br\/wp-json\/wp\/v2\/product-category?post=3922"}],"curies":[{"name":"wp","href":"https:\/\/api.w.org\/{rel}","templated":true}]}}