{"id":3924,"date":"2024-03-18T06:10:14","date_gmt":"2024-03-18T06:10:14","guid":{"rendered":"https:\/\/3dp.45612300.xyz\/product\/pure-copper-powder\/"},"modified":"2024-03-18T06:10:14","modified_gmt":"2024-03-18T06:10:14","slug":"pure-copper-powder","status":"publish","type":"product","link":"https:\/\/3dpmetal.com\/pt_br\/product\/pure-copper-powder\/","title":{"rendered":"P\u00f3 de cobre puro"},"content":{"rendered":"<p><span style=\"vertical-align: inherit;\"><span style=\"vertical-align: inherit;\"><\/p>\n<h2>Vis\u00e3o geral do p\u00f3 de cobre puro<\/h2>\n<p class=\"whitespace-pre-wrap\">O p\u00f3 de cobre puro cont\u00e9m um teor de cobre igual ou superior a 99,5%. Ele oferece excelente condutividade t\u00e9rmica e el\u00e9trica combinada com boa resist\u00eancia \u00e0 corros\u00e3o, soldabilidade e biocompatibilidade.<\/p>\n<p class=\"whitespace-pre-wrap\">Propriedades e vantagens principais do p\u00f3 de cobre puro:<\/p>\n<p class=\"whitespace-pre-wrap\"><strong>Propriedades e caracter\u00edsticas do p\u00f3 de cobre puro<\/strong><\/p>\n<table>\n<thead>\n<tr>\n<th>Propriedades<\/th>\n<th>Detalhes<\/th>\n<\/tr>\n<\/thead>\n<tbody>\n<tr>\n<td>Composi\u00e7\u00e3o<\/td>\n<td>99,5% ou mais de teor de cobre<\/td>\n<\/tr>\n<tr>\n<td>Densidade<\/td>\n<td>8,94 g\/cc<\/td>\n<\/tr>\n<tr>\n<td>Formas das Part\u00edculas<\/td>\n<td>Esf\u00e9rico, irregular<\/td>\n<\/tr>\n<tr>\n<td>Tamanho da linha<\/td>\n<td>1-150 micrometro<\/td>\n<\/tr>\n<tr>\n<td>Densidade Aparente<\/td>\n<td>At\u00e9 50% de densidade real<\/td>\n<\/tr>\n<tr>\n<td>Condutividade<\/td>\n<td>Excelente, perde s\u00f3 para a prata<\/td>\n<\/tr>\n<tr>\n<td>Soldabilidade<\/td>\n<td>Excelente devido \u00e0 resist\u00eancia \u00e0 oxida\u00e7\u00e3o<\/td>\n<\/tr>\n<tr>\n<td>Biocompatibilidade<\/td>\n<td>Alta, segura para contato com alimentos<\/td>\n<\/tr>\n<\/tbody>\n<\/table>\n<p class=\"whitespace-pre-wrap\">P\u00f3 de cobre puro \u00e9 ideal para aplica\u00e7\u00f5es como produtos de soldagem, ligas de brasagem, materiais de fric\u00e7\u00e3o, ferramentas de diamante, contatos el\u00e9tricos e moldagem por inje\u00e7\u00e3o de metal.<\/p>\n<h2>Composi\u00e7\u00e3o em P\u00f3 de Cobre Puro<\/h2>\n<p class=\"whitespace-pre-wrap\">Composi\u00e7\u00e3o t\u00edpica do p\u00f3 de cobre puro:<\/p>\n<p class=\"whitespace-pre-wrap\"><strong>Composi\u00e7\u00e3o em P\u00f3 de Cobre Puro<\/strong><\/p>\n<table>\n<thead>\n<tr>\n<th>Elemento<\/th>\n<th>% do Peso<\/th>\n<\/tr>\n<\/thead>\n<tbody>\n<tr>\n<td>Cobre (Cu)<\/td>\n<td>99,5% min<\/td>\n<\/tr>\n<tr>\n<td>Oxig\u00eanio (O)<\/td>\n<td>m\u00e1x 0,05%<\/td>\n<\/tr>\n<tr>\n<td>Chumbo (Pb)<\/td>\n<td>0.005% m\u00e1x<\/td>\n<\/tr>\n<tr>\n<td>Outras impurezas<\/td>\n<td>0.005% m\u00e1x<\/td>\n<\/tr>\n<\/tbody>\n<\/table>\n<ul class=\"list-disc pl-8 space-y-2\">\n<li class=\"whitespace-normal\">O cobre oferece excelente condutividade e resist\u00eancia \u00e0 corros\u00e3o<\/li>\n<li class=\"whitespace-normal\">Oxig\u00eanio presente como impureza afeta a condutividade e a sinteriza\u00e7\u00e3o<\/li>\n<li class=\"whitespace-normal\">Chumbo e outras impurezas cuidadosamente controladas<\/li>\n<\/ul>\n<p class=\"whitespace-pre-wrap\">Alto teor de cobre, baixo teor de \u00f3xidos e impurezas m\u00ednimas resultam em excelente condutividade el\u00e9trica e t\u00e9rmica, combinadas com boas propriedades mec\u00e2nicas.<\/p>\n<p><img loading=\"lazy\" decoding=\"async\" class=\"alignnone size-medium wp-image-1409\" src=\"https:\/\/met3dp.com\/wp-content\/uploads\/2023\/09\/ed7a94ec-3c10-4b1b-87ed--300x300.jpg\" alt=\"P\u00f3 de cobre puro\" width=\"300\" height=\"300\" title=\"\"><\/p>\n<h2>Propriedades f\u00edsicas do p\u00f3 de cobre puro<\/h2>\n<p class=\"whitespace-pre-wrap\"><strong>Propriedades f\u00edsicas do p\u00f3 de cobre puro<\/strong><\/p>\n<table>\n<thead>\n<tr>\n<th>Propriedade<\/th>\n<th>Valores<\/th>\n<\/tr>\n<\/thead>\n<tbody>\n<tr>\n<td>Densidade<\/td>\n<td>8,94 g\/cc<\/td>\n<\/tr>\n<tr>\n<td>Ponto de Fus\u00e3o<\/td>\n<td>1083\u00a1\u00abC<\/td>\n<\/tr>\n<tr>\n<td>Condutividade t\u00e9rmica<\/td>\n<td>400 W\/mK<\/td>\n<\/tr>\n<tr>\n<td>Resistividade el\u00e9trica<\/td>\n<td>1,72 \u00c3\u2014 10^-12-cm<\/td>\n<\/tr>\n<tr>\n<td>Temperatura de recristaliza\u00e7\u00e3o<\/td>\n<td>200-300\u00a1\u00abC<\/td>\n<\/tr>\n<tr>\n<td>Temperatura de Curie<\/td>\n<td>-269\u00a1\u00abC<\/td>\n<\/tr>\n<\/tbody>\n<\/table>\n<ul class=\"list-disc pl-8 space-y-2\">\n<li class=\"whitespace-normal\">Alta densidade comparada com magn\u00e9sio ou alum\u00ednio<\/li>\n<li class=\"whitespace-normal\">Excelente condutividade t\u00e9rmica para dissipa\u00e7\u00e3o de calor<\/li>\n<li class=\"whitespace-normal\">Baixa resistividade el\u00e9trica oferece alta condutividade<\/li>\n<li class=\"whitespace-normal\">A recristaliza\u00e7\u00e3o permite sinteriza\u00e7\u00e3o e melhora a ductilidade<\/li>\n<li class=\"whitespace-normal\">A resistividade aumenta acima do ponto de Curie<\/li>\n<\/ul>\n<p class=\"whitespace-pre-wrap\">Estas propriedades tornam o cobre puro apropriado para componentes altamente condutores como contatos e escovas el\u00e9tricas.<\/p>\n<h2>Propriedades Mec\u00e2nicas do P\u00f3 de Cobre Puro<\/h2>\n<p class=\"whitespace-pre-wrap\"><strong>Propriedades Mec\u00e2nicas do P\u00f3 de Cobre Puro<\/strong><\/p>\n<table>\n<thead>\n<tr>\n<th>Propriedade<\/th>\n<th>Valores<\/th>\n<\/tr>\n<\/thead>\n<tbody>\n<tr>\n<td>Resist\u00eancia \u00e0 Tra\u00e7\u00e3o<\/td>\n<td>220-340 MPa<\/td>\n<\/tr>\n<tr>\n<td>Limite de escoamento<\/td>\n<td>69-172 MPa<\/td>\n<\/tr>\n<tr>\n<td>alongamento<\/td>\n<td>35-60%<\/td>\n<\/tr>\n<tr>\n<td>Dureza<\/td>\n<td>45-90 HB<\/td>\n<\/tr>\n<tr>\n<td>M\u00f3dulo de elasticidade<\/td>\n<td>110-130 GPa<\/td>\n<\/tr>\n<tr>\n<td>Resist\u00eancia \u00e0 compress\u00e3o<\/td>\n<td>500-700 MPa<\/td>\n<\/tr>\n<\/tbody>\n<\/table>\n<ul class=\"list-disc pl-8 space-y-2\">\n<li class=\"whitespace-normal\">Boa combina\u00e7\u00e3o de resist\u00eancia e ductilidade muito alta<\/li>\n<li class=\"whitespace-normal\">Dureza relativamente baixa e alta maleabilidade<\/li>\n<li class=\"whitespace-normal\">Resist\u00eancia moderada em compara\u00e7\u00e3o com ligas de alta resist\u00eancia<\/li>\n<li class=\"whitespace-normal\">Propriedades dependem de fatores como porosidade e tamanho de gr\u00e3o<\/li>\n<\/ul>\n<p class=\"whitespace-pre-wrap\">As propriedades tornam o cobre puro adequado para componentes macios e altamente condutores que exigem boa resist\u00eancia \u00e0 deforma\u00e7\u00e3o e \u00e0 compress\u00e3o.<\/p>\n<h2>Aplica\u00e7\u00e3o do P\u00f3 de Cobre Puro<\/h2>\n<p class=\"whitespace-pre-wrap\">Aplica\u00e7\u00f5es t\u00edpicas de p\u00f3 de cobre puro incluem:<\/p>\n<p class=\"whitespace-pre-wrap\"><strong>Aplica\u00e7\u00e3o do P\u00f3 de Cobre Puro<\/strong><\/p>\n<table>\n<thead>\n<tr>\n<th>Ind\u00fastria<\/th>\n<th>Utiliza\u00e7\u00f5es<\/th>\n<\/tr>\n<\/thead>\n<tbody>\n<tr>\n<td>Eletr\u00f4nicos<\/td>\n<td>Contatos, escovas, eletrodos de solda<\/td>\n<\/tr>\n<tr>\n<td>Eletr\u00f4nicos<\/td>\n<td>Adesivos condutivos, blindagem de RF<\/td>\n<\/tr>\n<tr>\n<td>Automotivo<\/td>\n<td>Escovas, buchas, rolamentos<\/td>\n<\/tr>\n<tr>\n<td>Industrial<\/td>\n<td>Ferramentas diamantadas, moldes de fundi\u00e7\u00e3o<\/td>\n<\/tr>\n<tr>\n<td>Fabrica\u00e7\u00e3o<\/td>\n<td>Ligas de brasagem, metalurgia do p\u00f3<\/td>\n<\/tr>\n<tr>\n<td>Produtos de fric\u00e7\u00e3o<\/td>\n<td>Pastilhas de freio, discos de embreagem<\/td>\n<\/tr>\n<\/tbody>\n<\/table>\n<p class=\"whitespace-pre-wrap\">Usos espec\u00edficos do produto:<\/p>\n<ul class=\"list-disc pl-8 space-y-2\">\n<li class=\"whitespace-normal\">Contatos e escovas el\u00e9tricas deslizantes<\/li>\n<li class=\"whitespace-normal\">Dissipadores de calor e componentes de gerenciamento t\u00e9rmico<\/li>\n<li class=\"whitespace-normal\">Varetas de solda, pastas de brasagem e ligas met\u00e1licas para solda<\/li>\n<li class=\"whitespace-normal\">Comp\u00f3sitos de matriz met\u00e1lica como ferramentas de diamante<\/li>\n<li class=\"whitespace-normal\">Moldagem por inje\u00e7\u00e3o de metal cria componentes de formato l\u00edquido<\/li>\n<li class=\"whitespace-normal\">Buchas de bombas, impelidores e outras pe\u00e7as de desgaste<\/li>\n<\/ul>\n<p class=\"whitespace-pre-wrap\">A  elevada condutividade, resist\u00eancia \u00e0 corros\u00e3o, compatibilidade biol\u00f3gica e resist\u00eancia moderada fazem com que o cobre puro seja adequado para esta gama diversificada de aplica\u00e7\u00f5es el\u00e9tricas, t\u00e9rmicas e de desgaste moderado em todas as ind\u00fastrias.<\/p>\n<h2>Especifica\u00e7\u00f5es de P\u00f3 de Cobre Puro<\/h2>\n<p class=\"whitespace-pre-wrap\">Principais especifica\u00e7\u00f5es para p\u00f3 de cobre puro incluem:<\/p>\n<p class=\"whitespace-pre-wrap\"><strong>Especifica\u00e7\u00f5es de P\u00f3 de Cobre Puro<\/strong><\/p>\n<table>\n<thead>\n<tr>\n<th>Padr\u00e3o<\/th>\n<th>Descri\u00e7\u00e3o<\/th>\n<\/tr>\n<\/thead>\n<tbody>\n<tr>\n<td>ASTM B602<\/td>\n<td>Especifica\u00e7\u00e3o para p\u00f3 de cobre eletrol\u00edtico de alta pureza<\/td>\n<\/tr>\n<tr>\n<td>JIS H2111<\/td>\n<td>Especifica\u00e7\u00f5es para p\u00f3 de cobre eletrol\u00edtico e ligas de cobre<\/td>\n<\/tr>\n<tr>\n<td>ISO 3497<\/td>\n<td>Especifica\u00e7\u00e3o para p\u00f3s de cobre de uso geral<\/td>\n<\/tr>\n<tr>\n<td>ASTM B243<\/td>\n<td>Orienta\u00e7\u00e3o sobre densidade aparente e vaz\u00e3o<\/td>\n<\/tr>\n<\/tbody>\n<\/table>\n<p class=\"whitespace-pre-wrap\">Definem:<\/p>\n<ul class=\"list-disc pl-8 space-y-2\">\n<li class=\"whitespace-normal\">Teor m\u00ednimo de 99,5% de cobre<\/li>\n<li class=\"whitespace-normal\">Limites de impurezas como oxig\u00eanio e chumbo<\/li>\n<li class=\"whitespace-normal\">Caracter\u00edsticas do p\u00f3 requeridas<\/li>\n<li class=\"whitespace-normal\">Densidade aparente e taxa de fluxo<\/li>\n<li class=\"whitespace-normal\">M\u00e9todo de produ\u00e7\u00e3o aprovado - eletr\u00f3lito<\/li>\n<li class=\"whitespace-normal\">Protocolos de amostragem e testes<\/li>\n<\/ul>\n<p class=\"whitespace-pre-wrap\">Atender a essas especifica\u00e7\u00f5es garante adequa\u00e7\u00e3o a aplica\u00e7\u00f5es que necessitem de alta condutividade t\u00e9rmica e el\u00e9trica combinada a boas propriedades mec\u00e2nicas.<\/p>\n<h2>Tamanhos de Part\u00edculas de P\u00f3 de Cobre Puro<\/h2>\n<p class=\"whitespace-pre-wrap\"><strong>Distribui\u00e7\u00e3o do tamanho das part\u00edculas de p\u00f3 de cobre puro<\/strong><\/p>\n<table>\n<thead>\n<tr>\n<th>Tamanho<\/th>\n<th>Caracter\u00edsticas<\/th>\n<\/tr>\n<\/thead>\n<tbody>\n<tr>\n<td>1-10 micra<\/td>\n<td>Grau ultrafino usado em microeletr\u00f4nica<\/td>\n<\/tr>\n<tr>\n<td>Entre 10-30 micras<\/td>\n<td>Granulometria fina, adequada para sinteriza\u00e7\u00e3o<\/td>\n<\/tr>\n<tr>\n<td>30-150 micr\u00f4metros<\/td>\n<td>Granula\u00e7\u00e3o grossa apresenta boa fluidez para prensagem<\/td>\n<\/tr>\n<\/tbody>\n<\/table>\n<ul class=\"list-disc pl-8 space-y-2\">\n<li class=\"whitespace-normal\">Tamanhos mais finos proporcionam densidade sinterizada maior<\/li>\n<li class=\"whitespace-normal\">P\u00f3s mais grosseiros possuem melhor escoabilidade<\/li>\n<li class=\"whitespace-normal\">Faixa de tamanhos adaptada de acordo com a aplica\u00e7\u00e3o desejada<\/li>\n<li class=\"whitespace-normal\">Formas esf\u00e9ricas e irregulares dispon\u00edveis<\/li>\n<\/ul>\n<p class=\"whitespace-pre-wrap\">O controle da distribui\u00e7\u00e3o do tamanho de particulas otimiza o comportamento da prensagem, densidade de sinteriza\u00e7\u00e3o e as propriedades finais da pe\u00e7a.<\/p>\n<h2>Densidade Aparente de P\u00f3 de Cobre Puro<\/h2>\n<p class=\"whitespace-pre-wrap\"><strong>Densidade Aparente de P\u00f3 de Cobre Puro<\/strong><\/p>\n<table>\n<thead>\n<tr>\n<th>Densidade Aparente<\/th>\n<th>Detalhes<\/th>\n<\/tr>\n<\/thead>\n<tbody>\n<tr>\n<td>At\u00e9 50% de densidade real<\/td>\n<td>Para morfologia irregular do p\u00f3<\/td>\n<\/tr>\n<tr>\n<td>3,5-5,0 g\/cc em geral<\/td>\n<td>Melhora com maior densidade de empacotamento<\/td>\n<\/tr>\n<\/tbody>\n<\/table>\n<ul class=\"list-disc pl-8 space-y-2\">\n<li class=\"whitespace-normal\">A densidade aparente superior melhora o fluxo e a compressibilidade do p\u00f3<\/li>\n<li class=\"whitespace-normal\">A morfologia irregular limita a densidade m\u00e1xima de empacotamento<\/li>\n<li class=\"whitespace-normal\">Valores de at\u00e9 60% ating\u00edveis com p\u00f3 esf\u00e9rico<\/li>\n<li class=\"whitespace-normal\">Alta densidade aparente permite uma compacta\u00e7\u00e3o mais f\u00e1cil<\/li>\n<\/ul>\n<p class=\"whitespace-pre-wrap\">Uma densidade aparente maior leva a uma prensagem de p\u00f3 mais eficiente e sinteriza\u00e7\u00e3o a densidade total.<\/p>\n<h2>Produ\u00e7\u00e3o de Cobre em P\u00f3 Puro<\/h2>\n<p class=\"whitespace-pre-wrap\"><strong>Produ\u00e7\u00e3o de Cobre em P\u00f3 Puro<\/strong><\/p>\n<table>\n<thead>\n<tr>\n<th>M\u00e9todo<\/th>\n<th>Detalhes<\/th>\n<\/tr>\n<\/thead>\n<tbody>\n<tr>\n<td>Eletr\u00f3lise<\/td>\n<td>C\u00e1todos de cobre dissolvidos anoticamente em \u00edons Cu+ e depositados em c\u00e1todos de a\u00e7o inoxid\u00e1vel<\/td>\n<\/tr>\n<tr>\n<td>\"Milling de esferas\"<\/td>\n<td>P\u00f3s Grossos quebrados e classificados em tamanhos espec\u00edficos<\/td>\n<\/tr>\n<tr>\n<td>Recozimento<\/td>\n<td>Suaviza as part\u00edculas do p\u00f3 e melhora a compressibilidade<\/td>\n<\/tr>\n<tr>\n<td>Atmosfera redutora<\/td>\n<td>Previne a oxida\u00e7\u00e3o das part\u00edculas durante a produ\u00e7\u00e3o<\/td>\n<\/tr>\n<\/tbody>\n<\/table>\n<ul class=\"list-disc pl-8 space-y-2\">\n<li class=\"whitespace-normal\">Processo eletrol\u00edtico automatizado possibilita produ\u00e7\u00e3o em grande escala<\/li>\n<li class=\"whitespace-normal\">O moimento e a peneira\u00e7\u00e3o fornecem a distribui\u00e7\u00e3o controlada do tamanho das part\u00edculas<\/li>\n<li class=\"whitespace-normal\">O recozimento facilita a prensagem e manipula\u00e7\u00e3o<\/li>\n<li class=\"whitespace-normal\">Controle rigoroso do processo garante alta pureza e qualidade repet\u00edvel<\/li>\n<\/ul>\n<h2>Previs\u00e3o de Pre\u00e7os do P\u00f3 de Cobre Puro<\/h2>\n<p class=\"whitespace-pre-wrap\"><strong>Previs\u00e3o de Pre\u00e7os do P\u00f3 de Cobre Puro<\/strong><\/p>\n<table>\n<thead>\n<tr>\n<th>Fator<\/th>\n<th>Impacto no Pre\u00e7o<\/th>\n<\/tr>\n<\/thead>\n<tbody>\n<tr>\n<td>Grau de pureza<\/td>\n<td>Maior pureza aumenta o custo<\/td>\n<\/tr>\n<tr>\n<td>Tamanho das part\u00edculas<\/td>\n<td>P\u00f3 ultrafino mais caro<\/td>\n<\/tr>\n<tr>\n<td>Quantidade do Pedido<\/td>\n<td>Pedidos em atacado possuem um pre\u00e7o mais baixo por unidade<\/td>\n<\/tr>\n<tr>\n<td>M\u00e9todo de produ\u00e7\u00e3o<\/td>\n<td>Processamento adicional aumenta o custo<\/td>\n<\/tr>\n<tr>\n<td>Embalagem<\/td>\n<td>Embalagens especiais, como selagem a v\u00e1cuo, adicionam custo<\/td>\n<\/tr>\n<\/tbody>\n<\/table>\n<p class=\"whitespace-pre-wrap\"><strong>Pre\u00e7os indicativos<\/strong><\/p>\n<ul class=\"list-disc pl-8 space-y-2\">\n<li class=\"whitespace-normal\">P\u00f3 de cobre puro ultrafino: R$ 80 a R$ 130 por quilo<\/li>\n<li class=\"whitespace-normal\">P\u00f3 de cobre puro grosso: R$ 10,00-15,00 por kg<\/li>\n<li class=\"whitespace-normal\">O pre\u00e7o por volume pode ser 40% menor<\/li>\n<\/ul>\n<p class=\"whitespace-pre-wrap\">O pre\u00e7o depende da pureza, granulometria, m\u00e9todo de produ\u00e7\u00e3o, quantidade do pedido, embalagem, etc.<\/p>\n<h2>Fornecedores de p\u00f3 de cobre puro.<\/h2>\n<p class=\"whitespace-pre-wrap\"><strong>Fornecedores de p\u00f3 de cobre puro.<\/strong><\/p>\n<table>\n<thead>\n<tr>\n<th>Empresa<\/th>\n<th>Localiza\u00e7\u00e3o<\/th>\n<\/tr>\n<\/thead>\n<tbody>\n<tr>\n<td>Kymera International<\/td>\n<td>Estados Unidos<\/td>\n<\/tr>\n<tr>\n<td>GGP Metalp\u00f3<\/td>\n<td>Alemanha<\/td>\n<\/tr>\n<tr>\n<td>American Chemet Corporation<\/td>\n<td>Estados Unidos<\/td>\n<\/tr>\n<tr>\n<td>P\u00f3 da CNPC de Xangai<\/td>\n<td>China<\/td>\n<\/tr>\n<tr>\n<td>Mitsui Kinzoku<\/td>\n<td>Jap\u00e3o<\/td>\n<\/tr>\n<tr>\n<td>Nuclead<\/td>\n<td>Fran\u00e7a<\/td>\n<\/tr>\n<\/tbody>\n<\/table>\n<p class=\"whitespace-pre-wrap\">Fatores para selecionar fornecedores:<\/p>\n<ul class=\"list-disc pl-8 space-y-2\">\n<li class=\"whitespace-normal\">N\u00edveis e tipos de pureza<\/li>\n<li class=\"whitespace-normal\">Capacidade de produ\u00e7\u00e3o e prazos de entrega<\/li>\n<li class=\"whitespace-normal\">intervalo de tamanho m\u00e9dio das part\u00edculas<\/li>\n<li class=\"whitespace-normal\">Personaliza\u00e7\u00e3o da distribui\u00e7\u00e3o de tamanhos<\/li>\n<li class=\"whitespace-normal\">Op\u00e7\u00f5es de embalagens e quantidades do pedido<\/li>\n<li class=\"whitespace-normal\">N\u00edveis de pre\u00e7o baseados em volume<\/li>\n<li class=\"whitespace-normal\">Conformidade com as especifica\u00e7\u00f5es internacionais<\/li>\n<\/ul>\n<h2>Manuseio e Armazenamento de P\u00f3 de Cobre Puro<\/h2>\n<p class=\"whitespace-pre-wrap\"><strong>Manuseio de P\u00f3 de Cobre Puro<\/strong><\/p>\n<table>\n<thead>\n<tr>\n<th>Recomenda\u00e7\u00e3o<\/th>\n<th>Motivo<\/th>\n<\/tr>\n<\/thead>\n<tbody>\n<tr>\n<td>Certifique-se de um local com boa ventila\u00e7\u00e3o<\/td>\n<td>Prevenir a exposi\u00e7\u00e3o a part\u00edculas finas<\/td>\n<\/tr>\n<tr>\n<td>Use o EPI apropriado<\/td>\n<td>Evite a ingest\u00e3o acidental<\/td>\n<\/tr>\n<tr>\n<td>Siga protocolos seguros<\/td>\n<td>Reduzir riscos \u00e0 sa\u00fade<\/td>\n<\/tr>\n<tr>\n<td>Evite fontes de igni\u00e7\u00e3o<\/td>\n<td>Perigo por poeira inflam\u00e1vel<\/td>\n<\/tr>\n<tr>\n<td>Equipamento de terra<\/td>\n<td>Evite descarga est\u00e1tica<\/td>\n<\/tr>\n<tr>\n<td>Use ferramentas n\u00e3o faiscantes<\/td>\n<td>Evitar a possibilidade de igni\u00e7\u00e3o<\/td>\n<\/tr>\n<\/tbody>\n<\/table>\n<p class=\"whitespace-pre-wrap\"><strong>Recomenda\u00e7\u00f5es de armazenamento<\/strong><\/p>\n<ul class=\"list-disc pl-8 space-y-2\">\n<li class=\"whitespace-normal\">Guarde em recipientes est\u00e1veis em local fresco e seco<\/li>\n<li class=\"whitespace-normal\">Limite a exposi\u00e7\u00e3o a \u00e1cidos, am\u00f4nia e acetileno<\/li>\n<li class=\"whitespace-normal\">Manter temperaturas abaixo de 30\u00a1\u00abC<\/li>\n<\/ul>\n<p class=\"whitespace-pre-wrap\">Precau\u00e7\u00f5es adequadas durante o manuseio e armazenamento ajudam a preservar a pureza e evitar problemas de seguran\u00e7a.<\/p>\n<h2>Inspe\u00e7\u00e3o e Teste de P\u00f3 de Cobre Puro<\/h2>\n<p class=\"whitespace-pre-wrap\"><strong>Teste de P\u00f3 de Cobre Puro<\/strong><\/p>\n<table>\n<thead>\n<tr>\n<th>Teste<\/th>\n<th>Detalhes<\/th>\n<\/tr>\n<\/thead>\n<tbody>\n<tr>\n<td>An\u00e1lise qu\u00edmica<\/td>\n<td>ICP ou XRF verifica a composi\u00e7\u00e3o<\/td>\n<\/tr>\n<tr>\n<td>Distribui\u00e7\u00e3o de Tamanho de Part\u00edcula<\/td>\n<td>An\u00e1lise por difra\u00e7\u00e3o de laser<\/td>\n<\/tr>\n<tr>\n<td>Densidade Aparente<\/td>\n<td>Teste do medidor de fluxo Hall de acordo com a ASTM B212<\/td>\n<\/tr>\n<tr>\n<td>Morfologia do p\u00f3<\/td>\n<td>Imagem SEM do formato de part\u00edcula<\/td>\n<\/tr>\n<tr>\n<td>Teste de densidade batida<\/td>\n<td>Densidade medida ap\u00f3s batimento mec\u00e2nico<\/td>\n<\/tr>\n<tr>\n<td>An\u00e1lise da taxa de fluxo<\/td>\n<td>Fluxo da gravidade por um funil especificado<\/td>\n<\/tr>\n<\/tbody>\n<\/table>\n<p class=\"whitespace-pre-wrap\">Os testes garantem que o p\u00f3 atenda aos n\u00edveis de pureza, caracter\u00edsticas de part\u00edcula, especifica\u00e7\u00f5es de densidade, morfologia e escoabilidade exigidos conforme as normas aplic\u00e1veis.<\/p>\n<h2>Pr\u00f3s e contras do p\u00f3 de cobre puro<\/h2>\n<p class=\"whitespace-pre-wrap\"><strong>Vantagens do P\u00f3 de Cobre Puro<\/strong><\/p>\n<ul class=\"list-disc pl-8 space-y-2\">\n<li class=\"whitespace-normal\">Condutividade t\u00e9rmica e el\u00e9trica excelentes<\/li>\n<li class=\"whitespace-normal\">Boa resist\u00eancia \u00e0 corros\u00e3o e biocompatibilidade<\/li>\n<li class=\"whitespace-normal\">Alta pureza proporciona \u00f3ptimo desempenho<\/li>\n<li class=\"whitespace-normal\">F\u00e1cil de sinterizar e comprimir em componentes de alta densidade<\/li>\n<li class=\"whitespace-normal\">D\u00factil e male\u00e1vel<\/li>\n<li class=\"whitespace-normal\">Recicl\u00e1vel e ambientalmente sustent\u00e1vel<\/li>\n<\/ul>\n<p class=\"whitespace-pre-wrap\"><strong>Limita\u00e7\u00f5es do P\u00f3 de Cobre Puro<\/strong><\/p>\n<ul class=\"list-disc pl-8 space-y-2\">\n<li class=\"whitespace-normal\">Resist\u00eancia menor que muitos p\u00f3s de liga<\/li>\n<li class=\"whitespace-normal\">Moderada resist\u00eancia em oxida\u00e7\u00e3o a alta temperatura<\/li>\n<li class=\"whitespace-normal\">Pesado em rela\u00e7\u00e3o ao magn\u00e9sio ou alum\u00ednio<\/li>\n<li class=\"whitespace-normal\">N\u00e3o apropriado para desgaste alto ou aplica\u00e7\u00f5es de carga<\/li>\n<li class=\"whitespace-normal\">Sens\u00edvel \u00e0 contamina\u00e7\u00e3o por zinco e enxofre<\/li>\n<li class=\"whitespace-normal\">Oxida com o tempo se n\u00e3o for revestido<\/li>\n<\/ul>\n<h2>Compara\u00e7\u00e3o Com P\u00f3s de Lat\u00e3o e Bronze<\/h2>\n<p class=\"whitespace-pre-wrap\"><strong>P\u00f3 de cobre puro versus p\u00f3 de bronze ou lat\u00e3o<\/strong><\/p>\n<table>\n<thead>\n<tr>\n<th>Par\u00e2metro<\/th>\n<th>100% de Puro Cobre<\/th>\n<th>Bronze<\/th>\n<\/tr>\n<\/thead>\n<tbody>\n<tr>\n<td>Densidade<\/td>\n<td>8,94 g\/cc<\/td>\n<td>8,7-8,8 g\/cc<\/td>\n<\/tr>\n<tr>\n<td>For\u00e7a<\/td>\n<td>220-340 MPa<\/td>\n<td>350-550 MPa<\/td>\n<\/tr>\n<tr>\n<td>Condutividade<\/td>\n<td>Excelente<\/td>\n<td>Bom<\/td>\n<\/tr>\n<tr>\n<td>Resist\u00eancia \u00e0 corros\u00e3o<\/td>\n<td>Excelente<\/td>\n<td>Bom<\/td>\n<\/tr>\n<tr>\n<td>Custo<\/td>\n<td>Baixo<\/td>\n<td>Moderado<\/td>\n<\/tr>\n<tr>\n<td>Utiliza\u00e7\u00f5es<\/td>\n<td>El\u00e9trico, t\u00e9rmico<\/td>\n<td>Hardware, decora\u00e7\u00e3o<\/td>\n<\/tr>\n<\/tbody>\n<\/table>\n<ul class=\"list-disc pl-8 space-y-2\">\n<li class=\"whitespace-normal\">O cobre puro possui maior condutividade e ductibilidade<\/li>\n<li class=\"whitespace-normal\">Bronze\/Lat\u00e3o oferecem maior resist\u00eancia<\/li>\n<li class=\"whitespace-normal\">Cobre puro \u00e9 mais adequado para gerenciamento t\u00e9rmico<\/li>\n<li class=\"whitespace-normal\">Lat\u00e3o\/Bronze usado para pe\u00e7as de ferro e artigos de decora\u00e7\u00e3o<\/li>\n<\/ul>\n<h2>Perguntas frequentes sobre p\u00f3s de cobre puro<\/h2>\n<p class=\"whitespace-pre-wrap\"><strong>P: Quais s\u00e3o as principais aplica\u00e7\u00f5es do p\u00f3 de cobre puro?<\/strong><\/p>\n<p class=\"whitespace-pre-wrap\">A: As principais aplica\u00e7\u00f5es incluem contatos el\u00e9tricos e escovas, hastes de soldagem, ligas de brasagem, ferramentas diamantadas, dissipadores de calor, componentes de forma l\u00edquida feitos por meio de metalurgia do p\u00f3, materiais de fric\u00e7\u00e3o e adesivos condutores.<\/p>\n<p class=\"whitespace-pre-wrap\"><strong>Q: Quais precau\u00e7\u00f5es devem ser tomadas ao trabalhar com o p\u00f3 de cobre puro?<\/strong><\/p>\n<p class=\"whitespace-pre-wrap\">A: As precau\u00e7\u00f5es recomendadas incluem ventila\u00e7\u00e3o apropriada, EPI adequado, protocolos de manuseio seguros, aterramento do equipamento, evitar fontes de igni\u00e7\u00e3o, usar ferramentas antifaiscantes e armazenar em cont\u00eaineres inertes est\u00e1veis longe de contaminantes.<\/p>\n<p class=\"whitespace-pre-wrap\"><strong>P: De que forma o p\u00f3 de cobre puro difere do cobre de passo resistente eletrol\u00edtico (ETP)?<\/strong><\/p>\n<p class=\"whitespace-pre-wrap\">R: O p\u00f3 de cobre puro tem 99,5% ou mais de teor de cobre, enquanto o p\u00f3 de cobre ETP tem no m\u00ednimo 99,5% de cobre. O cobre puro oferece uma condutividade ligeiramente maior, mas ambos s\u00e3o amplamente intercambi\u00e1veis para aplica\u00e7\u00f5es comuns.<\/p>\n<p class=\"whitespace-pre-wrap\"><strong>P: O que afeta as propriedades das pe\u00e7as feitas de puro p\u00f3 de cobre?<\/strong><\/p>\n<p class=\"whitespace-pre-wrap\">R: Fatores essenciais s\u00e3o densidade aparente, composi\u00e7\u00e3o do p\u00f3, distribui\u00e7\u00e3o do tamanho de part\u00edcula, press\u00e3o de compacta\u00e7\u00e3o, par\u00e2metros de sinteriza\u00e7\u00e3o, presen\u00e7a de impurezas e porosidade final da pe\u00e7a.<\/p>\n<p><\/span><\/span><\/p>","protected":false},"excerpt":{"rendered":"<p>Vis\u00e3o geral do p\u00f3 de cobre puro O p\u00f3 de cobre puro cont\u00e9m 99,5% ou mais de cobre. Ele oferece excelente condutividade t\u00e9rmica e el\u00e9trica combinada com boa resist\u00eancia \u00e0 corros\u00e3o, soldabilidade e biocompatibilidade. Principais propriedades e vantagens do p\u00f3 de cobre puro: Propriedades e caracter\u00edsticas do p\u00f3 de cobre puro Detalhes das propriedades Composi\u00e7\u00e3o 99,5% ou teor de cobre mais alto Densidade 8,94 g\/cc Part\u00edcula...<\/p>","protected":false},"featured_media":1804,"parent":0,"template":"","meta":{"_acf_changed":false,"_kad_blocks_custom_css":"","_kad_blocks_head_custom_js":"","_kad_blocks_body_custom_js":"","_kad_blocks_footer_custom_js":"","_kad_post_transparent":"","_kad_post_title":"","_kad_post_layout":"","_kad_post_sidebar_id":"","_kad_post_content_style":"","_kad_post_vertical_padding":"","_kad_post_feature":"","_kad_post_feature_position":"","_kad_post_header":false,"_kad_post_footer":false,"_kad_post_classname":""},"product-category":[119,129],"class_list":["post-3924","product","type-product","status-publish","has-post-thumbnail","hentry","product-category-3d-printing-metal-powder","product-category-copper-alloy-powder"],"acf":[],"taxonomy_info":{"product-category":[{"value":119,"label":"3D Printing Metal Powder"},{"value":129,"label":"Copper Alloy Powder"}]},"featured_image_src_large":["https:\/\/3dpmetal.com\/wp-content\/uploads\/2024\/02\/Al-6061-powder.png",422,316,false],"author_info":[],"comment_info":"","_links":{"self":[{"href":"https:\/\/3dpmetal.com\/pt_br\/wp-json\/wp\/v2\/product\/3924","targetHints":{"allow":["GET"]}}],"collection":[{"href":"https:\/\/3dpmetal.com\/pt_br\/wp-json\/wp\/v2\/product"}],"about":[{"href":"https:\/\/3dpmetal.com\/pt_br\/wp-json\/wp\/v2\/types\/product"}],"wp:featuredmedia":[{"embeddable":true,"href":"https:\/\/3dpmetal.com\/pt_br\/wp-json\/wp\/v2\/media\/1804"}],"wp:attachment":[{"href":"https:\/\/3dpmetal.com\/pt_br\/wp-json\/wp\/v2\/media?parent=3924"}],"wp:term":[{"taxonomy":"product-category","embeddable":true,"href":"https:\/\/3dpmetal.com\/pt_br\/wp-json\/wp\/v2\/product-category?post=3924"}],"curies":[{"name":"wp","href":"https:\/\/api.w.org\/{rel}","templated":true}]}}