{"id":3925,"date":"2024-03-18T06:10:14","date_gmt":"2024-03-18T06:10:14","guid":{"rendered":"https:\/\/3dp.45612300.xyz\/product\/ti6al4v-powder\/"},"modified":"2024-03-18T06:10:14","modified_gmt":"2024-03-18T06:10:14","slug":"ti6al4v-powder","status":"publish","type":"product","link":"https:\/\/3dpmetal.com\/pt_br\/product\/ti6al4v-powder\/","title":{"rendered":"Ti6Al4V em P\u00f3"},"content":{"rendered":"<p><span style=\"vertical-align: inherit;\"><span style=\"vertical-align: inherit;\"><\/p>\n<h2>Vis\u00e3o geral do p\u00f3 de Ti6Al4V<\/h2>\n<p class=\"whitespace-pre-wrap\">O p\u00f3 Ti6Al4V, tamb\u00e9m conhecido como liga de tit\u00e2nio Grau 5, \u00e9 um dos p\u00f3s de liga de tit\u00e2nio mais populares. Ele cont\u00e9m 6% de alum\u00ednio e 4% de van\u00e1dio como elementos de liga principais, juntamente com os res\u00edduos de tit\u00e2nio.<\/p>\n<p class=\"whitespace-pre-wrap\">P\u00f3 esf\u00e9rico ti6al4v oferece uma combina\u00e7\u00e3o excepcional de alta resist\u00eancia, baixo peso, resist\u00eancia \u00e0 corros\u00e3o<a href=\"https:\/\/en.wikipedia.org\/wiki\/Biocompatibility\" target=\"_blank\" rel=\"noopener\"> biocompatibilidade<\/a>, praticidade e funcionalidade.<\/p>\n<p class=\"whitespace-pre-wrap\">Principais propriedades e vantagens do p\u00f3 de Ti6Al4V:<\/p>\n<p class=\"whitespace-pre-wrap\"><strong>Propriedades e Caracter\u00edsticas do P\u00f3 Ti6Al4V<\/strong><\/p>\n<table>\n<thead>\n<tr>\n<th>Propriedades<\/th>\n<th>Detalhes<\/th>\n<\/tr>\n<\/thead>\n<tbody>\n<tr>\n<td>Composi\u00e7\u00e3o<\/td>\n<td>Ti-6Al-4V<\/td>\n<\/tr>\n<tr>\n<td>Densidade<\/td>\n<td>4,43 g\/cc<\/td>\n<\/tr>\n<tr>\n<td>Formas das Part\u00edculas<\/td>\n<td>Predominantemente esf\u00e9rico<\/td>\n<\/tr>\n<tr>\n<td>Tamanho da linha<\/td>\n<td>15-45 micr\u00f4metros<\/td>\n<\/tr>\n<tr>\n<td>Densidade Aparente<\/td>\n<td>At\u00e9 60% da densidade real<\/td>\n<\/tr>\n<tr>\n<td>Fluidez<\/td>\n<td>Bom<\/td>\n<\/tr>\n<tr>\n<td>For\u00e7a<\/td>\n<td>Resist\u00eancia elevada para uma liga de tit\u00e2nio<\/td>\n<\/tr>\n<tr>\n<td>Resist\u00eancia \u00e0 corros\u00e3o<\/td>\n<td>Excelente<\/td>\n<\/tr>\n<\/tbody>\n<\/table>\n<p class=\"whitespace-pre-wrap\">O Ti6Al4V \u00e9 amplamente utilizado nas ind\u00fastrias aeroespacial, m\u00e9dica, automotiva, qu\u00edmica e de consumo devido ao seu perfil de propriedade bem equilibrado.<\/p>\n<h2>Composi\u00e7\u00e3oo de P\u00f3 Ti6Al4V<\/h2>\n<p class=\"whitespace-pre-wrap\">Composi\u00e7\u00e3o t\u00edpica do p\u00f3 de Ti6Al4V:<\/p>\n<p class=\"whitespace-pre-wrap\"><strong>Composi\u00e7\u00e3oo de P\u00f3 Ti6Al4V<\/strong><\/p>\n<table>\n<thead>\n<tr>\n<th>Elemento<\/th>\n<th>% do Peso<\/th>\n<\/tr>\n<\/thead>\n<tbody>\n<tr>\n<td>Tit\u00e2nio<\/td>\n<td>Equil\u00edbrio<\/td>\n<\/tr>\n<tr>\n<td>Alum\u00ednio<\/td>\n<td>5.5-6.75%<\/td>\n<\/tr>\n<tr>\n<td>Van\u00e1dio<\/td>\n<td>3.5-4.5%<\/td>\n<\/tr>\n<tr>\n<td>Oxig\u00eanio<\/td>\n<td>&lt;0,2%<\/td>\n<\/tr>\n<tr>\n<td>Carbono<\/td>\n<td>&lt;0.1%<\/td>\n<\/tr>\n<tr>\n<td>Nitrog\u00eanio<\/td>\n<td>&lt;0,05%<\/td>\n<\/tr>\n<tr>\n<td>Hidrog\u00eanio<\/td>\n<td>&lt;0,015%<\/td>\n<\/tr>\n<tr>\n<td>Ferro<\/td>\n<td>&lt;0,3 %<\/td>\n<\/tr>\n<\/tbody>\n<\/table>\n<ul class=\"list-disc pl-8 space-y-2\">\n<li class=\"whitespace-normal\">O tit\u00e2nio forma a matriz que fornece resist\u00eancia e resist\u00eancia \u00e0 corros\u00e3o<\/li>\n<li class=\"whitespace-normal\">O alum\u00ednio estabiliza a fase alfa e aumenta a resist\u00eancia<\/li>\n<li class=\"whitespace-normal\">Van\u00e1dio estabiliza a fase beta e melhora a trabalhabilidade<\/li>\n<li class=\"whitespace-normal\">Outros elementos limitados como impurezas<\/li>\n<\/ul>\n<p class=\"whitespace-pre-wrap\">As propor\u00e7\u00f5es Ti-Al-V otimizadas oferecem uma combina\u00e7\u00e3o excepcional de resist\u00eancia, ductilidade, tenacidade \u00e0 fratura e resist\u00eancia \u00e0 fadiga.<\/p>\n<p><img loading=\"lazy\" decoding=\"async\" class=\"size-medium wp-image-1409 aligncenter\" src=\"https:\/\/met3dp.com\/wp-content\/uploads\/2023\/09\/ed7a94ec-3c10-4b1b-87ed--300x300.jpg\" alt=\"P\u00f3 de Ti6Al4V\" width=\"300\" height=\"300\" title=\"\"><\/p>\n<h2>Propriedades F\u00edsicas do Ti6Al4V em P\u00f3<\/h2>\n<p class=\"whitespace-pre-wrap\"><strong>Propriedades F\u00edsicas do Ti6Al4V em P\u00f3<\/strong><\/p>\n<table>\n<thead>\n<tr>\n<th>Propriedade<\/th>\n<th>Valores<\/th>\n<\/tr>\n<\/thead>\n<tbody>\n<tr>\n<td>Densidade<\/td>\n<td>4,43 g\/cc<\/td>\n<\/tr>\n<tr>\n<td>Ponto de Fus\u00e3o<\/td>\n<td>1604-1660\u00a1\u00abC<\/td>\n<\/tr>\n<tr>\n<td>Condutividade t\u00e9rmica<\/td>\n<td>6,7 W\/mK<\/td>\n<\/tr>\n<tr>\n<td>Resistividade el\u00e9trica<\/td>\n<td>170 \u00c3\u2014 10<sup>-2<\/sup> m<\/td>\n<\/tr>\n<tr>\n<td>Coeficiente de expans\u00e3o t\u00e9rmica<\/td>\n<td>8,4 x 10^-6 \/K<\/td>\n<\/tr>\n<tr>\n<td>Temperatura m\u00e1xima de servi\u00e7o<\/td>\n<td>400\u00baC<\/td>\n<\/tr>\n<\/tbody>\n<\/table>\n<ul class=\"list-disc pl-8 space-y-2\">\n<li class=\"whitespace-normal\">Baixa densidade em compara\u00e7\u00e3o com os a\u00e7os<\/li>\n<li class=\"whitespace-normal\">Alta temperatura de fus\u00e3o permite o uso em temperaturas moderadamente elevadas<\/li>\n<li class=\"whitespace-normal\">A baixa condutividade t\u00e9rmica exige considera\u00e7\u00f5es de projeto<\/li>\n<li class=\"whitespace-normal\">Alta resistividade el\u00e9trica adequada para fixadores resistentes \u00e0 corros\u00e3o<\/li>\n<li class=\"whitespace-normal\">CTE inferior a ligas de a\u00e7o e n\u00edquel<\/li>\n<\/ul>\n<p class=\"whitespace-pre-wrap\">Essas propriedades tornam o Ti6Al4V bem adequado para muitas aplica\u00e7\u00f5es estruturais leves em diversos setores.<\/p>\n<h2>Propriedades mec\u00e2nicas do Ti6Al4V em p\u00f3<\/h2>\n<p class=\"whitespace-pre-wrap\"><strong>Propriedades mec\u00e2nicas do Ti6Al4V em p\u00f3<\/strong><\/p>\n<table>\n<thead>\n<tr>\n<th>Propriedade<\/th>\n<th>Valores<\/th>\n<\/tr>\n<\/thead>\n<tbody>\n<tr>\n<td>Resist\u00eancia \u00e0 Tra\u00e7\u00e3o<\/td>\n<td>950 \u2013 1050 MPa<\/td>\n<\/tr>\n<tr>\n<td>Limite de escoamento<\/td>\n<td>860&#8211;950 MPa<\/td>\n<\/tr>\n<tr>\n<td>alongamento<\/td>\n<td>10 &#8211; 18%<\/td>\n<\/tr>\n<tr>\n<td>Dureza<\/td>\n<td>330 \u2013 380HB<\/td>\n<\/tr>\n<tr>\n<td>M\u00f3dulo de elasticidade<\/td>\n<td>110 &#8211; 120 GPa<\/td>\n<\/tr>\n<tr>\n<td>Resist\u00eancia \u00e0 fadiga<\/td>\n<td>400 - 500 MPa<\/td>\n<\/tr>\n<\/tbody>\n<\/table>\n<ul class=\"list-disc pl-8 space-y-2\">\n<li class=\"whitespace-normal\">Excelente combina\u00e7\u00e3o de alta resist\u00eancia e ductilidade razo\u00e1vel<\/li>\n<li class=\"whitespace-normal\">A resist\u00eancia excede outros tipos de tit\u00e2nio como o tit\u00e2nio comercialmente puro<\/li>\n<li class=\"whitespace-normal\">Dureza superior ao tit\u00e2nio n\u00e3o ligado<\/li>\n<li class=\"whitespace-normal\">Vida \u00fatil excelente torna-o adequado para aplica\u00e7\u00f5es de carregamento c\u00edclico<\/li>\n<\/ul>\n<p class=\"whitespace-pre-wrap\">As propriedades tornam a Ti6Al4V adequada para aplica\u00e7\u00f5es exigentes que requeiram alta resist\u00eancia espec\u00edfica e resist\u00eancia \u00e0 fadiga.<\/p>\n<h2>Aplica\u00e7\u00f5es do p\u00f3 de Tit\u00e2nio Ti6Al4V<\/h2>\n<p class=\"whitespace-pre-wrap\">O p\u00f3 Ti6Al4V \u00e9 usado amplamente em ind\u00fastrias:<\/p>\n<p class=\"whitespace-pre-wrap\"><strong>Aplica\u00e7\u00f5es do p\u00f3 de Tit\u00e2nio Ti6Al4V<\/strong><\/p>\n<table>\n<thead>\n<tr>\n<th>Ind\u00fastria<\/th>\n<th>Utiliza\u00e7\u00f5es<\/th>\n<\/tr>\n<\/thead>\n<tbody>\n<tr>\n<td>Aeroespacial<\/td>\n<td>Pe\u00e7as estruturais da fuselagem, componentes do motor<\/td>\n<\/tr>\n<tr>\n<td>Biom\u00e9dica<\/td>\n<td>Implantes dent\u00e1rios e ortop\u00e9dicos<\/td>\n<\/tr>\n<tr>\n<td>Automotivo<\/td>\n<td>Bielas, v\u00e1lvulas, molas<\/td>\n<\/tr>\n<tr>\n<td>Qu\u00edmico<\/td>\n<td>Tanques, vasos, trocadores de calor<\/td>\n<\/tr>\n<tr>\n<td>Consumidor<\/td>\n<td>Artigos esportivos, rel\u00f3gios, corpo de celular<\/td>\n<\/tr>\n<tr>\n<td>Impress\u00e3o 3D<\/td>\n<td>Componentes aeroespaciais e m\u00e9dicos<\/td>\n<\/tr>\n<\/tbody>\n<\/table>\n<p class=\"whitespace-pre-wrap\">Algumas aplica\u00e7\u00f5es espec\u00edficas do produto incluem:<\/p>\n<ul class=\"list-disc pl-8 space-y-2\">\n<li class=\"whitespace-normal\">Placas \u00f3sseas, implantes para artroplastia<\/li>\n<li class=\"whitespace-normal\">Componentes estruturais de avi\u00e3o e helic\u00f3ptero<\/li>\n<li class=\"whitespace-normal\">V\u00e1lvulas e bielas de motores automotivos<\/li>\n<li class=\"whitespace-normal\">Equipamentos qu\u00edmicos como tubula\u00e7\u00f5es, bombas, v\u00e1lvulas<\/li>\n<li class=\"whitespace-normal\">Artigos esportivos, incluindo tacos de golfe e quadros de bicicletas<\/li>\n<li class=\"whitespace-normal\">Fabrica\u00e7\u00e3o aditiva de estruturas leves<\/li>\n<\/ul>\n<p class=\"whitespace-pre-wrap\">O Ti6Al4V oferece a melhor rela\u00e7\u00e3o resist\u00eancia\/peso e biocompatibilidade para pe\u00e7as estruturais cruciais nesses setores exigentes.<\/p>\n<h2>Especifica\u00e7\u00f5es do p\u00f3 Ti6Al4V<\/h2>\n<p class=\"whitespace-pre-wrap\">Principais especifica\u00e7\u00f5es e padr\u00f5es para o p\u00f3 Ti6Al4V:<\/p>\n<p class=\"whitespace-pre-wrap\"><strong>Normas para p\u00f3 Ti6Al4V<\/strong><\/p>\n<table>\n<thead>\n<tr>\n<th>Padr\u00e3o<\/th>\n<th>Descri\u00e7\u00e3o<\/th>\n<\/tr>\n<\/thead>\n<tbody>\n<tr>\n<td>ASTM F2924<\/td>\n<td>Fabrica\u00e7\u00e3o aditiva da liga Ti6Al4V<\/td>\n<\/tr>\n<tr>\n<td>ASTM F3001<\/td>\n<td>Especifica\u00e7\u00f5es para o p\u00f3 de liga de Ti atomizada a g\u00e1s para o AM<\/td>\n<\/tr>\n<tr>\n<td>AMS 4954<\/td>\n<td>Limites de composi\u00e7\u00e3o de Ti-6Al-4V em p\u00f3 para fabrica\u00e7\u00e3o aditiva<\/td>\n<\/tr>\n<tr>\n<td>ASTM B348<\/td>\n<td>Especifica\u00e7\u00f5es de p\u00f3s de Ti e ligas de Ti<\/td>\n<\/tr>\n<tr>\n<td>ASTM F1472<\/td>\n<td>Liga de tit\u00e2nio Ti6Al4V for implantes cir\u00fargicos.<\/td>\n<\/tr>\n<\/tbody>\n<\/table>\n<p class=\"whitespace-pre-wrap\">Definem:<\/p>\n<ul class=\"list-disc pl-8 space-y-2\">\n<li class=\"whitespace-normal\">Ranges de composi\u00e7\u00e3o qu\u00edmica<\/li>\n<li class=\"whitespace-normal\">Propriedades mec\u00e2nicas requeridas<\/li>\n<li class=\"whitespace-normal\">M\u00e9todo de produ\u00e7\u00e3o de p\u00f3 - atomiza\u00e7\u00e3o por g\u00e1s inerte<\/li>\n<li class=\"whitespace-normal\">Limites de impurezas como O, N, C, Fe<\/li>\n<li class=\"whitespace-normal\">Distribui\u00e7\u00e3o e morfologia do tamanho de part\u00edcula<\/li>\n<li class=\"whitespace-normal\">M\u00e9todos de teste para verificar a qualidade do p\u00f3<\/li>\n<\/ul>\n<p class=\"whitespace-pre-wrap\">O p\u00f3 certificado Ti6Al4V que atende a essas especifica\u00e7\u00f5es garante propriedades e desempenho otimizados para diferentes aplica\u00e7\u00f5es em todas as ind\u00fastrias.<\/p>\n<h2>Tamanhos das Part\u00edculas de P\u00f3 Ti6Al4V<\/h2>\n<p class=\"whitespace-pre-wrap\"><strong>Distribui\u00e7\u00e3o de Tamanho de Part\u00edculas de P\u00f3 Ti6Al4V<\/strong><\/p>\n<table>\n<thead>\n<tr>\n<th>Tamanho das part\u00edculas<\/th>\n<th>Caracter\u00edsticas<\/th>\n<\/tr>\n<\/thead>\n<tbody>\n<tr>\n<td>15-45 micr\u00f4metros<\/td>\n<td>Faixa geral de tamanhos<\/td>\n<\/tr>\n<tr>\n<td>45-100 m\u00edcrons<\/td>\n<td>Otimizado para pulveriza\u00e7\u00e3o a frio<\/td>\n<\/tr>\n<tr>\n<td>5-25 micr\u00f4metros<\/td>\n<td>Tamanhos mais finos usados em processos de AM a laser<\/td>\n<\/tr>\n<\/tbody>\n<\/table>\n<ul class=\"list-disc pl-8 space-y-2\">\n<li class=\"whitespace-normal\">O p\u00f3 mais fino proporciona uma resolu\u00e7\u00e3o e acabamento da superf\u00edcie superiores<\/li>\n<li class=\"whitespace-normal\">P\u00f3 mais grosso adapta-se a m\u00e9todos de alta taxa de deposi\u00e7\u00e3o, como pulveriza\u00e7\u00e3o a frio<\/li>\n<li class=\"whitespace-normal\">Intervalo de tamanho sob medida com base no m\u00e9todo de produ\u00e7\u00e3o utilizado<\/li>\n<li class=\"whitespace-normal\">Morfologia esf\u00e9rica mantida em todas as faixas de tamanho<\/li>\n<\/ul>\n<p class=\"whitespace-pre-wrap\">Controlar a distribui\u00e7\u00e3o do tamanho das part\u00edculas e morfologia \u00e9 cr\u00edtico para alta densidade de empacotamento do p\u00f3, fluidez e propriedades finais da pe\u00e7a.<\/p>\n<h2>Densidade aparente do p\u00f3 de Ti6Al4V<\/h2>\n<p class=\"whitespace-pre-wrap\"><strong>Densidade aparente do p\u00f3 de Ti6Al4V<\/strong><\/p>\n<table>\n<thead>\n<tr>\n<th>Densidade Aparente<\/th>\n<th>Detalhes<\/th>\n<\/tr>\n<\/thead>\n<tbody>\n<tr>\n<td>At\u00e9 60% da densidade real<\/td>\n<td>Para morfologia de p\u00f3 esf\u00e9rico<\/td>\n<\/tr>\n<tr>\n<td>2,6 - 3,0 g\/cc<\/td>\n<td>Melhora com maior densidade de empacotamento<\/td>\n<\/tr>\n<\/tbody>\n<\/table>\n<ul class=\"list-disc pl-8 space-y-2\">\n<li class=\"whitespace-normal\">A densidade aparente maior melhora a fluidez do p\u00f3 e a efici\u00eancia de enchimento da matriz<\/li>\n<li class=\"whitespace-normal\">Valores de at\u00e9 65% s\u00e3o poss\u00edveis com p\u00f3 esferoidal otimizado<\/li>\n<li class=\"whitespace-normal\">A alta densidade aparente minimiza o tempo do ciclo de prensagem<\/li>\n<\/ul>\n<p class=\"whitespace-pre-wrap\">A maximiza\u00e7\u00e3o da densidade aparente permite uma prensagem a p\u00f3 automatizada eficiente e sinteriza\u00e7\u00e3o para densidade total.<\/p>\n<h2>M\u00e9todo de Produ\u00e7\u00e3o de P\u00f3 Ti6Al4V<\/h2>\n<p class=\"whitespace-pre-wrap\"><strong>Produ\u00e7\u00e3o de P\u00f3 Ti6Al4V<\/strong><\/p>\n<table>\n<thead>\n<tr>\n<th>M\u00e9todo<\/th>\n<th>Detalhes<\/th>\n<\/tr>\n<\/thead>\n<tbody>\n<tr>\n<td>Atomiza\u00e7\u00e3o a g\u00e1s<\/td>\n<td>G\u00e1s inerte de alta press\u00e3o quebra fluxo de liga derretida em gotas finas<\/td>\n<\/tr>\n<tr>\n<td>Derretimento a v\u00e1cuo com arco el\u00e9trico<\/td>\n<td>Mat\u00e9rias-primas de alta pureza refinadas e fundidas a v\u00e1cuo<\/td>\n<\/tr>\n<tr>\n<td>Remelts m\u00faltiplas<\/td>\n<td>Melhora a homogeneidade qu\u00edmica<\/td>\n<\/tr>\n<tr>\n<td>Peneiramento<\/td>\n<td>Classifica o p\u00f3 em diferentes fra\u00e7\u00f5es de tamanho de part\u00edcula<\/td>\n<\/tr>\n<\/tbody>\n<\/table>\n<ul class=\"list-disc pl-8 space-y-2\">\n<li class=\"whitespace-normal\">Atomiza\u00e7\u00e3o por g\u00e1s inerte produz p\u00f3s esf\u00e9rico e limpo<\/li>\n<li class=\"whitespace-normal\">O processamento a v\u00e1cuo minimiza impurezas gasosas<\/li>\n<li class=\"whitespace-normal\">Rem\u00e9ltimos m\u00faltiplos melhoram a uniformidade da composi\u00e7\u00e3o<\/li>\n<li class=\"whitespace-normal\">O p\u00f3s-processamento permite o controle de distribui\u00e7\u00e3o do tamanho das part\u00edculas<\/li>\n<\/ul>\n<p class=\"whitespace-pre-wrap\">M\u00e9todos automatizados combinados com rigoroso controle de qualidade resultam em p\u00f3 de Ti6Al4V confi\u00e1vel e consistente, adequado para aplica\u00e7\u00f5es cr\u00edticas.<\/p>\n<h2>Pre\u00e7o para p\u00f3 Ti6Al4V<\/h2>\n<p class=\"whitespace-pre-wrap\"><strong>Pre\u00e7o para p\u00f3 Ti6Al4V<\/strong><\/p>\n<table>\n<thead>\n<tr>\n<th>Fator<\/th>\n<th>Impacto no Pre\u00e7o<\/th>\n<\/tr>\n<\/thead>\n<tbody>\n<tr>\n<td>Grau de pureza<\/td>\n<td>Aumento de pre\u00e7os para maior pureza<\/td>\n<\/tr>\n<tr>\n<td>Tamanho das part\u00edculas<\/td>\n<td>P\u00f3 ultrafino mais caro<\/td>\n<\/tr>\n<tr>\n<td>Quantidade do Pedido<\/td>\n<td>Pre\u00e7os reduzidos para compras em volume<\/td>\n<\/tr>\n<tr>\n<td>M\u00e9todo de produ\u00e7\u00e3o<\/td>\n<td>O uso de v\u00e1rias reamostragens aumenta o custo<\/td>\n<\/tr>\n<tr>\n<td>Embalagem<\/td>\n<td>Cilindros cheios de arg\u00f4nio custam mais<\/td>\n<\/tr>\n<tr>\n<td>Lead time<\/td>\n<td>Prazo de entrega mais r\u00e1pido encarece o pre\u00e7o<\/td>\n<\/tr>\n<\/tbody>\n<\/table>\n<p class=\"whitespace-pre-wrap\"><strong>Pre\u00e7os indicativos<\/strong><\/p>\n<ul class=\"list-disc pl-8 space-y-2\">\n<li class=\"whitespace-normal\">Ti6Al4V para aplica\u00e7\u00f5es m\u00e9dicas: $150-250 por kg<\/li>\n<li class=\"whitespace-normal\">Ti6Al4V para aplica\u00e7\u00f5es industriais: $100\u2013150 por kg<\/li>\n<\/ul>\n<p class=\"whitespace-pre-wrap\">Pre\u00e7os expressivamente mais baixos aplic\u00e1veis para quantidades de pedidos a granel na faixa das toneladas.<\/p>\n<h2>Fornecedores de p\u00f3 Ti6Al4V<\/h2>\n<p class=\"whitespace-pre-wrap\"><strong>Fornecedores de p\u00f3 Ti6Al4V<\/strong><\/p>\n<table>\n<thead>\n<tr>\n<th>Empresa<\/th>\n<th>Localiza\u00e7\u00e3o<\/th>\n<\/tr>\n<\/thead>\n<tbody>\n<tr>\n<td>AP&amp;C<\/td>\n<td>EUA, Canad\u00e1<\/td>\n<\/tr>\n<tr>\n<td>Aditivo Carpenter<\/td>\n<td>Estados Unidos<\/td>\n<\/tr>\n<tr>\n<td><a href=\"https:\/\/met3dp.com\/\" target=\"_blank\" rel=\"noopener\">Met3DP<\/a><\/td>\n<td>China<\/td>\n<\/tr>\n<tr>\n<td>TLS Technik<\/td>\n<td>Alemanha<\/td>\n<\/tr>\n<tr>\n<td>Sandvik Osprey<\/td>\n<td>Reino Unido<\/td>\n<\/tr>\n<tr>\n<td>Tekna<\/td>\n<td>Canad\u00e1<\/td>\n<\/tr>\n<\/tbody>\n<\/table>\n<p class=\"whitespace-pre-wrap\">Principais fatores de sele\u00e7\u00e3o:<\/p>\n<ul class=\"list-disc pl-8 space-y-2\">\n<li class=\"whitespace-normal\">Faixa de graus de pureza e tamanhos de part\u00edculas oferecidos<\/li>\n<li class=\"whitespace-normal\">Qualidade do P\u00f3 e Consist\u00eancia de Lote para Lote<\/li>\n<li class=\"whitespace-normal\">Capacidade de produ\u00e7\u00e3o e prazos de entrega<\/li>\n<li class=\"whitespace-normal\">Conformidade com normas m\u00e9dicas e aeroespaciais<\/li>\n<li class=\"whitespace-normal\">N\u00edveis de pre\u00e7o com base no volume do pedido<\/li>\n<li class=\"whitespace-normal\">Especializa\u00e7\u00e3o t\u00e9cnica e suporte ao cliente<\/li>\n<\/ul>\n<h2>Manuseio e Armazenamento de P\u00f3 de Ti6Al4V<\/h2>\n<p class=\"whitespace-pre-wrap\"><strong>Manipula\u00e7\u00e3o de p\u00f3 de Ti6Al4V<\/strong><\/p>\n<table>\n<thead>\n<tr>\n<th>Recomenda\u00e7\u00e3o<\/th>\n<th>Motivo<\/th>\n<\/tr>\n<\/thead>\n<tbody>\n<tr>\n<td>Evitar a inala\u00e7\u00e3o<\/td>\n<td>Devido ao risco de danos no tecido pulmonar por part\u00edculas finas<\/td>\n<\/tr>\n<tr>\n<td>Use m\u00e1scara de prote\u00e7\u00e3o<\/td>\n<td>Evitar ingest\u00e3o acidental<\/td>\n<\/tr>\n<tr>\n<td>Manuseie em \u00e1reas ventiladas<\/td>\n<td>Reduzir a suspens\u00e3o das part\u00edculas transportadas pelo ar<\/td>\n<\/tr>\n<tr>\n<td>Certifique-se de que n\u00e3o h\u00e1 fontes de igni\u00e7\u00e3o<\/td>\n<td>O p\u00f3 pode se combustar em atmosfera de oxig\u00eanio<\/td>\n<\/tr>\n<tr>\n<td>Siga protocolos antiest\u00e1ticos<\/td>\n<td>Evite inc\u00eandios por descarga est\u00e1tica durante o manuseio<\/td>\n<\/tr>\n<tr>\n<td>Armazene os recipientes fechados em \u00e1rea fria e seca<\/td>\n<td>Evitar a absor\u00e7\u00e3o de umidade e a reatividade<\/td>\n<\/tr>\n<\/tbody>\n<\/table>\n<p class=\"whitespace-pre-wrap\">Embora o p\u00f3 Ti6Al4V seja relativamente inerte, recomenda-se tomar as precau\u00e7\u00f5es durante o manuseio e armazenamento para preservar a pureza.<\/p>\n<h2>Inspe\u00e7\u00e3o e teste de p\u00f3 de Ti6Al4V<\/h2>\n<p class=\"whitespace-pre-wrap\"><strong>Teste de P\u00f3 Ti6Al4V<\/strong><\/p>\n<table>\n<thead>\n<tr>\n<th>Teste<\/th>\n<th>Detalhes<\/th>\n<\/tr>\n<\/thead>\n<tbody>\n<tr>\n<td>An\u00e1lise qu\u00edmica<\/td>\n<td>Espectroscopia ICP usada para verificar composi\u00e7\u00e3o<\/td>\n<\/tr>\n<tr>\n<td>Distribui\u00e7\u00e3o de Tamanho de Part\u00edcula<\/td>\n<td>Difra\u00e7\u00e3o a laser usada para determinar distribui\u00e7\u00e3o de tamanho<\/td>\n<\/tr>\n<tr>\n<td>Densidade Aparente<\/td>\n<td>Medido usando um flux\u00f4metro Hall, conforme ASTM B212<\/td>\n<\/tr>\n<tr>\n<td>Morfologia do p\u00f3<\/td>\n<td>Imagens de MEV s\u00e3o usadas para verificar esfericidade da part\u00edcula<\/td>\n<\/tr>\n<tr>\n<td>An\u00e1lise da taxa de fluxo<\/td>\n<td>Usando funil de flux\u00f4metro Hall<\/td>\n<\/tr>\n<tr>\n<td>Teste de densidade batida<\/td>\n<td>Densidade medida ap\u00f3s compacta\u00e7\u00e3o mec\u00e2nica da amostra de p\u00f3<\/td>\n<\/tr>\n<\/tbody>\n<\/table>\n<p class=\"whitespace-pre-wrap\">O teste garante que o p\u00f3 atende \u00e0 composi\u00e7\u00e3o qu\u00edmica, \u00e0s caracter\u00edsticas f\u00edsicas, \u00e0 morfologia, \u00e0 densidade e \u00e0s especifica\u00e7\u00f5es de fluxo exigidas pelas normas aplic\u00e1veis.<\/p>\n<h2>Pr\u00f3s e contras do P\u00f3 de Ti6Al4V<\/h2>\n<p class=\"whitespace-pre-wrap\"><strong>Vantagens do P\u00f3 Ti6Al4V<\/strong><\/p>\n<ul class=\"list-disc pl-8 space-y-2\">\n<li class=\"whitespace-normal\">Excelente rela\u00e7\u00e3o resist\u00eancia-peso<\/li>\n<li class=\"whitespace-normal\">Alta resist\u00eancia \u00e0 fadiga e tenacidade \u00e0 fratura<\/li>\n<li class=\"whitespace-normal\">Alta resist\u00eancia \u00e0 corros\u00e3o<\/li>\n<li class=\"whitespace-normal\">Boa ductilidade e conformabilidade<\/li>\n<li class=\"whitespace-normal\">Alta biocompatibilidade para uso m\u00e9dico<\/li>\n<li class=\"whitespace-normal\">Comparado com outras ligas de tit\u00e2nio, tem boa rela\u00e7\u00e3o custo-benef\u00edcio<\/li>\n<\/ul>\n<p class=\"whitespace-pre-wrap\"><strong>Limita\u00e7\u00f5es do p\u00f3 de Ti6Al4V<\/strong><\/p>\n<ul class=\"list-disc pl-8 space-y-2\">\n<li class=\"whitespace-normal\">Moderada resist\u00eancia em oxida\u00e7\u00e3o a alta temperatura<\/li>\n<li class=\"whitespace-normal\">Menor resist\u00eancia do que algumas ligas de tit\u00e2nio<\/li>\n<li class=\"whitespace-normal\">Alta reatividade requer atmosfera inerte de processamento<\/li>\n<li class=\"whitespace-normal\">Dif\u00edcil de usinar em estado de sinteriza\u00e7\u00e3o total<\/li>\n<li class=\"whitespace-normal\">Limita\u00e7\u00f5es na soldagem da liga<\/li>\n<li class=\"whitespace-normal\">Preocupa\u00e7\u00f5es sobre a toxicidade do elemento van\u00e1dio<\/li>\n<\/ul>\n<h2>Compara\u00e7\u00e3o com Ti64 e p\u00f3s do Grau 2 do Ti<\/h2>\n<p class=\"whitespace-pre-wrap\"><strong>Ti6Al4V vs. Ti64 e P\u00f3 Grau 2<\/strong><\/p>\n<table>\n<thead>\n<tr>\n<th>Par\u00e2metro<\/th>\n<th>Ti6Al4V<\/th>\n<th>Ti64<\/th>\n<th>Voc\u00ea Nota 2<\/th>\n<\/tr>\n<\/thead>\n<tbody>\n<tr>\n<td>Alum\u00ednio<\/td>\n<td>6%<\/td>\n<td>6%<\/td>\n<td>&#8211;<\/td>\n<\/tr>\n<tr>\n<td>Van\u00e1dio<\/td>\n<td>4%<\/td>\n<td>4%<\/td>\n<td>&#8211;<\/td>\n<\/tr>\n<tr>\n<td>For\u00e7a<\/td>\n<td>950-1050 MPa<\/td>\n<td>950-1050 MPa<\/td>\n<td>420-550 MPa translates to \"420 a 550 MPa\" in Brazilian Portuguese.<\/td>\n<\/tr>\n<tr>\n<td>Ductilidade<\/td>\n<td>10-18%<\/td>\n<td>10-18%<\/td>\n<td>15-30%<\/td>\n<\/tr>\n<tr>\n<td>Custo<\/td>\n<td>Moderado<\/td>\n<td>Moderado<\/td>\n<td>Baixo<\/td>\n<\/tr>\n<tr>\n<td>Utiliza\u00e7\u00f5es<\/td>\n<td>Aeroespacial, m\u00e9dicos<\/td>\n<td>Aeroespacial, automotivo<\/td>\n<td>Industrial, consumo<\/td>\n<\/tr>\n<\/tbody>\n<\/table>\n<ul class=\"list-disc pl-8 space-y-2\">\n<li class=\"whitespace-normal\">Ti6Al4V e Ti64 t\u00eam propriedades praticamente id\u00eanticas<\/li>\n<li class=\"whitespace-normal\">Grau 2 Ti proporciona maior ductilidade, mas menor resist\u00eancia.<\/li>\n<li class=\"whitespace-normal\">Ti6Al4V preferida para pe\u00e7as estruturais cr\u00edticas que precisam de alta resist\u00eancia<\/li>\n<\/ul>\n<h2>Perguntas frequentes sobre o p\u00f3 de Ti6Al4V<\/h2>\n<p class=\"whitespace-pre-wrap\"><strong>P: Quais s\u00e3o as principais aplica\u00e7\u00f5es do p\u00f3 Ti6Al4V?<\/strong><\/p>\n<p class=\"whitespace-pre-wrap\">A: As principais aplica\u00e7\u00f5es incluem componentes estruturais aeroespaciais, implantes biom\u00e9dicos como articula\u00e7\u00f5es de quadril e joelho, pe\u00e7as automotivas como v\u00e1lvulas e bielas, equipamentos para processos qu\u00edmicos e produtos de consumo como equipamentos esportivos e caixas de rel\u00f3gio.<\/p>\n<p class=\"whitespace-pre-wrap\"><strong>R: Por que a Ti6Al4V \u00e9 a liga de tit\u00e2nio mais popular?\nTradu\u00e7\u00e3o aprimorada:\nR: Por que a Ti6Al4V \u00e9 a liga de tit\u00e2nio mais popular?<\/strong><\/p>\n<p class=\"whitespace-pre-wrap\">A: Ti6Al4V fornece a melhor combina\u00e7\u00e3o vers\u00e1til de alta resist\u00eancia, baixa densidade, resist\u00eancia \u00e0 fratura, resist\u00eancia \u00e0 corros\u00e3o, biocompatibilidade, soldabilidade e custo moderado.<\/p>\n<p class=\"whitespace-pre-wrap\"><strong>P: Quais as precau\u00e7\u00f5es que devem ser tomadas ao trabalhar com p\u00f3 de Ti6Al4V?<\/strong><\/p>\n<p class=\"whitespace-pre-wrap\">R: As precau\u00e7\u00f5es recomendadas incluem o uso de equipamentos de prote\u00e7\u00e3o, manuseio em uma atmosfera inerte, evitando fontes de igni\u00e7\u00e3o, controlando cargas est\u00e1ticas, usando ferramentas n\u00e3o faiscantes e armazenando os recipientes selados em local fresco e seco.<\/p>\n<p class=\"whitespace-pre-wrap\"><strong>P: Como o van\u00e1dio afeta as propriedades da liga Ti6Al4V?<\/strong><\/p>\n<p class=\"whitespace-pre-wrap\">R: O van\u00e1dio atua como um beta estabilizador que melhora a trabalhabilidade. Ele tamb\u00e9m contribui para a precipita\u00e7\u00e3o do endurecimento, o que confere resist\u00eancia e alta resist\u00eancia ao flu\u00eancia em temperatura para a liga.<\/p>\n<p><\/span><\/span><\/p>","protected":false},"excerpt":{"rendered":"<p>Vis\u00e3o geral do p\u00f3 de Ti6Al4V O p\u00f3 de Ti6Al4V, tamb\u00e9m conhecido como liga de tit\u00e2nio de grau 5, \u00e9 um dos p\u00f3s de liga de tit\u00e2nio mais populares. Ele cont\u00e9m 6% de alum\u00ednio e 4% de van\u00e1dio como os principais elementos de liga, juntamente com o restante do tit\u00e2nio. O p\u00f3 esf\u00e9rico ti6al4v oferece uma combina\u00e7\u00e3o excepcional de alta resist\u00eancia, baixo peso, resist\u00eancia \u00e0 corros\u00e3o, biocompatibilidade,...<\/p>","protected":false},"featured_media":1792,"parent":0,"template":"","meta":{"_acf_changed":false,"_kad_blocks_custom_css":"","_kad_blocks_head_custom_js":"","_kad_blocks_body_custom_js":"","_kad_blocks_footer_custom_js":"","_kad_post_transparent":"","_kad_post_title":"","_kad_post_layout":"","_kad_post_sidebar_id":"","_kad_post_content_style":"","_kad_post_vertical_padding":"","_kad_post_feature":"","_kad_post_feature_position":"","_kad_post_header":false,"_kad_post_footer":false,"_kad_post_classname":""},"product-category":[119,123],"class_list":["post-3925","product","type-product","status-publish","has-post-thumbnail","hentry","product-category-3d-printing-metal-powder","product-category-titanium-based-alloy-powder"],"acf":[],"taxonomy_info":{"product-category":[{"value":119,"label":"3D Printing Metal Powder"},{"value":123,"label":"Titanium Based Alloy Powder"}]},"featured_image_src_large":["https:\/\/3dpmetal.com\/wp-content\/uploads\/2024\/02\/FeCoNiCrMo.jpg",500,432,false],"author_info":[],"comment_info":"","_links":{"self":[{"href":"https:\/\/3dpmetal.com\/pt_br\/wp-json\/wp\/v2\/product\/3925","targetHints":{"allow":["GET"]}}],"collection":[{"href":"https:\/\/3dpmetal.com\/pt_br\/wp-json\/wp\/v2\/product"}],"about":[{"href":"https:\/\/3dpmetal.com\/pt_br\/wp-json\/wp\/v2\/types\/product"}],"wp:featuredmedia":[{"embeddable":true,"href":"https:\/\/3dpmetal.com\/pt_br\/wp-json\/wp\/v2\/media\/1792"}],"wp:attachment":[{"href":"https:\/\/3dpmetal.com\/pt_br\/wp-json\/wp\/v2\/media?parent=3925"}],"wp:term":[{"taxonomy":"product-category","embeddable":true,"href":"https:\/\/3dpmetal.com\/pt_br\/wp-json\/wp\/v2\/product-category?post=3925"}],"curies":[{"name":"wp","href":"https:\/\/api.w.org\/{rel}","templated":true}]}}