{"id":3929,"date":"2024-03-18T06:10:14","date_gmt":"2024-03-18T06:10:14","guid":{"rendered":"https:\/\/3dp.45612300.xyz\/product\/gh-3625-powder\/"},"modified":"2024-03-18T06:10:14","modified_gmt":"2024-03-18T06:10:14","slug":"gh-3625-powder","status":"publish","type":"product","link":"https:\/\/3dpmetal.com\/pt_br\/product\/gh-3625-powder\/","title":{"rendered":"GH 3625 em P\u00f3"},"content":{"rendered":"<p><span style=\"vertical-align: inherit;\"><span style=\"vertical-align: inherit;\"><\/p>\n<h2>Vis\u00e3o geral do p\u00f3 GH3625<\/h2>\n<p class=\"whitespace-pre-wrap\">O p\u00f3 GH 3625 \u00e9 uma liga de base de ferro-n\u00edquel endurec\u00edvel por envelhecimento contendo 25% de cromo junto com adi\u00e7\u00f5es de molibd\u00eanio e alum\u00ednio. Ele oferece uma excecional combina\u00e7\u00e3o de alta resist\u00eancia, dureza, resist\u00eancia \u00e0 corros\u00e3o e resist\u00eancia \u00e0 oxida\u00e7\u00e3o em altas temperaturas.<\/p>\n<p class=\"whitespace-pre-wrap\">Principais propriedades e vantagens do p\u00f3 de GH3625 incluem:<\/p>\n<p class=\"whitespace-pre-wrap\"><strong>Propriedades e Caracter\u00edsticas do P\u00f3 GH3625<\/strong><\/p>\n<table>\n<thead>\n<tr>\n<th>Propriedades<\/th>\n<th>Detalhes<\/th>\n<\/tr>\n<\/thead>\n<tbody>\n<tr>\n<td>Composi\u00e7\u00e3o<\/td>\n<td>Liga Ni-25Cr-4,5Mo-3,5Al<\/td>\n<\/tr>\n<tr>\n<td>Densidade<\/td>\n<td>8,2 g\/cc<\/td>\n<\/tr>\n<tr>\n<td>Formas das Part\u00edculas<\/td>\n<td>Predominantemente esf\u00e9rico<\/td>\n<\/tr>\n<tr>\n<td>Tamanho da linha<\/td>\n<td>15-45 micr\u00f4metros<\/td>\n<\/tr>\n<tr>\n<td>Densidade Aparente<\/td>\n<td>At\u00e9 60% da densidade real<\/td>\n<\/tr>\n<tr>\n<td>Fluidez<\/td>\n<td>Bom<\/td>\n<\/tr>\n<tr>\n<td>For\u00e7a<\/td>\n<td>Muito alto ap\u00f3s tratamento de envelhecimento<\/td>\n<\/tr>\n<tr>\n<td>Resist\u00eancia \u00e0 corros\u00e3o<\/td>\n<td>Excelente incluindo corros\u00e3o por pites e fendas<\/td>\n<\/tr>\n<\/tbody>\n<\/table>\n<p class=\"whitespace-pre-wrap\">O GH3625 \u00e9 amplamente utilizado nos setores aeroespacial, de petr\u00f3leo e g\u00e1s, processamento qu\u00edmico e gera\u00e7\u00e3o de energia que precisam de alta resist\u00eancia e resist\u00eancia \u00e0 corros\u00e3o em altas temperaturas.<\/p>\n<h2>Composi\u00e7\u00e3o do P\u00f3 GH3625<\/h2>\n<p class=\"whitespace-pre-wrap\">Composi\u00e7\u00e3o t\u00edpica do p\u00f3 da liga de n\u00edquel-cr\u00f4mio GH3625:<\/p>\n<p class=\"whitespace-pre-wrap\"><strong>Composi\u00e7\u00e3o do P\u00f3 GH3625<\/strong><\/p>\n<table>\n<thead>\n<tr>\n<th>Elemento<\/th>\n<th>% do Peso<\/th>\n<\/tr>\n<\/thead>\n<tbody>\n<tr>\n<td>N\u00edquel<\/td>\n<td>Equil\u00edbrio<\/td>\n<\/tr>\n<tr>\n<td>Cromo<\/td>\n<td>24-27%<\/td>\n<\/tr>\n<tr>\n<td>Molibd\u00eanio<\/td>\n<td>4-5%<\/td>\n<\/tr>\n<tr>\n<td>Alum\u00ednio<\/td>\n<td>3-4%<\/td>\n<\/tr>\n<tr>\n<td>Carbono<\/td>\n<td>M\u00e1ximo 0,1%<\/td>\n<\/tr>\n<tr>\n<td>Mangan\u00eas<\/td>\n<td>1% m\u00e1ximo<\/td>\n<\/tr>\n<tr>\n<td>Sil\u00edcio<\/td>\n<td>M\u00e1x. 0,5%<\/td>\n<\/tr>\n<tr>\n<td>Enxofre<\/td>\n<td>M\u00e1ximo de 0,015%<\/td>\n<\/tr>\n<\/tbody>\n<\/table>\n<ul class=\"list-disc pl-8 space-y-2\">\n<li class=\"whitespace-normal\">N\u00edquel fornece resist\u00eancia \u00e0 corros\u00e3o e auxilia no endurecimento por precipita\u00e7\u00e3o<\/li>\n<li class=\"whitespace-normal\">Chromium melhora significativamente a resist\u00eancia \u00e0 oxida\u00e7\u00e3o e \u00e0 corros\u00e3o<\/li>\n<li class=\"whitespace-normal\">O molibd\u00eanio e o alum\u00ednio facilitam o fortalecimento por precipita\u00e7\u00e3o<\/li>\n<li class=\"whitespace-normal\">Carbono e outros elementos limitados como impurezas<\/li>\n<\/ul>\n<p class=\"whitespace-pre-wrap\">A composi\u00e7\u00e3o foi otimizada para fornecer pico de fortalecimento devido ao endurecimento por precipita\u00e7\u00e3o, bem como excelente resist\u00eancia \u00e0 corros\u00e3o e oxida\u00e7\u00e3o.<\/p>\n<p><img loading=\"lazy\" decoding=\"async\" class=\"size-medium wp-image-1409 aligncenter\" src=\"https:\/\/met3dp.com\/wp-content\/uploads\/2023\/09\/ed7a94ec-3c10-4b1b-87ed--300x300.jpg\" alt=\"GH 3625 powder\" width=\"300\" height=\"300\" title=\"\"><\/p>\n<h2>Propriedades f\u00edsicas do p\u00f3 GH3625<\/h2>\n<p class=\"whitespace-pre-wrap\"><strong>Propriedades f\u00edsicas do p\u00f3 GH3625<\/strong><\/p>\n<table>\n<thead>\n<tr>\n<th>Propriedade<\/th>\n<th>Valores<\/th>\n<\/tr>\n<\/thead>\n<tbody>\n<tr>\n<td>Densidade<\/td>\n<td>8,2 g\/cc<\/td>\n<\/tr>\n<tr>\n<td>Ponto de Fus\u00e3o<\/td>\n<td>1390-1440\u00a1\u00abC<\/td>\n<\/tr>\n<tr>\n<td>Condutividade t\u00e9rmica<\/td>\n<td>11 W\/mK<\/td>\n<\/tr>\n<tr>\n<td>Resistividade el\u00e9trica<\/td>\n<td>52 \u00c3\u2013\u00b4\u00ce-cm<\/td>\n<\/tr>\n<tr>\n<td>Coeficiente de expans\u00e3o t\u00e9rmica<\/td>\n<td>13,0 x 10^-6 \/K<\/td>\n<\/tr>\n<\/tbody>\n<\/table>\n<ul class=\"list-disc pl-8 space-y-2\">\n<li class=\"whitespace-normal\">Alta densidade em compara\u00e7\u00e3o com a\u00e7os e ligas de tit\u00e2nio<\/li>\n<li class=\"whitespace-normal\">Mant\u00e9m alta resist\u00eancia a temperaturas que excedem 1000\u00a1\u00abC<\/li>\n<li class=\"whitespace-normal\">A condutividade t\u00e9rmica relativamente baixa exige considera\u00e7\u00f5es de projeto<\/li>\n<li class=\"whitespace-normal\">CTE \u00e9 moderado e similar aos a\u00e7os inoxid\u00e1veis<\/li>\n<\/ul>\n<p class=\"whitespace-pre-wrap\">Essas propriedades tornam o GH3625 apropriado para aplica\u00e7\u00f5es de alta resist\u00eancia em temperaturas elevadas, necessitando de resist\u00eancia \u00e0 corros\u00e3o.<\/p>\n<h2>Propriedades Mec\u00e2nicas do P\u00f3 GH3625<\/h2>\n<p class=\"whitespace-pre-wrap\"><strong>Propriedades Mec\u00e2nicas do P\u00f3 GH3625<\/strong><\/p>\n<table>\n<thead>\n<tr>\n<th>Propriedade<\/th>\n<th>Condi\u00e7\u00e3o<\/th>\n<th>Valores<\/th>\n<\/tr>\n<\/thead>\n<tbody>\n<tr>\n<td>Dureza<\/td>\n<td>Recozimento soluto<\/td>\n<td>35 HRC<\/td>\n<\/tr>\n<tr>\n<td>Dureza<\/td>\n<td>Envelhecimento m\u00e1ximo<\/td>\n<td>50-56 HRC<\/td>\n<\/tr>\n<tr>\n<td>Resist\u00eancia \u00e0 Tra\u00e7\u00e3o<\/td>\n<td>Recozimento<\/td>\n<td>1000 MPa<\/td>\n<\/tr>\n<tr>\n<td>Resist\u00eancia \u00e0 Tra\u00e7\u00e3o<\/td>\n<td>Envelhecido<\/td>\n<td>1500-1800 MPa<\/td>\n<\/tr>\n<tr>\n<td>Limite de escoamento<\/td>\n<td>Envelhecido<\/td>\n<td>1200-1600 MPa<\/td>\n<\/tr>\n<tr>\n<td>alongamento<\/td>\n<td>Envelhecido<\/td>\n<td>10-15%<\/td>\n<\/tr>\n<\/tbody>\n<\/table>\n<ul class=\"list-disc pl-8 space-y-2\">\n<li class=\"whitespace-normal\">Envelhece para n\u00edveis de resist\u00eancia muito altos excedendo outras ligas de endurecimento por precipita\u00e7\u00e3o<\/li>\n<li class=\"whitespace-normal\">Mant\u00e9m ductilidade razo\u00e1vel em condi\u00e7\u00e3o de envelhecimento m\u00e1ximo<\/li>\n<li class=\"whitespace-normal\">A dureza apresenta aumento substancial ap\u00f3s o tratamento de envelhecimento<\/li>\n<li class=\"whitespace-normal\">A for\u00e7a pode ser adaptada atrav\u00e9s do tempo e da temperatura de envelhecimento.<\/li>\n<\/ul>\n<p class=\"whitespace-pre-wrap\">Estas propriedades tornam o GH3625 adequado para componentes que precisam de alta resist\u00eancia combinada \u00e0 resist\u00eancia \u00e0 corros\u00e3o.<\/p>\n<h2>Aplica\u00e7\u00f5es do p\u00f3 GH3625<\/h2>\n<p class=\"whitespace-pre-wrap\">Aplica\u00e7\u00f5es t\u00edpicas do p\u00f3 de liga de n\u00edquel-cromo GH3625 incluem:<\/p>\n<p class=\"whitespace-pre-wrap\"><strong>Aplica\u00e7\u00f5es do p\u00f3 GH3625<\/strong><\/p>\n<table>\n<thead>\n<tr>\n<th>Ind\u00fastria<\/th>\n<th>Utiliza\u00e7\u00f5es<\/th>\n<\/tr>\n<\/thead>\n<tbody>\n<tr>\n<td>Aeroespacial<\/td>\n<td>P\u00e1s de turbina, parafusos, fixadores<\/td>\n<\/tr>\n<tr>\n<td>Petr\u00f3leo e g\u00e1s<\/td>\n<td>V\u00e1lvulas de cabe\u00e7a de po\u00e7o, entulhos<\/td>\n<\/tr>\n<tr>\n<td>Processamento qu\u00edmico<\/td>\n<td>Parafusos de Extrusora, Parte de v\u00e1lvula<\/td>\n<\/tr>\n<tr>\n<td>Gera\u00e7\u00e3o de energia<\/td>\n<td>Componentes de caldeiras, turbinas a vapor e g\u00e1s<\/td>\n<\/tr>\n<\/tbody>\n<\/table>\n<p class=\"whitespace-pre-wrap\">Algumas aplica\u00e7\u00f5es espec\u00edficas do produto incluem:<\/p>\n<ul class=\"list-disc pl-8 space-y-2\">\n<li class=\"whitespace-normal\">L\u00e2minas de motores de turbinas aeroespaciais, discos e elementos de fixa\u00e7\u00e3o<\/li>\n<li class=\"whitespace-normal\">Fixa\u00e7\u00e3o para tubula\u00e7\u00e3o petroqu\u00edmica de alta temperatura<\/li>\n<li class=\"whitespace-normal\">Componentes de V\u00e1lvulas Utilizados em Ambientes Qu\u00edmicos Corrosivos<\/li>\n<li class=\"whitespace-normal\">Tubo e cabe\u00e7otes de superaquecedores de caldeiras<\/li>\n<li class=\"whitespace-normal\">P\u00e1s e fixadores de turbinas a vapor<\/li>\n<\/ul>\n<p class=\"whitespace-pre-wrap\">GH3625 oferece resist\u00eancia excepcional \u00e0 corros\u00e3o e \u00e0 resist\u00eancia em componentes essenciais utilizados em altas temperaturas em ind\u00fastrias exigentes.<\/p>\n<h2>Especifica\u00e7\u00f5es do p\u00f3 do GH3625<\/h2>\n<p class=\"whitespace-pre-wrap\">Especifica\u00e7\u00f5es principais para p\u00f3 GH3625 incluem:<\/p>\n<p class=\"whitespace-pre-wrap\"><strong>Padr\u00f5es de P\u00f3 GH3625<\/strong><\/p>\n<table>\n<thead>\n<tr>\n<th>Padr\u00e3o<\/th>\n<th>Descri\u00e7\u00e3o<\/th>\n<\/tr>\n<\/thead>\n<tbody>\n<tr>\n<td>AMS 5815<\/td>\n<td>Composi\u00e7\u00f5es de p\u00f3 de liga de n\u00edquel<\/td>\n<\/tr>\n<tr>\n<td>AMS 5408<\/td>\n<td>Fios, varas e barras de ligas de n\u00edquel de endurecimento por precipita\u00e7\u00e3o<\/td>\n<\/tr>\n<tr>\n<td>AMS 5698<\/td>\n<td>Fundi\u00e7\u00e3o de Ligas de N\u00edquel PH<\/td>\n<\/tr>\n<tr>\n<td>AMS 5772<\/td>\n<td>Forjados de liga de n\u00edquel<\/td>\n<\/tr>\n<tr>\n<td>AMS 5634<\/td>\n<td>Formas extrudadas em ligas de n\u00edquel<\/td>\n<\/tr>\n<\/tbody>\n<\/table>\n<p class=\"whitespace-pre-wrap\">Definem:<\/p>\n<ul class=\"list-disc pl-8 space-y-2\">\n<li class=\"whitespace-normal\">Limites de composi\u00e7\u00e3o qu\u00edmica do GH3625<\/li>\n<li class=\"whitespace-normal\">Propriedades mec\u00e2nicas requeridas em diferentes condi\u00e7\u00f5es de tratamento t\u00e9rmico<\/li>\n<li class=\"whitespace-normal\">M\u00e9todo de produ\u00e7\u00e3o de p\u00f3 aprovado - atomiza\u00e7\u00e3o por g\u00e1s inerte.<\/li>\n<li class=\"whitespace-normal\">Limites de impurezas para elementos cr\u00edticos<\/li>\n<li class=\"whitespace-normal\">Protocolos de teste de conformidade<\/li>\n<li class=\"whitespace-normal\">Instru\u00e7\u00f5es adequadas de manuseio e armazenamento<\/li>\n<\/ul>\n<p class=\"whitespace-pre-wrap\">Atender a esses requisitos de certifica\u00e7\u00e3o garante uma performance ideal.<\/p>\n<h2>Tamanhos de part\u00edculas em p\u00f3 GH3625<\/h2>\n<p class=\"whitespace-pre-wrap\"><strong>GH3625 Distribui\u00e7\u00e3o do tamanho das part\u00edculas em p\u00f3<\/strong><\/p>\n<table>\n<thead>\n<tr>\n<th>Tamanho das part\u00edculas<\/th>\n<th>Caracter\u00edsticas<\/th>\n<\/tr>\n<\/thead>\n<tbody>\n<tr>\n<td>15-25 micr\u00f4metros<\/td>\n<td>P\u00f3 ultrafino usado em processos de fabrica\u00e7\u00e3o aditiva a laser<\/td>\n<\/tr>\n<tr>\n<td>25-45 m\u00edcrons<\/td>\n<td>Faixa de tamanho para a maioria dos sistemas de AM de leito de p\u00f3<\/td>\n<\/tr>\n<tr>\n<td>45-75 micra<\/td>\n<td>Tamanhos maiores utilizados no revestimento a laser<\/td>\n<\/tr>\n<\/tbody>\n<\/table>\n<ul class=\"list-disc pl-8 space-y-2\">\n<li class=\"whitespace-normal\">O p\u00f3 mais fino proporciona uma resolu\u00e7\u00e3o e acabamento da superf\u00edcie superiores<\/li>\n<li class=\"whitespace-normal\">P\u00f3 mais grosso, adequado para processos de alta taxa de deposi\u00e7\u00e3o<\/li>\n<li class=\"whitespace-normal\">Distribui\u00e7\u00e3o de tamanho ajustada ao m\u00e9todo de FM utilizado<\/li>\n<li class=\"whitespace-normal\">Morfologia esf\u00e9rica manteve-se em todos os tamanhos<\/li>\n<\/ul>\n<p class=\"whitespace-pre-wrap\">O controle da distribui\u00e7\u00e3o do tamanho das part\u00edculas e da morfologia \u00e9 cr\u00edtico para o desempenho da M. A., propriedades da pe\u00e7a final e qualidade.<\/p>\n<h2>GH3625 Densidade aparente do p\u00f3<\/h2>\n<p class=\"whitespace-pre-wrap\"><strong>GH3625 Densidade aparente do p\u00f3<\/strong><\/p>\n<table>\n<thead>\n<tr>\n<th>Densidade Aparente<\/th>\n<th>Detalhes<\/th>\n<\/tr>\n<\/thead>\n<tbody>\n<tr>\n<td>At\u00e9 60% da densidade real<\/td>\n<td>Para morfologia de p\u00f3 esf\u00e9rico<\/td>\n<\/tr>\n<tr>\n<td>4,5 &#8211; 5,2 g\/cc<\/td>\n<td>Melhora com maior densidade de empacotamento<\/td>\n<\/tr>\n<\/tbody>\n<\/table>\n<ul class=\"list-disc pl-8 space-y-2\">\n<li class=\"whitespace-normal\">Formato esf\u00e9rico do p\u00f3 garante alta densidade aparente<\/li>\n<li class=\"whitespace-normal\">Maior densidade melhora o fluxo de p\u00f3 e o empilhamento da cama em FA<\/li>\n<li class=\"whitespace-normal\">Reduz porosidade de g\u00e1s aprisionado em pe\u00e7a final<\/li>\n<li class=\"whitespace-normal\">Maximizar a densidade minimiza o tempo de ciclo da prensa<\/li>\n<\/ul>\n<p class=\"whitespace-pre-wrap\">Quanto maior a densidade aparente, melhor a produtividade na fabrica\u00e7\u00e3o e o desempenho da pe\u00e7a.<\/p>\n<h2>M\u00e9todo de Produ\u00e7\u00e3o do P\u00f3 GH3625<\/h2>\n<p class=\"whitespace-pre-wrap\"><strong>GH3625 Produ\u00e7\u00e3o de P\u00f3<\/strong><\/p>\n<table>\n<thead>\n<tr>\n<th>M\u00e9todo<\/th>\n<th>Detalhes<\/th>\n<\/tr>\n<\/thead>\n<tbody>\n<tr>\n<td>Atomiza\u00e7\u00e3o a g\u00e1s<\/td>\n<td>G\u00e1s inerte sob alta press\u00e3o quebra o fluxo de metal derretido em got\u00edculas finas<\/td>\n<\/tr>\n<tr>\n<td>Derretimento a v\u00e1cuo por indu\u00e7\u00e3o<\/td>\n<td>Entrada de materiais de alta pureza fundidos a v\u00e1cuo<\/td>\n<\/tr>\n<tr>\n<td>Re-fus\u00e3o m\u00faltipla<\/td>\n<td>Melhora a homogeneidade qu\u00edmica<\/td>\n<\/tr>\n<tr>\n<td>Peneiramento<\/td>\n<td>Classifica o p\u00f3 em diferentes fra\u00e7\u00f5es de tamanho de part\u00edcula<\/td>\n<\/tr>\n<\/tbody>\n<\/table>\n<ul class=\"list-disc pl-8 space-y-2\">\n<li class=\"whitespace-normal\">A atomiza\u00e7\u00e3o de g\u00e1s com g\u00e1s inerte produz p\u00f3 esf\u00e9rico limpo.<\/li>\n<li class=\"whitespace-normal\">O processamento a v\u00e1cuo minimiza impurezas gasosas<\/li>\n<li class=\"whitespace-normal\">Rem\u00e9ltimos m\u00faltiplos melhoram a uniformidade da composi\u00e7\u00e3o<\/li>\n<li class=\"whitespace-normal\">O p\u00f3s-processamento oferece controle da distribui\u00e7\u00e3o do tamanho da part\u00edcula<\/li>\n<\/ul>\n<p class=\"whitespace-pre-wrap\">M\u00e9todos automatizados combinados com controle r\u00edgido de qualidade resultam em p\u00f3 GH3625 consistente, adequado para aplica\u00e7\u00f5es cr\u00edticas.<\/p>\n<h2>Pre\u00e7o do p\u00f3 do GH3625<\/h2>\n<p class=\"whitespace-pre-wrap\"><strong>Pre\u00e7o do p\u00f3 do GH3625<\/strong><\/p>\n<table>\n<thead>\n<tr>\n<th>Fator<\/th>\n<th>Impacto no Pre\u00e7o<\/th>\n<\/tr>\n<\/thead>\n<tbody>\n<tr>\n<td>Nivel de P\u00f3<\/td>\n<td>Maior pureza aumenta o custo<\/td>\n<\/tr>\n<tr>\n<td>Tamanho das part\u00edculas<\/td>\n<td>P\u00f3 ultrafino mais caro<\/td>\n<\/tr>\n<tr>\n<td>Quantidade do Pedido<\/td>\n<td>Quanto maior o volume, menor o pre\u00e7o<\/td>\n<\/tr>\n<tr>\n<td>M\u00e9todo de produ\u00e7\u00e3o<\/td>\n<td>M\u00faltiplas refundi\u00e7\u00f5es aumentam os custos<\/td>\n<\/tr>\n<tr>\n<td>Embalagem<\/td>\n<td>Embalagem especial encarece<\/td>\n<\/tr>\n<\/tbody>\n<\/table>\n<p class=\"whitespace-pre-wrap\"><strong>Pre\u00e7os indicativos<\/strong><\/p>\n<ul class=\"list-disc pl-8 space-y-2\">\n<li class=\"whitespace-normal\">P\u00f3 GH3625: 100 - 150 d\u00f3lares por kg<\/li>\n<li class=\"whitespace-normal\">O pre\u00e7o por grande volume pode ser 30%+ menor<\/li>\n<\/ul>\n<p class=\"whitespace-pre-wrap\">O pre\u00e7o depende da pureza, tamanho das part\u00edculas, m\u00e9todo de produ\u00e7\u00e3o, volume da ordem, embalagem e requisitos de entrega.<\/p>\n<h2>Fornecedores de p\u00f3 GH3625<\/h2>\n<p class=\"whitespace-pre-wrap\"><strong>Fornecedores de p\u00f3 GH3625<\/strong><\/p>\n<table>\n<thead>\n<tr>\n<th>Empresa<\/th>\n<th>Localiza\u00e7\u00e3o<\/th>\n<\/tr>\n<\/thead>\n<tbody>\n<tr>\n<td>Sandvik Osprey<\/td>\n<td>Reino Unido<\/td>\n<\/tr>\n<tr>\n<td>Aditivo Carpenter<\/td>\n<td>Estados Unidos<\/td>\n<\/tr>\n<tr>\n<td>Erasteel<\/td>\n<td>Su\u00e9cia<\/td>\n<\/tr>\n<tr>\n<td>Aubert e Duval<\/td>\n<td>Fran\u00e7a<\/td>\n<\/tr>\n<tr>\n<td>cn.koowe.powder<\/td>\n<td>China<\/td>\n<\/tr>\n<tr>\n<td>Shangai STAL Precis\u00e3o<\/td>\n<td>China<\/td>\n<\/tr>\n<\/tbody>\n<\/table>\n<p class=\"whitespace-pre-wrap\">Fatores para selecionar fornecedores:<\/p>\n<ul class=\"list-disc pl-8 space-y-2\">\n<li class=\"whitespace-normal\">Grau de p\u00f3 produzido e tamanhos de part\u00edculas oferecidos<\/li>\n<li class=\"whitespace-normal\">Capacidade de produ\u00e7\u00e3o e prazos de entrega<\/li>\n<li class=\"whitespace-normal\">Controle de qualidade, consist\u00eancia e conformidade<\/li>\n<li class=\"whitespace-normal\">Especializa\u00e7\u00e3o t\u00e9cnica e suporte ao cliente<\/li>\n<li class=\"whitespace-normal\">N\u00edveis de pre\u00e7os com base nos volumes de pedidos<\/li>\n<li class=\"whitespace-normal\">Experi\u00eancia atendendo o segmento<\/li>\n<\/ul>\n<h2>GH3625 Manuseio e armazenamento de p\u00f3<\/h2>\n<p class=\"whitespace-pre-wrap\"><strong>GH3625 Manipula\u00e7\u00e3o de P\u00f3s<\/strong><\/p>\n<table>\n<thead>\n<tr>\n<th>Recomenda\u00e7\u00e3o<\/th>\n<th>Motivo<\/th>\n<\/tr>\n<\/thead>\n<tbody>\n<tr>\n<td>Certifique-se de um local com boa ventila\u00e7\u00e3o<\/td>\n<td>Evite a exposi\u00e7\u00e3o a particulados met\u00e1licos finos<\/td>\n<\/tr>\n<tr>\n<td>Use o EPI apropriado<\/td>\n<td>Evite a inala\u00e7\u00e3o ou ingest\u00e3o acidental<\/td>\n<\/tr>\n<tr>\n<td>Siga protocolos seguros<\/td>\n<td>Reduza os riscos de sa\u00fade e inc\u00eandio<\/td>\n<\/tr>\n<tr>\n<td>Armazene os recipientes lacrados<\/td>\n<td>Prevenir contamina\u00e7\u00e3o ou oxida\u00e7\u00e3o<\/td>\n<\/tr>\n<\/tbody>\n<\/table>\n<p class=\"whitespace-pre-wrap\">O p\u00f3 GH3625 \u00e9 relativamente est\u00e1vel, mas ainda assim s\u00e3o recomendadas precau\u00e7\u00f5es gerais para um manuseio seguro e manuten\u00e7\u00e3o da pureza.<\/p>\n<p class=\"whitespace-pre-wrap\"><strong>Recomenda\u00e7\u00f5es de armazenamento<\/strong><\/p>\n<ul class=\"list-disc pl-8 space-y-2\">\n<li class=\"whitespace-normal\">Armazenar em recipientes est\u00e1veis em \u00e1rea seca e fresca<\/li>\n<li class=\"whitespace-normal\">Limite a exposi\u00e7\u00e3o \u00e0 umidade, que pode degradar as propriedades<\/li>\n<li class=\"whitespace-normal\">Manter temperaturas abaixo de 30\u00a1\u00abC<\/li>\n<\/ul>\n<p class=\"whitespace-pre-wrap\">Precau\u00e7\u00f5es adequadas preservam a condi\u00e7\u00e3o do p\u00f3 e evitam problemas de seguran\u00e7a.<\/p>\n<h2>GH3625 Inspec\u00e7\u00e3o e Teste de P\u00f3<\/h2>\n<p class=\"whitespace-pre-wrap\"><strong>Teste de p\u00f3 GH3625<\/strong><\/p>\n<table>\n<thead>\n<tr>\n<th>Teste<\/th>\n<th>Detalhes<\/th>\n<\/tr>\n<\/thead>\n<tbody>\n<tr>\n<td>An\u00e1lise qu\u00edmica<\/td>\n<td>OES ou espectroscopia de XRF usada para verificar composi\u00e7\u00e3o<\/td>\n<\/tr>\n<tr>\n<td>Distribui\u00e7\u00e3o de Tamanho de Part\u00edcula<\/td>\n<td>An\u00e1lise por difra\u00e7\u00e3o de laser<\/td>\n<\/tr>\n<tr>\n<td>Densidade Aparente<\/td>\n<td>Medido conforme norma ASTM B212<\/td>\n<\/tr>\n<tr>\n<td>Morfologia do p\u00f3<\/td>\n<td>Imagem SEM do formato de part\u00edcula<\/td>\n<\/tr>\n<tr>\n<td>An\u00e1lise da taxa de fluxo<\/td>\n<td>Taxa de vaz\u00e3o por gravidade atrav\u00e9s de bicos especificados<\/td>\n<\/tr>\n<tr>\n<td>Medi\u00e7\u00e3o de umidade<\/td>\n<td>An\u00e1lise de perda por secagem<\/td>\n<\/tr>\n<\/tbody>\n<\/table>\n<p class=\"whitespace-pre-wrap\">Testes garantem que o p\u00f3 atenda \u00e0 pureza qu\u00edmica, \u00e0s caracter\u00edsticas das part\u00edculas, \u00e0s especifica\u00e7\u00f5es de densidade, morfologia e fluidez requeridas por padr\u00f5es relevantes.<\/p>\n<h2>GH3625 P\u00f3 Pr\u00f3s e Contras<\/h2>\n<p class=\"whitespace-pre-wrap\"><strong>Vantagens do P\u00f3 GH3625<\/strong><\/p>\n<ul class=\"list-disc pl-8 space-y-2\">\n<li class=\"whitespace-normal\">Resist\u00eancia excepcional a altas temperaturas e flu\u00eancia<\/li>\n<li class=\"whitespace-normal\">Ret\u00e9m resist\u00eancia e dureza at\u00e9 1.100 \u00baC<\/li>\n<li class=\"whitespace-normal\">Excelente resist\u00eancia \u00e0 corros\u00e3o em todos os ambientes<\/li>\n<li class=\"whitespace-normal\">Boa resist\u00eancia \u00e0 fadiga e tenacidade \u00e0 fratura<\/li>\n<li class=\"whitespace-normal\">Alta dureza combinada com ductilidade razo\u00e1vel<\/li>\n<li class=\"whitespace-normal\">Menos denso que as superligas de n\u00edquel<\/li>\n<\/ul>\n<p class=\"whitespace-pre-wrap\"><strong>Limita\u00e7\u00f5es do p\u00f3 GH3625<\/strong><\/p>\n<ul class=\"list-disc pl-8 space-y-2\">\n<li class=\"whitespace-normal\">Mais caro que os p\u00f3s de a\u00e7o inoxid\u00e1vel<\/li>\n<li class=\"whitespace-normal\">Requer tratamento t\u00e9rmico controlado para obter propriedades otimizadas<\/li>\n<li class=\"whitespace-normal\">Resist\u00eancia menor ao desgaste que ligas de cobalto<\/li>\n<li class=\"whitespace-normal\">Dif\u00edcil de usinar depois da sinteriza\u00e7\u00e3o<\/li>\n<li class=\"whitespace-normal\">Capacidade limitada de conforma\u00e7\u00e3o a frio<\/li>\n<li class=\"whitespace-normal\">Sujeito a forma\u00e7\u00e3o de picadas em \u00e1cidos fortemente oxidantes<\/li>\n<\/ul>\n<h2>Compara\u00e7\u00e3o com p\u00f3 de Inconel 718<\/h2>\n<p class=\"whitespace-pre-wrap\"><strong>P\u00f3 GH3625 vs Inconel 718<\/strong><\/p>\n<table>\n<thead>\n<tr>\n<th>Par\u00e2metro<\/th>\n<th>GH3625<\/th>\n<th>Inconel 718<\/th>\n<\/tr>\n<\/thead>\n<tbody>\n<tr>\n<td>Densidade<\/td>\n<td>8,2 g\/cc<\/td>\n<td>8,2 g\/cc<\/td>\n<\/tr>\n<tr>\n<td>For\u00e7a<\/td>\n<td>Maior<\/td>\n<td>Mais baixo<\/td>\n<\/tr>\n<tr>\n<td>Resist\u00eancia \u00e0 corros\u00e3o<\/td>\n<td>Excelente<\/td>\n<td>Excelente<\/td>\n<\/tr>\n<tr>\n<td>Custo<\/td>\n<td>Moderado<\/td>\n<td>Muito alto<\/td>\n<\/tr>\n<tr>\n<td>Utiliza\u00e7\u00f5es<\/td>\n<td>Petr\u00f3leo e g\u00e1s, processamento qu\u00edmico<\/td>\n<td>Aeroespacial, nuclear<\/td>\n<\/tr>\n<\/tbody>\n<\/table>\n<ul class=\"list-disc pl-8 space-y-2\">\n<li class=\"whitespace-normal\">GH3625 oferece maior resist\u00eancia \u00e0 tra\u00e7\u00e3o<\/li>\n<li class=\"whitespace-normal\">O Inconel 718 oferece melhor resist\u00eancia geral \u00e0 corros\u00e3o<\/li>\n<li class=\"whitespace-normal\">GH3625 \u00e9 mais econ\u00f4mico<\/li>\n<li class=\"whitespace-normal\">O Inconel 718 \u00e9 o preferido para ambientes extremos<\/li>\n<li class=\"whitespace-normal\">GH3625 oferece equil\u00edbrio \u00f3timo de resist\u00eancia e custo<\/li>\n<\/ul>\n<h2>FAQs sobre GH3625 em p\u00f3<\/h2>\n<p class=\"whitespace-pre-wrap\"><strong>P: Quais s\u00e3o as principais aplica\u00e7\u00f5es do p\u00f3 da liga de n\u00edquel GH3625?<\/strong><\/p>\n<p class=\"whitespace-pre-wrap\">R: As principais aplica\u00e7\u00f5es incluem pe\u00e7as de turbinas aeroespaciais, v\u00e1lvulas de po\u00e7os de petr\u00f3leo e g\u00e1s e ferramentas de fundo de po\u00e7o, pe\u00e7as de gera\u00e7\u00e3o de energia, equipamentos de processamento qu\u00edmico e outros componentes de alta temperatura que precisam de resist\u00eancia e resist\u00eancia \u00e0 corros\u00e3o.<\/p>\n<p class=\"whitespace-pre-wrap\"><strong>P: Por que GH3625 \u00e9 preferido em rela\u00e7\u00e3o a p\u00f3s de a\u00e7o inoxid\u00e1vel em aplica\u00e7\u00f5es com altas temperaturas?<\/strong><\/p>\n<p class=\"whitespace-pre-wrap\">A: GH3625 ret\u00e9m uma resist\u00eancia significativamente maior se comparada aos a\u00e7os inoxid\u00e1veis em temperaturas acima de 650\u00b0C. Tamb\u00e9m oferece excelente resist\u00eancia \u00e0 corros\u00e3o em ambientes corrosivos com calor.<\/p>\n<p class=\"whitespace-pre-wrap\"><strong>P: Quais precau\u00e7\u00f5es devem ser tomadas ao trabalhar com o p\u00f3 GH3625?<\/strong><\/p>\n<p class=\"whitespace-pre-wrap\">A: Os cuidados recomendados incluem ventila\u00e7\u00e3o, EPI adequado, evitar fontes de igni\u00e7\u00e3o, seguir protocolos de manuseio seguro e armazenar recipientes lacrados longe da umidade, ar e contamina\u00e7\u00e3o.<\/p>\n<p class=\"whitespace-pre-wrap\"><strong>**POR:**\n\nP: Como o alum\u00ednio afeta as propriedades da liga GH3625?<\/strong><\/p>\n<p class=\"whitespace-pre-wrap\">A: O alum\u00ednio fortalece o endurecimento por precipita\u00e7\u00e3o ao formar precipitados de n\u00edquel-alum\u00ednio durante o tratamento de envelhecimento. Isso proporciona um fortalecimento substancial enquanto mant\u00e9m uma ductilidade razo\u00e1vel.<\/p>\n<p><\/span><\/span><\/p>","protected":false},"excerpt":{"rendered":"<p>Overview of GH3625 Powder GH 3625 powder is an age-hardenable nickel-iron base alloy containing 25% chromium along with additions of molybdenum and aluminum. It provides an exceptional combination of high strength, hardness, corrosion resistance, and oxidation resistance at elevated temperatures. Key properties and advantages of GH3625 powder include: GH3625 Powder Properties and Characteristics Properties Details&#8230;<\/p>","protected":false},"featured_media":1798,"parent":0,"template":"","meta":{"_acf_changed":false,"_kad_blocks_custom_css":"","_kad_blocks_head_custom_js":"","_kad_blocks_body_custom_js":"","_kad_blocks_footer_custom_js":"","_kad_post_transparent":"","_kad_post_title":"","_kad_post_layout":"","_kad_post_sidebar_id":"","_kad_post_content_style":"","_kad_post_vertical_padding":"","_kad_post_feature":"","_kad_post_feature_position":"","_kad_post_header":false,"_kad_post_footer":false,"_kad_post_classname":""},"product-category":[119,120],"class_list":["post-3929","product","type-product","status-publish","has-post-thumbnail","hentry","product-category-3d-printing-metal-powder","product-category-high-temperature-alloy-powder"],"acf":[],"taxonomy_info":{"product-category":[{"value":119,"label":"3D Printing Metal Powder"},{"value":120,"label":"High Temperature Alloy Powder"}]},"featured_image_src_large":["https:\/\/3dpmetal.com\/wp-content\/uploads\/2024\/02\/GH-3625-Powder.jpg",600,600,false],"author_info":[],"comment_info":"","_links":{"self":[{"href":"https:\/\/3dpmetal.com\/pt_br\/wp-json\/wp\/v2\/product\/3929","targetHints":{"allow":["GET"]}}],"collection":[{"href":"https:\/\/3dpmetal.com\/pt_br\/wp-json\/wp\/v2\/product"}],"about":[{"href":"https:\/\/3dpmetal.com\/pt_br\/wp-json\/wp\/v2\/types\/product"}],"wp:featuredmedia":[{"embeddable":true,"href":"https:\/\/3dpmetal.com\/pt_br\/wp-json\/wp\/v2\/media\/1798"}],"wp:attachment":[{"href":"https:\/\/3dpmetal.com\/pt_br\/wp-json\/wp\/v2\/media?parent=3929"}],"wp:term":[{"taxonomy":"product-category","embeddable":true,"href":"https:\/\/3dpmetal.com\/pt_br\/wp-json\/wp\/v2\/product-category?post=3929"}],"curies":[{"name":"wp","href":"https:\/\/api.w.org\/{rel}","templated":true}]}}