{"id":3931,"date":"2024-03-18T06:10:14","date_gmt":"2024-03-18T06:10:14","guid":{"rendered":"https:\/\/3dp.45612300.xyz\/product\/copper-alloy-series\/"},"modified":"2024-03-18T06:10:14","modified_gmt":"2024-03-18T06:10:14","slug":"copper-alloy-series","status":"publish","type":"product","link":"https:\/\/3dpmetal.com\/pt_br\/product\/copper-alloy-series\/","title":{"rendered":"Liga de cobre"},"content":{"rendered":"<p><span style=\"vertical-align: inherit;\"><span style=\"vertical-align: inherit;\"><\/p>\n<div>\n<table>\n<tbody>\n<tr>\n<td data-sheets-value=\"{&quot;1&quot;:2,&quot;2&quot;:&quot;Product&quot;}\">Produto<\/td>\n<td data-sheets-value=\"{&quot;1&quot;:2,&quot;2&quot;:&quot;Specification&quot;}\">Especifica\u00e7\u00e3o<\/td>\n<td data-sheets-value=\"{&quot;1&quot;:2,&quot;2&quot;:&quot;Apparent Density&quot;}\">Densidade Aparente<\/td>\n<td data-sheets-value=\"{&quot;1&quot;:2,&quot;2&quot;:&quot;Flow Ability&quot;}\">Capacidade de Fluxo<\/td>\n<td data-sheets-value=\"{&quot;1&quot;:2,&quot;2&quot;:&quot;Oxygen Content&quot;}\">Conte\u00fado de oxig\u00eanio<\/td>\n<td data-sheets-value=\"{&quot;1&quot;:2,&quot;2&quot;:&quot;Tensile Strength&quot;}\">Resist\u00eancia \u00e0 Tra\u00e7\u00e3o<\/td>\n<td data-sheets-value=\"{&quot;1&quot;:2,&quot;2&quot;:&quot;Yield Strength&quot;}\">Limite de escoamento<\/td>\n<td data-sheets-value=\"{&quot;1&quot;:2,&quot;2&quot;:&quot;Elongation&quot;}\">alongamento<\/td>\n<\/tr>\n<tr>\n<td data-sheets-value=\"{&quot;1&quot;:2,&quot;2&quot;:&quot;CuCrZr&quot;}\">CuCrZr<\/td>\n<td colspan=\"1\" rowspan=\"3\" data-sheets-value=\"{&quot;1&quot;:2,&quot;2&quot;:&quot;15-53\u00c3\u00d7mn45-105\u00c3\u00d7mn75-150\u00c3\u00d7m&quot;}\">\n<div>15-53 \u00c3\u201em<br \/>\n45-105\u00c3\u0192\u2014m<br \/>\n75-150px<\/div>\n<\/td>\n<td data-sheets-value=\"{&quot;1&quot;:2,&quot;2&quot;:&quot;\u00a1\u00d44.10g\/cm3&quot;}\">\u00a1\u00d44.10g\/cm3<\/td>\n<td data-sheets-value=\"{&quot;1&quot;:2,&quot;2&quot;:&quot;\u00a8P30s\/50g&quot;}\">\u00a8P30s\/50g<\/td>\n<td data-sheets-value=\"{&quot;1&quot;:2,&quot;2&quot;:&quot;\u00a8P600ppm&quot;}\">\u00a8P600ppm<\/td>\n<td data-sheets-value=\"{&quot;1&quot;:2,&quot;2&quot;:&quot;350\u00a9I35Mpa &quot;}\">350\u00a9I35Mpa<\/td>\n<td data-sheets-value=\"{&quot;1&quot;:2,&quot;2&quot;:&quot;175\u00a9I10Mpa &quot;}\">175\u00a9I10Mpa<\/td>\n<td data-sheets-value=\"{&quot;1&quot;:2,&quot;2&quot;:&quot;8\u00a9I2%&quot;}\">8\u00baI2%<\/td>\n<\/tr>\n<tr>\n<td data-sheets-value=\"{&quot;1&quot;:2,&quot;2&quot;:&quot;CuZn40&quot;}\">CuZn40<\/td>\n<td data-sheets-value=\"{&quot;1&quot;:2,&quot;2&quot;:&quot;\u00a1\u00d44.25g\/cm3&quot;}\">4,25g\/cm3<\/td>\n<td data-sheets-value=\"{&quot;1&quot;:2,&quot;2&quot;:&quot;\u00a8P30s\/50g&quot;}\">\u00a8P30s\/50g<\/td>\n<td data-sheets-value=\"{&quot;1&quot;:2,&quot;2&quot;:&quot;\u00a8P600ppm&quot;}\">\u00a8P600ppm<\/td>\n<td data-sheets-value=\"{&quot;1&quot;:2,&quot;2&quot;:&quot;\\&quot;}\"><\/td>\n<td data-sheets-value=\"{&quot;1&quot;:2,&quot;2&quot;:&quot;\\&quot;}\"><\/td>\n<td data-sheets-value=\"{&quot;1&quot;:2,&quot;2&quot;:&quot;\\&quot;}\"><\/td>\n<\/tr>\n<tr>\n<td data-sheets-value=\"{&quot;1&quot;:2,&quot;2&quot;:&quot;CuSn10&quot;}\">CuSn10<\/td>\n<td data-sheets-value=\"{&quot;1&quot;:2,&quot;2&quot;:&quot;\u00a1\u00d44.10g\/cm3&quot;}\">\u00a1\u00d44.10g\/cm3<\/td>\n<td data-sheets-value=\"{&quot;1&quot;:2,&quot;2&quot;:&quot;\u00a8P30s\/50g&quot;}\">\u00a8P30s\/50g<\/td>\n<td data-sheets-value=\"{&quot;1&quot;:2,&quot;2&quot;:&quot;\u00a8P600ppm&quot;}\">\u00a8P600ppm<\/td>\n<td data-sheets-value=\"{&quot;1&quot;:2,&quot;2&quot;:&quot;\\&quot;}\"><\/td>\n<td data-sheets-value=\"{&quot;1&quot;:2,&quot;2&quot;:&quot;\\&quot;}\"><\/td>\n<td data-sheets-value=\"{&quot;1&quot;:2,&quot;2&quot;:&quot;\\&quot;}\"><\/td>\n<\/tr>\n<\/tbody>\n<\/table>\n<\/div>\n<p><img loading=\"lazy\" decoding=\"async\" class=\"size-medium wp-image-1409 aligncenter\" src=\"https:\/\/met3dp.com\/wp-content\/uploads\/2023\/09\/ed7a94ec-3c10-4b1b-87ed--300x300.jpg\" alt=\"Liga de cobre\" width=\"300\" height=\"300\" title=\"\"><\/p>\n<p><strong>Processo<\/strong>: M\u00e9todo de atomiza\u00e7\u00e3o a v\u00e1cuo a ar<\/p>\n<p><strong>Benef\u00edcios<\/strong>Produtos eletr\u00f4nicos t\u00eam boa condutividade t\u00e9rmica e el\u00e9trica e, aliados ao design, \u00e9 poss\u00edvel a produ\u00e7\u00e3o de pe\u00e7as de produtos com estruturas internas e canais de resfriamento complexos<\/p>\n<p><strong>APLICATIVOS<\/strong>: Motor aeroespacial de c\u00e2mara de empuxo e outros componentes, produtos de molde de impress\u00e3o 3D com melhor efeito de arrefecimento, etc.<\/p>\n<p><strong>Embalagem<\/strong>: embalagens comuns como sacos de papel alum\u00ednio\/garrafas pl\u00e1sticas\/barris de ferro, embalagem a v\u00e1cuo ou embalagem com g\u00e1s inerte, etc.<\/span><\/span><\/p>","protected":false},"excerpt":{"rendered":"<p>Especifica\u00e7\u00e3o do produto Densidade aparente Capacidade de fluxo Teor de oxig\u00eanio Resist\u00eancia \u00e0 tra\u00e7\u00e3o Resist\u00eancia ao rendimento Alongamento CuCrZr 15-53\u00d7m 45-105\u00d7m 75-150\u00d7m \u00a1\u00d44.10g\/cm3 \u00a8P30s\/50g \u00a8P600ppm 350\u00a9I35Mpa 175\u00a9I10Mpa 8\u00a9I2% CuZn40 \u00a1\u00d44.25g\/cm3 \u00a8P30s\/50g \u00a8P600ppm CuSn10 \u00a1\u00d44.10g\/cm3 \u00a8P30s\/50g \u00a8P600ppm Processo: M\u00e9todo de atomiza\u00e7\u00e3o de ar a v\u00e1cuo Vantagens: Os produtos impressos t\u00eam boa condutividade t\u00e9rmica e el\u00e9trica e, combinados com o design, as pe\u00e7as do produto com...<\/p>","protected":false},"featured_media":1860,"parent":0,"template":"","meta":{"_acf_changed":false,"_kad_blocks_custom_css":"","_kad_blocks_head_custom_js":"","_kad_blocks_body_custom_js":"","_kad_blocks_footer_custom_js":"","_kad_post_transparent":"","_kad_post_title":"","_kad_post_layout":"","_kad_post_sidebar_id":"","_kad_post_content_style":"","_kad_post_vertical_padding":"","_kad_post_feature":"","_kad_post_feature_position":"","_kad_post_header":false,"_kad_post_footer":false,"_kad_post_classname":""},"product-category":[119,129],"class_list":["post-3931","product","type-product","status-publish","has-post-thumbnail","hentry","product-category-3d-printing-metal-powder","product-category-copper-alloy-powder"],"acf":[],"taxonomy_info":{"product-category":[{"value":119,"label":"3D Printing Metal Powder"},{"value":129,"label":"Copper Alloy Powder"}]},"featured_image_src_large":["https:\/\/3dpmetal.com\/wp-content\/uploads\/2024\/02\/Copper-alloy-series.jpg",600,600,false],"author_info":[],"comment_info":"","_links":{"self":[{"href":"https:\/\/3dpmetal.com\/pt_br\/wp-json\/wp\/v2\/product\/3931","targetHints":{"allow":["GET"]}}],"collection":[{"href":"https:\/\/3dpmetal.com\/pt_br\/wp-json\/wp\/v2\/product"}],"about":[{"href":"https:\/\/3dpmetal.com\/pt_br\/wp-json\/wp\/v2\/types\/product"}],"wp:featuredmedia":[{"embeddable":true,"href":"https:\/\/3dpmetal.com\/pt_br\/wp-json\/wp\/v2\/media\/1860"}],"wp:attachment":[{"href":"https:\/\/3dpmetal.com\/pt_br\/wp-json\/wp\/v2\/media?parent=3931"}],"wp:term":[{"taxonomy":"product-category","embeddable":true,"href":"https:\/\/3dpmetal.com\/pt_br\/wp-json\/wp\/v2\/product-category?post=3931"}],"curies":[{"name":"wp","href":"https:\/\/api.w.org\/{rel}","templated":true}]}}