{"id":3932,"date":"2024-03-18T06:10:14","date_gmt":"2024-03-18T06:10:14","guid":{"rendered":"https:\/\/3dp.45612300.xyz\/product\/cucrzr-powder\/"},"modified":"2024-03-18T06:10:14","modified_gmt":"2024-03-18T06:10:14","slug":"cucrzr-powder","status":"publish","type":"product","link":"https:\/\/3dpmetal.com\/pt_br\/product\/cucrzr-powder\/","title":{"rendered":"P\u00f3 de CuCrZr"},"content":{"rendered":"<p><span style=\"vertical-align: inherit;\"><span style=\"vertical-align: inherit;\"><\/p>\n<h2>Vis\u00e3o geral do P\u00f3 CuCrZr<\/h2>\n<p class=\"whitespace-pre-wrap\">O p\u00f3 CuCrZr \u00e9 um p\u00f3 de liga composto de cobre (Cu), cromo (Cr) e zirc\u00f4nio (Zr). Ele oferece uma combina\u00e7\u00e3o \u00fanica de propriedades que o torna adequado para aplica\u00e7\u00f5es de alto desempenho que exigem alta resist\u00eancia, boa condutividade e resist\u00eancia ao amolecimento em temperaturas elevadas.<\/p>\n<h2>Composi\u00e7\u00e3o do CuCrZr em P\u00f3<\/h2>\n<p class=\"whitespace-pre-wrap\">CuCrZr \u00e9 uma liga endurecida por precipita\u00e7\u00e3o, o que significa que sua alta resist\u00eancia vem de precipitados coerentes formados na matriz met\u00e1lica. A composi\u00e7\u00e3o desempenha um papel fundamental para obter uma resposta ideal de endurecimento por precipita\u00e7\u00e3o. Aqui est\u00e3o as faixas de composi\u00e7\u00e3o t\u00edpicas:<\/p>\n<table>\n<thead>\n<tr>\n<th>Elemento<\/th>\n<th>Faixa de Composi\u00e7\u00e3o<\/th>\n<\/tr>\n<\/thead>\n<tbody>\n<tr>\n<td>Cobre (Cu)<\/td>\n<td>Resto<\/td>\n<\/tr>\n<tr>\n<td>Cromo (Cr)<\/td>\n<td>0,5 - 1,2 % em peso<\/td>\n<\/tr>\n<tr>\n<td>Zirc\u00f4nio (Zr)<\/td>\n<td>0,03 - 0,3 wt%<\/td>\n<\/tr>\n<\/tbody>\n<\/table>\n<ul class=\"list-disc pl-8 space-y-2\">\n<li class=\"whitespace-normal\">O cobre forma a matriz e fornece condutividade t\u00e9rmica e el\u00e9trica.<\/li>\n<li class=\"whitespace-normal\">O cromo contribui para o fortalecimento da solu\u00e7\u00e3o s\u00f3lida e forma precipitados para impedir o movimento de deslocamento.<\/li>\n<li class=\"whitespace-normal\">O zirc\u00f4nio forma precipitados coerentes com o cobre permitindo o endurecimento por precipita\u00e7\u00e3o.<\/li>\n<\/ul>\n<p class=\"whitespace-pre-wrap\">O teor de cromo e zirc\u00f4nio foi otimizado para maximizar a resist\u00eancia atrav\u00e9s de endurecimento por precipita\u00e7\u00e3o, ainda mantendo condutividade decente.<\/p>\n<h2>Propriedades CuCrZr em P\u00f3<\/h2>\n<p class=\"whitespace-pre-wrap\">O p\u00f3 de CuCrZr oferece uma combina\u00e7\u00e3o excepcional de resist\u00eancia, condutividade e resist\u00eancia ao calor devido \u00e0 sua natureza endurecida por precipita\u00e7\u00e3o. Aqui est\u00e3o algumas das principais propriedades:<\/p>\n<table>\n<thead>\n<tr>\n<th>Propriedade<\/th>\n<th>Valor<\/th>\n<\/tr>\n<\/thead>\n<tbody>\n<tr>\n<td>Densidade<\/td>\n<td>8,8 g\/cm\u00b3<\/td>\n<\/tr>\n<tr>\n<td>Condutividade El\u00e9trica<\/td>\n<td>22 - 48% IACS<\/td>\n<\/tr>\n<tr>\n<td>Condutividade t\u00e9rmica<\/td>\n<td>200 - 300 W\/m-K<\/td>\n<\/tr>\n<tr>\n<td>Ponto de Fus\u00e3o<\/td>\n<td>1065\u00a1\u00abC<\/td>\n<\/tr>\n<tr>\n<td>Coeficiente de expans\u00e3o t\u00e9rmica<\/td>\n<td>16,5 x 10^-6??\/\u00a1\u00abC<\/td>\n<\/tr>\n<tr>\n<td>M\u00f3dulo de Elasticidade<\/td>\n<td>124 GPa<\/td>\n<\/tr>\n<tr>\n<td>Limite de escoamento<\/td>\n<td>350 &#8211; 650 MPa<\/td>\n<\/tr>\n<tr>\n<td>alongamento<\/td>\n<td>8-15%<\/td>\n<\/tr>\n<tr>\n<td>Resist\u00eancia \u00e0 oxida\u00e7\u00e3o<\/td>\n<td>Bom at\u00e9 900\u00a1\u00abC<\/td>\n<\/tr>\n<\/tbody>\n<\/table>\n<ul class=\"list-disc pl-8 space-y-2\">\n<li class=\"whitespace-normal\">Tem?<strong>alta resist\u00eancia<\/strong>? oriunda de cementa\u00e7\u00e3o por precipita\u00e7\u00e3o mantendo condutividade moderada. A resist\u00eancia pode ser personalizada via tratamento t\u00e9rmico.<\/li>\n<li class=\"whitespace-normal\"><strong>Condutividade el\u00e9trica excelente<\/strong>?comparada a a\u00e7os inoxid\u00e1veis endurecidos por precipita\u00e7\u00e3o devido a um maior teor de cobre na matriz.<\/li>\n<li class=\"whitespace-normal\"><strong>Resist\u00eancia de calor melhor<\/strong>com resist\u00eancia e reten\u00e7\u00e3o de condutividade de at\u00e9 400-500 \u00baC. Menos sujeito a amolecimento em compara\u00e7\u00e3o com outras ligas de Cu.<\/li>\n<li class=\"whitespace-normal\"><strong>Resistente a oxida\u00e7\u00e3o e corros\u00e3o<\/strong>devido \u00e0 forma\u00e7\u00e3o de camadas de \u00f3xidos protetivas de Cr2O3.<\/li>\n<\/ul>\n<p class=\"whitespace-pre-wrap\">Esse perfil \u00fanico de propriedade torna CuCrZr adequada para aplica\u00e7\u00f5es como eletrodos de solda por resist\u00eancia, componentes de gerenciamento t\u00e9rmico e molas de alta temperatura.<\/p>\n<h2>Aplica\u00e7\u00f5es e Usos do P\u00f3 CuCrZr<\/h2>\n<p class=\"whitespace-pre-wrap\">As propriedades balanceadas do p\u00f3 CuCrZr o tornam adequado para as seguintes aplica\u00e7\u00f5es:<\/p>\n<table>\n<thead>\n<tr>\n<th>Aplicativo<\/th>\n<th>Motivo de uso<\/th>\n<\/tr>\n<\/thead>\n<tbody>\n<tr>\n<td>Eletrodos de solda por resist\u00eancia<\/td>\n<td>Alta resist\u00eancia, boa condutividade, resist\u00eancia \u00e0 deforma\u00e7\u00e3o em altas temperaturas<\/td>\n<\/tr>\n<tr>\n<td>Dissipadores de calor e tubos de calor<\/td>\n<td>Condutividade t\u00e9rmica elevada combinada \u00e0 resist\u00eancia a altas temperaturas<\/td>\n<\/tr>\n<tr>\n<td>Contatos e Conectores El\u00e9tricos<\/td>\n<td>Boa condutividade, alta resist\u00eancia permite miniaturiza\u00e7\u00e3o<\/td>\n<\/tr>\n<tr>\n<td>Esta\u00e7\u00f5es termais de alta temperatura<\/td>\n<td>Reten\u00e7\u00e3o de resist\u00eancia em altas temperaturas<\/td>\n<\/tr>\n<tr>\n<td>Ligas de Veda\u00e7\u00e3o de Vidro<\/td>\n<td>Partida acirrada da CTE com vidro borossilicato<\/td>\n<\/tr>\n<\/tbody>\n<\/table>\n<ul class=\"list-disc pl-8 space-y-2\">\n<li class=\"whitespace-normal\"><strong>Eletrodos de solda por resist\u00eancia<\/strong>- A sua excelente condutividade gera menos calor durante a soldagem, permitindo tempos de soldagem mais r\u00e1pidos. Alta resist\u00eancia impede o cogumelamento das pontas de eletrodos.<\/li>\n<li class=\"whitespace-normal\"><strong>Gerenciamento t\u00e9rmico<\/strong>?- Usado em trocadores de calor, dissipadores de calor, tubos de calor, etc. onde a alta condutividade t\u00e9rmica dissipa rapidamente o calor enquanto se mant\u00e9m a integridade mec\u00e2nica.<\/li>\n<li class=\"whitespace-normal\"><strong>Contatos El\u00e9tricos<\/strong>?- Pode substituir contatos de cobre-ber\u00edlio em muitas aplica\u00e7\u00f5es devido \u00e0 resist\u00eancia superior e condutividade semelhante.<\/li>\n<li class=\"whitespace-normal\"><strong>Esta\u00e7\u00f5es termais de alta temperatura<\/strong>?- Usado para molas que operam em at\u00e9 500\u00a1\u00abC sem perder capacidade de carga, diferentemente de molas de a\u00e7o.<\/li>\n<li class=\"whitespace-normal\"><strong>Selos de vidro para metal<\/strong>?- Seu CTE combina com o vidro de borosilicato permitindo aplica\u00e7\u00f5es de veda\u00e7\u00e3o de vidro com baixa tens\u00e3o.<\/li>\n<\/ul>\n<p class=\"whitespace-pre-wrap\">A capacidade de endurecimento por precipita\u00e7\u00e3o do CuCrZr possibilita a adapta\u00e7\u00e3o da resist\u00eancia de acordo com os requisitos de aplica\u00e7\u00e3o espec\u00edficos, simplesmente modificando os par\u00e2metros de tratamento t\u00e9rmico.<\/p>\n<h2>Especifica\u00e7\u00f5es do CuCrZr em P\u00f3<\/h2>\n<p class=\"whitespace-pre-wrap\">O p\u00f3 de CuCrZr est\u00e1 dispon\u00edvel em v\u00e1rias faixas de tamanhos, purezas e pode ser personalizado conforme as necessidades da aplica\u00e7\u00e3o. Aqui est\u00e3o algumas especifica\u00e7\u00f5es comuns:<\/p>\n<table>\n<thead>\n<tr>\n<th>Especifica\u00e7\u00e3o<\/th>\n<th>Detalhes<\/th>\n<\/tr>\n<\/thead>\n<tbody>\n<tr>\n<td>Tamanho da linha<\/td>\n<td>10 &#8211; 150 m\u00edcrons<\/td>\n<\/tr>\n<tr>\n<td>Pureza<\/td>\n<td>At\u00e9 99,9%<\/td>\n<\/tr>\n<tr>\n<td>Teor de carbono<\/td>\n<td>&lt; 100 ppm<\/td>\n<\/tr>\n<tr>\n<td>Conte\u00fado de oxig\u00eanio<\/td>\n<td>&lt;500 ppm<\/td>\n<\/tr>\n<tr>\n<td>Formas das Part\u00edculas<\/td>\n<td>Esf\u00e9rico, irregular<\/td>\n<\/tr>\n<tr>\n<td>Densidade Aparente<\/td>\n<td>At\u00e9 80% da densidade te\u00f3rica<\/td>\n<\/tr>\n<tr>\n<td>Caudal<\/td>\n<td>At\u00e9 25 s\/50 g<\/td>\n<\/tr>\n<\/tbody>\n<\/table>\n<ul class=\"list-disc pl-8 space-y-2\">\n<li class=\"whitespace-normal\">O tamanho do p\u00f3 afeta diretamente a densidade e o acabamento superficial das pe\u00e7as acabadas. P\u00f3 mais fino produz maior densidade e melhor acabamento superficial.<\/li>\n<li class=\"whitespace-normal\">Alta pureza reduz problemas de contamina\u00e7\u00e3o durante a consolida\u00e7\u00e3o e aprimora propriedades finais.<\/li>\n<li class=\"whitespace-normal\">P\u00f3 atomizado a g\u00e1s tem uma morfologia esf\u00e9rica suave, ideal para manufatura aditiva. P\u00f3 atomizado a \u00e1gua tem forma irregular, \u00fatil para aplica\u00e7\u00f5es de prensagem e sinteriza\u00e7\u00e3o.<\/li>\n<li class=\"whitespace-normal\">A aparente densidade indica o qu\u00e3o firmemente o p\u00f3 pode ser compactado. Densidades maiores melhoram a sinteriza\u00e7\u00e3o.<\/li>\n<li class=\"whitespace-normal\">A vaz\u00e3o afeta a facilidade de manuseio do p\u00f3 e o enchimento uniforme da matriz em processos de prensagem e sinteriza\u00e7\u00e3o.<\/li>\n<\/ul>\n<p class=\"whitespace-pre-wrap\">As caracter\u00edsticas do p\u00f3 podem ser feitas sob medida, como distribui\u00e7\u00e3o do tamanho das part\u00edculas, forma, densidade aparente etc., de acordo com as exig\u00eancias da aplica\u00e7\u00e3o.<\/p>\n<h2>M\u00e9todos de consolida\u00e7\u00e3o para o p\u00f3 de CuCrZr<\/h2>\n<p class=\"whitespace-pre-wrap\">CuCrZr powder pode ser consolidado em componentes totalmente densos usando m\u00e9todos como:<\/p>\n<table>\n<thead>\n<tr>\n<th>M\u00e9todo de Consolida\u00e7\u00e3o<\/th>\n<th>Detalhes<\/th>\n<\/tr>\n<\/thead>\n<tbody>\n<tr>\n<td>Manufatura aditiva<\/td>\n<td>Fus\u00e3o seletiva a laser, Fus\u00e3o a feixe de el\u00e9trons<\/td>\n<\/tr>\n<tr>\n<td>Prensagem e Sinteriza\u00e7\u00e3o<\/td>\n<td>Seguido por infiltra\u00e7\u00e3o ou tratamento t\u00e9rmico<\/td>\n<\/tr>\n<tr>\n<td>Prensagem isost\u00e1tica a quente<\/td>\n<td>Densifica\u00e7\u00e3o total do p\u00f3 encapsulado<\/td>\n<\/tr>\n<tr>\n<td>Extrus\u00e3o<\/td>\n<td>Forjamento de p\u00f3 misturado com lubrificantes<\/td>\n<\/tr>\n<tr>\n<td>Sinteriza\u00e7\u00e3o de plasma e fa\u00edscas<\/td>\n<td>Denfica\u00e7\u00e3o r\u00e1pida com corrente pulsada<\/td>\n<\/tr>\n<\/tbody>\n<\/table>\n<p class=\"whitespace-pre-wrap\">M\u00e9todos de fabrica\u00e7\u00e3o aditiva como derretimento seletivo a laser e derretimento por feixe de el\u00e9trons s\u00e3o comumente usados para produzir pe\u00e7as complexas de CuCrZr com microestrutura fina diretamente do p\u00f3.<\/p>\n<p class=\"whitespace-pre-wrap\">O m\u00e9todo de prensar e sinterizar \u00e9 econ\u00f4mico para produ\u00e7\u00e3o de alto volume, mas envolve v\u00e1rias etapas. As propriedades finais dependem da temperatura de sinteriza\u00e7\u00e3o, tempo, atmosfera etc.<\/p>\n<p class=\"whitespace-pre-wrap\">A prensagem isost\u00e1tica a quente aplica alta press\u00e3o, permitindo densifica\u00e7\u00e3o total em temperaturas mais baixas. Ela reduz a porosidade em pe\u00e7as fabricadas por adi\u00e7\u00e3o e melhora a vida \u00fatil contra fadiga.<\/p>\n<p class=\"whitespace-pre-wrap\">A extrus\u00e3o e a sinteriza\u00e7\u00e3o com plasma de fa\u00edsca s\u00e3o m\u00e9todos alternativos adequados para as geometrias mais simples. O processo de consolida\u00e7\u00e3o influencia a microestrutura final, as propriedades e o desempenho.<\/p>\n<h2>Tratamento T\u00e9rmico de Liga de CuCrZr<\/h2>\n<p class=\"whitespace-pre-wrap\">Um dos principais benef\u00edcios da liga CuCrZr \u00e9 sua resposta de endurecimento por precipita\u00e7\u00e3o. Os tratamentos t\u00e9rmicos de solu\u00e7\u00e3o e envelhecimento podem alterar significativamente sua resist\u00eancia de acordo com os requisitos:<\/p>\n<table>\n<thead>\n<tr>\n<th>Tratamento T\u00e9rmico<\/th>\n<th>Detalhes<\/th>\n<\/tr>\n<\/thead>\n<tbody>\n<tr>\n<td>Recozimento da Solu\u00e7\u00e3o<\/td>\n<td>850-980\u00a1\u00abC, \u00e1gua de t\u00eampera. Dissolve precipitados, amacia a liga<\/td>\n<\/tr>\n<tr>\n<td>Envelhecimento<\/td>\n<td>350-500\u00a1\u00abC por 1-4 horas. Controla a precipita\u00e7\u00e3o e o endurecimento.<\/td>\n<\/tr>\n<tr>\n<td>Aliviador de Estresse<\/td>\n<td>350\u00b0 C por 1 hora. Remove tens\u00f5es residuais.<\/td>\n<\/tr>\n<\/tbody>\n<\/table>\n<p class=\"whitespace-pre-wrap\">O recozimento da solu\u00e7\u00e3o dissolve cromo e zirc\u00f4nio em solu\u00e7\u00e3o s\u00f3lida seguido por resfriamento r\u00e1pido para formar uma solu\u00e7\u00e3o s\u00f3lida supersaturada. O tratamento de envelhecimento subsequente nucleia precipitados coerentes finos resultando em endurecimento por precipita\u00e7\u00e3o.<\/p>\n<p class=\"whitespace-pre-wrap\">O tempo e a temperatura de envelhecimento controlam diretamente a resposta ao endurecimento. Temperatura de envelhecimento mais baixa e tempos mais curtos preservam a condutividade. O endurecimento por precipita\u00e7\u00e3o pode triplicar a resist\u00eancia em compara\u00e7\u00e3o com a condi\u00e7\u00e3o de solu\u00e7\u00e3o.<\/p>\n<p class=\"whitespace-pre-wrap\">Aliviar tens\u00f5es ajuda a reduzir as tens\u00f5es residuais de trabalhos anteriores a frio ou calor para minimizar a distor\u00e7\u00e3o durante o corte.<\/p>\n<h2>Compara\u00e7\u00e3o do p\u00f3 CuCrZr com alternativas<\/h2>\n<p class=\"whitespace-pre-wrap\">CuCrZr concorre com ligas como a\u00e7os inoxid\u00e1veis endurecidos por precipita\u00e7\u00e3o, cobre ber\u00edlio e prata de n\u00edquel:<\/p>\n<table>\n<thead>\n<tr>\n<th>Liga<\/th>\n<th>CuCrZr<\/th>\n<th>17-4PH SS<\/th>\n<th>Be-Cu<\/th>\n<th>Ni-Ag<\/th>\n<\/tr>\n<\/thead>\n<tbody>\n<tr>\n<td>For\u00e7a<\/td>\n<td>Excelente<\/td>\n<td>Excelente<\/td>\n<td>Razo\u00e1vel<\/td>\n<td>Bom<\/td>\n<\/tr>\n<tr>\n<td>Condutividade<\/td>\n<td>Bom<\/td>\n<td>Pobre<\/td>\n<td>Excelente<\/td>\n<td>Bom<\/td>\n<\/tr>\n<tr>\n<td>Trabalhabilidade<\/td>\n<td>Razo\u00e1vel<\/td>\n<td>Bom<\/td>\n<td>Excelente<\/td>\n<td>Excelente<\/td>\n<\/tr>\n<tr>\n<td>Soldabilidade<\/td>\n<td>Razo\u00e1vel<\/td>\n<td>Razo\u00e1vel<\/td>\n<td>Excelente<\/td>\n<td>Bom<\/td>\n<\/tr>\n<tr>\n<td>Custo<\/td>\n<td>Moderado<\/td>\n<td>Alto<\/td>\n<td>Muito alto<\/td>\n<td>Moderado<\/td>\n<\/tr>\n<\/tbody>\n<\/table>\n<ul class=\"list-disc pl-8 space-y-2\">\n<li class=\"whitespace-normal\"><strong>A\u00e7o inoxid\u00e1vel 17-4PH<\/strong>?tem resist\u00eancia compar\u00e1vel, mas significativamente menor condutividade devido ao alto teor de Cr e Ni.<\/li>\n<li class=\"whitespace-normal\"><strong>Cobre ber\u00edlio<\/strong>?possui excelente condutividade, mas n\u00edveis de resist\u00eancia menores. Quest\u00f5es caras e de toxicidade.<\/li>\n<li class=\"whitespace-normal\"><strong>Alpaca<\/strong>??? tem boa resist\u00eancia mas menores temperaturas de opera\u00e7\u00e3o. Excelente maleabilidade.<\/li>\n<li class=\"whitespace-normal\"><strong>CuCrZr<\/strong>?oferece o melhor equil\u00edbrio de resist\u00eancia, condutividade, aplicabilidade e custo para muitas aplica\u00e7\u00f5es.<\/li>\n<\/ul>\n<p class=\"whitespace-pre-wrap\">Para a combina\u00e7\u00e3o de resist\u00eancia mais condutividade, o CuCrZr oferece um desempenho superior e um custo menor em compara\u00e7\u00e3o com os a\u00e7os inoxid\u00e1veis endurecidos por precipita\u00e7\u00e3o ou com as ligas de cobre ber\u00edlio.<\/p>\n<h2>Fornecedores de p\u00f3 de CuCrZr<\/h2>\n<p class=\"whitespace-pre-wrap\">P\u00f3 CuCrZr \u00e9 fornecido por produtores especializados de p\u00f3 de metal. Aqui est\u00e3o alguns dos principais fornecedores:<\/p>\n<table>\n<thead>\n<tr>\n<th>Fornecedor<\/th>\n<th>**Atributos do P\u00f3**<\/th>\n<\/tr>\n<\/thead>\n<tbody>\n<tr>\n<td>Sandvik<\/td>\n<td>Faixa de tamanho 10-150 \u00c3\u00d7m, Densidade aparente de at\u00e9 65%, P\u00f3 irregular e esf\u00e9rico<\/td>\n<\/tr>\n<tr>\n<td>Hoganas<\/td>\n<td>Faixa de tamanho de 45 a 150 \u00c3 \u00d7 m, Densidade aparente de at\u00e9 80%, P\u00f3 esf\u00e9rico, Alta pureza<\/td>\n<\/tr>\n<tr>\n<td>Pometon<\/td>\n<td>Faixa de tamanho 10-63 \u00c3 \u00d7 m, Densidade aparente de at\u00e9 65%, P\u00f3 esf\u00e9rico e irregular<\/td>\n<\/tr>\n<tr>\n<td>CNPC Powder<\/td>\n<td>Faixa de tamanho 10-150 \u00c3\u00d7m, Densidade aparente de at\u00e9 75%, Alta pureza<\/td>\n<\/tr>\n<\/tbody>\n<\/table>\n<p class=\"whitespace-pre-wrap\">V\u00e1rios tipos de p\u00f3s est\u00e3o dispon\u00edveis, otimizados para aplica\u00e7\u00f5es de manufatura aditiva, prensagem e sinteriza\u00e7\u00e3o ou personalizados para requisitos espec\u00edficos do cliente.<\/p>\n<p class=\"whitespace-pre-wrap\">Fornecedores de renome possuem amplo controle de qualidade na produ\u00e7\u00e3o de p\u00f3 e fornecem certificados de moinho com comprova\u00e7\u00e3o da composi\u00e7\u00e3o do lote.<\/p>\n<h2>Pre\u00e7o do p\u00f3 CuCrZr<\/h2>\n<p class=\"whitespace-pre-wrap\">Como um p\u00f3 de liga especial, o CuCrZr \u00e9 mais caro que os p\u00f3s de material padr\u00e3o. Aqui est\u00e3o algumas faixas t\u00edpicas de pre\u00e7os:<\/p>\n<table>\n<thead>\n<tr>\n<th>Nivel de P\u00f3<\/th>\n<th>Tamanho das part\u00edculas<\/th>\n<th>Faixa de pre\u00e7o<\/th>\n<\/tr>\n<\/thead>\n<tbody>\n<tr>\n<td>CuCrZr para AM<\/td>\n<td>15-45 \u00c3\u00bam<\/td>\n<td>R$ 100-150 por kg<\/td>\n<\/tr>\n<tr>\n<td>CuCrZr para prensa e sinteriza\u00e7\u00e3o<\/td>\n<td>45-150 \u00c3~m<\/td>\n<td>$ 50,00 a 100,00 por kg<\/td>\n<\/tr>\n<tr>\n<td>Alta Pureza CuCrZr<\/td>\n<td>10h45min<\/td>\n<td>$ 180-250 por kg<\/td>\n<\/tr>\n<\/tbody>\n<\/table>\n<ul class=\"list-disc pl-8 space-y-2\">\n<li class=\"whitespace-normal\">P\u00f3 fino abaixo de 45 m\u00edcrons geralmente acima de US$ 100\/kg ideal para AM<\/li>\n<li class=\"whitespace-normal\">O p\u00f3 mais grosso com 45 a 150 micr\u00f4metros custa entre US$ 50 e US$ 100 por kg, adequado para a rota de prensagem e sinteriza\u00e7\u00e3o.<\/li>\n<li class=\"whitespace-normal\">P\u00f3 de alta pureza (&gt;99,9%) destinado a aplica\u00e7\u00f5es cr\u00edticas tem pre\u00e7o premium de mais de US$ 180\/kg.<\/li>\n<li class=\"whitespace-normal\">A redu\u00e7\u00e3o de oxig\u00eanio e carbono melhora a consolida\u00e7\u00e3o e as propriedades finais.<\/li>\n<li class=\"whitespace-normal\">Os pre\u00e7os variam conforme a quantidade, tamanho da faixa, n\u00edvel de qualidade do p\u00f3.<\/li>\n<\/ul>\n<p class=\"whitespace-pre-wrap\">Descontos por volume de 1 kg a v\u00e1rias toneladas podem ser negociados com fornecedores. P\u00f3 de alta pureza com distribui\u00e7\u00e3o de tamanho de part\u00edcula controlada atraem pre\u00e7os mais altos.<\/p>\n<h2>P\u00f3 CuCrZr: Sa\u00fade e Seguran\u00e7a<\/h2>\n<p class=\"whitespace-pre-wrap\">Como a maioria dos p\u00f3s met\u00e1licos, o p\u00f3 de CuCrZr requer manuseio cuidadoso para minimizar riscos \u00e0 sa\u00fade e seguran\u00e7a:<\/p>\n<table>\n<thead>\n<tr>\n<th>Perigo<\/th>\n<th>Precau\u00e7\u00f5es<\/th>\n<th>EPI<\/th>\n<\/tr>\n<\/thead>\n<tbody>\n<tr>\n<td>Contacto visual<\/td>\n<td>Evite o contato direto. N\u00e3o esfregue os olhos ap\u00f3s contato. Em caso de contato, enxague com \u00e1gua.<\/td>\n<td>\u00d3culos de seguran\u00e7a<\/td>\n<\/tr>\n<tr>\n<td>Contato de Pele<\/td>\n<td>Evite contato direto. Lave bem as \u00e1reas afetadas com \u00e1gua e sab\u00e3o.<\/td>\n<td>Luvas<\/td>\n<\/tr>\n<tr>\n<td>Inala\u00e7\u00e3o<\/td>\n<td>Evite respirar o p\u00f3 do fermento qu\u00edmico. Garanta a ventila\u00e7\u00e3o adequada.<\/td>\n<td>Respiradores aprovados<\/td>\n<\/tr>\n<tr>\n<td>Ingest\u00e3o<\/td>\n<td>Evite o contato direto com as m\u00e3os. Lave as m\u00e3os ap\u00f3s manusear.<\/td>\n<td>&#8211;<\/td>\n<\/tr>\n<tr>\n<td>Fogo<\/td>\n<td>Use areia seca para apagar fogo de p\u00f3 met\u00e1lico. N\u00e3o use \u00e1gua.<\/td>\n<td>Equipamento de seguran\u00e7a contra inc\u00eandio<\/td>\n<\/tr>\n<\/tbody>\n<\/table>\n<ul class=\"list-disc pl-8 space-y-2\">\n<li class=\"whitespace-normal\">Use EPI - \u00f3culos, luvas, m\u00e1scara ao manusear p\u00f3 para minimizar o contato<\/li>\n<li class=\"whitespace-normal\">Pratique uma boa higiene ap\u00f3s trabalhar com p\u00f3.<\/li>\n<li class=\"whitespace-normal\">Evite o ac\u00famulo de p\u00f3 em superf\u00edcies.<\/li>\n<li class=\"whitespace-normal\">Armazene recipientes fechados hermeticamente em \u00e1rea fresca e seca, longe de fontes de igni\u00e7\u00e3o.<\/li>\n<\/ul>\n<p class=\"whitespace-pre-wrap\">Consulte a FISPQ para obter informa\u00e7\u00f5es completas sobre seguran\u00e7a. Procure assist\u00eancia m\u00e9dica se a exposi\u00e7\u00e3o causar irrita\u00e7\u00e3o. Ter protocolos de seguran\u00e7a adequados minimiza os riscos ao manusear o p\u00f3 CuCrZr.<\/p>\n<h2>Inspe\u00e7\u00e3o e Testes de P\u00f3 CuCrZr<\/h2>\n<p class=\"whitespace-pre-wrap\">Para garantir alta qualidade e consist\u00eancia, o p\u00f3 de CuCrZr deve ser inspecionado e testado para:<\/p>\n<table>\n<thead>\n<tr>\n<th>Par\u00e2metro<\/th>\n<th>M\u00e9todo<\/th>\n<th>Especifica\u00e7\u00e3o<\/th>\n<\/tr>\n<\/thead>\n<tbody>\n<tr>\n<td>Composi\u00e7\u00e3o qu\u00edmica<\/td>\n<td>XRF, qu\u00edmica l\u00edquida<\/td>\n<td>Conformidade ao teor de Cu, Cr e Zr especificado<\/td>\n<\/tr>\n<tr>\n<td>Distribui\u00e7\u00e3o de Tamanho de Part\u00edcula<\/td>\n<td>Difra\u00e7\u00e3o a laser, peneira\u00e7\u00e3o<\/td>\n<td>Tamanho mediano, D10, D90 dentro da faixa especificada<\/td>\n<\/tr>\n<tr>\n<td>Morfologia do p\u00f3<\/td>\n<td>imagens SEM<\/td>\n<td>Formato esf\u00e9rico, sat\u00e9lites m\u00ednimos para p\u00f3 AM<\/td>\n<\/tr>\n<tr>\n<td>Densidade Aparente<\/td>\n<td>Medidor de vaz\u00e3o com corredor<\/td>\n<td>Conforme especificado para aplica\u00e7\u00e3o<\/td>\n<\/tr>\n<tr>\n<td>Caudal<\/td>\n<td>Medidor de vaz\u00e3o com corredor<\/td>\n<td>Conforme especificado para aplica\u00e7\u00e3o<\/td>\n<\/tr>\n<tr>\n<td>Impurezas<\/td>\n<td>ICP, an\u00e1lise LECO<\/td>\n<td>Baixo teor de oxig\u00eanio e nitrog\u00eanio<\/td>\n<\/tr>\n<\/tbody>\n<\/table>\n<p class=\"whitespace-pre-wrap\">Testes de CQ no processo adequados e inspe\u00e7\u00e3o final garantem que o p\u00f3 atenda aos atributos qu\u00edmicos, f\u00edsicos e morfol\u00f3gicos necess\u00e1rios para a aplica\u00e7\u00e3o pretendida. Testes de rotina devem ser implementados pelo produtor e usu\u00e1rio do p\u00f3.<\/p>\n<h2>Perguntas frequentes<\/h2>\n<p class=\"whitespace-pre-wrap\"><strong>P. Qual \u00e9 a finalidade da liga de CuCrZr?<\/strong><\/p>\n<p class=\"whitespace-pre-wrap\">A. O CuCrZr \u00e9 usado em aplica\u00e7\u00f5es que requerem alta resist\u00eancia combinada com boa condutividade el\u00e9trica e t\u00e9rmica como eletrodos de solda a resist\u00eancia, dissipadores de calor e molas para altas temperaturas.<\/p>\n<p class=\"whitespace-pre-wrap\"><strong>Q. Como o p\u00f3 de CuCrZr \u00e9 feito?<\/strong><\/p>\n<p class=\"whitespace-pre-wrap\">A. CuCrZr \u00e9 produzido por atomiza\u00e7\u00e3o de g\u00e1s ou atomiza\u00e7\u00e3o de \u00e1gua da liga fundida para criar part\u00edculas de p\u00f3 esf\u00e9ricas ou irregulares finas com tamanho ideal para AM ou uso de prensa e sinteriza\u00e7\u00e3o.<\/p>\n<p class=\"whitespace-pre-wrap\"><strong>Q. O que afeta as propriedades das pe\u00e7as CuCrZr?<\/strong><\/p>\n<p class=\"whitespace-pre-wrap\">A. As propriedades dependem da composi\u00e7\u00e3o, qualidade do p\u00f3, m\u00e9todo e par\u00e2metros de consolida\u00e7\u00e3o, tratamento t\u00e9rmico e microestrutura. A capacidade de endurecimento por precipita\u00e7\u00e3o do CuCrZr tamb\u00e9m permite a personaliza\u00e7\u00e3o da resist\u00eancia.<\/p>\n<p class=\"whitespace-pre-wrap\"><strong>P. Qual \u00e9 a diferen\u00e7a entre o p\u00f3 CuCrZr atomizado a g\u00e1s e o atomizado a \u00e1gua?<\/strong><\/p>\n<p class=\"whitespace-pre-wrap\">A. O p\u00f3 atomizado a g\u00e1s apresenta uma morfologia esf\u00e9rica ideal para o processamento de FM; por outro lado, o p\u00f3 atomizado a \u00e1gua tem uma forma irregular adequada para prensagem e sinteriza\u00e7\u00e3o<\/p>\n<p class=\"whitespace-pre-wrap\"><strong>P. A liga CuCrZr necessita de tratamento t\u00e9rmico?<\/strong><\/p>\n<p class=\"whitespace-pre-wrap\">A. Sim, tratamentos t\u00e9rmicos para solu\u00e7\u00e3o e envelhecimento permitem otimizar a resist\u00eancia e condutividade ao controlar a precipita\u00e7\u00e3o na microestrutura da liga.<\/p>\n<p class=\"whitespace-pre-wrap\"><strong>P. Qual o pre\u00e7o t\u00edpico para o p\u00f3 CuCrZr?<\/strong><\/p>\n<p class=\"whitespace-pre-wrap\">A. O p\u00f3 de CuCrZr varia de US$ 50\/kg para prensa e grau de sinteriza\u00e7\u00e3o a US$ 250\/kg para p\u00f3 de grau AM de alta pureza. Fra\u00e7\u00f5es de tamanho mais finas e maior pureza aumentam o custo.<\/p>\n<p><\/span><\/span><\/p>","protected":false},"excerpt":{"rendered":"<p>Vis\u00e3o geral do p\u00f3 de CuCrZr O p\u00f3 de CuCrZr \u00e9 uma liga em p\u00f3 composta de cobre (Cu), cromo (Cr) e zirc\u00f4nio (Zr). Ele oferece uma combina\u00e7\u00e3o exclusiva de propriedades que o tornam adequado para aplica\u00e7\u00f5es de alto desempenho que exigem alta resist\u00eancia, boa condutividade e resist\u00eancia ao amolecimento em temperaturas elevadas. Composi\u00e7\u00e3o do p\u00f3 de CuCrZr O CuCrZr \u00e9 uma liga endurecida por precipita\u00e7\u00e3o...<\/p>","protected":false},"featured_media":1862,"parent":0,"template":"","meta":{"_acf_changed":false,"_kad_blocks_custom_css":"","_kad_blocks_head_custom_js":"","_kad_blocks_body_custom_js":"","_kad_blocks_footer_custom_js":"","_kad_post_transparent":"","_kad_post_title":"","_kad_post_layout":"","_kad_post_sidebar_id":"","_kad_post_content_style":"","_kad_post_vertical_padding":"","_kad_post_feature":"","_kad_post_feature_position":"","_kad_post_header":false,"_kad_post_footer":false,"_kad_post_classname":""},"product-category":[119,129],"class_list":["post-3932","product","type-product","status-publish","has-post-thumbnail","hentry","product-category-3d-printing-metal-powder","product-category-copper-alloy-powder"],"acf":[],"taxonomy_info":{"product-category":[{"value":119,"label":"3D Printing Metal Powder"},{"value":129,"label":"Copper Alloy Powder"}]},"featured_image_src_large":["https:\/\/3dpmetal.com\/wp-content\/uploads\/2024\/02\/CuCrZr-Powder.jpg",600,600,false],"author_info":[],"comment_info":"","_links":{"self":[{"href":"https:\/\/3dpmetal.com\/pt_br\/wp-json\/wp\/v2\/product\/3932","targetHints":{"allow":["GET"]}}],"collection":[{"href":"https:\/\/3dpmetal.com\/pt_br\/wp-json\/wp\/v2\/product"}],"about":[{"href":"https:\/\/3dpmetal.com\/pt_br\/wp-json\/wp\/v2\/types\/product"}],"wp:featuredmedia":[{"embeddable":true,"href":"https:\/\/3dpmetal.com\/pt_br\/wp-json\/wp\/v2\/media\/1862"}],"wp:attachment":[{"href":"https:\/\/3dpmetal.com\/pt_br\/wp-json\/wp\/v2\/media?parent=3932"}],"wp:term":[{"taxonomy":"product-category","embeddable":true,"href":"https:\/\/3dpmetal.com\/pt_br\/wp-json\/wp\/v2\/product-category?post=3932"}],"curies":[{"name":"wp","href":"https:\/\/api.w.org\/{rel}","templated":true}]}}