{"id":3936,"date":"2024-03-18T06:10:15","date_gmt":"2024-03-18T06:10:15","guid":{"rendered":"https:\/\/3dp.45612300.xyz\/product\/alsi50-powder\/"},"modified":"2024-03-18T06:10:15","modified_gmt":"2024-03-18T06:10:15","slug":"alsi50-powder","status":"publish","type":"product","link":"https:\/\/3dpmetal.com\/pt_br\/product\/alsi50-powder\/","title":{"rendered":"P\u00f3 de AlSi50"},"content":{"rendered":"<p><span style=\"vertical-align: inherit;\"><span style=\"vertical-align: inherit;\"><\/p>\n<p class=\"whitespace-pre-wrap\">AlSi50 \u00e9 um p\u00f3 de liga de alum\u00ednio-sil\u00edcio contendo 50% de sil\u00edcio e alum\u00ednio restante. Ele oferece uma combina\u00e7\u00e3o excepcional de propriedades como baixa densidade, alta fluidez, baixa expans\u00e3o t\u00e9rmica, alta resist\u00eancia espec\u00edfica e resist\u00eancia \u00e0 corros\u00e3o.<\/p>\n<h2>Composi\u00e7\u00e3o do P\u00f3 AlSi50<\/h2>\n<p class=\"whitespace-pre-wrap\">A composi\u00e7\u00e3o t\u00edpica do p\u00f3 da liga AlSi50 \u00e9:<\/p>\n<table>\n<thead>\n<tr>\n<th>Elemento<\/th>\n<th>Composi\u00e7\u00e3o<\/th>\n<\/tr>\n<\/thead>\n<tbody>\n<tr>\n<td>Alum\u00ednio (Al)<\/td>\n<td>Equil\u00edbrio<\/td>\n<\/tr>\n<tr>\n<td>Sil\u00edcio (Si)<\/td>\n<td>48-52%<\/td>\n<\/tr>\n<\/tbody>\n<\/table>\n<ul class=\"list-disc pl-8 space-y-2\">\n<li class=\"whitespace-normal\">O alum\u00ednio forma a matriz, fornecendo dutilidade, tenacidade e resist\u00eancia \u00e0 corros\u00e3o.<\/li>\n<li class=\"whitespace-normal\">O sil\u00edcio aumenta a dureza, a fluidez e reduz o coeficiente de expans\u00e3o t\u00e9rmica.<\/li>\n<\/ul>\n<p class=\"whitespace-pre-wrap\">O teor de sil\u00edcio de 50% resulta em uma composi\u00e7\u00e3o eut\u00e9ctica com o menor ponto de fus\u00e3o poss\u00edvel e excelente fundibilidade. O controle estrito da rela\u00e7\u00e3o Al para Si \u00e9 essencial.<\/p>\n<h2>**Propriedades do P\u00f3 de AlSi50**<\/h2>\n<p class=\"whitespace-pre-wrap\">O p\u00f3 AlSi50 possui uma mistura \u00fanica de propriedades tornando-o adequado para aplica\u00e7\u00f5es de alto desempenho:<\/p>\n<table>\n<thead>\n<tr>\n<th>Propriedade<\/th>\n<th>Valor<\/th>\n<\/tr>\n<\/thead>\n<tbody>\n<tr>\n<td>Densidade<\/td>\n<td>2.55 g\/cm\u00b3<\/td>\n<\/tr>\n<tr>\n<td>Ponto de Fus\u00e3o<\/td>\n<td>577\u00a1\u00abC<\/td>\n<\/tr>\n<tr>\n<td>Resist\u00eancia \u00daltima \u00e0 Tra\u00e7\u00e3o<\/td>\n<td>200-300 MPa<\/td>\n<\/tr>\n<tr>\n<td>alongamento<\/td>\n<td>&lt;1%<\/td>\n<\/tr>\n<tr>\n<td>Dureza<\/td>\n<td>100-120 HB<\/td>\n<\/tr>\n<tr>\n<td>Condutividade t\u00e9rmica<\/td>\n<td>50-90 W\/m-K<\/td>\n<\/tr>\n<tr>\n<td>CTE<\/td>\n<td>12-15 x 10\u207b\u2076\/\u00b5C<\/td>\n<\/tr>\n<tr>\n<td>M\u00f3dulo de Young<\/td>\n<td>80-90 GPa<\/td>\n<\/tr>\n<tr>\n<td>Resist\u00eancia \u00e0 corros\u00e3o<\/td>\n<td>Excelente<\/td>\n<\/tr>\n<\/tbody>\n<\/table>\n<ul class=\"list-disc pl-8 space-y-2\">\n<li class=\"whitespace-normal\"><strong>Baixa Densidade<\/strong>?- At\u00e9 40% mais baixo que em ligas de tit\u00e2nio e a\u00e7os.<\/li>\n<li class=\"whitespace-normal\"><strong>Alta fluidez quando fundido<\/strong>?- Permite excelente moldeabilidade e preenchimento do molde.<\/li>\n<li class=\"whitespace-normal\"><strong>Alta rela\u00e7\u00e3o resist\u00eancia-peso<\/strong>- Resist\u00eancia espec\u00edfica compar\u00e1vel a ligas de tit\u00e2nio.<\/li>\n<li class=\"whitespace-normal\"><strong>Baixo coeficiente de expans\u00e3o t\u00e9rmica<\/strong>- Dimens\u00f5es permanecem est\u00e1veis em uma ampla faixa de temperatura.<\/li>\n<li class=\"whitespace-normal\"><strong>Excelente resist\u00eancia a corros\u00e3o<\/strong>?- Uma camada de \u00f3xido protetora previne a corros\u00e3o na maioria dos ambientes.<\/li>\n<li class=\"whitespace-normal\"><strong>Boa condutividade t\u00e9rmica<\/strong>?- Duas vezes maior que as ligas de tit\u00e2nio, permitindo dissipa\u00e7\u00e3o de calor eficiente.<\/li>\n<\/ul>\n<p class=\"whitespace-pre-wrap\">Este perfil especial de propriedade torna o AlSi50 adequado para aplica\u00e7\u00f5es onde massa baixa, precis\u00e3o, estabilidade e resist\u00eancia s\u00e3o cruciais.<\/p>\n<h2>Aplica\u00e7\u00f5es do P\u00f3 de AlSi50<\/h2>\n<p class=\"whitespace-pre-wrap\">As principais propriedades do p\u00f3 de AlSi50 o tornam ideal para:<\/p>\n<table>\n<thead>\n<tr>\n<th>APLICATIVOS<\/th>\n<th>Benef\u00edcios<\/th>\n<\/tr>\n<\/thead>\n<tbody>\n<tr>\n<td>Componentes automotivos<\/td>\n<td>Baixa densidade e excelente capacidade de vazamento.<\/td>\n<\/tr>\n<tr>\n<td>Pe\u00e7as para aeronaves<\/td>\n<td>Alta resist\u00eancia espec\u00edfica, dimens\u00f5es est\u00e1veis.<\/td>\n<\/tr>\n<tr>\n<td>Substratos eletr\u00f4nicos<\/td>\n<td>Gest\u00e3o t\u00e9rmica, correspond\u00eancia CTE com cer\u00e2mica.<\/td>\n<\/tr>\n<tr>\n<td>Discos brutos para espelho<\/td>\n<td>Baixa densidade, usinabilidade, estabilidade.<\/td>\n<\/tr>\n<tr>\n<td>Implantes M\u00e9dicos<\/td>\n<td>Biocompat\u00edvel, at\u00f3xico, resistente \u00e0 corros\u00e3o.<\/td>\n<\/tr>\n<\/tbody>\n<\/table>\n<ul class=\"list-disc pl-8 space-y-2\">\n<li class=\"whitespace-normal\"><strong>Automotivo<\/strong>?- Usado em pist\u00f5es, blocos de motor, pe\u00e7as de transmiss\u00e3o para reduzir peso e melhorar efici\u00eancia do motor.<\/li>\n<li class=\"whitespace-normal\"><strong>Aeroespacial<\/strong>?- Ideal para componentes aeroespaciais de precis\u00e3o como atuadores e turbocompressores que requerem maior resist\u00eancia em rela\u00e7\u00e3o ao peso.<\/li>\n<li class=\"whitespace-normal\"><strong>Eletr\u00f4nicos<\/strong>?- Substratos para PCBs, inv\u00f3lucros de CI para administrar cargas t\u00e9rmicas ao mesmo tempo em que corresponde ao comportamento de expans\u00e3o de cer\u00e2mica.<\/li>\n<li class=\"whitespace-normal\"><strong>\u00d3tica<\/strong>- Espelhos em branco, telesc\u00f3pios se beneficiam da alta estabilidade dimensional e usinabilidade.<\/li>\n<li class=\"whitespace-normal\"><strong>M\u00e9dico<\/strong>- Excelente biocompatibilidade e resist\u00eancia \u00e0 corros\u00e3o para implantes como aparelhos ortop\u00e9dicos.<\/li>\n<\/ul>\n<p class=\"whitespace-pre-wrap\">O AlSi50 oferece desempenho m\u00e1ximo onde baixa densidade, precis\u00e3o e resist\u00eancia s\u00e3o cruciais.<\/p>\n<p><img loading=\"lazy\" decoding=\"async\" class=\"size-medium wp-image-1409 aligncenter\" src=\"https:\/\/met3dp.com\/wp-content\/uploads\/2023\/09\/ed7a94ec-3c10-4b1b-87ed--300x300.jpg\" alt=\"P\u00f3 de AlSi50\" width=\"300\" height=\"300\" title=\"\"><\/p>\n<h2>Especifica\u00e7\u00f5es do P\u00f3 AlSi50<\/h2>\n<p class=\"whitespace-pre-wrap\">O p\u00f3 de AlSi50 est\u00e1 dispon\u00edvel em v\u00e1rias fra\u00e7\u00f5es de tamanho, formas e n\u00edveis de pureza:<\/p>\n<table>\n<thead>\n<tr>\n<th>Par\u00e2metro<\/th>\n<th>Op\u00e7\u00f5es<\/th>\n<\/tr>\n<\/thead>\n<tbody>\n<tr>\n<td>Tamanho das part\u00edculas<\/td>\n<td>10 &#8211; 150 m\u00edcrons<\/td>\n<\/tr>\n<tr>\n<td>Formas das Part\u00edculas<\/td>\n<td>Irregular, esf\u00e9rico<\/td>\n<\/tr>\n<tr>\n<td>Densidade Aparente<\/td>\n<td>At\u00e9 2,7 g\/cm\u00b3<\/td>\n<\/tr>\n<tr>\n<td>Caudal<\/td>\n<td>At\u00e9 25 s\/50g<\/td>\n<\/tr>\n<tr>\n<td>Pureza<\/td>\n<td>At\u00e9 99,7%<\/td>\n<\/tr>\n<tr>\n<td>Variantes de liga<\/td>\n<td>AlSi40, AlSi30<\/td>\n<\/tr>\n<\/tbody>\n<\/table>\n<ul class=\"list-disc pl-8 space-y-2\">\n<li class=\"whitespace-normal\">Part\u00edculas menores promovem maior densidade sinterizada enquanto part\u00edculas grandes melhoram a fluibilidade.<\/li>\n<li class=\"whitespace-normal\">A morfologia esf\u00e9rica favorece o escoamento do p\u00f3 em compara\u00e7\u00e3o com as part\u00edculas irregulares.<\/li>\n<li class=\"whitespace-normal\">A maior densidade aparente aumenta a carga efetiva na fabrica\u00e7\u00e3o de comp\u00f3sitos.<\/li>\n<li class=\"whitespace-normal\">Taxas de fluxo mais r\u00e1pidas melhoram a facilidade de manuseio e processamento de p\u00f3.<\/li>\n<li class=\"whitespace-normal\">Alta pureza da gradua\u00e7\u00e3o minimiza problemas de contamina\u00e7\u00e3o.<\/li>\n<li class=\"whitespace-normal\">Ligas de alum\u00ednio-sil\u00edcio com 30-40% de sil\u00edcio tamb\u00e9m dispon\u00edveis.<\/li>\n<\/ul>\n<p class=\"whitespace-pre-wrap\">Atributos do p\u00f3 podem ser personalizados com base em requisitos espec\u00edficos da aplica\u00e7\u00e3o e m\u00e9todos de processamento.<\/p>\n<h2>M\u00e9todos de Consolida\u00e7\u00e3o para P\u00f3 AlSi50<\/h2>\n<p class=\"whitespace-pre-wrap\">O p\u00f3 AlSi50 pode ser transformado em componentes de densidade total usando t\u00e9cnicas como:<\/p>\n<table>\n<thead>\n<tr>\n<th>M\u00e9todo<\/th>\n<th>Detalhes<\/th>\n<\/tr>\n<\/thead>\n<tbody>\n<tr>\n<td>Manufatura aditiva<\/td>\n<td>Excelente liberdade geom\u00e9trica para formas complexas.<\/td>\n<\/tr>\n<tr>\n<td>Modelagem por Inje\u00e7\u00e3o de Metais<\/td>\n<td>Alta precis\u00e3o na capacidade do formato da rede.<\/td>\n<\/tr>\n<tr>\n<td>Prensagem e Sinteriza\u00e7\u00e3o<\/td>\n<td>Econ\u00f4mico para formas mais simples com volume maior.<\/td>\n<\/tr>\n<tr>\n<td>Contrata\u00e7\u00e3o<\/td>\n<td>Aproveita excelente fluidez e comportamento de enchimento da forma.<\/td>\n<\/tr>\n<tr>\n<td>Extrus\u00e3o<\/td>\n<td>Para perfis, var\u00f5es e tubos.<\/td>\n<\/tr>\n<\/tbody>\n<\/table>\n<ul class=\"list-disc pl-8 space-y-2\">\n<li class=\"whitespace-normal\">T\u00e9cnicas de fabrica\u00e7\u00e3o aditiva de fus\u00e3o de leito de p\u00f3 como a fus\u00e3o seletiva a laser s\u00e3o ideais para pe\u00e7as complexas de baixo volume.<\/li>\n<li class=\"whitespace-normal\">Moldagem por inje\u00e7\u00e3o de metal oferece as menores toler\u00e2ncias e acabamento superficial.<\/li>\n<li class=\"whitespace-normal\">A prensagem seguida de sinteriza\u00e7\u00e3o em fase l\u00edquida \u00e9 comumente usada, mas \u00e9 necess\u00e1rio processamento secund\u00e1rio.<\/li>\n<li class=\"whitespace-normal\">Fundi\u00e7\u00e3o de investimento fornece uma maior produtividade para geometrias mais simples.<\/li>\n<li class=\"whitespace-normal\">A extrus\u00e3o \u00e9 adequada para produ\u00e7\u00e3o cont\u00ednua de barras, hastes e tubos.<\/li>\n<\/ul>\n<p class=\"whitespace-pre-wrap\">O m\u00e9todo de consolida\u00e7\u00e3o influencia fortemente as propriedades finais, a microestrutura e os custos econ\u00f4micos.<\/p>\n<h2>Tratamento t\u00e9rmico para pe\u00e7as em AlSi50<\/h2>\n<p class=\"whitespace-pre-wrap\">Os seguintes tratamentos a quente podem ser usados para modificar as propriedades da AlSi50:<\/p>\n<table>\n<thead>\n<tr>\n<th>Tratamento T\u00e9rmico<\/th>\n<th>Detalhes<\/th>\n<th>Objetivo<\/th>\n<\/tr>\n<\/thead>\n<tbody>\n<tr>\n<td>Tratamento t\u00e9rmico de solu\u00e7\u00e3o<\/td>\n<td>500-550\u00a1\u00abC, temple<\/td>\n<td>Dissolver fases sol\u00faveis<\/td>\n<\/tr>\n<tr>\n<td>Envelhecimento artificial<\/td>\n<td>150-180 \u00b0C, 5-10 h<\/td>\n<td>Endurecimento por precipita\u00e7\u00e3o<\/td>\n<\/tr>\n<tr>\n<td>Aliviador de Estresse<\/td>\n<td>250 \u00a1\u00abC, 2 hrs<\/td>\n<td>Eliminar tens\u00f5es residuais<\/td>\n<\/tr>\n<\/tbody>\n<\/table>\n<ul class=\"list-disc pl-8 space-y-2\">\n<li class=\"whitespace-normal\">O tratamento de solu\u00e7\u00e3o dissolve part\u00edculas de sil\u00edcio na matriz de alum\u00ednio seguido de resfriamento r\u00e1pido.<\/li>\n<li class=\"whitespace-normal\">O envelhecimento subsequente causa o ressurgimento do sil\u00edcio como dispersoides finos que aumentam o fortalecimento.<\/li>\n<li class=\"whitespace-normal\">O al\u00edvio de tens\u00f5es em baixa temperatura ajuda a reduzir tens\u00f5es residuais de etapas de modelagem pr\u00e9vias.<\/li>\n<\/ul>\n<p class=\"whitespace-pre-wrap\">O tratamento t\u00e9rmico adequado permite personalizar a resist\u00eancia, dureza e ductilidade de acordo com os requisitos da aplica\u00e7\u00e3o.<\/p>\n<h2>Compara\u00e7\u00e3o do P\u00f3 AlSi50 com Alternativas<\/h2>\n<p class=\"whitespace-pre-wrap\">Veja como a AlSi50 se compara a outras ligas eut\u00e9ticas de alum\u00ednio-sil\u00edcio:<\/p>\n<table>\n<thead>\n<tr>\n<th>Liga<\/th>\n<th>AlSi50<\/th>\n<th>AlSi40<\/th>\n<th>AlSi30<\/th>\n<\/tr>\n<\/thead>\n<tbody>\n<tr>\n<td>Fluidez<\/td>\n<td>Maior<\/td>\n<td>Alto<\/td>\n<td>M\u00e9dio<\/td>\n<\/tr>\n<tr>\n<td>Fundi\u00e7\u00e3o<\/td>\n<td>Excelente<\/td>\n<td>Muito bom<\/td>\n<td>Bom<\/td>\n<\/tr>\n<tr>\n<td>Dureza<\/td>\n<td>Alto<\/td>\n<td>M\u00e9dio<\/td>\n<td>Baixo<\/td>\n<\/tr>\n<tr>\n<td>For\u00e7a<\/td>\n<td>Alto<\/td>\n<td>M\u00e9dio<\/td>\n<td>Baixo<\/td>\n<\/tr>\n<tr>\n<td>Condutividade t\u00e9rmica<\/td>\n<td>M\u00e9dio<\/td>\n<td>Alto<\/td>\n<td>Maior<\/td>\n<\/tr>\n<tr>\n<td>CTE<\/td>\n<td>Baixo<\/td>\n<td>M\u00e9dio<\/td>\n<td>Alto<\/td>\n<\/tr>\n<tr>\n<td>Custo<\/td>\n<td>Alto<\/td>\n<td>M\u00e9dio<\/td>\n<td>Baixo<\/td>\n<\/tr>\n<\/tbody>\n<\/table>\n<ul class=\"list-disc pl-8 space-y-2\">\n<li class=\"whitespace-normal\">AlSi40 oferece a melhor combina\u00e7\u00e3o em todos os aspectos de fluidez, resist\u00eancia e condutividade t\u00e9rmica.<\/li>\n<li class=\"whitespace-normal\">O AlSi30 oferece a mais alta condutividade t\u00e9rmica, por\u00e9m menor resist\u00eancia e fluidez.<\/li>\n<li class=\"whitespace-normal\">o AlSi50 possui a maior fluidez, dureza e resist\u00eancia, mas menor condutividade t\u00e9rmica.<\/li>\n<\/ul>\n<p class=\"whitespace-pre-wrap\">AlSi50 \u00e9 a melhor op\u00e7\u00e3o quando a m\u00e1xima capacidade de fundi\u00e7\u00e3o, estabilidade dimensional e alta resist\u00eancia espec\u00edfica s\u00e3o cruciais.<\/p>\n<h2>Fabricantes de AlSi50 em P\u00f3<\/h2>\n<p class=\"whitespace-pre-wrap\">Como um p\u00f3 de liga especial, o AlSi50 \u00e9 produzido por uma gama de fornecedores ao redor do mundo:<\/p>\n<table>\n<thead>\n<tr>\n<th>Fabricante<\/th>\n<th>Pa\u00eds<\/th>\n<\/tr>\n<\/thead>\n<tbody>\n<tr>\n<td>Binder Metals<\/td>\n<td>Alemanha<\/td>\n<\/tr>\n<tr>\n<td>CNPC Powder<\/td>\n<td>China<\/td>\n<\/tr>\n<tr>\n<td>Sandvik Osprey<\/td>\n<td>Reino Unido<\/td>\n<\/tr>\n<tr>\n<td>Rio Tinto Metal Powders<\/td>\n<td>Canad\u00e1<\/td>\n<\/tr>\n<tr>\n<td>Valimet Inc<\/td>\n<td>Estados Unidos<\/td>\n<\/tr>\n<tr>\n<td>ASK Chemicals<\/td>\n<td>Estados Unidos<\/td>\n<\/tr>\n<\/tbody>\n<\/table>\n<p class=\"whitespace-pre-wrap\">Fabricantes de renome t\u00eam rigoroso controle de qualidade e est\u00e3o em conformidade com os padr\u00f5es internacionais para composi\u00e7\u00e3o, distribui\u00e7\u00e3o de tamanho de part\u00edcula, densidade aparente e n\u00edveis de impureza.<\/p>\n<h2>Pre\u00e7os do p\u00f3 do AlSi50<\/h2>\n<p class=\"whitespace-pre-wrap\">Como um p\u00f3 de liga avan\u00e7ada especial, o AlSi50 tem um pre\u00e7o premium sobre as classes de alum\u00ednio comuns.<\/p>\n<table>\n<thead>\n<tr>\n<th>Nivel de P\u00f3<\/th>\n<th>Tamanho das part\u00edculas<\/th>\n<th>Pre\u00e7o ($\/kg)<\/th>\n<\/tr>\n<\/thead>\n<tbody>\n<tr>\n<td>Para ser prensado<\/td>\n<td>Menos de 150 \u00c3'm<\/td>\n<td>$15-25<\/td>\n<\/tr>\n<tr>\n<td>Para sinteriza\u00e7\u00e3o<\/td>\n<td>45-150 \u00c3~m<\/td>\n<td>$18-30<\/td>\n<\/tr>\n<tr>\n<td>Para o AM<\/td>\n<td>15-45 \u00c3\u00bam<\/td>\n<td>$30-50<\/td>\n<\/tr>\n<tr>\n<td>Alta Pureza<\/td>\n<td>At\u00e9 10 \u00c3\u00d7m<\/td>\n<td>$40-75<\/td>\n<\/tr>\n<\/tbody>\n<\/table>\n<ul class=\"list-disc pl-8 space-y-2\">\n<li class=\"whitespace-normal\">As fra\u00e7\u00f5es mais finas para AM e sinteriza\u00e7\u00e3o s\u00e3o mais caras do que o p\u00f3 mais grosso para prensagem.<\/li>\n<li class=\"whitespace-normal\">Pequenos lotes com menos de 100 kg atraem pre\u00e7os mais altos.<\/li>\n<li class=\"whitespace-normal\">Os graus de alta pureza com mais baixo teor de oxig\u00eanio e nitrog\u00eanio s\u00e3o 50 a 100% mais caros.<\/li>\n<li class=\"whitespace-normal\">Reduzindo o conte\u00fado de sil\u00edcio para AlSi40, reduz o custo em torno de 20%.<\/li>\n<\/ul>\n<p class=\"whitespace-pre-wrap\">Descontos por volume, contratos de maior dura\u00e7\u00e3o e especifica\u00e7\u00f5es de part\u00edculas mais simples ajudam a reduzir custos.<\/p>\n<h2>Considera\u00e7\u00f5es de Sa\u00fade e Seguran\u00e7a Sobre o P\u00f3 da AlSi50<\/h2>\n<p class=\"whitespace-pre-wrap\">Como qualquer p\u00f3 met\u00e1lico, o p\u00f3 de AlSi50 requer manuseio seguro:<\/p>\n<table>\n<thead>\n<tr>\n<th>Perigo<\/th>\n<th>Precau\u00e7\u00f5es<\/th>\n<th>EPI<\/th>\n<\/tr>\n<\/thead>\n<tbody>\n<tr>\n<td>Contato pele a pele<\/td>\n<td>Evite contato direto. Enx\u00e1gue se exposto.<\/td>\n<td>Luvas, \u00f3culos de prote\u00e7\u00e3o<\/td>\n<\/tr>\n<tr>\n<td>Inala\u00e7\u00e3o<\/td>\n<td>Evite inalar poeira. Garanta ventila\u00e7\u00e3o.<\/td>\n<td>Respirador<\/td>\n<\/tr>\n<tr>\n<td>Ingest\u00e3o<\/td>\n<td>Evite levar a m\u00e3o \u00e0 boca. Lave as m\u00e3os.<\/td>\n<td>&#8211;<\/td>\n<\/tr>\n<tr>\n<td>Fogo<\/td>\n<td>Use sand. N\u00e3o use \u00e1gua.<\/td>\n<td>Equipamento de prote\u00e7\u00e3o<\/td>\n<\/tr>\n<\/tbody>\n<\/table>\n<ul class=\"list-disc pl-8 space-y-2\">\n<li class=\"whitespace-normal\">Use luvas, \u00f3culos de prote\u00e7\u00e3o, m\u00e1scara ao manusear o p\u00f3.<\/li>\n<li class=\"whitespace-normal\">Evite o contato com a pele. Lave ap\u00f3s a exposi\u00e7\u00e3o.<\/li>\n<li class=\"whitespace-normal\">Armazene em local fresco, seco e longe de fa\u00edscas ou chamas.<\/li>\n<li class=\"whitespace-normal\">Assegure-se de ventila\u00e7\u00e3o apropriada e coleta de poeira.<\/li>\n<li class=\"whitespace-normal\">Consulte as FISPQ e os regulamentos locais para orienta\u00e7\u00f5es completas.<\/li>\n<\/ul>\n<p class=\"whitespace-pre-wrap\">Com as devidas precau\u00e7\u00f5es e EPI, o p\u00f3 da AlSi50 pode ser manipulado com seguran\u00e7a.<\/p>\n<h2>Inspe\u00e7\u00e3o e testes de p\u00f3 AlSi50<\/h2>\n<p class=\"whitespace-pre-wrap\">Para garantir que as especifica\u00e7\u00f5es de qualidade sejam atendidas, o p\u00f3 de AlSi50 deve passar por:<\/p>\n<table>\n<thead>\n<tr>\n<th>Par\u00e2metro<\/th>\n<th>M\u00e9todo<\/th>\n<th>Especifica\u00e7\u00e3o<\/th>\n<\/tr>\n<\/thead>\n<tbody>\n<tr>\n<td>Composi\u00e7\u00e3o qu\u00edmica<\/td>\n<td>OES, XRF, qu\u00edmica \u00famida<\/td>\n<td>Conformidade ao conte\u00fado de Al e Si<\/td>\n<\/tr>\n<tr>\n<td>Distribui\u00e7\u00e3o de Tamanho de Part\u00edcula<\/td>\n<td>Difra\u00e7\u00e3o a laser, peneira\u00e7\u00e3o<\/td>\n<td>D10, D50, D90 dentro de intervalo<\/td>\n<\/tr>\n<tr>\n<td>Morfologia do p\u00f3<\/td>\n<td>imagens SEM<\/td>\n<td>Caracter\u00edsticas de forma e fluxo<\/td>\n<\/tr>\n<tr>\n<td>Densidade Aparente<\/td>\n<td>Teste de Fluxo de Vaz\u00e3o de corredor<\/td>\n<td>Densidade m\u00ednima especificada<\/td>\n<\/tr>\n<tr>\n<td>Caudal<\/td>\n<td>Teste de Fluxo de Vaz\u00e3o de corredor<\/td>\n<td>Tempo m\u00e1ximo do fluxo de 50g<\/td>\n<\/tr>\n<tr>\n<td>N\u00edveis de impurezas<\/td>\n<td>An\u00e1lise ICP ou LECO<\/td>\n<td>Baixa oxigena\u00e7\u00e3o, teor de umidade<\/td>\n<\/tr>\n<\/tbody>\n<\/table>\n<p class=\"whitespace-pre-wrap\">Testes devem ser realizados periodicamente de acordo com os padr\u00f5es ASTM para garantir consist\u00eancia na qualidade da produ\u00e7\u00e3o e desempenho em aplica\u00e7\u00f5es finais.<\/p>\n<h2>Perguntas frequentes<\/h2>\n<p class=\"whitespace-pre-wrap\"><strong>P. Para que serve AlSi50?<\/strong><\/p>\n<p class=\"whitespace-pre-wrap\">O AlSi50 \u00e9 ideal para aplica\u00e7\u00f5es como componentes automotivos, pe\u00e7as aeroespaciais e substratos eletr\u00f4nicos onde massa baixa, estabilidade dimensional e alta fluidez s\u00e3o fundamentais.<\/p>\n<p class=\"whitespace-pre-wrap\"><strong>Q. O AlSi50 necessita de tratamento t\u00e9rmico?<\/strong><\/p>\n<p class=\"whitespace-pre-wrap\">A. O tratamento t\u00e9rmico opcional, incluindo solu\u00e7\u00e3o e envelhecimento, pode ser feito para aumentar a resist\u00eancia pela precipita\u00e7\u00e3o de part\u00edculas de sil\u00edcio na microestrutura.<\/p>\n<p class=\"whitespace-pre-wrap\"><strong>P. Quais m\u00e9todos podem consolidar o p\u00f3 AlSi50?<\/strong><\/p>\n<p class=\"whitespace-pre-wrap\">A. O p\u00f3 de AlSi50 pode ser consolidado para densidade total usando moldagem por inje\u00e7\u00e3o de metal, fundi\u00e7\u00e3o, manufatura aditiva via SLM\/EBM, extrus\u00e3o e sinteriza\u00e7\u00e3o.<\/p>\n<p class=\"whitespace-pre-wrap\"><strong>A AlSi50 \u00e9 facilmente sold\u00e1vel?<\/strong><\/p>\n<p class=\"whitespace-pre-wrap\">A. O AlSi50 possui uma soldabilidade relativamente ruim devido ao alto teor de sil\u00edcio. Materiais de enchimento e t\u00e9cnicas especiais s\u00e3o necess\u00e1rios para soldar esta liga.<\/p>\n<p class=\"whitespace-pre-wrap\"><strong>P. O p\u00f3 de AlSi50 \u00e9 seguro para manusear?<\/strong><\/p>\n<p class=\"whitespace-pre-wrap\">Assim como qualquer p\u00f3 met\u00e1lico fino, precau\u00e7\u00f5es de seguran\u00e7a padr\u00e3o devem ser tomadas ao manusear o p\u00f3 AlSi50 para minimizar os riscos de sa\u00fade e seguran\u00e7a.<\/p>\n<div id=\"gtx-trans\" style=\"position: absolute;left: 95px;top: -10px\">\n<div class=\"gtx-trans-icon\"><\/div>\n<\/div>\n<p><\/span><\/span><\/p>","protected":false},"excerpt":{"rendered":"<p>O AlSi50 \u00e9 um p\u00f3 de liga de alum\u00ednio e sil\u00edcio que cont\u00e9m 50% de sil\u00edcio e o restante de alum\u00ednio. Ele oferece uma combina\u00e7\u00e3o excepcional de propriedades, como baixa densidade, alta fluidez, baixa expans\u00e3o t\u00e9rmica, alta resist\u00eancia espec\u00edfica e resist\u00eancia \u00e0 corros\u00e3o. Composi\u00e7\u00e3o do p\u00f3 AlSi50 A composi\u00e7\u00e3o t\u00edpica do p\u00f3 da liga AlSi50 \u00e9: Elemento Composi\u00e7\u00e3o Alum\u00ednio (Al) Equil\u00edbrio Sil\u00edcio (Si) 48-52% O alum\u00ednio forma a...<\/p>","protected":false},"featured_media":1869,"parent":0,"template":"","meta":{"_acf_changed":false,"_kad_blocks_custom_css":"","_kad_blocks_head_custom_js":"","_kad_blocks_body_custom_js":"","_kad_blocks_footer_custom_js":"","_kad_post_transparent":"","_kad_post_title":"","_kad_post_layout":"","_kad_post_sidebar_id":"","_kad_post_content_style":"","_kad_post_vertical_padding":"","_kad_post_feature":"","_kad_post_feature_position":"","_kad_post_header":false,"_kad_post_footer":false,"_kad_post_classname":""},"product-category":[119,124],"class_list":["post-3936","product","type-product","status-publish","has-post-thumbnail","hentry","product-category-3d-printing-metal-powder","product-category-aluminum-based-alloy-powder"],"acf":[],"taxonomy_info":{"product-category":[{"value":119,"label":"3D Printing Metal Powder"},{"value":124,"label":"Aluminum Based Alloy Powder"}]},"featured_image_src_large":["https:\/\/3dpmetal.com\/wp-content\/uploads\/2024\/02\/AlSi50.jpg",600,600,false],"author_info":[],"comment_info":"","_links":{"self":[{"href":"https:\/\/3dpmetal.com\/pt_br\/wp-json\/wp\/v2\/product\/3936","targetHints":{"allow":["GET"]}}],"collection":[{"href":"https:\/\/3dpmetal.com\/pt_br\/wp-json\/wp\/v2\/product"}],"about":[{"href":"https:\/\/3dpmetal.com\/pt_br\/wp-json\/wp\/v2\/types\/product"}],"wp:featuredmedia":[{"embeddable":true,"href":"https:\/\/3dpmetal.com\/pt_br\/wp-json\/wp\/v2\/media\/1869"}],"wp:attachment":[{"href":"https:\/\/3dpmetal.com\/pt_br\/wp-json\/wp\/v2\/media?parent=3936"}],"wp:term":[{"taxonomy":"product-category","embeddable":true,"href":"https:\/\/3dpmetal.com\/pt_br\/wp-json\/wp\/v2\/product-category?post=3936"}],"curies":[{"name":"wp","href":"https:\/\/api.w.org\/{rel}","templated":true}]}}