{"id":3939,"date":"2024-03-18T06:10:15","date_gmt":"2024-03-18T06:10:15","guid":{"rendered":"https:\/\/3dp.45612300.xyz\/product\/gh3625-powderinconel-625-powder\/"},"modified":"2024-03-18T06:10:15","modified_gmt":"2024-03-18T06:10:15","slug":"gh3625-powderinconel-625-powder","status":"publish","type":"product","link":"https:\/\/3dpmetal.com\/pt_br\/product\/gh3625-powderinconel-625-powder\/","title":{"rendered":"P\u00f3 GH3625 (p\u00f3 de Inconel 625)"},"content":{"rendered":"<p><span style=\"vertical-align: inherit;\"><span style=\"vertical-align: inherit;\"><\/p>\n<h2>Vis\u00e3o Geral<\/h2>\n<p><img loading=\"lazy\" decoding=\"async\" class=\"wp-image-2160 size-full aligncenter\" src=\"https:\/\/met3dp.com\/wp-content\/uploads\/2023\/09\/in718-powder.jpg\" alt=\"P\u00f3 de Inconel\" width=\"600\" height=\"600\" title=\"\"><\/p>\n<p class=\"whitespace-pre-wrap\">O p\u00f3 GH3625 \u00e9 um p\u00f3 de liga usado para metal <a href=\"https:\/\/en.wikipedia.org\/wiki\/3D_printing\" target=\"_blank\" rel=\"noopener\">Manufatura aditiva<\/a> processos como sinteriza\u00e7\u00e3o seletiva a laser (SLS) e sinteriza\u00e7\u00e3o direta de metal a laser (DMLS). \u00c9 uma superliga \u00e0 base de n\u00edquel que oferece alta resist\u00eancia, resist\u00eancia \u00e0 corros\u00e3o e excelentes propriedades em altas temperaturas.<\/p>\n<p class=\"whitespace-pre-wrap\">O GH3625 foi projetado especificamente para fabrica\u00e7\u00e3o aditiva para produzir pe\u00e7as complexas e densas com propriedades mec\u00e2nicas excepcionais compar\u00e1veis a materiais trabalhados. Ele permite a produ\u00e7\u00e3o de componentes leves com geometrias complexas para aplica\u00e7\u00f5es aeroespaciais, automotivas, m\u00e9dicas e industriais.<\/p>\n<p class=\"whitespace-pre-wrap\">Este guia fornece uma vis\u00e3o geral detalhada do p\u00f3 GH3625 cobrindo sua composi\u00e7\u00e3o, propriedades, aplica\u00e7\u00f5es, especifica\u00e7\u00f5es, pre\u00e7os, vantagens e limita\u00e7\u00f5es. S\u00e3o feitas compara\u00e7\u00f5es com outras ligas comuns, como Inconel 718 e Stellite 21, para destacar o desempenho e adequa\u00e7\u00e3o do GH3625 para diferentes usos. Uma se\u00e7\u00e3o de perguntas frequentes aborda as principais quest\u00f5es sobre esse material.<\/p>\n<h2>Composi\u00e7\u00e3o do P\u00f3 GH3625<\/h2>\n<p class=\"whitespace-pre-wrap\">GH3625 tem uma complexa composi\u00e7\u00e3o qu\u00edmica projetada para fornecer uma combina\u00e7\u00e3o de alta resist\u00eancia, resist\u00eancia \u00e0 fadiga t\u00e9rmica, oxida\u00e7\u00e3o e resist\u00eancia \u00e0 corros\u00e3o. Aqui est\u00e1 uma vis\u00e3o geral de sua composi\u00e7\u00e3o:<\/p>\n<table>\n<thead>\n<tr>\n<th><strong>Elemento<\/strong><\/th>\n<th><strong>% do Peso<\/strong><\/th>\n<\/tr>\n<\/thead>\n<tbody>\n<tr>\n<td>N\u00edquel<\/td>\n<td>Equil\u00edbrio<\/td>\n<\/tr>\n<tr>\n<td>Cromo<\/td>\n<td>15-17%<\/td>\n<\/tr>\n<tr>\n<td>Cobalto<\/td>\n<td>10%<\/td>\n<\/tr>\n<tr>\n<td>Molibd\u00eanio<\/td>\n<td>8-10%<\/td>\n<\/tr>\n<tr>\n<td>T\u00e2ntalo<\/td>\n<td>5-6%<\/td>\n<\/tr>\n<tr>\n<td>Alum\u00ednio<\/td>\n<td>1.2-1.7%<\/td>\n<\/tr>\n<tr>\n<td>Tit\u00e2nio<\/td>\n<td>0.5-1.2%<\/td>\n<\/tr>\n<tr>\n<td>Boro<\/td>\n<td>0.01%<\/td>\n<\/tr>\n<\/tbody>\n<\/table>\n<p class=\"whitespace-pre-wrap\">O n\u00edquel forma a base desta superliga que fornece ductilidade e tenacidade. Elementos como cr\u00f4mio, cobalto e molibd\u00eanio contribuem para a resist\u00eancia a altas temperaturas por meio do fortalecimento da solu\u00e7\u00e3o s\u00f3lida.<\/p>\n<p class=\"whitespace-pre-wrap\">O T\u00e2ntalo fornece solidez na solu\u00e7\u00e3o fortalecendo e forma part\u00edculas de carboneto para precipita\u00e7\u00e3o do endurecimento. Alum\u00ednio e tit\u00e2nio formam a fase gama prima Ni3(Al,Ti) para dar excelentes propriedades mec\u00e2nicas em altas temperaturas. O boro refor\u00e7a a for\u00e7a de limite de gr\u00e3os.<\/p>\n<p class=\"whitespace-pre-wrap\">A composi\u00e7\u00e3o equilibrada d\u00e1 ao GH3625 excelente soldabilidade em compara\u00e7\u00e3o com a\u00e7os inoxid\u00e1veis endurecidos por precipita\u00e7\u00e3o. Ele pode ser facilmente p\u00f3s-processado atrav\u00e9s de prensagem isost\u00e1tica a quente (PH), tratamento t\u00e9rmico e usinagem.<\/p>\n<h2>Propriedades do p\u00f3 GH3625<\/h2>\n<p class=\"whitespace-pre-wrap\">O p\u00f3 GH3625 tem as seguintes propriedades f\u00edsicas e mec\u00e2nicas que o tornam adequado para aplica\u00e7\u00f5es exigentes:<\/p>\n<p class=\"whitespace-pre-wrap\"><strong>Propriedades do p\u00f3 GH3625<\/strong><\/p>\n<table>\n<thead>\n<tr>\n<th><strong>Propriedade<\/strong><\/th>\n<th><strong>Valor<\/strong><\/th>\n<\/tr>\n<\/thead>\n<tbody>\n<tr>\n<td>Densidade<\/td>\n<td>8,1-8,5 g\/cc<\/td>\n<\/tr>\n<tr>\n<td>Ponto de Fus\u00e3o<\/td>\n<td>1260-1335\u00a1\u00abC<\/td>\n<\/tr>\n<tr>\n<td>Condutividade t\u00e9rmica<\/td>\n<td>11-12,5 W\/mK<\/td>\n<\/tr>\n<tr>\n<td>Coeficiente de expans\u00e3o t\u00e9rmica<\/td>\n<td>12,5-13,5 x 10&lt;sup&gt;-6&lt;\/sup&gt;\/K<\/td>\n<\/tr>\n<tr>\n<td>M\u00f3dulo de elasticidade<\/td>\n<td>156-186 GPa<\/td>\n<\/tr>\n<tr>\n<td>Raz\u00e3o de Poisson<\/td>\n<td>0.29-0.33<\/td>\n<\/tr>\n<tr>\n<td>Resist\u00eancia \u00e0 Tra\u00e7\u00e3o<\/td>\n<td>1050-1280 MPa<\/td>\n<\/tr>\n<tr>\n<td>Limite da Fadiga (Offset de 0,2%)<\/td>\n<td>860-1050 MPa<\/td>\n<\/tr>\n<tr>\n<td>alongamento<\/td>\n<td>8-15%<\/td>\n<\/tr>\n<tr>\n<td>Dureza<\/td>\n<td>32-38 HRC<\/td>\n<\/tr>\n<\/tbody>\n<\/table>\n<p class=\"whitespace-pre-wrap\">O alto ponto de fus\u00e3o, condutividade t\u00e9rmica e baixo coeficiente de expans\u00e3o t\u00e9rmica permitem boa estabilidade dimensional em ambientes de servi\u00e7o de alta temperatura, at\u00e9 1000\u00a1\u00abC por per\u00edodos limitados.<\/p>\n<p class=\"whitespace-pre-wrap\">A liga tem excelente resist\u00eancia \u00e0 tra\u00e7\u00e3o e \u00e0 flu\u00eancia, compar\u00e1vel a materiais forjados, juntamente com boa ductilidade e tenacidade \u00e0 fratura. Exibe alta dureza, resist\u00eancia ao desgaste, corros\u00e3o e abras\u00e3o.<\/p>\n<p class=\"whitespace-pre-wrap\">As propriedades permitem que o GH3625 supere a\u00e7os inoxid\u00e1veis, ligas de cobalto e at\u00e9 mesmo rivalize com superligas de n\u00edquel com endurecimento por precipita\u00e7\u00e3o em resist\u00eancia a altas temperaturas. Ele tamb\u00e9m oferece melhor soldabilidade do que o Inconel 718.<\/p>\n<h2>Aplica\u00e7\u00f5es do p\u00f3 GH3625<\/h2>\n<p class=\"whitespace-pre-wrap\">A combina\u00e7\u00e3o de alta resist\u00eancia, dureza, tenacidade e estabilidade t\u00e9rmica tornam GH3625 apropriado para:<\/p>\n<p class=\"whitespace-pre-wrap\"><strong>Aplica\u00e7\u00f5es GH3625<\/strong><\/p>\n<table>\n<thead>\n<tr>\n<th><strong>Ind\u00fastria<\/strong><\/th>\n<th><strong>Componentes<\/strong><\/th>\n<\/tr>\n<\/thead>\n<tbody>\n<tr>\n<td>Aeroespacial<\/td>\n<td>P\u00e1s de turbina, pe\u00e7as de combust\u00e3o, palhetas guia do bocal<\/td>\n<\/tr>\n<tr>\n<td>Automotivo<\/td>\n<td>Rodas de turbocompressor, manifolds, v\u00e1lvulas<\/td>\n<\/tr>\n<tr>\n<td>Petr\u00f3leo e g\u00e1s<\/td>\n<td>Componentes de cabe\u00e7a de po\u00e7o, ferramentas de fundo de po\u00e7o, v\u00e1lvulas<\/td>\n<\/tr>\n<tr>\n<td>Gera\u00e7\u00e3o de energia<\/td>\n<td>Trocadores de calor, componentes de queimadores<\/td>\n<\/tr>\n<tr>\n<td>Processamento qu\u00edmico<\/td>\n<td>Impulsores da bomba, v\u00e1lvulas, vasos de rea\u00e7\u00e3o<\/td>\n<\/tr>\n<tr>\n<td>M\u00e9dico<\/td>\n<td>Implantes dent\u00e1rios, pr\u00f3teses, instrumentais cir\u00fargicos<\/td>\n<\/tr>\n<\/tbody>\n<\/table>\n<p class=\"whitespace-pre-wrap\">A capacidade de impress\u00e3o 3D de geometrias complexas permite consolidar diversas partes em componentes \u00fanicos e estruturas leves de reticulado. Isso permite a impress\u00e3o mais r\u00e1pida de componentes em uma s\u00f3 pe\u00e7a, ao contr\u00e1rio da montagem de v\u00e1rias se\u00e7\u00f5es.<\/p>\n<p class=\"whitespace-pre-wrap\">O GH3625 \u00e9 usado para imprimir l\u00e2minas, impulsores, placas, discos, tubos com canais de refrigera\u00e7\u00e3o conformados e outros componentes de miss\u00e3o cr\u00edtica que operam sob altas press\u00f5es e temperaturas.<\/p>\n<h2>Especifica\u00e7\u00f5es do p\u00f3 do GH3625<\/h2>\n<p class=\"whitespace-pre-wrap\">O p\u00f3 GH3625 para processos AM est\u00e1 dispon\u00edvel em diferentes formas, distribui\u00e7\u00f5es de tamanho e formula\u00e7\u00f5es, variando de acordo com as fabricantes de p\u00f3.<\/p>\n<p class=\"whitespace-pre-wrap\"><strong>Tipos de P\u00f3s GH3625<\/strong><\/p>\n<table>\n<thead>\n<tr>\n<th><strong>Especifica\u00e7\u00e3o<\/strong><\/th>\n<th><strong>Detalhes<\/strong><\/th>\n<\/tr>\n<\/thead>\n<tbody>\n<tr>\n<td>Distribui\u00e7\u00e3o de Tamanho de Part\u00edcula<\/td>\n<td>15-45 \u00c3\u00b5m, 15-53 \u00c3\u00b5m, 53-150 \u00c3\u00b5m<\/td>\n<\/tr>\n<tr>\n<td>Formas das Part\u00edculas<\/td>\n<td>Esf\u00e9rico, sat\u00e9lite, poli\u00e9drico<\/td>\n<\/tr>\n<tr>\n<td>Modifica\u00e7\u00f5es de Ligas<\/td>\n<td>Com B, C, Zr, Nb, Ta<\/td>\n<\/tr>\n<tr>\n<td>M\u00e9todo de Manufatura<\/td>\n<td>Atomiza\u00e7\u00e3o a g\u00e1s, atomiza\u00e7\u00e3o a plasma<\/td>\n<\/tr>\n<\/tbody>\n<\/table>\n<p class=\"whitespace-pre-wrap\">A atomiza\u00e7\u00e3o de g\u00e1s e a atomiza\u00e7\u00e3o de plasma produzem p\u00f3s esf\u00e9ricos ideais para processos SLS\/DMLS. Os p\u00f3s de sat\u00e9lite t\u00eam uma densidade de batida mais alta e melhoram o fluxo do p\u00f3.<\/p>\n<p class=\"whitespace-pre-wrap\">P\u00f3s menores de 15-45 \u00c3 \u00d7 m fornecem alta resolu\u00e7\u00e3o e acabamento superficial, enquanto os maiores de 53-150 \u00c3 \u00d7 m permitem velocidades de constru\u00e7\u00e3o mais r\u00e1pidas. Diferentes adi\u00e7\u00f5es de ligas como boro, carbono, zirc\u00f4nio, ni\u00f3bio e t\u00e2ntalo s\u00e3o usadas para adaptar as propriedades do material.<\/p>\n<p class=\"whitespace-pre-wrap\"><strong>Padr\u00f5es de P\u00f3 GH3625<\/strong><\/p>\n<table>\n<thead>\n<tr>\n<th><strong>Padr\u00e3o<\/strong><\/th>\n<th><strong>Descri\u00e7\u00e3o<\/strong><\/th>\n<\/tr>\n<\/thead>\n<tbody>\n<tr>\n<td>ASTM F3056<\/td>\n<td>Norma de especifica\u00e7\u00e3o para liga de n\u00edquel de fabrica\u00e7\u00e3o aditiva<\/td>\n<\/tr>\n<tr>\n<td>AMS7016<\/td>\n<td>P\u00f3 de liga de n\u00edquel para servi\u00e7os em alta temperatura<\/td>\n<\/tr>\n<tr>\n<td>ASME B46.1<\/td>\n<td>Requisitos de textura superficial<\/td>\n<\/tr>\n<\/tbody>\n<\/table>\n<p class=\"whitespace-pre-wrap\">O p\u00f3 GH3625 \u00e9 qualificado com base nos limites de composi\u00e7\u00e3o, distribui\u00e7\u00e3o do tamanho da part\u00edcula, morfologia, capacidade de fluxo, densidade aparente e microestrutura segundo o ASTM F3056. S\u00e3o exigidos testes adicionais de acordo com os padr\u00f5es do aplicativo.<\/p>\n<h2>Pre\u00e7o do p\u00f3 do GH3625<\/h2>\n<p class=\"whitespace-pre-wrap\">O p\u00f3 GH3625 \u00e9 mais caro do que os p\u00f3s de a\u00e7o inoxid\u00e1vel devido \u00e0 composi\u00e7\u00e3o complexa e \u00e0 natureza propriet\u00e1ria. Aqui est\u00e3o as faixas de pre\u00e7o t\u00edpicas:<\/p>\n<p class=\"whitespace-pre-wrap\"><strong>Custo da GH3625 em P\u00f3<\/strong><\/p>\n<table>\n<thead>\n<tr>\n<th><strong>Nivel de P\u00f3<\/strong><\/th>\n<th><strong>Faixa de pre\u00e7o<\/strong><\/th>\n<\/tr>\n<\/thead>\n<tbody>\n<tr>\n<td>GH3625<\/td>\n<td>$ 90-200 por kg<\/td>\n<\/tr>\n<tr>\n<td>GH3625 + boro<\/td>\n<td>$ 110-250 por kg<\/td>\n<\/tr>\n<tr>\n<td>GH3625 + Carbono<\/td>\n<td>$100-220 o kg<\/td>\n<\/tr>\n<\/tbody>\n<\/table>\n<p class=\"whitespace-pre-wrap\">Os pre\u00e7os variam de acordo com a quantidade do pedido, distribui\u00e7\u00e3o do tamanho das part\u00edculas, forma, m\u00e9todo de fabrica\u00e7\u00e3o, fornecedor e requisitos adicionais de caracteriza\u00e7\u00e3o ou qualifica\u00e7\u00e3o do p\u00f3.<\/p>\n<h2>GH3625 P\u00f3 Pr\u00f3s e Contras<\/h2>\n<p class=\"whitespace-pre-wrap\">O GH3625 apresenta as seguintes vantagens, que o tornam uma escolha popular:<\/p>\n<p class=\"whitespace-pre-wrap\"><strong>GH3625 Pr\u00f3s<\/strong><\/p>\n<ul class=\"list-disc pl-8 space-y-2\">\n<li class=\"whitespace-normal\">Excelente durabilidade e dureza at\u00e9 1000\u00a1\u00abC<\/li>\n<li class=\"whitespace-normal\">Boa resist\u00eancia \u00e0 corros\u00e3o e oxida\u00e7\u00e3o<\/li>\n<li class=\"whitespace-normal\">Sold\u00e1vel para p\u00f3s-processamento<\/li>\n<li class=\"whitespace-normal\">Maior ductilidade do que Inconel 718<\/li>\n<li class=\"whitespace-normal\">Pode ser endurecido por tratamento t\u00e9rmico com envelhecimento<\/li>\n<li class=\"whitespace-normal\">Geometrias complexas possibilitadas pela AM<\/li>\n<li class=\"whitespace-normal\">Mais r\u00e1pido e mais barato que o transporte<\/li>\n<li class=\"whitespace-normal\">Reduz n\u00famero de pe\u00e7as atrav\u00e9s de consolida\u00e7\u00e3o<\/li>\n<\/ul>\n<p class=\"whitespace-pre-wrap\"><strong>GH3625 Contras<\/strong><\/p>\n<ul class=\"list-disc pl-8 space-y-2\">\n<li class=\"whitespace-normal\">Mais caros que os de a\u00e7o inoxid\u00e1vel<\/li>\n<li class=\"whitespace-normal\">Resist\u00eancia inferior a Inconel 718 acima de 550 \u00b0C<\/li>\n<li class=\"whitespace-normal\">Sujeito a rachadura por envelhecimento por deforma\u00e7\u00e3o<\/li>\n<li class=\"whitespace-normal\">Requer prensagem isost\u00e1tica a quente (HIP)<\/li>\n<li class=\"whitespace-normal\">Dif\u00edcil de usinar \u00c3\u00bf requer ferramentas especializadas<\/li>\n<li class=\"whitespace-normal\">Dados limitados do fornecedor sobre o desempenho a longo prazo<\/li>\n<\/ul>\n<p class=\"whitespace-pre-wrap\">A sele\u00e7\u00e3o adequada dos par\u00e2metros do processo AM e p\u00f3s-processamento mitiga algumas das limita\u00e7\u00f5es do p\u00f3 GH3625.<\/p>\n<h2>Compara\u00e7\u00e3o do GH3625 com <a href=\"https:\/\/met3dp.com\/inconel-718-alloy-powder\/\" target=\"_blank\" rel=\"noopener\">Inconel 718<\/a> e Stellite 21<\/h2>\n<p class=\"whitespace-pre-wrap\">GH3625 ocupa um nicho entre Inconel 718 e Stellite 21 em termos de propriedades e custo:<\/p>\n<p class=\"whitespace-pre-wrap\"><strong>Compara\u00e7\u00e3o de Ligas<\/strong><\/p>\n<table>\n<thead>\n<tr>\n<th><strong>Propriedade<\/strong><\/th>\n<th><strong>GH3625<\/strong><\/th>\n<th><strong>Inconel 718<\/strong><\/th>\n<th><strong>Stellite 21<\/strong><\/th>\n<\/tr>\n<\/thead>\n<tbody>\n<tr>\n<td>Custo<\/td>\n<td>M\u00e9dio<\/td>\n<td>Alto<\/td>\n<td>Baixo<\/td>\n<\/tr>\n<tr>\n<td>Densidade<\/td>\n<td>Alto<\/td>\n<td>M\u00e9dio<\/td>\n<td>Alto<\/td>\n<\/tr>\n<tr>\n<td>For\u00e7a<\/td>\n<td>M\u00e9dio<\/td>\n<td>Muito alto<\/td>\n<td>M\u00e9dio<\/td>\n<\/tr>\n<tr>\n<td>Dureza<\/td>\n<td>Alto<\/td>\n<td>M\u00e9dio<\/td>\n<td>Muito alto<\/td>\n<\/tr>\n<tr>\n<td>Resist\u00eancia ao desgaste<\/td>\n<td>M\u00e9dio<\/td>\n<td>Baixo<\/td>\n<td>Muito alto<\/td>\n<\/tr>\n<tr>\n<td>Resist\u00eancia \u00e0 corros\u00e3o<\/td>\n<td>M\u00e9dio<\/td>\n<td>Alto<\/td>\n<td>M\u00e9dio<\/td>\n<\/tr>\n<tr>\n<td>Resist\u00eancia \u00e0 oxida\u00e7\u00e3o<\/td>\n<td>M\u00e9dio<\/td>\n<td>Alto<\/td>\n<td>M\u00e9dio<\/td>\n<\/tr>\n<tr>\n<td>Estabilidade t\u00e9rmica<\/td>\n<td>At\u00e9 1000\u00a1\u00abC<\/td>\n<td>At\u00e9 700\u00a1\u00abC<\/td>\n<td>At\u00e9 900\u00a1\u00abC<\/td>\n<\/tr>\n<tr>\n<td>Soldabilidade<\/td>\n<td>Bom<\/td>\n<td>Pobre<\/td>\n<td>M\u00e9dio<\/td>\n<\/tr>\n<tr>\n<td>Fabricabilidade<\/td>\n<td>M\u00e9dio<\/td>\n<td>Dif\u00edcil<\/td>\n<td>F\u00e1cil<\/td>\n<\/tr>\n<\/tbody>\n<\/table>\n<p class=\"whitespace-pre-wrap\">O GH3625 iguala ou excede o desempenho das ligas de cobalto Stellite 21 em resist\u00eancia ao desgaste e \u00e0 corros\u00e3o, mas a um custo menor. Ele se aproxima da resist\u00eancia do Inconel 718 at\u00e9 550 \u00baC e oferece melhor soldabilidade e fabricabilidade.<\/p>\n<p class=\"whitespace-pre-wrap\">Isso o torna uma alternativa econ\u00f4mica para muitas aplica\u00e7\u00f5es que exigem desempenho entre essas ligas padr\u00e3o. A capacidade de imprimir em 3D geometrias complexas tamb\u00e9m lhe d\u00e1 uma vantagem.<\/p>\n<h2>GH3625 Powder &#8211; FAQ<\/h2>\n<p class=\"whitespace-pre-wrap\"><strong>P: Qual \u00e9 o p\u00f3 GH3625?<\/strong><\/p>\n<p class=\"whitespace-pre-wrap\">A: GH3625 \u00e9 um p\u00f3 de superliga \u00e0 base de n\u00edquel projetado especificamente para processos de fabrica\u00e7\u00e3o aditiva como sinteriza\u00e7\u00e3o seletiva a laser (SLS) e sinteriza\u00e7\u00e3o direta a laser de metal (DMLS). Ele fornece uma excelente combina\u00e7\u00e3o de resist\u00eancia a altas temperaturas, dureza, desgaste e corros\u00e3o.<\/p>\n<p class=\"whitespace-pre-wrap\"><strong>P: Para que serve GH3625 em p\u00f3?<\/strong><\/p>\n<p class=\"whitespace-pre-wrap\">A: O p\u00f3 GH3625 \u00e9 usado para imprimir componentes essenciais em 3D, como p\u00e1s de turbina, coletores, impulsores e trocadores de calor que exigem altas propriedades mec\u00e2nicas, estabilidade dimensional e resist\u00eancia t\u00e9rmica de at\u00e9 1000 \u00a1\u00abC. Ele \u00e9 usado nas ind\u00fastrias aeroespacial, automotiva, de energia, processamento qu\u00edmico e m\u00e9dica.<\/p>\n<p class=\"whitespace-pre-wrap\"><strong>Q: Quais processos de impress\u00e3o 3D de metal usam p\u00f3 GH3625?<\/strong><\/p>\n<p class=\"whitespace-pre-wrap\">A: A sinteriza\u00e7\u00e3o seletiva a laser (SLS) e a sinteriza\u00e7\u00e3o direta a laser de metal (DMLS) s\u00e3o processos de impress\u00e3o 3D de fus\u00e3o de leito de p\u00f3 comumente usados \u200b\u200bcom o p\u00f3 GH3625. O jateamento de aglutinante tamb\u00e9m \u00e9 adequado para GH3625.<\/p>\n<p class=\"whitespace-pre-wrap\"><strong>P: Quais s\u00e3o as propriedades do material GH3625?<\/strong><\/p>\n<p class=\"whitespace-pre-wrap\">R: O GH3625 tem uma excelente resist\u00eancia \u00e0 tra\u00e7\u00e3o de 1050-1280 MPa, resist\u00eancia ao escoamento de 860-1050 MPa e dureza de 32-38 HRC, semelhante a materiais trabalhados. Possui boa ductilidade de 8-15% de alongamento e alta resist\u00eancia ao desgaste, corros\u00e3o e abras\u00e3o. As propriedades t\u00e9rmicas permitem o uso at\u00e9 1000\u00a1\u00abC.<\/p>\n<p class=\"whitespace-pre-wrap\"><strong>P: A p\u00f3lvora GH3625 exije tratamento t\u00e9rmico?<\/strong><\/p>\n<p class=\"whitespace-pre-wrap\">R: Sim, as pe\u00e7as GH3625 impressas usando SLS\/DMLS exigem prensagem isost\u00e1tica a quente (HIP) seguidas de tratamento t\u00e9rmico para obter propriedades mec\u00e2nicas ideais, consolida\u00e7\u00e3o de materiais e microestrutura. A HIP ajuda a fechar poros internos e espa\u00e7os ocos.<\/p>\n<p class=\"whitespace-pre-wrap\"><strong>P: GH3625 pode ser soldado?<\/strong><\/p>\n<p class=\"whitespace-pre-wrap\">R: O GH3625 foi projetado para ter excelente soldabilidade em compara\u00e7\u00e3o com a\u00e7os inoxid\u00e1veis de endurecimento por precipita\u00e7\u00e3o e Inconel 718. Isso permite reparar e unir pe\u00e7as de GH3625 AM por meio de soldagem. O al\u00edvio de tens\u00e3o pode ser necess\u00e1rio ap\u00f3s a soldagem para evitar rachaduras.<\/p>\n<p class=\"whitespace-pre-wrap\"><strong>P: O GH3625 \u00e9 usin\u00e1vel?<\/strong><\/p>\n<p class=\"whitespace-pre-wrap\">A: O GH3625 \u00e9 dif\u00edcil de usinar comparado ao a\u00e7o inoxid\u00e1vel e requer usinagem de alta velocidade com ferramentas de carboneto especializadas. O desgaste da ferramenta \u00e9 maior, por isso s\u00e3o necess\u00e1rias velocidades, avan\u00e7os e trajet\u00f3rias de ferramentas ideais.<\/p>\n<p class=\"whitespace-pre-wrap\"><strong>R: Quanto custa o p\u00f3 GH3625?<\/strong><\/p>\n<p class=\"whitespace-pre-wrap\">A: O GH3625 normalmente custa entre US$ 90-250 por kg baseado no tamanho da ordem, distribui\u00e7\u00e3o do tamanho das part\u00edculas, m\u00e9todo de fabrica\u00e7\u00e3o e requisitos adicionais de teste\/qualifica\u00e7\u00e3o. \u00c9 mais caro do que p\u00f3s de a\u00e7o inoxid\u00e1vel, mas mais barato do que Inconel 718.<\/p>\n<h2>Conclus\u00e3o<\/h2>\n<p class=\"whitespace-pre-wrap\">GH3625 \u00e9 uma superliga avan\u00e7ada \u00e0 base de n\u00edquel projetada especificamente para fabrica\u00e7\u00e3o aditiva de componentes de alto desempenho. Oferece as vantagens de ligas convencionais e flexibilidade de projeto habilitada para AM.<\/p>\n<p class=\"whitespace-pre-wrap\">Caracter\u00edsticas de p\u00f3 cuidadosamente controladas e otimiza\u00e7\u00e3o de par\u00e2metros especializados permitem explorar todo o potencial do GH3625. Com suas propriedades e custo-benef\u00edcio, o GH3625 est\u00e1 surgindo como uma alternativa vi\u00e1vel \u00e0s ligas tradicionais em aplica\u00e7\u00f5es cr\u00edticas aeroespaciais, automotivas, de energia e industriais.<\/p>\n<p><\/span><\/span><\/p>","protected":false},"excerpt":{"rendered":"<p>Vis\u00e3o geral O p\u00f3 GH3625 \u00e9 um p\u00f3 de liga usado para processos de manufatura aditiva de metal, como sinteriza\u00e7\u00e3o seletiva a laser (SLS) e sinteriza\u00e7\u00e3o direta a laser de metal (DMLS). \u00c9 uma superliga \u00e0 base de n\u00edquel que oferece alta resist\u00eancia, resist\u00eancia \u00e0 corros\u00e3o e excelentes propriedades de alta temperatura. O GH3625 foi projetado especificamente para a manufatura aditiva para produzir pe\u00e7as complexas e densas com propriedades mec\u00e2nicas excepcionais...<\/p>","protected":false},"featured_media":1875,"parent":0,"template":"","meta":{"_acf_changed":false,"_kad_blocks_custom_css":"","_kad_blocks_head_custom_js":"","_kad_blocks_body_custom_js":"","_kad_blocks_footer_custom_js":"","_kad_post_transparent":"","_kad_post_title":"","_kad_post_layout":"","_kad_post_sidebar_id":"","_kad_post_content_style":"","_kad_post_vertical_padding":"","_kad_post_feature":"","_kad_post_feature_position":"","_kad_post_header":false,"_kad_post_footer":false,"_kad_post_classname":""},"product-category":[119,120],"class_list":["post-3939","product","type-product","status-publish","has-post-thumbnail","hentry","product-category-3d-printing-metal-powder","product-category-high-temperature-alloy-powder"],"acf":[],"taxonomy_info":{"product-category":[{"value":119,"label":"3D Printing Metal Powder"},{"value":120,"label":"High Temperature Alloy Powder"}]},"featured_image_src_large":["https:\/\/3dpmetal.com\/wp-content\/uploads\/2024\/02\/GH3625.jpg",600,600,false],"author_info":[],"comment_info":"","_links":{"self":[{"href":"https:\/\/3dpmetal.com\/pt_br\/wp-json\/wp\/v2\/product\/3939","targetHints":{"allow":["GET"]}}],"collection":[{"href":"https:\/\/3dpmetal.com\/pt_br\/wp-json\/wp\/v2\/product"}],"about":[{"href":"https:\/\/3dpmetal.com\/pt_br\/wp-json\/wp\/v2\/types\/product"}],"wp:featuredmedia":[{"embeddable":true,"href":"https:\/\/3dpmetal.com\/pt_br\/wp-json\/wp\/v2\/media\/1875"}],"wp:attachment":[{"href":"https:\/\/3dpmetal.com\/pt_br\/wp-json\/wp\/v2\/media?parent=3939"}],"wp:term":[{"taxonomy":"product-category","embeddable":true,"href":"https:\/\/3dpmetal.com\/pt_br\/wp-json\/wp\/v2\/product-category?post=3939"}],"curies":[{"name":"wp","href":"https:\/\/api.w.org\/{rel}","templated":true}]}}