{"id":3944,"date":"2024-03-18T06:10:15","date_gmt":"2024-03-18T06:10:15","guid":{"rendered":"https:\/\/3dp.45612300.xyz\/product\/aermet100-stainless-steel-powder\/"},"modified":"2024-03-18T06:10:15","modified_gmt":"2024-03-18T06:10:15","slug":"aermet100-stainless-steel-powder","status":"publish","type":"product","link":"https:\/\/3dpmetal.com\/pt_br\/product\/aermet100-stainless-steel-powder\/","title":{"rendered":"P\u00f3 de a\u00e7o inoxid\u00e1vel AerMet100"},"content":{"rendered":"<p><span style=\"vertical-align: inherit;\"><span style=\"vertical-align: inherit;\"><\/p>\n<p class=\"whitespace-pre-wrap\">O p\u00f3 de a\u00e7o inoxid\u00e1vel AerMet100 \u00e9 um p\u00f3 de liga de alto desempenho projetado para aplica\u00e7\u00f5es de fabrica\u00e7\u00e3o aditiva que requerem alta resist\u00eancia e resist\u00eancia \u00e0 fadiga. Alguns recursos importantes deste material incluem:<\/p>\n<ul class=\"list-disc pl-8 space-y-2\">\n<li class=\"whitespace-normal\">Alta resist\u00eancia e dureza - A AerMet100 tem excelente resist\u00eancia com resist\u00eancia \u00e0 tra\u00e7\u00e3o acima de 200 ksi e dureza que varia entre 30 e 36 HRC.<\/li>\n<li class=\"whitespace-normal\">Boa ductilidade &#8211; Apesar da alta resist\u00eancia, AerMet100 ainda segura ductilidade e resist\u00eancia a impacto decentes. Os valores de alongamento est\u00e3o acima de 10%.<\/li>\n<li class=\"whitespace-normal\">Excelente resist\u00eancia \u00e0 fadiga &#8211; O limite de fadiga do AerMet100 \u00e9 muito alto em cerca de 50% da resist\u00eancia \u00e0 tra\u00e7\u00e3o. Isso permite componentes dur\u00e1veis expostos a tens\u00f5es c\u00edclicas.<\/li>\n<li class=\"whitespace-normal\">Resist\u00eancia \u00e0 flu\u00eancia &#8211; A AerMet100 resiste \u00e0 deforma\u00e7\u00e3o sob carga em altas temperaturas de at\u00e9 700 \u00b0C, tornando-a adequada para servi\u00e7os em temperaturas elevadas.<\/li>\n<li class=\"whitespace-normal\">Resist\u00eancia \u00e0 corros\u00e3o &#8211; A composi\u00e7\u00e3o do a\u00e7o inoxid\u00e1vel oferece resist\u00eancia \u00e0 corros\u00e3o e \u00e0 oxida\u00e7\u00e3o para uso em ambientes hostis.<\/li>\n<li class=\"whitespace-normal\">Soldabilidade \u2013 O baixo teor de carbono permite uma boa soldagem por meio de t\u00e9cnicas de soldagem por fus\u00e3o.<\/li>\n<li class=\"whitespace-normal\">Custo-benef\u00edcio \u2013 AerMet 100 \u00e9 mais acess\u00edvel do que outras ligas ex\u00f3ticas com propriedades semelhantes.<\/li>\n<\/ul>\n<p class=\"whitespace-pre-wrap\">Este excepcional equil\u00edbrio de propriedades faz com que o AerMet100 seja adequado para aplica\u00e7\u00f5es exigentes nas ind\u00fastrias aeroespacial, de petr\u00f3leo e g\u00e1s, automotiva e industrial. As pe\u00e7as feitas de p\u00f3 de AerMet100 demonstram alta rela\u00e7\u00e3o resist\u00eancia-peso, durabilidade e confiabilidade sob cargas operacionais.<\/p>\n<h2>**Composi\u00e7\u00e3o do P\u00f3 de A\u00e7o Inoxid\u00e1vel AerMet100**<\/h2>\n<p class=\"whitespace-pre-wrap\">A AerMet 100 apresenta uma composi\u00e7\u00e3o de a\u00e7o inoxid\u00e1vel martens\u00edtico com adi\u00e7\u00f5es de cobalto, n\u00edquel e molibd\u00eanio para resist\u00eancia e dureza. A composi\u00e7\u00e3o nominal \u00e9 apresentada abaixo:<\/p>\n<table>\n<thead>\n<tr>\n<th>Elemento<\/th>\n<th>% do Peso<\/th>\n<\/tr>\n<\/thead>\n<tbody>\n<tr>\n<td>Ferro (Fe)<\/td>\n<td>Equil\u00edbrio<\/td>\n<\/tr>\n<tr>\n<td>Cromo (Cr)<\/td>\n<td>15.0 &#8211; 17.0<\/td>\n<\/tr>\n<tr>\n<td>Niquel (Ni)<\/td>\n<td>7.0 &#8211; 10.0<\/td>\n<\/tr>\n<tr>\n<td>Cobalto (Co)<\/td>\n<td>8.0 &#8211; 10.0<\/td>\n<\/tr>\n<tr>\n<td>Molibd\u00eanio (Mo)<\/td>\n<td>4.0 &#8211; 5.0<\/td>\n<\/tr>\n<tr>\n<td>Mangan\u00eas (Mn)<\/td>\n<td>&lt; 1.0<\/td>\n<\/tr>\n<tr>\n<td>Sil\u00edcio (Si)<\/td>\n<td>&lt; 1.0<\/td>\n<\/tr>\n<tr>\n<td>Carbono (C)<\/td>\n<td>&lt; de 0,03<\/td>\n<\/tr>\n<\/tbody>\n<\/table>\n<p class=\"whitespace-pre-wrap\">Os principais elementos de liga e seus efeitos s\u00e3o:<\/p>\n<ul class=\"list-disc pl-8 space-y-2\">\n<li class=\"whitespace-normal\"><strong>Cromo<\/strong>- Proporciona resist\u00eancia \u00e0 corros\u00e3o e oxida\u00e7\u00e3o<\/li>\n<li class=\"whitespace-normal\"><strong>N\u00edquel<\/strong>?- Aumenta a tenacidade e ductibilidade<\/li>\n<li class=\"whitespace-normal\"><strong>Cobalto<\/strong>?- Fortalecedor de solu\u00e7\u00e3o s\u00f3lida, aumenta a resist\u00eancia<\/li>\n<li class=\"whitespace-normal\"><strong>Molibd\u00eanio<\/strong>?- Refino de solu\u00e7\u00e3o s\u00f3lida, aumenta a resist\u00eancia e a resist\u00eancia \u00e0 flu\u00eancia<\/li>\n<li class=\"whitespace-normal\"><strong>Mangan\u00eas &amp; Sil\u00edcio<\/strong>? - Desoxidantes para melhorar a fabrica\u00e7\u00e3o do p\u00f3<\/li>\n<li class=\"whitespace-normal\"><strong>Carbono<\/strong>?- Mantido baixo para melhor soldabilidade<\/li>\n<\/ul>\n<p class=\"whitespace-pre-wrap\">A combina\u00e7\u00e3o desses elementos proporciona ao a\u00e7o inoxid\u00e1vel AerMet100 seu conjunto \u00fanico de propriedades.<\/p>\n<h2>Propriedades do a\u00e7o inoxidavel em p\u00f3 AerMet100<\/h2>\n<p class=\"whitespace-pre-wrap\">AerMet100 exibe as seguintes propriedades f\u00edsicas e mec\u00e2nicas nas condi\u00e7\u00f5es AM e de tratamento t\u00e9rmico conforme constru\u00eddas:<\/p>\n<table>\n<thead>\n<tr>\n<th>Propriedade<\/th>\n<th>Como Constru\u00eddo<\/th>\n<th>Tratado Termicamente<\/th>\n<\/tr>\n<\/thead>\n<tbody>\n<tr>\n<td><strong>Densidade<\/strong><\/td>\n<td>7,9 g\/cc<\/td>\n<td>7,9 g\/cc<\/td>\n<\/tr>\n<tr>\n<td><strong>Porosidade<\/strong><\/td>\n<td>&lt; 1%<\/td>\n<td>&lt; 1%<\/td>\n<\/tr>\n<tr>\n<td><strong>Rugosidade da superf\u00edcie (Ra)<\/strong><\/td>\n<td>15-25 \u00c3?m<\/td>\n<td>15-25 \u00c3?m<\/td>\n<\/tr>\n<tr>\n<td><strong>Dureza<\/strong><\/td>\n<td>30 - 35 HRC<\/td>\n<td>34-38 HRC<\/td>\n<\/tr>\n<tr>\n<td><strong>Resist\u00eancia \u00e0 Tra\u00e7\u00e3o<\/strong><\/td>\n<td>170-190 ksi<\/td>\n<td>190-220 MPa<\/td>\n<\/tr>\n<tr>\n<td><strong>Limite da Fadiga (Offset de 0,2%)<\/strong><\/td>\n<td>160-180 ksi<\/td>\n<td>180-210 ksi<\/td>\n<\/tr>\n<tr>\n<td><strong>alongamento<\/strong><\/td>\n<td>8-13%<\/td>\n<td>10-15%<\/td>\n<\/tr>\n<tr>\n<td><strong>Redu\u00e7\u00e3o de \u00e1rea<\/strong><\/td>\n<td>15-25%<\/td>\n<td>15-25%<\/td>\n<\/tr>\n<tr>\n<td><strong>M\u00f3dulo de elasticidade<\/strong><\/td>\n<td>27-30 Msi<\/td>\n<td>29-32 Msi<\/td>\n<\/tr>\n<tr>\n<td><strong>CTE (70-400\u00b0C)<\/strong><\/td>\n<td>11-12 cm\/m\u00a1\u00abC<\/td>\n<td>11-12 cm\/m\u00a1\u00abC<\/td>\n<\/tr>\n<tr>\n<td><strong>Condutividade<\/strong><\/td>\n<td>25-30% IACS<\/td>\n<td>25-30% IACS<\/td>\n<\/tr>\n<\/tbody>\n<\/table>\n<p class=\"whitespace-pre-wrap\">As propriedades fazem AerMet100 adequado para componentes estruturais de alta resist\u00eancia, fixadores aeroespaciais, ferramentas de fundo de po\u00e7o, v\u00e1lvulas e bombas e outras pe\u00e7as cr\u00edticas onde a resist\u00eancia \u00e0 fadiga \u00e9 fundamental.<\/p>\n<h2>Aplica\u00e7\u00f5es de P\u00f3 de A\u00e7o Inoxid\u00e1vel AerMet100<\/h2>\n<p class=\"whitespace-pre-wrap\">As propriedades \u00fanicas do AerMet100 o tornam uma excelente escolha para as seguintes aplica\u00e7\u00f5es:<\/p>\n<h3>Aeroespacial<\/h3>\n<ul class=\"list-disc pl-8 space-y-2\">\n<li class=\"whitespace-normal\">Bra\u00e7adeiras estruturais, escoras, componentes da fuselagem<\/li>\n<li class=\"whitespace-normal\">Partes do trem de pouso, componentes das asas, empenagem<\/li>\n<li class=\"whitespace-normal\">Suportes do motor, componentes do escapamento<\/li>\n<li class=\"whitespace-normal\">P\u00e1s de turbinas, impulsores, pe\u00e7as do compressor<\/li>\n<li class=\"whitespace-normal\">Fixadores de alta resist\u00eancia, parafusos, porcas, rebites<\/li>\n<\/ul>\n<h3>\u00d3leo e g\u00e1s<\/h3>\n<ul class=\"list-disc pl-8 space-y-2\">\n<li class=\"whitespace-normal\">Ferramentas e componentes para perfura\u00e7\u00e3o de po\u00e7os<\/li>\n<li class=\"whitespace-normal\">Pe\u00e7as para boca de po\u00e7o, v\u00e1lvulas, bombas<\/li>\n<li class=\"whitespace-normal\">Vasos de press\u00e3o, conex\u00f5es para dutos<\/li>\n<li class=\"whitespace-normal\">Pe\u00e7as estrutural de subsea\/offshore<\/li>\n<\/ul>\n<h3>Automotivo<\/h3>\n<ul class=\"list-disc pl-8 space-y-2\">\n<li class=\"whitespace-normal\">Componentes de gera\u00e7\u00e3o de energia<\/li>\n<li class=\"whitespace-normal\">Componentes de sistemas de acionamento como engrenagens, eixos<\/li>\n<li class=\"whitespace-normal\">Chapas estruturais, componentes do chassi<\/li>\n<li class=\"whitespace-normal\">Componentes de corrida de alto desempenho<\/li>\n<\/ul>\n<h3>Industrial<\/h3>\n<ul class=\"list-disc pl-8 space-y-2\">\n<li class=\"whitespace-normal\">Pe\u00e7as rob\u00f3ticas sujeitas a desgaste e impacto<\/li>\n<li class=\"whitespace-normal\">Matrizes, moldes, ferramentais<\/li>\n<li class=\"whitespace-normal\">Pe\u00e7as para manuseio de fluidos, como v\u00e1lvulas e bombas<\/li>\n<li class=\"whitespace-normal\">Outros componentes de carga de alto ciclo<\/li>\n<\/ul>\n<p class=\"whitespace-pre-wrap\">A excelente resist\u00eancia \u00e0 fadiga do AerMet100 faz dele uma substitui\u00e7\u00e3o ideal para componentes tradicionalmente feitos de tit\u00e2nio ou ligas de n\u00edquel. A alta dureza tamb\u00e9m proporciona boa resist\u00eancia ao desgaste.<\/p>\n<h2>Especifica\u00e7\u00f5es do P\u00f3 de A\u00e7o Inoxid\u00e1vel AerMet100<\/h2>\n<p class=\"whitespace-pre-wrap\">Os produtos em p\u00f3 AerMet100 atendem \u00e0s seguintes especifica\u00e7\u00f5es:<\/p>\n<table>\n<thead>\n<tr>\n<th><strong>Especifica\u00e7\u00e3o<\/strong><\/th>\n<th><strong>Qualidade\/Liga<\/strong><\/th>\n<\/tr>\n<\/thead>\n<tbody>\n<tr>\n<td>AMS 7245<\/td>\n<td>AerMet100<\/td>\n<\/tr>\n<tr>\n<td>ASTM F3056<\/td>\n<td>AlloySpec 23A<\/td>\n<\/tr>\n<tr>\n<td>DIN 17224<\/td>\n<td>X3NiCoMoAl 15-7-3<\/td>\n<\/tr>\n<\/tbody>\n<\/table>\n<p class=\"whitespace-pre-wrap\">As distribui\u00e7\u00f5es de tamanho t\u00edpicas para processamento AM s\u00e3o:<\/p>\n<table>\n<thead>\n<tr>\n<th><strong>Tamanho das part\u00edculas<\/strong><\/th>\n<th><strong>Distribui\u00e7\u00e3o<\/strong><\/th>\n<\/tr>\n<\/thead>\n<tbody>\n<tr>\n<td>15-53 mm<\/td>\n<td>98%<\/td>\n<\/tr>\n<tr>\n<td>&lt;106 \u03bcm<\/td>\n<td>99%<\/td>\n<\/tr>\n<\/tbody>\n<\/table>\n<p class=\"whitespace-pre-wrap\">A composi\u00e7\u00e3o qu\u00edmica deve estar de acordo com as faixas permitidas para elementos como Cr, Ni, Co, Mo, C, etc., conforme descrito na especifica\u00e7\u00e3o AMS 7245 para a liga AerMet100.<\/p>\n<p class=\"whitespace-pre-wrap\">As propriedades mec\u00e2nicas devem atingir ou exceder os valores m\u00ednimos de dureza, resist\u00eancia \u00e0 tra\u00e7\u00e3o, limite de escoamento, alongamento e redu\u00e7\u00e3o da \u00e1rea declarados na AMS 7245.<\/p>\n<p class=\"whitespace-pre-wrap\">Os ensaios n\u00e3o destrutivos como de teste de penetra\u00e7\u00e3o por tinta ou de inspe\u00e7\u00e3o por part\u00edculas magn\u00e9ticas n\u00e3o devem mostrar falhas ou defeitos cr\u00edticos. O p\u00f3 deve ter boa fluidez e n\u00e3o apresentar aglomera\u00e7\u00e3o.<\/p>\n<h2>Fornecedores de p\u00f3 de a\u00e7o inoxid\u00e1vel AerMet100 e pre\u00e7os<\/h2>\n<p class=\"whitespace-pre-wrap\">O p\u00f3 AerMet100 est\u00e1 dispon\u00edvel pelos seguintes fornecedores principais:<\/p>\n<table>\n<thead>\n<tr>\n<th><strong>Fornecedor<\/strong><\/th>\n<th><strong>Designa\u00e7\u00e3o do produto<\/strong><\/th>\n<th><strong>Faixa de pre\u00e7o por kg<\/strong><\/th>\n<\/tr>\n<\/thead>\n<tbody>\n<tr>\n<td>Aditivo Carpenter<\/td>\n<td>CarTech AerMet100<\/td>\n<td>$85-110<\/td>\n<\/tr>\n<tr>\n<td>H\u00e4agen-Dazs<\/td>\n<td>Digital Metal DM100<\/td>\n<td>$90-120<\/td>\n<\/tr>\n<tr>\n<td>Praxair<\/td>\n<td>TRU100<\/td>\n<td>$80-100<\/td>\n<\/tr>\n<tr>\n<td>Sandvik Osprey<\/td>\n<td>Osprey Met 100<\/td>\n<td>$75-95<\/td>\n<\/tr>\n<\/tbody>\n<\/table>\n<p class=\"whitespace-pre-wrap\">Os pre\u00e7os variam de acordo com o volume do pedido, tamanho do lote, distribuidor regional e outros descontos. Pequenas quantidades para fins de pesquisa podem custar mais do que volumes de produ\u00e7\u00e3o em massa.<\/p>\n<h2>Armazenamento e manuseio<\/h2>\n<p class=\"whitespace-pre-wrap\">Para manter a qualidade do p\u00f3 AerMet100 para uso AM, as seguintes diretrizes de armazenamento e manuseio se aplicam:<\/p>\n<ul class=\"list-disc pl-8 space-y-2\">\n<li class=\"whitespace-normal\">Armazene recipientes vedados em local fresco e seco, longe de umidade e de fontes de contamina\u00e7\u00e3o<\/li>\n<li class=\"whitespace-normal\">Evite expor a p\u00f3lvora a umidade alta (&gt;60% UR) por tempo prolongado<\/li>\n<li class=\"whitespace-normal\">Permita que o p\u00f3 se equilibre em temperatura ambiente antes de abrir a embalagem para evitar condensa\u00e7\u00e3o<\/li>\n<li class=\"whitespace-normal\">Despeje e transfira o p\u00f3 em ambientes inertes com baixo teor de oxig\u00eanio, se poss\u00edvel.<\/li>\n<li class=\"whitespace-normal\">Use equipamentos e acess\u00f3rios para manuseio de p\u00f3 feitos de materiais compat\u00edveis para evitar contamina\u00e7\u00e3o<\/li>\n<li class=\"whitespace-normal\">Limite a reutiliza\u00e7\u00e3o de p\u00f3 para no m\u00e1ximo 2-3 ciclos para prevenir a degrada\u00e7\u00e3o das propriedades<\/li>\n<li class=\"whitespace-normal\">Realizar testes do p\u00f3 usado para garantir que ainda atende a todas as especifica\u00e7\u00f5es para reutiliza\u00e7\u00e3o<\/li>\n<\/ul>\n<p class=\"whitespace-pre-wrap\">Armazenamento adequado e manuseio cuidadoso s\u00e3o essenciais para prevenir oxida\u00e7\u00e3o do p\u00f3, contamina\u00e7\u00e3o ou mudan\u00e7as na fluidez.<\/p>\n<h2>Informa\u00e7\u00f5es de Seguran\u00e7a<\/h2>\n<ul class=\"list-disc pl-8 space-y-2\">\n<li class=\"whitespace-normal\">Use EPI ao manusear p\u00f3lvora &#8211; luvas, m\u00e1scara com respirador, \u00f3culos<\/li>\n<li class=\"whitespace-normal\">Evite o contato com a pele para evitar poss\u00edveis rea\u00e7\u00f5es al\u00e9rgicas.<\/li>\n<li class=\"whitespace-normal\">Evite inalar p\u00f3s finos por per\u00edodos prolongados<\/li>\n<li class=\"whitespace-normal\">Certifique-se de que haja ventila\u00e7\u00e3o adequada e coletor de p\u00f3 durante o processamento<\/li>\n<li class=\"whitespace-normal\">Use ferramentas antifaiscantes, para distribuir e manusear p\u00f3<\/li>\n<li class=\"whitespace-normal\">O isolamento por g\u00e1s inerte \u00e9 recomendado para manuseio de p\u00f3<\/li>\n<li class=\"whitespace-normal\">Siga todas as orienta\u00e7\u00f5es de ficha de informa\u00e7\u00f5es de seguran\u00e7a de material (FISPQ)<\/li>\n<li class=\"whitespace-normal\">Descarte de acordo com os regulamentos locais e garanta a conten\u00e7\u00e3o<\/li>\n<\/ul>\n<p class=\"whitespace-pre-wrap\">Os p\u00f3s de liga AerMet100 geralmente n\u00e3o s\u00e3o materiais perigosos, mas \u00e9 recomend\u00e1vel seguir as pr\u00e1ticas b\u00e1sicas de seguran\u00e7a durante o armazenamento, manuseio e processamento.<\/p>\n<h2>Inspe\u00e7\u00e3o e Testes<\/h2>\n<p class=\"whitespace-pre-wrap\">Para garantir que o AerMet100 em p\u00f3 atenda \u00e0s especifica\u00e7\u00f5es, os seguintes procedimentos de inspe\u00e7\u00e3o e teste podem ser usados:<\/p>\n<table>\n<thead>\n<tr>\n<th><strong>Metodo de Teste<\/strong><\/th>\n<th><strong>Propriedade Validada<\/strong><\/th>\n<\/tr>\n<\/thead>\n<tbody>\n<tr>\n<td>Inspe\u00e7\u00e3o visual<\/td>\n<td>Fluidez do p\u00f3, Contamina\u00e7\u00e3o<\/td>\n<\/tr>\n<tr>\n<td>Microscopia eletr\u00f4nica de varredura<\/td>\n<td>Distribui\u00e7\u00e3o e morfologia do tamanho de part\u00edcula<\/td>\n<\/tr>\n<tr>\n<td>Espectroscopia de raios X com dispers\u00e3o de energia<\/td>\n<td>Qu\u00edmica de liga, Contamina\u00e7\u00e3o<\/td>\n<\/tr>\n<tr>\n<td>Difra\u00e7\u00e3o de raios X<\/td>\n<td>Fases presentes, contamina\u00e7\u00e3o<\/td>\n<\/tr>\n<tr>\n<td>Medidor de vaz\u00e3o com corredor<\/td>\n<td>Fluxo de p\u00f3<\/td>\n<\/tr>\n<tr>\n<td>Densidade Aparente<\/td>\n<td>Densidade de enchimento do p\u00f3<\/td>\n<\/tr>\n<tr>\n<td>Teste de densidade batida<\/td>\n<td>Fluidez do p\u00f3<\/td>\n<\/tr>\n<tr>\n<td>An\u00e1lise granulom\u00e9trica<\/td>\n<td>Distribui\u00e7\u00e3o granulom\u00e9trica de part\u00edculas por ASTM B214<\/td>\n<\/tr>\n<tr>\n<td>An\u00e1lise qu\u00edmica<\/td>\n<td>Composi\u00e7\u00e3o por AMS 7245, \u00f3xidos<\/td>\n<\/tr>\n<tr>\n<td>Medi\u00e7\u00e3o de Densidade<\/td>\n<td>Densidade do p\u00f3 vs AMS 7245<\/td>\n<\/tr>\n<\/tbody>\n<\/table>\n<p class=\"whitespace-pre-wrap\">Testes mec\u00e2nicos de esp\u00e9cimes impressos por AMS 7245 validam que as propriedades da pe\u00e7a final atendam aos requisitos. Os m\u00e9todos de teste incluem dureza, tra\u00e7\u00e3o, impacto Charpy, fadiga de alta ciclagem, fadiga de baixa ciclagem, ruptura por flu\u00eancia, tenacidade \u00e0 fratura, corros\u00e3o, etc.<\/p>\n<h2>Compara\u00e7\u00e3o de P\u00f3 de A\u00e7o Inoxid\u00e1vel AerMet100 com Materiais Semelhantes<\/h2>\n<p class=\"whitespace-pre-wrap\">Compara\u00e7\u00e3o da Aermet100 com outros a\u00e7os inoxid\u00e1veis \u043c\u0430\u0440\u0442\u0435\u043d\u0441\u0438\u0442\u043e\u0441 de alta resist\u00eancia:<\/p>\n<table>\n<thead>\n<tr>\n<th><strong>Liga<\/strong><\/th>\n<th><strong>For\u00e7a<\/strong><\/th>\n<th><strong>Ductilidade<\/strong><\/th>\n<th><strong>Soldabilidade<\/strong><\/th>\n<th><strong>Custo<\/strong><\/th>\n<\/tr>\n<\/thead>\n<tbody>\n<tr>\n<td>AerMet100<\/td>\n<td>Muito alto<\/td>\n<td>Moderado<\/td>\n<td>Razo\u00e1vel<\/td>\n<td>Moderado<\/td>\n<\/tr>\n<tr>\n<td>17-4PH<\/td>\n<td>Alto<\/td>\n<td>Baixo<\/td>\n<td>Pobre<\/td>\n<td>Baixo<\/td>\n<\/tr>\n<tr>\n<td>Custom 465<\/td>\n<td>Muito alto<\/td>\n<td>Baixo<\/td>\n<td>Pobre<\/td>\n<td>Alto<\/td>\n<\/tr>\n<tr>\n<td>316L<\/td>\n<td>Moderado<\/td>\n<td>Alto<\/td>\n<td>Excelente<\/td>\n<td>Baixo<\/td>\n<\/tr>\n<tr>\n<td>Inconel 718<\/td>\n<td>Alto<\/td>\n<td>Alto<\/td>\n<td>Moderado<\/td>\n<td>Muito alto<\/td>\n<\/tr>\n<\/tbody>\n<\/table>\n<p class=\"whitespace-pre-wrap\"><strong>Vantagens de AerMet100:<\/strong><\/p>\n<ul class=\"list-disc pl-8 space-y-2\">\n<li class=\"whitespace-normal\">Resist\u00eancia maior que 17-4PH e 316L<\/li>\n<li class=\"whitespace-normal\">Melhor ductilidade que o Custom 465 para maior resist\u00eancia ao impacto<\/li>\n<li class=\"whitespace-normal\">Mais sold\u00e1veis que as ligas para endurecimento por precipita\u00e7\u00e3o<\/li>\n<li class=\"whitespace-normal\">Custo mais baixo que o Inconel 718<\/li>\n<\/ul>\n<p class=\"whitespace-pre-wrap\"><strong>Limita\u00e7\u00f5es do AerMet100:<\/strong><\/p>\n<ul class=\"list-disc pl-8 space-y-2\">\n<li class=\"whitespace-normal\">Menor ductilidade\/tenacidade \u00e0 fratura que o 316L austen\u00edtico<\/li>\n<li class=\"whitespace-normal\">Soldabilidade inferior quando comparada com o 316L<\/li>\n<li class=\"whitespace-normal\">custo mais alto que 17-4PH ou 316L<\/li>\n<li class=\"whitespace-normal\">For\u00e7a menor que Custom 465 em condi\u00e7\u00e3o de pico envelhecida<\/li>\n<\/ul>\n<p class=\"whitespace-pre-wrap\">No geral, o AerMet100 oferece uma combina\u00e7\u00e3o otimizada de resist\u00eancia, ductilidade, soldabilidade e custo para pe\u00e7as de alto desempenho feitas por processos de FA.<\/p>\n<h2>FAQ<\/h2>\n<p class=\"whitespace-pre-wrap\"><strong>P: Quais s\u00e3o os principais benef\u00edcios da liga AerMet100?<\/strong><\/p>\n<p class=\"whitespace-pre-wrap\">A: Os principais benef\u00edcios do AerMet100 s\u00e3o sua alta resist\u00eancia e dureza em conjunto com boa ductilidade, excelente resist\u00eancia \u00e0 fadiga, resist\u00eancia a deforma\u00e7\u00f5es, resist\u00eancia \u00e0 corros\u00e3o e custo moderado. Isso o torna bem adequado para aplica\u00e7\u00f5es de FA cr\u00edticas.<\/p>\n<p class=\"whitespace-pre-wrap\"><strong>Q: Qual tratamento t\u00e9rmico \u00e9 utilizado para AerMet100?<\/strong><\/p>\n<p class=\"whitespace-pre-wrap\">R: Um tratamento t\u00e9rmico t\u00edpico \u00e9 1-2 horas em solu\u00e7\u00e3o a 1040-1080\u00a1\u00abC seguido por resfriamento ao ar ou em estufa at\u00e9 a temperatura ambiente e, ent\u00e3o, endurecimento de envelhecimento a 480\u00a1\u00abC por 4 horas para atingir a resist\u00eancia e a dureza ideais.<\/p>\n<p class=\"whitespace-pre-wrap\"><strong>P: Quais m\u00e9todos de soldagem podem ser usados para unir pe\u00e7as de AerMet 100?<\/strong><\/p>\n<p class=\"whitespace-pre-wrap\">A: M\u00e9todos de soldagem a fus\u00e3o como GTAW, GMAW e PAW s\u00e3o recomendados para AerMet100 para evitar trincas e minimizar empenamentos. Entrada de baixo calor e martelagem das soldas tamb\u00e9m s\u00e3o sugeridos. A solda por brasagem tamb\u00e9m pode produzir boas juntas.<\/p>\n<p class=\"whitespace-pre-wrap\"><strong>Pergunta: Como o AerMet100 se compara aos a\u00e7os martens\u00edticos para fabrica\u00e7\u00e3o aditiva?<\/strong><\/p>\n<p class=\"whitespace-pre-wrap\">R: A AerMet100 tem uma ductilidade mais alta, mas uma resist\u00eancia ligeiramente mais baixa que os a\u00e7os maraging como o 18Ni300 ou o 18Ni350. Os a\u00e7os maraging t\u00eam uma baixa soldabilidade. A AerMet100 \u00e9 uma boa alternativa de baixo custo para o maraging.<\/p>\n<p class=\"whitespace-pre-wrap\"><strong>A AerMet100 pode ser usinada ap\u00f3s o processamento AM?<\/strong><\/p>\n<p class=\"whitespace-pre-wrap\">A: Sim, o AerMet100 pode ser usinado ap\u00f3s a AM, mas deve-se tomar cuidado para levar em conta os efeitos do encruamento. Recomendam-se for\u00e7as de corte baixas, ferramentas de metal duro e refrigera\u00e7\u00e3o adequada. O recozimento pode ser necess\u00e1rio ap\u00f3s usinagem extensiva.<\/p>\n<p class=\"whitespace-pre-wrap\"><strong>P: Qual faixa de tamanho de part\u00edcula do p\u00f3 AerMet100 \u00e9 ideal para AM?<\/strong><\/p>\n<p class=\"whitespace-pre-wrap\">A: A faixa de tamanho de part\u00edcula recomendada para AM \u00e9 de 15 a 45 \u00b5m. P\u00f3s mais finos melhoram a resolu\u00e7\u00e3o, mas podem impactar negativamente a fluidez. P\u00f3s mais grossos acima de 53 \u00b5m podem causar defeitos de impress\u00e3o. O ponto ideal t\u00edpico \u00e9 de 25 a 35 \u00b5m.<\/p>\n<p><\/span><\/span><\/p>","protected":false},"excerpt":{"rendered":"<p>P\u00f3 de a\u00e7o inoxid\u00e1vel AerMet100 \u00e9 um p\u00f3 de liga de alto desempenho projetado para aplica\u00e7\u00f5es de fabrica\u00e7\u00e3o aditiva que exigem alta resist\u00eancia e resist\u00eancia \u00e0 fadiga. Algumas caracter\u00edsticas-chave deste material incluem: Alta resist\u00eancia e dureza - AerMet100 tem excelente resist\u00eancia com resist\u00eancia \u00e0 tra\u00e7\u00e3o acima de 200 ksi e dureza variando de 30-36 HRC. Boa ductilidade - Apesar da alta resist\u00eancia,...<\/p>","protected":false},"featured_media":1950,"parent":0,"template":"","meta":{"_acf_changed":false,"_kad_blocks_custom_css":"","_kad_blocks_head_custom_js":"","_kad_blocks_body_custom_js":"","_kad_blocks_footer_custom_js":"","_kad_post_transparent":"","_kad_post_title":"","_kad_post_layout":"","_kad_post_sidebar_id":"","_kad_post_content_style":"","_kad_post_vertical_padding":"","_kad_post_feature":"","_kad_post_feature_position":"","_kad_post_header":false,"_kad_post_footer":false,"_kad_post_classname":""},"product-category":[119,122],"class_list":["post-3944","product","type-product","status-publish","has-post-thumbnail","hentry","product-category-3d-printing-metal-powder","product-category-iron-based-alloy-powder"],"acf":[],"taxonomy_info":{"product-category":[{"value":119,"label":"3D Printing Metal Powder"},{"value":122,"label":"Iron Based Alloy Powder"}]},"featured_image_src_large":["https:\/\/3dpmetal.com\/wp-content\/uploads\/2024\/02\/300M-Stainless-Steel-Powder.jpg",545,408,false],"author_info":[],"comment_info":"","_links":{"self":[{"href":"https:\/\/3dpmetal.com\/pt_br\/wp-json\/wp\/v2\/product\/3944","targetHints":{"allow":["GET"]}}],"collection":[{"href":"https:\/\/3dpmetal.com\/pt_br\/wp-json\/wp\/v2\/product"}],"about":[{"href":"https:\/\/3dpmetal.com\/pt_br\/wp-json\/wp\/v2\/types\/product"}],"wp:featuredmedia":[{"embeddable":true,"href":"https:\/\/3dpmetal.com\/pt_br\/wp-json\/wp\/v2\/media\/1950"}],"wp:attachment":[{"href":"https:\/\/3dpmetal.com\/pt_br\/wp-json\/wp\/v2\/media?parent=3944"}],"wp:term":[{"taxonomy":"product-category","embeddable":true,"href":"https:\/\/3dpmetal.com\/pt_br\/wp-json\/wp\/v2\/product-category?post=3944"}],"curies":[{"name":"wp","href":"https:\/\/api.w.org\/{rel}","templated":true}]}}